{"id":1362,"date":"2023-04-12T14:18:32","date_gmt":"2023-04-12T18:18:32","guid":{"rendered":"https:\/\/attorneyjeff25.wpenginepowered.com\/?page_id=1362"},"modified":"2026-03-20T21:24:13","modified_gmt":"2026-03-21T04:24:13","slug":"california-car-accident-lawyer","status":"publish","type":"page","link":"https:\/\/attorneyjeff.com\/es\/california-car-accident-lawyer\/","title":{"rendered":"Abogado de accidentes automovil\u00edsticos en California"},"content":{"rendered":"<p>El abogado Jeff, abogado de accidentes automovil\u00edsticos en California, tiene oficinas en todo el estado para atenderle. Si ha sufrido un accidente automovil\u00edstico, inicie su caso hoy mismo con una evaluaci\u00f3n gratuita.<\/p>\n<p>Podr\u00eda recibir una compensaci\u00f3n econ\u00f3mica por un accidente de auto. Nuestros abogados representan a v\u00edctimas en reclamos por accidentes de auto. Obtenga la compensaci\u00f3n monetaria justa por sus p\u00e9rdidas. Adem\u00e1s, nos encargamos del proceso legal. Nuestro objetivo es maximizar su compensaci\u00f3n, defender sus derechos y utilizar el sistema legal para obtener resultados.<\/p>\n<p>No espere, cont\u00e1ctenos ahora para su consulta. Sin compromiso, podemos iniciar su caso hoy mismo.<\/p>\n<h2>Abogados de accidentes automovil\u00edsticos en California<\/h2>\n<p>El abogado Jeff, abogado de accidentes automovil\u00edsticos, atiende casos en toda California. Con millones de personas y tr\u00e1fico intenso en las carreteras del estado, las v\u00edctimas necesitan un bufete de abogados con experiencia que las defienda.<\/p>\n<p>As\u00ed es como nuestro bufete de abogados presta servicios en California con representaci\u00f3n legal en accidentes automovil\u00edsticos:<\/p>\n<ul>\n<li>Representamos a v\u00edctimas. Si ha resultado herido porque alguien m\u00e1s caus\u00f3 un accidente de auto, nuestro equipo de abogados quiere representarlo.<\/li>\n<li>Se gestionan reclamaciones en toda California. Dondequiera que se lesione, podemos llevar su caso. Nuestro equipo comprende el sistema judicial estatal y estamos preparados para llevar su caso donde sea necesario.<\/li>\n<li>11 oficinas para atenderle. El abogado Jeff Car Accident Lawyer cuenta con 11 oficinas en todo el estado, as\u00ed que estamos disponibles cuando y donde nos necesite.<\/li>\n<li>Un equipo experimentado. Nuestros abogados, galardonados, son expertos y tienen amplia experiencia. Ponemos nuestra formaci\u00f3n a su servicio cada d\u00eda.<\/li>\n<li>Honorarios de contingencia. No se preocupe por pagar a un abogado. Como trabajamos con honorarios de contingencia, tiene la tranquilidad de no adeudar nada a menos que reciba una indemnizaci\u00f3n.<\/li>\n<li>Sin compromiso. Cont\u00e1ctenos ahora sin compromiso. Inf\u00f3rmese sobre su caso y nuestros servicios.<\/li>\n<\/ul>\n<p>Nuestros abogados de accidentes automovil\u00edsticos creen en la misi\u00f3n de brindar representaci\u00f3n legal de calidad para las v\u00edctimas de accidentes automovil\u00edsticos.<\/p>\n<p>Sufrir un accidente de auto es devastador. Las lesiones f\u00edsicas pueden causar dolor, limitaciones f\u00edsicas y preocupaci\u00f3n por las facturas m\u00e9dicas. Puede ser desolador pensar en lo que se ha perdido y preguntarse c\u00f3mo ser\u00e1 el futuro.<\/p>\n<p>El abogado Jeff, Abogado de Accidentes de Auto, sabe que su caso es muy importante para usted. Para nosotros, es igualmente importante trabajar por su justicia. Justicia significa obtener lo que merece de los responsables. Significa comprender las posibilidades del proceso legal y elegir el curso de acci\u00f3n adecuado para su situaci\u00f3n.<\/p>\n<h2>Reclamaciones por accidentes automovil\u00edsticos que manejamos en California<\/h2>\n<h3>Negligencia, imprudencia y conducta intencional<\/h3>\n<p>La negligencia es la falta de cuidado razonable. Puede ser tan simple como una infracci\u00f3n de tr\u00e1nsito. Presentamos demandas por negligencia, imprudencia y da\u00f1o intencional.<\/p>\n<h3>Todos los niveles de lesiones<\/h3>\n<p>Si sufre lesiones en un accidente de tr\u00e1fico, deber\u00eda contactar a un abogado. Nos especializamos en gestionar reclamaciones por lesiones, incluyendo lesiones graves y catastr\u00f3ficas.<\/p>\n<h3>Conducir bajo los efectos del alcohol o drogas<\/h3>\n<p>Un accidente por conducir ebrio merece una indemnizaci\u00f3n. Descubra c\u00f3mo una reclamaci\u00f3n por accidente de tr\u00e1fico puede ofrecerle una compensaci\u00f3n justa por lo ocurrido.<\/p>\n<h3>Cuestiones de culpa<\/h3>\n<p>Si hay cuestiones de culpa comparativa o si necesita investigar cuestiones complejas sobre qui\u00e9n puede ser el culpable, nuestros abogados capaces estar\u00e1n encantados de representar sus intereses.<\/p>\n<h3>V\u00edctimas adultas y infantiles<\/h3>\n<p>Cualquiera puede ser v\u00edctima de un accidente de tr\u00e1fico. Nuestro equipo dedicado representa a adultos y ni\u00f1os en el proceso de indemnizaci\u00f3n.<\/p>\n<h3>Todos los niveles de da\u00f1os<\/h3>\n<p>Usted merece una compensaci\u00f3n que refleje justa y completamente sus p\u00e9rdidas. Permita que nuestro equipo revise cada tipo de da\u00f1o, prepare las pruebas y garantice que su reclamo se tramite en su totalidad.<\/p>\n<p>Sean cuales sean las circunstancias, nuestro equipo quiere representarle. Como sus representantes, nuestros abogados identifican y abordan los problemas que le preocupan. Posteriormente, creamos una estrategia personalizada para obtener su indemnizaci\u00f3n.<\/p>\n<h2>Contrataci\u00f3n de un abogado para un accidente de coche<\/h2>\n<p>Conseguir un abogado para una reclamaci\u00f3n por accidente de tr\u00e1fico es tan f\u00e1cil como llamar o enviar un mensaje al abogado Jeff Car Accident Lawyer. Podemos iniciar su caso o representarlo en cualquier etapa.<\/p>\n<p>Para contratar a nuestros abogados, cont\u00e1ctenos. Conoceremos su situaci\u00f3n y le explicaremos c\u00f3mo funcionan nuestros servicios. Si decide trabajar con nosotros, podemos empezar a trabajar en su caso hoy mismo.<\/p>\n<h3>\u00bfPuedo demandar despu\u00e9s de un accidente automovil\u00edstico en California?<\/h3>\n<p>En California, la v\u00edctima de un accidente automovil\u00edstico puede demandar una indemnizaci\u00f3n. Generalmente, las v\u00edctimas tienen dos a\u00f1os desde el accidente para iniciar formalmente una demanda por lesiones personales.<\/p>\n<p>Parece mucho tiempo, pero no lo es. Lo mejor es contactarnos lo antes posible.<\/p>\n<h3>\u00bfQu\u00e9 pasa si la v\u00edctima es un ni\u00f1o?<\/h3>\n<p>Un menor v\u00edctima de un accidente de tr\u00e1fico puede recibir una indemnizaci\u00f3n por sus lesiones. Los menores tienen hasta los 20 a\u00f1os, ya que el plazo de prescripci\u00f3n no empieza a correr hasta los 18.<\/p>\n<h2>\u00bfQu\u00e9 compensaci\u00f3n puedo obtener por un accidente automovil\u00edstico en California?<\/h2>\n<p>En California, una v\u00edctima puede recibir una indemnizaci\u00f3n por accidente de auto que cubra sus p\u00e9rdidas. Como v\u00edctima, ya sabe que sus p\u00e9rdidas van mucho m\u00e1s all\u00e1 de sus gastos m\u00e9dicos.<\/p>\n<p>Usted puede recibir una compensaci\u00f3n por cualquiera de las siguientes categor\u00edas de p\u00e9rdidas:<\/p>\n<ul>\n<li>Tratamiento de facturas m\u00e9dicas, incluidas urgencias y cuidados a largo plazo.<\/li>\n<li>Costos de recetas, dispositivos de asistencia para la movilidad y necesidades m\u00e9dicas de bolsillo<\/li>\n<li>Facturas m\u00e9dicas futuras previstas<\/li>\n<li>P\u00e9rdida de ingresos<\/li>\n<li>Da\u00f1os al veh\u00edculo, p\u00e9rdida de valor del veh\u00edculo<\/li>\n<li>Otros da\u00f1os a la propiedad, como un tel\u00e9fono celular da\u00f1ado o el contenido de su autom\u00f3vil.<\/li>\n<li>Dolor y sufrimiento<\/li>\n<li>angustia emocional<\/li>\n<li>Lesiones de salud mental<\/li>\n<li>Cicatrices f\u00edsicas, da\u00f1os y desfiguraciones.<\/li>\n<li>Da\u00f1os por muerte por negligencia<\/li>\n<li>Necesidades de cuidado personal cuando una v\u00edctima necesita ayuda<\/li>\n<\/ul>\n<p>Los da\u00f1os pueden ser econ\u00f3micos o no econ\u00f3micos. Los econ\u00f3micos se refieren a las p\u00e9rdidas financieras directas. Los no econ\u00f3micos se refieren al sufrimiento intangible.<\/p>\n<p>La determinaci\u00f3n de los da\u00f1os es una cuesti\u00f3n muy espec\u00edfica y personalizada. Investigamos su caso a fondo y determinamos qu\u00e9 se necesita para que reciba justicia.<\/p>\n<h2>Hable con un abogado de accidentes automovil\u00edsticos de California ahora<\/h2>\n<p>Usted merece una compensaci\u00f3n por un accidente automovil\u00edstico.\u00a0<span style=\"font-weight: 400;\">En Attorney Jeff Car Accident Lawyer, nos especializamos en el manejo de las siguientes \u00e1reas de pr\u00e1ctica de lesiones personales:<\/span><\/p>\n<ul>\n<li><a href=\"https:\/\/attorneyjeff.com\/es\/california-bicycle-accident-lawyer\/\"><b>Accidentes de bicicleta en California<\/b><\/a><\/li>\n<li><a href=\"https:\/\/attorneyjeff.com\/es\/california-construction-accident-lawyer\/\"><b>Accidentes de construcci\u00f3n en California<\/b><\/a><\/li>\n<li><a href=\"https:\/\/attorneyjeff.com\/es\/california-dog-bite-lawyer\/\"><b>Casos de mordeduras de perro en California<\/b><\/a><\/li>\n<li><a href=\"https:\/\/attorneyjeff.com\/es\/california-elder-abuse-lawyer\/\"><b>Casos de abuso de ancianos en California<\/b><\/a><\/li>\n<li><a href=\"https:\/\/attorneyjeff.com\/es\/california-employment-law-lawyer\/\"><b>California Employment Law<\/b><\/a><\/li>\n<li><a href=\"https:\/\/attorneyjeff.com\/es\/california-motorcycle-accident-lawyer\/\"><b>Accidentes de motocicleta en California<\/b><\/a><\/li>\n<li><a href=\"https:\/\/attorneyjeff.com\/es\/california-pedestrian-accident-lawyer\/\"><b>Accidentes de peatones en California<\/b><\/a><\/li>\n<li><a href=\"https:\/\/attorneyjeff.com\/es\/california-personal-injury-lawyer\/\"><b>Accidentes con lesiones personales en California<\/b><\/a><\/li>\n<li><a href=\"https:\/\/attorneyjeff.com\/es\/california-slip-and-fall-lawyer\/\"><b>Accidentes por resbalones y ca\u00eddas en California<\/b><\/a><\/li>\n<li><a href=\"https:\/\/attorneyjeff.com\/es\/california-truck-accident-lawyer\/\"><b>Accidentes de camiones en California<\/b><\/a><\/li>\n<li><a href=\"https:\/\/attorneyjeff.com\/es\/california-uber-lyft-accident-lawyer\/\"><b>Accidentes de Uber y Lyft en California<\/b><\/a><\/li>\n<li><a href=\"https:\/\/attorneyjeff.com\/es\/california-workers-compensation-lawyer\/\"><b>Reclamaciones de compensaci\u00f3n laboral en California<\/b><\/a><\/li>\n<li><a href=\"https:\/\/attorneyjeff.com\/es\/california-wrongful-death-lawyer\/\"><b>Demandas por muerte por negligencia en California<\/b><\/a><\/li>\n<\/ul>\n<p>Para hablar con un abogado, cont\u00e1ctenos por tel\u00e9fono o env\u00edenos un mensaje. Las consultas son gratuitas y sin compromiso.<\/p>\n<p>Hay demasiados accidentes automovil\u00edsticos en California, y cada v\u00edctima merece justicia. Nuestros abogados de accidentes automovil\u00edsticos en California est\u00e1n aqu\u00ed para ayudarle. <a href=\"\/es\/contact-us\/\">Llamar<\/a> o mensaje <a href=\"https:\/\/attorneyjeff.com\/es\/attorney\/jeff-fayngor\/\">Abogado Jeff, abogado de accidentes automovil\u00edsticos<\/a> para iniciar su caso. <span style=\"font-weight: 400;\">Comun\u00edquese hoy con su sucursal m\u00e1s cercana para una evaluaci\u00f3n de caso gratuita.<\/span><\/p>\n<ul>\n<li><a href=\"https:\/\/attorneyjeff.com\/es\/bakersfield-personal-injury-lawyer\/\"><b>Bakersfield<\/b><\/a><\/li>\n<li><a href=\"https:\/\/attorneyjeff.com\/es\/corona-car-accident-lawyer\/\"><b>Corona<\/b><\/a><\/li>\n<li><a href=\"https:\/\/attorneyjeff.com\/es\/fontana-injury\/\"><b>Fontana<\/b><\/a><\/li>\n<li><a href=\"http:\/\/orneyjeff.com\/fresno-personal-injury-lawyer\/\"><b>Fresno<\/b><\/a><\/li>\n<li><a href=\"https:\/\/attorneyjeff.com\/es\/hesperia-personal-injury-lawyer\/\"><b>Hesperia<\/b><\/a><\/li>\n<li><a href=\"https:\/\/attorneyjeff.com\/es\/rancho-cucamonga-personal-injury-lawyer\/\"><b>Rancho Cucamonga<\/b><\/a><\/li>\n<li><a href=\"https:\/\/attorneyjeff.com\/es\/san-jose-personal-injury-lawyer\/\"><b>San Jos\u00e9<\/b><\/a><\/li>\n<li><a href=\"https:\/\/attorneyjeff.com\/es\/santa-ana-personal-injury-lawyer\/\"><b>Santa Ana<\/b><\/a><\/li>\n<li><a href=\"https:\/\/attorneyjeff.com\/es\/tustin-personal-injury-lawyer\/\"><b>Tustin<\/b><\/a><\/li>\n<li><a href=\"https:\/\/attorneyjeff.com\/es\/van-nuys-injury\/\"><b>Van Nuys<\/b><\/a><\/li>\n<li><a href=\"https:\/\/attorneyjeff.com\/es\/victorville-personal-injury-lawyer\/\"><b>Victorville<\/b><\/a><\/li>\n<li><a href=\"https:\/\/attorneyjeff.com\/es\/visalia-personal-injury-lawyer\/\"><b>Visalia<\/b><\/a><\/li>\n<\/ul>","protected":false},"excerpt":{"rendered":"<p>El abogado Jeff, abogado de accidentes automovil\u00edsticos en California, tiene oficinas en todo el estado para atenderle. Si ha estado en...<\/p>","protected":false},"author":24,"featured_media":1382,"parent":0,"menu_order":0,"comment_status":"closed","ping_status":"closed","template":"","meta":{"inline_featured_image":false,"_monsterinsights_skip_tracking":false,"_monsterinsights_sitenote_active":false,"_monsterinsights_sitenote_note":"","_monsterinsights_sitenote_category":0,"footnotes":""},"class_list":["post-1362","page","type-page","status-publish","has-post-thumbnail","hentry"],"acf":[],"yoast_head":"<!-- This site is optimized with the Yoast SEO plugin v27.4 - https:\/\/yoast.com\/product\/yoast-seo-wordpress\/ -->\n<title>California Car Accident Lawyer | Attorney Jeff Car Accident Lawyer<\/title>\n<meta name=\"description\" content=\"If you have been involved in a car accident in California, you may need a car accident lawyer. Call us today for help with your case.\" \/>\n<meta name=\"robots\" content=\"index, follow, max-snippet:-1, max-image-preview:large, max-video-preview:-1\" \/>\n<link rel=\"canonical\" href=\"https:\/\/attorneyjeff.com\/es\/california-car-accident-lawyer\/\" \/>\n<meta property=\"og:locale\" content=\"es_MX\" \/>\n<meta property=\"og:type\" content=\"article\" \/>\n<meta property=\"og:title\" content=\"California Car Accident Lawyer | Attorney Jeff Car Accident Lawyer\" \/>\n<meta property=\"og:description\" content=\"If you have been involved in a car accident in California, you may need a car accident lawyer. Call us today for help with your case.\" \/>\n<meta property=\"og:url\" content=\"https:\/\/attorneyjeff.com\/es\/california-car-accident-lawyer\/\" \/>\n<meta property=\"og:site_name\" content=\"Attorney Jeff\" \/>\n<meta property=\"article:modified_time\" content=\"2026-03-21T04:24:13+00:00\" \/>\n<meta property=\"og:image\" content=\"https:\/\/attorneyjeff.com\/wp-content\/uploads\/2023\/04\/California-Car-Accident-Lawyer-scaled.webp\" \/>\n\t<meta property=\"og:image:width\" content=\"2560\" \/>\n\t<meta property=\"og:image:height\" content=\"1707\" \/>\n\t<meta property=\"og:image:type\" content=\"image\/webp\" \/>\n<meta name=\"twitter:card\" content=\"summary_large_image\" \/>\n<script type=\"application\/ld+json\" class=\"yoast-schema-graph\">{\"@context\":\"https:\\\/\\\/schema.org\",\"@graph\":[{\"@type\":\"WebPage\",\"@id\":\"https:\\\/\\\/attorneyjeff.com\\\/california-car-accident-lawyer\\\/\",\"url\":\"https:\\\/\\\/attorneyjeff.com\\\/california-car-accident-lawyer\\\/\",\"name\":\"California Car Accident Lawyer | Attorney Jeff Car Accident Lawyer\",\"isPartOf\":{\"@id\":\"https:\\\/\\\/attorneyjeff.com\\\/#website\"},\"primaryImageOfPage\":{\"@id\":\"https:\\\/\\\/attorneyjeff.com\\\/california-car-accident-lawyer\\\/#primaryimage\"},\"image\":{\"@id\":\"https:\\\/\\\/attorneyjeff.com\\\/california-car-accident-lawyer\\\/#primaryimage\"},\"thumbnailUrl\":\"https:\\\/\\\/attorneyjeff.com\\\/wp-content\\\/uploads\\\/2023\\\/04\\\/California-Car-Accident-Lawyer-scaled.webp\",\"datePublished\":\"2023-04-12T18:18:32+00:00\",\"dateModified\":\"2026-03-21T04:24:13+00:00\",\"description\":\"If you have been involved in a car accident in California, you may need a car accident lawyer. Call us today for help with your case.\",\"breadcrumb\":{\"@id\":\"https:\\\/\\\/attorneyjeff.com\\\/california-car-accident-lawyer\\\/#breadcrumb\"},\"inLanguage\":\"es\",\"potentialAction\":[{\"@type\":\"ReadAction\",\"target\":[\"https:\\\/\\\/attorneyjeff.com\\\/california-car-accident-lawyer\\\/\"]}]},{\"@type\":\"ImageObject\",\"inLanguage\":\"es\",\"@id\":\"https:\\\/\\\/attorneyjeff.com\\\/california-car-accident-lawyer\\\/#primaryimage\",\"url\":\"https:\\\/\\\/attorneyjeff.com\\\/wp-content\\\/uploads\\\/2023\\\/04\\\/California-Car-Accident-Lawyer-scaled.webp\",\"contentUrl\":\"https:\\\/\\\/attorneyjeff.com\\\/wp-content\\\/uploads\\\/2023\\\/04\\\/California-Car-Accident-Lawyer-scaled.webp\",\"width\":2560,\"height\":1707,\"caption\":\"California Car Accident Lawyer\"},{\"@type\":\"BreadcrumbList\",\"@id\":\"https:\\\/\\\/attorneyjeff.com\\\/california-car-accident-lawyer\\\/#breadcrumb\",\"itemListElement\":[{\"@type\":\"ListItem\",\"position\":1,\"name\":\"Home\",\"item\":\"https:\\\/\\\/attorneyjeff.com\\\/\"},{\"@type\":\"ListItem\",\"position\":2,\"name\":\"California Car Accident Lawyer\"}]},{\"@type\":\"WebSite\",\"@id\":\"https:\\\/\\\/attorneyjeff.com\\\/#website\",\"url\":\"https:\\\/\\\/attorneyjeff.com\\\/\",\"name\":\"Attorney Jeff\",\"description\":\"Car Accident Lawyer\",\"potentialAction\":[{\"@type\":\"SearchAction\",\"target\":{\"@type\":\"EntryPoint\",\"urlTemplate\":\"https:\\\/\\\/attorneyjeff.com\\\/?s={search_term_string}\"},\"query-input\":{\"@type\":\"PropertyValueSpecification\",\"valueRequired\":true,\"valueName\":\"search_term_string\"}}],\"inLanguage\":\"es\"}]}<\/script>\n<!-- \/ Yoast SEO plugin. -->","yoast_head_json":{"title":"Abogado de accidentes de tr\u00e1fico en California | Abogado Jeff, abogado de accidentes de tr\u00e1fico","description":"Si ha tenido un accidente automovil\u00edstico en California, podr\u00eda necesitar un abogado especializado en accidentes automovil\u00edsticos. Ll\u00e1menos hoy para obtener ayuda con su caso.","robots":{"index":"index","follow":"follow","max-snippet":"max-snippet:-1","max-image-preview":"max-image-preview:large","max-video-preview":"max-video-preview:-1"},"canonical":"https:\/\/attorneyjeff.com\/es\/california-car-accident-lawyer\/","og_locale":"es_MX","og_type":"article","og_title":"California Car Accident Lawyer | Attorney Jeff Car Accident Lawyer","og_description":"If you have been involved in a car accident in California, you may need a car accident lawyer. Call us today for help with your case.","og_url":"https:\/\/attorneyjeff.com\/es\/california-car-accident-lawyer\/","og_site_name":"Attorney Jeff","article_modified_time":"2026-03-21T04:24:13+00:00","og_image":[{"width":2560,"height":1707,"url":"https:\/\/attorneyjeff.com\/wp-content\/uploads\/2023\/04\/California-Car-Accident-Lawyer-scaled.webp","type":"image\/webp"}],"twitter_card":"summary_large_image","schema":{"@context":"https:\/\/schema.org","@graph":[{"@type":"WebPage","@id":"https:\/\/attorneyjeff.com\/california-car-accident-lawyer\/","url":"https:\/\/attorneyjeff.com\/california-car-accident-lawyer\/","name":"Abogado de accidentes de tr\u00e1fico en California | Abogado Jeff, abogado de accidentes de tr\u00e1fico","isPartOf":{"@id":"https:\/\/attorneyjeff.com\/#website"},"primaryImageOfPage":{"@id":"https:\/\/attorneyjeff.com\/california-car-accident-lawyer\/#primaryimage"},"image":{"@id":"https:\/\/attorneyjeff.com\/california-car-accident-lawyer\/#primaryimage"},"thumbnailUrl":"https:\/\/attorneyjeff.com\/wp-content\/uploads\/2023\/04\/California-Car-Accident-Lawyer-scaled.webp","datePublished":"2023-04-12T18:18:32+00:00","dateModified":"2026-03-21T04:24:13+00:00","description":"Si ha tenido un accidente automovil\u00edstico en California, podr\u00eda necesitar un abogado especializado en accidentes automovil\u00edsticos. Ll\u00e1menos hoy para obtener ayuda con su caso.","breadcrumb":{"@id":"https:\/\/attorneyjeff.com\/california-car-accident-lawyer\/#breadcrumb"},"inLanguage":"es","potentialAction":[{"@type":"ReadAction","target":["https:\/\/attorneyjeff.com\/california-car-accident-lawyer\/"]}]},{"@type":"ImageObject","inLanguage":"es","@id":"https:\/\/attorneyjeff.com\/california-car-accident-lawyer\/#primaryimage","url":"https:\/\/attorneyjeff.com\/wp-content\/uploads\/2023\/04\/California-Car-Accident-Lawyer-scaled.webp","contentUrl":"https:\/\/attorneyjeff.com\/wp-content\/uploads\/2023\/04\/California-Car-Accident-Lawyer-scaled.webp","width":2560,"height":1707,"caption":"California Car Accident Lawyer"},{"@type":"BreadcrumbList","@id":"https:\/\/attorneyjeff.com\/california-car-accident-lawyer\/#breadcrumb","itemListElement":[{"@type":"ListItem","position":1,"name":"Home","item":"https:\/\/attorneyjeff.com\/"},{"@type":"ListItem","position":2,"name":"California Car Accident Lawyer"}]},{"@type":"WebSite","@id":"https:\/\/attorneyjeff.com\/#website","url":"https:\/\/attorneyjeff.com\/","name":"El abogado Jeff","description":"Abogado de accidentes de coche","potentialAction":[{"@type":"SearchAction","target":{"@type":"EntryPoint","urlTemplate":"https:\/\/attorneyjeff.com\/?s={search_term_string}"},"query-input":{"@type":"PropertyValueSpecification","valueRequired":true,"valueName":"search_term_string"}}],"inLanguage":"es"}]}},"_links":{"self":[{"href":"https:\/\/attorneyjeff.com\/es\/wp-json\/wp\/v2\/pages\/1362","targetHints":{"allow":["GET"]}}],"collection":[{"href":"https:\/\/attorneyjeff.com\/es\/wp-json\/wp\/v2\/pages"}],"about":[{"href":"https:\/\/attorneyjeff.com\/es\/wp-json\/wp\/v2\/types\/page"}],"author":[{"embeddable":true,"href":"https:\/\/attorneyjeff.com\/es\/wp-json\/wp\/v2\/users\/24"}],"replies":[{"embeddable":true,"href":"https:\/\/attorneyjeff.com\/es\/wp-json\/wp\/v2\/comments?post=1362"}],"version-history":[{"count":0,"href":"https:\/\/attorneyjeff.com\/es\/wp-json\/wp\/v2\/pages\/1362\/revisions"}],"wp:featuredmedia":[{"embeddable":true,"href":"https:\/\/attorneyjeff.com\/es\/wp-json\/wp\/v2\/media\/1382"}],"wp:attachment":[{"href":"https:\/\/attorneyjeff.com\/es\/wp-json\/wp\/v2\/media?parent=1362"}],"curies":[{"name":"wp","href":"https:\/\/api.w.org\/{rel}","templated":true}]}}