{"id":1364,"date":"2023-04-12T14:42:13","date_gmt":"2023-04-12T18:42:13","guid":{"rendered":"https:\/\/attorneyjeff25.wpenginepowered.com\/?page_id=1364"},"modified":"2026-03-23T11:53:34","modified_gmt":"2026-03-23T18:53:34","slug":"california-wrongful-death-lawyer","status":"publish","type":"page","link":"https:\/\/attorneyjeff.com\/es\/california-wrongful-death-lawyer\/","title":{"rendered":"Abogado de muerte por negligencia en California"},"content":{"rendered":"<p>Los abogados de homicidio culposo de Jeff Car Accident Lawyer en California representan a sobrevivientes de accidentes mortales. Si ha perdido a un ser querido, podr\u00eda recibir una compensaci\u00f3n econ\u00f3mica.<\/p>\n<p>El proceso para obtener una indemnizaci\u00f3n se conoce como presentar una demanda por homicidio culposo. Nuestros abogados en California pueden representarle.<\/p>\n<p>Cont\u00e1ctanos hoy para hablar sobre tu caso y comenzar.<\/p>\n<h2>Abogados que atienden demandas por homicidio culposo en California<\/h2>\n<p>Nadie deber\u00eda tener que pasar por la p\u00e9rdida de un familiar por la negligencia o el maltrato de otra persona. Est\u00e1s de luto por la p\u00e9rdida de tu ser querido. Adem\u00e1s, tienes el estr\u00e9s a\u00f1adido de preocuparte por tus finanzas y tu futuro.<\/p>\n<p>Somos abogados de California que representamos exclusivamente a familias en demandas por homicidio culposo. En Attorney Jeff Car Accident Lawyer, somos un equipo legal experimentado que luchar\u00e1 con ah\u00ednco por su indemnizaci\u00f3n y trabajar\u00e1 para obtener resultados. Con representaci\u00f3n legal integral y servicio personalizado, nos encargamos de todo.<\/p>\n<p><em>Podemos comenzar a ayudarle inmediatamente.<\/em> Ll\u00e1menos o env\u00edenos un mensaje hoy para su consulta gratuita.<\/p>\n<h2>Comprensi\u00f3n de las reclamaciones por muerte por negligencia<\/h2>\n<p>La muerte por negligencia es una lesi\u00f3n personal que resulta en la muerte. Cuando una persona pierde la vida debido a los actos il\u00edcitos, negligentes o intencionales de otra, los sobrevivientes que cumplen los requisitos pueden presentar una demanda legal para obtener una indemnizaci\u00f3n.<\/p>\n<h3>\u00bfQui\u00e9n puede presentar una reclamaci\u00f3n por muerte por negligencia?<\/h3>\n<p>Puede presentar un reclamo por muerte por negligencia como:<\/p>\n<ul>\n<li>C\u00f3nyuge o pareja de hecho<\/li>\n<li>Ni\u00f1o<\/li>\n<li>Nieto, si el hijo de la v\u00edctima ha fallecido<\/li>\n<li>Herederos intestado si no hay otros sobrevivientes (padres o hermanos)<\/li>\n<li>Tutores legales, si los padres de la v\u00edctima han fallecido<\/li>\n<li>Otras personas que dependen de la v\u00edctima, como un supuesto c\u00f3nyuge, hijos de un supuesto c\u00f3nyuge, hijastros o padres.<\/li>\n<li>Un menor que resida en el hogar de la v\u00edctima durante al menos 180 d\u00edas al momento de la muerte de la v\u00edctima, si es 50% o m\u00e1s y depende econ\u00f3micamente de la v\u00edctima<\/li>\n<\/ul>\n<p>Cualquiera de estos sobrevivientes puede iniciar la reclamaci\u00f3n. El representante personal tambi\u00e9n puede iniciarla en su nombre.<\/p>\n<h3>\u00bfCu\u00e1l es el prop\u00f3sito de una demanda por muerte por negligencia?<\/h3>\n<p>El objetivo principal de una demanda por homicidio culposo es que las v\u00edctimas reciban una compensaci\u00f3n econ\u00f3mica por la p\u00e9rdida de su ser querido. La compensaci\u00f3n reconoce el acto il\u00edcito ocurrido, el impacto econ\u00f3mico de la p\u00e9rdida de un ser querido y el dolor y la tristeza que sufren los sobrevivientes.<\/p>\n<h2>\u00bfPor qu\u00e9 elegir al abogado Jeff Injury Lawyers?<\/h2>\n<p>Aqu\u00ed hay algunas razones para elegir al abogado Jeff Car Accident Lawyer como sus abogados de muerte por negligencia en California:<\/p>\n<ul>\n<li>Un historial de \u00e9xito para nuestros valiosos clientes<\/li>\n<li>Casos manejados en toda California<\/li>\n<li>11 oficinas para satisfacer tus necesidades<\/li>\n<li>Los residentes y visitantes de California representaron<\/li>\n<li>Se realizan acuerdos y se llevan a cabo juicios para que cada caso se gestione seg\u00fan sus intereses \u00fanicos.<\/li>\n<li>Honorarios de contingencia para que no tenga que preocuparse por pagar un abogado<\/li>\n<li>Las consultas son gratuitas y sin compromiso.<\/li>\n<li>Miembros del equipo amigables que se comunican durante todo el caso.<\/li>\n<li>Un equipo galardonado que se preocupa por las necesidades de nuestros clientes.<\/li>\n<\/ul>\n<p>Cuando pierde a un ser querido por las acciones de otros, necesita un equipo legal experimentado que gestione su caso con cuidado y minuciosidad. Eso es lo que puede esperar del equipo de Abogado Jeff, Abogado de Accidentes de Auto.<\/p>\n<p>Con\u00f3zcanos y descubra c\u00f3mo podemos ayudarle contact\u00e1ndonos para su consulta gratuita.<\/p>\n<h2>\u00bfC\u00f3mo puede un abogado ayudar en caso de muerte por negligencia?<\/h2>\n<h3>Determinar qui\u00e9n es responsable<\/h3>\n<p>Conocemos los est\u00e1ndares de responsabilidad legal. Analizamos a todas las partes que podr\u00edan ser responsables.<\/p>\n<h3>Saber cu\u00e1nto vale su caso<\/h3>\n<p>Necesitas justicia. Con nuestro equipo, reclamas lo que te permite la ley.<\/p>\n<h3>Preparaci\u00f3n de documentos legales<\/h3>\n<p>Preparamos la documentaci\u00f3n legal en todas las etapas del caso. Sabemos c\u00f3mo completar su caso.<\/p>\n<h3>Negociando un acuerdo<\/h3>\n<p>Muchas reclamaciones se resuelven mediante un acuerdo. Obtener un acuerdo justo requiere una negociaci\u00f3n cuidadosa. Cuente con nosotros para saber qu\u00e9 hacer.<\/p>\n<h3>Probando su caso<\/h3>\n<p>Si es apropiado llevar su caso a juicio, estamos listos. Presentamos un caso convincente.<\/p>\n<h3>Abogando por usted<\/h3>\n<p>Durante todo el proceso, necesitar\u00e1 un defensor y un gu\u00eda. Le brindamos informaci\u00f3n y agradecemos sus preguntas.<\/p>\n<h2>Leyes y compensaci\u00f3n por muerte por negligencia en California<\/h2>\n<p><a href=\"https:\/\/leginfo.legislature.ca.gov\/faces\/codes_displaySection.xhtml?sectionNum=377.60.&amp;lawCode=CCP\" target=\"_blank\" rel=\"noopener\">C\u00f3digo de Procedimiento Civil de California \u00a7 377.60<\/a> es la ley de homicidio culposo de California. Adem\u00e1s, una acci\u00f3n de supervivencia puede ser apropiada bajo <a href=\"https:\/\/casetext.com\/statute\/california-codes\/california-code-of-civil-procedure\/part-2-of-civil-actions\/title-3-of-the-parties-to-civil-actions\/chapter-4-effect-of-death\/article-3-decedents-cause-of-action\/section-37730-commencement-by-personal-representation-or-successor-in-interest\" target=\"_blank\" rel=\"noopener\">CCP \u00a7 337.30<\/a>Una acci\u00f3n de sobreviviente proporciona compensaci\u00f3n por gastos m\u00e9dicos, salarios perdidos y otros gastos antes de la muerte.<\/p>\n<h3>\u00bfQu\u00e9 compensaci\u00f3n puede recibir por muerte por negligencia?<\/h3>\n<p>La compensaci\u00f3n por un reclamo por muerte por negligencia puede incluir:<\/p>\n<ul>\n<li>Apoyo econ\u00f3mico que la v\u00edctima habr\u00eda aportado a la familia durante su vida o la vida de los demandantes<\/li>\n<li>P\u00e9rdidas de regalos o beneficios de la v\u00edctima<\/li>\n<li>Costos de funeral y entierro<\/li>\n<li>Servicios dom\u00e9sticos prestados por la v\u00edctima<\/li>\n<li>P\u00e9rdida de amor, compa\u00f1\u00eda, consuelo, cuidado, asistencia, protecci\u00f3n, afecto, sociedad y apoyo moral.<\/li>\n<li>P\u00e9rdida de la relaci\u00f3n sexual<\/li>\n<li>P\u00e9rdida de la formaci\u00f3n y la orientaci\u00f3n de los padres<\/li>\n<\/ul>\n<p>Los da\u00f1os econ\u00f3micos futuros se reducen a su valor actual. Los demandantes deben presentar pruebas detalladas de sus p\u00e9rdidas y la indemnizaci\u00f3n correspondiente.<\/p>\n<p>Nuestros abogados preparan cuidadosamente la prueba de sus da\u00f1os como parte de nuestra representaci\u00f3n completa en su caso.<\/p>\n<h2>Ejemplos de demandas por muerte por negligencia<\/h2>\n<p>\u00bfTiene un caso de homicidio culposo? Los tipos m\u00e1s comunes de demandas por homicidio culposo incluyen:<\/p>\n<ul>\n<li>Accidentes de coche<\/li>\n<li>Accidentes de camiones, motocicletas, bicicletas y peatones<\/li>\n<li>Resbalones y ca\u00eddas, ca\u00edda de objetos<\/li>\n<li>Productos defectuosos<\/li>\n<li>Condiciones de propiedad peligrosas<\/li>\n<li>Envenenamiento, exposici\u00f3n a sustancias qu\u00edmicas nocivas<\/li>\n<li>Ataques de animales<\/li>\n<li>Incendios y explosiones<\/li>\n<li>Negligencia m\u00e9dica<\/li>\n<li>Homicidio intencional, agresi\u00f3n con lesiones y violencia con armas de fuego<\/li>\n<\/ul>\n<p>Estos son solo algunos ejemplos, ya que existen muchas situaciones que pueden dar lugar a una reclamaci\u00f3n. La pregunta principal es por qu\u00e9 se produjo la muerte y qui\u00e9n es legalmente responsable.<\/p>\n<p>La mejor manera de saber si tiene derecho a una demanda por homicidio culposo es contactar a nuestros abogados para programar una consulta. Nuestras consultas son gratuitas y sin compromiso.<\/p>\n<h2>Hable hoy con un abogado especializado en muerte por negligencia en California<\/h2>\n<p>En <a href=\"https:\/\/attorneyjeff.com\/es\/\">Abogado Jeff, abogado de accidentes automovil\u00edsticos<\/a>Sabemos lo importante que es esto para usted. Deje que nuestros abogados de homicidio culposo de California se encarguen de esto. Hemos ayudado a personas en situaciones similares y queremos ayudarle a usted tambi\u00e9n.<span style=\"font-weight: 400;\">Nos especializamos en el manejo de las siguientes \u00e1reas de pr\u00e1ctica de lesiones personales:<\/span><\/p>\n<ul>\n<li><a href=\"https:\/\/attorneyjeff.com\/es\/california-bicycle-accident-lawyer\/\"><b>Accidentes de bicicleta en California<\/b><\/a><\/li>\n<li><a href=\"https:\/\/attorneyjeff.com\/es\/california-car-accident-lawyer\/\"><b>Accidentes automovil\u00edsticos en California<\/b><\/a><\/li>\n<li><a href=\"https:\/\/attorneyjeff.com\/es\/california-construction-accident-lawyer\/\"><b>Accidentes de construcci\u00f3n en California<\/b><\/a><\/li>\n<li><a href=\"https:\/\/attorneyjeff.com\/es\/california-dog-bite-lawyer\/\"><b>Casos de mordeduras de perro en California<\/b><\/a><\/li>\n<li><a href=\"https:\/\/attorneyjeff.com\/es\/california-elder-abuse-lawyer\/\"><b>Casos de abuso de ancianos en California<\/b><\/a><\/li>\n<li><a href=\"https:\/\/attorneyjeff.com\/es\/california-employment-law-lawyer\/\"><b>California Employment Law<\/b><\/a><\/li>\n<li><a href=\"https:\/\/attorneyjeff.com\/es\/california-motorcycle-accident-lawyer\/\"><b>Accidentes de motocicleta en California<\/b><\/a><\/li>\n<li><a href=\"https:\/\/attorneyjeff.com\/es\/california-pedestrian-accident-lawyer\/\"><b>Accidentes de peatones en California<\/b><\/a><\/li>\n<li><a href=\"https:\/\/attorneyjeff.com\/es\/california-personal-injury-lawyer\/\"><b>Accidentes con lesiones personales en California<\/b><\/a><\/li>\n<li><a href=\"https:\/\/attorneyjeff.com\/es\/california-slip-and-fall-lawyer\/\"><b>Accidentes por resbalones y ca\u00eddas en California<\/b><\/a><\/li>\n<li><a href=\"https:\/\/attorneyjeff.com\/es\/california-truck-accident-lawyer\/\"><b>Accidentes de camiones en California<\/b><\/a><\/li>\n<li><a href=\"https:\/\/attorneyjeff.com\/es\/california-uber-lyft-accident-lawyer\/\"><b>Accidentes de Uber y Lyft en California<\/b><\/a><\/li>\n<li><a href=\"https:\/\/attorneyjeff.com\/es\/california-workers-compensation-lawyer\/\"><b>Reclamaciones de compensaci\u00f3n laboral en California<\/b><\/a><\/li>\n<\/ul>\n<p>Las consultas son gratuitas y sin compromiso. Puede hablar con un abogado hoy mismo. Responderemos a sus preguntas y le explicaremos sus derechos. <a href=\"\/es\/contact-us\/\">Ll\u00e1manos o env\u00edanos un mensaje<\/a> Ahora. Podemos empezar de inmediato. <span style=\"font-weight: 400;\">Comun\u00edquese hoy con su sucursal m\u00e1s cercana para una evaluaci\u00f3n de caso gratuita.<\/span><\/p>\n<ul>\n<li style=\"font-weight: 400;\" aria-level=\"1\"><a href=\"https:\/\/attorneyjeff.com\/es\/bakersfield-personal-injury-lawyer\/\"><b>Bakersfield<\/b><\/a><\/li>\n<li style=\"font-weight: 400;\" aria-level=\"1\"><a href=\"https:\/\/attorneyjeff.com\/es\/corona-car-accident-lawyer\/\"><b>Corona<\/b><\/a><\/li>\n<li style=\"font-weight: 400;\" aria-level=\"1\"><a href=\"https:\/\/attorneyjeff.com\/es\/fontana-injury\/\"><b>Fontana<\/b><\/a><\/li>\n<li style=\"font-weight: 400;\" aria-level=\"1\"><a href=\"http:\/\/orneyjeff.com\/fresno-personal-injury-lawyer\/\"><b>Fresno<\/b><\/a><\/li>\n<li style=\"font-weight: 400;\" aria-level=\"1\"><a href=\"https:\/\/attorneyjeff.com\/es\/hesperia-personal-injury-lawyer\/\"><b>Hesperia<\/b><\/a><\/li>\n<li style=\"font-weight: 400;\" aria-level=\"1\"><a href=\"https:\/\/attorneyjeff.com\/es\/rancho-cucamonga-personal-injury-lawyer\/\"><b>Rancho Cucamonga<\/b><\/a><\/li>\n<li style=\"font-weight: 400;\" aria-level=\"1\"><a href=\"https:\/\/attorneyjeff.com\/es\/san-jose-personal-injury-lawyer\/\"><b>San Jos\u00e9<\/b><\/a><\/li>\n<li style=\"font-weight: 400;\" aria-level=\"1\"><a href=\"https:\/\/attorneyjeff.com\/es\/santa-ana-personal-injury-lawyer\/\"><b>Santa Ana<\/b><\/a><\/li>\n<li style=\"font-weight: 400;\" aria-level=\"1\"><a href=\"https:\/\/attorneyjeff.com\/es\/tustin-personal-injury-lawyer\/\"><b>Tustin<\/b><\/a><\/li>\n<li style=\"font-weight: 400;\" aria-level=\"1\"><a href=\"https:\/\/attorneyjeff.com\/es\/van-nuys-injury\/\"><b>Van Nuys<\/b><\/a><\/li>\n<li style=\"font-weight: 400;\" aria-level=\"1\"><a href=\"https:\/\/attorneyjeff.com\/es\/victorville-personal-injury-lawyer\/\"><b>Victorville<\/b><\/a><\/li>\n<li style=\"font-weight: 400;\" aria-level=\"1\"><a href=\"https:\/\/attorneyjeff.com\/es\/visalia-personal-injury-lawyer\/\"><b>Visalia<\/b><\/a><\/li>\n<\/ul>","protected":false},"excerpt":{"rendered":"<p>Los abogados de homicidio culposo de Jeff Car Accident Lawyer en California representan a sobrevivientes de accidentes mortales. Si ha perdido...<\/p>","protected":false},"author":24,"featured_media":1384,"parent":0,"menu_order":0,"comment_status":"closed","ping_status":"closed","template":"","meta":{"inline_featured_image":false,"_monsterinsights_skip_tracking":false,"_monsterinsights_sitenote_active":false,"_monsterinsights_sitenote_note":"","_monsterinsights_sitenote_category":0,"footnotes":""},"class_list":["post-1364","page","type-page","status-publish","has-post-thumbnail","hentry"],"acf":[],"yoast_head":"<!-- This site is optimized with the Yoast SEO plugin v27.4 - https:\/\/yoast.com\/product\/yoast-seo-wordpress\/ -->\n<title>California Wrongful Death Lawyer | Attorney Jeff Car Accident Lawyer<\/title>\n<meta name=\"description\" content=\"Losing a loved one is difficult, especially if their death was a result of someone else&#039;s negligence. Call us today to discuss your case.\" \/>\n<meta name=\"robots\" content=\"index, follow, max-snippet:-1, max-image-preview:large, max-video-preview:-1\" \/>\n<link rel=\"canonical\" href=\"https:\/\/attorneyjeff.com\/es\/california-wrongful-death-lawyer\/\" \/>\n<meta property=\"og:locale\" content=\"es_MX\" \/>\n<meta property=\"og:type\" content=\"article\" \/>\n<meta property=\"og:title\" content=\"California Wrongful Death Lawyer | Attorney Jeff Car Accident Lawyer\" \/>\n<meta property=\"og:description\" content=\"Losing a loved one is difficult, especially if their death was a result of someone else&#039;s negligence. Call us today to discuss your case.\" \/>\n<meta property=\"og:url\" content=\"https:\/\/attorneyjeff.com\/es\/california-wrongful-death-lawyer\/\" \/>\n<meta property=\"og:site_name\" content=\"Attorney Jeff\" \/>\n<meta property=\"article:modified_time\" content=\"2026-03-23T18:53:34+00:00\" \/>\n<meta property=\"og:image\" content=\"https:\/\/attorneyjeff.com\/wp-content\/uploads\/2023\/04\/California-Wrongful-Death-Lawyer-scaled.webp\" \/>\n\t<meta property=\"og:image:width\" content=\"2560\" \/>\n\t<meta property=\"og:image:height\" content=\"1707\" \/>\n\t<meta property=\"og:image:type\" content=\"image\/webp\" \/>\n<meta name=\"twitter:card\" content=\"summary_large_image\" \/>\n<script type=\"application\/ld+json\" class=\"yoast-schema-graph\">{\"@context\":\"https:\\\/\\\/schema.org\",\"@graph\":[{\"@type\":\"WebPage\",\"@id\":\"https:\\\/\\\/attorneyjeff.com\\\/california-wrongful-death-lawyer\\\/\",\"url\":\"https:\\\/\\\/attorneyjeff.com\\\/california-wrongful-death-lawyer\\\/\",\"name\":\"California Wrongful Death Lawyer | Attorney Jeff Car Accident Lawyer\",\"isPartOf\":{\"@id\":\"https:\\\/\\\/attorneyjeff.com\\\/#website\"},\"primaryImageOfPage\":{\"@id\":\"https:\\\/\\\/attorneyjeff.com\\\/california-wrongful-death-lawyer\\\/#primaryimage\"},\"image\":{\"@id\":\"https:\\\/\\\/attorneyjeff.com\\\/california-wrongful-death-lawyer\\\/#primaryimage\"},\"thumbnailUrl\":\"https:\\\/\\\/attorneyjeff.com\\\/wp-content\\\/uploads\\\/2023\\\/04\\\/California-Wrongful-Death-Lawyer-scaled.webp\",\"datePublished\":\"2023-04-12T18:42:13+00:00\",\"dateModified\":\"2026-03-23T18:53:34+00:00\",\"description\":\"Losing a loved one is difficult, especially if their death was a result of someone else's negligence. Call us today to discuss your case.\",\"breadcrumb\":{\"@id\":\"https:\\\/\\\/attorneyjeff.com\\\/california-wrongful-death-lawyer\\\/#breadcrumb\"},\"inLanguage\":\"es\",\"potentialAction\":[{\"@type\":\"ReadAction\",\"target\":[\"https:\\\/\\\/attorneyjeff.com\\\/california-wrongful-death-lawyer\\\/\"]}]},{\"@type\":\"ImageObject\",\"inLanguage\":\"es\",\"@id\":\"https:\\\/\\\/attorneyjeff.com\\\/california-wrongful-death-lawyer\\\/#primaryimage\",\"url\":\"https:\\\/\\\/attorneyjeff.com\\\/wp-content\\\/uploads\\\/2023\\\/04\\\/California-Wrongful-Death-Lawyer-scaled.webp\",\"contentUrl\":\"https:\\\/\\\/attorneyjeff.com\\\/wp-content\\\/uploads\\\/2023\\\/04\\\/California-Wrongful-Death-Lawyer-scaled.webp\",\"width\":2560,\"height\":1707,\"caption\":\"California Wrongful Death Lawyer\"},{\"@type\":\"BreadcrumbList\",\"@id\":\"https:\\\/\\\/attorneyjeff.com\\\/california-wrongful-death-lawyer\\\/#breadcrumb\",\"itemListElement\":[{\"@type\":\"ListItem\",\"position\":1,\"name\":\"Home\",\"item\":\"https:\\\/\\\/attorneyjeff.com\\\/\"},{\"@type\":\"ListItem\",\"position\":2,\"name\":\"California Wrongful Death Lawyer\"}]},{\"@type\":\"WebSite\",\"@id\":\"https:\\\/\\\/attorneyjeff.com\\\/#website\",\"url\":\"https:\\\/\\\/attorneyjeff.com\\\/\",\"name\":\"Attorney Jeff\",\"description\":\"Car Accident Lawyer\",\"potentialAction\":[{\"@type\":\"SearchAction\",\"target\":{\"@type\":\"EntryPoint\",\"urlTemplate\":\"https:\\\/\\\/attorneyjeff.com\\\/?s={search_term_string}\"},\"query-input\":{\"@type\":\"PropertyValueSpecification\",\"valueRequired\":true,\"valueName\":\"search_term_string\"}}],\"inLanguage\":\"es\"}]}<\/script>\n<!-- \/ Yoast SEO plugin. -->","yoast_head_json":{"title":"Abogado de homicidio culposo en California | Abogado Jeff, abogado de accidentes de tr\u00e1fico","description":"Perder a un ser querido es dif\u00edcil, especialmente si su muerte fue consecuencia de la negligencia de otra persona. Ll\u00e1menos hoy para hablar sobre su caso.","robots":{"index":"index","follow":"follow","max-snippet":"max-snippet:-1","max-image-preview":"max-image-preview:large","max-video-preview":"max-video-preview:-1"},"canonical":"https:\/\/attorneyjeff.com\/es\/california-wrongful-death-lawyer\/","og_locale":"es_MX","og_type":"article","og_title":"California Wrongful Death Lawyer | Attorney Jeff Car Accident Lawyer","og_description":"Losing a loved one is difficult, especially if their death was a result of someone else's negligence. Call us today to discuss your case.","og_url":"https:\/\/attorneyjeff.com\/es\/california-wrongful-death-lawyer\/","og_site_name":"Attorney Jeff","article_modified_time":"2026-03-23T18:53:34+00:00","og_image":[{"width":2560,"height":1707,"url":"https:\/\/attorneyjeff.com\/wp-content\/uploads\/2023\/04\/California-Wrongful-Death-Lawyer-scaled.webp","type":"image\/webp"}],"twitter_card":"summary_large_image","schema":{"@context":"https:\/\/schema.org","@graph":[{"@type":"WebPage","@id":"https:\/\/attorneyjeff.com\/california-wrongful-death-lawyer\/","url":"https:\/\/attorneyjeff.com\/california-wrongful-death-lawyer\/","name":"Abogado de homicidio culposo en California | Abogado Jeff, abogado de accidentes de tr\u00e1fico","isPartOf":{"@id":"https:\/\/attorneyjeff.com\/#website"},"primaryImageOfPage":{"@id":"https:\/\/attorneyjeff.com\/california-wrongful-death-lawyer\/#primaryimage"},"image":{"@id":"https:\/\/attorneyjeff.com\/california-wrongful-death-lawyer\/#primaryimage"},"thumbnailUrl":"https:\/\/attorneyjeff.com\/wp-content\/uploads\/2023\/04\/California-Wrongful-Death-Lawyer-scaled.webp","datePublished":"2023-04-12T18:42:13+00:00","dateModified":"2026-03-23T18:53:34+00:00","description":"Perder a un ser querido es dif\u00edcil, especialmente si su muerte fue consecuencia de la negligencia de otra persona. Ll\u00e1menos hoy para hablar sobre su caso.","breadcrumb":{"@id":"https:\/\/attorneyjeff.com\/california-wrongful-death-lawyer\/#breadcrumb"},"inLanguage":"es","potentialAction":[{"@type":"ReadAction","target":["https:\/\/attorneyjeff.com\/california-wrongful-death-lawyer\/"]}]},{"@type":"ImageObject","inLanguage":"es","@id":"https:\/\/attorneyjeff.com\/california-wrongful-death-lawyer\/#primaryimage","url":"https:\/\/attorneyjeff.com\/wp-content\/uploads\/2023\/04\/California-Wrongful-Death-Lawyer-scaled.webp","contentUrl":"https:\/\/attorneyjeff.com\/wp-content\/uploads\/2023\/04\/California-Wrongful-Death-Lawyer-scaled.webp","width":2560,"height":1707,"caption":"California Wrongful Death Lawyer"},{"@type":"BreadcrumbList","@id":"https:\/\/attorneyjeff.com\/california-wrongful-death-lawyer\/#breadcrumb","itemListElement":[{"@type":"ListItem","position":1,"name":"Home","item":"https:\/\/attorneyjeff.com\/"},{"@type":"ListItem","position":2,"name":"California Wrongful Death Lawyer"}]},{"@type":"WebSite","@id":"https:\/\/attorneyjeff.com\/#website","url":"https:\/\/attorneyjeff.com\/","name":"El abogado Jeff","description":"Abogado de accidentes de coche","potentialAction":[{"@type":"SearchAction","target":{"@type":"EntryPoint","urlTemplate":"https:\/\/attorneyjeff.com\/?s={search_term_string}"},"query-input":{"@type":"PropertyValueSpecification","valueRequired":true,"valueName":"search_term_string"}}],"inLanguage":"es"}]}},"_links":{"self":[{"href":"https:\/\/attorneyjeff.com\/es\/wp-json\/wp\/v2\/pages\/1364","targetHints":{"allow":["GET"]}}],"collection":[{"href":"https:\/\/attorneyjeff.com\/es\/wp-json\/wp\/v2\/pages"}],"about":[{"href":"https:\/\/attorneyjeff.com\/es\/wp-json\/wp\/v2\/types\/page"}],"author":[{"embeddable":true,"href":"https:\/\/attorneyjeff.com\/es\/wp-json\/wp\/v2\/users\/24"}],"replies":[{"embeddable":true,"href":"https:\/\/attorneyjeff.com\/es\/wp-json\/wp\/v2\/comments?post=1364"}],"version-history":[{"count":0,"href":"https:\/\/attorneyjeff.com\/es\/wp-json\/wp\/v2\/pages\/1364\/revisions"}],"wp:featuredmedia":[{"embeddable":true,"href":"https:\/\/attorneyjeff.com\/es\/wp-json\/wp\/v2\/media\/1384"}],"wp:attachment":[{"href":"https:\/\/attorneyjeff.com\/es\/wp-json\/wp\/v2\/media?parent=1364"}],"curies":[{"name":"wp","href":"https:\/\/api.w.org\/{rel}","templated":true}]}}