{"id":1365,"date":"2023-04-12T14:46:49","date_gmt":"2023-04-12T18:46:49","guid":{"rendered":"https:\/\/attorneyjeff25.wpenginepowered.com\/?page_id=1365"},"modified":"2026-03-23T11:52:02","modified_gmt":"2026-03-23T18:52:02","slug":"california-workers-compensation-lawyer","status":"publish","type":"page","link":"https:\/\/attorneyjeff.com\/es\/california-workers-compensation-lawyer\/","title":{"rendered":"Abogado de compensaci\u00f3n laboral en California"},"content":{"rendered":"<p>Un abogado especializado en compensaci\u00f3n laboral de California del bufete Attorney Jeff Car Accident Lawyer puede ayudarle si se lesiona en el trabajo. Representamos a personas en todas las etapas de un caso de compensaci\u00f3n laboral.<\/p>\n<p><em>Obtenga los beneficios que merece cuando se lesiona en el trabajo.<\/em> Cont\u00e1ctanos hoy.<\/p>\n<h2>Abogados que manejan casos de compensaci\u00f3n laboral en California<\/h2>\n<p>Representamos a trabajadores lesionados en toda California. Estas son algunas situaciones en las que necesita un abogado especializado en compensaci\u00f3n laboral:<\/p>\n<ul>\n<li><em>No estoy seguro de c\u00f3mo informar sobre mi lesi\u00f3n laboral o si la inform\u00e9 correctamente.<\/em><\/li>\n<li><em>Dicen que no califico para los beneficios.<\/em><\/li>\n<li><em>Me pregunto qu\u00e9 beneficios deber\u00eda recibir.<\/em><\/li>\n<li><em>Los beneficios que he recibido no son los que esperaba.<\/em><\/li>\n<li><em>Necesito tener una audiencia para resolver una disputa.<\/em><\/li>\n<\/ul>\n<p>El sistema de compensaci\u00f3n laboral solo funciona si sabes tres cosas:<\/p>\n<ol>\n<li>Lo que deber\u00edas recibir en compensaci\u00f3n,<\/li>\n<li>C\u00f3mo recibirlo y<\/li>\n<li>Qu\u00e9 hacer si no est\u00e1s recibiendo los beneficios que mereces.<\/li>\n<\/ol>\n<p>Como sus abogados, trabajamos para garantizar que reciba los beneficios que le corresponden seg\u00fan las leyes de compensaci\u00f3n laboral de California. Seguimos los pasos necesarios, incluso llevando su caso a una audiencia si es necesario.<\/p>\n<p>Nuestro equipo investiga su caso. Identificamos los problemas que puedan surgir. Cuestionamos cualquier obst\u00e1culo que pueda obstaculizar su proceso.<\/p>\n<p>Para hablar con un abogado y comenzar su caso, comun\u00edquese con nuestros abogados de compensaci\u00f3n laboral de California para una consulta.<\/p>\n<h2>Lo que debe saber sobre la compensaci\u00f3n laboral en California<\/h2>\n<ul>\n<li>La compensaci\u00f3n laboral es un sistema sin culpa. No se requiere demostrar la culpa del empleador.<\/li>\n<li>Es posible que est\u00e9 cubierto como empleado, incluso si su empleador lo llama contratista independiente.<\/li>\n<li>Las lesiones en eventos \u00fanicos pueden estar cubiertas, pero las lesiones causadas por tareas repetidas o exposiciones m\u00faltiples en el trabajo tambi\u00e9n pueden estar cubiertas.<\/li>\n<li>El administrador de reclamaciones debe aceptar o rechazar la reclamaci\u00f3n en un plazo razonable. Si transcurren m\u00e1s de 90 d\u00edas desde que usted report\u00f3 su lesi\u00f3n, generalmente significa que la reclamaci\u00f3n es aceptada.<\/li>\n<li>Existe un proceso para solicitar una audiencia si no est\u00e1 de acuerdo con su determinaci\u00f3n de beneficios.<\/li>\n<li>Un abogado con experiencia en compensaci\u00f3n laboral de Attorney Jeff Car Accident Lawyer en California puede representarlo.<\/li>\n<\/ul>\n<h2>Beneficios de compensaci\u00f3n para trabajadores de California<\/h2>\n<h3>\u00bfC\u00f3mo funciona la compensaci\u00f3n laboral en California?<\/h3>\n<p>En California, el sistema de compensaci\u00f3n laboral ofrece a los empleados acceso r\u00e1pido a beneficios cuando sufren lesiones laborales. No se requiere una demanda legal tradicional. Una v\u00edctima puede reclamar una indemnizaci\u00f3n cuando sufre una lesi\u00f3n laboral.<\/p>\n<h3>\u00bfQu\u00e9 beneficios de compensaci\u00f3n laboral puede recibir una persona en California?<\/h3>\n<p>La ley de California permite estos tipos de beneficios de compensaci\u00f3n laboral:<\/p>\n<ol>\n<li>Atenci\u00f3n m\u00e9dica: Su empleador debe cubrir los gastos de atenci\u00f3n m\u00e9dica para tratar su lesi\u00f3n, incluyendo consultas m\u00e9dicas, suministros, equipo y tratamiento. Se pueden reembolsar los gastos de viaje.<\/li>\n<li>Incapacidad temporal: Pagos para reemplazar sus ingresos si las lesiones le impiden ganar lo que ganaba antes.<\/li>\n<li>Incapacidad permanente: le compensa por lesiones permanentes, f\u00edsicas y mentales.<\/li>\n<li>Reentrenamiento laboral: un beneficio complementario para ayudarle a regresar al trabajo y mejorar sus habilidades laborales.<\/li>\n<li>Beneficios por muerte: Se pagan a los sobrevivientes si una lesi\u00f3n laboral causa una fatalidad.<\/li>\n<\/ol>\n<p>Un trabajador lesionado puede reclamar las prestaciones que correspondan a su caso. Al igual que las lesiones var\u00edan, las necesidades de atenci\u00f3n m\u00e9dica var\u00edan en cada situaci\u00f3n. El tiempo que una persona lesionada puede trabajar depende de la naturaleza de sus funciones y limitaciones laborales. Nuestros abogados exploran todas las categor\u00edas de prestaciones y los tipos de compensaci\u00f3n que deber\u00eda recibir dentro de cada una.<\/p>\n<h3>Mi empleador me despidi\u00f3 o me sancion\u00f3 por solicitar beneficios. \u00bfQu\u00e9 puedo hacer?<\/h3>\n<p>Es ilegal que un empleador despida o sancione a alguien por solicitar una indemnizaci\u00f3n laboral. Tambi\u00e9n es ilegal sancionar a los compa\u00f1eros de trabajo que testifiquen sobre el caso.<\/p>\n<p>Algunos empleadores creen que despedir al empleado lesionado les exime de pagarle las prestaciones. Esto no es cierto. Si su empleador ha tomado represalias en su contra, cont\u00e1ctenos para ver c\u00f3mo podemos ayudarle.<\/p>\n<h2>Abogados con experiencia en compensaci\u00f3n laboral que prestan servicios en California<\/h2>\n<p>Hay aproximadamente <a href=\"https:\/\/www.bls.gov\/eag\/eag.ca.htm\" target=\"_blank\" rel=\"noopener\">19 millones de personas en la fuerza laboral de California<\/a>. Hab\u00eda <a href=\"https:\/\/www.bls.gov\/iif\/state-data\/fatal-occupational-injuries-in-california-2020.htm\" target=\"_blank\" rel=\"noopener\">463 lesiones laborales mortales<\/a> en California en 2020. Miles m\u00e1s sufren lesiones en el trabajo cada a\u00f1o.<\/p>\n<p>Las v\u00edctimas son todas adultas y ocupan puestos directivos y no directivos. Trabajan en servicios, construcci\u00f3n, agricultura, ventas, oficios, transporte y otros sectores.<\/p>\n<p>En el Abogado Jeff, Abogado de Accidentes de Auto, sabemos lo importante que es servir a los trabajadores en California. Ayudamos a personas en todo el estado. Con 11 oficinas en todo el estado, tenemos un despacho de abogados cerca de usted.<\/p>\n<p>Descubra c\u00f3mo ayudamos a las personas lesionadas en el trabajo y a sus familias. Inf\u00f3rmese sobre su situaci\u00f3n y c\u00f3mo podemos ayudarle.<\/p>\n<h2>\u00bfNecesito un abogado de compensaci\u00f3n laboral?<\/h2>\n<p>Si se lesiona en el trabajo, su capacidad para ganarse la vida puede estar en peligro. Pagar la atenci\u00f3n m\u00e9dica por su cuenta puede resultar muy costoso. Adem\u00e1s, no es justo. Tiene derecho a las prestaciones que le corresponden por ley.<\/p>\n<p>Sin embargo, es posible que no sepa cu\u00e1nto le corresponde. Las compa\u00f1\u00edas de seguros a menudo intentan minimizar los pagos y simplemente esperan que se d\u00e9 por vencido. Su reclamaci\u00f3n es fundamental. Contar con un profesional legal le brinda un defensor que le ayudar\u00e1 a saber qu\u00e9 hacer y qu\u00e9 beneficios est\u00e1 buscando. Le guiaremos en lo que debe hacer para preservar sus beneficios y evitar errores que puedan impedirle recibir todo lo que merece por su lesi\u00f3n.<\/p>\n<h2>Qu\u00e9 hacer si se lesiona en el trabajo<\/h2>\n<p>Si se lesiona en el trabajo, busque atenci\u00f3n m\u00e9dica de emergencia si es necesario. Informe a su empleador. Deben entregarle el formulario DWC 1, el formulario de compensaci\u00f3n laboral.<\/p>\n<p>Lea la informaci\u00f3n. Complete el formulario. Aseg\u00farese de que est\u00e9 completo y proporcione suficientes detalles. Entregue el formulario a su empleador lo antes posible.<\/p>\n<p>Despu\u00e9s, contin\u00fae recibiendo su atenci\u00f3n m\u00e9dica y siga las \u00f3rdenes del m\u00e9dico.<\/p>\n<h2>Contacte a un abogado especializado en compensaci\u00f3n laboral ahora<\/h2>\n<p>Para una consulta gratuita con un abogado de compensaci\u00f3n laboral de California, comun\u00edquese con <a href=\"https:\/\/attorneyjeff.com\/es\/attorney\/jeff-fayngor\/\">Abogado Jeff, abogado de accidentes automovil\u00edsticos<\/a>. <span style=\"font-weight: 400;\">En Attorney Jeff Car Accident Lawyer, nos especializamos en el manejo de las siguientes \u00e1reas de pr\u00e1ctica de lesiones personales:<\/span><\/p>\n<ul>\n<li><a href=\"https:\/\/attorneyjeff.com\/es\/california-bicycle-accident-lawyer\/\"><b>Accidentes de bicicleta en California<\/b><\/a><\/li>\n<li><a href=\"https:\/\/attorneyjeff.com\/es\/california-car-accident-lawyer\/\"><b>Accidentes automovil\u00edsticos en California<\/b><\/a><\/li>\n<li><a href=\"https:\/\/attorneyjeff.com\/es\/california-construction-accident-lawyer\/\"><b>Accidentes de construcci\u00f3n en California<\/b><\/a><\/li>\n<li><a href=\"https:\/\/attorneyjeff.com\/es\/california-dog-bite-lawyer\/\"><b>Casos de mordeduras de perro en California<\/b><\/a><\/li>\n<li><a href=\"https:\/\/attorneyjeff.com\/es\/california-elder-abuse-lawyer\/\"><b>Casos de abuso de ancianos en California<\/b><\/a><\/li>\n<li><a href=\"https:\/\/attorneyjeff.com\/es\/california-employment-law-lawyer\/\"><b>California Employment Law<\/b><\/a><\/li>\n<li><a href=\"https:\/\/attorneyjeff.com\/es\/california-motorcycle-accident-lawyer\/\"><b>Accidentes de motocicleta en California<\/b><\/a><\/li>\n<li><a href=\"https:\/\/attorneyjeff.com\/es\/california-pedestrian-accident-lawyer\/\"><b>Accidentes de peatones en California<\/b><\/a><\/li>\n<li><a href=\"https:\/\/attorneyjeff.com\/es\/california-personal-injury-lawyer\/\"><b>Accidentes con lesiones personales en California<\/b><\/a><\/li>\n<li><a href=\"https:\/\/attorneyjeff.com\/es\/california-slip-and-fall-lawyer\/\"><b>Accidentes por resbalones y ca\u00eddas en California<\/b><\/a><\/li>\n<li><a href=\"https:\/\/attorneyjeff.com\/es\/california-truck-accident-lawyer\/\"><b>Accidentes de camiones en California<\/b><\/a><\/li>\n<li><a href=\"https:\/\/attorneyjeff.com\/es\/california-uber-lyft-accident-lawyer\/\"><b>Accidentes de Uber y Lyft en California<\/b><\/a><\/li>\n<li><a href=\"https:\/\/attorneyjeff.com\/es\/california-wrongful-death-lawyer\/\"><b>Demandas por muerte por negligencia en California<\/b><\/a><\/li>\n<\/ul>\n<p>Siempre nos complace hablar con los trabajadores lesionados sobre cualquier problema o pregunta que tengan. Para obtener m\u00e1s informaci\u00f3n y comenzar hoy mismo, <a href=\"\/es\/contact-us\/\">ll\u00e1manos o env\u00edanos un mensaje<\/a> Ahora. Esperamos poder servirle. <span style=\"font-weight: 400;\">Comun\u00edquese hoy con su sucursal m\u00e1s cercana para una evaluaci\u00f3n de caso gratuita.<\/span><\/p>\n<ul>\n<li style=\"font-weight: 400;\" aria-level=\"1\"><a href=\"https:\/\/attorneyjeff.com\/es\/bakersfield-personal-injury-lawyer\/\"><b>Bakersfield<\/b><\/a><\/li>\n<li style=\"font-weight: 400;\" aria-level=\"1\"><a href=\"https:\/\/attorneyjeff.com\/es\/corona-car-accident-lawyer\/\"><b>Corona<\/b><\/a><\/li>\n<li style=\"font-weight: 400;\" aria-level=\"1\"><a href=\"https:\/\/attorneyjeff.com\/es\/fontana-injury\/\"><b>Fontana<\/b><\/a><\/li>\n<li style=\"font-weight: 400;\" aria-level=\"1\"><a href=\"http:\/\/orneyjeff.com\/fresno-personal-injury-lawyer\/\"><b>Fresno<\/b><\/a><\/li>\n<li style=\"font-weight: 400;\" aria-level=\"1\"><a href=\"https:\/\/attorneyjeff.com\/es\/hesperia-personal-injury-lawyer\/\"><b>Hesperia<\/b><\/a><\/li>\n<li style=\"font-weight: 400;\" aria-level=\"1\"><a href=\"https:\/\/attorneyjeff.com\/es\/rancho-cucamonga-personal-injury-lawyer\/\"><b>Rancho Cucamonga<\/b><\/a><\/li>\n<li style=\"font-weight: 400;\" aria-level=\"1\"><a href=\"https:\/\/attorneyjeff.com\/es\/san-jose-personal-injury-lawyer\/\"><b>San Jos\u00e9<\/b><\/a><\/li>\n<li style=\"font-weight: 400;\" aria-level=\"1\"><a href=\"https:\/\/attorneyjeff.com\/es\/santa-ana-personal-injury-lawyer\/\"><b>Santa Ana<\/b><\/a><\/li>\n<li style=\"font-weight: 400;\" aria-level=\"1\"><a href=\"https:\/\/attorneyjeff.com\/es\/tustin-personal-injury-lawyer\/\"><b>Tustin<\/b><\/a><\/li>\n<li style=\"font-weight: 400;\" aria-level=\"1\"><a href=\"https:\/\/attorneyjeff.com\/es\/van-nuys-injury\/\"><b>Van Nuys<\/b><\/a><\/li>\n<li style=\"font-weight: 400;\" aria-level=\"1\"><a href=\"https:\/\/attorneyjeff.com\/es\/victorville-personal-injury-lawyer\/\"><b>Victorville<\/b><\/a><\/li>\n<li style=\"font-weight: 400;\" aria-level=\"1\"><a href=\"https:\/\/attorneyjeff.com\/es\/visalia-personal-injury-lawyer\/\"><b>Visalia<\/b><\/a><\/li>\n<\/ul>","protected":false},"excerpt":{"rendered":"<p>Un abogado de compensaci\u00f3n laboral de California del abogado Jeff Car Accident Lawyer puede ayudarlo si se lesiona en el trabajo. \u2026<\/p>","protected":false},"author":24,"featured_media":1385,"parent":0,"menu_order":0,"comment_status":"closed","ping_status":"closed","template":"","meta":{"inline_featured_image":false,"_monsterinsights_skip_tracking":false,"_monsterinsights_sitenote_active":false,"_monsterinsights_sitenote_note":"","_monsterinsights_sitenote_category":0,"footnotes":""},"class_list":["post-1365","page","type-page","status-publish","has-post-thumbnail","hentry"],"acf":[],"yoast_head":"<!-- This site is optimized with the Yoast SEO plugin v27.4 - https:\/\/yoast.com\/product\/yoast-seo-wordpress\/ -->\n<title>California Workers&#039; Compensation Lawyer | Attorney Jeff Car Accident Lawyer<\/title>\n<meta name=\"description\" content=\"If you&#039;ve been injured on the job in California, a workers&#039; compensation lawyer can help ensure you receive the benefits you are entitled to.\" \/>\n<meta name=\"robots\" content=\"index, follow, max-snippet:-1, max-image-preview:large, max-video-preview:-1\" \/>\n<link rel=\"canonical\" href=\"https:\/\/attorneyjeff.com\/es\/california-workers-compensation-lawyer\/\" \/>\n<meta property=\"og:locale\" content=\"es_MX\" \/>\n<meta property=\"og:type\" content=\"article\" \/>\n<meta property=\"og:title\" content=\"California Workers&#039; Compensation Lawyer | Attorney Jeff Car Accident Lawyer\" \/>\n<meta property=\"og:description\" content=\"If you&#039;ve been injured on the job in California, a workers&#039; compensation lawyer can help ensure you receive the benefits you are entitled to.\" \/>\n<meta property=\"og:url\" content=\"https:\/\/attorneyjeff.com\/es\/california-workers-compensation-lawyer\/\" \/>\n<meta property=\"og:site_name\" content=\"Attorney Jeff\" \/>\n<meta property=\"article:modified_time\" content=\"2026-03-23T18:52:02+00:00\" \/>\n<meta property=\"og:image\" content=\"https:\/\/attorneyjeff.com\/wp-content\/uploads\/2023\/04\/California-Workers-Compensation-Lawyer-scaled.webp\" \/>\n\t<meta property=\"og:image:width\" content=\"2560\" \/>\n\t<meta property=\"og:image:height\" content=\"1709\" \/>\n\t<meta property=\"og:image:type\" content=\"image\/webp\" \/>\n<meta name=\"twitter:card\" content=\"summary_large_image\" \/>\n<script type=\"application\/ld+json\" class=\"yoast-schema-graph\">{\"@context\":\"https:\\\/\\\/schema.org\",\"@graph\":[{\"@type\":\"WebPage\",\"@id\":\"https:\\\/\\\/attorneyjeff.com\\\/california-workers-compensation-lawyer\\\/\",\"url\":\"https:\\\/\\\/attorneyjeff.com\\\/california-workers-compensation-lawyer\\\/\",\"name\":\"California Workers' Compensation Lawyer | Attorney Jeff Car Accident Lawyer\",\"isPartOf\":{\"@id\":\"https:\\\/\\\/attorneyjeff.com\\\/#website\"},\"primaryImageOfPage\":{\"@id\":\"https:\\\/\\\/attorneyjeff.com\\\/california-workers-compensation-lawyer\\\/#primaryimage\"},\"image\":{\"@id\":\"https:\\\/\\\/attorneyjeff.com\\\/california-workers-compensation-lawyer\\\/#primaryimage\"},\"thumbnailUrl\":\"https:\\\/\\\/attorneyjeff.com\\\/wp-content\\\/uploads\\\/2023\\\/04\\\/California-Workers-Compensation-Lawyer-scaled.webp\",\"datePublished\":\"2023-04-12T18:46:49+00:00\",\"dateModified\":\"2026-03-23T18:52:02+00:00\",\"description\":\"If you've been injured on the job in California, a workers' compensation lawyer can help ensure you receive the benefits you are entitled to.\",\"breadcrumb\":{\"@id\":\"https:\\\/\\\/attorneyjeff.com\\\/california-workers-compensation-lawyer\\\/#breadcrumb\"},\"inLanguage\":\"es\",\"potentialAction\":[{\"@type\":\"ReadAction\",\"target\":[\"https:\\\/\\\/attorneyjeff.com\\\/california-workers-compensation-lawyer\\\/\"]}]},{\"@type\":\"ImageObject\",\"inLanguage\":\"es\",\"@id\":\"https:\\\/\\\/attorneyjeff.com\\\/california-workers-compensation-lawyer\\\/#primaryimage\",\"url\":\"https:\\\/\\\/attorneyjeff.com\\\/wp-content\\\/uploads\\\/2023\\\/04\\\/California-Workers-Compensation-Lawyer-scaled.webp\",\"contentUrl\":\"https:\\\/\\\/attorneyjeff.com\\\/wp-content\\\/uploads\\\/2023\\\/04\\\/California-Workers-Compensation-Lawyer-scaled.webp\",\"width\":2560,\"height\":1709,\"caption\":\"California Workers' Compensation Lawyer\"},{\"@type\":\"BreadcrumbList\",\"@id\":\"https:\\\/\\\/attorneyjeff.com\\\/california-workers-compensation-lawyer\\\/#breadcrumb\",\"itemListElement\":[{\"@type\":\"ListItem\",\"position\":1,\"name\":\"Home\",\"item\":\"https:\\\/\\\/attorneyjeff.com\\\/\"},{\"@type\":\"ListItem\",\"position\":2,\"name\":\"California Workers&#8217; Compensation Lawyer\"}]},{\"@type\":\"WebSite\",\"@id\":\"https:\\\/\\\/attorneyjeff.com\\\/#website\",\"url\":\"https:\\\/\\\/attorneyjeff.com\\\/\",\"name\":\"Attorney Jeff\",\"description\":\"Car Accident Lawyer\",\"potentialAction\":[{\"@type\":\"SearchAction\",\"target\":{\"@type\":\"EntryPoint\",\"urlTemplate\":\"https:\\\/\\\/attorneyjeff.com\\\/?s={search_term_string}\"},\"query-input\":{\"@type\":\"PropertyValueSpecification\",\"valueRequired\":true,\"valueName\":\"search_term_string\"}}],\"inLanguage\":\"es\"}]}<\/script>\n<!-- \/ Yoast SEO plugin. -->","yoast_head_json":{"title":"Abogado de Compensaci\u00f3n Laboral en California | Abogado Jeff, Abogado de Accidentes de Auto","description":"Si ha resultado lesionado en el trabajo en California, un abogado especializado en compensaci\u00f3n laboral puede ayudarle a garantizar que reciba los beneficios a los que tiene derecho.","robots":{"index":"index","follow":"follow","max-snippet":"max-snippet:-1","max-image-preview":"max-image-preview:large","max-video-preview":"max-video-preview:-1"},"canonical":"https:\/\/attorneyjeff.com\/es\/california-workers-compensation-lawyer\/","og_locale":"es_MX","og_type":"article","og_title":"California Workers' Compensation Lawyer | Attorney Jeff Car Accident Lawyer","og_description":"If you've been injured on the job in California, a workers' compensation lawyer can help ensure you receive the benefits you are entitled to.","og_url":"https:\/\/attorneyjeff.com\/es\/california-workers-compensation-lawyer\/","og_site_name":"Attorney Jeff","article_modified_time":"2026-03-23T18:52:02+00:00","og_image":[{"width":2560,"height":1709,"url":"https:\/\/attorneyjeff.com\/wp-content\/uploads\/2023\/04\/California-Workers-Compensation-Lawyer-scaled.webp","type":"image\/webp"}],"twitter_card":"summary_large_image","schema":{"@context":"https:\/\/schema.org","@graph":[{"@type":"WebPage","@id":"https:\/\/attorneyjeff.com\/california-workers-compensation-lawyer\/","url":"https:\/\/attorneyjeff.com\/california-workers-compensation-lawyer\/","name":"Abogado de Compensaci\u00f3n Laboral en California | Abogado Jeff, Abogado de Accidentes de Auto","isPartOf":{"@id":"https:\/\/attorneyjeff.com\/#website"},"primaryImageOfPage":{"@id":"https:\/\/attorneyjeff.com\/california-workers-compensation-lawyer\/#primaryimage"},"image":{"@id":"https:\/\/attorneyjeff.com\/california-workers-compensation-lawyer\/#primaryimage"},"thumbnailUrl":"https:\/\/attorneyjeff.com\/wp-content\/uploads\/2023\/04\/California-Workers-Compensation-Lawyer-scaled.webp","datePublished":"2023-04-12T18:46:49+00:00","dateModified":"2026-03-23T18:52:02+00:00","description":"Si ha resultado lesionado en el trabajo en California, un abogado especializado en compensaci\u00f3n laboral puede ayudarle a garantizar que reciba los beneficios a los que tiene derecho.","breadcrumb":{"@id":"https:\/\/attorneyjeff.com\/california-workers-compensation-lawyer\/#breadcrumb"},"inLanguage":"es","potentialAction":[{"@type":"ReadAction","target":["https:\/\/attorneyjeff.com\/california-workers-compensation-lawyer\/"]}]},{"@type":"ImageObject","inLanguage":"es","@id":"https:\/\/attorneyjeff.com\/california-workers-compensation-lawyer\/#primaryimage","url":"https:\/\/attorneyjeff.com\/wp-content\/uploads\/2023\/04\/California-Workers-Compensation-Lawyer-scaled.webp","contentUrl":"https:\/\/attorneyjeff.com\/wp-content\/uploads\/2023\/04\/California-Workers-Compensation-Lawyer-scaled.webp","width":2560,"height":1709,"caption":"California Workers' Compensation Lawyer"},{"@type":"BreadcrumbList","@id":"https:\/\/attorneyjeff.com\/california-workers-compensation-lawyer\/#breadcrumb","itemListElement":[{"@type":"ListItem","position":1,"name":"Home","item":"https:\/\/attorneyjeff.com\/"},{"@type":"ListItem","position":2,"name":"California Workers&#8217; Compensation Lawyer"}]},{"@type":"WebSite","@id":"https:\/\/attorneyjeff.com\/#website","url":"https:\/\/attorneyjeff.com\/","name":"El abogado Jeff","description":"Abogado de accidentes de coche","potentialAction":[{"@type":"SearchAction","target":{"@type":"EntryPoint","urlTemplate":"https:\/\/attorneyjeff.com\/?s={search_term_string}"},"query-input":{"@type":"PropertyValueSpecification","valueRequired":true,"valueName":"search_term_string"}}],"inLanguage":"es"}]}},"_links":{"self":[{"href":"https:\/\/attorneyjeff.com\/es\/wp-json\/wp\/v2\/pages\/1365","targetHints":{"allow":["GET"]}}],"collection":[{"href":"https:\/\/attorneyjeff.com\/es\/wp-json\/wp\/v2\/pages"}],"about":[{"href":"https:\/\/attorneyjeff.com\/es\/wp-json\/wp\/v2\/types\/page"}],"author":[{"embeddable":true,"href":"https:\/\/attorneyjeff.com\/es\/wp-json\/wp\/v2\/users\/24"}],"replies":[{"embeddable":true,"href":"https:\/\/attorneyjeff.com\/es\/wp-json\/wp\/v2\/comments?post=1365"}],"version-history":[{"count":0,"href":"https:\/\/attorneyjeff.com\/es\/wp-json\/wp\/v2\/pages\/1365\/revisions"}],"wp:featuredmedia":[{"embeddable":true,"href":"https:\/\/attorneyjeff.com\/es\/wp-json\/wp\/v2\/media\/1385"}],"wp:attachment":[{"href":"https:\/\/attorneyjeff.com\/es\/wp-json\/wp\/v2\/media?parent=1365"}],"curies":[{"name":"wp","href":"https:\/\/api.w.org\/{rel}","templated":true}]}}