{"id":1366,"date":"2023-04-12T14:57:54","date_gmt":"2023-04-12T18:57:54","guid":{"rendered":"https:\/\/attorneyjeff25.wpenginepowered.com\/?page_id=1366"},"modified":"2026-03-23T11:50:41","modified_gmt":"2026-03-23T18:50:41","slug":"california-uber-lyft-accident-lawyer","status":"publish","type":"page","link":"https:\/\/attorneyjeff.com\/es\/california-uber-lyft-accident-lawyer\/","title":{"rendered":"Abogado de accidentes de Uber y Lyft en California"},"content":{"rendered":"<p>En el Abogado Jeff Car Accident Lawyer, nuestro equipo cuenta con abogados con amplia experiencia en accidentes de Uber y Lyft en California. Si sufri\u00f3 lesiones en cualquier accidente de viaje compartido, cont\u00e1ctenos hoy mismo. Perm\u00edtanos gestionar su reclamo y luchar por la compensaci\u00f3n que merece.<\/p>\n<h2>Manejo de reclamos de Uber y Lyft en todo el estado<\/h2>\n<p>Con 11 oficinas en todo el estado, ayudamos a v\u00edctimas en todo el estado de California. Creemos que todas las v\u00edctimas merecen una representaci\u00f3n legal experta. Por eso, el abogado Jeff Car Accident Lawyer se dedica exclusivamente a ayudar a las v\u00edctimas.<\/p>\n<p>Descubra por qu\u00e9 tantas otras personas han confiado en nosotros cuando un accidente cambia su vida.<em> Podemos iniciar su caso de inmediato. <\/em>Hable ahora con nuestros abogados de accidentes de Uber y Lyft en California.<\/p>\n<h3>\u00bfA qui\u00e9n representamos?<\/h3>\n<p>Representamos:<\/p>\n<ul>\n<li>Pasajeros en el veh\u00edculo de viaje compartido<\/li>\n<li>Pasajeros en otro veh\u00edculo<\/li>\n<li>Otros conductores en los que el operador del viaje compartido tiene la culpa<\/li>\n<li>Conductores de Uber\/Lyft donde otra persona tiene la culpa<\/li>\n<li>peatones y ciclistas<\/li>\n<\/ul>\n<p>La garant\u00eda de seguro de 1 mill\u00f3n de d\u00f3lares que anuncian las compa\u00f1\u00edas de viajes compartidos puede beneficiar a los pasajeros y a otras personas v\u00edctimas de accidentes. Nuestro objetivo es investigar todas las opciones posibles para su compensaci\u00f3n.<\/p>\n<h2>Acerca de las reclamaciones por accidentes de Uber y Lyft<\/h2>\n<p>Aunque esperamos que los servicios de viajes compartidos sean seguros, la realidad es que ocurren accidentes. Las v\u00edctimas pueden sufrir lesiones graves. Incluso personas ajenas al servicio, como un peat\u00f3n o alguien en otro veh\u00edculo, pueden ser v\u00edctimas.<\/p>\n<p>Cuando ocurre un accidente, la v\u00edctima puede recibir una compensaci\u00f3n econ\u00f3mica. Desafortunadamente, no siempre es tan sencillo. Las compa\u00f1\u00edas de viajes compartidos y las aseguradoras pueden complicar las cosas. Quiz\u00e1s esperen que usted desconozca el valor de su caso o que opte por un acuerdo r\u00e1pido.<\/p>\n<p><em>\u00bfHa estado en un accidente de Uber o Lyft?<\/em> Puede tener una consulta con un abogado experimentado.<\/p>\n<p>Descubra c\u00f3mo el abogado Jeff, especialista en accidentes automovil\u00edsticos, puede ayudarle con su reclamaci\u00f3n. Analice sus opciones legales. Obtenga la ayuda que necesita y la compensaci\u00f3n que merece.<\/p>\n<h3>Montos de liquidaci\u00f3n<\/h3>\n<p>Las indemnizaciones por accidentes de Uber y Lyft son un pago para resolver una reclamaci\u00f3n legal de indemnizaci\u00f3n. Si usted es el pasajero de un viaje compartido, es poco probable que tenga alg\u00fan tipo de responsabilidad legal por lo ocurrido. El monto de su indemnizaci\u00f3n puede reflejar:<\/p>\n<ul>\n<li>Facturas m\u00e9dicas, incluida la atenci\u00f3n inmediata y a largo plazo<\/li>\n<li>Procedimientos, tratamientos y suministros m\u00e9dicos<\/li>\n<li>Fisioterapia y rehabilitaci\u00f3n<\/li>\n<li>Viajes para recibir atenci\u00f3n m\u00e9dica<\/li>\n<li>P\u00e9rdida de salarios, ingresos y beneficios del empleo<\/li>\n<li>Ingresos por cuenta propia<\/li>\n<li>Da\u00f1os a la propiedad<\/li>\n<li>Angustia emocional y da\u00f1o mental<\/li>\n<li>Dolor f\u00edsico y sufrimiento<\/li>\n<li>Desfiguraci\u00f3n e incapacidad permanente<\/li>\n<li>Da\u00f1os por muerte por negligencia<\/li>\n<\/ul>\n<p>Saber cu\u00e1nto le corresponder\u00eda recibir como indemnizaci\u00f3n es un primer paso importante. Sin embargo, tambi\u00e9n debe demostrar cuidadosamente su caso y presentarlo ante los tribunales.<\/p>\n<p>Nuestros abogados expertos le ayudan con todo lo necesario. Sabemos c\u00f3mo demostrar los da\u00f1os. Tenemos experiencia en la gesti\u00f3n de los aspectos legales de un caso y en la negociaci\u00f3n de su acuerdo.<\/p>\n<p><em>Usted conc\u00e9ntrese en su curaci\u00f3n mientras nosotros nos encargamos del resto.<\/em><\/p>\n<h2>Protegiendo a las v\u00edctimas de accidentes de Uber y Lyft<\/h2>\n<p>Como sus abogados, protegemos sus derechos legales y trabajamos por sus intereses. Aqu\u00ed le presentamos algunas maneras en que podemos ayudarle:<\/p>\n<ul>\n<li>Preservar la evidencia que est\u00e9 disponible inmediatamente despu\u00e9s del accidente<\/li>\n<li>Identificaci\u00f3n de testigos<\/li>\n<li>Investigando qui\u00e9n tiene la culpa<\/li>\n<li>Revisar las p\u00f3lizas de seguro y c\u00f3mo reclamar una indemnizaci\u00f3n<\/li>\n<li>Determinar el valor de su caso<\/li>\n<li>Presentando su caso, negociando su caso<\/li>\n<li>Seguir los pasos procesales correctos y crear una estrategia legal<\/li>\n<li>Personalizando nuestra representaci\u00f3n a sus necesidades<\/li>\n<\/ul>\n<p>Cada accidente implica circunstancias \u00fanicas. Cada v\u00edctima es diferente, con sufrimiento, p\u00e9rdidas y da\u00f1os individuales. Puede estar seguro de que comprenderemos a fondo su situaci\u00f3n y su caso. Luego, le brindaremos la representaci\u00f3n personalizada que da resultados.<\/p>\n<h2>Responsabilidad por un accidente de Uber o Lyft en California<\/h2>\n<p>La parte culpable es responsable de un accidente de Uber o Lyft en California. Los mismos principios de culpa y negligencia se aplican a los conductores de viajes compartidos que a otros conductores.<\/p>\n<p>Adem\u00e1s, la empresa de viajes compartidos puede proporcionar una compensaci\u00f3n a trav\u00e9s de su cobertura de seguro si una de las partes culpables no tiene seguro o tiene un seguro insuficiente.<\/p>\n<p>Los accidentes pueden ocurrir debido a:<\/p>\n<ul>\n<li>Detener un veh\u00edculo en un espacio inseguro<\/li>\n<li>Conducir antes de que todos los pasajeros est\u00e9n asegurados en un veh\u00edculo.<\/li>\n<li>Otros conductores que no dejan suficiente espacio para que el veh\u00edculo de viaje compartido pueda embarcar y desembarcar pasajeros.<\/li>\n<li>Un conductor interactuando con la aplicaci\u00f3n y distray\u00e9ndose<\/li>\n<li>Conducci\u00f3n descuidada, conducci\u00f3n temeraria, exceso de velocidad<\/li>\n<li>Conducir bajo los efectos del alcohol o las drogas<\/li>\n<li>infracciones de tr\u00e1fico<\/li>\n<li>Mal mantenimiento del veh\u00edculo y fallas mec\u00e1nicas<\/li>\n<\/ul>\n<p>Todos los conductores tienen el deber de cuidar a los dem\u00e1s. La negligencia puede ser motivo de reclamaci\u00f3n. Los conductores de viajes compartidos se dedican al transporte por contrato, por lo que su deber de cuidado hacia sus clientes es alto.<\/p>\n<p>Nuestros abogados pueden investigar lo ocurrido y qui\u00e9n tiene la culpa.<\/p>\n<h2>Qu\u00e9 hacer despu\u00e9s de un accidente de Uber o Lyft en California<\/h2>\n<p>Cuando tenga un accidente de Uber o Lyft, haga lo siguiente:<\/p>\n<ul>\n<li>Si puede, al\u00e9jese del tr\u00e1fico y vaya a un lugar seguro.<\/li>\n<li>Reporte el accidente a las autoridades. Llame a los servicios de emergencia m\u00e9dica, si es necesario.<\/li>\n<li>Si existe la posibilidad de que est\u00e9 lesionado, busque atenci\u00f3n m\u00e9dica inmediata. Organice la atenci\u00f3n m\u00e9dica para cualquier otra persona que pueda estar lesionada.<\/li>\n<li>Obtenga informaci\u00f3n del conductor de Uber o Lyft, incluido su nombre, n\u00famero de identificaci\u00f3n del conductor, matr\u00edcula, n\u00famero de licencia de conducir, direcci\u00f3n e informaci\u00f3n del seguro.<\/li>\n<li>Obtenga el nombre, el veh\u00edculo y la informaci\u00f3n del seguro de cualquier otro conductor involucrado<\/li>\n<li>Obtenga nombres e informaci\u00f3n de contacto de testigos y v\u00edctimas adicionales<\/li>\n<li>Evite publicar en las redes sociales<\/li>\n<li>Reporta el accidente a la compa\u00f1\u00eda de viajes compartidos en l\u00ednea o a trav\u00e9s de su aplicaci\u00f3n. No les des una declaraci\u00f3n detallada.<\/li>\n<li>Contin\u00fae recibiendo atenci\u00f3n m\u00e9dica. Mantenga un registro de su atenci\u00f3n y los costos asociados. Siga siempre las indicaciones del m\u00e9dico.<\/li>\n<li>Mantener registros de las p\u00e9rdidas, gastos y da\u00f1os que hayan resultado del accidente.<\/li>\n<li>\u00a1Hable con un abogado lo antes posible!<\/li>\n<\/ul>\n<h2>Consultations With an Uber\/Lyft Accident Attorney Available Now<\/h2>\n<p>Ofrecemos consultas gratuitas con un abogado de accidentes de viajes compartidos en <a href=\"https:\/\/attorneyjeff.com\/es\/attorney\/jeff-fayngor\/\">Abogado Jeff, abogado de accidentes automovil\u00edsticos<\/a>Con consultas gratuitas y honorarios de contingencia, siempre podr\u00e1 costear nuestros servicios legales. No le cobraremos por la representaci\u00f3n a menos que ganemos su caso. <span style=\"font-weight: 400;\">En Attorney Jeff Car Accident Lawyer, nos especializamos en el manejo de las siguientes \u00e1reas de pr\u00e1ctica de lesiones personales:<\/span><\/p>\n<ul>\n<li><a href=\"https:\/\/attorneyjeff.com\/es\/california-bicycle-accident-lawyer\/\"><b>Accidentes de bicicleta en California<\/b><\/a><\/li>\n<li><a href=\"https:\/\/attorneyjeff.com\/es\/california-car-accident-lawyer\/\"><b>Accidentes automovil\u00edsticos en California<\/b><\/a><\/li>\n<li><a href=\"https:\/\/attorneyjeff.com\/es\/california-construction-accident-lawyer\/\"><b>Accidentes de construcci\u00f3n en California<\/b><\/a><\/li>\n<li><a href=\"https:\/\/attorneyjeff.com\/es\/california-dog-bite-lawyer\/\"><b>Casos de mordeduras de perro en California<\/b><\/a><\/li>\n<li><a href=\"https:\/\/attorneyjeff.com\/es\/california-elder-abuse-lawyer\/\"><b>Casos de abuso de ancianos en California<\/b><\/a><\/li>\n<li><a href=\"https:\/\/attorneyjeff.com\/es\/california-employment-law-lawyer\/\"><b>California Employment Law<\/b><\/a><\/li>\n<li><a href=\"https:\/\/attorneyjeff.com\/es\/california-motorcycle-accident-lawyer\/\"><b>Accidentes de motocicleta en California<\/b><\/a><\/li>\n<li><a href=\"https:\/\/attorneyjeff.com\/es\/california-pedestrian-accident-lawyer\/\"><b>Accidentes de peatones en California<\/b><\/a><\/li>\n<li><a href=\"https:\/\/attorneyjeff.com\/es\/california-personal-injury-lawyer\/\"><b>Accidentes con lesiones personales en California<\/b><\/a><\/li>\n<li><a href=\"https:\/\/attorneyjeff.com\/es\/california-slip-and-fall-lawyer\/\"><b>Accidentes por resbalones y ca\u00eddas en California<\/b><\/a><\/li>\n<li><a href=\"https:\/\/attorneyjeff.com\/es\/california-truck-accident-lawyer\/\"><b>Accidentes de camiones en California<\/b><\/a><\/li>\n<li><a href=\"https:\/\/attorneyjeff.com\/es\/california-workers-compensation-lawyer\/\"><b>Reclamaciones de compensaci\u00f3n laboral en California<\/b><\/a><\/li>\n<li><a href=\"https:\/\/attorneyjeff.com\/es\/california-wrongful-death-lawyer\/\"><b>Demandas por muerte por negligencia en California<\/b><\/a><\/li>\n<\/ul>\n<p>No esperes m\u00e1s y no enfrentes esta situaci\u00f3n solo. <a href=\"\/es\/contact-us\/\">Ll\u00e1manos o env\u00edanos un mensaje<\/a> Hoy para obtener m\u00e1s informaci\u00f3n y comenzar. <span style=\"font-weight: 400;\">Comun\u00edquese hoy con su sucursal m\u00e1s cercana para una evaluaci\u00f3n de caso gratuita.<\/span><\/p>\n<ul>\n<li style=\"font-weight: 400;\" aria-level=\"1\"><a href=\"https:\/\/attorneyjeff.com\/es\/bakersfield-personal-injury-lawyer\/\"><b>Bakersfield<\/b><\/a><\/li>\n<li style=\"font-weight: 400;\" aria-level=\"1\"><a href=\"https:\/\/attorneyjeff.com\/es\/corona-car-accident-lawyer\/\"><b>Corona<\/b><\/a><\/li>\n<li style=\"font-weight: 400;\" aria-level=\"1\"><a href=\"https:\/\/attorneyjeff.com\/es\/fontana-injury\/\"><b>Fontana<\/b><\/a><\/li>\n<li style=\"font-weight: 400;\" aria-level=\"1\"><a href=\"http:\/\/orneyjeff.com\/fresno-personal-injury-lawyer\/\"><b>Fresno<\/b><\/a><\/li>\n<li style=\"font-weight: 400;\" aria-level=\"1\"><a href=\"https:\/\/attorneyjeff.com\/es\/hesperia-personal-injury-lawyer\/\"><b>Hesperia<\/b><\/a><\/li>\n<li style=\"font-weight: 400;\" aria-level=\"1\"><a href=\"https:\/\/attorneyjeff.com\/es\/rancho-cucamonga-personal-injury-lawyer\/\"><b>Rancho Cucamonga<\/b><\/a><\/li>\n<li style=\"font-weight: 400;\" aria-level=\"1\"><a href=\"https:\/\/attorneyjeff.com\/es\/san-jose-personal-injury-lawyer\/\"><b>San Jos\u00e9<\/b><\/a><\/li>\n<li style=\"font-weight: 400;\" aria-level=\"1\"><a href=\"https:\/\/attorneyjeff.com\/es\/santa-ana-personal-injury-lawyer\/\"><b>Santa Ana<\/b><\/a><\/li>\n<li style=\"font-weight: 400;\" aria-level=\"1\"><a href=\"https:\/\/attorneyjeff.com\/es\/tustin-personal-injury-lawyer\/\"><b>Tustin<\/b><\/a><\/li>\n<li style=\"font-weight: 400;\" aria-level=\"1\"><a href=\"https:\/\/attorneyjeff.com\/es\/van-nuys-injury\/\"><b>Van Nuys<\/b><\/a><\/li>\n<li style=\"font-weight: 400;\" aria-level=\"1\"><a href=\"https:\/\/attorneyjeff.com\/es\/victorville-personal-injury-lawyer\/\"><b>Victorville<\/b><\/a><\/li>\n<li style=\"font-weight: 400;\" aria-level=\"1\"><a href=\"https:\/\/attorneyjeff.com\/es\/visalia-personal-injury-lawyer\/\"><b>Visalia<\/b><\/a><\/li>\n<\/ul>","protected":false},"excerpt":{"rendered":"<p>En el equipo de Abogados de Accidentes de Auto del Abogado Jeff, contamos con abogados con amplia experiencia en accidentes de Uber y Lyft en California. Si sufri\u00f3 lesiones\u2026<\/p>","protected":false},"author":24,"featured_media":1386,"parent":0,"menu_order":0,"comment_status":"closed","ping_status":"closed","template":"","meta":{"inline_featured_image":false,"_monsterinsights_skip_tracking":false,"_monsterinsights_sitenote_active":false,"_monsterinsights_sitenote_note":"","_monsterinsights_sitenote_category":0,"footnotes":""},"class_list":["post-1366","page","type-page","status-publish","has-post-thumbnail","hentry"],"acf":[],"yoast_head":"<!-- This site is optimized with the Yoast SEO plugin v27.4 - https:\/\/yoast.com\/product\/yoast-seo-wordpress\/ -->\n<title>California Uber and Lyft Accident Lawyer | Attorney Jeff Car Accident Lawyer<\/title>\n<meta name=\"description\" content=\"If you\u2019re injured in an Uber or Lyft accident in California, you need an experienced attorney to represent you. Call us today to learn more.\" \/>\n<meta name=\"robots\" content=\"index, follow, max-snippet:-1, max-image-preview:large, max-video-preview:-1\" \/>\n<link rel=\"canonical\" href=\"https:\/\/attorneyjeff.com\/es\/california-uber-lyft-accident-lawyer\/\" \/>\n<meta property=\"og:locale\" content=\"es_MX\" \/>\n<meta property=\"og:type\" content=\"article\" \/>\n<meta property=\"og:title\" content=\"California Uber and Lyft Accident Lawyer | Attorney Jeff Car Accident Lawyer\" \/>\n<meta property=\"og:description\" content=\"If you\u2019re injured in an Uber or Lyft accident in California, you need an experienced attorney to represent you. Call us today to learn more.\" \/>\n<meta property=\"og:url\" content=\"https:\/\/attorneyjeff.com\/es\/california-uber-lyft-accident-lawyer\/\" \/>\n<meta property=\"og:site_name\" content=\"Attorney Jeff\" \/>\n<meta property=\"article:modified_time\" content=\"2026-03-23T18:50:41+00:00\" \/>\n<meta property=\"og:image\" content=\"https:\/\/attorneyjeff.com\/wp-content\/uploads\/2023\/04\/California-Uber-and-Lyft-Accident-Lawyer-scaled.webp\" \/>\n\t<meta property=\"og:image:width\" content=\"2560\" \/>\n\t<meta property=\"og:image:height\" content=\"1706\" \/>\n\t<meta property=\"og:image:type\" content=\"image\/webp\" \/>\n<meta name=\"twitter:card\" content=\"summary_large_image\" \/>\n<script type=\"application\/ld+json\" class=\"yoast-schema-graph\">{\"@context\":\"https:\\\/\\\/schema.org\",\"@graph\":[{\"@type\":\"WebPage\",\"@id\":\"https:\\\/\\\/attorneyjeff.com\\\/california-uber-lyft-accident-lawyer\\\/\",\"url\":\"https:\\\/\\\/attorneyjeff.com\\\/california-uber-lyft-accident-lawyer\\\/\",\"name\":\"California Uber and Lyft Accident Lawyer | Attorney Jeff Car Accident Lawyer\",\"isPartOf\":{\"@id\":\"https:\\\/\\\/attorneyjeff.com\\\/#website\"},\"primaryImageOfPage\":{\"@id\":\"https:\\\/\\\/attorneyjeff.com\\\/california-uber-lyft-accident-lawyer\\\/#primaryimage\"},\"image\":{\"@id\":\"https:\\\/\\\/attorneyjeff.com\\\/california-uber-lyft-accident-lawyer\\\/#primaryimage\"},\"thumbnailUrl\":\"https:\\\/\\\/attorneyjeff.com\\\/wp-content\\\/uploads\\\/2023\\\/04\\\/California-Uber-and-Lyft-Accident-Lawyer-scaled.webp\",\"datePublished\":\"2023-04-12T18:57:54+00:00\",\"dateModified\":\"2026-03-23T18:50:41+00:00\",\"description\":\"If you\u2019re injured in an Uber or Lyft accident in California, you need an experienced attorney to represent you. Call us today to learn more.\",\"breadcrumb\":{\"@id\":\"https:\\\/\\\/attorneyjeff.com\\\/california-uber-lyft-accident-lawyer\\\/#breadcrumb\"},\"inLanguage\":\"es\",\"potentialAction\":[{\"@type\":\"ReadAction\",\"target\":[\"https:\\\/\\\/attorneyjeff.com\\\/california-uber-lyft-accident-lawyer\\\/\"]}]},{\"@type\":\"ImageObject\",\"inLanguage\":\"es\",\"@id\":\"https:\\\/\\\/attorneyjeff.com\\\/california-uber-lyft-accident-lawyer\\\/#primaryimage\",\"url\":\"https:\\\/\\\/attorneyjeff.com\\\/wp-content\\\/uploads\\\/2023\\\/04\\\/California-Uber-and-Lyft-Accident-Lawyer-scaled.webp\",\"contentUrl\":\"https:\\\/\\\/attorneyjeff.com\\\/wp-content\\\/uploads\\\/2023\\\/04\\\/California-Uber-and-Lyft-Accident-Lawyer-scaled.webp\",\"width\":2560,\"height\":1706,\"caption\":\"California Uber and Lyft Accident Lawyer\"},{\"@type\":\"BreadcrumbList\",\"@id\":\"https:\\\/\\\/attorneyjeff.com\\\/california-uber-lyft-accident-lawyer\\\/#breadcrumb\",\"itemListElement\":[{\"@type\":\"ListItem\",\"position\":1,\"name\":\"Home\",\"item\":\"https:\\\/\\\/attorneyjeff.com\\\/\"},{\"@type\":\"ListItem\",\"position\":2,\"name\":\"California Uber and Lyft Accident Lawyer\"}]},{\"@type\":\"WebSite\",\"@id\":\"https:\\\/\\\/attorneyjeff.com\\\/#website\",\"url\":\"https:\\\/\\\/attorneyjeff.com\\\/\",\"name\":\"Attorney Jeff\",\"description\":\"Car Accident Lawyer\",\"potentialAction\":[{\"@type\":\"SearchAction\",\"target\":{\"@type\":\"EntryPoint\",\"urlTemplate\":\"https:\\\/\\\/attorneyjeff.com\\\/?s={search_term_string}\"},\"query-input\":{\"@type\":\"PropertyValueSpecification\",\"valueRequired\":true,\"valueName\":\"search_term_string\"}}],\"inLanguage\":\"es\"}]}<\/script>\n<!-- \/ Yoast SEO plugin. -->","yoast_head_json":{"title":"Abogado de accidentes de Uber y Lyft en California | Abogado Jeff, abogado de accidentes de tr\u00e1fico","description":"Si sufre una lesi\u00f3n en un accidente de Uber o Lyft en California, necesita un abogado con experiencia que lo represente. Ll\u00e1menos hoy mismo para obtener m\u00e1s informaci\u00f3n.","robots":{"index":"index","follow":"follow","max-snippet":"max-snippet:-1","max-image-preview":"max-image-preview:large","max-video-preview":"max-video-preview:-1"},"canonical":"https:\/\/attorneyjeff.com\/es\/california-uber-lyft-accident-lawyer\/","og_locale":"es_MX","og_type":"article","og_title":"California Uber and Lyft Accident Lawyer | Attorney Jeff Car Accident Lawyer","og_description":"If you\u2019re injured in an Uber or Lyft accident in California, you need an experienced attorney to represent you. Call us today to learn more.","og_url":"https:\/\/attorneyjeff.com\/es\/california-uber-lyft-accident-lawyer\/","og_site_name":"Attorney Jeff","article_modified_time":"2026-03-23T18:50:41+00:00","og_image":[{"width":2560,"height":1706,"url":"https:\/\/attorneyjeff.com\/wp-content\/uploads\/2023\/04\/California-Uber-and-Lyft-Accident-Lawyer-scaled.webp","type":"image\/webp"}],"twitter_card":"summary_large_image","schema":{"@context":"https:\/\/schema.org","@graph":[{"@type":"WebPage","@id":"https:\/\/attorneyjeff.com\/california-uber-lyft-accident-lawyer\/","url":"https:\/\/attorneyjeff.com\/california-uber-lyft-accident-lawyer\/","name":"Abogado de accidentes de Uber y Lyft en California | Abogado Jeff, abogado de accidentes de tr\u00e1fico","isPartOf":{"@id":"https:\/\/attorneyjeff.com\/#website"},"primaryImageOfPage":{"@id":"https:\/\/attorneyjeff.com\/california-uber-lyft-accident-lawyer\/#primaryimage"},"image":{"@id":"https:\/\/attorneyjeff.com\/california-uber-lyft-accident-lawyer\/#primaryimage"},"thumbnailUrl":"https:\/\/attorneyjeff.com\/wp-content\/uploads\/2023\/04\/California-Uber-and-Lyft-Accident-Lawyer-scaled.webp","datePublished":"2023-04-12T18:57:54+00:00","dateModified":"2026-03-23T18:50:41+00:00","description":"Si sufre una lesi\u00f3n en un accidente de Uber o Lyft en California, necesita un abogado con experiencia que lo represente. Ll\u00e1menos hoy mismo para obtener m\u00e1s informaci\u00f3n.","breadcrumb":{"@id":"https:\/\/attorneyjeff.com\/california-uber-lyft-accident-lawyer\/#breadcrumb"},"inLanguage":"es","potentialAction":[{"@type":"ReadAction","target":["https:\/\/attorneyjeff.com\/california-uber-lyft-accident-lawyer\/"]}]},{"@type":"ImageObject","inLanguage":"es","@id":"https:\/\/attorneyjeff.com\/california-uber-lyft-accident-lawyer\/#primaryimage","url":"https:\/\/attorneyjeff.com\/wp-content\/uploads\/2023\/04\/California-Uber-and-Lyft-Accident-Lawyer-scaled.webp","contentUrl":"https:\/\/attorneyjeff.com\/wp-content\/uploads\/2023\/04\/California-Uber-and-Lyft-Accident-Lawyer-scaled.webp","width":2560,"height":1706,"caption":"California Uber and Lyft Accident Lawyer"},{"@type":"BreadcrumbList","@id":"https:\/\/attorneyjeff.com\/california-uber-lyft-accident-lawyer\/#breadcrumb","itemListElement":[{"@type":"ListItem","position":1,"name":"Home","item":"https:\/\/attorneyjeff.com\/"},{"@type":"ListItem","position":2,"name":"California Uber and Lyft Accident Lawyer"}]},{"@type":"WebSite","@id":"https:\/\/attorneyjeff.com\/#website","url":"https:\/\/attorneyjeff.com\/","name":"El abogado Jeff","description":"Abogado de accidentes de coche","potentialAction":[{"@type":"SearchAction","target":{"@type":"EntryPoint","urlTemplate":"https:\/\/attorneyjeff.com\/?s={search_term_string}"},"query-input":{"@type":"PropertyValueSpecification","valueRequired":true,"valueName":"search_term_string"}}],"inLanguage":"es"}]}},"_links":{"self":[{"href":"https:\/\/attorneyjeff.com\/es\/wp-json\/wp\/v2\/pages\/1366","targetHints":{"allow":["GET"]}}],"collection":[{"href":"https:\/\/attorneyjeff.com\/es\/wp-json\/wp\/v2\/pages"}],"about":[{"href":"https:\/\/attorneyjeff.com\/es\/wp-json\/wp\/v2\/types\/page"}],"author":[{"embeddable":true,"href":"https:\/\/attorneyjeff.com\/es\/wp-json\/wp\/v2\/users\/24"}],"replies":[{"embeddable":true,"href":"https:\/\/attorneyjeff.com\/es\/wp-json\/wp\/v2\/comments?post=1366"}],"version-history":[{"count":0,"href":"https:\/\/attorneyjeff.com\/es\/wp-json\/wp\/v2\/pages\/1366\/revisions"}],"wp:featuredmedia":[{"embeddable":true,"href":"https:\/\/attorneyjeff.com\/es\/wp-json\/wp\/v2\/media\/1386"}],"wp:attachment":[{"href":"https:\/\/attorneyjeff.com\/es\/wp-json\/wp\/v2\/media?parent=1366"}],"curies":[{"name":"wp","href":"https:\/\/api.w.org\/{rel}","templated":true}]}}