{"id":1367,"date":"2023-04-12T15:02:44","date_gmt":"2023-04-12T19:02:44","guid":{"rendered":"https:\/\/attorneyjeff25.wpenginepowered.com\/?page_id=1367"},"modified":"2026-03-23T11:46:16","modified_gmt":"2026-03-23T18:46:16","slug":"california-motorcycle-accident-lawyer","status":"publish","type":"page","link":"https:\/\/attorneyjeff.com\/es\/california-motorcycle-accident-lawyer\/","title":{"rendered":"Abogado de accidentes de motocicleta en California"},"content":{"rendered":"<p>Trabaje hoy mismo con un abogado experto en accidentes de motocicleta en California. <span style=\"font-weight: 400;\">Abogado Jeff, abogado de accidentes automovil\u00edsticos<\/span>Representamos a las v\u00edctimas y a sus familias. Nos comprometemos a ayudar a los motociclistas a obtener una indemnizaci\u00f3n tras sufrir lesiones en un accidente.<\/p>\n<p>Atendemos casos de accidentes de motocicleta en toda California. Nuestro bufete cuenta con la experiencia, los recursos y la experiencia necesarios para obtener resultados. Nuestro equipo comprende la ayuda que necesita y la compensaci\u00f3n que merece como v\u00edctima de un accidente de motocicleta.<\/p>\n<p>Cont\u00e1ctenos ahora para una consulta con un abogado especializado en accidentes de motocicleta en California. Podemos iniciar su caso hoy mismo.<\/p>\n<h2>Derechos legales de las v\u00edctimas de accidentes de motocicleta<\/h2>\n<p>Como v\u00edctima de un accidente de motocicleta, usted tiene derecho a:<\/p>\n<ul>\n<li>Obtener una indemnizaci\u00f3n de la parte responsable del accidente<\/li>\n<li>Busque una compensaci\u00f3n basada en sus p\u00e9rdidas individuales, independientemente de lo que se considere un acuerdo promedio<\/li>\n<li>Presente su reclamo contra la parte o partes responsables seg\u00fan la ley de California<\/li>\n<li>Que el abogado de su elecci\u00f3n le represente \u2013 <span style=\"font-weight: 400;\">Abogado Jeff, abogado de accidentes automovil\u00edsticos<\/span> \u00a1Manejamos todo tipo de reclamos por accidentes de motocicleta!<\/li>\n<li>Resolver el caso en sus t\u00e9rminos o llevar el caso a juicio<\/li>\n<\/ul>\n<p>\u00bfHa sufrido un accidente de motocicleta? Podr\u00eda merecer una compensaci\u00f3n econ\u00f3mica. Para recibirla, debe presentar una reclamaci\u00f3n.<em> Podemos encargarnos de todo.<\/em><\/p>\n<p>Presentar una demanda no es suficiente. Necesita justicia. Necesita la compensaci\u00f3n que justifique lo sucedido y lo que le corresponde seg\u00fan la ley. Como su equipo legal, sabemos lo que se necesita para obtener resultados reales. Ese es nuestro compromiso con usted.<\/p>\n<h3>\u00bfOfrecen acuerdos de honorarios de contingencia?<\/h3>\n<p>S\u00ed, \u00a1utilizamos honorarios de contingencia! Vea c\u00f3mo representamos a clientes que no tienen derecho a nada por nuestros servicios a menos que reciban una compensaci\u00f3n en su caso.<\/p>\n<h2>Compensaci\u00f3n para v\u00edctimas de accidentes de motocicleta<\/h2>\n<p>Los tipos de compensaci\u00f3n para las v\u00edctimas de accidentes de motocicleta incluyen:<\/p>\n<ul>\n<li>Facturas m\u00e9dicas de emergencia<\/li>\n<li>Facturas m\u00e9dicas de rutina, seguimiento y a largo plazo<\/li>\n<li>Terapia y rehabilitaci\u00f3n<\/li>\n<li>Gastos m\u00e9dicos de bolsillo<\/li>\n<li>Enfermer\u00eda a largo plazo o atenci\u00f3n domiciliaria, si es necesario<\/li>\n<li>P\u00e9rdida de ingresos, beneficios, ventajas y expectativas profesionales da\u00f1adas<\/li>\n<li>Da\u00f1os en la motocicleta y da\u00f1os en el equipo de conducci\u00f3n.<\/li>\n<li>Dolor y sufrimiento<\/li>\n<li>Desfiguraci\u00f3n y cicatrices, limitaciones f\u00edsicas.<\/li>\n<li>Angustia emocional<\/li>\n<\/ul>\n<p>Muchas personas se sorprenden al saber el verdadero valor de su reclamaci\u00f3n por accidente de motocicleta. Deber\u00eda recibir una compensaci\u00f3n justa por el dolor y el sufrimiento, y por el impacto que el accidente ha tenido en su vida.<\/p>\n<h3>\u00bfLas compa\u00f1\u00edas de seguros tratan de forma diferente a los motociclistas?<\/h3>\n<p><em>Los motociclistas tienen los mismos derechos que otras v\u00edctimas de accidentes. <\/em>No hay deducci\u00f3n ni reducci\u00f3n por ser motociclista. Puede reclamar el importe total correspondiente al da\u00f1o sufrido.<\/p>\n<h2>C\u00f3mo probar su caso de accidente de motocicleta<\/h2>\n<p>Para probar un caso de accidente de motocicleta en California, debe presentar evidencia de lo siguiente:<\/p>\n<ol>\n<li>Deber: El conductor (o alguien m\u00e1s) ten\u00eda un deber de cuidado hacia el motociclista. Por supuesto, los conductores siempre tienen un deber hacia los dem\u00e1s cuando conducen un veh\u00edculo motorizado.<\/li>\n<li>Incumplimiento del deber: En la mayor\u00eda de los casos, el est\u00e1ndar legal es la negligencia o la falta de cuidado ordinario.<\/li>\n<li>Accidente:. Debe haber ocurrido un accidente\/choque.<\/li>\n<li>Causalidad: El incumplimiento del deber debe haber causado el accidente, las lesiones y los da\u00f1os.<\/li>\n<li>Da\u00f1os y perjuicios: La v\u00edctima tiene da\u00f1os y perjuicios que merecen una indemnizaci\u00f3n.<\/li>\n<\/ol>\n<p>Nuestros abogados saben c\u00f3mo probar un caso. Investigamos y reforzamos las pruebas como parte de nuestra representaci\u00f3n.<\/p>\n<h2>Ejemplos de negligencia en reclamaciones por accidentes de motocicleta<\/h2>\n<p>Algunas bases legales para reclamaciones por accidentes de motocicleta son:<\/p>\n<ul>\n<li>No permitir que el motociclista utilice completamente el carril<\/li>\n<li>Girar delante de un motociclista<\/li>\n<li>Cortar a alguien<\/li>\n<li>Seguir demasiado de cerca o acosar a una persona en la carretera<\/li>\n<li>No ser consciente de que puede haber motociclistas presentes<\/li>\n<li>Exceso de velocidad o conducir demasiado r\u00e1pido para las condiciones<\/li>\n<li>Mantenimiento inadecuado del veh\u00edculo; luces del veh\u00edculo que no funcionan<\/li>\n<li>Dise\u00f1os de veh\u00edculos que no son seguros y que provocan un accidente o contribuyen a su gravedad<\/li>\n<li>Mala reparaci\u00f3n de la carretera<\/li>\n<li>Conducir ebrio, conducir bajo la influencia del alcohol<\/li>\n<\/ul>\n<p>Con mayor frecuencia, la culpa es de otro conductor. Sin embargo, puede haber otras partes con responsabilidad legal, como el empleador de un conductor comercial, el fabricante del veh\u00edculo o incluso una entidad gubernamental responsable del dise\u00f1o y la reparaci\u00f3n de carreteras.<\/p>\n<h2>Sirviendo a motociclistas en toda California<\/h2>\n<p>California tiene la comunidad de motociclistas m\u00e1s grande de Estados Unidos. En 2021, se registraron 952,977 motocicletas para circular por las carreteras de California (IIHS, <a href=\"https:\/\/www.iihs.org\/api\/datastoredocument\/bibliography\/2225\" target=\"_blank\" rel=\"noopener\">Motocicletas matriculadas<\/a>). Eso es 1,47 veces m\u00e1s motocicletas que el estado que ocupa el segundo lugar en propiedad de motocicletas.<\/p>\n<p>Hab\u00eda <a href=\"https:\/\/www.ots.ca.gov\/ots-and-traffic-safety\/score-card\/\" target=\"_blank\" rel=\"noopener\">474 muertes en motocicleta en 2019 en California<\/a>. <a href=\"https:\/\/crashstats.nhtsa.dot.gov\/Api\/Public\/ViewPublication\/813306\" target=\"_blank\" rel=\"noopener\">14% de todas las muertes por accidentes de tr\u00e1fico<\/a> son motociclistas, pero las motocicletas representan solo <a href=\"https:\/\/crashstats.nhtsa.dot.gov\/Api\/Public\/ViewPublication\/813306\" target=\"_blank\" rel=\"noopener\">3% de veh\u00edculos en la carretera<\/a>.<\/p>\n<p>Un solo accidente de motocicleta es demasiado. Cada v\u00edctima sufre graves dolores y dificultades econ\u00f3micas. Su vida cambia.<\/p>\n<p>El abogado Jeff Car Accident Lawyer se enorgullece de servir a todas las v\u00edctimas de accidentes de motocicleta en California. Tiene un lugar al que acudir si necesita una excelente representaci\u00f3n legal despu\u00e9s de un accidente. Nos compadecemos de los desaf\u00edos que enfrentan las v\u00edctimas de motocicletas. Nos enorgullece servir a California.<\/p>\n<h2>Aspectos destacados del abogado Jeff, abogado de accidentes automovil\u00edsticos<\/h2>\n<ul>\n<li>Nos dedicamos a defender los derechos de los motociclistas. Mereces contar con abogados expertos en caso de accidente.<\/li>\n<li>Somos abogados de demandantes\/v\u00edctimas. Nuestro equipo ayuda a las personas lesionadas a recibir una indemnizaci\u00f3n.<\/li>\n<li>Los casos se gestionan en toda California. Puede contar con nuestros abogados de su lado en cualquier tribunal del estado.<\/li>\n<li>Contamos con 11 oficinas en todo el estado, por lo que estamos aqu\u00ed donde nos necesite.<\/li>\n<li>Un equipo legal galardonado con un historial de \u00e9xito.<\/li>\n<li>Honorarios de contingencia y consultas sin compromiso. No se preocupe por c\u00f3mo pagar a un abogado. Nuestros honorarios est\u00e1n estructurados para beneficiar a las v\u00edctimas.<\/li>\n<\/ul>\n<h2>Obtenga ayuda de un abogado especializado en accidentes de motocicleta ahora<\/h2>\n<p>Comience con una consulta con un abogado especializado en accidentes de motocicleta en California. Hable con <a href=\"https:\/\/attorneyjeff.com\/es\/attorney\/jeff-fayngor\/\"><span style=\"font-weight: 400;\">Abogado Jeff, abogado de accidentes automovil\u00edsticos<\/span><\/a>Haremos todo lo que est\u00e9 a nuestro alcance para atender sus necesidades legales.<\/p>\n<p>It is our goal to help each injured motorcycle accident victim who needs quality legal representation. We are advocates for victims. <span style=\"font-weight: 400;\">En Attorney Jeff Car Accident Lawyer, nos especializamos en el manejo de las siguientes \u00e1reas de pr\u00e1ctica de lesiones personales:<\/span><\/p>\n<ul>\n<li><a href=\"https:\/\/attorneyjeff.com\/es\/california-bicycle-accident-lawyer\/\"><b>Accidentes de bicicleta en California<\/b><\/a><\/li>\n<li><a href=\"https:\/\/attorneyjeff.com\/es\/california-car-accident-lawyer\/\"><b>Accidentes automovil\u00edsticos en California<\/b><\/a><\/li>\n<li><a href=\"https:\/\/attorneyjeff.com\/es\/california-construction-accident-lawyer\/\"><b>Accidentes de construcci\u00f3n en California<\/b><\/a><\/li>\n<li><a href=\"https:\/\/attorneyjeff.com\/es\/california-dog-bite-lawyer\/\"><b>Casos de mordeduras de perro en California<\/b><\/a><\/li>\n<li><a href=\"https:\/\/attorneyjeff.com\/es\/california-elder-abuse-lawyer\/\"><b>Casos de abuso de ancianos en California<\/b><\/a><\/li>\n<li><a href=\"https:\/\/attorneyjeff.com\/es\/california-employment-law-lawyer\/\"><b>California Employment Law<\/b><\/a><\/li>\n<li><a href=\"https:\/\/attorneyjeff.com\/es\/california-pedestrian-accident-lawyer\/\"><b>Accidentes de peatones en California<\/b><\/a><\/li>\n<li><a href=\"https:\/\/attorneyjeff.com\/es\/california-personal-injury-lawyer\/\"><b>Accidentes con lesiones personales en California<\/b><\/a><\/li>\n<li><a href=\"https:\/\/attorneyjeff.com\/es\/california-slip-and-fall-lawyer\/\"><b>Accidentes por resbalones y ca\u00eddas en California<\/b><\/a><\/li>\n<li><a href=\"https:\/\/attorneyjeff.com\/es\/california-truck-accident-lawyer\/\"><b>Accidentes de camiones en California<\/b><\/a><\/li>\n<li><a href=\"https:\/\/attorneyjeff.com\/es\/california-uber-lyft-accident-lawyer\/\"><b>Accidentes de Uber y Lyft en California<\/b><\/a><\/li>\n<li><a href=\"https:\/\/attorneyjeff.com\/es\/california-workers-compensation-lawyer\/\"><b>Reclamaciones de compensaci\u00f3n laboral en California<\/b><\/a><\/li>\n<li><a href=\"https:\/\/attorneyjeff.com\/es\/california-wrongful-death-lawyer\/\"><b>Demandas por muerte por negligencia en California<\/b><\/a><\/li>\n<\/ul>\n<p>Schedule a free consultation by sending<a href=\"\/es\/contact-us\/\">\u00a0us a message<\/a>Estamos aqu\u00ed para defenderte. Te invitamos a contactarnos hoy mismo. <span style=\"font-weight: 400;\">Comun\u00edquese hoy con su sucursal m\u00e1s cercana para una evaluaci\u00f3n de caso gratuita.<\/span><\/p>\n<ul>\n<li style=\"font-weight: 400;\" aria-level=\"1\"><a href=\"https:\/\/attorneyjeff.com\/es\/bakersfield-personal-injury-lawyer\/\"><b>Bakersfield<\/b><\/a><\/li>\n<li style=\"font-weight: 400;\" aria-level=\"1\"><a href=\"https:\/\/attorneyjeff.com\/es\/corona-car-accident-lawyer\/\"><b>Corona<\/b><\/a><\/li>\n<li style=\"font-weight: 400;\" aria-level=\"1\"><a href=\"https:\/\/attorneyjeff.com\/es\/fontana-injury\/\"><b>Fontana<\/b><\/a><\/li>\n<li style=\"font-weight: 400;\" aria-level=\"1\"><a href=\"http:\/\/orneyjeff.com\/fresno-personal-injury-lawyer\/\"><b>Fresno<\/b><\/a><\/li>\n<li style=\"font-weight: 400;\" aria-level=\"1\"><a href=\"https:\/\/attorneyjeff.com\/es\/hesperia-personal-injury-lawyer\/\"><b>Hesperia<\/b><\/a><\/li>\n<li style=\"font-weight: 400;\" aria-level=\"1\"><a href=\"https:\/\/attorneyjeff.com\/es\/rancho-cucamonga-personal-injury-lawyer\/\"><b>Rancho Cucamonga<\/b><\/a><\/li>\n<li style=\"font-weight: 400;\" aria-level=\"1\"><a href=\"https:\/\/attorneyjeff.com\/es\/san-jose-personal-injury-lawyer\/\"><b>San Jos\u00e9<\/b><\/a><\/li>\n<li style=\"font-weight: 400;\" aria-level=\"1\"><a href=\"https:\/\/attorneyjeff.com\/es\/santa-ana-personal-injury-lawyer\/\"><b>Santa Ana<\/b><\/a><\/li>\n<li style=\"font-weight: 400;\" aria-level=\"1\"><a href=\"https:\/\/attorneyjeff.com\/es\/tustin-personal-injury-lawyer\/\"><b>Tustin<\/b><\/a><\/li>\n<li style=\"font-weight: 400;\" aria-level=\"1\"><a href=\"https:\/\/attorneyjeff.com\/es\/van-nuys-injury\/\"><b>Van Nuys<\/b><\/a><\/li>\n<li style=\"font-weight: 400;\" aria-level=\"1\"><a href=\"https:\/\/attorneyjeff.com\/es\/victorville-personal-injury-lawyer\/\"><b>Victorville<\/b><\/a><\/li>\n<li style=\"font-weight: 400;\" aria-level=\"1\"><a href=\"https:\/\/attorneyjeff.com\/es\/visalia-personal-injury-lawyer\/\"><b>Visalia<\/b><\/a><\/li>\n<\/ul>","protected":false},"excerpt":{"rendered":"<p>Trabaje hoy mismo con un abogado experto en accidentes de motocicleta en California. En el caso de Jeff Car Accident Lawyer, representamos a las v\u00edctimas y sus...<\/p>","protected":false},"author":24,"featured_media":1393,"parent":0,"menu_order":0,"comment_status":"closed","ping_status":"closed","template":"","meta":{"inline_featured_image":false,"_monsterinsights_skip_tracking":false,"_monsterinsights_sitenote_active":false,"_monsterinsights_sitenote_note":"","_monsterinsights_sitenote_category":0,"footnotes":""},"class_list":["post-1367","page","type-page","status-publish","has-post-thumbnail","hentry"],"acf":[],"yoast_head":"<!-- This site is optimized with the Yoast SEO plugin v27.4 - https:\/\/yoast.com\/product\/yoast-seo-wordpress\/ -->\n<title>California Motorcycle Accident Lawyer | Attorney Jeff Car Accident Lawyer<\/title>\n<meta name=\"description\" content=\"If you&#039;ve been injured in a California motorcycle accident, you need an experienced and skilled attorney who will fight for your rights.\" \/>\n<meta name=\"robots\" content=\"index, follow, max-snippet:-1, max-image-preview:large, max-video-preview:-1\" \/>\n<link rel=\"canonical\" href=\"https:\/\/attorneyjeff.com\/es\/california-motorcycle-accident-lawyer\/\" \/>\n<meta property=\"og:locale\" content=\"es_MX\" \/>\n<meta property=\"og:type\" content=\"article\" \/>\n<meta property=\"og:title\" content=\"California Motorcycle Accident Lawyer | Attorney Jeff Car Accident Lawyer\" \/>\n<meta property=\"og:description\" content=\"If you&#039;ve been injured in a California motorcycle accident, you need an experienced and skilled attorney who will fight for your rights.\" \/>\n<meta property=\"og:url\" content=\"https:\/\/attorneyjeff.com\/es\/california-motorcycle-accident-lawyer\/\" \/>\n<meta property=\"og:site_name\" content=\"Attorney Jeff\" \/>\n<meta property=\"article:modified_time\" content=\"2026-03-23T18:46:16+00:00\" \/>\n<meta property=\"og:image\" content=\"https:\/\/attorneyjeff.com\/wp-content\/uploads\/2023\/04\/California-Motorcycle-Accident-Lawyer-scaled.webp\" \/>\n\t<meta property=\"og:image:width\" content=\"2560\" \/>\n\t<meta property=\"og:image:height\" content=\"1709\" \/>\n\t<meta property=\"og:image:type\" content=\"image\/webp\" \/>\n<meta name=\"twitter:card\" content=\"summary_large_image\" \/>\n<script type=\"application\/ld+json\" class=\"yoast-schema-graph\">{\"@context\":\"https:\\\/\\\/schema.org\",\"@graph\":[{\"@type\":\"WebPage\",\"@id\":\"https:\\\/\\\/attorneyjeff.com\\\/california-motorcycle-accident-lawyer\\\/\",\"url\":\"https:\\\/\\\/attorneyjeff.com\\\/california-motorcycle-accident-lawyer\\\/\",\"name\":\"California Motorcycle Accident Lawyer | Attorney Jeff Car Accident Lawyer\",\"isPartOf\":{\"@id\":\"https:\\\/\\\/attorneyjeff.com\\\/#website\"},\"primaryImageOfPage\":{\"@id\":\"https:\\\/\\\/attorneyjeff.com\\\/california-motorcycle-accident-lawyer\\\/#primaryimage\"},\"image\":{\"@id\":\"https:\\\/\\\/attorneyjeff.com\\\/california-motorcycle-accident-lawyer\\\/#primaryimage\"},\"thumbnailUrl\":\"https:\\\/\\\/attorneyjeff.com\\\/wp-content\\\/uploads\\\/2023\\\/04\\\/California-Motorcycle-Accident-Lawyer-scaled.webp\",\"datePublished\":\"2023-04-12T19:02:44+00:00\",\"dateModified\":\"2026-03-23T18:46:16+00:00\",\"description\":\"If you've been injured in a California motorcycle accident, you need an experienced and skilled attorney who will fight for your rights.\",\"breadcrumb\":{\"@id\":\"https:\\\/\\\/attorneyjeff.com\\\/california-motorcycle-accident-lawyer\\\/#breadcrumb\"},\"inLanguage\":\"es\",\"potentialAction\":[{\"@type\":\"ReadAction\",\"target\":[\"https:\\\/\\\/attorneyjeff.com\\\/california-motorcycle-accident-lawyer\\\/\"]}]},{\"@type\":\"ImageObject\",\"inLanguage\":\"es\",\"@id\":\"https:\\\/\\\/attorneyjeff.com\\\/california-motorcycle-accident-lawyer\\\/#primaryimage\",\"url\":\"https:\\\/\\\/attorneyjeff.com\\\/wp-content\\\/uploads\\\/2023\\\/04\\\/California-Motorcycle-Accident-Lawyer-scaled.webp\",\"contentUrl\":\"https:\\\/\\\/attorneyjeff.com\\\/wp-content\\\/uploads\\\/2023\\\/04\\\/California-Motorcycle-Accident-Lawyer-scaled.webp\",\"width\":2560,\"height\":1709,\"caption\":\"California Motorcycle Accident Lawyer\"},{\"@type\":\"BreadcrumbList\",\"@id\":\"https:\\\/\\\/attorneyjeff.com\\\/california-motorcycle-accident-lawyer\\\/#breadcrumb\",\"itemListElement\":[{\"@type\":\"ListItem\",\"position\":1,\"name\":\"Home\",\"item\":\"https:\\\/\\\/attorneyjeff.com\\\/\"},{\"@type\":\"ListItem\",\"position\":2,\"name\":\"California Motorcycle Accident Lawyer\"}]},{\"@type\":\"WebSite\",\"@id\":\"https:\\\/\\\/attorneyjeff.com\\\/#website\",\"url\":\"https:\\\/\\\/attorneyjeff.com\\\/\",\"name\":\"Attorney Jeff\",\"description\":\"Car Accident Lawyer\",\"potentialAction\":[{\"@type\":\"SearchAction\",\"target\":{\"@type\":\"EntryPoint\",\"urlTemplate\":\"https:\\\/\\\/attorneyjeff.com\\\/?s={search_term_string}\"},\"query-input\":{\"@type\":\"PropertyValueSpecification\",\"valueRequired\":true,\"valueName\":\"search_term_string\"}}],\"inLanguage\":\"es\"}]}<\/script>\n<!-- \/ Yoast SEO plugin. -->","yoast_head_json":{"title":"Abogado de accidentes de motocicleta en California | Abogado Jeff, abogado de accidentes de tr\u00e1fico","description":"Si ha resultado lesionado en un accidente de motocicleta en California, necesita un abogado experimentado y capacitado que luche por sus derechos.","robots":{"index":"index","follow":"follow","max-snippet":"max-snippet:-1","max-image-preview":"max-image-preview:large","max-video-preview":"max-video-preview:-1"},"canonical":"https:\/\/attorneyjeff.com\/es\/california-motorcycle-accident-lawyer\/","og_locale":"es_MX","og_type":"article","og_title":"California Motorcycle Accident Lawyer | Attorney Jeff Car Accident Lawyer","og_description":"If you've been injured in a California motorcycle accident, you need an experienced and skilled attorney who will fight for your rights.","og_url":"https:\/\/attorneyjeff.com\/es\/california-motorcycle-accident-lawyer\/","og_site_name":"Attorney Jeff","article_modified_time":"2026-03-23T18:46:16+00:00","og_image":[{"width":2560,"height":1709,"url":"https:\/\/attorneyjeff.com\/wp-content\/uploads\/2023\/04\/California-Motorcycle-Accident-Lawyer-scaled.webp","type":"image\/webp"}],"twitter_card":"summary_large_image","schema":{"@context":"https:\/\/schema.org","@graph":[{"@type":"WebPage","@id":"https:\/\/attorneyjeff.com\/california-motorcycle-accident-lawyer\/","url":"https:\/\/attorneyjeff.com\/california-motorcycle-accident-lawyer\/","name":"Abogado de accidentes de motocicleta en California | Abogado Jeff, abogado de accidentes de tr\u00e1fico","isPartOf":{"@id":"https:\/\/attorneyjeff.com\/#website"},"primaryImageOfPage":{"@id":"https:\/\/attorneyjeff.com\/california-motorcycle-accident-lawyer\/#primaryimage"},"image":{"@id":"https:\/\/attorneyjeff.com\/california-motorcycle-accident-lawyer\/#primaryimage"},"thumbnailUrl":"https:\/\/attorneyjeff.com\/wp-content\/uploads\/2023\/04\/California-Motorcycle-Accident-Lawyer-scaled.webp","datePublished":"2023-04-12T19:02:44+00:00","dateModified":"2026-03-23T18:46:16+00:00","description":"Si ha resultado lesionado en un accidente de motocicleta en California, necesita un abogado experimentado y capacitado que luche por sus derechos.","breadcrumb":{"@id":"https:\/\/attorneyjeff.com\/california-motorcycle-accident-lawyer\/#breadcrumb"},"inLanguage":"es","potentialAction":[{"@type":"ReadAction","target":["https:\/\/attorneyjeff.com\/california-motorcycle-accident-lawyer\/"]}]},{"@type":"ImageObject","inLanguage":"es","@id":"https:\/\/attorneyjeff.com\/california-motorcycle-accident-lawyer\/#primaryimage","url":"https:\/\/attorneyjeff.com\/wp-content\/uploads\/2023\/04\/California-Motorcycle-Accident-Lawyer-scaled.webp","contentUrl":"https:\/\/attorneyjeff.com\/wp-content\/uploads\/2023\/04\/California-Motorcycle-Accident-Lawyer-scaled.webp","width":2560,"height":1709,"caption":"California Motorcycle Accident Lawyer"},{"@type":"BreadcrumbList","@id":"https:\/\/attorneyjeff.com\/california-motorcycle-accident-lawyer\/#breadcrumb","itemListElement":[{"@type":"ListItem","position":1,"name":"Home","item":"https:\/\/attorneyjeff.com\/"},{"@type":"ListItem","position":2,"name":"California Motorcycle Accident Lawyer"}]},{"@type":"WebSite","@id":"https:\/\/attorneyjeff.com\/#website","url":"https:\/\/attorneyjeff.com\/","name":"El abogado Jeff","description":"Abogado de accidentes de coche","potentialAction":[{"@type":"SearchAction","target":{"@type":"EntryPoint","urlTemplate":"https:\/\/attorneyjeff.com\/?s={search_term_string}"},"query-input":{"@type":"PropertyValueSpecification","valueRequired":true,"valueName":"search_term_string"}}],"inLanguage":"es"}]}},"_links":{"self":[{"href":"https:\/\/attorneyjeff.com\/es\/wp-json\/wp\/v2\/pages\/1367","targetHints":{"allow":["GET"]}}],"collection":[{"href":"https:\/\/attorneyjeff.com\/es\/wp-json\/wp\/v2\/pages"}],"about":[{"href":"https:\/\/attorneyjeff.com\/es\/wp-json\/wp\/v2\/types\/page"}],"author":[{"embeddable":true,"href":"https:\/\/attorneyjeff.com\/es\/wp-json\/wp\/v2\/users\/24"}],"replies":[{"embeddable":true,"href":"https:\/\/attorneyjeff.com\/es\/wp-json\/wp\/v2\/comments?post=1367"}],"version-history":[{"count":0,"href":"https:\/\/attorneyjeff.com\/es\/wp-json\/wp\/v2\/pages\/1367\/revisions"}],"wp:featuredmedia":[{"embeddable":true,"href":"https:\/\/attorneyjeff.com\/es\/wp-json\/wp\/v2\/media\/1393"}],"wp:attachment":[{"href":"https:\/\/attorneyjeff.com\/es\/wp-json\/wp\/v2\/media?parent=1367"}],"curies":[{"name":"wp","href":"https:\/\/api.w.org\/{rel}","templated":true}]}}