{"id":1369,"date":"2023-04-12T15:12:41","date_gmt":"2023-04-12T19:12:41","guid":{"rendered":"https:\/\/attorneyjeff25.wpenginepowered.com\/?page_id=1369"},"modified":"2026-03-23T11:48:55","modified_gmt":"2026-03-23T18:48:55","slug":"california-slip-and-fall-lawyer","status":"publish","type":"page","link":"https:\/\/attorneyjeff.com\/es\/california-slip-and-fall-lawyer\/","title":{"rendered":"Abogado de resbalones y ca\u00eddas en California"},"content":{"rendered":"<p>Si sufre una lesi\u00f3n grave en una propiedad insegura, contacte a nuestros abogados especializados en accidentes por resbalones y ca\u00eddas en California. El abogado Jeff Car Accident Lawyer es un bufete especializado en ayudar a personas lesionadas y a sus familias.<\/p>\n<p>Podr\u00eda recibir una compensaci\u00f3n econ\u00f3mica por lesiones causadas por un resbal\u00f3n y una ca\u00edda. Nuestros abogados investigar\u00e1n el lugar, buscar\u00e1n su indemnizaci\u00f3n y abogar\u00e1n por justicia para usted. Somos un bufete de abogados con servicio completo.<\/p>\n<p>Para ver lo que puede recibir y comenzar su caso, comun\u00edquese con nuestros abogados de accidentes por resbalones y ca\u00eddas en California.<\/p>\n<h2>Abogados de accidentes por resbalones y ca\u00eddas en California<\/h2>\n<p>En el bufete de abogados Jeff Car Accident Lawyer, representamos a v\u00edctimas. Sabemos lo grave que puede ser sufrir lesiones por resbalones y ca\u00eddas. De repente, sufre lesiones inesperadas. Esto puede afectar todos los aspectos de su vida, incluyendo su familia, su carrera, sus finanzas y su calidad de vida.<\/p>\n<p>Cuando necesite un abogado para accidentes por resbalones y ca\u00eddas en California, necesita nuestra experiencia legal de su lado.<\/p>\n<p>Nuestro bufete de abogados atiende casos en todo el estado de California. A lo largo de los a\u00f1os, hemos ayudado a muchas personas y familias lesionadas. Queremos que tenga una experiencia positiva en el sistema legal y que reciba justicia en forma de compensaci\u00f3n.<\/p>\n<p>Para saber c\u00f3mo podemos ayudarle, ll\u00e1menos o env\u00edenos un mensaje ahora para una consulta. Empezamos hoy mismo.<\/p>\n<h2>Lo que debe saber sobre resbalones, tropiezos y ca\u00eddas<\/h2>\n<ul>\n<li>Los propietarios tienen el deber de mantener sus propiedades en condiciones seguras.<\/li>\n<li>Una v\u00edctima de un resbal\u00f3n y ca\u00edda puede recibir una compensaci\u00f3n econ\u00f3mica<\/li>\n<li>La compensaci\u00f3n puede incluir p\u00e9rdidas financieras y una cantidad para reconocer su dolor y sufrimiento.<\/li>\n<li>Cada v\u00edctima podr\u00e1 reclamar los da\u00f1os que reflejen sus p\u00e9rdidas personales.<\/li>\n<li>Para recibir una compensaci\u00f3n, debe iniciar un caso<\/li>\n<li>\u00a1Tienes derecho a que un abogado te represente!<\/li>\n<\/ul>\n<h2>Bufete de abogados con experiencia en casos de resbalones y ca\u00eddas<\/h2>\n<p>Una reclamaci\u00f3n por resbal\u00f3n y ca\u00edda es una demanda civil por lesiones personales. La v\u00edctima la inicia para solicitar una indemnizaci\u00f3n. Cuando nuestros abogados con experiencia lo representan, nos encargamos de todos los pasos necesarios para iniciar y llevar adelante su caso.<\/p>\n<p>Un resbal\u00f3n y ca\u00edda suele deberse a la p\u00e9rdida del equilibrio debido a una condici\u00f3n peligrosa en la propiedad ajena. Puede incluir resbalones o tropiezos desde el mismo nivel, o ca\u00eddas desde una altura elevada.<\/p>\n<p>Hay muchas maneras en que una persona puede lesionarse en la propiedad de otra. Un resbal\u00f3n y ca\u00edda es una p\u00e9rdida de equilibrio que provoca que una persona quede en el suelo o en una posici\u00f3n corporal diferente sin querer.<\/p>\n<h2>\u00bfQui\u00e9n puede ser responsable de un resbal\u00f3n y ca\u00edda?<\/h2>\n<p>Una parte puede ser responsable de un resbal\u00f3n y ca\u00edda si:<\/p>\n<ul>\n<li>Due\u00f1o<\/li>\n<li>Arrendatario<\/li>\n<li>En control de la propiedad<\/li>\n<li>Organizar un evento especial en la propiedad<\/li>\n<\/ul>\n<p>La pregunta es qui\u00e9n era responsable de la condici\u00f3n peligrosa porque ten\u00edan el control de la propiedad.<\/p>\n<h3>\u00bfTengo un caso de resbal\u00f3n y ca\u00edda?<\/h3>\n<p>Los casos de resbalones y ca\u00eddas se basan en negligencia. La v\u00edctima debe probar:<\/p>\n<ol>\n<li>Hab\u00eda una condici\u00f3n peligrosa.<\/li>\n<li>El riesgo de sufrir da\u00f1os debido a la condici\u00f3n peligrosa era irrazonable.<\/li>\n<li>O bien el propietario del inmueble conoc\u00eda la condici\u00f3n peligrosa o deber\u00eda haber sabido de ella con razonable diligencia.<\/li>\n<li>El peligro persist\u00eda. El peligro podr\u00eda persistir porque el propietario no realiz\u00f3 reparaciones, ni advirti\u00f3 a las personas ni las protegi\u00f3.<\/li>\n<\/ol>\n<p>Investigar lo sucedido solo puede ser dif\u00edcil. Nuestros abogados especializados en accidentes por resbalones y ca\u00eddas en California utilizan el proceso legal para acceder a informaci\u00f3n y construir pruebas a su favor.<\/p>\n<p><em>Utilizaremos todas las v\u00edas posibles para defenderlo y reclamar su compensaci\u00f3n.<\/em><\/p>\n<h2>Causas de resbalones y ca\u00eddas<\/h2>\n<p>Cuando piensas en un accidente por resbal\u00f3n y ca\u00edda, quiz\u00e1s pienses en resbalarte sobre algo derramado en el suelo. Esta es una causa com\u00fan de accidentes por resbal\u00f3n y ca\u00edda. Aqu\u00ed tienes otras causas:<\/p>\n<ul>\n<li>Grietas en una acera, suelo irregular<\/li>\n<li>Pasamanos y soportes deficientes<\/li>\n<li>Ascensores y escaleras mec\u00e1nicas averiados o que funcionan mal<\/li>\n<li>Empuj\u00e1ndose entre la multitud<\/li>\n<li>Mala iluminaci\u00f3n<\/li>\n<li>Colocar demasiados expositores o mesas en un espacio<\/li>\n<li>Un acabado resbaladizo que hace que el suelo quede resbaladizo.<\/li>\n<li>Colapso de pisos, andamios y barandillas de protecci\u00f3n<\/li>\n<li>Mal dise\u00f1o de edificios y paisajes<\/li>\n<li>Objetos y elementos que no est\u00e9n asegurados y que puedan volar<\/li>\n<li>Cables cruzando el suelo<\/li>\n<li>Alfombras y moquetas irregulares o mal mantenidas<\/li>\n<\/ul>\n<p>Su resbal\u00f3n y ca\u00edda podr\u00edan deberse a una de estas causas. Podr\u00eda haber una causa \u00fanica que no se menciona. Sea cual sea la situaci\u00f3n, usted merece justicia por lo ocurrido.<\/p>\n<h3>Ayuda legal despu\u00e9s de un resbal\u00f3n y una ca\u00edda<\/h3>\n<p>Si ha sufrido lesiones en la propiedad ajena, deber\u00eda hablar con un abogado. As\u00ed, podr\u00e1 comprender si tiene un caso, su valor y los requisitos para presentar la reclamaci\u00f3n.<\/p>\n<p>Podemos ayudarle con:<\/p>\n<ul>\n<li>Determinar qu\u00e9 caus\u00f3 el resbal\u00f3n y la ca\u00edda<\/li>\n<li>Preservaci\u00f3n de evidencia<\/li>\n<li>Hablando con testigos<\/li>\n<li>Redactar su queja para iniciar su caso<\/li>\n<li>Proceso y procedimiento legal<\/li>\n<li>Creando una estrategia legal<\/li>\n<li>Negociar un acuerdo o llevar su caso a juicio<\/li>\n<li>Abordar cuestiones legales que puedan surgir durante el caso<\/li>\n<li>Respondiendo preguntas y gui\u00e1ndolo a trav\u00e9s del proceso.<\/li>\n<\/ul>\n<p>Somos un despacho de abogados de servicio completo. Nos encargamos de todo lo necesario para que usted obtenga una indemnizaci\u00f3n justa.<\/p>\n<h3>Conozca a nuestro equipo legal<\/h3>\n<p>En Attorney Jeff Car Accident Lawyer ofrecemos:<\/p>\n<ul>\n<li>Representaci\u00f3n en toda California con 11 oficinas para atenderle<\/li>\n<li>Un equipo galardonado con un historial de \u00e9xito<\/li>\n<li>Situaciones complejas gestionadas con sencillez. Podemos ayudarle si se cuestiona la culpa o la causalidad de las lesiones. Investigamos para determinar la responsabilidad legal. Sea cual sea su situaci\u00f3n, nuestro equipo de expertos puede ayudarle.<\/li>\n<li>Un bufete de abogados dedicado a ayudar a las v\u00edctimas y familias lesionadas.<\/li>\n<li>Comunicaci\u00f3n con usted durante su caso, incluyendo responder preguntas y discutir el caso en todo momento.<\/li>\n<\/ul>\n<p><a href=\"https:\/\/attorneyjeff.com\/es\/attorney\/jeff-fayngor\/\">El abogado Jeff Fayngor<\/a> Siempre supo que quer\u00eda ayudar a la gente. Por eso cre\u00f3 el bufete &quot;Abogado Jeff, Abogado de Accidentes de Auto&quot;.<\/p>\n<p>Nuestro bufete de abogados existe para ayudar a las personas cuando necesitan una representaci\u00f3n excepcional despu\u00e9s de una lesi\u00f3n. <span style=\"font-weight: 400;\">En Attorney Jeff Car Accident Lawyer, nos especializamos en el manejo de las siguientes \u00e1reas de pr\u00e1ctica de lesiones personales:<\/span><\/p>\n<ul>\n<li><a href=\"https:\/\/attorneyjeff.com\/es\/california-bicycle-accident-lawyer\/\"><b>Accidentes de bicicleta en California<\/b><\/a><\/li>\n<li><a href=\"https:\/\/attorneyjeff.com\/es\/california-car-accident-lawyer\/\"><b>Accidentes automovil\u00edsticos en California<\/b><\/a><\/li>\n<li><a href=\"https:\/\/attorneyjeff.com\/es\/california-construction-accident-lawyer\/\"><b>Accidentes de construcci\u00f3n en California<\/b><\/a><\/li>\n<li><a href=\"https:\/\/attorneyjeff.com\/es\/california-dog-bite-lawyer\/\"><b>Casos de mordeduras de perro en California<\/b><\/a><\/li>\n<li><a href=\"https:\/\/attorneyjeff.com\/es\/california-elder-abuse-lawyer\/\"><b>Casos de abuso de ancianos en California<\/b><\/a><\/li>\n<li><a href=\"https:\/\/attorneyjeff.com\/es\/california-employment-law-lawyer\/\"><b>California Employment Law<\/b><\/a><\/li>\n<li><a href=\"https:\/\/attorneyjeff.com\/es\/california-motorcycle-accident-lawyer\/\"><b>Accidentes de motocicleta en California<\/b><\/a><\/li>\n<li><a href=\"https:\/\/attorneyjeff.com\/es\/california-pedestrian-accident-lawyer\/\"><b>Accidentes de peatones en California<\/b><\/a><\/li>\n<li><a href=\"https:\/\/attorneyjeff.com\/es\/california-personal-injury-lawyer\/\"><b>Accidentes con lesiones personales en California<\/b><\/a><\/li>\n<li><a href=\"https:\/\/attorneyjeff.com\/es\/california-truck-accident-lawyer\/\"><b>Accidentes de camiones en California<\/b><\/a><\/li>\n<li><a href=\"https:\/\/attorneyjeff.com\/es\/california-uber-lyft-accident-lawyer\/\"><b>Accidentes de Uber y Lyft en California<\/b><\/a><\/li>\n<li><a href=\"https:\/\/attorneyjeff.com\/es\/california-workers-compensation-lawyer\/\"><b>Reclamaciones de compensaci\u00f3n laboral en California<\/b><\/a><\/li>\n<li><a href=\"https:\/\/attorneyjeff.com\/es\/california-wrongful-death-lawyer\/\"><b>Demandas por muerte por negligencia en California<\/b><\/a><\/li>\n<\/ul>\n<h2>Hable con un abogado especializado en resbalones y ca\u00eddas gratis<\/h2>\n<p>Comience con una consulta gratuita. Hable con nuestros abogados especializados en accidentes por resbalones y ca\u00eddas en California. Comience hoy mismo a trabajar para obtener una compensaci\u00f3n sin costo alguno. Adem\u00e1s, aceptamos casos con honorarios de contingencia, as\u00ed que no deber\u00e1 pagar nada a menos que gane. <a href=\"\/es\/contact-us\/\">Llamanos o envianos un mensaje<\/a> hoy. <span style=\"font-weight: 400;\">Comun\u00edquese hoy con su sucursal m\u00e1s cercana para una evaluaci\u00f3n de caso gratuita.<\/span><\/p>\n<ul>\n<li style=\"font-weight: 400;\" aria-level=\"1\"><a href=\"https:\/\/attorneyjeff.com\/es\/bakersfield-personal-injury-lawyer\/\"><b>Bakersfield<\/b><\/a><\/li>\n<li style=\"font-weight: 400;\" aria-level=\"1\"><a href=\"https:\/\/attorneyjeff.com\/es\/corona-car-accident-lawyer\/\"><b>Corona<\/b><\/a><\/li>\n<li style=\"font-weight: 400;\" aria-level=\"1\"><a href=\"https:\/\/attorneyjeff.com\/es\/fontana-injury\/\"><b>Fontana<\/b><\/a><\/li>\n<li style=\"font-weight: 400;\" aria-level=\"1\"><a href=\"http:\/\/orneyjeff.com\/fresno-personal-injury-lawyer\/\"><b>Fresno<\/b><\/a><\/li>\n<li style=\"font-weight: 400;\" aria-level=\"1\"><a href=\"https:\/\/attorneyjeff.com\/es\/hesperia-personal-injury-lawyer\/\"><b>Hesperia<\/b><\/a><\/li>\n<li style=\"font-weight: 400;\" aria-level=\"1\"><a href=\"https:\/\/attorneyjeff.com\/es\/rancho-cucamonga-personal-injury-lawyer\/\"><b>Rancho Cucamonga<\/b><\/a><\/li>\n<li style=\"font-weight: 400;\" aria-level=\"1\"><a href=\"https:\/\/attorneyjeff.com\/es\/san-jose-personal-injury-lawyer\/\"><b>San Jos\u00e9<\/b><\/a><\/li>\n<li style=\"font-weight: 400;\" aria-level=\"1\"><a href=\"https:\/\/attorneyjeff.com\/es\/santa-ana-personal-injury-lawyer\/\"><b>Santa Ana<\/b><\/a><\/li>\n<li style=\"font-weight: 400;\" aria-level=\"1\"><a href=\"https:\/\/attorneyjeff.com\/es\/tustin-personal-injury-lawyer\/\"><b>Tustin<\/b><\/a><\/li>\n<li style=\"font-weight: 400;\" aria-level=\"1\"><a href=\"https:\/\/attorneyjeff.com\/es\/van-nuys-injury\/\"><b>Van Nuys<\/b><\/a><\/li>\n<li style=\"font-weight: 400;\" aria-level=\"1\"><a href=\"https:\/\/attorneyjeff.com\/es\/victorville-personal-injury-lawyer\/\"><b>Victorville<\/b><\/a><\/li>\n<li style=\"font-weight: 400;\" aria-level=\"1\"><a href=\"https:\/\/attorneyjeff.com\/es\/visalia-personal-injury-lawyer\/\"><b>Visalia<\/b><\/a><\/li>\n<\/ul>","protected":false},"excerpt":{"rendered":"<p>Si sufre una lesi\u00f3n grave en una propiedad insegura, contacte a nuestros abogados especializados en accidentes por resbalones y ca\u00eddas en California. El abogado Jeff Car Accident\u2026<\/p>","protected":false},"author":24,"featured_media":1395,"parent":0,"menu_order":0,"comment_status":"closed","ping_status":"closed","template":"","meta":{"inline_featured_image":false,"_monsterinsights_skip_tracking":false,"_monsterinsights_sitenote_active":false,"_monsterinsights_sitenote_note":"","_monsterinsights_sitenote_category":0,"footnotes":""},"class_list":["post-1369","page","type-page","status-publish","has-post-thumbnail","hentry"],"acf":[],"yoast_head":"<!-- This site is optimized with the Yoast SEO plugin v27.4 - https:\/\/yoast.com\/product\/yoast-seo-wordpress\/ -->\n<title>California Slip and Fall Lawyer | Attorney Jeff Car Accident Lawyer<\/title>\n<meta name=\"description\" content=\"A California Slip and Fall Lawyer can help you if you have been injured due to a slip, trip, or fall on someone else&#039;s property. Call us!\" \/>\n<meta name=\"robots\" content=\"index, follow, max-snippet:-1, max-image-preview:large, max-video-preview:-1\" \/>\n<link rel=\"canonical\" href=\"https:\/\/attorneyjeff.com\/es\/california-slip-and-fall-lawyer\/\" \/>\n<meta property=\"og:locale\" content=\"es_MX\" \/>\n<meta property=\"og:type\" content=\"article\" \/>\n<meta property=\"og:title\" content=\"California Slip and Fall Lawyer | Attorney Jeff Car Accident Lawyer\" \/>\n<meta property=\"og:description\" content=\"A California Slip and Fall Lawyer can help you if you have been injured due to a slip, trip, or fall on someone else&#039;s property. Call us!\" \/>\n<meta property=\"og:url\" content=\"https:\/\/attorneyjeff.com\/es\/california-slip-and-fall-lawyer\/\" \/>\n<meta property=\"og:site_name\" content=\"Attorney Jeff\" \/>\n<meta property=\"article:modified_time\" content=\"2026-03-23T18:48:55+00:00\" \/>\n<meta property=\"og:image\" content=\"https:\/\/attorneyjeff.com\/wp-content\/uploads\/2023\/04\/California-Slip-and-Fall-Lawyer-scaled.webp\" \/>\n\t<meta property=\"og:image:width\" content=\"2560\" \/>\n\t<meta property=\"og:image:height\" content=\"1707\" \/>\n\t<meta property=\"og:image:type\" content=\"image\/webp\" \/>\n<meta name=\"twitter:card\" content=\"summary_large_image\" \/>\n<script type=\"application\/ld+json\" class=\"yoast-schema-graph\">{\"@context\":\"https:\\\/\\\/schema.org\",\"@graph\":[{\"@type\":\"WebPage\",\"@id\":\"https:\\\/\\\/attorneyjeff.com\\\/california-slip-and-fall-lawyer\\\/\",\"url\":\"https:\\\/\\\/attorneyjeff.com\\\/california-slip-and-fall-lawyer\\\/\",\"name\":\"California Slip and Fall Lawyer | Attorney Jeff Car Accident Lawyer\",\"isPartOf\":{\"@id\":\"https:\\\/\\\/attorneyjeff.com\\\/#website\"},\"primaryImageOfPage\":{\"@id\":\"https:\\\/\\\/attorneyjeff.com\\\/california-slip-and-fall-lawyer\\\/#primaryimage\"},\"image\":{\"@id\":\"https:\\\/\\\/attorneyjeff.com\\\/california-slip-and-fall-lawyer\\\/#primaryimage\"},\"thumbnailUrl\":\"https:\\\/\\\/attorneyjeff.com\\\/wp-content\\\/uploads\\\/2023\\\/04\\\/California-Slip-and-Fall-Lawyer-scaled.webp\",\"datePublished\":\"2023-04-12T19:12:41+00:00\",\"dateModified\":\"2026-03-23T18:48:55+00:00\",\"description\":\"A California Slip and Fall Lawyer can help you if you have been injured due to a slip, trip, or fall on someone else's property. Call us!\",\"breadcrumb\":{\"@id\":\"https:\\\/\\\/attorneyjeff.com\\\/california-slip-and-fall-lawyer\\\/#breadcrumb\"},\"inLanguage\":\"es\",\"potentialAction\":[{\"@type\":\"ReadAction\",\"target\":[\"https:\\\/\\\/attorneyjeff.com\\\/california-slip-and-fall-lawyer\\\/\"]}]},{\"@type\":\"ImageObject\",\"inLanguage\":\"es\",\"@id\":\"https:\\\/\\\/attorneyjeff.com\\\/california-slip-and-fall-lawyer\\\/#primaryimage\",\"url\":\"https:\\\/\\\/attorneyjeff.com\\\/wp-content\\\/uploads\\\/2023\\\/04\\\/California-Slip-and-Fall-Lawyer-scaled.webp\",\"contentUrl\":\"https:\\\/\\\/attorneyjeff.com\\\/wp-content\\\/uploads\\\/2023\\\/04\\\/California-Slip-and-Fall-Lawyer-scaled.webp\",\"width\":2560,\"height\":1707,\"caption\":\"California Slip and Fall Lawyer\"},{\"@type\":\"BreadcrumbList\",\"@id\":\"https:\\\/\\\/attorneyjeff.com\\\/california-slip-and-fall-lawyer\\\/#breadcrumb\",\"itemListElement\":[{\"@type\":\"ListItem\",\"position\":1,\"name\":\"Home\",\"item\":\"https:\\\/\\\/attorneyjeff.com\\\/\"},{\"@type\":\"ListItem\",\"position\":2,\"name\":\"California Slip and Fall Lawyer\"}]},{\"@type\":\"WebSite\",\"@id\":\"https:\\\/\\\/attorneyjeff.com\\\/#website\",\"url\":\"https:\\\/\\\/attorneyjeff.com\\\/\",\"name\":\"Attorney Jeff\",\"description\":\"Car Accident Lawyer\",\"potentialAction\":[{\"@type\":\"SearchAction\",\"target\":{\"@type\":\"EntryPoint\",\"urlTemplate\":\"https:\\\/\\\/attorneyjeff.com\\\/?s={search_term_string}\"},\"query-input\":{\"@type\":\"PropertyValueSpecification\",\"valueRequired\":true,\"valueName\":\"search_term_string\"}}],\"inLanguage\":\"es\"}]}<\/script>\n<!-- \/ Yoast SEO plugin. -->","yoast_head_json":{"title":"Abogado de resbalones y ca\u00eddas en California | Abogado Jeff, abogado de accidentes automovil\u00edsticos","description":"Un abogado especializado en resbalones y ca\u00eddas en California puede ayudarle si se lesion\u00f3 debido a un resbal\u00f3n, tropez\u00f3n o ca\u00edda en la propiedad de otra persona. \u00a1Ll\u00e1menos!","robots":{"index":"index","follow":"follow","max-snippet":"max-snippet:-1","max-image-preview":"max-image-preview:large","max-video-preview":"max-video-preview:-1"},"canonical":"https:\/\/attorneyjeff.com\/es\/california-slip-and-fall-lawyer\/","og_locale":"es_MX","og_type":"article","og_title":"California Slip and Fall Lawyer | Attorney Jeff Car Accident Lawyer","og_description":"A California Slip and Fall Lawyer can help you if you have been injured due to a slip, trip, or fall on someone else's property. Call us!","og_url":"https:\/\/attorneyjeff.com\/es\/california-slip-and-fall-lawyer\/","og_site_name":"Attorney Jeff","article_modified_time":"2026-03-23T18:48:55+00:00","og_image":[{"width":2560,"height":1707,"url":"https:\/\/attorneyjeff.com\/wp-content\/uploads\/2023\/04\/California-Slip-and-Fall-Lawyer-scaled.webp","type":"image\/webp"}],"twitter_card":"summary_large_image","schema":{"@context":"https:\/\/schema.org","@graph":[{"@type":"WebPage","@id":"https:\/\/attorneyjeff.com\/california-slip-and-fall-lawyer\/","url":"https:\/\/attorneyjeff.com\/california-slip-and-fall-lawyer\/","name":"Abogado de resbalones y ca\u00eddas en California | Abogado Jeff, abogado de accidentes automovil\u00edsticos","isPartOf":{"@id":"https:\/\/attorneyjeff.com\/#website"},"primaryImageOfPage":{"@id":"https:\/\/attorneyjeff.com\/california-slip-and-fall-lawyer\/#primaryimage"},"image":{"@id":"https:\/\/attorneyjeff.com\/california-slip-and-fall-lawyer\/#primaryimage"},"thumbnailUrl":"https:\/\/attorneyjeff.com\/wp-content\/uploads\/2023\/04\/California-Slip-and-Fall-Lawyer-scaled.webp","datePublished":"2023-04-12T19:12:41+00:00","dateModified":"2026-03-23T18:48:55+00:00","description":"Un abogado especializado en resbalones y ca\u00eddas en California puede ayudarle si se lesion\u00f3 debido a un resbal\u00f3n, tropez\u00f3n o ca\u00edda en la propiedad de otra persona. \u00a1Ll\u00e1menos!","breadcrumb":{"@id":"https:\/\/attorneyjeff.com\/california-slip-and-fall-lawyer\/#breadcrumb"},"inLanguage":"es","potentialAction":[{"@type":"ReadAction","target":["https:\/\/attorneyjeff.com\/california-slip-and-fall-lawyer\/"]}]},{"@type":"ImageObject","inLanguage":"es","@id":"https:\/\/attorneyjeff.com\/california-slip-and-fall-lawyer\/#primaryimage","url":"https:\/\/attorneyjeff.com\/wp-content\/uploads\/2023\/04\/California-Slip-and-Fall-Lawyer-scaled.webp","contentUrl":"https:\/\/attorneyjeff.com\/wp-content\/uploads\/2023\/04\/California-Slip-and-Fall-Lawyer-scaled.webp","width":2560,"height":1707,"caption":"California Slip and Fall Lawyer"},{"@type":"BreadcrumbList","@id":"https:\/\/attorneyjeff.com\/california-slip-and-fall-lawyer\/#breadcrumb","itemListElement":[{"@type":"ListItem","position":1,"name":"Home","item":"https:\/\/attorneyjeff.com\/"},{"@type":"ListItem","position":2,"name":"California Slip and Fall Lawyer"}]},{"@type":"WebSite","@id":"https:\/\/attorneyjeff.com\/#website","url":"https:\/\/attorneyjeff.com\/","name":"El abogado Jeff","description":"Abogado de accidentes de coche","potentialAction":[{"@type":"SearchAction","target":{"@type":"EntryPoint","urlTemplate":"https:\/\/attorneyjeff.com\/?s={search_term_string}"},"query-input":{"@type":"PropertyValueSpecification","valueRequired":true,"valueName":"search_term_string"}}],"inLanguage":"es"}]}},"_links":{"self":[{"href":"https:\/\/attorneyjeff.com\/es\/wp-json\/wp\/v2\/pages\/1369","targetHints":{"allow":["GET"]}}],"collection":[{"href":"https:\/\/attorneyjeff.com\/es\/wp-json\/wp\/v2\/pages"}],"about":[{"href":"https:\/\/attorneyjeff.com\/es\/wp-json\/wp\/v2\/types\/page"}],"author":[{"embeddable":true,"href":"https:\/\/attorneyjeff.com\/es\/wp-json\/wp\/v2\/users\/24"}],"replies":[{"embeddable":true,"href":"https:\/\/attorneyjeff.com\/es\/wp-json\/wp\/v2\/comments?post=1369"}],"version-history":[{"count":0,"href":"https:\/\/attorneyjeff.com\/es\/wp-json\/wp\/v2\/pages\/1369\/revisions"}],"wp:featuredmedia":[{"embeddable":true,"href":"https:\/\/attorneyjeff.com\/es\/wp-json\/wp\/v2\/media\/1395"}],"wp:attachment":[{"href":"https:\/\/attorneyjeff.com\/es\/wp-json\/wp\/v2\/media?parent=1369"}],"curies":[{"name":"wp","href":"https:\/\/api.w.org\/{rel}","templated":true}]}}