{"id":1370,"date":"2023-04-12T15:15:11","date_gmt":"2023-04-12T19:15:11","guid":{"rendered":"https:\/\/attorneyjeff25.wpenginepowered.com\/?page_id=1370"},"modified":"2026-03-23T11:44:24","modified_gmt":"2026-03-23T18:44:24","slug":"california-dog-bite-lawyer","status":"publish","type":"page","link":"https:\/\/attorneyjeff.com\/es\/california-dog-bite-lawyer\/","title":{"rendered":"Abogado de mordeduras de perro en California"},"content":{"rendered":"<p>Si recibi\u00f3 atenci\u00f3n m\u00e9dica por una mordedura de perro, hable con nuestros abogados especializados en mordeduras de perro en California. Podr\u00eda recibir una indemnizaci\u00f3n. Nuestros abogados pueden ponerse a trabajar de inmediato para ayudarle a recuperarse financiera y emocionalmente.<\/p>\n<h2>Representando a v\u00edctimas de mordeduras de perro en California<\/h2>\n<p>Cada a\u00f1o, <a href=\"http:\/\/publichealth.lacounty.gov\/vet\/rabiesmanual\/dogbitesla.htm\" target=\"_blank\" rel=\"noopener\">2% de la poblaci\u00f3n de EE. UU.<\/a> Ser\u00e1 v\u00edctima de una mordedura de perro. Muchas de estas mordeduras son graves. Incluso pueden ser fatales. Sus p\u00e9rdidas son tanto financieras como personales.<\/p>\n<p>No est\u00e1 solo. En el bufete Jeff Car Accident Lawyer, representamos a v\u00edctimas de mordeduras de perro en toda California. Sabemos que las v\u00edctimas necesitan una compensaci\u00f3n justa por sus p\u00e9rdidas. La representaci\u00f3n legal que reciba puede tener un impacto significativo en el resultado de su caso.<\/p>\n<h3>Adultos y ni\u00f1os representados<\/h3>\n<p>Representamos a adultos y ni\u00f1os v\u00edctimas de mordeduras de perros.<\/p>\n<p>Lamentablemente, muchas v\u00edctimas de mordeduras de perro son ni\u00f1os. Debido a su peque\u00f1o tama\u00f1o, son especialmente propensos a sufrir lesiones graves.<\/p>\n<p>Un ni\u00f1o tambi\u00e9n tiene derechos legales. Puede merecer una compensaci\u00f3n. Tambi\u00e9n necesita una representaci\u00f3n legal excepcional.<\/p>\n<p>Nuestros abogados atienden casos que involucran a menores. Entendemos los problemas que pueden ser especialmente importantes para las v\u00edctimas j\u00f3venes, como los da\u00f1os futuros, la p\u00e9rdida de un estilo de vida saludable y las necesidades de cuidado.<\/p>\n<p>Para saber c\u00f3mo podemos ayudarle, solic\u00edtenos una consulta personalizada sobre su situaci\u00f3n. Nuestros abogados especializados en mordeduras de perro est\u00e1n aqu\u00ed para defenderle. Nos aseguramos de que reciba la compensaci\u00f3n que merece.<\/p>\n<h2>Compensaci\u00f3n por mordedura de perro<\/h2>\n<p>Es posible que tenga las siguientes lesiones por mordedura de perro:<\/p>\n<ul>\n<li>Heridas punzantes, piel desgarrada, sangrado.<\/li>\n<li>Da\u00f1os en ligamentos y tejidos profundos<\/li>\n<li>Dificultades de movilidad, par\u00e1lisis y p\u00e9rdida de extremidades.<\/li>\n<li>Huesos rotos<\/li>\n<li>Desfiguraci\u00f3n y cicatrices<\/li>\n<li>Infecci\u00f3n, incluida la rabia y el t\u00e9tanos<\/li>\n<li>Dolor<\/li>\n<li>Lesiones de salud mental; como depresi\u00f3n, ansiedad, dificultad para dormir y miedo a los perros.<\/li>\n<\/ul>\n<p>Las mordeduras de perros pueden incluso llegar a provocar la muerte por negligencia de un miembro de la familia.<\/p>\n<p>Nuestros abogados se toman en serio su caso de mordedura de perro. Queremos que reciba una compensaci\u00f3n por el impacto que ha tenido en su vida.<\/p>\n<h3>Tipos de compensaci\u00f3n<\/h3>\n<p>Usted podr\u00e1 recibir una compensaci\u00f3n por los diferentes tipos de p\u00e9rdidas que haya sufrido, como:<\/p>\n<ul>\n<li>Facturas m\u00e9dicas<\/li>\n<li>Suministros m\u00e9dicos como ap\u00f3sitos y vendajes.<\/li>\n<li>Rehabilitaci\u00f3n<\/li>\n<li>Procedimientos para minimizar las cicatrices<\/li>\n<li>Ingresos de reemplazo si no puede trabajar<\/li>\n<li>Dolor f\u00edsico y sufrimiento<\/li>\n<li>Angustia emocional y mental<\/li>\n<li>Desfiguraci\u00f3n y cicatrices permanentes<\/li>\n<li>P\u00e9rdida del estilo de vida y limitaciones f\u00edsicas<\/li>\n<\/ul>\n<p>Un caso de mordedura de perro puede tener un valor considerable. Se basa en las p\u00e9rdidas sufridas por la v\u00edctima. El dolor y el sufrimiento, as\u00ed como otros da\u00f1os no econ\u00f3micos, suelen representar una parte significativa de la reclamaci\u00f3n.<\/p>\n<p>Si se pregunta cu\u00e1nto podr\u00eda valer su caso de ataque de perro, contacte a nuestros abogados. Le brindaremos una evaluaci\u00f3n personalizada.<\/p>\n<h2>Seguros en reclamaciones por mordeduras de perro<\/h2>\n<p>Es importante comprender el papel que desempe\u00f1an las compa\u00f1\u00edas de seguros en las reclamaciones por mordeduras de perro. Muchas v\u00edctimas reciben compensaci\u00f3n a trav\u00e9s de p\u00f3lizas de seguro de vivienda o de inquilino. El due\u00f1o del perro podr\u00eda tener un seguro que le ofrezca una indemnizaci\u00f3n.<\/p>\n<p>Hay varias cosas que las v\u00edctimas deben saber sobre el papel del seguro en un reclamo por mordedura de perro:<\/p>\n<ul>\n<li>El seguro puede ofrecer una indemnizaci\u00f3n. Esto puede permitirle cobrar su indemnizaci\u00f3n.<\/li>\n<li>Muchas reclamaciones se resuelven sin necesidad de juicio. Es posible recibir un pago incluso si el due\u00f1o del perro es un amigo o familiar.<\/li>\n<li>Solo tiene una oportunidad para llegar a un acuerdo con la compa\u00f1\u00eda de seguros. Si sus lesiones resultan m\u00e1s graves de lo previsto, es poco probable que pueda modificar su acuerdo. Por eso, es a\u00fan m\u00e1s importante contar con asistencia legal para la tramitaci\u00f3n de su caso.<\/li>\n<li>Si existe seguro, es posible que se aplique incluso si la mordedura del perro no ocurri\u00f3 en la propiedad del propietario.<\/li>\n<\/ul>\n<p>Nuestros abogados investigan para determinar si una p\u00f3liza de seguro puede ofrecerle una indemnizaci\u00f3n. Nos encargamos de la negociaci\u00f3n del acuerdo y comprendemos los aspectos que debe considerar al presentar su caso a trav\u00e9s de la aseguradora.<\/p>\n<h2>Leyes sobre mordeduras de perro en California<\/h2>\n<h3>\u00bfQu\u00e9 hay que demostrar para obtener una indemnizaci\u00f3n por una mordedura de perro en California?<\/h3>\n<p>Para obtener una compensaci\u00f3n por mordedura de perro en California, debe demostrar que la persona era el due\u00f1o del perro, que ocurri\u00f3 la mordedura del perro y que tiene lesiones y da\u00f1os como resultado.<\/p>\n<h3>\u00bfExiste una ley de un solo mordisco en California?<\/h3>\n<p>No, California no aplica la regla de la &quot;mordida \u00fanica&quot;. Esta regla establece que el due\u00f1o no es responsable la primera vez que su perro muerde. En California, el due\u00f1o de un perro suele ser estrictamente responsable de las lesiones causadas por una mordedura. Es responsable incluso si su perro no ha mostrado un comportamiento agresivo previo.<\/p>\n<h3>\u00bfSe puede demandar por una mordedura de perro en California?<\/h3>\n<p>En California, puede demandar por una mordedura de perro si la mordedura se produce en un lugar p\u00fablico o legalmente en un lugar privado. Incluso si se encuentra en la propiedad del due\u00f1o del perro, puede demandar por una mordedura de perro.<\/p>\n<p>Las situaciones en las que alguien puede no poder demandar, o su compensaci\u00f3n puede verse reducida, son aquellas en las que la v\u00edctima estaba invadiendo o provocando al perro.<\/p>\n<h3>\u00bfCu\u00e1nto tiempo despu\u00e9s de una mordedura de perro se puede presentar una demanda en California?<\/h3>\n<p>Tiene hasta dos a\u00f1os para demandar tras una mordedura de perro. Puede presentar su caso inmediatamente despu\u00e9s de la lesi\u00f3n y no deber\u00eda esperar para contactar a un abogado.<\/p>\n<p>Nuestro equipo legal puede ayudarle a preparar su reclamaci\u00f3n y a definir el plazo para presentarla. Nos encargamos de todos los aspectos del proceso legal.<\/p>\n<h2>\u00bfPor qu\u00e9 elegirnos como sus abogados de mordeduras de perro?<\/h2>\n<p>En <a href=\"https:\/\/attorneyjeff.com\/es\/attorney\/jeff-fayngor\/\">Abogado Jeff, abogado de accidentes automovil\u00edsticos<\/a>Nuestro bufete se dedica a atender las necesidades de las v\u00edctimas y sus familias. Esto significa que contamos con los recursos y la experiencia necesarios para obtener resultados.<\/p>\n<p>Con 11 oficinas en toda California, representamos a v\u00edctimas en todo el estado. Somos un equipo galardonado con una trayectoria de \u00e9xito. Pondremos nuestros recursos y determinaci\u00f3n al servicio de su caso y le haremos justicia.<\/p>\n<h3>Pagar a un abogado especializado en mordeduras de perro<\/h3>\n<p>En el bufete de abogados Jeff Car Accident Lawyer, las consultas son gratuitas. Hablar con un abogado nunca tiene costo. Adem\u00e1s, trabajamos con honorarios de contingencia, por lo que no hay costo alguno por nuestros servicios a menos que reciba una indemnizaci\u00f3n.<\/p>\n<p><em>Cuando trabaja con nuestros abogados especializados en mordeduras de perros de California, tener representaci\u00f3n legal personalizada siempre es asequible.<\/em><\/p>\n<h2>Aceptando nuevos casos de mordeduras de perros ahora<\/h2>\n<p>Hable hoy con nuestros abogados especializados en mordeduras de perros de California para ver cu\u00e1nto podr\u00eda valer su caso. <span style=\"font-weight: 400;\">En Attorney Jeff Car Accident Lawyer, nos especializamos en el manejo de las siguientes \u00e1reas de pr\u00e1ctica de lesiones personales:<\/span><\/p>\n<ul>\n<li><a href=\"https:\/\/attorneyjeff.com\/es\/california-bicycle-accident-lawyer\/\"><b>Accidentes de bicicleta en California<\/b><\/a><\/li>\n<li><a href=\"https:\/\/attorneyjeff.com\/es\/california-car-accident-lawyer\/\"><b>Accidentes automovil\u00edsticos en California<\/b><\/a><\/li>\n<li><a href=\"https:\/\/attorneyjeff.com\/es\/california-construction-accident-lawyer\/\"><b>Accidentes de construcci\u00f3n en California<\/b><\/a><\/li>\n<li><a href=\"https:\/\/attorneyjeff.com\/es\/california-elder-abuse-lawyer\/\"><b>Casos de abuso de ancianos en California<\/b><\/a><\/li>\n<li><a href=\"https:\/\/attorneyjeff.com\/es\/california-employment-law-lawyer\/\"><b>California Employment Law<\/b><\/a><\/li>\n<li><a href=\"https:\/\/attorneyjeff.com\/es\/california-motorcycle-accident-lawyer\/\"><b>Accidentes de motocicleta en California<\/b><\/a><\/li>\n<li><a href=\"https:\/\/attorneyjeff.com\/es\/california-pedestrian-accident-lawyer\/\"><b>Accidentes de peatones en California<\/b><\/a><\/li>\n<li><a href=\"https:\/\/attorneyjeff.com\/es\/california-personal-injury-lawyer\/\"><b>Accidentes con lesiones personales en California<\/b><\/a><\/li>\n<li><a href=\"https:\/\/attorneyjeff.com\/es\/california-slip-and-fall-lawyer\/\"><b>Accidentes por resbalones y ca\u00eddas en California<\/b><\/a><\/li>\n<li><a href=\"https:\/\/attorneyjeff.com\/es\/california-truck-accident-lawyer\/\"><b>Accidentes de camiones en California<\/b><\/a><\/li>\n<li><a href=\"https:\/\/attorneyjeff.com\/es\/california-uber-lyft-accident-lawyer\/\"><b>Accidentes de Uber y Lyft en California<\/b><\/a><\/li>\n<li><a href=\"https:\/\/attorneyjeff.com\/es\/california-workers-compensation-lawyer\/\"><b>Reclamaciones de compensaci\u00f3n laboral en California<\/b><\/a><\/li>\n<li><a href=\"https:\/\/attorneyjeff.com\/es\/california-wrongful-death-lawyer\/\"><b>Demandas por muerte por negligencia en California<\/b><\/a><\/li>\n<\/ul>\n<p>&nbsp;<\/p>\n<p><a href=\"\/es\/contact-us\/\">Ll\u00e1manos o env\u00edanos un mensaje<\/a>\u00a0for your consultation and to start your case. <span style=\"font-weight: 400;\">Comun\u00edquese hoy con su sucursal m\u00e1s cercana para una evaluaci\u00f3n de caso gratuita.<\/span><\/p>\n<ul>\n<li><a href=\"https:\/\/attorneyjeff.com\/es\/bakersfield-personal-injury-lawyer\/\"><b>Bakersfield<\/b><\/a><\/li>\n<li><a href=\"https:\/\/attorneyjeff.com\/es\/corona-car-accident-lawyer\/\"><b>Corona<\/b><\/a><\/li>\n<li><a href=\"https:\/\/attorneyjeff.com\/es\/fontana-injury\/\"><b>Fontana<\/b><\/a><\/li>\n<li><a href=\"http:\/\/orneyjeff.com\/fresno-personal-injury-lawyer\/\"><b>Fresno<\/b><\/a><\/li>\n<li><a href=\"https:\/\/attorneyjeff.com\/es\/hesperia-personal-injury-lawyer\/\"><b>Hesperia<\/b><\/a><\/li>\n<li><a href=\"https:\/\/attorneyjeff.com\/es\/rancho-cucamonga-personal-injury-lawyer\/\"><b>Rancho Cucamonga<\/b><\/a><\/li>\n<li><a href=\"https:\/\/attorneyjeff.com\/es\/san-jose-personal-injury-lawyer\/\"><b>San Jos\u00e9<\/b><\/a><\/li>\n<li><a href=\"https:\/\/attorneyjeff.com\/es\/santa-ana-personal-injury-lawyer\/\"><b>Santa Ana<\/b><\/a><\/li>\n<li><a href=\"https:\/\/attorneyjeff.com\/es\/tustin-personal-injury-lawyer\/\"><b>Tustin<\/b><\/a><\/li>\n<li><a href=\"https:\/\/attorneyjeff.com\/es\/van-nuys-injury\/\"><b>Van Nuys<\/b><\/a><\/li>\n<li><a href=\"https:\/\/attorneyjeff.com\/es\/victorville-personal-injury-lawyer\/\"><b>Victorville<\/b><\/a><\/li>\n<li><a href=\"https:\/\/attorneyjeff.com\/es\/visalia-personal-injury-lawyer\/\"><b>Visalia<\/b><\/a><\/li>\n<\/ul>","protected":false},"excerpt":{"rendered":"<p>Si recibi\u00f3 atenci\u00f3n m\u00e9dica por una mordedura de perro, hable con nuestros abogados especializados en mordeduras de perro en California. Podr\u00eda recibir una indemnizaci\u00f3n.<\/p>","protected":false},"author":24,"featured_media":1396,"parent":0,"menu_order":0,"comment_status":"closed","ping_status":"closed","template":"","meta":{"inline_featured_image":false,"_monsterinsights_skip_tracking":false,"_monsterinsights_sitenote_active":false,"_monsterinsights_sitenote_note":"","_monsterinsights_sitenote_category":0,"footnotes":""},"class_list":["post-1370","page","type-page","status-publish","has-post-thumbnail","hentry"],"acf":[],"yoast_head":"<!-- This site is optimized with the Yoast SEO plugin v27.4 - https:\/\/yoast.com\/product\/yoast-seo-wordpress\/ -->\n<title>California Dog Bite Lawyer | Attorney Jeff Car Accident Lawyer<\/title>\n<meta name=\"description\" content=\"If you or a loved one have been bitten by a dog in California, it&#039;s important to speak with a dog bite lawyer. Call us to seek legal options.\" \/>\n<meta name=\"robots\" content=\"index, follow, max-snippet:-1, max-image-preview:large, max-video-preview:-1\" \/>\n<link rel=\"canonical\" href=\"https:\/\/attorneyjeff.com\/es\/california-dog-bite-lawyer\/\" \/>\n<meta property=\"og:locale\" content=\"es_MX\" \/>\n<meta property=\"og:type\" content=\"article\" \/>\n<meta property=\"og:title\" content=\"California Dog Bite Lawyer | Attorney Jeff Car Accident Lawyer\" \/>\n<meta property=\"og:description\" content=\"If you or a loved one have been bitten by a dog in California, it&#039;s important to speak with a dog bite lawyer. Call us to seek legal options.\" \/>\n<meta property=\"og:url\" content=\"https:\/\/attorneyjeff.com\/es\/california-dog-bite-lawyer\/\" \/>\n<meta property=\"og:site_name\" content=\"Attorney Jeff\" \/>\n<meta property=\"article:modified_time\" content=\"2026-03-23T18:44:24+00:00\" \/>\n<meta property=\"og:image\" content=\"https:\/\/attorneyjeff.com\/wp-content\/uploads\/2023\/04\/California-Dog-Bite-Lawyer-scaled.webp\" \/>\n\t<meta property=\"og:image:width\" content=\"2560\" \/>\n\t<meta property=\"og:image:height\" content=\"1707\" \/>\n\t<meta property=\"og:image:type\" content=\"image\/webp\" \/>\n<meta name=\"twitter:card\" content=\"summary_large_image\" \/>\n<script type=\"application\/ld+json\" class=\"yoast-schema-graph\">{\"@context\":\"https:\\\/\\\/schema.org\",\"@graph\":[{\"@type\":\"WebPage\",\"@id\":\"https:\\\/\\\/attorneyjeff.com\\\/california-dog-bite-lawyer\\\/\",\"url\":\"https:\\\/\\\/attorneyjeff.com\\\/california-dog-bite-lawyer\\\/\",\"name\":\"California Dog Bite Lawyer | Attorney Jeff Car Accident Lawyer\",\"isPartOf\":{\"@id\":\"https:\\\/\\\/attorneyjeff.com\\\/#website\"},\"primaryImageOfPage\":{\"@id\":\"https:\\\/\\\/attorneyjeff.com\\\/california-dog-bite-lawyer\\\/#primaryimage\"},\"image\":{\"@id\":\"https:\\\/\\\/attorneyjeff.com\\\/california-dog-bite-lawyer\\\/#primaryimage\"},\"thumbnailUrl\":\"https:\\\/\\\/attorneyjeff.com\\\/wp-content\\\/uploads\\\/2023\\\/04\\\/California-Dog-Bite-Lawyer-scaled.webp\",\"datePublished\":\"2023-04-12T19:15:11+00:00\",\"dateModified\":\"2026-03-23T18:44:24+00:00\",\"description\":\"If you or a loved one have been bitten by a dog in California, it's important to speak with a dog bite lawyer. Call us to seek legal options.\",\"breadcrumb\":{\"@id\":\"https:\\\/\\\/attorneyjeff.com\\\/california-dog-bite-lawyer\\\/#breadcrumb\"},\"inLanguage\":\"es\",\"potentialAction\":[{\"@type\":\"ReadAction\",\"target\":[\"https:\\\/\\\/attorneyjeff.com\\\/california-dog-bite-lawyer\\\/\"]}]},{\"@type\":\"ImageObject\",\"inLanguage\":\"es\",\"@id\":\"https:\\\/\\\/attorneyjeff.com\\\/california-dog-bite-lawyer\\\/#primaryimage\",\"url\":\"https:\\\/\\\/attorneyjeff.com\\\/wp-content\\\/uploads\\\/2023\\\/04\\\/California-Dog-Bite-Lawyer-scaled.webp\",\"contentUrl\":\"https:\\\/\\\/attorneyjeff.com\\\/wp-content\\\/uploads\\\/2023\\\/04\\\/California-Dog-Bite-Lawyer-scaled.webp\",\"width\":2560,\"height\":1707,\"caption\":\"California Dog Bite Lawyer\"},{\"@type\":\"BreadcrumbList\",\"@id\":\"https:\\\/\\\/attorneyjeff.com\\\/california-dog-bite-lawyer\\\/#breadcrumb\",\"itemListElement\":[{\"@type\":\"ListItem\",\"position\":1,\"name\":\"Home\",\"item\":\"https:\\\/\\\/attorneyjeff.com\\\/\"},{\"@type\":\"ListItem\",\"position\":2,\"name\":\"California Dog Bite Lawyer\"}]},{\"@type\":\"WebSite\",\"@id\":\"https:\\\/\\\/attorneyjeff.com\\\/#website\",\"url\":\"https:\\\/\\\/attorneyjeff.com\\\/\",\"name\":\"Attorney Jeff\",\"description\":\"Car Accident Lawyer\",\"potentialAction\":[{\"@type\":\"SearchAction\",\"target\":{\"@type\":\"EntryPoint\",\"urlTemplate\":\"https:\\\/\\\/attorneyjeff.com\\\/?s={search_term_string}\"},\"query-input\":{\"@type\":\"PropertyValueSpecification\",\"valueRequired\":true,\"valueName\":\"search_term_string\"}}],\"inLanguage\":\"es\"}]}<\/script>\n<!-- \/ Yoast SEO plugin. -->","yoast_head_json":{"title":"Abogado de mordeduras de perro en California | Abogado Jeff, abogado de accidentes de tr\u00e1fico","description":"Si usted o un ser querido ha sido mordido por un perro en California, es importante hablar con un abogado especializado en mordeduras de perro. Ll\u00e1menos para buscar opciones legales.","robots":{"index":"index","follow":"follow","max-snippet":"max-snippet:-1","max-image-preview":"max-image-preview:large","max-video-preview":"max-video-preview:-1"},"canonical":"https:\/\/attorneyjeff.com\/es\/california-dog-bite-lawyer\/","og_locale":"es_MX","og_type":"article","og_title":"California Dog Bite Lawyer | Attorney Jeff Car Accident Lawyer","og_description":"If you or a loved one have been bitten by a dog in California, it's important to speak with a dog bite lawyer. Call us to seek legal options.","og_url":"https:\/\/attorneyjeff.com\/es\/california-dog-bite-lawyer\/","og_site_name":"Attorney Jeff","article_modified_time":"2026-03-23T18:44:24+00:00","og_image":[{"width":2560,"height":1707,"url":"https:\/\/attorneyjeff.com\/wp-content\/uploads\/2023\/04\/California-Dog-Bite-Lawyer-scaled.webp","type":"image\/webp"}],"twitter_card":"summary_large_image","schema":{"@context":"https:\/\/schema.org","@graph":[{"@type":"WebPage","@id":"https:\/\/attorneyjeff.com\/california-dog-bite-lawyer\/","url":"https:\/\/attorneyjeff.com\/california-dog-bite-lawyer\/","name":"Abogado de mordeduras de perro en California | Abogado Jeff, abogado de accidentes de tr\u00e1fico","isPartOf":{"@id":"https:\/\/attorneyjeff.com\/#website"},"primaryImageOfPage":{"@id":"https:\/\/attorneyjeff.com\/california-dog-bite-lawyer\/#primaryimage"},"image":{"@id":"https:\/\/attorneyjeff.com\/california-dog-bite-lawyer\/#primaryimage"},"thumbnailUrl":"https:\/\/attorneyjeff.com\/wp-content\/uploads\/2023\/04\/California-Dog-Bite-Lawyer-scaled.webp","datePublished":"2023-04-12T19:15:11+00:00","dateModified":"2026-03-23T18:44:24+00:00","description":"Si usted o un ser querido ha sido mordido por un perro en California, es importante hablar con un abogado especializado en mordeduras de perro. Ll\u00e1menos para buscar opciones legales.","breadcrumb":{"@id":"https:\/\/attorneyjeff.com\/california-dog-bite-lawyer\/#breadcrumb"},"inLanguage":"es","potentialAction":[{"@type":"ReadAction","target":["https:\/\/attorneyjeff.com\/california-dog-bite-lawyer\/"]}]},{"@type":"ImageObject","inLanguage":"es","@id":"https:\/\/attorneyjeff.com\/california-dog-bite-lawyer\/#primaryimage","url":"https:\/\/attorneyjeff.com\/wp-content\/uploads\/2023\/04\/California-Dog-Bite-Lawyer-scaled.webp","contentUrl":"https:\/\/attorneyjeff.com\/wp-content\/uploads\/2023\/04\/California-Dog-Bite-Lawyer-scaled.webp","width":2560,"height":1707,"caption":"California Dog Bite Lawyer"},{"@type":"BreadcrumbList","@id":"https:\/\/attorneyjeff.com\/california-dog-bite-lawyer\/#breadcrumb","itemListElement":[{"@type":"ListItem","position":1,"name":"Home","item":"https:\/\/attorneyjeff.com\/"},{"@type":"ListItem","position":2,"name":"California Dog Bite Lawyer"}]},{"@type":"WebSite","@id":"https:\/\/attorneyjeff.com\/#website","url":"https:\/\/attorneyjeff.com\/","name":"El abogado Jeff","description":"Abogado de accidentes de coche","potentialAction":[{"@type":"SearchAction","target":{"@type":"EntryPoint","urlTemplate":"https:\/\/attorneyjeff.com\/?s={search_term_string}"},"query-input":{"@type":"PropertyValueSpecification","valueRequired":true,"valueName":"search_term_string"}}],"inLanguage":"es"}]}},"_links":{"self":[{"href":"https:\/\/attorneyjeff.com\/es\/wp-json\/wp\/v2\/pages\/1370","targetHints":{"allow":["GET"]}}],"collection":[{"href":"https:\/\/attorneyjeff.com\/es\/wp-json\/wp\/v2\/pages"}],"about":[{"href":"https:\/\/attorneyjeff.com\/es\/wp-json\/wp\/v2\/types\/page"}],"author":[{"embeddable":true,"href":"https:\/\/attorneyjeff.com\/es\/wp-json\/wp\/v2\/users\/24"}],"replies":[{"embeddable":true,"href":"https:\/\/attorneyjeff.com\/es\/wp-json\/wp\/v2\/comments?post=1370"}],"version-history":[{"count":0,"href":"https:\/\/attorneyjeff.com\/es\/wp-json\/wp\/v2\/pages\/1370\/revisions"}],"wp:featuredmedia":[{"embeddable":true,"href":"https:\/\/attorneyjeff.com\/es\/wp-json\/wp\/v2\/media\/1396"}],"wp:attachment":[{"href":"https:\/\/attorneyjeff.com\/es\/wp-json\/wp\/v2\/media?parent=1370"}],"curies":[{"name":"wp","href":"https:\/\/api.w.org\/{rel}","templated":true}]}}