{"id":1476,"date":"2023-04-14T09:24:27","date_gmt":"2023-04-14T13:24:27","guid":{"rendered":"https:\/\/attorneyjeff25.wpenginepowered.com\/?page_id=1476"},"modified":"2023-04-17T08:58:56","modified_gmt":"2023-04-17T12:58:56","slug":"car-accident-lawyer","status":"publish","type":"page","link":"https:\/\/attorneyjeff.com\/es\/van-nuys-injury\/car-accident-lawyer\/","title":{"rendered":"Abogado de accidentes automovil\u00edsticos en Van Nuys"},"content":{"rendered":"<p>Van Nuys experimenta su cuota de accidentes automovil\u00edsticos catastr\u00f3ficos y, con demasiada frecuencia, son causados por la negligencia de otros conductores.<\/p>\n<p>Las p\u00e9rdidas que enfrenta tras un accidente automovil\u00edstico que no caus\u00f3 pueden ser excepcionalmente dif\u00edciles de superar. Pero, un abogado con experiencia <a href=\"https:\/\/attorneyjeff.com\/es\/van-nuys-injury\/\">Abogado de lesiones personales de Van Nuys<\/a> Est\u00e1 disponible para ayudarle. Llame al abogado Jeff Injury Lawyers para investigar su accidente y ayudarle a avanzar con su reclamo y su recuperaci\u00f3n.<\/p>\n<h2>Escenarios t\u00edpicos de accidentes automovil\u00edsticos<\/h2>\n<p>Los accidentes automovil\u00edsticos adoptan muchas formas, pero hay varios escenarios b\u00e1sicos que se aplican.<\/p>\n<h3>Accidentes por alcance<\/h3>\n<p>Las colisiones traseras son las m\u00e1s comunes en las carreteras de California y del pa\u00eds. Un impacto trasero hace que el veh\u00edculo se estrelle hacia adelante, y el rebote puede provocar lesiones cerebrales traum\u00e1ticas, latigazo cervical, fracturas y mucho m\u00e1s.<\/p>\n<h3>Accidentes de tipo T-bone<\/h3>\n<p>Los accidentes en T son muy comunes en las intersecciones, donde se cruzan veh\u00edculos que circulan en todas direcciones. Cuando un conductor choca directamente contra otro que se cruza en su camino, se crea la forma de un... <em>T<\/em>Estos accidentes de choque lateral son especialmente graves. Los laterales de nuestros veh\u00edculos no ofrecen mucha amortiguaci\u00f3n, lo que deja a los ocupantes de los veh\u00edculos impactados m\u00e1s expuestos a sufrir lesiones graves.<\/p>\n<h3>Accidentes por roce lateral<\/h3>\n<p>Cuando un conductor negligente roza su veh\u00edculo, no solo sufre el impacto, sino que tambi\u00e9n puede verse empujado hacia el carril contiguo. Los accidentes por roce lateral son comunes y peligrosos.<\/p>\n<h3>Rollovers<\/h3>\n<p>Los vuelcos suelen deberse a factores que pueden hacer tropezar al conductor, como cuando la negligencia de otro conductor lo obliga a una situaci\u00f3n que lo deja sin opciones de seguridad. Estos accidentes son aterradores y dolorosos para quienes son arrastrados.<\/p>\n<h3>Accidentes frontales<\/h3>\n<p>Cuando otro conductor que viaja en direcci\u00f3n contraria se abalanza sobre ti, te quedan pocas opciones. Los choques frontales suelen ser fatales.<\/p>\n<p>No importa qu\u00e9 tipo de accidente automovil\u00edstico en Van Nuys lo deje a usted o a su ser querido herido, un abogado dedicado a accidentes automovil\u00edsticos en nuestra firma est\u00e1 de su lado y aqu\u00ed para ayudarlo.<\/p>\n<h2>\u00bfCu\u00e1ndo son negligentes los conductores?<\/h2>\n<p>Los accidentes de tr\u00e1fico suelen deberse a la negligencia del otro conductor, y esta negligencia puede surgir cuando conductores inseguros conducen. Algunas de las formas m\u00e1s comunes y mortales de negligencia al volante incluyen:<\/p>\n<ul>\n<li>Agotamiento<\/li>\n<li>Discapacidad<\/li>\n<li>Agresi\u00f3n<\/li>\n<li>Conducir por encima del l\u00edmite de velocidad<\/li>\n<li>Estar distra\u00eddo<\/li>\n<li>Incumplimiento de las leyes de tr\u00e1nsito<\/li>\n<\/ul>\n<h2>Lesiones comunes en accidentes automovil\u00edsticos<\/h2>\n<p>Desafortunadamente, el impacto directo e inmenso de los accidentes automovil\u00edsticos puede resultar en casi cualquier tipo de lesi\u00f3n grave, pero algunas de las m\u00e1s comunes incluyen:<\/p>\n<ul>\n<li>Conmociones cerebrales y otras lesiones cerebrales traum\u00e1ticas (LCT)<\/li>\n<li>Quemaduras, cortes y abrasiones graves<\/li>\n<li>Latigazo cervical y otras lesiones dolorosas de tejidos blandos<\/li>\n<li>Huesos rotos, incluidas fracturas complicadas que est\u00e1n estrechamente asociadas con problemas de salud secundarios.<\/li>\n<li>Lesiones de la m\u00e9dula espinal, incluidas diversas formas de par\u00e1lisis permanente<\/li>\n<li>Hemorragia interna y otras formas de lesi\u00f3n interna<\/li>\n<\/ul>\n<p>Si ha sufrido una lesi\u00f3n debido al descuido de otro conductor, recurra a nuestros abogados de accidentes automovil\u00edsticos en Van Nuys para obtener la ayuda que est\u00e1 buscando.<\/p>\n<h2>\u00bfQu\u00e9 debe hacer despu\u00e9s de un accidente en Van Nuys?<\/h2>\n<p>Su accidente automovil\u00edstico ser\u00e1 \u00fanico seg\u00fan la situaci\u00f3n exacta en cuesti\u00f3n, pero hay algunos primeros pasos b\u00e1sicos que pueden beneficiar a cada v\u00edctima de accidente, incluidos:<\/p>\n<ul>\n<li>Busque atenci\u00f3n m\u00e9dica inmediata.<\/li>\n<li>Consulte con un abogado con experiencia en accidentes automovil\u00edsticos y trabaje estrechamente con \u00e9l durante todo el proceso de reclamo.<\/li>\n<li>Siga cuidadosamente las instrucciones y consejos que le proporcione su equipo m\u00e9dico.<\/li>\n<li>No le proporcione una declaraci\u00f3n a la compa\u00f1\u00eda de seguros. No est\u00e1 obligado a hacerlo, y es mejor dejar esta tarea en manos de su abogado.<\/li>\n<li>T\u00f3mese un descanso de las redes sociales mientras su reclamo est\u00e9 pendiente, ya que la compa\u00f1\u00eda de seguros utilizar\u00e1 cualquier informaci\u00f3n que pueda obtener en un intento de da\u00f1ar su reclamo.<\/li>\n<\/ul>\n<h2>\u00bfA qu\u00e9 da\u00f1os tienen derecho las v\u00edctimas de accidentes de tr\u00e1fico?<\/h2>\n<p>Las p\u00e9rdidas, o da\u00f1os legales, que enfrenta despu\u00e9s de un accidente de auto pueden ser abrumadoras, y obtener una compensaci\u00f3n justa es fundamental para su completa recuperaci\u00f3n f\u00edsica, financiera y emocional. En su reclamo por accidente de auto, puede buscar una compensaci\u00f3n justa en varias categor\u00edas b\u00e1sicas.<\/p>\n<h3>Da\u00f1os materiales a su veh\u00edculo<\/h3>\n<p>Puede abordar la cuesti\u00f3n de los da\u00f1os a su autom\u00f3vil y su contenido en su reclamo por accidente automovil\u00edstico.<\/p>\n<h3>Sus facturas m\u00e9dicas<\/h3>\n<p>Los gastos m\u00e9dicos que enfrenta tras un accidente automovil\u00edstico pueden ser inmensos, pero no terminan ah\u00ed. Las lesiones graves pueden provocar complicaciones y problemas de salud secundarios que requieren atenci\u00f3n, tratamientos y procedimientos continuos.<\/p>\n<h3>Su p\u00e9rdida de ingresos<\/h3>\n<p>Los ingresos que pierdes desde el principio pueden ser extremadamente costosos, pero si sufres p\u00e9rdidas relacionadas con tu capacidad de ingresos, pueden ser mucho m\u00e1s costosas.<\/p>\n<h3>Tu dolor y sufrimiento<\/h3>\n<p>Aunque calcular el dolor y el sufrimiento que uno padece no es un proceso sencillo, estas p\u00e9rdidas son, no obstante, demasiado reales.<\/p>\n<h2>Comience su caso despu\u00e9s de su accidente automovil\u00edstico en Van Nuys<\/h2>\n<p>En <a href=\"\/es\/about-us\/\">Abogado Jeff Injury Lawyers<\/a>Nuestro equipo comprende la complejidad de su situaci\u00f3n y nos comprometemos a obtener el mejor resultado posible para su reclamo. Hable hoy mismo con un abogado especializado en accidentes de auto. <a href=\"\/es\/contact-us\/\">Cont\u00e1ctanos<\/a> o ll\u00e1menos al 888-970-5729 ahora para comenzar.<\/p>\n<h2>Preguntas frecuentes sobre reclamaciones por accidentes de tr\u00e1fico<\/h2>\n<div class=\"home-accordion\"><\/p>\n<h3>\u00bfQu\u00e9 es el dolor y el sufrimiento?<\/h3><div>\n<p>El dolor y el sufrimiento son una categor\u00eda de da\u00f1os legales que aborda el dolor f\u00edsico y emocional que usted experimenta, y que puede ser dif\u00edcil de superar.<\/p>\n<\/div><h3>\u00bfEstoy obligado a contratar un abogado de accidentes automovil\u00edsticos?<\/h3><div>\n<p>Siempre es en su mejor inter\u00e9s y en el de su reclamo trabajar en estrecha colaboraci\u00f3n con un abogado con experiencia en accidentes automovil\u00edsticos durante todo el proceso de reclamo.<\/p>\n<\/div><h3>\u00bfMi caso ir\u00e1 a juicio?<\/h3><div>\n<p>La mayor\u00eda de las reclamaciones por accidentes de tr\u00e1fico se resuelven antes de llegar a los tribunales, y es muy probable que la suya siga el mismo camino. Solo si la compa\u00f1\u00eda de seguros no negocia de forma justa, su abogado le recomendar\u00e1 que presente una demanda.<\/p>\n<p><\/div><\/div><script type=\"application\/ld+json\">{\"@context\": \"https:\/\/schema.org\",\"@type\": \"FAQPage\",\"mainEntity\":[{\"@type\": \"Question\",\"name\": \"\nWhat is pain and suffering?\",\"acceptedAnswer\": {\"@type\": \"Answer\",\"text\": \"\nPain and suffering is a category of legal damages that addresses the physical and emotional pain you experience, which can be difficult to overcome.\n\"}},{\"@type\": \"Question\",\"name\": \"Am I required to hire a car accident lawyer?\",\"acceptedAnswer\": {\"@type\": \"Answer\",\"text\": \"\nIt is always in your and your claim\u2019s best interest to work closely with an experienced car accident lawyer throughout the claims process.\n\"}},{\"@type\": \"Question\",\"name\": \"Will my case go to trial?\",\"acceptedAnswer\": {\"@type\": \"Answer\",\"text\": \"\nMost car accident claims settle before they make it to court, and yours is very likely to follow this same path. Only if the insurance company fails to negotiate fairly will your attorney advise you to file a lawsuit.\n\"}}]}<\/script>","protected":false},"excerpt":{"rendered":"<p>Van Nuys experimenta su cuota de accidentes automovil\u00edsticos catastr\u00f3ficos y, con demasiada frecuencia, son causados por la negligencia de otros...<\/p>","protected":false},"author":24,"featured_media":1590,"parent":1402,"menu_order":0,"comment_status":"closed","ping_status":"closed","template":"","meta":{"inline_featured_image":false,"_monsterinsights_skip_tracking":false,"_monsterinsights_sitenote_active":false,"_monsterinsights_sitenote_note":"","_monsterinsights_sitenote_category":0,"footnotes":""},"class_list":["post-1476","page","type-page","status-publish","has-post-thumbnail","hentry"],"acf":[],"yoast_head":"<!-- This site is optimized with the Yoast SEO plugin v27.4 - https:\/\/yoast.com\/product\/yoast-seo-wordpress\/ -->\n<title>Van Nuys Car Accident Lawyer | Attorney Jeff Injury Lawyers<\/title>\n<meta name=\"description\" content=\"If you&#039;ve been injured in a car accident, you need an experienced car accident lawyer to help you get the compensation you deserve.\" \/>\n<meta name=\"robots\" content=\"index, follow, max-snippet:-1, max-image-preview:large, max-video-preview:-1\" \/>\n<link rel=\"canonical\" href=\"https:\/\/attorneyjeff.com\/es\/van-nuys-injury\/car-accident-lawyer\/\" \/>\n<meta property=\"og:locale\" content=\"es_MX\" \/>\n<meta property=\"og:type\" content=\"article\" \/>\n<meta property=\"og:title\" content=\"Van Nuys Car Accident Lawyer | Attorney Jeff Injury Lawyers\" \/>\n<meta property=\"og:description\" content=\"If you&#039;ve been injured in a car accident, you need an experienced car accident lawyer to help you get the compensation you deserve.\" \/>\n<meta property=\"og:url\" content=\"https:\/\/attorneyjeff.com\/es\/van-nuys-injury\/car-accident-lawyer\/\" \/>\n<meta property=\"og:site_name\" content=\"Attorney Jeff\" \/>\n<meta property=\"article:modified_time\" content=\"2023-04-17T12:58:56+00:00\" \/>\n<meta property=\"og:image\" content=\"https:\/\/attorneyjeff.com\/wp-content\/uploads\/2023\/04\/Van-Nuys-Car-Accident-Lawyer-scaled.webp\" \/>\n\t<meta property=\"og:image:width\" content=\"2560\" \/>\n\t<meta property=\"og:image:height\" content=\"1686\" \/>\n\t<meta property=\"og:image:type\" content=\"image\/webp\" \/>\n<meta name=\"twitter:card\" content=\"summary_large_image\" \/>\n<script type=\"application\/ld+json\" class=\"yoast-schema-graph\">{\"@context\":\"https:\\\/\\\/schema.org\",\"@graph\":[{\"@type\":\"WebPage\",\"@id\":\"https:\\\/\\\/attorneyjeff.com\\\/van-nuys-injury\\\/car-accident-lawyer\\\/\",\"url\":\"https:\\\/\\\/attorneyjeff.com\\\/van-nuys-injury\\\/car-accident-lawyer\\\/\",\"name\":\"Van Nuys Car Accident Lawyer | Attorney Jeff Injury Lawyers\",\"isPartOf\":{\"@id\":\"https:\\\/\\\/attorneyjeff.com\\\/#website\"},\"primaryImageOfPage\":{\"@id\":\"https:\\\/\\\/attorneyjeff.com\\\/van-nuys-injury\\\/car-accident-lawyer\\\/#primaryimage\"},\"image\":{\"@id\":\"https:\\\/\\\/attorneyjeff.com\\\/van-nuys-injury\\\/car-accident-lawyer\\\/#primaryimage\"},\"thumbnailUrl\":\"https:\\\/\\\/attorneyjeff.com\\\/wp-content\\\/uploads\\\/2023\\\/04\\\/Van-Nuys-Car-Accident-Lawyer-scaled.webp\",\"datePublished\":\"2023-04-14T13:24:27+00:00\",\"dateModified\":\"2023-04-17T12:58:56+00:00\",\"description\":\"If you've been injured in a car accident, you need an experienced car accident lawyer to help you get the compensation you deserve.\",\"breadcrumb\":{\"@id\":\"https:\\\/\\\/attorneyjeff.com\\\/van-nuys-injury\\\/car-accident-lawyer\\\/#breadcrumb\"},\"inLanguage\":\"es\",\"potentialAction\":[{\"@type\":\"ReadAction\",\"target\":[\"https:\\\/\\\/attorneyjeff.com\\\/van-nuys-injury\\\/car-accident-lawyer\\\/\"]}]},{\"@type\":\"ImageObject\",\"inLanguage\":\"es\",\"@id\":\"https:\\\/\\\/attorneyjeff.com\\\/van-nuys-injury\\\/car-accident-lawyer\\\/#primaryimage\",\"url\":\"https:\\\/\\\/attorneyjeff.com\\\/wp-content\\\/uploads\\\/2023\\\/04\\\/Van-Nuys-Car-Accident-Lawyer-scaled.webp\",\"contentUrl\":\"https:\\\/\\\/attorneyjeff.com\\\/wp-content\\\/uploads\\\/2023\\\/04\\\/Van-Nuys-Car-Accident-Lawyer-scaled.webp\",\"width\":2560,\"height\":1686,\"caption\":\"Car Accident Lawyer\"},{\"@type\":\"BreadcrumbList\",\"@id\":\"https:\\\/\\\/attorneyjeff.com\\\/van-nuys-injury\\\/car-accident-lawyer\\\/#breadcrumb\",\"itemListElement\":[{\"@type\":\"ListItem\",\"position\":1,\"name\":\"Home\",\"item\":\"https:\\\/\\\/attorneyjeff.com\\\/\"},{\"@type\":\"ListItem\",\"position\":2,\"name\":\"Van Nuys Personal Injury Lawyer\",\"item\":\"https:\\\/\\\/attorneyjeff.com\\\/van-nuys-injury\\\/\"},{\"@type\":\"ListItem\",\"position\":3,\"name\":\"Van Nuys Car Accident Lawyer\"}]},{\"@type\":\"WebSite\",\"@id\":\"https:\\\/\\\/attorneyjeff.com\\\/#website\",\"url\":\"https:\\\/\\\/attorneyjeff.com\\\/\",\"name\":\"Attorney Jeff\",\"description\":\"Car Accident Lawyer\",\"potentialAction\":[{\"@type\":\"SearchAction\",\"target\":{\"@type\":\"EntryPoint\",\"urlTemplate\":\"https:\\\/\\\/attorneyjeff.com\\\/?s={search_term_string}\"},\"query-input\":{\"@type\":\"PropertyValueSpecification\",\"valueRequired\":true,\"valueName\":\"search_term_string\"}}],\"inLanguage\":\"es\"}]}<\/script>\n<!-- \/ Yoast SEO plugin. -->","yoast_head_json":{"title":"Abogado de accidentes de auto en Van Nuys | Abogado Jeff Injury Lawyers","description":"Si ha resultado lesionado en un accidente automovil\u00edstico, necesita un abogado con experiencia en accidentes automovil\u00edsticos que lo ayude a obtener la compensaci\u00f3n que se merece.","robots":{"index":"index","follow":"follow","max-snippet":"max-snippet:-1","max-image-preview":"max-image-preview:large","max-video-preview":"max-video-preview:-1"},"canonical":"https:\/\/attorneyjeff.com\/es\/van-nuys-injury\/car-accident-lawyer\/","og_locale":"es_MX","og_type":"article","og_title":"Van Nuys Car Accident Lawyer | Attorney Jeff Injury Lawyers","og_description":"If you've been injured in a car accident, you need an experienced car accident lawyer to help you get the compensation you deserve.","og_url":"https:\/\/attorneyjeff.com\/es\/van-nuys-injury\/car-accident-lawyer\/","og_site_name":"Attorney Jeff","article_modified_time":"2023-04-17T12:58:56+00:00","og_image":[{"width":2560,"height":1686,"url":"https:\/\/attorneyjeff.com\/wp-content\/uploads\/2023\/04\/Van-Nuys-Car-Accident-Lawyer-scaled.webp","type":"image\/webp"}],"twitter_card":"summary_large_image","schema":{"@context":"https:\/\/schema.org","@graph":[{"@type":"WebPage","@id":"https:\/\/attorneyjeff.com\/van-nuys-injury\/car-accident-lawyer\/","url":"https:\/\/attorneyjeff.com\/van-nuys-injury\/car-accident-lawyer\/","name":"Abogado de accidentes de auto en Van Nuys | Abogado Jeff Injury Lawyers","isPartOf":{"@id":"https:\/\/attorneyjeff.com\/#website"},"primaryImageOfPage":{"@id":"https:\/\/attorneyjeff.com\/van-nuys-injury\/car-accident-lawyer\/#primaryimage"},"image":{"@id":"https:\/\/attorneyjeff.com\/van-nuys-injury\/car-accident-lawyer\/#primaryimage"},"thumbnailUrl":"https:\/\/attorneyjeff.com\/wp-content\/uploads\/2023\/04\/Van-Nuys-Car-Accident-Lawyer-scaled.webp","datePublished":"2023-04-14T13:24:27+00:00","dateModified":"2023-04-17T12:58:56+00:00","description":"Si ha resultado lesionado en un accidente automovil\u00edstico, necesita un abogado con experiencia en accidentes automovil\u00edsticos que lo ayude a obtener la compensaci\u00f3n que se merece.","breadcrumb":{"@id":"https:\/\/attorneyjeff.com\/van-nuys-injury\/car-accident-lawyer\/#breadcrumb"},"inLanguage":"es","potentialAction":[{"@type":"ReadAction","target":["https:\/\/attorneyjeff.com\/van-nuys-injury\/car-accident-lawyer\/"]}]},{"@type":"ImageObject","inLanguage":"es","@id":"https:\/\/attorneyjeff.com\/van-nuys-injury\/car-accident-lawyer\/#primaryimage","url":"https:\/\/attorneyjeff.com\/wp-content\/uploads\/2023\/04\/Van-Nuys-Car-Accident-Lawyer-scaled.webp","contentUrl":"https:\/\/attorneyjeff.com\/wp-content\/uploads\/2023\/04\/Van-Nuys-Car-Accident-Lawyer-scaled.webp","width":2560,"height":1686,"caption":"Car Accident Lawyer"},{"@type":"BreadcrumbList","@id":"https:\/\/attorneyjeff.com\/van-nuys-injury\/car-accident-lawyer\/#breadcrumb","itemListElement":[{"@type":"ListItem","position":1,"name":"Home","item":"https:\/\/attorneyjeff.com\/"},{"@type":"ListItem","position":2,"name":"Van Nuys Personal Injury Lawyer","item":"https:\/\/attorneyjeff.com\/van-nuys-injury\/"},{"@type":"ListItem","position":3,"name":"Van Nuys Car Accident Lawyer"}]},{"@type":"WebSite","@id":"https:\/\/attorneyjeff.com\/#website","url":"https:\/\/attorneyjeff.com\/","name":"El abogado Jeff","description":"Abogado de accidentes de coche","potentialAction":[{"@type":"SearchAction","target":{"@type":"EntryPoint","urlTemplate":"https:\/\/attorneyjeff.com\/?s={search_term_string}"},"query-input":{"@type":"PropertyValueSpecification","valueRequired":true,"valueName":"search_term_string"}}],"inLanguage":"es"}]}},"_links":{"self":[{"href":"https:\/\/attorneyjeff.com\/es\/wp-json\/wp\/v2\/pages\/1476","targetHints":{"allow":["GET"]}}],"collection":[{"href":"https:\/\/attorneyjeff.com\/es\/wp-json\/wp\/v2\/pages"}],"about":[{"href":"https:\/\/attorneyjeff.com\/es\/wp-json\/wp\/v2\/types\/page"}],"author":[{"embeddable":true,"href":"https:\/\/attorneyjeff.com\/es\/wp-json\/wp\/v2\/users\/24"}],"replies":[{"embeddable":true,"href":"https:\/\/attorneyjeff.com\/es\/wp-json\/wp\/v2\/comments?post=1476"}],"version-history":[{"count":0,"href":"https:\/\/attorneyjeff.com\/es\/wp-json\/wp\/v2\/pages\/1476\/revisions"}],"up":[{"embeddable":true,"href":"https:\/\/attorneyjeff.com\/es\/wp-json\/wp\/v2\/pages\/1402"}],"wp:featuredmedia":[{"embeddable":true,"href":"https:\/\/attorneyjeff.com\/es\/wp-json\/wp\/v2\/media\/1590"}],"wp:attachment":[{"href":"https:\/\/attorneyjeff.com\/es\/wp-json\/wp\/v2\/media?parent=1476"}],"curies":[{"name":"wp","href":"https:\/\/api.w.org\/{rel}","templated":true}]}}