{"id":1480,"date":"2023-04-14T09:26:08","date_gmt":"2023-04-14T13:26:08","guid":{"rendered":"https:\/\/attorneyjeff25.wpenginepowered.com\/?page_id=1480"},"modified":"2023-04-17T09:05:05","modified_gmt":"2023-04-17T13:05:05","slug":"uber-lyft-accident-lawyer","status":"publish","type":"page","link":"https:\/\/attorneyjeff.com\/es\/van-nuys-injury\/uber-lyft-accident-lawyer\/","title":{"rendered":"Abogado de accidentes de Uber\/Lyft en Van Nuys"},"content":{"rendered":"<p>Por muy c\u00f3modas y f\u00e1ciles que sean las aplicaciones de viajes compartidos como Uber y Lyft, pueden trastocar tu vida con la misma rapidez si sufres un accidente con una de ellas. Desafortunadamente, los conductores de viajes compartidos tambi\u00e9n pueden cometer errores o actuar de forma irresponsable, como otros conductores.<\/p>\n<p>Conseguir un abogado de accidentes de Uber y Lyft en Van Nuys es fundamental tras un accidente de viaje compartido. Podr\u00eda considerar no presentar una reclamaci\u00f3n porque se enfrentar\u00e1 a una gran empresa. Contacte con un abogado. <a href=\"https:\/\/attorneyjeff.com\/es\/van-nuys-injury\/\">Abogado de lesiones en Van Nuys<\/a> con experiencia en accidentes de viajes compartidos en Attorney Jeff Injury Lawyers para obtener la compensaci\u00f3n que usted merece.<\/p>\n<h2>Causas de los accidentes de Uber y Lyft<\/h2>\n<p>Como era de esperar, las causas m\u00e1s comunes de accidentes de Uber y Lyft no difieren en nada de las de los accidentes comunes. Entre ellas se incluyen:<\/p>\n<ul>\n<li>Exceso de velocidad<\/li>\n<li>Inexperiencia del conductor<\/li>\n<li>Conducir con sue\u00f1o<\/li>\n<li>Conducir bajo la influencia del alcohol<\/li>\n<li>Incumplimiento de las se\u00f1ales y sem\u00e1foros de tr\u00e1fico<\/li>\n<li>Conducir distra\u00eddo<\/li>\n<li>Violencia al volante<\/li>\n<\/ul>\n<h2>Requisitos para conductores y veh\u00edculos de Uber y Lyft<\/h2>\n<p>Uber y Lyft han establecido varios requisitos para veh\u00edculos y conductores para garantizar que trabajan con conductores y veh\u00edculos competentes.<\/p>\n<h3>Requisitos para conductores de Uber y Lyft<\/h3>\n<p>Uber y Lyft realizan verificaciones anuales de antecedentes penales. Adem\u00e1s, ambas compa\u00f1\u00edas de viajes compartidos exigen:<\/p>\n<ul>\n<li>Al menos un a\u00f1o de experiencia de conducci\u00f3n con licencia en EE. UU. para conductores de Lyft y al menos tres a\u00f1os para conductores de Uber. La experiencia de conducci\u00f3n en el extranjero no cuenta.<\/li>\n<li>Una copia del Informe del Veh\u00edculo Motorizado<\/li>\n<li>Debes tener un tel\u00e9fono inteligente<\/li>\n<\/ul>\n<p>Los conductores deben proporcionar prueba del seguro del veh\u00edculo, n\u00famero de seguro social y detalles de registro del veh\u00edculo durante el registro.<\/p>\n<h3>Requisitos de los veh\u00edculos Lyft y Uber<\/h3>\n<p>Adem\u00e1s de los requisitos para los conductores, las empresas de viajes compartidos tambi\u00e9n tienen requisitos espec\u00edficos para los veh\u00edculos utilizados para transportar pasajeros en la aplicaci\u00f3n. Estos requisitos incluyen:<\/p>\n<ul>\n<li>Uber exige que todos los veh\u00edculos tengan menos de 15 a\u00f1os. En Lyft, la antig\u00fcedad de los veh\u00edculos var\u00eda ligeramente seg\u00fan la jurisdicci\u00f3n.<\/li>\n<li>El veh\u00edculo debe tener cuatro puertas.<\/li>\n<li>Debe estar en buenas condiciones sin ning\u00fan da\u00f1o f\u00edsico.<\/li>\n<li>Debe mostrar una placa de California<\/li>\n<li>Los veh\u00edculos no deben tener ninguna publicidad ni ventanas tintadas oscuras.<\/li>\n<li>No hay veh\u00edculos de salvamento<\/li>\n<\/ul>\n<p>Ambas aplicaciones de viajes compartidos tambi\u00e9n requieren que los conductores tengan su propio seguro para cubrir accidentes que ocurran cuando el conductor no est\u00e9 conduciendo para Uber o Lyft.<\/p>\n<h2>\u00bfC\u00f3mo funciona el seguro de viajes compartidos en caso de accidente?<\/h2>\n<p>En el sur de California, las empresas de viajes compartidos deben cumplir con diversas regulaciones, incluyendo una estricta cobertura m\u00ednima de seguro, para operar. La cobertura de seguro que ofrecen compa\u00f1\u00edas como Lyft y Uber var\u00eda seg\u00fan las circunstancias en el momento del accidente. Por eso, exigen que el conductor tenga un seguro adicional.<\/p>\n<p>Si bien cada accidente tiene circunstancias \u00fanicas, se aplican varios escenarios a la mayor\u00eda de los accidentes de Uber y Lyft, entre ellos:<\/p>\n<h3>Cuando el conductor est\u00e1 de servicio con un pasajero<\/h3>\n<p>Si usted es un pasajero en un viaje compartido cuando el veh\u00edculo sufre un accidente, Uber y Lyft le brindar\u00e1n cobertura de seguro de:<\/p>\n<ul>\n<li>Hasta $1M en cobertura combinada de responsabilidad por da\u00f1os a la propiedad y lesiones corporales a terceros<\/li>\n<li>Cobertura para conductores sin seguro o con seguro insuficiente (UM\/UIM) para pasajeros y conductores de viajes compartidos<\/li>\n<li>Cobertura contingente integral o de colisi\u00f3n hasta el valor real del veh\u00edculo de viaje compartido sin deducibles<\/li>\n<\/ul>\n<h3>Cuando el conductor est\u00e1 de servicio y se dirige a recoger a un pasajero<\/h3>\n<p>Se aplican los mismos l\u00edmites de cobertura de seguro cuando el conductor va a recoger a un pasajero despu\u00e9s de aceptar una solicitud de tarifa que cuando el pasajero del viaje compartido est\u00e1 en el veh\u00edculo.<\/p>\n<h3>Cuando el conductor est\u00e1 de servicio y esperando a un pasajero<\/h3>\n<p>Si el conductor del viaje compartido solo estaba conectado a la aplicaci\u00f3n esperando una solicitud de viaje de un pasajero en el momento del accidente, se aplican los siguientes l\u00edmites de cobertura de seguro:<\/p>\n<ul>\n<li>Hasta $50,000 por persona o $100,000 por accidente en cobertura de responsabilidad civil por lesiones corporales a terceros<\/li>\n<li>Hasta $250,000 por accidente en cobertura de responsabilidad civil por da\u00f1os a la propiedad de terceros.<\/li>\n<\/ul>\n<p>En este caso, las obligaciones de seguro de la empresa de viajes compartidos solo entrar\u00e1n en vigor si el seguro del autom\u00f3vil del conductor no brinda cobertura.<\/p>\n<h3>Cuando el conductor no est\u00e1 de servicio y no ha iniciado sesi\u00f3n en la aplicaci\u00f3n<\/h3>\n<p>Si el conductor no ha iniciado sesi\u00f3n en la aplicaci\u00f3n, no se considera que est\u00e9 trabajando para la empresa de viajes compartidos. Por lo tanto, su seguro de auto personal deber\u00eda estar cubierto en caso de accidente.<\/p>\n<h3>Cuando otro conductor choca tu auto compartido<\/h3>\n<p>Los conductores y pasajeros de viajes compartidos tambi\u00e9n pueden ser v\u00edctimas de accidentes de Uber o Lyft cuando otro veh\u00edculo choca con su Uber o Lyft. Si el conductor del otro veh\u00edculo caus\u00f3 el accidente, el primer paso es solicitar una indemnizaci\u00f3n al seguro del conductor responsable. Sin embargo, si el seguro de ese conductor no cubre el costo total de sus gastos y p\u00e9rdidas, puede recurrir a Uber o Lyft para obtener cobertura UM\/UIM.<\/p>\n<h2>\u00bfPor qu\u00e9 contratar a un abogado especializado en accidentes de viajes compartidos en Van Nuys?<\/h2>\n<p>Elegir un abogado especializado en accidentes de viajes compartidos en Van Nuys es crucial. El \u00e9xito de su caso depender\u00e1 de la experiencia y la dedicaci\u00f3n del abogado, \u00a1y podemos ayudarle!<\/p>\n<p>Podemos ayudarle de diferentes maneras, seg\u00fan la etapa del caso en la que nos contacte. Si se pone en contacto con nosotros en cuanto ocurra el accidente (que es lo que deber\u00eda hacer), justo despu\u00e9s de llamar a la polic\u00eda y a los servicios de emergencia, estas son algunas de las medidas que podemos tomar para defender sus derechos e intereses legales:<\/p>\n<ul>\n<li><strong>Iniciar una investigaci\u00f3n:<\/strong> Necesitamos recuperar evidencia f\u00edsica y recopilar testimonios de testigos mientras todo est\u00e9 fresco y antes de que sea recuperable. Esto contribuye en gran medida a demostrar la culpabilidad si el caso llega a los tribunales.<\/li>\n<li><strong>Revise la evidencia:<\/strong> Nos tomaremos el tiempo necesario para revisar la evidencia que recopilemos. En ocasiones, colaboraremos con expertos en reconstrucci\u00f3n de accidentes para determinar con mayor certeza la causa del accidente e identificar qui\u00e9n podr\u00eda haber sido responsable de las lesiones y p\u00e9rdidas.<\/li>\n<li><strong>Documente sus lesiones y gastos:<\/strong> Para determinar la indemnizaci\u00f3n justa, necesitaremos documentar sus lesiones, gastos y otras p\u00e9rdidas. Recopilar estos costos nos ayudar\u00e1 a elaborar una cifra completa y a obtener una indemnizaci\u00f3n total.<\/li>\n<li><strong>Presenta tus demandas de indemnizaci\u00f3n:<\/strong> Con la informaci\u00f3n que recopilemos, presentaremos demandas a las partes responsables y a las aseguradoras. Lucharemos con ah\u00ednco y negociaremos agresivamente para garantizarle el mejor resultado posible.<\/li>\n<li><strong>Representarle ante el tribunal:<\/strong> Si todo lo dem\u00e1s falla y es necesario litigar para recuperar la compensaci\u00f3n que usted merece, lo representaremos en el tribunal.<\/li>\n<\/ul>\n<h2>Plazo para presentar una reclamaci\u00f3n por accidente de Uber y Lyft<\/h2>\n<p>En Van Nuys, los accidentes de viajes compartidos se clasifican como litigios por lesiones personales, cuyo plazo de prescripci\u00f3n es de dos a\u00f1os para presentar una demanda u obtener un reembolso por lesiones personales. Si su accidente no ha transcurrido los dos a\u00f1os, tiene derecho a solicitar una indemnizaci\u00f3n.<\/p>\n<h2>Llame a un abogado especializado en accidentes de viajes compartidos en Van Nuys ahora<\/h2>\n<p>Nuestros abogados de accidentes de Uber y Lyft en Van Nuys revisar\u00e1n a fondo los detalles de su reclamo y le ayudar\u00e1n a construir un caso s\u00f3lido. En <a href=\"https:\/\/attorneyjeff.com\/es\/about-us\/\">Abogado Jeff Injury Lawyers<\/a>Nuestros esfuerzos pueden hacer una gran diferencia a la hora de obtener lo que necesita de un reclamo por accidente.<\/p>\n<p><a href=\"https:\/\/attorneyjeff.com\/es\/contact-us\/\">Cont\u00e1ctanos<\/a> para una evaluaci\u00f3n de caso gratuita por accidentes de Uber y Lyft en Van Nuys, Fontana y \u00e1reas circundantes, y perm\u00edtanos ayudarlo a obtener la compensaci\u00f3n que se merece.<\/p>\n<h2>Preguntas frecuentes sobre reclamaciones por accidentes de Uber y Lyft<\/h2>\n<div class=\"home-accordion\"><\/p>\n<h3>\u00bfPuedes demandar a un conductor de Uber si resultas herido en un accidente?<\/h3><div>\n<p>No solo puedes demandar al conductor, sino tambi\u00e9n a Uber o a cualquier otra compa\u00f1\u00eda de viajes compartidos si resultas lesionado en un accidente con uno de sus veh\u00edculos. No importa si viajabas como pasajero o si te atropell\u00f3 un Uber o Lyft mientras estabas en otro coche.<\/p>\n<\/div><h3>\u00bfTengo que acudir a los tribunales despu\u00e9s de un accidente de viaje compartido?<\/h3><div>\n<p>La mayor\u00eda de las reclamaciones de viajes compartidos se resuelven mucho antes de llegar a los tribunales. Algunas incluso se resuelven sin presentar una demanda. Pero en otras ocasiones, el caso puede llegar a los tribunales y su abogado tendr\u00e1 que litigar.<\/p>\n<p><\/div><\/div><script type=\"application\/ld+json\">{\"@context\": \"https:\/\/schema.org\",\"@type\": \"FAQPage\",\"mainEntity\":[{\"@type\": \"Question\",\"name\": \"\nCan you sue an Uber driver if you&#8217;re injured in an accident?\",\"acceptedAnswer\": {\"@type\": \"Answer\",\"text\": \"\nNot only can you sue the driver, but you can also sue Uber or any other rideshare company if you&#8217;re injured in an accident involving one of their vehicles. It doesn&#8217;t matter whether you were riding in the car as a passenger or you were hit by an Uber or Lyft while in another car.\n\"}},{\"@type\": \"Question\",\"name\": \"Do I have to go to court after a rideshare accident?\",\"acceptedAnswer\": {\"@type\": \"Answer\",\"text\": \"\nMost rideshare claims are settled long before going to court. Some even settle without filing a lawsuit. But other times, the case may proceed to court, and your attorney will have to litigate your case.\n\"}}]}<\/script>","protected":false},"excerpt":{"rendered":"<p>Por muy c\u00f3modas y sencillas que sean las aplicaciones de transporte compartido como Uber y Lyft, tambi\u00e9n pueden hacerlo con la misma rapidez\u2026<\/p>","protected":false},"author":24,"featured_media":1599,"parent":1402,"menu_order":0,"comment_status":"closed","ping_status":"closed","template":"","meta":{"inline_featured_image":false,"_monsterinsights_skip_tracking":false,"_monsterinsights_sitenote_active":false,"_monsterinsights_sitenote_note":"","_monsterinsights_sitenote_category":0,"footnotes":""},"class_list":["post-1480","page","type-page","status-publish","has-post-thumbnail","hentry"],"acf":[],"yoast_head":"<!-- This site is optimized with the Yoast SEO plugin v27.4 - https:\/\/yoast.com\/product\/yoast-seo-wordpress\/ -->\n<title>Van Nuys Uber &amp; Lyft Accident Lawyer | Attorney Jeff Injury Lawyer<\/title>\n<meta name=\"description\" content=\"If you&#039;ve been in a Lyft or Uber accident in Van Nuys, our experienced lawyers can help you get compensation for your injuries.\" \/>\n<meta name=\"robots\" content=\"index, follow, max-snippet:-1, max-image-preview:large, max-video-preview:-1\" \/>\n<link rel=\"canonical\" href=\"https:\/\/attorneyjeff.com\/es\/van-nuys-injury\/uber-lyft-accident-lawyer\/\" \/>\n<meta property=\"og:locale\" content=\"es_MX\" \/>\n<meta property=\"og:type\" content=\"article\" \/>\n<meta property=\"og:title\" content=\"Van Nuys Uber &amp; Lyft Accident Lawyer | Attorney Jeff Injury Lawyer\" \/>\n<meta property=\"og:description\" content=\"If you&#039;ve been in a Lyft or Uber accident in Van Nuys, our experienced lawyers can help you get compensation for your injuries.\" \/>\n<meta property=\"og:url\" content=\"https:\/\/attorneyjeff.com\/es\/van-nuys-injury\/uber-lyft-accident-lawyer\/\" \/>\n<meta property=\"og:site_name\" content=\"Attorney Jeff\" \/>\n<meta property=\"article:modified_time\" content=\"2023-04-17T13:05:05+00:00\" \/>\n<meta property=\"og:image\" content=\"https:\/\/attorneyjeff.com\/wp-content\/uploads\/2023\/04\/Van-Nuys-UberLyft-Accident-Lawyer-scaled.webp\" \/>\n\t<meta property=\"og:image:width\" content=\"2560\" \/>\n\t<meta property=\"og:image:height\" content=\"1707\" \/>\n\t<meta property=\"og:image:type\" content=\"image\/webp\" \/>\n<meta name=\"twitter:card\" content=\"summary_large_image\" \/>\n<script type=\"application\/ld+json\" class=\"yoast-schema-graph\">{\"@context\":\"https:\\\/\\\/schema.org\",\"@graph\":[{\"@type\":\"WebPage\",\"@id\":\"https:\\\/\\\/attorneyjeff.com\\\/van-nuys-injury\\\/uber-lyft-accident-lawyer\\\/\",\"url\":\"https:\\\/\\\/attorneyjeff.com\\\/van-nuys-injury\\\/uber-lyft-accident-lawyer\\\/\",\"name\":\"Van Nuys Uber & Lyft Accident Lawyer | Attorney Jeff Injury Lawyer\",\"isPartOf\":{\"@id\":\"https:\\\/\\\/attorneyjeff.com\\\/#website\"},\"primaryImageOfPage\":{\"@id\":\"https:\\\/\\\/attorneyjeff.com\\\/van-nuys-injury\\\/uber-lyft-accident-lawyer\\\/#primaryimage\"},\"image\":{\"@id\":\"https:\\\/\\\/attorneyjeff.com\\\/van-nuys-injury\\\/uber-lyft-accident-lawyer\\\/#primaryimage\"},\"thumbnailUrl\":\"https:\\\/\\\/attorneyjeff.com\\\/wp-content\\\/uploads\\\/2023\\\/04\\\/Van-Nuys-UberLyft-Accident-Lawyer-scaled.webp\",\"datePublished\":\"2023-04-14T13:26:08+00:00\",\"dateModified\":\"2023-04-17T13:05:05+00:00\",\"description\":\"If you've been in a Lyft or Uber accident in Van Nuys, our experienced lawyers can help you get compensation for your injuries.\",\"breadcrumb\":{\"@id\":\"https:\\\/\\\/attorneyjeff.com\\\/van-nuys-injury\\\/uber-lyft-accident-lawyer\\\/#breadcrumb\"},\"inLanguage\":\"es\",\"potentialAction\":[{\"@type\":\"ReadAction\",\"target\":[\"https:\\\/\\\/attorneyjeff.com\\\/van-nuys-injury\\\/uber-lyft-accident-lawyer\\\/\"]}]},{\"@type\":\"ImageObject\",\"inLanguage\":\"es\",\"@id\":\"https:\\\/\\\/attorneyjeff.com\\\/van-nuys-injury\\\/uber-lyft-accident-lawyer\\\/#primaryimage\",\"url\":\"https:\\\/\\\/attorneyjeff.com\\\/wp-content\\\/uploads\\\/2023\\\/04\\\/Van-Nuys-UberLyft-Accident-Lawyer-scaled.webp\",\"contentUrl\":\"https:\\\/\\\/attorneyjeff.com\\\/wp-content\\\/uploads\\\/2023\\\/04\\\/Van-Nuys-UberLyft-Accident-Lawyer-scaled.webp\",\"width\":2560,\"height\":1707,\"caption\":\"Van Nuys Uber and Lyft Accident Lawyer\"},{\"@type\":\"BreadcrumbList\",\"@id\":\"https:\\\/\\\/attorneyjeff.com\\\/van-nuys-injury\\\/uber-lyft-accident-lawyer\\\/#breadcrumb\",\"itemListElement\":[{\"@type\":\"ListItem\",\"position\":1,\"name\":\"Home\",\"item\":\"https:\\\/\\\/attorneyjeff.com\\\/\"},{\"@type\":\"ListItem\",\"position\":2,\"name\":\"Van Nuys Personal Injury Lawyer\",\"item\":\"https:\\\/\\\/attorneyjeff.com\\\/van-nuys-injury\\\/\"},{\"@type\":\"ListItem\",\"position\":3,\"name\":\"Van Nuys Uber\\\/Lyft Accident Lawyer\"}]},{\"@type\":\"WebSite\",\"@id\":\"https:\\\/\\\/attorneyjeff.com\\\/#website\",\"url\":\"https:\\\/\\\/attorneyjeff.com\\\/\",\"name\":\"Attorney Jeff\",\"description\":\"Car Accident Lawyer\",\"potentialAction\":[{\"@type\":\"SearchAction\",\"target\":{\"@type\":\"EntryPoint\",\"urlTemplate\":\"https:\\\/\\\/attorneyjeff.com\\\/?s={search_term_string}\"},\"query-input\":{\"@type\":\"PropertyValueSpecification\",\"valueRequired\":true,\"valueName\":\"search_term_string\"}}],\"inLanguage\":\"es\"}]}<\/script>\n<!-- \/ Yoast SEO plugin. -->","yoast_head_json":{"title":"Abogado de accidentes de Uber y Lyft en Van Nuys | Abogado Jeff, especialista en lesiones personales","description":"Si has sufrido un accidente con Lyft o Uber en Van Nuys, nuestros abogados con experiencia pueden ayudarte a obtener una indemnizaci\u00f3n por tus lesiones.","robots":{"index":"index","follow":"follow","max-snippet":"max-snippet:-1","max-image-preview":"max-image-preview:large","max-video-preview":"max-video-preview:-1"},"canonical":"https:\/\/attorneyjeff.com\/es\/van-nuys-injury\/uber-lyft-accident-lawyer\/","og_locale":"es_MX","og_type":"article","og_title":"Van Nuys Uber & Lyft Accident Lawyer | Attorney Jeff Injury Lawyer","og_description":"If you've been in a Lyft or Uber accident in Van Nuys, our experienced lawyers can help you get compensation for your injuries.","og_url":"https:\/\/attorneyjeff.com\/es\/van-nuys-injury\/uber-lyft-accident-lawyer\/","og_site_name":"Attorney Jeff","article_modified_time":"2023-04-17T13:05:05+00:00","og_image":[{"width":2560,"height":1707,"url":"https:\/\/attorneyjeff.com\/wp-content\/uploads\/2023\/04\/Van-Nuys-UberLyft-Accident-Lawyer-scaled.webp","type":"image\/webp"}],"twitter_card":"summary_large_image","schema":{"@context":"https:\/\/schema.org","@graph":[{"@type":"WebPage","@id":"https:\/\/attorneyjeff.com\/van-nuys-injury\/uber-lyft-accident-lawyer\/","url":"https:\/\/attorneyjeff.com\/van-nuys-injury\/uber-lyft-accident-lawyer\/","name":"Abogado de accidentes de Uber y Lyft en Van Nuys | Abogado Jeff, especialista en lesiones personales","isPartOf":{"@id":"https:\/\/attorneyjeff.com\/#website"},"primaryImageOfPage":{"@id":"https:\/\/attorneyjeff.com\/van-nuys-injury\/uber-lyft-accident-lawyer\/#primaryimage"},"image":{"@id":"https:\/\/attorneyjeff.com\/van-nuys-injury\/uber-lyft-accident-lawyer\/#primaryimage"},"thumbnailUrl":"https:\/\/attorneyjeff.com\/wp-content\/uploads\/2023\/04\/Van-Nuys-UberLyft-Accident-Lawyer-scaled.webp","datePublished":"2023-04-14T13:26:08+00:00","dateModified":"2023-04-17T13:05:05+00:00","description":"Si has sufrido un accidente con Lyft o Uber en Van Nuys, nuestros abogados con experiencia pueden ayudarte a obtener una indemnizaci\u00f3n por tus lesiones.","breadcrumb":{"@id":"https:\/\/attorneyjeff.com\/van-nuys-injury\/uber-lyft-accident-lawyer\/#breadcrumb"},"inLanguage":"es","potentialAction":[{"@type":"ReadAction","target":["https:\/\/attorneyjeff.com\/van-nuys-injury\/uber-lyft-accident-lawyer\/"]}]},{"@type":"ImageObject","inLanguage":"es","@id":"https:\/\/attorneyjeff.com\/van-nuys-injury\/uber-lyft-accident-lawyer\/#primaryimage","url":"https:\/\/attorneyjeff.com\/wp-content\/uploads\/2023\/04\/Van-Nuys-UberLyft-Accident-Lawyer-scaled.webp","contentUrl":"https:\/\/attorneyjeff.com\/wp-content\/uploads\/2023\/04\/Van-Nuys-UberLyft-Accident-Lawyer-scaled.webp","width":2560,"height":1707,"caption":"Van Nuys Uber and Lyft Accident Lawyer"},{"@type":"BreadcrumbList","@id":"https:\/\/attorneyjeff.com\/van-nuys-injury\/uber-lyft-accident-lawyer\/#breadcrumb","itemListElement":[{"@type":"ListItem","position":1,"name":"Home","item":"https:\/\/attorneyjeff.com\/"},{"@type":"ListItem","position":2,"name":"Van Nuys Personal Injury Lawyer","item":"https:\/\/attorneyjeff.com\/van-nuys-injury\/"},{"@type":"ListItem","position":3,"name":"Van Nuys Uber\/Lyft Accident Lawyer"}]},{"@type":"WebSite","@id":"https:\/\/attorneyjeff.com\/#website","url":"https:\/\/attorneyjeff.com\/","name":"El abogado Jeff","description":"Abogado de accidentes de coche","potentialAction":[{"@type":"SearchAction","target":{"@type":"EntryPoint","urlTemplate":"https:\/\/attorneyjeff.com\/?s={search_term_string}"},"query-input":{"@type":"PropertyValueSpecification","valueRequired":true,"valueName":"search_term_string"}}],"inLanguage":"es"}]}},"_links":{"self":[{"href":"https:\/\/attorneyjeff.com\/es\/wp-json\/wp\/v2\/pages\/1480","targetHints":{"allow":["GET"]}}],"collection":[{"href":"https:\/\/attorneyjeff.com\/es\/wp-json\/wp\/v2\/pages"}],"about":[{"href":"https:\/\/attorneyjeff.com\/es\/wp-json\/wp\/v2\/types\/page"}],"author":[{"embeddable":true,"href":"https:\/\/attorneyjeff.com\/es\/wp-json\/wp\/v2\/users\/24"}],"replies":[{"embeddable":true,"href":"https:\/\/attorneyjeff.com\/es\/wp-json\/wp\/v2\/comments?post=1480"}],"version-history":[{"count":0,"href":"https:\/\/attorneyjeff.com\/es\/wp-json\/wp\/v2\/pages\/1480\/revisions"}],"up":[{"embeddable":true,"href":"https:\/\/attorneyjeff.com\/es\/wp-json\/wp\/v2\/pages\/1402"}],"wp:featuredmedia":[{"embeddable":true,"href":"https:\/\/attorneyjeff.com\/es\/wp-json\/wp\/v2\/media\/1599"}],"wp:attachment":[{"href":"https:\/\/attorneyjeff.com\/es\/wp-json\/wp\/v2\/media?parent=1480"}],"curies":[{"name":"wp","href":"https:\/\/api.w.org\/{rel}","templated":true}]}}