{"id":1482,"date":"2023-04-14T09:26:39","date_gmt":"2023-04-14T13:26:39","guid":{"rendered":"https:\/\/attorneyjeff25.wpenginepowered.com\/?page_id=1482"},"modified":"2023-04-17T09:08:33","modified_gmt":"2023-04-17T13:08:33","slug":"pedestrian-accident-lawyer","status":"publish","type":"page","link":"https:\/\/attorneyjeff.com\/es\/van-nuys-injury\/pedestrian-accident-lawyer\/","title":{"rendered":"Abogado de accidentes de peatones en Van Nuys"},"content":{"rendered":"<p>Salir y hacer ejercicio en Van Nuys como peat\u00f3n es agradable, pero hay conductores negligentes que pueden dejarlo vulnerable.<\/p>\n<p>Cuando va a pie, no tiene absolutamente nada que lo proteja del impacto, incluso de una colisi\u00f3n relativamente leve con un veh\u00edculo. Si sufri\u00f3 una lesi\u00f3n como peat\u00f3n por la negligencia de un automovilista, no dude en hablar del asunto con un abogado con experiencia en accidentes peatonales de Van Nuys. El abogado Jeff Injury Lawyers puede ayudarle a usted o a su familia a presentar una reclamaci\u00f3n por accidente peatonal y comenzar el camino hacia la recuperaci\u00f3n. Nuestro... <a href=\"https:\/\/attorneyjeff.com\/es\/van-nuys-injury\/\">abogados de lesiones en Van Nuys<\/a> Estamos disponibles ahora mismo para ayudarle.<\/p>\n<h2>\u00bfC\u00f3mo ocurren los accidentes de peatones?<\/h2>\n<p>Los peatones tienen pocas posibilidades de protegerse de la negligencia de los conductores en sus veh\u00edculos pesados. La mayor\u00eda de los accidentes peatonales ocurren donde es m\u00e1s probable que converjan peatones y tr\u00e1fico: en las intersecciones.<\/p>\n<p>Algunas de las principales razones detr\u00e1s de accidentes peatonales potencialmente mortales son cuando los automovilistas:<\/p>\n<ul>\n<li>No obedecer los sem\u00e1foros<\/li>\n<li>No ceder el paso a los peatones en los cruces peatonales<\/li>\n<li>Est\u00e1n demasiado distra\u00eddos para notar y acomodar de forma segura a los peatones en medio de ellos.<\/li>\n<li>Conduce por encima del l\u00edmite de velocidad y no puede reaccionar a tiempo<\/li>\n<li>Est\u00e1n incapacitados<\/li>\n<li>Est\u00e1n fatigados<\/li>\n<li>No proporcionar a los peatones el margen de seguridad que necesitan<\/li>\n<\/ul>\n<p>En \u00faltima instancia, la negligencia del conductor suele ser la causa de los accidentes peatonales, y si usted o un ser querido ha resultado herido, es hora de consultar ahora con un abogado especializado en accidentes peatonales de Van Nuys.<\/p>\n<h2>Lesiones sufridas en accidentes de peatones<\/h2>\n<p>Los peatones corren el riesgo de sufrir lesiones graves incluso cuando un veh\u00edculo los atropella a baja velocidad. Las lesiones en peatones var\u00edan entre:<\/p>\n<ul>\n<li>Huesos rotos, que tardan en sanar y est\u00e1n estrechamente asociados con limitaciones f\u00edsicas.<\/li>\n<li>P\u00e9rdida de extremidades y lesiones que requieren amputaci\u00f3n<\/li>\n<li>Lesiones de la m\u00e9dula espinal que incluyen todas las variedades de par\u00e1lisis.<\/li>\n<li>Conmociones cerebrales y otras formas de TCE, que tienen efectos impredecibles para la v\u00edctima.<\/li>\n<li>Lesiones de tejidos blandos, incluidos esguinces musculares y latigazos cervicales<\/li>\n<li>Lesiones internas, incluidas hemorragias internas, que pueden poner r\u00e1pidamente en peligro la vida.<\/li>\n<li>Cortes que pueden provocar infecciones y desfigurar permanentemente.<\/li>\n<\/ul>\n<p>El costo m\u00e9dico y emocional de cada lesi\u00f3n debe tenerse en cuenta en un reclamo por accidente peatonal, y es el trabajo de nuestros abogados recopilarlos para usted.<\/p>\n<h2>Da\u00f1os y perjuicios que las v\u00edctimas pueden reclamar<\/h2>\n<p>Si la negligencia de un conductor lo deja lesionado en un accidente peatonal, las p\u00e9rdidas f\u00edsicas, financieras y emocionales que experimente pueden ser muy dif\u00edciles de superar. Estas p\u00e9rdidas se clasifican en grupos b\u00e1sicos.<\/p>\n<h3>Sus facturas m\u00e9dicas<\/h3>\n<p>Las lesiones graves que sufre pueden generar gastos m\u00e9dicos considerables en este momento, pero tambi\u00e9n pueden extenderse a un futuro lejano. Evaluar con precisi\u00f3n sus necesidades m\u00e9dicas actuales puede ser fundamental para su recuperaci\u00f3n completa.<\/p>\n<h3>Su p\u00e9rdida de ingresos<\/h3>\n<p>Mientras se recupera de sus lesiones, puede enfrentar p\u00e9rdidas financieras considerables en relaci\u00f3n con sus ingresos laborales. Si su potencial de ingresos cambia o el rumbo de su carrera se ve alterado, estas son consecuencias que pueden compensarse. Es importante tener en cuenta que las p\u00e9rdidas relacionadas con su carrera tambi\u00e9n pueden tener un fuerte componente emocional.<\/p>\n<h3>Tu dolor y sufrimiento<\/h3>\n<p>El impacto emocional que supone sufrir lesiones en un accidente peatonal es dif\u00edcil de sobreestimar. Soportar este nivel de angustia y dolor f\u00edsico puede tener consecuencias emocionales a largo plazo.<\/p>\n<h2>\u00bfC\u00f3mo puede ayudar un abogado de accidentes de peatones en Van Nuys?<\/h2>\n<p>Contar con un abogado respetado en accidentes peatonales de su lado puede ayudar de maneras importantes que incluyen:<\/p>\n<ul>\n<li>Aseg\u00farese de comprender el proceso de reclamos de peatones y de evitar algunos de los obst\u00e1culos que tienen m\u00e1s probabilidades de hacer tropezar a los reclamantes.<\/li>\n<li>Recopilaci\u00f3n de todas las pruebas de su reclamo, incluidas las pruebas f\u00edsicas de la escena del accidente, el testimonio de testigos oculares, el testimonio de expertos, el informe policial, videos y grabaciones de c\u00e1maras de tablero que representan el accidente y m\u00e1s all\u00e1.<\/li>\n<li>Comunicarnos con la compa\u00f1\u00eda de seguros en su nombre, asegur\u00e1ndonos de que usted no tenga que hacerlo.<\/li>\n<li>Abogando incansablemente por un acuerdo justo con la compa\u00f1\u00eda de seguros que aborde de manera justa cada categor\u00eda de p\u00e9rdida que experimente, en su totalidad.<\/li>\n<li>Si la compa\u00f1\u00eda de seguros no est\u00e1 motivada a entablar negociaciones justas, su abogado estar\u00e1 preparado para presentar una demanda y luchar por sus derechos en los tribunales.<\/li>\n<\/ul>\n<h2>\u00bfLesionado en un accidente peatonal en Van Nuys? Cont\u00e1ctenos hoy mismo.<\/h2>\n<p>En <a href=\"\/es\/about-us\/\">Abogado Jeff Injury Lawyers<\/a>Nuestro equipo legal de Van Nuys tiene experiencia en guiar reclamos por accidentes peatonales hacia resultados beneficiosos. Entendemos lo dif\u00edcil que es su situaci\u00f3n para usted y su familia, y contamos con la experiencia y el conocimiento para manejar su caso de principio a fin. Proteger sus derechos es primordial, as\u00ed que no lo posponga. <a href=\"\/es\/contact-us\/\">Extender la mano en l\u00ednea<\/a> o por tel\u00e9fono al 888-970-5729 para obtener m\u00e1s informaci\u00f3n sobre lo que podemos hacer por usted hoy.<\/p>\n<h2>Preguntas frecuentes sobre casos de accidentes de peatones<\/h2>\n<div class=\"home-accordion\"><\/p>\n<h3>\u00bfCu\u00e1nto tiempo tengo para presentar una demanda?<\/h3><div>\n<p>En el estado de California, existe un plazo de prescripci\u00f3n para demandas por lesiones personales, como accidentes peatonales. El plazo para interponer una demanda contra la parte culpable es de solo dos a\u00f1os a partir de la fecha de la lesi\u00f3n.<\/p>\n<\/div><h3>\u00bfQu\u00e9 importancia tiene tener un abogado?<\/h3><div>\n<p>Contar con un abogado especializado en accidentes peatonales de su lado puede marcar una diferencia significativa en su capacidad de recuperarse de todas sus p\u00e9rdidas.<\/p>\n<\/div><h3>\u00bfC\u00f3mo puedo pagar un abogado?<\/h3><div>\n<p>No tiene que preocuparse por c\u00f3mo pagar\u00e1 a su abogado; la mayor\u00eda trabaja con honorarios de contingencia. Esto significa que no deber\u00e1 nada hasta que su reclamaci\u00f3n se resuelva con \u00e9xito o reciba una indemnizaci\u00f3n judicial.<\/p>\n<p><\/div><\/div><script type=\"application\/ld+json\">{\"@context\": \"https:\/\/schema.org\",\"@type\": \"FAQPage\",\"mainEntity\":[{\"@type\": \"Question\",\"name\": \"\nHow long do I have to file a lawsuit?\",\"acceptedAnswer\": {\"@type\": \"Answer\",\"text\": \"\nIn the State of California, there is a statute of limitations for personal injury claims like pedestrian accidents. The time limit is only two years from the date of your injury to file a lawsuit against the at-fault party.\n\"}},{\"@type\": \"Question\",\"name\": \"How important is it to have an attorney?\",\"acceptedAnswer\": {\"@type\": \"Answer\",\"text\": \"\nHaving a pedestrian accident attorney in your corner can make a significant difference in your ability to recover on your full range of losses.\n\"}},{\"@type\": \"Question\",\"name\": \"How can I afford an attorney?\",\"acceptedAnswer\": {\"@type\": \"Answer\",\"text\": \"\nYou don\u2019t need to worry about how you\u2019ll afford your attorney \u2013 most work on contingency. This means that you won\u2019t owe a thing until your claim has been successfully resolved or has received a court award.\n\"}}]}<\/script>","protected":false},"excerpt":{"rendered":"<p>Getting outside and exercising in Van Nuys as a pedestrian is enjoyable, but there are negligent drivers out there that &#8230;<\/p>","protected":false},"author":24,"featured_media":1601,"parent":1402,"menu_order":0,"comment_status":"closed","ping_status":"closed","template":"","meta":{"inline_featured_image":false,"_monsterinsights_skip_tracking":false,"_monsterinsights_sitenote_active":false,"_monsterinsights_sitenote_note":"","_monsterinsights_sitenote_category":0,"footnotes":""},"class_list":["post-1482","page","type-page","status-publish","has-post-thumbnail","hentry"],"acf":[],"yoast_head":"<!-- This site is optimized with the Yoast SEO plugin v27.3 - https:\/\/yoast.com\/product\/yoast-seo-wordpress\/ -->\n<title>Van Nuys Pedestrian Accident Lawyer | Attorney Jeff Injury Lawyers<\/title>\n<meta name=\"description\" content=\"If you or a loved one has been injured in a pedestrian accident in Van Nuys, it&#039;s vital to hire an experienced pedestrian accident lawyer.\" \/>\n<meta name=\"robots\" content=\"index, follow, max-snippet:-1, max-image-preview:large, max-video-preview:-1\" \/>\n<link rel=\"canonical\" href=\"https:\/\/attorneyjeff.com\/es\/van-nuys-injury\/pedestrian-accident-lawyer\/\" \/>\n<meta property=\"og:locale\" content=\"es_MX\" \/>\n<meta property=\"og:type\" content=\"article\" \/>\n<meta property=\"og:title\" content=\"Van Nuys Pedestrian Accident Lawyer | Attorney Jeff Injury Lawyers\" \/>\n<meta property=\"og:description\" content=\"If you or a loved one has been injured in a pedestrian accident in Van Nuys, it&#039;s vital to hire an experienced pedestrian accident lawyer.\" \/>\n<meta property=\"og:url\" content=\"https:\/\/attorneyjeff.com\/es\/van-nuys-injury\/pedestrian-accident-lawyer\/\" \/>\n<meta property=\"og:site_name\" content=\"Attorney Jeff\" \/>\n<meta property=\"article:modified_time\" content=\"2023-04-17T13:08:33+00:00\" \/>\n<meta property=\"og:image\" content=\"https:\/\/attorneyjeff.com\/wp-content\/uploads\/2023\/04\/Van-Nuys-Pedestrian-Accident-Lawyer-scaled.webp\" \/>\n\t<meta property=\"og:image:width\" content=\"2560\" \/>\n\t<meta property=\"og:image:height\" content=\"1709\" \/>\n\t<meta property=\"og:image:type\" content=\"image\/webp\" \/>\n<meta name=\"twitter:card\" content=\"summary_large_image\" \/>\n<script type=\"application\/ld+json\" class=\"yoast-schema-graph\">{\"@context\":\"https:\\\/\\\/schema.org\",\"@graph\":[{\"@type\":\"WebPage\",\"@id\":\"https:\\\/\\\/attorneyjeff.com\\\/van-nuys-injury\\\/pedestrian-accident-lawyer\\\/\",\"url\":\"https:\\\/\\\/attorneyjeff.com\\\/van-nuys-injury\\\/pedestrian-accident-lawyer\\\/\",\"name\":\"Van Nuys Pedestrian Accident Lawyer | Attorney Jeff Injury Lawyers\",\"isPartOf\":{\"@id\":\"https:\\\/\\\/attorneyjeff.com\\\/#website\"},\"primaryImageOfPage\":{\"@id\":\"https:\\\/\\\/attorneyjeff.com\\\/van-nuys-injury\\\/pedestrian-accident-lawyer\\\/#primaryimage\"},\"image\":{\"@id\":\"https:\\\/\\\/attorneyjeff.com\\\/van-nuys-injury\\\/pedestrian-accident-lawyer\\\/#primaryimage\"},\"thumbnailUrl\":\"https:\\\/\\\/attorneyjeff.com\\\/wp-content\\\/uploads\\\/2023\\\/04\\\/Van-Nuys-Pedestrian-Accident-Lawyer-scaled.webp\",\"datePublished\":\"2023-04-14T13:26:39+00:00\",\"dateModified\":\"2023-04-17T13:08:33+00:00\",\"description\":\"If you or a loved one has been injured in a pedestrian accident in Van Nuys, it's vital to hire an experienced pedestrian accident lawyer.\",\"breadcrumb\":{\"@id\":\"https:\\\/\\\/attorneyjeff.com\\\/van-nuys-injury\\\/pedestrian-accident-lawyer\\\/#breadcrumb\"},\"inLanguage\":\"es\",\"potentialAction\":[{\"@type\":\"ReadAction\",\"target\":[\"https:\\\/\\\/attorneyjeff.com\\\/van-nuys-injury\\\/pedestrian-accident-lawyer\\\/\"]}]},{\"@type\":\"ImageObject\",\"inLanguage\":\"es\",\"@id\":\"https:\\\/\\\/attorneyjeff.com\\\/van-nuys-injury\\\/pedestrian-accident-lawyer\\\/#primaryimage\",\"url\":\"https:\\\/\\\/attorneyjeff.com\\\/wp-content\\\/uploads\\\/2023\\\/04\\\/Van-Nuys-Pedestrian-Accident-Lawyer-scaled.webp\",\"contentUrl\":\"https:\\\/\\\/attorneyjeff.com\\\/wp-content\\\/uploads\\\/2023\\\/04\\\/Van-Nuys-Pedestrian-Accident-Lawyer-scaled.webp\",\"width\":2560,\"height\":1709,\"caption\":\"Van Nuys Pedestrian Accident Lawyer\"},{\"@type\":\"BreadcrumbList\",\"@id\":\"https:\\\/\\\/attorneyjeff.com\\\/van-nuys-injury\\\/pedestrian-accident-lawyer\\\/#breadcrumb\",\"itemListElement\":[{\"@type\":\"ListItem\",\"position\":1,\"name\":\"Home\",\"item\":\"https:\\\/\\\/attorneyjeff.com\\\/\"},{\"@type\":\"ListItem\",\"position\":2,\"name\":\"Van Nuys Personal Injury Lawyer\",\"item\":\"https:\\\/\\\/attorneyjeff.com\\\/van-nuys-injury\\\/\"},{\"@type\":\"ListItem\",\"position\":3,\"name\":\"Van Nuys Pedestrian Accident Lawyer\"}]},{\"@type\":\"WebSite\",\"@id\":\"https:\\\/\\\/attorneyjeff.com\\\/#website\",\"url\":\"https:\\\/\\\/attorneyjeff.com\\\/\",\"name\":\"Attorney Jeff\",\"description\":\"Car Accident Lawyer\",\"potentialAction\":[{\"@type\":\"SearchAction\",\"target\":{\"@type\":\"EntryPoint\",\"urlTemplate\":\"https:\\\/\\\/attorneyjeff.com\\\/?s={search_term_string}\"},\"query-input\":{\"@type\":\"PropertyValueSpecification\",\"valueRequired\":true,\"valueName\":\"search_term_string\"}}],\"inLanguage\":\"es\"}]}<\/script>\n<!-- \/ Yoast SEO plugin. -->","yoast_head_json":{"title":"Van Nuys Pedestrian Accident Lawyer | Attorney Jeff Injury Lawyers","description":"If you or a loved one has been injured in a pedestrian accident in Van Nuys, it's vital to hire an experienced pedestrian accident lawyer.","robots":{"index":"index","follow":"follow","max-snippet":"max-snippet:-1","max-image-preview":"max-image-preview:large","max-video-preview":"max-video-preview:-1"},"canonical":"https:\/\/attorneyjeff.com\/es\/van-nuys-injury\/pedestrian-accident-lawyer\/","og_locale":"es_MX","og_type":"article","og_title":"Van Nuys Pedestrian Accident Lawyer | Attorney Jeff Injury Lawyers","og_description":"If you or a loved one has been injured in a pedestrian accident in Van Nuys, it's vital to hire an experienced pedestrian accident lawyer.","og_url":"https:\/\/attorneyjeff.com\/es\/van-nuys-injury\/pedestrian-accident-lawyer\/","og_site_name":"Attorney Jeff","article_modified_time":"2023-04-17T13:08:33+00:00","og_image":[{"width":2560,"height":1709,"url":"https:\/\/attorneyjeff.com\/wp-content\/uploads\/2023\/04\/Van-Nuys-Pedestrian-Accident-Lawyer-scaled.webp","type":"image\/webp"}],"twitter_card":"summary_large_image","schema":{"@context":"https:\/\/schema.org","@graph":[{"@type":"WebPage","@id":"https:\/\/attorneyjeff.com\/van-nuys-injury\/pedestrian-accident-lawyer\/","url":"https:\/\/attorneyjeff.com\/van-nuys-injury\/pedestrian-accident-lawyer\/","name":"Van Nuys Pedestrian Accident Lawyer | Attorney Jeff Injury Lawyers","isPartOf":{"@id":"https:\/\/attorneyjeff.com\/#website"},"primaryImageOfPage":{"@id":"https:\/\/attorneyjeff.com\/van-nuys-injury\/pedestrian-accident-lawyer\/#primaryimage"},"image":{"@id":"https:\/\/attorneyjeff.com\/van-nuys-injury\/pedestrian-accident-lawyer\/#primaryimage"},"thumbnailUrl":"https:\/\/attorneyjeff.com\/wp-content\/uploads\/2023\/04\/Van-Nuys-Pedestrian-Accident-Lawyer-scaled.webp","datePublished":"2023-04-14T13:26:39+00:00","dateModified":"2023-04-17T13:08:33+00:00","description":"If you or a loved one has been injured in a pedestrian accident in Van Nuys, it's vital to hire an experienced pedestrian accident lawyer.","breadcrumb":{"@id":"https:\/\/attorneyjeff.com\/van-nuys-injury\/pedestrian-accident-lawyer\/#breadcrumb"},"inLanguage":"es","potentialAction":[{"@type":"ReadAction","target":["https:\/\/attorneyjeff.com\/van-nuys-injury\/pedestrian-accident-lawyer\/"]}]},{"@type":"ImageObject","inLanguage":"es","@id":"https:\/\/attorneyjeff.com\/van-nuys-injury\/pedestrian-accident-lawyer\/#primaryimage","url":"https:\/\/attorneyjeff.com\/wp-content\/uploads\/2023\/04\/Van-Nuys-Pedestrian-Accident-Lawyer-scaled.webp","contentUrl":"https:\/\/attorneyjeff.com\/wp-content\/uploads\/2023\/04\/Van-Nuys-Pedestrian-Accident-Lawyer-scaled.webp","width":2560,"height":1709,"caption":"Van Nuys Pedestrian Accident Lawyer"},{"@type":"BreadcrumbList","@id":"https:\/\/attorneyjeff.com\/van-nuys-injury\/pedestrian-accident-lawyer\/#breadcrumb","itemListElement":[{"@type":"ListItem","position":1,"name":"Home","item":"https:\/\/attorneyjeff.com\/"},{"@type":"ListItem","position":2,"name":"Van Nuys Personal Injury Lawyer","item":"https:\/\/attorneyjeff.com\/van-nuys-injury\/"},{"@type":"ListItem","position":3,"name":"Van Nuys Pedestrian Accident Lawyer"}]},{"@type":"WebSite","@id":"https:\/\/attorneyjeff.com\/#website","url":"https:\/\/attorneyjeff.com\/","name":"El abogado Jeff","description":"Abogado de accidentes de coche","potentialAction":[{"@type":"SearchAction","target":{"@type":"EntryPoint","urlTemplate":"https:\/\/attorneyjeff.com\/?s={search_term_string}"},"query-input":{"@type":"PropertyValueSpecification","valueRequired":true,"valueName":"search_term_string"}}],"inLanguage":"es"}]}},"_links":{"self":[{"href":"https:\/\/attorneyjeff.com\/es\/wp-json\/wp\/v2\/pages\/1482","targetHints":{"allow":["GET"]}}],"collection":[{"href":"https:\/\/attorneyjeff.com\/es\/wp-json\/wp\/v2\/pages"}],"about":[{"href":"https:\/\/attorneyjeff.com\/es\/wp-json\/wp\/v2\/types\/page"}],"author":[{"embeddable":true,"href":"https:\/\/attorneyjeff.com\/es\/wp-json\/wp\/v2\/users\/24"}],"replies":[{"embeddable":true,"href":"https:\/\/attorneyjeff.com\/es\/wp-json\/wp\/v2\/comments?post=1482"}],"version-history":[{"count":0,"href":"https:\/\/attorneyjeff.com\/es\/wp-json\/wp\/v2\/pages\/1482\/revisions"}],"up":[{"embeddable":true,"href":"https:\/\/attorneyjeff.com\/es\/wp-json\/wp\/v2\/pages\/1402"}],"wp:featuredmedia":[{"embeddable":true,"href":"https:\/\/attorneyjeff.com\/es\/wp-json\/wp\/v2\/media\/1601"}],"wp:attachment":[{"href":"https:\/\/attorneyjeff.com\/es\/wp-json\/wp\/v2\/media?parent=1482"}],"curies":[{"name":"wp","href":"https:\/\/api.w.org\/{rel}","templated":true}]}}