{"id":1494,"date":"2023-04-14T11:35:02","date_gmt":"2023-04-14T15:35:02","guid":{"rendered":"https:\/\/attorneyjeff25.wpenginepowered.com\/?page_id=1494"},"modified":"2023-04-17T09:24:23","modified_gmt":"2023-04-17T13:24:23","slug":"truck-accident-lawyer","status":"publish","type":"page","link":"https:\/\/attorneyjeff.com\/es\/fontana-injury\/truck-accident-lawyer\/","title":{"rendered":"Abogado de accidentes de camiones en Fontana"},"content":{"rendered":"<p>El inmenso tama\u00f1o de los semirremolques con los que compartimos nuestras carreteras garantiza que los accidentes que los involucran sean catastr\u00f3ficos. Las empresas de transporte y sus conductores tienen una gran responsabilidad con los dem\u00e1s conductores y, a menudo, son responsables de las p\u00e9rdidas sufridas en accidentes de camiones.<\/p>\n<p>Si la negligencia de otra persona lo deja lesionado en un accidente de cami\u00f3n, busque la orientaci\u00f3n legal profesional de un abogado experimentado. <a href=\"https:\/\/attorneyjeff.com\/es\/fontana-injury\/\">abogado de lesiones en Fontana<\/a> Hoy mismo. El abogado Jeff Injury Lawyers atiende a v\u00edctimas de accidentes de camiones en Fontana con una representaci\u00f3n galardonada. Lo invitamos a comenzar su caso hoy mismo.<\/p>\n<h2>Tipos de accidentes de camiones que manejamos<\/h2>\n<p>Existen muchos tipos diferentes de accidentes de cami\u00f3n. Si bien los manejamos todos, la mayor\u00eda se clasifican en uno de varios tipos b\u00e1sicos.<\/p>\n<h3>Rollovers<\/h3>\n<p>Cuando un cami\u00f3n pesado vuelca en la carretera, pone en riesgo de lesiones graves a todos los que se encuentran cerca. Debido a su altura en relaci\u00f3n con su anchura, los camiones son m\u00e1s susceptibles a volcar en las siguientes situaciones:<\/p>\n<ul>\n<li>Tomar curvas o salidas demasiado r\u00e1pido<\/li>\n<li>No poder mantener un control fluido sobre sus plataformas<\/li>\n<li>Correcci\u00f3n excesiva urgente<\/li>\n<li>No poder ajustar su velocidad en respuesta al mal tiempo<\/li>\n<\/ul>\n<p>Los remolques mal cargados tambi\u00e9n pueden contribuir a vuelcos.<\/p>\n<h3>Accidentes tipo navaja<\/h3>\n<p>Los tractores y sus remolques est\u00e1n conectados por grandes enganches que permiten que ambas partes se muevan por separado, pero en t\u00e1ndem. Cuando los camioneros toman curvas, giros o salidas demasiado r\u00e1pido, cuando no ajustan su velocidad a las inclemencias del tiempo o cuando no act\u00faan con la precauci\u00f3n necesaria, pueden ocurrir accidentes de tijera potencialmente mortales. Las dos partes del cami\u00f3n se pliegan una sobre la otra y golpean a otros veh\u00edculos en el proceso.<\/p>\n<h3>Accidentes por alcance<\/h3>\n<p>Los tractocamiones son tan grandes y pesados que requieren una distancia de frenado mucho mayor que otros veh\u00edculos. Cuando los conductores de camiones no dejan suficiente espacio entre ellos y los veh\u00edculos que van delante, pueden producirse peligrosos accidentes por alcance.<\/p>\n<h3>Accidentes relacionados con giros a la derecha<\/h3>\n<p>Cuando un cami\u00f3n de 18 ruedas gira a la derecha, requiere un espacio considerable en la carretera. Si los camioneros no toman en cuenta estos giros amplios de forma segura, pueden producirse accidentes con veh\u00edculos cercanos.<\/p>\n<h3>Accidentes en intersecciones<\/h3>\n<p>Las intersecciones son como un im\u00e1n para los accidentes. Cuando los conductores de camiones no tienen en cuenta factores como los siguientes, pueden ser responsables de un accidente:<\/p>\n<ul>\n<li>Sobreestimar la maniobrabilidad de su plataforma.<\/li>\n<li>No permitir suficiente distancia de frenado.<\/li>\n<li>Tomar m\u00e1s tiempo para salir de una intersecci\u00f3n.<\/li>\n<\/ul>\n<h2>Razones por las que los camiones se estrellan<\/h2>\n<p>Los camiones se estrellan en Fontana por una multitud de razones, pero algunas de las m\u00e1s comunes involucran negligencia del conductor del cami\u00f3n y negligencia de la empresa de camiones.<\/p>\n<h3>Negligencia del conductor de cami\u00f3n<\/h3>\n<p>Al ser conductores comerciales, los camioneros est\u00e1n sujetos a normas de seguridad m\u00e1s estrictas, y si no las cumplen, las consecuencias pueden ser mortales. Las formas comunes de negligencia de los conductores de camiones incluyen:<\/p>\n<ul>\n<li>Incumplimiento de las leyes de tr\u00e1nsito<\/li>\n<li>Distracci\u00f3n del conductor del cami\u00f3n<\/li>\n<li>Discapacidad del conductor de cami\u00f3n<\/li>\n<li>Agotamiento del conductor de cami\u00f3n<\/li>\n<li>Agresi\u00f3n de conductores de camiones<\/li>\n<li>Velocidad excesiva<\/li>\n<\/ul>\n<h3>Negligencia por parte de la empresa de camiones<\/h3>\n<p>Si bien la negligencia del conductor de cami\u00f3n suele ser la principal causa de accidentes de cami\u00f3n, no siempre es as\u00ed. Las empresas de transporte pueden compartir la culpa y, en ciertos casos, ser la causa principal. Las empresas de transporte tienen las siguientes responsabilidades fundamentales:<\/p>\n<ul>\n<li>Contratar conductores que tengan la experiencia, licencia y habilidad de conducci\u00f3n necesarias.<\/li>\n<li>Mantener sus flotas en condiciones seguras y de funcionamiento.<\/li>\n<li>Asegurarse de que se cumplan los programas de mantenimiento regulares<\/li>\n<li>Contrataci\u00f3n de mec\u00e1nicos cualificados y con experiencia<\/li>\n<li>Asegurarse de que sus conductores no excedan las restricciones de horas de servicio<\/li>\n<\/ul>\n<p>Independientemente de si el conductor del cami\u00f3n o la empresa de camiones es responsable del accidente de cami\u00f3n que lo deja herido, un abogado dedicado a accidentes de camiones en Fontana puede ayudar a establecer la responsabilidad.<\/p>\n<h2>Lesiones comunes en accidentes de camiones<\/h2>\n<p>El inmenso impacto de los accidentes de cami\u00f3n conlleva lesiones que, a menudo, cambian la vida. Considere los siguientes ejemplos comunes:<\/p>\n<ul>\n<li>Las lesiones cerebrales traum\u00e1ticas (LCT), que pueden ser tan da\u00f1inas emocionalmente como f\u00edsica y financieramente.<\/li>\n<li>Huesos rotos<\/li>\n<li>Lesiones de la m\u00e9dula espinal, incluida la par\u00e1lisis<\/li>\n<li>lesiones internas<\/li>\n<li>Quemaduras y cortes que pueden dejar cicatrices y desfigurar de forma permanente<\/li>\n<li>Lesiones de tejidos blandos<\/li>\n<\/ul>\n<h2>\u00bfQui\u00e9n es responsable de un accidente de cami\u00f3n en Fontana?<\/h2>\n<p>Los conductores de camiones a menudo son la causa directa de los accidentes de camiones, pero las empresas de transporte tambi\u00e9n pueden ser consideradas responsables.<\/p>\n<p>Cuando un accidente de cami\u00f3n es causado por una pieza defectuosa, el fabricante de la pieza puede ser considerado responsable.<\/p>\n<p>Por \u00faltimo, los accidentes de camiones a veces son causados por carreteras mal mantenidas o dise\u00f1adas de forma peligrosa, lo que puede dar lugar a responsabilidades por parte del municipio responsable.<\/p>\n<p>Los reclamos por accidentes de camiones generalmente se presentan ante el proveedor de seguros de la parte culpable.<\/p>\n<h2>C\u00f3mo obtener una indemnizaci\u00f3n para las v\u00edctimas de accidentes de camiones<\/h2>\n<p>Si resulta lesionado por la negligencia de otra persona en un accidente de cami\u00f3n, puede solicitar una compensaci\u00f3n por sus da\u00f1os legales (o p\u00e9rdidas) en todas las siguientes categor\u00edas importantes:<\/p>\n<ul>\n<li>Da\u00f1os materiales a su veh\u00edculo<\/li>\n<li>Gastos m\u00e9dicos, incluida la gama completa de costos futuros<\/li>\n<li>P\u00e9rdida de ingresos, incluidas las p\u00e9rdidas relacionadas con ingresos futuros<\/li>\n<li>Dolor y sufrimiento f\u00edsico y emocional<\/li>\n<\/ul>\n<h2>\u00bfQu\u00e9 hace un abogado de accidentes de camiones?<\/h2>\n<p>Los abogados especializados en accidentes de cami\u00f3n ayudan a guiar las reclamaciones de sus clientes para obtener una compensaci\u00f3n justa por las p\u00e9rdidas sufridas. Este trabajo incluye las siguientes tareas principales:<\/p>\n<ul>\n<li>Recopilaci\u00f3n de toda la evidencia f\u00edsica de la escena del accidente del cami\u00f3n.<\/li>\n<li>Recopilaci\u00f3n de todas las fotos y v\u00eddeos relevantes, incluidas las im\u00e1genes de las c\u00e1maras del tablero.<\/li>\n<li>Toma de testimonio de testigos presenciales<\/li>\n<li>Contrataci\u00f3n de testigos expertos en campos relevantes<\/li>\n<li>Crear modelos de accidentes que coloquen el accidente y todos los detalles involucrados en una perspectiva cuidadosa<\/li>\n<li>Ayudamos a los clientes a tomar las decisiones correctas para ellos durante todo el proceso de reclamaciones.<\/li>\n<li>Llevar casos a los tribunales en caso de que sea necesario hacerlo<\/li>\n<\/ul>\n<h2>Comience su caso de accidente de cami\u00f3n contact\u00e1ndonos hoy<\/h2>\n<p>En <a href=\"\/es\/about-us\/\">Abogado Jeff Injury Lawyers<\/a> En Fontana, California, aprovechamos al m\u00e1ximo nuestra experiencia y pericia legal para obtener resultados ventajosos en cada caso que no aceptamos. Defendemos a las v\u00edctimas de accidentes de cami\u00f3n y a sus familias. <a href=\"\/es\/contact-us\/\">Cont\u00e1ctenos en l\u00ednea<\/a> o llame a nuestra firma hoy al 888-970-5729 para obtener m\u00e1s informaci\u00f3n.<\/p>\n<h2>Preguntas frecuentes sobre casos de accidentes de camiones<\/h2>\n<div class=\"home-accordion\"><\/p>\n<h3>\u00bfPor qu\u00e9 la compa\u00f1\u00eda de seguros no cubre mis p\u00e9rdidas de manera justa?<\/h3><div>\n<p>Las compa\u00f1\u00edas de seguros est\u00e1n en el negocio para ganar dinero, y cuando mantienen los acuerdos bajos, aumentan sus ganancias.<\/p>\n<\/div><h3>\u00bfCu\u00e1nto cobrar\u00e1 mi abogado de accidente de cami\u00f3n?<\/h3><div>\n<p>Le pagar\u00e1 a su abogado un porcentaje preestablecido de su acuerdo solo despu\u00e9s de que su reclamo se haya resuelto con \u00e9xito.<\/p>\n<\/div><h3>\u00bfEs absolutamente necesario un abogado?<\/h3><div>\n<p>Sin asesoramiento legal profesional, sus posibilidades de recuperar totalmente sus p\u00e9rdidas se ver\u00e1n disminuidas.<\/p>\n<p><\/div><\/div><script type=\"application\/ld+json\">{\"@context\": \"https:\/\/schema.org\",\"@type\": \"FAQPage\",\"mainEntity\":[{\"@type\": \"Question\",\"name\": \"\nWhy doesn\u2019t the insurance company cover my losses fairly?\",\"acceptedAnswer\": {\"@type\": \"Answer\",\"text\": \"\nInsurance companies are in business to make money, and when they keep settlements low, they bolster their profits.\n\"}},{\"@type\": \"Question\",\"name\": \"How much will my truck accident lawyer charge?\",\"acceptedAnswer\": {\"@type\": \"Answer\",\"text\": \"\nYou\u2019ll pay your lawyer a prearranged percentage of your settlement only after your claim has been successfully resolved.\n\"}},{\"@type\": \"Question\",\"name\": \"Is an attorney absolutely necessary?\",\"acceptedAnswer\": {\"@type\": \"Answer\",\"text\": \"\nWithout professional legal guidance, your chances of fully recovering your losses will be diminished.\n\"}}]}<\/script>","protected":false},"excerpt":{"rendered":"<p>El enorme tama\u00f1o de los camiones articulados con los que compartimos nuestras carreteras garantiza que los accidentes en los que se ven involucrados sean catastr\u00f3ficos. Transporte por carretera\u2026<\/p>","protected":false},"author":24,"featured_media":1572,"parent":1403,"menu_order":0,"comment_status":"closed","ping_status":"closed","template":"","meta":{"inline_featured_image":false,"_monsterinsights_skip_tracking":false,"_monsterinsights_sitenote_active":false,"_monsterinsights_sitenote_note":"","_monsterinsights_sitenote_category":0,"footnotes":""},"class_list":["post-1494","page","type-page","status-publish","has-post-thumbnail","hentry"],"acf":[],"yoast_head":"<!-- This site is optimized with the Yoast SEO plugin v27.4 - https:\/\/yoast.com\/product\/yoast-seo-wordpress\/ -->\n<title>Fontana Truck Accident Lawyer | Attorney Jeff Injury Lawyers<\/title>\n<meta name=\"description\" content=\"If you have been involved in a truck accident, you may need the services of a Fontana truck accident lawyer. Call us about your legal option.\" \/>\n<meta name=\"robots\" content=\"index, follow, max-snippet:-1, max-image-preview:large, max-video-preview:-1\" \/>\n<link rel=\"canonical\" href=\"https:\/\/attorneyjeff.com\/es\/fontana-injury\/truck-accident-lawyer\/\" \/>\n<meta property=\"og:locale\" content=\"es_MX\" \/>\n<meta property=\"og:type\" content=\"article\" \/>\n<meta property=\"og:title\" content=\"Fontana Truck Accident Lawyer | Attorney Jeff Injury Lawyers\" \/>\n<meta property=\"og:description\" content=\"If you have been involved in a truck accident, you may need the services of a Fontana truck accident lawyer. Call us about your legal option.\" \/>\n<meta property=\"og:url\" content=\"https:\/\/attorneyjeff.com\/es\/fontana-injury\/truck-accident-lawyer\/\" \/>\n<meta property=\"og:site_name\" content=\"Attorney Jeff\" \/>\n<meta property=\"article:modified_time\" content=\"2023-04-17T13:24:23+00:00\" \/>\n<meta property=\"og:image\" content=\"https:\/\/attorneyjeff.com\/wp-content\/uploads\/2023\/04\/Fontana-Truck-Accident-Lawyer-scaled.webp\" \/>\n\t<meta property=\"og:image:width\" content=\"2560\" \/>\n\t<meta property=\"og:image:height\" content=\"1707\" \/>\n\t<meta property=\"og:image:type\" content=\"image\/webp\" \/>\n<meta name=\"twitter:card\" content=\"summary_large_image\" \/>\n<script type=\"application\/ld+json\" class=\"yoast-schema-graph\">{\"@context\":\"https:\\\/\\\/schema.org\",\"@graph\":[{\"@type\":\"WebPage\",\"@id\":\"https:\\\/\\\/attorneyjeff.com\\\/fontana-injury\\\/truck-accident-lawyer\\\/\",\"url\":\"https:\\\/\\\/attorneyjeff.com\\\/fontana-injury\\\/truck-accident-lawyer\\\/\",\"name\":\"Fontana Truck Accident Lawyer | Attorney Jeff Injury Lawyers\",\"isPartOf\":{\"@id\":\"https:\\\/\\\/attorneyjeff.com\\\/#website\"},\"primaryImageOfPage\":{\"@id\":\"https:\\\/\\\/attorneyjeff.com\\\/fontana-injury\\\/truck-accident-lawyer\\\/#primaryimage\"},\"image\":{\"@id\":\"https:\\\/\\\/attorneyjeff.com\\\/fontana-injury\\\/truck-accident-lawyer\\\/#primaryimage\"},\"thumbnailUrl\":\"https:\\\/\\\/attorneyjeff.com\\\/wp-content\\\/uploads\\\/2023\\\/04\\\/Fontana-Truck-Accident-Lawyer-scaled.webp\",\"datePublished\":\"2023-04-14T15:35:02+00:00\",\"dateModified\":\"2023-04-17T13:24:23+00:00\",\"description\":\"If you have been involved in a truck accident, you may need the services of a Fontana truck accident lawyer. Call us about your legal option.\",\"breadcrumb\":{\"@id\":\"https:\\\/\\\/attorneyjeff.com\\\/fontana-injury\\\/truck-accident-lawyer\\\/#breadcrumb\"},\"inLanguage\":\"es\",\"potentialAction\":[{\"@type\":\"ReadAction\",\"target\":[\"https:\\\/\\\/attorneyjeff.com\\\/fontana-injury\\\/truck-accident-lawyer\\\/\"]}]},{\"@type\":\"ImageObject\",\"inLanguage\":\"es\",\"@id\":\"https:\\\/\\\/attorneyjeff.com\\\/fontana-injury\\\/truck-accident-lawyer\\\/#primaryimage\",\"url\":\"https:\\\/\\\/attorneyjeff.com\\\/wp-content\\\/uploads\\\/2023\\\/04\\\/Fontana-Truck-Accident-Lawyer-scaled.webp\",\"contentUrl\":\"https:\\\/\\\/attorneyjeff.com\\\/wp-content\\\/uploads\\\/2023\\\/04\\\/Fontana-Truck-Accident-Lawyer-scaled.webp\",\"width\":2560,\"height\":1707,\"caption\":\"Fontana Truck Accident Lawyer\"},{\"@type\":\"BreadcrumbList\",\"@id\":\"https:\\\/\\\/attorneyjeff.com\\\/fontana-injury\\\/truck-accident-lawyer\\\/#breadcrumb\",\"itemListElement\":[{\"@type\":\"ListItem\",\"position\":1,\"name\":\"Home\",\"item\":\"https:\\\/\\\/attorneyjeff.com\\\/\"},{\"@type\":\"ListItem\",\"position\":2,\"name\":\"Fontana Personal Injury Lawyer\",\"item\":\"https:\\\/\\\/attorneyjeff.com\\\/fontana-injury\\\/\"},{\"@type\":\"ListItem\",\"position\":3,\"name\":\"Fontana Truck Accident Lawyer\"}]},{\"@type\":\"WebSite\",\"@id\":\"https:\\\/\\\/attorneyjeff.com\\\/#website\",\"url\":\"https:\\\/\\\/attorneyjeff.com\\\/\",\"name\":\"Attorney Jeff\",\"description\":\"Car Accident Lawyer\",\"potentialAction\":[{\"@type\":\"SearchAction\",\"target\":{\"@type\":\"EntryPoint\",\"urlTemplate\":\"https:\\\/\\\/attorneyjeff.com\\\/?s={search_term_string}\"},\"query-input\":{\"@type\":\"PropertyValueSpecification\",\"valueRequired\":true,\"valueName\":\"search_term_string\"}}],\"inLanguage\":\"es\"}]}<\/script>\n<!-- \/ Yoast SEO plugin. -->","yoast_head_json":{"title":"Abogado de accidentes de camiones en Fontana | Abogado Jeff, abogados de lesiones","description":"Si ha sufrido un accidente de cami\u00f3n, es posible que necesite los servicios de un abogado especializado en accidentes de cami\u00f3n en Fontana. Ll\u00e1menos para informarse sobre sus opciones legales.","robots":{"index":"index","follow":"follow","max-snippet":"max-snippet:-1","max-image-preview":"max-image-preview:large","max-video-preview":"max-video-preview:-1"},"canonical":"https:\/\/attorneyjeff.com\/es\/fontana-injury\/truck-accident-lawyer\/","og_locale":"es_MX","og_type":"article","og_title":"Fontana Truck Accident Lawyer | Attorney Jeff Injury Lawyers","og_description":"If you have been involved in a truck accident, you may need the services of a Fontana truck accident lawyer. Call us about your legal option.","og_url":"https:\/\/attorneyjeff.com\/es\/fontana-injury\/truck-accident-lawyer\/","og_site_name":"Attorney Jeff","article_modified_time":"2023-04-17T13:24:23+00:00","og_image":[{"width":2560,"height":1707,"url":"https:\/\/attorneyjeff.com\/wp-content\/uploads\/2023\/04\/Fontana-Truck-Accident-Lawyer-scaled.webp","type":"image\/webp"}],"twitter_card":"summary_large_image","schema":{"@context":"https:\/\/schema.org","@graph":[{"@type":"WebPage","@id":"https:\/\/attorneyjeff.com\/fontana-injury\/truck-accident-lawyer\/","url":"https:\/\/attorneyjeff.com\/fontana-injury\/truck-accident-lawyer\/","name":"Abogado de accidentes de camiones en Fontana | Abogado Jeff, abogados de lesiones","isPartOf":{"@id":"https:\/\/attorneyjeff.com\/#website"},"primaryImageOfPage":{"@id":"https:\/\/attorneyjeff.com\/fontana-injury\/truck-accident-lawyer\/#primaryimage"},"image":{"@id":"https:\/\/attorneyjeff.com\/fontana-injury\/truck-accident-lawyer\/#primaryimage"},"thumbnailUrl":"https:\/\/attorneyjeff.com\/wp-content\/uploads\/2023\/04\/Fontana-Truck-Accident-Lawyer-scaled.webp","datePublished":"2023-04-14T15:35:02+00:00","dateModified":"2023-04-17T13:24:23+00:00","description":"Si ha sufrido un accidente de cami\u00f3n, es posible que necesite los servicios de un abogado especializado en accidentes de cami\u00f3n en Fontana. Ll\u00e1menos para informarse sobre sus opciones legales.","breadcrumb":{"@id":"https:\/\/attorneyjeff.com\/fontana-injury\/truck-accident-lawyer\/#breadcrumb"},"inLanguage":"es","potentialAction":[{"@type":"ReadAction","target":["https:\/\/attorneyjeff.com\/fontana-injury\/truck-accident-lawyer\/"]}]},{"@type":"ImageObject","inLanguage":"es","@id":"https:\/\/attorneyjeff.com\/fontana-injury\/truck-accident-lawyer\/#primaryimage","url":"https:\/\/attorneyjeff.com\/wp-content\/uploads\/2023\/04\/Fontana-Truck-Accident-Lawyer-scaled.webp","contentUrl":"https:\/\/attorneyjeff.com\/wp-content\/uploads\/2023\/04\/Fontana-Truck-Accident-Lawyer-scaled.webp","width":2560,"height":1707,"caption":"Fontana Truck Accident Lawyer"},{"@type":"BreadcrumbList","@id":"https:\/\/attorneyjeff.com\/fontana-injury\/truck-accident-lawyer\/#breadcrumb","itemListElement":[{"@type":"ListItem","position":1,"name":"Home","item":"https:\/\/attorneyjeff.com\/"},{"@type":"ListItem","position":2,"name":"Fontana Personal Injury Lawyer","item":"https:\/\/attorneyjeff.com\/fontana-injury\/"},{"@type":"ListItem","position":3,"name":"Fontana Truck Accident Lawyer"}]},{"@type":"WebSite","@id":"https:\/\/attorneyjeff.com\/#website","url":"https:\/\/attorneyjeff.com\/","name":"El abogado Jeff","description":"Abogado de accidentes de coche","potentialAction":[{"@type":"SearchAction","target":{"@type":"EntryPoint","urlTemplate":"https:\/\/attorneyjeff.com\/?s={search_term_string}"},"query-input":{"@type":"PropertyValueSpecification","valueRequired":true,"valueName":"search_term_string"}}],"inLanguage":"es"}]}},"_links":{"self":[{"href":"https:\/\/attorneyjeff.com\/es\/wp-json\/wp\/v2\/pages\/1494","targetHints":{"allow":["GET"]}}],"collection":[{"href":"https:\/\/attorneyjeff.com\/es\/wp-json\/wp\/v2\/pages"}],"about":[{"href":"https:\/\/attorneyjeff.com\/es\/wp-json\/wp\/v2\/types\/page"}],"author":[{"embeddable":true,"href":"https:\/\/attorneyjeff.com\/es\/wp-json\/wp\/v2\/users\/24"}],"replies":[{"embeddable":true,"href":"https:\/\/attorneyjeff.com\/es\/wp-json\/wp\/v2\/comments?post=1494"}],"version-history":[{"count":0,"href":"https:\/\/attorneyjeff.com\/es\/wp-json\/wp\/v2\/pages\/1494\/revisions"}],"up":[{"embeddable":true,"href":"https:\/\/attorneyjeff.com\/es\/wp-json\/wp\/v2\/pages\/1403"}],"wp:featuredmedia":[{"embeddable":true,"href":"https:\/\/attorneyjeff.com\/es\/wp-json\/wp\/v2\/media\/1572"}],"wp:attachment":[{"href":"https:\/\/attorneyjeff.com\/es\/wp-json\/wp\/v2\/media?parent=1494"}],"curies":[{"name":"wp","href":"https:\/\/api.w.org\/{rel}","templated":true}]}}