{"id":1495,"date":"2023-04-14T11:35:04","date_gmt":"2023-04-14T15:35:04","guid":{"rendered":"https:\/\/attorneyjeff25.wpenginepowered.com\/?page_id=1495"},"modified":"2023-04-17T09:25:28","modified_gmt":"2023-04-17T13:25:28","slug":"wrongful-death-lawyer","status":"publish","type":"page","link":"https:\/\/attorneyjeff.com\/es\/fontana-injury\/wrongful-death-lawyer\/","title":{"rendered":"Abogado de muerte por negligencia en Fontana"},"content":{"rendered":"<p>Perder a un ser querido por la negligencia de otra persona es una experiencia que puede trastocar su vida y generar un futuro incierto. En \u00faltima instancia, ninguna compensaci\u00f3n le devolver\u00e1 a su ser querido, pero obtener la compensaci\u00f3n a la que tiene derecho puede ayudarle a usted y a su familia en su camino hacia la sanaci\u00f3n.<\/p>\n<p>Si perdi\u00f3 a un ser querido en un accidente, hable sobre su reclamo con un abogado con experiencia en homicidio culposo en Fontana. En Attorney Jeff Injury Lawyers, nuestra firma est\u00e1 comprometida con el bienestar de su familia durante un momento dif\u00edcil. Contacte a nuestro compasivo equipo de... <a href=\"https:\/\/attorneyjeff.com\/es\/fontana-injury\/\">Abogados de lesiones en Fontana<\/a> hoy.<\/p>\n<h2>Accidentes que causan muertes por negligencia en Fontana<\/h2>\n<p>Casi cualquier tipo de accidente grave puede dar lugar a un reclamo por muerte injusta, pero algunas de las variedades m\u00e1s comunes incluyen las siguientes:<\/p>\n<ul>\n<li>Todo tipo de accidentes de tr\u00e1fico, incluidos accidentes de coche, cami\u00f3n, motocicleta, bicicleta y peatones.<\/li>\n<li>Accidentes de responsabilidad civil, como resbalones y ca\u00eddas desde alturas y agresiones de perros.<\/li>\n<li>Accidentes graves en el trabajo<\/li>\n<\/ul>\n<h2>\u00bfC\u00f3mo se establece la responsabilidad por muerte por negligencia?<\/h2>\n<p>La responsabilidad por reclamos por muerte por negligencia se establece de la misma manera que en los reclamos por lesiones personales, lo que significa que deben estar presentes los siguientes cuatro elementos:<\/p>\n<ul>\n<li>La parte culpable ten\u00eda un deber de cuidado hacia el difunto, o la persona que perdi\u00f3 la vida. El deber de cuidado se refiere a la responsabilidad por la seguridad de otra persona.<\/li>\n<li>La parte culpable no cumpli\u00f3 con el deber de cuidado que le correspond\u00eda.<\/li>\n<li>Esta falla de la parte culpable fue la causa directa del accidente fatal.<\/li>\n<li>Como resultado de ello, los sobrevivientes sufrieron p\u00e9rdidas contempladas por la ley (o da\u00f1os legales).<\/li>\n<\/ul>\n<h3>Marcha mala<\/h3>\n<p>En los reclamos por muerte por negligencia, la mala conducta de la parte culpable puede tomar cualquiera de las siguientes formas:<\/p>\n<ul>\n<li>Negligencia, como cuando un automovilista est\u00e1 distra\u00eddo, incapacitado o exhausto<\/li>\n<li>Negligencia grave, que se refiere a una desviaci\u00f3n extrema de lo que otras personas razonablemente cuidadosas har\u00edan en relaci\u00f3n con la prevenci\u00f3n de da\u00f1os en circunstancias similares.<\/li>\n<li>Imprudencia, que se refiere a una indiferencia deliberada en relaci\u00f3n con un riesgo alto<\/li>\n<li>Un acto il\u00edcito intencional<\/li>\n<\/ul>\n<h3>Establecimiento de negligencia<\/h3>\n<p>La negligencia en las demandas por homicidio culposo se establece con base en las pruebas, al igual que en las demandas por lesiones personales. Las pruebas pueden provenir de:<\/p>\n<ul>\n<li>Testimonio de testigos oculares<\/li>\n<li>Testimonio de expertos<\/li>\n<li>Fotograf\u00edas y v\u00eddeos relacionados con el accidente, incluidas im\u00e1genes de c\u00e1maras de tablero en accidentes de tr\u00e1nsito fatales.<\/li>\n<li>Modelos de recreaci\u00f3n de accidentes<\/li>\n<li>Evidencia f\u00edsica de la escena del accidente<\/li>\n<li>El informe policial o del accidente<\/li>\n<\/ul>\n<h2>\u00bfCu\u00e1nto tiempo tiene para presentar una reclamaci\u00f3n por muerte por negligencia en California?<\/h2>\n<p>En California, usted solo tiene dos a\u00f1os a partir de la fecha de la muerte de su ser querido (no desde la fecha del accidente que finalmente provoc\u00f3 su muerte) para presentar su reclamo por muerte por negligencia.<\/p>\n<p>Es importante analizar cuidadosamente esta limitaci\u00f3n temporal. La conmoci\u00f3n emocional que conlleva la p\u00e9rdida de un ser querido por la negligencia ajena puede ser dif\u00edcil de superar, y dos a\u00f1os pueden pasar como un rayo de dolor.<\/p>\n<p>Si no presenta su reclamo antes de esta fecha l\u00edmite, podr\u00eda no recuperar sus p\u00e9rdidas. Le conviene contactarnos lo antes posible despu\u00e9s de un accidente fatal para iniciar su reclamo.<\/p>\n<h2>\u00bfQui\u00e9n puede presentar una reclamaci\u00f3n por muerte por negligencia?<\/h2>\n<p>En el estado de California, solo los sobrevivientes espec\u00edficos del difunto pueden presentar reclamos por muerte por negligencia, incluidos:<\/p>\n<ul>\n<li>El c\u00f3nyuge sobreviviente o la pareja de hecho registrada del difunto<\/li>\n<li>El hijo o los hijos sobrevivientes del difunto, incluidos los hijos biol\u00f3gicos, los hijos adoptados y los hijastros, si no hay un c\u00f3nyuge sobreviviente.<\/li>\n<li>Los nietos del difunto, si no hay hijos sobrevivientes<\/li>\n<li>Cualquier menor dependiente que viva en el hogar del difunto<\/li>\n<li>Los padres del difunto, si depend\u00edan econ\u00f3micamente del difunto o si no hay c\u00f3nyuge o hijos sobrevivientes<\/li>\n<li>Cualquier otro heredero del difunto, si no se aplica ninguno de los anteriores, de acuerdo con las leyes de herencia de California.<\/li>\n<\/ul>\n<p>Si el difunto no tiene ninguno de los sobrevivientes mencionados anteriormente, la persona que sea su pariente m\u00e1s cercano puede presentar el reclamo por muerte por negligencia.<\/p>\n<h2>Compensaci\u00f3n en demandas por muerte por negligencia<\/h2>\n<p>Las demandas por homicidio culposo se procesan de forma similar a las demandas por lesiones personales. Dado que su ser querido falleci\u00f3 a causa de las lesiones sufridas, usted, como sobreviviente, puede solicitar una indemnizaci\u00f3n en su nombre.<\/p>\n<p>Es importante tener en cuenta que estas p\u00e9rdidas se calculan en relaci\u00f3n con la esperanza de vida del difunto o del sobreviviente involucrado, la que sea m\u00e1s corta.<\/p>\n<p>Adem\u00e1s, la esperanza de vida es una cuesti\u00f3n que debe determinar el jurado, en relaci\u00f3n con una amplia gama de variables que incluyen:<\/p>\n<ul>\n<li>Salud general<\/li>\n<li>Estilo de vida<\/li>\n<li>Ocupaci\u00f3n<\/li>\n<li>Factores de riesgo relevantes<\/li>\n<\/ul>\n<h3>Da\u00f1os econ\u00f3micos<\/h3>\n<p>Los da\u00f1os econ\u00f3micos por los que puede solicitar compensaci\u00f3n en su reclamo por muerte por negligencia incluyen todos los siguientes:<\/p>\n<ul>\n<li>Apoyo financiero continuo para su ser querido fallecido, incluidas las contribuciones que habr\u00eda hecho a lo largo de su vida.<\/li>\n<li>El valor razonable de los servicios que su ser querido perdido le habr\u00eda brindado<\/li>\n<li>Regalos y beneficios que esperaba recibir de su ser querido fallecido<\/li>\n<li>El costo del funeral y entierro de su ser querido perdido<\/li>\n<\/ul>\n<h3>Da\u00f1os no econ\u00f3micos<\/h3>\n<p>Los da\u00f1os no econ\u00f3micos se refieren a aquellas p\u00e9rdidas a las que no se les puede asignar un valor f\u00e1cilmente, pero que, no obstante, son considerables. Algunos ejemplos incluyen:<\/p>\n<ul>\n<li>Sociedad y compa\u00f1erismo<\/li>\n<li>Protecci\u00f3n<\/li>\n<li>Apoyo moral<\/li>\n<li>Afecto<\/li>\n<li>Orientaci\u00f3n y formaci\u00f3n<\/li>\n<\/ul>\n<p>California no impone l\u00edmites (m\u00e1s all\u00e1 de exigir una determinaci\u00f3n razonable basada en la evidencia disponible) a los da\u00f1os no econ\u00f3micos, y s\u00f3lo recientemente agreg\u00f3 el dolor y el sufrimiento a las p\u00e9rdidas compensables de los sobrevivientes.<\/p>\n<h2>Obtenga m\u00e1s informaci\u00f3n sobre c\u00f3mo presentar una demanda por muerte por negligencia<\/h2>\n<p>En <a href=\"\/es\/about-us\/\">Abogado Jeff Injury Lawyers<\/a>Nuestros compasivos abogados especializados en homicidio culposo en Fontana dedican su pr\u00e1ctica a clientes valiosos como usted. Nos honra que haya decidido confiar en nosotros para defender a su familia. Inicie su demanda por homicidio culposo... <a href=\"\/es\/contact-us\/\">Contact\u00e1ndonos en l\u00ednea<\/a> o llam\u00e1ndonos hoy al 888-970-5729.<\/p>\n<h2>Preguntas frecuentes sobre demandas por muerte por negligencia<\/h2>\n<div class=\"home-accordion\"><\/p>\n<h3>\u00bfSe considerar\u00e1n mi dolor y sufrimiento en mi reclamo por muerte injusta?<\/h3><div>\n<p>S\u00ed, usted puede buscar una compensaci\u00f3n por sus p\u00e9rdidas emocionales en su reclamo por muerte por negligencia.<\/p>\n<\/div><h3>\u00bfC\u00f3mo puedo proteger mi reclamo?<\/h3><div>\n<p>Debe trabajar en estrecha colaboraci\u00f3n con un abogado experimentado, dejar la comunicaci\u00f3n con la compa\u00f1\u00eda de seguros a su abogado, seguir cuidadosamente las \u00f3rdenes de su m\u00e9dico y tomar un descanso de las redes sociales.<\/p>\n<\/div><h3>\u00bfTendr\u00e9 que pagar antes de que se resuelva mi reclamo?<\/h3><div>\n<p>No, su abogado recibir\u00e1 un porcentaje preestablecido de su acuerdo s\u00f3lo despu\u00e9s de que el asunto se haya resuelto con \u00e9xito.<\/p>\n<p><\/div><\/div><script type=\"application\/ld+json\">{\"@context\": \"https:\/\/schema.org\",\"@type\": \"FAQPage\",\"mainEntity\":[{\"@type\": \"Question\",\"name\": \"\nWill my pain and suffering be considered in my wrongful death claim?\",\"acceptedAnswer\": {\"@type\": \"Answer\",\"text\": \"\nYes, you can seek compensation for your emotional losses in your wrongful death claim.\n\"}},{\"@type\": \"Question\",\"name\": \"How can I protect my claim?\",\"acceptedAnswer\": {\"@type\": \"Answer\",\"text\": \"\nYou should work closely with a seasoned attorney, leave the communication with the insurance company to your attorney, follow your doctor\u2019s orders carefully, and take a break from social media.\n\"}},{\"@type\": \"Question\",\"name\": \"Will I have to pay before my claim settles?\",\"acceptedAnswer\": {\"@type\": \"Answer\",\"text\": \"\nNo, your attorney will receive a prearranged percentage of your settlement only after the matter has been successfully resolved.\n\"}}]}<\/script>","protected":false},"excerpt":{"rendered":"<p>Losing a loved one as a result of someone else\u2019s negligence is an experience that can upend your life and &#8230;<\/p>","protected":false},"author":24,"featured_media":1573,"parent":1403,"menu_order":0,"comment_status":"closed","ping_status":"closed","template":"","meta":{"inline_featured_image":false,"_monsterinsights_skip_tracking":false,"_monsterinsights_sitenote_active":false,"_monsterinsights_sitenote_note":"","_monsterinsights_sitenote_category":0,"footnotes":""},"class_list":["post-1495","page","type-page","status-publish","has-post-thumbnail","hentry"],"acf":[],"yoast_head":"<!-- This site is optimized with the Yoast SEO plugin v27.4 - https:\/\/yoast.com\/product\/yoast-seo-wordpress\/ -->\n<title>Fontana Wrongful Death Lawyer | Attorney Jeff Injury Lawyers<\/title>\n<meta name=\"description\" content=\"If you are seeking legal representation in a wrongful death case, call us so we can provide you with the guidance and support you need.\" \/>\n<meta name=\"robots\" content=\"index, follow, max-snippet:-1, max-image-preview:large, max-video-preview:-1\" \/>\n<link rel=\"canonical\" href=\"https:\/\/attorneyjeff.com\/es\/fontana-injury\/wrongful-death-lawyer\/\" \/>\n<meta property=\"og:locale\" content=\"es_MX\" \/>\n<meta property=\"og:type\" content=\"article\" \/>\n<meta property=\"og:title\" content=\"Fontana Wrongful Death Lawyer | Attorney Jeff Injury Lawyers\" \/>\n<meta property=\"og:description\" content=\"If you are seeking legal representation in a wrongful death case, call us so we can provide you with the guidance and support you need.\" \/>\n<meta property=\"og:url\" content=\"https:\/\/attorneyjeff.com\/es\/fontana-injury\/wrongful-death-lawyer\/\" \/>\n<meta property=\"og:site_name\" content=\"Attorney Jeff\" \/>\n<meta property=\"article:modified_time\" content=\"2023-04-17T13:25:28+00:00\" \/>\n<meta property=\"og:image\" content=\"https:\/\/attorneyjeff.com\/wp-content\/uploads\/2023\/04\/Fontana-Wrongful-Death-Lawyer-scaled.webp\" \/>\n\t<meta property=\"og:image:width\" content=\"2560\" \/>\n\t<meta property=\"og:image:height\" content=\"1707\" \/>\n\t<meta property=\"og:image:type\" content=\"image\/webp\" \/>\n<meta name=\"twitter:card\" content=\"summary_large_image\" \/>\n<script type=\"application\/ld+json\" class=\"yoast-schema-graph\">{\"@context\":\"https:\\\/\\\/schema.org\",\"@graph\":[{\"@type\":\"WebPage\",\"@id\":\"https:\\\/\\\/attorneyjeff.com\\\/fontana-injury\\\/wrongful-death-lawyer\\\/\",\"url\":\"https:\\\/\\\/attorneyjeff.com\\\/fontana-injury\\\/wrongful-death-lawyer\\\/\",\"name\":\"Fontana Wrongful Death Lawyer | Attorney Jeff Injury Lawyers\",\"isPartOf\":{\"@id\":\"https:\\\/\\\/attorneyjeff.com\\\/#website\"},\"primaryImageOfPage\":{\"@id\":\"https:\\\/\\\/attorneyjeff.com\\\/fontana-injury\\\/wrongful-death-lawyer\\\/#primaryimage\"},\"image\":{\"@id\":\"https:\\\/\\\/attorneyjeff.com\\\/fontana-injury\\\/wrongful-death-lawyer\\\/#primaryimage\"},\"thumbnailUrl\":\"https:\\\/\\\/attorneyjeff.com\\\/wp-content\\\/uploads\\\/2023\\\/04\\\/Fontana-Wrongful-Death-Lawyer-scaled.webp\",\"datePublished\":\"2023-04-14T15:35:04+00:00\",\"dateModified\":\"2023-04-17T13:25:28+00:00\",\"description\":\"If you are seeking legal representation in a wrongful death case, call us so we can provide you with the guidance and support you need.\",\"breadcrumb\":{\"@id\":\"https:\\\/\\\/attorneyjeff.com\\\/fontana-injury\\\/wrongful-death-lawyer\\\/#breadcrumb\"},\"inLanguage\":\"es\",\"potentialAction\":[{\"@type\":\"ReadAction\",\"target\":[\"https:\\\/\\\/attorneyjeff.com\\\/fontana-injury\\\/wrongful-death-lawyer\\\/\"]}]},{\"@type\":\"ImageObject\",\"inLanguage\":\"es\",\"@id\":\"https:\\\/\\\/attorneyjeff.com\\\/fontana-injury\\\/wrongful-death-lawyer\\\/#primaryimage\",\"url\":\"https:\\\/\\\/attorneyjeff.com\\\/wp-content\\\/uploads\\\/2023\\\/04\\\/Fontana-Wrongful-Death-Lawyer-scaled.webp\",\"contentUrl\":\"https:\\\/\\\/attorneyjeff.com\\\/wp-content\\\/uploads\\\/2023\\\/04\\\/Fontana-Wrongful-Death-Lawyer-scaled.webp\",\"width\":2560,\"height\":1707,\"caption\":\"Fontana Wrongful Death Lawyer\"},{\"@type\":\"BreadcrumbList\",\"@id\":\"https:\\\/\\\/attorneyjeff.com\\\/fontana-injury\\\/wrongful-death-lawyer\\\/#breadcrumb\",\"itemListElement\":[{\"@type\":\"ListItem\",\"position\":1,\"name\":\"Home\",\"item\":\"https:\\\/\\\/attorneyjeff.com\\\/\"},{\"@type\":\"ListItem\",\"position\":2,\"name\":\"Fontana Personal Injury Lawyer\",\"item\":\"https:\\\/\\\/attorneyjeff.com\\\/fontana-injury\\\/\"},{\"@type\":\"ListItem\",\"position\":3,\"name\":\"Fontana Wrongful Death Lawyer\"}]},{\"@type\":\"WebSite\",\"@id\":\"https:\\\/\\\/attorneyjeff.com\\\/#website\",\"url\":\"https:\\\/\\\/attorneyjeff.com\\\/\",\"name\":\"Attorney Jeff\",\"description\":\"Car Accident Lawyer\",\"potentialAction\":[{\"@type\":\"SearchAction\",\"target\":{\"@type\":\"EntryPoint\",\"urlTemplate\":\"https:\\\/\\\/attorneyjeff.com\\\/?s={search_term_string}\"},\"query-input\":{\"@type\":\"PropertyValueSpecification\",\"valueRequired\":true,\"valueName\":\"search_term_string\"}}],\"inLanguage\":\"es\"}]}<\/script>\n<!-- \/ Yoast SEO plugin. -->","yoast_head_json":{"title":"Fontana Wrongful Death Lawyer | Attorney Jeff Injury Lawyers","description":"If you are seeking legal representation in a wrongful death case, call us so we can provide you with the guidance and support you need.","robots":{"index":"index","follow":"follow","max-snippet":"max-snippet:-1","max-image-preview":"max-image-preview:large","max-video-preview":"max-video-preview:-1"},"canonical":"https:\/\/attorneyjeff.com\/es\/fontana-injury\/wrongful-death-lawyer\/","og_locale":"es_MX","og_type":"article","og_title":"Fontana Wrongful Death Lawyer | Attorney Jeff Injury Lawyers","og_description":"If you are seeking legal representation in a wrongful death case, call us so we can provide you with the guidance and support you need.","og_url":"https:\/\/attorneyjeff.com\/es\/fontana-injury\/wrongful-death-lawyer\/","og_site_name":"Attorney Jeff","article_modified_time":"2023-04-17T13:25:28+00:00","og_image":[{"width":2560,"height":1707,"url":"https:\/\/attorneyjeff.com\/wp-content\/uploads\/2023\/04\/Fontana-Wrongful-Death-Lawyer-scaled.webp","type":"image\/webp"}],"twitter_card":"summary_large_image","schema":{"@context":"https:\/\/schema.org","@graph":[{"@type":"WebPage","@id":"https:\/\/attorneyjeff.com\/fontana-injury\/wrongful-death-lawyer\/","url":"https:\/\/attorneyjeff.com\/fontana-injury\/wrongful-death-lawyer\/","name":"Fontana Wrongful Death Lawyer | Attorney Jeff Injury Lawyers","isPartOf":{"@id":"https:\/\/attorneyjeff.com\/#website"},"primaryImageOfPage":{"@id":"https:\/\/attorneyjeff.com\/fontana-injury\/wrongful-death-lawyer\/#primaryimage"},"image":{"@id":"https:\/\/attorneyjeff.com\/fontana-injury\/wrongful-death-lawyer\/#primaryimage"},"thumbnailUrl":"https:\/\/attorneyjeff.com\/wp-content\/uploads\/2023\/04\/Fontana-Wrongful-Death-Lawyer-scaled.webp","datePublished":"2023-04-14T15:35:04+00:00","dateModified":"2023-04-17T13:25:28+00:00","description":"If you are seeking legal representation in a wrongful death case, call us so we can provide you with the guidance and support you need.","breadcrumb":{"@id":"https:\/\/attorneyjeff.com\/fontana-injury\/wrongful-death-lawyer\/#breadcrumb"},"inLanguage":"es","potentialAction":[{"@type":"ReadAction","target":["https:\/\/attorneyjeff.com\/fontana-injury\/wrongful-death-lawyer\/"]}]},{"@type":"ImageObject","inLanguage":"es","@id":"https:\/\/attorneyjeff.com\/fontana-injury\/wrongful-death-lawyer\/#primaryimage","url":"https:\/\/attorneyjeff.com\/wp-content\/uploads\/2023\/04\/Fontana-Wrongful-Death-Lawyer-scaled.webp","contentUrl":"https:\/\/attorneyjeff.com\/wp-content\/uploads\/2023\/04\/Fontana-Wrongful-Death-Lawyer-scaled.webp","width":2560,"height":1707,"caption":"Fontana Wrongful Death Lawyer"},{"@type":"BreadcrumbList","@id":"https:\/\/attorneyjeff.com\/fontana-injury\/wrongful-death-lawyer\/#breadcrumb","itemListElement":[{"@type":"ListItem","position":1,"name":"Home","item":"https:\/\/attorneyjeff.com\/"},{"@type":"ListItem","position":2,"name":"Fontana Personal Injury Lawyer","item":"https:\/\/attorneyjeff.com\/fontana-injury\/"},{"@type":"ListItem","position":3,"name":"Fontana Wrongful Death Lawyer"}]},{"@type":"WebSite","@id":"https:\/\/attorneyjeff.com\/#website","url":"https:\/\/attorneyjeff.com\/","name":"El abogado Jeff","description":"Abogado de accidentes de coche","potentialAction":[{"@type":"SearchAction","target":{"@type":"EntryPoint","urlTemplate":"https:\/\/attorneyjeff.com\/?s={search_term_string}"},"query-input":{"@type":"PropertyValueSpecification","valueRequired":true,"valueName":"search_term_string"}}],"inLanguage":"es"}]}},"_links":{"self":[{"href":"https:\/\/attorneyjeff.com\/es\/wp-json\/wp\/v2\/pages\/1495","targetHints":{"allow":["GET"]}}],"collection":[{"href":"https:\/\/attorneyjeff.com\/es\/wp-json\/wp\/v2\/pages"}],"about":[{"href":"https:\/\/attorneyjeff.com\/es\/wp-json\/wp\/v2\/types\/page"}],"author":[{"embeddable":true,"href":"https:\/\/attorneyjeff.com\/es\/wp-json\/wp\/v2\/users\/24"}],"replies":[{"embeddable":true,"href":"https:\/\/attorneyjeff.com\/es\/wp-json\/wp\/v2\/comments?post=1495"}],"version-history":[{"count":0,"href":"https:\/\/attorneyjeff.com\/es\/wp-json\/wp\/v2\/pages\/1495\/revisions"}],"up":[{"embeddable":true,"href":"https:\/\/attorneyjeff.com\/es\/wp-json\/wp\/v2\/pages\/1403"}],"wp:featuredmedia":[{"embeddable":true,"href":"https:\/\/attorneyjeff.com\/es\/wp-json\/wp\/v2\/media\/1573"}],"wp:attachment":[{"href":"https:\/\/attorneyjeff.com\/es\/wp-json\/wp\/v2\/media?parent=1495"}],"curies":[{"name":"wp","href":"https:\/\/api.w.org\/{rel}","templated":true}]}}