{"id":1496,"date":"2023-04-14T11:35:07","date_gmt":"2023-04-14T15:35:07","guid":{"rendered":"https:\/\/attorneyjeff25.wpenginepowered.com\/?page_id=1496"},"modified":"2023-04-17T09:26:56","modified_gmt":"2023-04-17T13:26:56","slug":"workers-compensation-lawyer","status":"publish","type":"page","link":"https:\/\/attorneyjeff.com\/es\/fontana-injury\/workers-compensation-lawyer\/","title":{"rendered":"Abogado de compensaci\u00f3n laboral en Fontana"},"content":{"rendered":"<p>El trabajo que realiza sustenta a su familia y juega un papel importante en su vida. Pero lesionarse en el trabajo puede ser especialmente dif\u00edcil.<\/p>\n<p>Adem\u00e1s de la p\u00e9rdida de ingresos, se enfrenta a facturas m\u00e9dicas cada vez mayores que pueden hacer que el futuro parezca sombr\u00edo. Afortunadamente, un abogado con experiencia en compensaci\u00f3n laboral en Fontana puede ayudarle a obtener la compensaci\u00f3n a la que tiene derecho y a recuperar su salud y bienestar. Contacte a Attorney Jeff Injury Lawyers para hablar con un abogado. <a href=\"https:\/\/attorneyjeff.com\/es\/fontana-injury\/\">abogado de lesiones en Fontana<\/a> en nuestro equipo.<\/p>\n<h2>\u00bfQu\u00e9 tipos de lesiones califican para la compensaci\u00f3n laboral?<\/h2>\n<p>Si se lesiona en el trabajo en Fontana, es probable que sus lesiones califiquen para la cobertura de compensaci\u00f3n laboral. Algunas de las lesiones m\u00e1s asociadas con las reclamaciones de compensaci\u00f3n laboral incluyen las siguientes:<\/p>\n<ul>\n<li>Huesos rotos<\/li>\n<li>Distensiones, esguinces, contusiones y otras lesiones de tejidos blandos<\/li>\n<li>laceraciones profundas<\/li>\n<li>lesiones de la m\u00e9dula espinal<\/li>\n<li>Lesiones cerebrales traum\u00e1ticas<\/li>\n<li>Quemaduras, incluidas quemaduras qu\u00edmicas y el\u00e9ctricas<\/li>\n<li>lesiones oculares<\/li>\n<li>Lesiones traum\u00e1ticas acumulativas o continuas, incluidas las lesiones por estr\u00e9s repetitivo<\/li>\n<\/ul>\n<h2>Riesgos de lesiones en el trabajo<\/h2>\n<p>OSHA separa los riesgos en el trabajo en categor\u00edas b\u00e1sicas que incluyen todo lo siguiente:<\/p>\n<ul>\n<li>Peligros biol\u00f3gicos, como moho, insectos y plagas, y enfermedades transmisibles<\/li>\n<li>Peligros de la organizaci\u00f3n del trabajo, que se refieren a factores estresantes<\/li>\n<li>Peligros ergon\u00f3micos, que se refieren a factores de riesgo como realizar movimientos repetitivos, levantar objetos, maniobras inc\u00f3modas, posturas extra\u00f1as y m\u00e1s.<\/li>\n<li>Peligros qu\u00edmicos y de polvo, incluidos productos de limpieza agresivos, amianto y pesticidas<\/li>\n<li>Peligros f\u00edsicos, incluidas temperaturas extremas, niveles elevados de ruido y radiaci\u00f3n.<\/li>\n<\/ul>\n<p>OSHA tambi\u00e9n informa sobre lo que denomina <em>los cuatro fatales<\/em>, que es el t\u00e9rmino que se utiliza para los cuatro tipos de accidentes que tienen m\u00e1s probabilidades de resultar fatales en las obras de construcci\u00f3n, entre ellos:<\/p>\n<ul>\n<li>Resbalones y ca\u00eddas, que son m\u00e1s peligrosos cuando se producen desde alturas<\/li>\n<li>Ser golpeado por algo, lo que puede significar ser golpeado por un equipo en el suelo o ser golpeado por algo que cae desde arriba.<\/li>\n<li>Estar atrapado entre dos fuerzas pesadas e inquebrantables<\/li>\n<li>Electrocutarse<\/li>\n<\/ul>\n<p>Si ha sufrido una lesi\u00f3n en el trabajo, comun\u00edquese hoy mismo con un abogado especializado en compensaci\u00f3n laboral en Fontana para obtener asesoramiento legal especializado.<\/p>\n<h2>Beneficios que puede proporcionar el sistema de compensaci\u00f3n para trabajadores<\/h2>\n<p>La compensaci\u00f3n laboral est\u00e1 dise\u00f1ada para beneficiar tanto a los empleadores como a los empleados ante accidentes en el trabajo.<\/p>\n<p>Solo en raras circunstancias se puede demandar a un empleador por una lesi\u00f3n laboral, independientemente de su negligencia. Al lesionarse en el trabajo, se renuncia al derecho a demandar a un empleador por da\u00f1os y perjuicios basados en la negligencia, pero con cobertura garantizada, independientemente de si el empleador fue negligente o no.<\/p>\n<p>Si bien su empleador es responsable de indemnizarlo por las p\u00e9rdidas cubiertas, no tiene por qu\u00e9 temer una demanda relacionada. La compensaci\u00f3n laboral tiene como objetivo agilizar el proceso y ayudar a empleados lesionados como usted a obtener la ayuda que necesitan cuando la necesitan.<\/p>\n<p>El precio que pagan los empleados por esto es que las prestaciones de compensaci\u00f3n laboral son menos s\u00f3lidas que las que se solicitan en demandas por lesiones personales por negligencia. Las prestaciones de compensaci\u00f3n laboral incluyen:<\/p>\n<ul>\n<li>Un porcentaje espec\u00edfico de sus ganancias brutas actuales antes de impuestos<\/li>\n<li>Sus gastos m\u00e9dicos necesarios y cubiertos<\/li>\n<li>Prestaciones complementarias por p\u00e9rdida de empleo para cubrir los costos relacionados con la formaci\u00f3n profesional, para quienes sufren discapacidades permanentes<\/li>\n<li>Beneficios por incapacidad permanente que se basan en calificaciones de discapacidad para quienes sufren discapacidades permanentes<\/li>\n<\/ul>\n<p>Un abogado de compensaci\u00f3n laboral en Fontana est\u00e1 disponible para ayudarle a garantizar que reciba la compensaci\u00f3n justa que necesita para superar su lesi\u00f3n relacionada con el trabajo.<\/p>\n<h2>\u00bfTiene usted un reclamo de responsabilidad civil ante terceros por una lesi\u00f3n laboral?<\/h2>\n<p>Si sufri\u00f3 una lesi\u00f3n como resultado de la negligencia de un tercero, puede solicitar una compensaci\u00f3n por sus p\u00e9rdidas completas a trav\u00e9s de un reclamo por lesiones personales.<\/p>\n<p>Un tercero aqu\u00ed se refiere a una persona o entidad que no es su empleador o compa\u00f1ero de trabajo y cuya negligencia es responsable del accidente que le caus\u00f3 lesiones.<\/p>\n<p>Entre los ejemplos de terceros responsables se incluyen los siguientes:<\/p>\n<ul>\n<li>Un subcontratista<\/li>\n<li>Un empleado de un subcontratista<\/li>\n<li>El propietario del inmueble donde se encuentra la obra<\/li>\n<li>Otro automovilista: si el accidente ocurre mientras conduce en el trabajo<\/li>\n<\/ul>\n<p>En tales reclamaciones, puede solicitar una indemnizaci\u00f3n por todos los siguientes tipos de p\u00e9rdidas:<\/p>\n<ul>\n<li>Facturas m\u00e9dicas actuales y en curso<\/li>\n<li>P\u00e9rdida de ingresos, incluida la p\u00e9rdida de capacidad adquisitiva<\/li>\n<li>Dolor y sufrimiento f\u00edsico y emocional<\/li>\n<\/ul>\n<h2>Cu\u00e1ndo contratar a un abogado de compensaci\u00f3n laboral en Fontana<\/h2>\n<p>Las reclamaciones de compensaci\u00f3n laboral son complejas. Colaborar estrechamente con un abogado especializado en compensaci\u00f3n laboral de Fontana desde el principio siempre le resultar\u00e1 beneficioso.<\/p>\n<p>Tenga en cuenta que las aseguradoras de compensaci\u00f3n laboral se dedican a generar ingresos y, por lo tanto, har\u00e1n todo lo posible para mantener su indemnizaci\u00f3n baja. Contar con un asesor legal profesional puede ayudarle principalmente de las siguientes maneras:<\/p>\n<ul>\n<li>Su abogado se asegurar\u00e1 de que usted comprenda el proceso de reclamos y de que tome las mejores decisiones para usted a lo largo del camino.<\/li>\n<li>Su abogado trabajar\u00e1 con el proveedor de compensaci\u00f3n laboral y negociar\u00e1 h\u00e1bilmente para lograr un acuerdo justo que defienda sus derechos.<\/li>\n<li>Su abogado reunir\u00e1 todas las pruebas de su caso y las compilar\u00e1 para elaborar su reclamo m\u00e1s s\u00f3lido.<\/li>\n<\/ul>\n<p>Si ha sufrido una lesi\u00f3n en el trabajo, es hora de consultar con un abogado de compensaci\u00f3n laboral de Fontana en quien pueda confiar.<\/p>\n<h2>Cont\u00e1ctenos hoy para obtener m\u00e1s informaci\u00f3n sobre c\u00f3mo podemos ayudarlo.<\/h2>\n<p>En <a href=\"\/es\/about-us\/\">Abogado Jeff Injury Lawyers<\/a> En Fontana, nuestros abogados de compensaci\u00f3n laboral se esfuerzan al m\u00e1ximo en su lucha por los derechos y los mejores intereses de nuestros valiosos clientes. Si sufri\u00f3 una lesi\u00f3n laboral, el camino a seguir es incierto, pero nuestro equipo legal experto se compromete a ayudarle a encontrar el camino. Nos importa su reclamo y su recuperaci\u00f3n.<\/p>\n<p><a href=\"\/es\/contact-us\/\">Cont\u00e1ctenos en l\u00ednea<\/a> o llame a nuestras oficinas al 888-970-5729 para obtener m\u00e1s informaci\u00f3n sobre lo que podemos hacer por usted hoy.<\/p>\n<h2>Preguntas frecuentes sobre casos de compensaci\u00f3n laboral<\/h2>\n<div class=\"home-accordion\"><\/p>\n<h3>\u00bfNo est\u00e1 el sistema de compensaci\u00f3n laboral dise\u00f1ado para ayudarme?<\/h3><div>\n<p>S\u00ed, pero las compa\u00f1\u00edas de seguros de compensaci\u00f3n laboral est\u00e1n altamente comprometidas con sus resultados finales.<\/p>\n<\/div><h3>\u00bfPuedo siquiera permitirme un abogado?<\/h3><div>\n<p>Puede hacerlo, porque su abogado recibir\u00e1 el pago solo despu\u00e9s de que su reclamo se haya resuelto con \u00e9xito.<\/p>\n<\/div><h3>\u00bfDebo aceptar una oferta de liquidaci\u00f3n anticipada?<\/h3><div>\n<p>Aceptar una oferta de acuerdo antes de discutirla con un abogado que est\u00e9 familiarizado con su caso no es una buena idea.<\/p>\n<p><\/div><\/div><script type=\"application\/ld+json\">{\"@context\": \"https:\/\/schema.org\",\"@type\": \"FAQPage\",\"mainEntity\":[{\"@type\": \"Question\",\"name\": \"\nIsn\u2019t the workers\u2019 comp system designed to help me?\",\"acceptedAnswer\": {\"@type\": \"Answer\",\"text\": \"\nYes, but workers\u2019 compensation insurance companies are highly invested in their bottom lines.\n\"}},{\"@type\": \"Question\",\"name\": \"Can I even afford an attorney?\",\"acceptedAnswer\": {\"@type\": \"Answer\",\"text\": \"\nYou can \u2013 because your attorney will be paid only after your claim has been successfully resolved.\n\"}},{\"@type\": \"Question\",\"name\": \"Should I accept an early settlement offer?\",\"acceptedAnswer\": {\"@type\": \"Answer\",\"text\": \"\nAccepting a settlement offer prior to discussing it with an attorney who is familiar with your case is not a good idea.\n\"}}]}<\/script>","protected":false},"excerpt":{"rendered":"<p>The work that you do supports your family and plays an important role in your life. But being injured on &#8230;<\/p>","protected":false},"author":24,"featured_media":1574,"parent":1403,"menu_order":0,"comment_status":"closed","ping_status":"closed","template":"","meta":{"inline_featured_image":false,"_monsterinsights_skip_tracking":false,"_monsterinsights_sitenote_active":false,"_monsterinsights_sitenote_note":"","_monsterinsights_sitenote_category":0,"footnotes":""},"class_list":["post-1496","page","type-page","status-publish","has-post-thumbnail","hentry"],"acf":[],"yoast_head":"<!-- This site is optimized with the Yoast SEO plugin v27.4 - https:\/\/yoast.com\/product\/yoast-seo-wordpress\/ -->\n<title>Fontana Workers&#039; Compensation Lawyer | Attorney Jeff Injury<\/title>\n<meta name=\"description\" content=\"If you have been injured on the job, a Fontana workers&#039; compensation lawyer can help make sure you receive the benefits you deserve.\" \/>\n<meta name=\"robots\" content=\"index, follow, max-snippet:-1, max-image-preview:large, max-video-preview:-1\" \/>\n<link rel=\"canonical\" href=\"https:\/\/attorneyjeff.com\/es\/fontana-injury\/workers-compensation-lawyer\/\" \/>\n<meta property=\"og:locale\" content=\"es_MX\" \/>\n<meta property=\"og:type\" content=\"article\" \/>\n<meta property=\"og:title\" content=\"Fontana Workers&#039; Compensation Lawyer | Attorney Jeff Injury\" \/>\n<meta property=\"og:description\" content=\"If you have been injured on the job, a Fontana workers&#039; compensation lawyer can help make sure you receive the benefits you deserve.\" \/>\n<meta property=\"og:url\" content=\"https:\/\/attorneyjeff.com\/es\/fontana-injury\/workers-compensation-lawyer\/\" \/>\n<meta property=\"og:site_name\" content=\"Attorney Jeff\" \/>\n<meta property=\"article:modified_time\" content=\"2023-04-17T13:26:56+00:00\" \/>\n<meta property=\"og:image\" content=\"https:\/\/attorneyjeff.com\/wp-content\/uploads\/2023\/04\/Fontana-Workers-Compensation-Lawyer-scaled.webp\" \/>\n\t<meta property=\"og:image:width\" content=\"2560\" \/>\n\t<meta property=\"og:image:height\" content=\"1707\" \/>\n\t<meta property=\"og:image:type\" content=\"image\/webp\" \/>\n<meta name=\"twitter:card\" content=\"summary_large_image\" \/>\n<script type=\"application\/ld+json\" class=\"yoast-schema-graph\">{\"@context\":\"https:\\\/\\\/schema.org\",\"@graph\":[{\"@type\":\"WebPage\",\"@id\":\"https:\\\/\\\/attorneyjeff.com\\\/fontana-injury\\\/workers-compensation-lawyer\\\/\",\"url\":\"https:\\\/\\\/attorneyjeff.com\\\/fontana-injury\\\/workers-compensation-lawyer\\\/\",\"name\":\"Fontana Workers' Compensation Lawyer | Attorney Jeff Injury\",\"isPartOf\":{\"@id\":\"https:\\\/\\\/attorneyjeff.com\\\/#website\"},\"primaryImageOfPage\":{\"@id\":\"https:\\\/\\\/attorneyjeff.com\\\/fontana-injury\\\/workers-compensation-lawyer\\\/#primaryimage\"},\"image\":{\"@id\":\"https:\\\/\\\/attorneyjeff.com\\\/fontana-injury\\\/workers-compensation-lawyer\\\/#primaryimage\"},\"thumbnailUrl\":\"https:\\\/\\\/attorneyjeff.com\\\/wp-content\\\/uploads\\\/2023\\\/04\\\/Fontana-Workers-Compensation-Lawyer-scaled-e1766630164479.webp\",\"datePublished\":\"2023-04-14T15:35:07+00:00\",\"dateModified\":\"2023-04-17T13:26:56+00:00\",\"description\":\"If you have been injured on the job, a Fontana workers' compensation lawyer can help make sure you receive the benefits you deserve.\",\"breadcrumb\":{\"@id\":\"https:\\\/\\\/attorneyjeff.com\\\/fontana-injury\\\/workers-compensation-lawyer\\\/#breadcrumb\"},\"inLanguage\":\"es\",\"potentialAction\":[{\"@type\":\"ReadAction\",\"target\":[\"https:\\\/\\\/attorneyjeff.com\\\/fontana-injury\\\/workers-compensation-lawyer\\\/\"]}]},{\"@type\":\"ImageObject\",\"inLanguage\":\"es\",\"@id\":\"https:\\\/\\\/attorneyjeff.com\\\/fontana-injury\\\/workers-compensation-lawyer\\\/#primaryimage\",\"url\":\"https:\\\/\\\/attorneyjeff.com\\\/wp-content\\\/uploads\\\/2023\\\/04\\\/Fontana-Workers-Compensation-Lawyer-scaled-e1766630164479.webp\",\"contentUrl\":\"https:\\\/\\\/attorneyjeff.com\\\/wp-content\\\/uploads\\\/2023\\\/04\\\/Fontana-Workers-Compensation-Lawyer-scaled-e1766630164479.webp\",\"width\":2556,\"height\":1070,\"caption\":\"Workers' Compensation Lawyer\"},{\"@type\":\"BreadcrumbList\",\"@id\":\"https:\\\/\\\/attorneyjeff.com\\\/fontana-injury\\\/workers-compensation-lawyer\\\/#breadcrumb\",\"itemListElement\":[{\"@type\":\"ListItem\",\"position\":1,\"name\":\"Home\",\"item\":\"https:\\\/\\\/attorneyjeff.com\\\/\"},{\"@type\":\"ListItem\",\"position\":2,\"name\":\"Fontana Personal Injury Lawyer\",\"item\":\"https:\\\/\\\/attorneyjeff.com\\\/fontana-injury\\\/\"},{\"@type\":\"ListItem\",\"position\":3,\"name\":\"Fontana Workers&#8217; Compensation Lawyer\"}]},{\"@type\":\"WebSite\",\"@id\":\"https:\\\/\\\/attorneyjeff.com\\\/#website\",\"url\":\"https:\\\/\\\/attorneyjeff.com\\\/\",\"name\":\"Attorney Jeff\",\"description\":\"Car Accident Lawyer\",\"potentialAction\":[{\"@type\":\"SearchAction\",\"target\":{\"@type\":\"EntryPoint\",\"urlTemplate\":\"https:\\\/\\\/attorneyjeff.com\\\/?s={search_term_string}\"},\"query-input\":{\"@type\":\"PropertyValueSpecification\",\"valueRequired\":true,\"valueName\":\"search_term_string\"}}],\"inLanguage\":\"es\"}]}<\/script>\n<!-- \/ Yoast SEO plugin. -->","yoast_head_json":{"title":"Fontana Workers' Compensation Lawyer | Attorney Jeff Injury","description":"If you have been injured on the job, a Fontana workers' compensation lawyer can help make sure you receive the benefits you deserve.","robots":{"index":"index","follow":"follow","max-snippet":"max-snippet:-1","max-image-preview":"max-image-preview:large","max-video-preview":"max-video-preview:-1"},"canonical":"https:\/\/attorneyjeff.com\/es\/fontana-injury\/workers-compensation-lawyer\/","og_locale":"es_MX","og_type":"article","og_title":"Fontana Workers' Compensation Lawyer | Attorney Jeff Injury","og_description":"If you have been injured on the job, a Fontana workers' compensation lawyer can help make sure you receive the benefits you deserve.","og_url":"https:\/\/attorneyjeff.com\/es\/fontana-injury\/workers-compensation-lawyer\/","og_site_name":"Attorney Jeff","article_modified_time":"2023-04-17T13:26:56+00:00","og_image":[{"width":2560,"height":1707,"url":"https:\/\/attorneyjeff.com\/wp-content\/uploads\/2023\/04\/Fontana-Workers-Compensation-Lawyer-scaled.webp","type":"image\/webp"}],"twitter_card":"summary_large_image","schema":{"@context":"https:\/\/schema.org","@graph":[{"@type":"WebPage","@id":"https:\/\/attorneyjeff.com\/fontana-injury\/workers-compensation-lawyer\/","url":"https:\/\/attorneyjeff.com\/fontana-injury\/workers-compensation-lawyer\/","name":"Fontana Workers' Compensation Lawyer | Attorney Jeff Injury","isPartOf":{"@id":"https:\/\/attorneyjeff.com\/#website"},"primaryImageOfPage":{"@id":"https:\/\/attorneyjeff.com\/fontana-injury\/workers-compensation-lawyer\/#primaryimage"},"image":{"@id":"https:\/\/attorneyjeff.com\/fontana-injury\/workers-compensation-lawyer\/#primaryimage"},"thumbnailUrl":"https:\/\/attorneyjeff.com\/wp-content\/uploads\/2023\/04\/Fontana-Workers-Compensation-Lawyer-scaled-e1766630164479.webp","datePublished":"2023-04-14T15:35:07+00:00","dateModified":"2023-04-17T13:26:56+00:00","description":"If you have been injured on the job, a Fontana workers' compensation lawyer can help make sure you receive the benefits you deserve.","breadcrumb":{"@id":"https:\/\/attorneyjeff.com\/fontana-injury\/workers-compensation-lawyer\/#breadcrumb"},"inLanguage":"es","potentialAction":[{"@type":"ReadAction","target":["https:\/\/attorneyjeff.com\/fontana-injury\/workers-compensation-lawyer\/"]}]},{"@type":"ImageObject","inLanguage":"es","@id":"https:\/\/attorneyjeff.com\/fontana-injury\/workers-compensation-lawyer\/#primaryimage","url":"https:\/\/attorneyjeff.com\/wp-content\/uploads\/2023\/04\/Fontana-Workers-Compensation-Lawyer-scaled-e1766630164479.webp","contentUrl":"https:\/\/attorneyjeff.com\/wp-content\/uploads\/2023\/04\/Fontana-Workers-Compensation-Lawyer-scaled-e1766630164479.webp","width":2556,"height":1070,"caption":"Workers' Compensation Lawyer"},{"@type":"BreadcrumbList","@id":"https:\/\/attorneyjeff.com\/fontana-injury\/workers-compensation-lawyer\/#breadcrumb","itemListElement":[{"@type":"ListItem","position":1,"name":"Home","item":"https:\/\/attorneyjeff.com\/"},{"@type":"ListItem","position":2,"name":"Fontana Personal Injury Lawyer","item":"https:\/\/attorneyjeff.com\/fontana-injury\/"},{"@type":"ListItem","position":3,"name":"Fontana Workers&#8217; Compensation Lawyer"}]},{"@type":"WebSite","@id":"https:\/\/attorneyjeff.com\/#website","url":"https:\/\/attorneyjeff.com\/","name":"El abogado Jeff","description":"Abogado de accidentes de coche","potentialAction":[{"@type":"SearchAction","target":{"@type":"EntryPoint","urlTemplate":"https:\/\/attorneyjeff.com\/?s={search_term_string}"},"query-input":{"@type":"PropertyValueSpecification","valueRequired":true,"valueName":"search_term_string"}}],"inLanguage":"es"}]}},"_links":{"self":[{"href":"https:\/\/attorneyjeff.com\/es\/wp-json\/wp\/v2\/pages\/1496","targetHints":{"allow":["GET"]}}],"collection":[{"href":"https:\/\/attorneyjeff.com\/es\/wp-json\/wp\/v2\/pages"}],"about":[{"href":"https:\/\/attorneyjeff.com\/es\/wp-json\/wp\/v2\/types\/page"}],"author":[{"embeddable":true,"href":"https:\/\/attorneyjeff.com\/es\/wp-json\/wp\/v2\/users\/24"}],"replies":[{"embeddable":true,"href":"https:\/\/attorneyjeff.com\/es\/wp-json\/wp\/v2\/comments?post=1496"}],"version-history":[{"count":0,"href":"https:\/\/attorneyjeff.com\/es\/wp-json\/wp\/v2\/pages\/1496\/revisions"}],"up":[{"embeddable":true,"href":"https:\/\/attorneyjeff.com\/es\/wp-json\/wp\/v2\/pages\/1403"}],"wp:featuredmedia":[{"embeddable":true,"href":"https:\/\/attorneyjeff.com\/es\/wp-json\/wp\/v2\/media\/1574"}],"wp:attachment":[{"href":"https:\/\/attorneyjeff.com\/es\/wp-json\/wp\/v2\/media?parent=1496"}],"curies":[{"name":"wp","href":"https:\/\/api.w.org\/{rel}","templated":true}]}}