{"id":1497,"date":"2023-04-14T11:35:09","date_gmt":"2023-04-14T15:35:09","guid":{"rendered":"https:\/\/attorneyjeff25.wpenginepowered.com\/?page_id=1497"},"modified":"2023-04-17T09:28:20","modified_gmt":"2023-04-17T13:28:20","slug":"uber-lyft-accident-lawyer","status":"publish","type":"page","link":"https:\/\/attorneyjeff.com\/es\/fontana-injury\/uber-lyft-accident-lawyer\/","title":{"rendered":"Abogado de accidentes de Uber\/Lyft en Fontana"},"content":{"rendered":"<p>Los servicios de viajes compartidos como Uber y Lyft son cada vez m\u00e1s populares en Fontana, California, y con raz\u00f3n: son relativamente econ\u00f3micos y pr\u00e1cticos. Con estos servicios, cuando necesitas un viaje, en lugar de llamar a un taxi o intentar parar uno, simplemente usas tu aplicaci\u00f3n para conectarte con un conductor que te llevar\u00e1 a donde necesites ir.<\/p>\n<p>Pero, al igual que otros conductores, los conductores de viajes compartidos son propensos a la negligencia y al error humano, lo que podr\u00eda provocar accidentes.<\/p>\n<p>Si usted o un ser querido result\u00f3 herido en un Uber o Lyft, o fue atropellado por un conductor de viajes compartidos en Fontana, el abogado Jeff Injury Lawyers puede examinar su caso de forma gratuita y ayudarle a obtener la compensaci\u00f3n que merece. Cont\u00e1ctenos hoy mismo para conocer nuestros servicios y ver c\u00f3mo nuestros experimentados... <a href=\"\/es\/fontana-injury\/\">abogados de lesiones personales en Fontana<\/a> Puedo ayudarle.<\/p>\n<h2>Causas de los accidentes de Uber y Lyft<\/h2>\n<p>Los accidentes de Uber y Lyft pueden tener diversas causas, y la mayor\u00eda se deben a la negligencia del conductor. La causa del accidente puede influir en su gravedad y en qui\u00e9n es el responsable final.<\/p>\n<p>Las causas comunes de accidentes de Uber y Lyft incluyen:<\/p>\n<ul>\n<li>Exceso de velocidad: conducir por encima del l\u00edmite establecido dificulta el control del veh\u00edculo y podr\u00eda provocar un accidente.<\/li>\n<li>Conducci\u00f3n distra\u00edda: Tanto conductores como pasajeros acceden a los servicios de viajes compartidos a trav\u00e9s de sus tel\u00e9fonos. Si un conductor de viajes compartidos mira constantemente su tel\u00e9fono para ver si hay reservas o notificaciones mientras conduce, puede distraerse f\u00e1cilmente y provocar un accidente.<\/li>\n<li>Conducci\u00f3n agresiva e imprudente: si un conductor de viajes compartido sigue de cerca a otro veh\u00edculo, no usa el carril correcto, adelanta de forma arriesgada o conduce a alta velocidad, es probable que provoque un accidente.<\/li>\n<li>Conducir bajo los efectos del alcohol: Conducir bajo los efectos del alcohol es una de las principales causas de accidentes. Dicho esto, una de las razones por las que las personas usan servicios de viajes compartidos es para evitar conducir en estado de ebriedad. Desafortunadamente, algunos conductores de viajes compartidos conducen bajo los efectos del alcohol, las drogas y otras sustancias ilegales.<\/li>\n<li>Conducir con fatiga: Ya sea por falta de sue\u00f1o o simplemente por haber trabajado demasiado tiempo, conducir con fatiga puede provocar un accidente. Aproximadamente 1 de cada 5 accidentes se debe a la fatiga del conductor.<\/li>\n<li>Incumplimiento de las normas de tr\u00e1nsito: Las se\u00f1ales, sem\u00e1foros y normas de tr\u00e1nsito tienen como objetivo garantizar la seguridad de conductores, pasajeros y dem\u00e1s usuarios de la v\u00eda. Incumplir estas normas aumenta el riesgo de accidente.<\/li>\n<\/ul>\n<p>Otras causas de accidentes de Uber y Lyft incluyen la falta de mantenimiento del veh\u00edculo, conducir en malas condiciones clim\u00e1ticas o cambios de carril inseguros.<\/p>\n<p>Si usted o su ser querido sufrieron lesiones en un accidente de viaje compartido, un abogado de accidentes de Uber y Lyft de Fontana puede ayudarlo a responsabilizar a la parte responsable.<\/p>\n<h2>Requisitos para conducir para Uber y Lyft<\/h2>\n<p>Los servicios de viajes compartidos como Uber y Lyft se diferencian de los servicios de taxi en varios aspectos. Para empezar, los conductores de viajes compartidos suelen usar sus propios veh\u00edculos. Adem\u00e1s, no necesitan una licencia de conducir comercial (CDL), que podr\u00eda ser obligatoria para taxistas y otros conductores profesionales.<\/p>\n<p>Generalmente, los requisitos para conducir Uber y Lyft incluyen:<\/p>\n<ul>\n<li>El conductor debe cumplir con el requisito de edad m\u00ednima (generalmente 21 a\u00f1os)<\/li>\n<li>El conductor debe tener una licencia de conducir estadounidense v\u00e1lida.<\/li>\n<li>El conductor debe tener al menos tres a\u00f1os de experiencia si es menor de 23 a\u00f1os y al menos un a\u00f1o de experiencia si tiene 23 a\u00f1os o m\u00e1s.<\/li>\n<li>El conductor debe poder proporcionar prueba del seguro y registro del veh\u00edculo.<\/li>\n<li>El conductor debe utilizar un veh\u00edculo de cuatro ruedas elegible.<\/li>\n<\/ul>\n<h2>C\u00f3mo funciona el seguro de accidentes para viajes compartidos<\/h2>\n<p>Si sufre lesiones o da\u00f1os en un accidente de viaje compartido, depende totalmente de la situaci\u00f3n si el conductor de Uber o Lyft paga con su seguro o con el de la compa\u00f1\u00eda de viajes compartidos. Aqu\u00ed tiene algunos conceptos b\u00e1sicos.<\/p>\n<ul>\n<li>Si ocurre un accidente cuando el conductor est\u00e1 de servicio pero no tiene un pasajero asignado, el seguro de viaje compartido personal del conductor o la p\u00f3liza de la empresa cubrir\u00e1n el accidente.<\/li>\n<li>Si ocurre un accidente cuando el conductor est\u00e1 fuera de servicio y no tiene su aplicaci\u00f3n buscando pasajeros, el seguro personal del conductor cubrir\u00e1 los da\u00f1os si es culpable.<\/li>\n<li>Si ocurre un accidente despu\u00e9s de que un conductor haya sido emparejado con un pasajero, o inmediatamente despu\u00e9s de que el pasajero suba al veh\u00edculo, el seguro de responsabilidad civil de la empresa de viajes compartidos cubrir\u00e1 los da\u00f1os.<\/li>\n<\/ul>\n<p>Si el conductor culpable no tiene seguro o tiene un seguro insuficiente, tanto Uber como Lyft tienen cobertura para personas sin seguro.<\/p>\n<h2>\u00bfQui\u00e9n es responsable de un accidente en un Uber o Lyft?<\/h2>\n<p>En las demandas por accidentes de viajes compartidos, la responsabilidad depende de la culpa o la falta cometida. Para que Lyft o Uber sean responsables de sus lesiones y da\u00f1os, debe demostrar que la negligencia de un conductor de viajes compartidos le caus\u00f3 da\u00f1os.<\/p>\n<p>Por ejemplo, si usted es un pasajero de un Uber o Lyft y se rompe la mano en un accidente porque el conductor estaba distra\u00eddo con su tel\u00e9fono, puede presentar un reclamo ante la compa\u00f1\u00eda de seguros del viaje compartido.<\/p>\n<p>Sin embargo, si usted es un pasajero en un Uber o Lyft y se rompe la mano cuando un conductor ebrio choca su auto, probablemente presentar\u00e1 un reclamo ante la compa\u00f1\u00eda de seguros del conductor ebrio.<\/p>\n<p>Dicho esto, determinar la parte responsable en un accidente de viaje compartido puede ser dif\u00edcil. Si usted o un ser querido sufrieron lesiones en un accidente de Uber o Lyft en Fontana, un abogado con experiencia puede ayudarle a identificar a la parte culpable y exigirle responsabilidades.<\/p>\n<h2>\u00bfCu\u00e1nto tiempo tienes para denunciar un accidente de Uber y Lyft?<\/h2>\n<p>Tendr\u00e1 dos a\u00f1os a partir de la fecha del accidente para presentar una reclamaci\u00f3n. Si no la presenta dentro de este plazo, podr\u00eda perder su derecho a presentar una reclamaci\u00f3n por lesiones personales, por muy s\u00f3lida que sea.<\/p>\n<h2>\u00bfQu\u00e9 hace un abogado de accidentes de viajes compartidos?<\/h2>\n<p>Los accidentes de viajes compartidos suelen ser complicados de investigar. Esto se debe a que intervienen m\u00e1s partes en el proceso de reclamaci\u00f3n, incluyendo la compa\u00f1\u00eda de seguros del conductor y la aseguradora de la compa\u00f1\u00eda de viajes compartidos.<\/p>\n<p>Adem\u00e1s, determinar la parte culpable puede ser dif\u00edcil, especialmente si m\u00e1s de un veh\u00edculo estuvo involucrado en el accidente.<\/p>\n<p>Un abogado con experiencia en accidentes de viajes compartidos puede ayudarle a proteger sus derechos. Entre otras cosas, se encargar\u00e1 de:<\/p>\n<ul>\n<li>Re\u00fana evidencia para fortalecer su afirmaci\u00f3n<\/li>\n<li>Ayudarle a identificar a la parte o partes culpables<\/li>\n<li>Trate con la compa\u00f1\u00eda de seguros de la parte culpable para que le ayude a obtener la m\u00e1xima compensaci\u00f3n<\/li>\n<li>Asesorarle en cada etapa del proceso de reclamaciones<\/li>\n<li>Si es necesario, lo representaremos en la corte para ayudarlo a obtener la compensaci\u00f3n que merece por sus lesiones.<\/li>\n<\/ul>\n<h2>Comun\u00edquese con un abogado con experiencia en accidentes de Uber y Lyft en Fontana para obtener ayuda<\/h2>\n<p>Si estuvo involucrado en un accidente de viaje compartido, su principal responsabilidad deber\u00eda ser recuperarse de sus lesiones. El equipo experimentado de <a href=\"\/es\/about-us\/\">Abogado Jeff Injury Lawyers<\/a> Comprende el costo f\u00edsico, emocional y financiero que un accidente puede tener para usted y su familia.<\/p>\n<p>Nuestros abogados trabajar\u00e1n para construir un caso s\u00f3lido y luchar\u00e1n por usted para ayudarlo a obtener la m\u00e1xima compensaci\u00f3n por sus lesiones. <a href=\"https:\/\/attorneyjeff.com\/es\/contact-us\/\">Cont\u00e1ctanos hoy<\/a> para una evaluaci\u00f3n de caso gratuita.<\/p>\n<h2>Preguntas frecuentes sobre accidentes de Uber y Lyft<\/h2>\n<div class=\"home-accordion\"><\/p>\n<h3>\u00bfQu\u00e9 debe hacer despu\u00e9s de un accidente de Uber o Lyft?<\/h3><div>\n<p>Ya sea que fueras pasajero de un viaje compartido cuando ocurri\u00f3 un accidente, o que te atropellara un Uber o un Lyft, las medidas que tomes determinar\u00e1n no solo tu bienestar, sino tambi\u00e9n si recibir\u00e1s una compensaci\u00f3n. Despu\u00e9s de un accidente de Uber o Lyft, debes:<\/p>\n<ul>\n<li>Recopilar evidencia en la escena antes de que sea distorsionada<\/li>\n<li>Busque atenci\u00f3n m\u00e9dica<\/li>\n<li>Evite hablar con nadie sobre su caso<\/li>\n<li>Aceptar cualquier oferta o cheque de la compa\u00f1\u00eda de seguros de la parte culpable<\/li>\n<li>Hable con un abogado con experiencia en accidentes de Uber y Lyft<\/li>\n<\/ul>\n<\/div><h3>\u00bfCu\u00e1les son las lesiones m\u00e1s comunes que se sufren en accidentes de viajes compartidos?<\/h3><div>\n<p>Un accidente de viaje compartido podr\u00eda provocar lesiones f\u00edsicas, desde leves hasta potencialmente mortales. Las lesiones f\u00edsicas m\u00e1s comunes incluyen hematomas, fracturas, quemaduras, lesiones internas, desgarros de ligamentos, lesiones de cuello y espalda, da\u00f1o a la m\u00e9dula espinal, traumatismos craneoencef\u00e1licos (TCE), hemorragias internas y conmociones cerebrales.<\/p>\n<p><\/div><\/div><script type=\"application\/ld+json\">{\"@context\": \"https:\/\/schema.org\",\"@type\": \"FAQPage\",\"mainEntity\":[{\"@type\": \"Question\",\"name\": \"\nWhat should you do after an Uber or Lyft accident?\",\"acceptedAnswer\": {\"@type\": \"Answer\",\"text\": \"\nWhether you were a rideshare passenger when an accident happened, or an Uber or a Lyft struck you, the measures you take will determine not only your well-being but also whether you will be compensated. Following an Uber or Lyft accident, you should:\n\nGather evidence at the scene before it is distorted\nSeek medical care\nAvoid talking to anyone about your case\nAccept any offers or checks from the at-fault party&#8217;s insurance company\nTalk to an experienced Uber and Lyft accident lawyer\n\n\"}},{\"@type\": \"Question\",\"name\": \"What are the common injuries suffered in rideshare accidents?\",\"acceptedAnswer\": {\"@type\": \"Answer\",\"text\": \"\nA rideshare accident could result in you sustaining physical injuries that range from minor to life-threatening. The common physical injuries that result from a rideshare accident include bruises, broken bones, burns, internal injuries, torn ligaments, neck and back injuries, spinal cord damage, TBIs, internal bleeding, and concussions.\n\"}}]}<\/script>","protected":false},"excerpt":{"rendered":"<p>Los servicios de transporte compartido como Uber y Lyft son cada vez m\u00e1s populares en Fontana, California, y con raz\u00f3n: son relativamente asequibles\u2026<\/p>","protected":false},"author":24,"featured_media":1579,"parent":1403,"menu_order":0,"comment_status":"closed","ping_status":"closed","template":"","meta":{"inline_featured_image":false,"_monsterinsights_skip_tracking":false,"_monsterinsights_sitenote_active":false,"_monsterinsights_sitenote_note":"","_monsterinsights_sitenote_category":0,"footnotes":""},"class_list":["post-1497","page","type-page","status-publish","has-post-thumbnail","hentry"],"acf":[],"yoast_head":"<!-- This site is optimized with the Yoast SEO plugin v27.4 - https:\/\/yoast.com\/product\/yoast-seo-wordpress\/ -->\n<title>Fontana Uber &amp; Lyft Accident Lawyer | Attorney Jeff Injury Lawyers<\/title>\n<meta name=\"description\" content=\"If you have been involved in a Lyft or Uber accident in Fontana, it&#039;s important to seek the help of a qualified attorney. Call us now!\" \/>\n<meta name=\"robots\" content=\"index, follow, max-snippet:-1, max-image-preview:large, max-video-preview:-1\" \/>\n<link rel=\"canonical\" href=\"https:\/\/attorneyjeff.com\/es\/fontana-injury\/uber-lyft-accident-lawyer\/\" \/>\n<meta property=\"og:locale\" content=\"es_MX\" \/>\n<meta property=\"og:type\" content=\"article\" \/>\n<meta property=\"og:title\" content=\"Fontana Uber &amp; Lyft Accident Lawyer | Attorney Jeff Injury Lawyers\" \/>\n<meta property=\"og:description\" content=\"If you have been involved in a Lyft or Uber accident in Fontana, it&#039;s important to seek the help of a qualified attorney. Call us now!\" \/>\n<meta property=\"og:url\" content=\"https:\/\/attorneyjeff.com\/es\/fontana-injury\/uber-lyft-accident-lawyer\/\" \/>\n<meta property=\"og:site_name\" content=\"Attorney Jeff\" \/>\n<meta property=\"article:modified_time\" content=\"2023-04-17T13:28:20+00:00\" \/>\n<meta property=\"og:image\" content=\"https:\/\/attorneyjeff.com\/wp-content\/uploads\/2023\/04\/Fontana-UberLyft-Accident-Lawyer-scaled.webp\" \/>\n\t<meta property=\"og:image:width\" content=\"2560\" \/>\n\t<meta property=\"og:image:height\" content=\"1709\" \/>\n\t<meta property=\"og:image:type\" content=\"image\/webp\" \/>\n<meta name=\"twitter:card\" content=\"summary_large_image\" \/>\n<script type=\"application\/ld+json\" class=\"yoast-schema-graph\">{\"@context\":\"https:\\\/\\\/schema.org\",\"@graph\":[{\"@type\":\"WebPage\",\"@id\":\"https:\\\/\\\/attorneyjeff.com\\\/fontana-injury\\\/uber-lyft-accident-lawyer\\\/\",\"url\":\"https:\\\/\\\/attorneyjeff.com\\\/fontana-injury\\\/uber-lyft-accident-lawyer\\\/\",\"name\":\"Fontana Uber & Lyft Accident Lawyer | Attorney Jeff Injury Lawyers\",\"isPartOf\":{\"@id\":\"https:\\\/\\\/attorneyjeff.com\\\/#website\"},\"primaryImageOfPage\":{\"@id\":\"https:\\\/\\\/attorneyjeff.com\\\/fontana-injury\\\/uber-lyft-accident-lawyer\\\/#primaryimage\"},\"image\":{\"@id\":\"https:\\\/\\\/attorneyjeff.com\\\/fontana-injury\\\/uber-lyft-accident-lawyer\\\/#primaryimage\"},\"thumbnailUrl\":\"https:\\\/\\\/attorneyjeff.com\\\/wp-content\\\/uploads\\\/2023\\\/04\\\/Fontana-UberLyft-Accident-Lawyer-scaled.webp\",\"datePublished\":\"2023-04-14T15:35:09+00:00\",\"dateModified\":\"2023-04-17T13:28:20+00:00\",\"description\":\"If you have been involved in a Lyft or Uber accident in Fontana, it's important to seek the help of a qualified attorney. Call us now!\",\"breadcrumb\":{\"@id\":\"https:\\\/\\\/attorneyjeff.com\\\/fontana-injury\\\/uber-lyft-accident-lawyer\\\/#breadcrumb\"},\"inLanguage\":\"es\",\"potentialAction\":[{\"@type\":\"ReadAction\",\"target\":[\"https:\\\/\\\/attorneyjeff.com\\\/fontana-injury\\\/uber-lyft-accident-lawyer\\\/\"]}]},{\"@type\":\"ImageObject\",\"inLanguage\":\"es\",\"@id\":\"https:\\\/\\\/attorneyjeff.com\\\/fontana-injury\\\/uber-lyft-accident-lawyer\\\/#primaryimage\",\"url\":\"https:\\\/\\\/attorneyjeff.com\\\/wp-content\\\/uploads\\\/2023\\\/04\\\/Fontana-UberLyft-Accident-Lawyer-scaled.webp\",\"contentUrl\":\"https:\\\/\\\/attorneyjeff.com\\\/wp-content\\\/uploads\\\/2023\\\/04\\\/Fontana-UberLyft-Accident-Lawyer-scaled.webp\",\"width\":2560,\"height\":1709,\"caption\":\"Uber and Lyft Accident Lawyer\"},{\"@type\":\"BreadcrumbList\",\"@id\":\"https:\\\/\\\/attorneyjeff.com\\\/fontana-injury\\\/uber-lyft-accident-lawyer\\\/#breadcrumb\",\"itemListElement\":[{\"@type\":\"ListItem\",\"position\":1,\"name\":\"Home\",\"item\":\"https:\\\/\\\/attorneyjeff.com\\\/\"},{\"@type\":\"ListItem\",\"position\":2,\"name\":\"Fontana Personal Injury Lawyer\",\"item\":\"https:\\\/\\\/attorneyjeff.com\\\/fontana-injury\\\/\"},{\"@type\":\"ListItem\",\"position\":3,\"name\":\"Fontana Uber\\\/Lyft Accident Lawyer\"}]},{\"@type\":\"WebSite\",\"@id\":\"https:\\\/\\\/attorneyjeff.com\\\/#website\",\"url\":\"https:\\\/\\\/attorneyjeff.com\\\/\",\"name\":\"Attorney Jeff\",\"description\":\"Car Accident Lawyer\",\"potentialAction\":[{\"@type\":\"SearchAction\",\"target\":{\"@type\":\"EntryPoint\",\"urlTemplate\":\"https:\\\/\\\/attorneyjeff.com\\\/?s={search_term_string}\"},\"query-input\":{\"@type\":\"PropertyValueSpecification\",\"valueRequired\":true,\"valueName\":\"search_term_string\"}}],\"inLanguage\":\"es\"}]}<\/script>\n<!-- \/ Yoast SEO plugin. -->","yoast_head_json":{"title":"Abogado de accidentes de Uber y Lyft en Fontana | Abogado Jeff Injury Lawyers","description":"Si ha sufrido un accidente con Lyft o Uber en Fontana, es importante que busque la ayuda de un abogado cualificado. \u00a1Ll\u00e1menos ahora!","robots":{"index":"index","follow":"follow","max-snippet":"max-snippet:-1","max-image-preview":"max-image-preview:large","max-video-preview":"max-video-preview:-1"},"canonical":"https:\/\/attorneyjeff.com\/es\/fontana-injury\/uber-lyft-accident-lawyer\/","og_locale":"es_MX","og_type":"article","og_title":"Fontana Uber & Lyft Accident Lawyer | Attorney Jeff Injury Lawyers","og_description":"If you have been involved in a Lyft or Uber accident in Fontana, it's important to seek the help of a qualified attorney. Call us now!","og_url":"https:\/\/attorneyjeff.com\/es\/fontana-injury\/uber-lyft-accident-lawyer\/","og_site_name":"Attorney Jeff","article_modified_time":"2023-04-17T13:28:20+00:00","og_image":[{"width":2560,"height":1709,"url":"https:\/\/attorneyjeff.com\/wp-content\/uploads\/2023\/04\/Fontana-UberLyft-Accident-Lawyer-scaled.webp","type":"image\/webp"}],"twitter_card":"summary_large_image","schema":{"@context":"https:\/\/schema.org","@graph":[{"@type":"WebPage","@id":"https:\/\/attorneyjeff.com\/fontana-injury\/uber-lyft-accident-lawyer\/","url":"https:\/\/attorneyjeff.com\/fontana-injury\/uber-lyft-accident-lawyer\/","name":"Abogado de accidentes de Uber y Lyft en Fontana | Abogado Jeff Injury Lawyers","isPartOf":{"@id":"https:\/\/attorneyjeff.com\/#website"},"primaryImageOfPage":{"@id":"https:\/\/attorneyjeff.com\/fontana-injury\/uber-lyft-accident-lawyer\/#primaryimage"},"image":{"@id":"https:\/\/attorneyjeff.com\/fontana-injury\/uber-lyft-accident-lawyer\/#primaryimage"},"thumbnailUrl":"https:\/\/attorneyjeff.com\/wp-content\/uploads\/2023\/04\/Fontana-UberLyft-Accident-Lawyer-scaled.webp","datePublished":"2023-04-14T15:35:09+00:00","dateModified":"2023-04-17T13:28:20+00:00","description":"Si ha sufrido un accidente con Lyft o Uber en Fontana, es importante que busque la ayuda de un abogado cualificado. \u00a1Ll\u00e1menos ahora!","breadcrumb":{"@id":"https:\/\/attorneyjeff.com\/fontana-injury\/uber-lyft-accident-lawyer\/#breadcrumb"},"inLanguage":"es","potentialAction":[{"@type":"ReadAction","target":["https:\/\/attorneyjeff.com\/fontana-injury\/uber-lyft-accident-lawyer\/"]}]},{"@type":"ImageObject","inLanguage":"es","@id":"https:\/\/attorneyjeff.com\/fontana-injury\/uber-lyft-accident-lawyer\/#primaryimage","url":"https:\/\/attorneyjeff.com\/wp-content\/uploads\/2023\/04\/Fontana-UberLyft-Accident-Lawyer-scaled.webp","contentUrl":"https:\/\/attorneyjeff.com\/wp-content\/uploads\/2023\/04\/Fontana-UberLyft-Accident-Lawyer-scaled.webp","width":2560,"height":1709,"caption":"Uber and Lyft Accident Lawyer"},{"@type":"BreadcrumbList","@id":"https:\/\/attorneyjeff.com\/fontana-injury\/uber-lyft-accident-lawyer\/#breadcrumb","itemListElement":[{"@type":"ListItem","position":1,"name":"Home","item":"https:\/\/attorneyjeff.com\/"},{"@type":"ListItem","position":2,"name":"Fontana Personal Injury Lawyer","item":"https:\/\/attorneyjeff.com\/fontana-injury\/"},{"@type":"ListItem","position":3,"name":"Fontana Uber\/Lyft Accident Lawyer"}]},{"@type":"WebSite","@id":"https:\/\/attorneyjeff.com\/#website","url":"https:\/\/attorneyjeff.com\/","name":"El abogado Jeff","description":"Abogado de accidentes de coche","potentialAction":[{"@type":"SearchAction","target":{"@type":"EntryPoint","urlTemplate":"https:\/\/attorneyjeff.com\/?s={search_term_string}"},"query-input":{"@type":"PropertyValueSpecification","valueRequired":true,"valueName":"search_term_string"}}],"inLanguage":"es"}]}},"_links":{"self":[{"href":"https:\/\/attorneyjeff.com\/es\/wp-json\/wp\/v2\/pages\/1497","targetHints":{"allow":["GET"]}}],"collection":[{"href":"https:\/\/attorneyjeff.com\/es\/wp-json\/wp\/v2\/pages"}],"about":[{"href":"https:\/\/attorneyjeff.com\/es\/wp-json\/wp\/v2\/types\/page"}],"author":[{"embeddable":true,"href":"https:\/\/attorneyjeff.com\/es\/wp-json\/wp\/v2\/users\/24"}],"replies":[{"embeddable":true,"href":"https:\/\/attorneyjeff.com\/es\/wp-json\/wp\/v2\/comments?post=1497"}],"version-history":[{"count":0,"href":"https:\/\/attorneyjeff.com\/es\/wp-json\/wp\/v2\/pages\/1497\/revisions"}],"up":[{"embeddable":true,"href":"https:\/\/attorneyjeff.com\/es\/wp-json\/wp\/v2\/pages\/1403"}],"wp:featuredmedia":[{"embeddable":true,"href":"https:\/\/attorneyjeff.com\/es\/wp-json\/wp\/v2\/media\/1579"}],"wp:attachment":[{"href":"https:\/\/attorneyjeff.com\/es\/wp-json\/wp\/v2\/media?parent=1497"}],"curies":[{"name":"wp","href":"https:\/\/api.w.org\/{rel}","templated":true}]}}