{"id":1499,"date":"2023-04-14T11:35:13","date_gmt":"2023-04-14T15:35:13","guid":{"rendered":"https:\/\/attorneyjeff25.wpenginepowered.com\/?page_id=1499"},"modified":"2023-04-17T09:21:31","modified_gmt":"2023-04-17T13:21:31","slug":"pedestrian-accident-lawyer","status":"publish","type":"page","link":"https:\/\/attorneyjeff.com\/es\/fontana-injury\/pedestrian-accident-lawyer\/","title":{"rendered":"Abogado de accidentes de peatones en Fontana"},"content":{"rendered":"<p>Salir a pie es una excelente manera de disfrutar del clima y la belleza natural de Fontana, pero tambi\u00e9n te expone a sufrir lesiones si sufres un accidente con un veh\u00edculo. Demasiados conductores no se adaptan a los peatones de forma segura.<\/p>\n<p>Los accidentes peatonales son de los m\u00e1s mortales. Si la negligencia de un conductor le causa lesiones a usted o a un ser querido como peat\u00f3n, busque hoy mismo la asesor\u00eda legal experta de un abogado especializado en accidentes peatonales en Fontana. Contacte con el abogado Jeff Injury Lawyers para hablar sobre su caso hoy mismo con un abogado experimentado. <a href=\"https:\/\/attorneyjeff.com\/es\/fontana-injury\/uber-lyft-accident-lawyer\/\">abogado de lesiones personales en Fontana<\/a>.<\/p>\n<h2>C\u00f3mo ocurren los accidentes de peatones en Fontana<\/h2>\n<p>Los accidentes de peatones en Fontana a menudo son el resultado de la negligencia del conductor, que puede adoptar una variedad de formas muy peligrosas, que incluyen:<\/p>\n<ul>\n<li>Imprudencia generalizada, en la que un automovilista no toma las precauciones necesarias en relaci\u00f3n con los peatones.<\/li>\n<li>No seguir las leyes de tr\u00e1nsito en general, incluyendo no verificar si hay peatones, no ceder el derecho de paso de acuerdo con la ley y m\u00e1s<\/li>\n<li>No mirar al salir marcha atr\u00e1s de espacios de estacionamiento o entradas de veh\u00edculos<\/li>\n<li>Conducir bajo los efectos del alcohol o las drogas<\/li>\n<li>Conducci\u00f3n distra\u00edda<\/li>\n<li>Conducci\u00f3n bajo los efectos del alcohol<\/li>\n<li>Conducir con sue\u00f1o<\/li>\n<li>Conducci\u00f3n agresiva<\/li>\n<li>Conducir demasiado r\u00e1pido para responder a los peatones de forma segura<\/li>\n<\/ul>\n<p>Su abogado dedicado de accidentes peatonales en Fontana tiene la habilidad legal y el conocimiento para llegar al fondo de c\u00f3mo un automovilista fue negligente en su caso.<\/p>\n<h2>Lesiones t\u00edpicas de accidentes de peatones<\/h2>\n<p>El impacto directo con un veh\u00edculo en accidentes peatonales suele causar lesiones graves y catastr\u00f3ficas. Considere los siguientes ejemplos comunes:<\/p>\n<ul>\n<li>Quemaduras, cortes y laceraciones<\/li>\n<li>Huesos rotos, incluidas fracturas compuestas<\/li>\n<li>Lesiones de la m\u00e9dula espinal, incluida la par\u00e1lisis<\/li>\n<li>P\u00e9rdida de extremidades y lesiones que requieren amputaci\u00f3n<\/li>\n<li>Lesiones cerebrales traum\u00e1ticas que pueden alterar la vida<\/li>\n<li>Lesiones internas, incluidas hemorragias internas<\/li>\n<\/ul>\n<p>Independientemente del tipo de lesiones que haya sufrido, un abogado experimentado en accidentes peatonales de Fontana puede ayudarlo.<\/p>\n<h2>Compensaci\u00f3n disponible para peatones lesionados<\/h2>\n<p>Como peat\u00f3n que ha sufrido lesiones por la negligencia de un automovilista, las p\u00e9rdidas f\u00edsicas, financieras y emocionales que experimenta pueden ser profundas. En su reclamaci\u00f3n por accidente peatonal, puede solicitar una indemnizaci\u00f3n en varias categor\u00edas principales.<\/p>\n<h3>Gastos m\u00e9dicos<\/h3>\n<p>Sus gastos m\u00e9dicos pueden extenderse a lo largo del tiempo y esta categor\u00eda de p\u00e9rdida debe abordar los costos relacionados con lo siguiente:<\/p>\n<ul>\n<li>Tratamiento de emergencia y transporte de emergencia<\/li>\n<li>Cuidados quir\u00fargicos y cuidados posteriores<\/li>\n<li>Hospitalizaciones<\/li>\n<li>Tratamiento y atenci\u00f3n por parte de m\u00e9dicos, especialistas m\u00e9dicos y terapeutas.<\/li>\n<li>Medicamentos recetados<\/li>\n<li>Manejo del dolor<\/li>\n<li>Fisioterapia y terapia ocupacional<\/li>\n<li>Pruebas y procedimientos m\u00e9dicos<\/li>\n<li>Atenci\u00f3n m\u00e9dica domiciliaria<\/li>\n<li>Dispositivos m\u00e9dicos adaptativos y adaptaciones f\u00edsicas al coche y al hogar<\/li>\n<\/ul>\n<h3>P\u00e9rdida de ingresos<\/h3>\n<p>Cuanto m\u00e1s tiempo est\u00e9 sin trabajar, mayor ser\u00e1 la categor\u00eda de p\u00e9rdida que incluye la p\u00e9rdida de ingresos. Si no puede volver a su trabajo, no puede seguir progresando profesionalmente al mismo nivel o no puede trabajar en absoluto, esta categor\u00eda de p\u00e9rdida puede ser significativa.<\/p>\n<h3>Dolor y sufrimiento<\/h3>\n<p>El dolor y el sufrimiento f\u00edsico y emocional que se sufren como resultado de sufrir una lesi\u00f3n en un accidente peatonal son dif\u00edciles de sobreestimar. Este sufrimiento puede ser un obst\u00e1culo que interfiere con otras \u00e1reas de su recuperaci\u00f3n.<\/p>\n<p>Es importante no subestimar la importancia de ninguna categor\u00eda de sus p\u00e9rdidas, y este es un trabajo que es mejor dejar en las capaces manos de su abogado especializado en accidentes peatonales.<\/p>\n<h2>\u00bfC\u00f3mo puede ayudar un abogado especializado en accidentes de peatones?<\/h2>\n<p>Porque recuperarse lo m\u00e1ximo posible es fundamental para su futuro despu\u00e9s de un accidente, tambi\u00e9n lo es contar con un abogado experimentado de su lado.<\/p>\n<p>De hecho, su abogado se ocupar\u00e1 de todas las siguientes preocupaciones principales en su nombre:<\/p>\n<ul>\n<li>Le ayudamos a navegar el proceso de reclamaciones y a tomar las decisiones correctas para usted a lo largo del camino.<\/li>\n<li>Recopilaci\u00f3n de todas las pruebas disponibles, incluidos los testimonios de testigos presenciales, evidencia f\u00edsica en la escena, videos y grabaciones de c\u00e1maras de tablero, el informe policial y m\u00e1s.<\/li>\n<li>Contrataci\u00f3n de testigos con experiencia en temas relacionados con su accidente o lesiones espec\u00edficas<\/li>\n<li>Contrataci\u00f3n de modelos de recreaci\u00f3n de accidentes que ilustren la mec\u00e1nica de su accidente<\/li>\n<li>Manejo de la comunicaci\u00f3n con la compa\u00f1\u00eda de seguros, que est\u00e1 muy interesada en obtener una declaraci\u00f3n suya que pueda manipular para sus propios fines.<\/li>\n<li>Abordar cada categor\u00eda de p\u00e9rdida que experimente en las negociaciones del acuerdo<\/li>\n<li>Prepar\u00e1ndose para presentar una demanda contra la compa\u00f1\u00eda de seguros y litigar el asunto en los tribunales<\/li>\n<\/ul>\n<h2>Proteja sus derechos despu\u00e9s de un accidente peatonal: cont\u00e1ctenos hoy<\/h2>\n<p>En <a href=\"https:\/\/attorneyjeff.com\/es\/about-us\/\">Abogado Jeff Injury Lawyers<\/a> En Fontana, nuestros distinguidos abogados especializados en accidentes peatonales se comprometen a defender sus derechos y la mejor resoluci\u00f3n posible para su reclamo. Queremos ayudarle a allanar el camino hacia su recuperaci\u00f3n completa, y nuestro experimentado equipo legal est\u00e1 bien posicionado para ayudarle a lograrlo. Por favor... <a href=\"https:\/\/attorneyjeff.com\/es\/contact-us\/\">Cont\u00e1ctenos en l\u00ednea<\/a> o ll\u00e1menos hoy al 888-970-5729.<\/p>\n<h2>Preguntas frecuentes sobre casos de accidentes de peatones<\/h2>\n<div class=\"home-accordion\"><\/p>\n<h3>\u00bfRealmente necesito un abogado para presentar una reclamaci\u00f3n?<\/h3><div>\n<p>Para recuperar la compensaci\u00f3n completa por sus p\u00e9rdidas, contar con asesoramiento legal especializado de su lado es el camino m\u00e1s seguro a seguir.<\/p>\n<\/div><h3>\u00bfPuedo pagar un abogado especializado en accidentes de peatones?<\/h3><div>\n<p>El gasto adicional de contratar a un abogado ante todas sus p\u00e9rdidas f\u00edsicas, financieras y emocionales puede parecer abrumador, pero no tiene por qu\u00e9 serlo. La mayor\u00eda de los abogados de accidentes peatonales con buena reputaci\u00f3n cobran honorarios contingentes, lo que significa que su abogado no cobrar\u00e1 a menos que su reclamaci\u00f3n prevalezca con un acuerdo o una indemnizaci\u00f3n judicial.<\/p>\n<\/div><h3>\u00bfCu\u00e1nto tiempo tengo para presentar la solicitud?<\/h3><div>\n<p>El plazo de prescripci\u00f3n para presentar demandas por accidentes peatonales en California se refiere al plazo aplicable. Tiene solo dos a\u00f1os a partir de la fecha del accidente peatonal que le caus\u00f3 lesiones para demandar al conductor responsable.<\/p>\n<p><\/div><\/div><script type=\"application\/ld+json\">{\"@context\": \"https:\/\/schema.org\",\"@type\": \"FAQPage\",\"mainEntity\":[{\"@type\": \"Question\",\"name\": \"\nDo I really need an attorney to file a claim?\",\"acceptedAnswer\": {\"@type\": \"Answer\",\"text\": \"\nTo fully recover compensation for your losses, having skilled legal guidance on your side is the surest path forward.\n\"}},{\"@type\": \"Question\",\"name\": \"Can I afford a pedestrian accident attorney?\",\"acceptedAnswer\": {\"@type\": \"Answer\",\"text\": \"\nThe additional expense of hiring an attorney in the face of your full range of physical, financial, and emotional losses can strike you as overwhelming, but it needn\u2019t. Most reputable pedestrian accident attorneys are paid on contingency, which means your attorney won\u2019t get paid unless your claim prevails with a settlement or court award.\n\"}},{\"@type\": \"Question\",\"name\": \"How long do I have to file?\",\"acceptedAnswer\": {\"@type\": \"Answer\",\"text\": \"\nThe statute of limitations for filing pedestrian accident lawsuits in California refers to the applicable time limit. You have only two years from the date of your injury-causing pedestrian accident to file a lawsuit against the at-fault motorist.\n\"}}]}<\/script>","protected":false},"excerpt":{"rendered":"<p>Getting out on foot is a great way to enjoy Fontana\u2019s weather and natural beauty, but it also leaves you &#8230;<\/p>","protected":false},"author":24,"featured_media":1581,"parent":1403,"menu_order":0,"comment_status":"closed","ping_status":"closed","template":"","meta":{"inline_featured_image":false,"_monsterinsights_skip_tracking":false,"_monsterinsights_sitenote_active":false,"_monsterinsights_sitenote_note":"","_monsterinsights_sitenote_category":0,"footnotes":""},"class_list":["post-1499","page","type-page","status-publish","has-post-thumbnail","hentry"],"acf":[],"yoast_head":"<!-- This site is optimized with the Yoast SEO plugin v27.4 - https:\/\/yoast.com\/product\/yoast-seo-wordpress\/ -->\n<title>Fontana Pedestrian Accident Lawyer | Attorney Jeff Injury Lawyers<\/title>\n<meta name=\"description\" content=\"If you have been involved in a pedestrian accident in Fontana, CA, you need an experienced lawyer who specializes in pedestrian accidents.\" \/>\n<meta name=\"robots\" content=\"index, follow, max-snippet:-1, max-image-preview:large, max-video-preview:-1\" \/>\n<link rel=\"canonical\" href=\"https:\/\/attorneyjeff.com\/es\/fontana-injury\/pedestrian-accident-lawyer\/\" \/>\n<meta property=\"og:locale\" content=\"es_MX\" \/>\n<meta property=\"og:type\" content=\"article\" \/>\n<meta property=\"og:title\" content=\"Fontana Pedestrian Accident Lawyer | Attorney Jeff Injury Lawyers\" \/>\n<meta property=\"og:description\" content=\"If you have been involved in a pedestrian accident in Fontana, CA, you need an experienced lawyer who specializes in pedestrian accidents.\" \/>\n<meta property=\"og:url\" content=\"https:\/\/attorneyjeff.com\/es\/fontana-injury\/pedestrian-accident-lawyer\/\" \/>\n<meta property=\"og:site_name\" content=\"Attorney Jeff\" \/>\n<meta property=\"article:modified_time\" content=\"2023-04-17T13:21:31+00:00\" \/>\n<meta property=\"og:image\" content=\"https:\/\/attorneyjeff.com\/wp-content\/uploads\/2023\/04\/Fontana-Pedestrian-Accident-Lawyer-scaled.webp\" \/>\n\t<meta property=\"og:image:width\" content=\"2560\" \/>\n\t<meta property=\"og:image:height\" content=\"1709\" \/>\n\t<meta property=\"og:image:type\" content=\"image\/webp\" \/>\n<meta name=\"twitter:card\" content=\"summary_large_image\" \/>\n<script type=\"application\/ld+json\" class=\"yoast-schema-graph\">{\"@context\":\"https:\\\/\\\/schema.org\",\"@graph\":[{\"@type\":\"WebPage\",\"@id\":\"https:\\\/\\\/attorneyjeff.com\\\/fontana-injury\\\/pedestrian-accident-lawyer\\\/\",\"url\":\"https:\\\/\\\/attorneyjeff.com\\\/fontana-injury\\\/pedestrian-accident-lawyer\\\/\",\"name\":\"Fontana Pedestrian Accident Lawyer | Attorney Jeff Injury Lawyers\",\"isPartOf\":{\"@id\":\"https:\\\/\\\/attorneyjeff.com\\\/#website\"},\"primaryImageOfPage\":{\"@id\":\"https:\\\/\\\/attorneyjeff.com\\\/fontana-injury\\\/pedestrian-accident-lawyer\\\/#primaryimage\"},\"image\":{\"@id\":\"https:\\\/\\\/attorneyjeff.com\\\/fontana-injury\\\/pedestrian-accident-lawyer\\\/#primaryimage\"},\"thumbnailUrl\":\"https:\\\/\\\/attorneyjeff.com\\\/wp-content\\\/uploads\\\/2023\\\/04\\\/Fontana-Pedestrian-Accident-Lawyer-scaled.webp\",\"datePublished\":\"2023-04-14T15:35:13+00:00\",\"dateModified\":\"2023-04-17T13:21:31+00:00\",\"description\":\"If you have been involved in a pedestrian accident in Fontana, CA, you need an experienced lawyer who specializes in pedestrian accidents.\",\"breadcrumb\":{\"@id\":\"https:\\\/\\\/attorneyjeff.com\\\/fontana-injury\\\/pedestrian-accident-lawyer\\\/#breadcrumb\"},\"inLanguage\":\"es\",\"potentialAction\":[{\"@type\":\"ReadAction\",\"target\":[\"https:\\\/\\\/attorneyjeff.com\\\/fontana-injury\\\/pedestrian-accident-lawyer\\\/\"]}]},{\"@type\":\"ImageObject\",\"inLanguage\":\"es\",\"@id\":\"https:\\\/\\\/attorneyjeff.com\\\/fontana-injury\\\/pedestrian-accident-lawyer\\\/#primaryimage\",\"url\":\"https:\\\/\\\/attorneyjeff.com\\\/wp-content\\\/uploads\\\/2023\\\/04\\\/Fontana-Pedestrian-Accident-Lawyer-scaled.webp\",\"contentUrl\":\"https:\\\/\\\/attorneyjeff.com\\\/wp-content\\\/uploads\\\/2023\\\/04\\\/Fontana-Pedestrian-Accident-Lawyer-scaled.webp\",\"width\":2560,\"height\":1709,\"caption\":\"Fontana Pedestrian Accident Lawyer\"},{\"@type\":\"BreadcrumbList\",\"@id\":\"https:\\\/\\\/attorneyjeff.com\\\/fontana-injury\\\/pedestrian-accident-lawyer\\\/#breadcrumb\",\"itemListElement\":[{\"@type\":\"ListItem\",\"position\":1,\"name\":\"Home\",\"item\":\"https:\\\/\\\/attorneyjeff.com\\\/\"},{\"@type\":\"ListItem\",\"position\":2,\"name\":\"Fontana Personal Injury Lawyer\",\"item\":\"https:\\\/\\\/attorneyjeff.com\\\/fontana-injury\\\/\"},{\"@type\":\"ListItem\",\"position\":3,\"name\":\"Fontana Pedestrian Accident Lawyer\"}]},{\"@type\":\"WebSite\",\"@id\":\"https:\\\/\\\/attorneyjeff.com\\\/#website\",\"url\":\"https:\\\/\\\/attorneyjeff.com\\\/\",\"name\":\"Attorney Jeff\",\"description\":\"Car Accident Lawyer\",\"potentialAction\":[{\"@type\":\"SearchAction\",\"target\":{\"@type\":\"EntryPoint\",\"urlTemplate\":\"https:\\\/\\\/attorneyjeff.com\\\/?s={search_term_string}\"},\"query-input\":{\"@type\":\"PropertyValueSpecification\",\"valueRequired\":true,\"valueName\":\"search_term_string\"}}],\"inLanguage\":\"es\"}]}<\/script>\n<!-- \/ Yoast SEO plugin. -->","yoast_head_json":{"title":"Fontana Pedestrian Accident Lawyer | Attorney Jeff Injury Lawyers","description":"If you have been involved in a pedestrian accident in Fontana, CA, you need an experienced lawyer who specializes in pedestrian accidents.","robots":{"index":"index","follow":"follow","max-snippet":"max-snippet:-1","max-image-preview":"max-image-preview:large","max-video-preview":"max-video-preview:-1"},"canonical":"https:\/\/attorneyjeff.com\/es\/fontana-injury\/pedestrian-accident-lawyer\/","og_locale":"es_MX","og_type":"article","og_title":"Fontana Pedestrian Accident Lawyer | Attorney Jeff Injury Lawyers","og_description":"If you have been involved in a pedestrian accident in Fontana, CA, you need an experienced lawyer who specializes in pedestrian accidents.","og_url":"https:\/\/attorneyjeff.com\/es\/fontana-injury\/pedestrian-accident-lawyer\/","og_site_name":"Attorney Jeff","article_modified_time":"2023-04-17T13:21:31+00:00","og_image":[{"width":2560,"height":1709,"url":"https:\/\/attorneyjeff.com\/wp-content\/uploads\/2023\/04\/Fontana-Pedestrian-Accident-Lawyer-scaled.webp","type":"image\/webp"}],"twitter_card":"summary_large_image","schema":{"@context":"https:\/\/schema.org","@graph":[{"@type":"WebPage","@id":"https:\/\/attorneyjeff.com\/fontana-injury\/pedestrian-accident-lawyer\/","url":"https:\/\/attorneyjeff.com\/fontana-injury\/pedestrian-accident-lawyer\/","name":"Fontana Pedestrian Accident Lawyer | Attorney Jeff Injury Lawyers","isPartOf":{"@id":"https:\/\/attorneyjeff.com\/#website"},"primaryImageOfPage":{"@id":"https:\/\/attorneyjeff.com\/fontana-injury\/pedestrian-accident-lawyer\/#primaryimage"},"image":{"@id":"https:\/\/attorneyjeff.com\/fontana-injury\/pedestrian-accident-lawyer\/#primaryimage"},"thumbnailUrl":"https:\/\/attorneyjeff.com\/wp-content\/uploads\/2023\/04\/Fontana-Pedestrian-Accident-Lawyer-scaled.webp","datePublished":"2023-04-14T15:35:13+00:00","dateModified":"2023-04-17T13:21:31+00:00","description":"If you have been involved in a pedestrian accident in Fontana, CA, you need an experienced lawyer who specializes in pedestrian accidents.","breadcrumb":{"@id":"https:\/\/attorneyjeff.com\/fontana-injury\/pedestrian-accident-lawyer\/#breadcrumb"},"inLanguage":"es","potentialAction":[{"@type":"ReadAction","target":["https:\/\/attorneyjeff.com\/fontana-injury\/pedestrian-accident-lawyer\/"]}]},{"@type":"ImageObject","inLanguage":"es","@id":"https:\/\/attorneyjeff.com\/fontana-injury\/pedestrian-accident-lawyer\/#primaryimage","url":"https:\/\/attorneyjeff.com\/wp-content\/uploads\/2023\/04\/Fontana-Pedestrian-Accident-Lawyer-scaled.webp","contentUrl":"https:\/\/attorneyjeff.com\/wp-content\/uploads\/2023\/04\/Fontana-Pedestrian-Accident-Lawyer-scaled.webp","width":2560,"height":1709,"caption":"Fontana Pedestrian Accident Lawyer"},{"@type":"BreadcrumbList","@id":"https:\/\/attorneyjeff.com\/fontana-injury\/pedestrian-accident-lawyer\/#breadcrumb","itemListElement":[{"@type":"ListItem","position":1,"name":"Home","item":"https:\/\/attorneyjeff.com\/"},{"@type":"ListItem","position":2,"name":"Fontana Personal Injury Lawyer","item":"https:\/\/attorneyjeff.com\/fontana-injury\/"},{"@type":"ListItem","position":3,"name":"Fontana Pedestrian Accident Lawyer"}]},{"@type":"WebSite","@id":"https:\/\/attorneyjeff.com\/#website","url":"https:\/\/attorneyjeff.com\/","name":"El abogado Jeff","description":"Abogado de accidentes de coche","potentialAction":[{"@type":"SearchAction","target":{"@type":"EntryPoint","urlTemplate":"https:\/\/attorneyjeff.com\/?s={search_term_string}"},"query-input":{"@type":"PropertyValueSpecification","valueRequired":true,"valueName":"search_term_string"}}],"inLanguage":"es"}]}},"_links":{"self":[{"href":"https:\/\/attorneyjeff.com\/es\/wp-json\/wp\/v2\/pages\/1499","targetHints":{"allow":["GET"]}}],"collection":[{"href":"https:\/\/attorneyjeff.com\/es\/wp-json\/wp\/v2\/pages"}],"about":[{"href":"https:\/\/attorneyjeff.com\/es\/wp-json\/wp\/v2\/types\/page"}],"author":[{"embeddable":true,"href":"https:\/\/attorneyjeff.com\/es\/wp-json\/wp\/v2\/users\/24"}],"replies":[{"embeddable":true,"href":"https:\/\/attorneyjeff.com\/es\/wp-json\/wp\/v2\/comments?post=1499"}],"version-history":[{"count":0,"href":"https:\/\/attorneyjeff.com\/es\/wp-json\/wp\/v2\/pages\/1499\/revisions"}],"up":[{"embeddable":true,"href":"https:\/\/attorneyjeff.com\/es\/wp-json\/wp\/v2\/pages\/1403"}],"wp:featuredmedia":[{"embeddable":true,"href":"https:\/\/attorneyjeff.com\/es\/wp-json\/wp\/v2\/media\/1581"}],"wp:attachment":[{"href":"https:\/\/attorneyjeff.com\/es\/wp-json\/wp\/v2\/media?parent=1499"}],"curies":[{"name":"wp","href":"https:\/\/api.w.org\/{rel}","templated":true}]}}