{"id":1500,"date":"2023-04-14T11:35:16","date_gmt":"2023-04-14T15:35:16","guid":{"rendered":"https:\/\/attorneyjeff25.wpenginepowered.com\/?page_id=1500"},"modified":"2023-04-17T09:19:14","modified_gmt":"2023-04-17T13:19:14","slug":"slip-and-fall-lawyer","status":"publish","type":"page","link":"https:\/\/attorneyjeff.com\/es\/fontana-injury\/slip-and-fall-lawyer\/","title":{"rendered":"Abogado de resbalones y ca\u00eddas en Fontana"},"content":{"rendered":"<p>Un resbal\u00f3n y ca\u00edda puede convertir un paseo normal por Fontana en una experiencia dolorosa y traum\u00e1tica. Si un resbal\u00f3n y ca\u00edda provoca lesiones graves, podr\u00eda generarle facturas m\u00e9dicas abrumadoras.<\/p>\n<p>Si usted o un ser querido han sufrido lesiones recientemente tras un resbal\u00f3n y ca\u00edda en la propiedad de otra persona, podemos ayudarle. Los abogados especializados en resbalones y accidentes de Fontana de Attorney Jeff Injury Lawyers pueden ayudarle a obtener justicia y obtener una indemnizaci\u00f3n por da\u00f1os y perjuicios.<\/p>\n<p>Programe una consulta gratuita y nuestro <a href=\"https:\/\/attorneyjeff.com\/es\/fontana-injury\/\">Abogados de lesiones en Fontana<\/a> Revisaremos su caso y exploraremos sus opciones legales. Podemos ayudarle a formular un plan para obtener una compensaci\u00f3n por sus lesiones. Solicite una consulta gratuita hoy mismo.<\/p>\n<h2>Causas comunes de accidentes por resbalones y ca\u00eddas<\/h2>\n<p>Las circunstancias que rodean un accidente de resbal\u00f3n y ca\u00edda son vitales para determinar la negligencia y las situaciones peligrosas. Establecer c\u00f3mo ocurri\u00f3 el accidente es fundamental en el proceso legal. Las causas comunes de accidentes de resbal\u00f3n y ca\u00edda en Fontana incluyen:<\/p>\n<ul>\n<li>Pisos mojados y resbaladizos: la suciedad arrastrada, las filtraciones, los derrames y la acumulaci\u00f3n de humedad son las principales causas de los pisos peligrosos.<\/li>\n<li>Pisos desordenados: Los espacios desordenados en oficinas, tiendas y otros negocios plantean serios peligros de tropiezo.<\/li>\n<li>Pisos y escaleras da\u00f1ados: Las tablas de piso sueltas, las alfombras rotas y los pasamanos rotos en propiedades comerciales y residenciales son peligros conocidos.<\/li>\n<li>Mala iluminaci\u00f3n: Las zonas mal iluminadas suelen provocar resbalones y ca\u00eddas. Al pasar de una zona bien iluminada a una oscura, una p\u00e9rdida temporal de la visi\u00f3n puede provocar una ca\u00edda.<\/li>\n<li>Pasarelas y aceras da\u00f1adas: Las pasarelas con grandes baches y aceras agrietadas pueden suponer un desastre para los peatones.<\/li>\n<\/ul>\n<p>Demostrar negligencia durante un accidente de resbal\u00f3n y ca\u00edda puede ayudar a maximizar la indemnizaci\u00f3n. Abogados expertos pueden garantizar que el acusado culpable rinda cuentas por su negligencia.<\/p>\n<h2>Lesiones sufridas por ca\u00eddas<\/h2>\n<p>Los accidentes por resbalones y ca\u00eddas llevan a m\u00e1s de un mill\u00f3n de personas a urgencias cada a\u00f1o. Seg\u00fan los Centros para el Control y la Prevenci\u00f3n de Enfermedades, una de cada cinco ca\u00eddas resulta en lesiones en la cabeza y fracturas.<\/p>\n<p>Las lesiones por resbalones y ca\u00eddas var\u00edan de leves a graves e incluyen:<\/p>\n<ul>\n<li>Lesiones cerebrales traum\u00e1ticas<\/li>\n<li>lesiones de la m\u00e9dula espinal<\/li>\n<li>lesiones faciales<\/li>\n<li>Fracturas de cadera<\/li>\n<li>Lesiones de espalda y cuello<\/li>\n<li>Huesos p\u00e9lvicos rotos<\/li>\n<li>Fracturas de brazos, mu\u00f1ecas y tobillos<\/li>\n<li>Cortes y laceraciones graves<\/li>\n<\/ul>\n<p>Si sufre lesiones personales tras un resbal\u00f3n y ca\u00edda en Fontana, puede solicitar una indemnizaci\u00f3n por sus lesiones. Podr\u00eda obtener una indemnizaci\u00f3n por da\u00f1os a la propiedad, gastos m\u00e9dicos, p\u00e9rdida de ingresos, trauma y dolor y sufrimiento.<\/p>\n<h2>\u00bfQu\u00e9 responsabilidades tiene el propietario de una propiedad en Fontana?<\/h2>\n<p>Seg\u00fan la ley de California, los propietarios de propiedades en Fontana deben cumplir con varias responsabilidades legales y \u00e9ticas, entre ellas:<\/p>\n<ul>\n<li>Proporcionar una propiedad segura y habitable: el propietario de una propiedad debe asegurarse de que su propiedad sea segura y habitable para inquilinos, ocupantes y visitantes.<\/li>\n<li>Cumplimiento de los c\u00f3digos y regulaciones de construcci\u00f3n: deben cumplir con todas las regulaciones de construcci\u00f3n de la ciudad, el condado y el estado.<\/li>\n<li>Divulgaci\u00f3n de defectos de la propiedad: Deben revelar cualquier defecto conocido a los posibles inquilinos o compradores.<\/li>\n<li>Mantenimiento y reparaci\u00f3n de la propiedad: Deben abordar con prontitud cualquier problema de mantenimiento y reparaci\u00f3n planteado por los inquilinos.<\/li>\n<\/ul>\n<p>Los propietarios tienen el deber de cuidar a sus trabajadores, inquilinos y visitantes. Deben mantener sus instalaciones libres de peligros y riesgos que puedan provocar resbalones y ca\u00eddas. Esto incluye garantizar un mantenimiento adecuado y mantener los pisos limpios y ordenados.<\/p>\n<p>Los propietarios pueden ser responsables de ca\u00eddas causadas por la falta de pasamanos, mala iluminaci\u00f3n, cambios bruscos de piso y escombros peligrosos. Tambi\u00e9n son responsables de superficies mojadas o irregulares, peligros ocultos como baches en el suelo y escaleras mec\u00e1nicas o escaleras inseguras.<\/p>\n<h2>Qu\u00e9 hacer si su reclamo por resbal\u00f3n y ca\u00edda fue rechazado<\/h2>\n<p>Si su reclamaci\u00f3n fue denegada inicialmente por falta de pruebas, puede apelar. Los estatutos de California le permiten apelar y proporcionar la documentaci\u00f3n necesaria que demuestre que sus lesiones le dan derecho a una indemnizaci\u00f3n.<\/p>\n<p>Por lo general, los reclamos por accidentes por resbalones y ca\u00eddas se rechazan por tres razones:<\/p>\n<ul>\n<li>Falta de pruebas que demuestren la negligencia de un tercero.<\/li>\n<li>No hay pruebas suficientes que respalden sus lesiones.<\/li>\n<li>Presentar una reclamaci\u00f3n incompleta por lesiones por resbalones y ca\u00eddas.<\/li>\n<\/ul>\n<p>Una vez que establezca las razones que llevaron a la denegaci\u00f3n de la reclamaci\u00f3n, puede comenzar a recopilar pruebas para respaldar su caso. Los sistemas legales se basan en hechos y pruebas; por lo tanto, debe respaldar cada reclamaci\u00f3n con pruebas tangibles. Las facturas m\u00e9dicas, los registros y un diario de accidentes son algunas de las pruebas que puede utilizar para reforzar su reclamaci\u00f3n.<\/p>\n<p>Si su intento de resolver el problema con la compa\u00f1\u00eda de seguros fracasa, puede presentar una reclamaci\u00f3n contra el propietario. Para p\u00e9rdidas inferiores a $10,000, puede presentar una reclamaci\u00f3n ante el tribunal de reclamos menores. Si sufri\u00f3 lesiones graves, probablemente tendr\u00e1 que presentar una demanda ante un tribunal superior.<\/p>\n<p>Si tiene motivos para creer que la compa\u00f1\u00eda de seguros rechaz\u00f3 su reclamaci\u00f3n por resbal\u00f3n y ca\u00edda por mala fe, nuestros abogados especializados en accidentes por resbalones y ca\u00eddas en Fontana pueden ayudarle. Pueden reevaluar su caso y explicarle las opciones legales disponibles.<\/p>\n<h2>\u00bfCu\u00e1l es el plazo de prescripci\u00f3n para un caso de resbal\u00f3n y ca\u00edda en California?<\/h2>\n<p>El plazo de prescripci\u00f3n en California para casos de resbalones y ca\u00eddas suele ser de dos a\u00f1os a partir de la fecha del accidente. En otras palabras, si sufri\u00f3 lesiones en un resbal\u00f3n y ca\u00edda en la propiedad de otra persona, tiene dos a\u00f1os a partir del d\u00eda del accidente para presentar una demanda.<\/p>\n<p>Sin embargo, existen algunas excepciones a esta regla, seg\u00fan las circunstancias del caso. El plazo de prescripci\u00f3n puede ser menor, normalmente de seis meses, para accidentes por resbalones y ca\u00eddas en propiedad p\u00fablica.<\/p>\n<p>El plazo legal podr\u00e1 ampliarse si el accidente afecta a un menor de edad o a una persona con discapacidad mental o incapacitada.<\/p>\n<p>Si no presenta su reclamaci\u00f3n por accidente de resbal\u00f3n y ca\u00edda dentro del plazo legal, podr\u00eda perder el derecho a reclamar una indemnizaci\u00f3n a la parte responsable. El propietario podr\u00eda solicitar al tribunal la desestimaci\u00f3n, y es probable que este desestime el caso por carecer de fundamento jur\u00eddico. Presentar una reclamaci\u00f3n a tiempo es crucial, ya que le brinda mayor margen de maniobra al negociar un acuerdo.<\/p>\n<h2>Consulte con un abogado con experiencia en resbalones y ca\u00eddas en Fontana<\/h2>\n<p>Trabajar con abogados experimentados en accidentes por resbalones y ca\u00eddas puede ayudarle a construir un caso s\u00f3lido.<\/p>\n<p>Los abogados de accidentes por resbalones y ca\u00eddas de Fontana en <a href=\"https:\/\/attorneyjeff.com\/es\/about-us\/\">Abogado Jeff Injury Lawyers<\/a> Puede revisar su caso de forma gratuita y ayudar a recopilar evidencia para responsabilizar al propietario de la propiedad por su negligencia.<\/p>\n<p><a href=\"https:\/\/attorneyjeff.com\/es\/contact-us\/\">Contacto<\/a> Nuestros abogados de resbalones y ca\u00eddas de Fontana para determinar si tiene derecho a una compensaci\u00f3n despu\u00e9s de un accidente de resbal\u00f3n y ca\u00edda.<\/p>\n<h2>Preguntas frecuentes sobre accidentes por resbalones y ca\u00eddas<\/h2>\n<div class=\"home-accordion\"><\/p>\n<h3>\u00bfPuedes demandar a la ciudad si tropiezas con una acera rota?<\/h3><div>\n<p>Usted puede demandar a la ciudad por negligencia y reclamar da\u00f1os y perjuicios, porque el municipio tiene un deber de cuidado con los residentes.<\/p>\n<\/div><h3>\u00bfQu\u00e9 da\u00f1os puedo recuperar de una lesi\u00f3n por resbal\u00f3n y ca\u00edda?<\/h3><div>\n<p>Una demanda por resbal\u00f3n y ca\u00edda puede ayudarlo a recuperar da\u00f1os econ\u00f3micos y no econ\u00f3micos para cubrir sus facturas m\u00e9dicas y cualquier otra p\u00e9rdida debida a sus lesiones.<\/p>\n<p><\/div><\/div><script type=\"application\/ld+json\">{\"@context\": \"https:\/\/schema.org\",\"@type\": \"FAQPage\",\"mainEntity\":[{\"@type\": \"Question\",\"name\": \"\nCan you sue the city if you trip over a broken sidewalk?\",\"acceptedAnswer\": {\"@type\": \"Answer\",\"text\": \"\nYou may sue the city for negligence and pursue damages, because the municipality owes residents a duty of care.\n\"}},{\"@type\": \"Question\",\"name\": \"What damages can I recover from a slip and fall injury?\",\"acceptedAnswer\": {\"@type\": \"Answer\",\"text\": \"\nA slip and fall lawsuit can help you recover economic and non-economic damages to cover your medical bills and any other losses due to your injuries.\n\"}}]}<\/script>","protected":false},"excerpt":{"rendered":"<p>A slip and fall accident can turn an ordinary trip around Fontana into a painful, traumatic experience. If a slip &#8230;<\/p>","protected":false},"author":24,"featured_media":1582,"parent":1403,"menu_order":0,"comment_status":"closed","ping_status":"closed","template":"","meta":{"inline_featured_image":false,"_monsterinsights_skip_tracking":false,"_monsterinsights_sitenote_active":false,"_monsterinsights_sitenote_note":"","_monsterinsights_sitenote_category":0,"footnotes":""},"class_list":["post-1500","page","type-page","status-publish","has-post-thumbnail","hentry"],"acf":[],"yoast_head":"<!-- This site is optimized with the Yoast SEO plugin v27.5 - https:\/\/yoast.com\/product\/yoast-seo-wordpress\/ -->\n<title>Fontana Slip and Fall Lawyer | Attorney Jeff Injury Lawyers<\/title>\n<meta name=\"description\" content=\"If you have suffered an injury in a slip and fall accident in Fontana, you need an experienced slip and fall lawyer to fight for your rights.\" \/>\n<meta name=\"robots\" content=\"index, follow, max-snippet:-1, max-image-preview:large, max-video-preview:-1\" \/>\n<link rel=\"canonical\" href=\"https:\/\/attorneyjeff.com\/es\/fontana-injury\/slip-and-fall-lawyer\/\" \/>\n<meta property=\"og:locale\" content=\"es_MX\" \/>\n<meta property=\"og:type\" content=\"article\" \/>\n<meta property=\"og:title\" content=\"Fontana Slip and Fall Lawyer | Attorney Jeff Injury Lawyers\" \/>\n<meta property=\"og:description\" content=\"If you have suffered an injury in a slip and fall accident in Fontana, you need an experienced slip and fall lawyer to fight for your rights.\" \/>\n<meta property=\"og:url\" content=\"https:\/\/attorneyjeff.com\/es\/fontana-injury\/slip-and-fall-lawyer\/\" \/>\n<meta property=\"og:site_name\" content=\"Attorney Jeff\" \/>\n<meta property=\"article:modified_time\" content=\"2023-04-17T13:19:14+00:00\" \/>\n<meta property=\"og:image\" content=\"https:\/\/attorneyjeff.com\/wp-content\/uploads\/2023\/04\/Fontana-Slip-and-Fall-Lawyer-scaled.webp\" \/>\n\t<meta property=\"og:image:width\" content=\"2560\" \/>\n\t<meta property=\"og:image:height\" content=\"1920\" \/>\n\t<meta property=\"og:image:type\" content=\"image\/webp\" \/>\n<meta name=\"twitter:card\" content=\"summary_large_image\" \/>\n<script type=\"application\/ld+json\" class=\"yoast-schema-graph\">{\"@context\":\"https:\\\/\\\/schema.org\",\"@graph\":[{\"@type\":\"WebPage\",\"@id\":\"https:\\\/\\\/attorneyjeff.com\\\/fontana-injury\\\/slip-and-fall-lawyer\\\/\",\"url\":\"https:\\\/\\\/attorneyjeff.com\\\/fontana-injury\\\/slip-and-fall-lawyer\\\/\",\"name\":\"Fontana Slip and Fall Lawyer | Attorney Jeff Injury Lawyers\",\"isPartOf\":{\"@id\":\"https:\\\/\\\/attorneyjeff.com\\\/#website\"},\"primaryImageOfPage\":{\"@id\":\"https:\\\/\\\/attorneyjeff.com\\\/fontana-injury\\\/slip-and-fall-lawyer\\\/#primaryimage\"},\"image\":{\"@id\":\"https:\\\/\\\/attorneyjeff.com\\\/fontana-injury\\\/slip-and-fall-lawyer\\\/#primaryimage\"},\"thumbnailUrl\":\"https:\\\/\\\/attorneyjeff.com\\\/wp-content\\\/uploads\\\/2023\\\/04\\\/Fontana-Slip-and-Fall-Lawyer-scaled.webp\",\"datePublished\":\"2023-04-14T15:35:16+00:00\",\"dateModified\":\"2023-04-17T13:19:14+00:00\",\"description\":\"If you have suffered an injury in a slip and fall accident in Fontana, you need an experienced slip and fall lawyer to fight for your rights.\",\"breadcrumb\":{\"@id\":\"https:\\\/\\\/attorneyjeff.com\\\/fontana-injury\\\/slip-and-fall-lawyer\\\/#breadcrumb\"},\"inLanguage\":\"es\",\"potentialAction\":[{\"@type\":\"ReadAction\",\"target\":[\"https:\\\/\\\/attorneyjeff.com\\\/fontana-injury\\\/slip-and-fall-lawyer\\\/\"]}]},{\"@type\":\"ImageObject\",\"inLanguage\":\"es\",\"@id\":\"https:\\\/\\\/attorneyjeff.com\\\/fontana-injury\\\/slip-and-fall-lawyer\\\/#primaryimage\",\"url\":\"https:\\\/\\\/attorneyjeff.com\\\/wp-content\\\/uploads\\\/2023\\\/04\\\/Fontana-Slip-and-Fall-Lawyer-scaled.webp\",\"contentUrl\":\"https:\\\/\\\/attorneyjeff.com\\\/wp-content\\\/uploads\\\/2023\\\/04\\\/Fontana-Slip-and-Fall-Lawyer-scaled.webp\",\"width\":2560,\"height\":1920,\"caption\":\"Fontana Slip and Fall Lawyer\"},{\"@type\":\"BreadcrumbList\",\"@id\":\"https:\\\/\\\/attorneyjeff.com\\\/fontana-injury\\\/slip-and-fall-lawyer\\\/#breadcrumb\",\"itemListElement\":[{\"@type\":\"ListItem\",\"position\":1,\"name\":\"Home\",\"item\":\"https:\\\/\\\/attorneyjeff.com\\\/\"},{\"@type\":\"ListItem\",\"position\":2,\"name\":\"Fontana Personal Injury Lawyer\",\"item\":\"https:\\\/\\\/attorneyjeff.com\\\/fontana-injury\\\/\"},{\"@type\":\"ListItem\",\"position\":3,\"name\":\"Fontana Slip and Fall Lawyer\"}]},{\"@type\":\"WebSite\",\"@id\":\"https:\\\/\\\/attorneyjeff.com\\\/#website\",\"url\":\"https:\\\/\\\/attorneyjeff.com\\\/\",\"name\":\"Attorney Jeff\",\"description\":\"Car Accident Lawyer\",\"potentialAction\":[{\"@type\":\"SearchAction\",\"target\":{\"@type\":\"EntryPoint\",\"urlTemplate\":\"https:\\\/\\\/attorneyjeff.com\\\/?s={search_term_string}\"},\"query-input\":{\"@type\":\"PropertyValueSpecification\",\"valueRequired\":true,\"valueName\":\"search_term_string\"}}],\"inLanguage\":\"es\"}]}<\/script>\n<!-- \/ Yoast SEO plugin. -->","yoast_head_json":{"title":"Fontana Slip and Fall Lawyer | Attorney Jeff Injury Lawyers","description":"If you have suffered an injury in a slip and fall accident in Fontana, you need an experienced slip and fall lawyer to fight for your rights.","robots":{"index":"index","follow":"follow","max-snippet":"max-snippet:-1","max-image-preview":"max-image-preview:large","max-video-preview":"max-video-preview:-1"},"canonical":"https:\/\/attorneyjeff.com\/es\/fontana-injury\/slip-and-fall-lawyer\/","og_locale":"es_MX","og_type":"article","og_title":"Fontana Slip and Fall Lawyer | Attorney Jeff Injury Lawyers","og_description":"If you have suffered an injury in a slip and fall accident in Fontana, you need an experienced slip and fall lawyer to fight for your rights.","og_url":"https:\/\/attorneyjeff.com\/es\/fontana-injury\/slip-and-fall-lawyer\/","og_site_name":"Attorney Jeff","article_modified_time":"2023-04-17T13:19:14+00:00","og_image":[{"width":2560,"height":1920,"url":"https:\/\/attorneyjeff.com\/wp-content\/uploads\/2023\/04\/Fontana-Slip-and-Fall-Lawyer-scaled.webp","type":"image\/webp"}],"twitter_card":"summary_large_image","schema":{"@context":"https:\/\/schema.org","@graph":[{"@type":"WebPage","@id":"https:\/\/attorneyjeff.com\/fontana-injury\/slip-and-fall-lawyer\/","url":"https:\/\/attorneyjeff.com\/fontana-injury\/slip-and-fall-lawyer\/","name":"Fontana Slip and Fall Lawyer | Attorney Jeff Injury Lawyers","isPartOf":{"@id":"https:\/\/attorneyjeff.com\/#website"},"primaryImageOfPage":{"@id":"https:\/\/attorneyjeff.com\/fontana-injury\/slip-and-fall-lawyer\/#primaryimage"},"image":{"@id":"https:\/\/attorneyjeff.com\/fontana-injury\/slip-and-fall-lawyer\/#primaryimage"},"thumbnailUrl":"https:\/\/attorneyjeff.com\/wp-content\/uploads\/2023\/04\/Fontana-Slip-and-Fall-Lawyer-scaled.webp","datePublished":"2023-04-14T15:35:16+00:00","dateModified":"2023-04-17T13:19:14+00:00","description":"If you have suffered an injury in a slip and fall accident in Fontana, you need an experienced slip and fall lawyer to fight for your rights.","breadcrumb":{"@id":"https:\/\/attorneyjeff.com\/fontana-injury\/slip-and-fall-lawyer\/#breadcrumb"},"inLanguage":"es","potentialAction":[{"@type":"ReadAction","target":["https:\/\/attorneyjeff.com\/fontana-injury\/slip-and-fall-lawyer\/"]}]},{"@type":"ImageObject","inLanguage":"es","@id":"https:\/\/attorneyjeff.com\/fontana-injury\/slip-and-fall-lawyer\/#primaryimage","url":"https:\/\/attorneyjeff.com\/wp-content\/uploads\/2023\/04\/Fontana-Slip-and-Fall-Lawyer-scaled.webp","contentUrl":"https:\/\/attorneyjeff.com\/wp-content\/uploads\/2023\/04\/Fontana-Slip-and-Fall-Lawyer-scaled.webp","width":2560,"height":1920,"caption":"Fontana Slip and Fall Lawyer"},{"@type":"BreadcrumbList","@id":"https:\/\/attorneyjeff.com\/fontana-injury\/slip-and-fall-lawyer\/#breadcrumb","itemListElement":[{"@type":"ListItem","position":1,"name":"Home","item":"https:\/\/attorneyjeff.com\/"},{"@type":"ListItem","position":2,"name":"Fontana Personal Injury Lawyer","item":"https:\/\/attorneyjeff.com\/fontana-injury\/"},{"@type":"ListItem","position":3,"name":"Fontana Slip and Fall Lawyer"}]},{"@type":"WebSite","@id":"https:\/\/attorneyjeff.com\/#website","url":"https:\/\/attorneyjeff.com\/","name":"El abogado Jeff","description":"Abogado de accidentes de coche","potentialAction":[{"@type":"SearchAction","target":{"@type":"EntryPoint","urlTemplate":"https:\/\/attorneyjeff.com\/?s={search_term_string}"},"query-input":{"@type":"PropertyValueSpecification","valueRequired":true,"valueName":"search_term_string"}}],"inLanguage":"es"}]}},"_links":{"self":[{"href":"https:\/\/attorneyjeff.com\/es\/wp-json\/wp\/v2\/pages\/1500","targetHints":{"allow":["GET"]}}],"collection":[{"href":"https:\/\/attorneyjeff.com\/es\/wp-json\/wp\/v2\/pages"}],"about":[{"href":"https:\/\/attorneyjeff.com\/es\/wp-json\/wp\/v2\/types\/page"}],"author":[{"embeddable":true,"href":"https:\/\/attorneyjeff.com\/es\/wp-json\/wp\/v2\/users\/24"}],"replies":[{"embeddable":true,"href":"https:\/\/attorneyjeff.com\/es\/wp-json\/wp\/v2\/comments?post=1500"}],"version-history":[{"count":0,"href":"https:\/\/attorneyjeff.com\/es\/wp-json\/wp\/v2\/pages\/1500\/revisions"}],"up":[{"embeddable":true,"href":"https:\/\/attorneyjeff.com\/es\/wp-json\/wp\/v2\/pages\/1403"}],"wp:featuredmedia":[{"embeddable":true,"href":"https:\/\/attorneyjeff.com\/es\/wp-json\/wp\/v2\/media\/1582"}],"wp:attachment":[{"href":"https:\/\/attorneyjeff.com\/es\/wp-json\/wp\/v2\/media?parent=1500"}],"curies":[{"name":"wp","href":"https:\/\/api.w.org\/{rel}","templated":true}]}}