{"id":1684,"date":"2023-05-15T16:33:49","date_gmt":"2023-05-15T20:33:49","guid":{"rendered":"https:\/\/attorneyjeff25.wpenginepowered.com\/?page_id=1684"},"modified":"2023-05-16T08:39:09","modified_gmt":"2023-05-16T12:39:09","slug":"hit-and-run","status":"publish","type":"page","link":"https:\/\/attorneyjeff.com\/es\/santa-ana-car-accident-lawyer\/hit-and-run\/","title":{"rendered":"Abogado de accidentes de atropello y fuga en Santa Ana"},"content":{"rendered":"<p>Hallazgos recientes indican la grave situaci\u00f3n de los accidentes de atropellos y fugas en Santa Ana, California. Seg\u00fan la Oficina de Seguridad Vial de California, hubo un aumento en los accidentes de atropellos y fugas en Santa Ana de dos en 2019 a cinco en 2020. El a\u00f1o 2023 ya ha tenido su cuota de... <a href=\"https:\/\/www.ocregister.com\/2023\/02\/22\/hit-and-run-marks-third-pedestrian-fatality-on-1st-street-in-santa-ana-this-year\/\" target=\"_blank\" rel=\"noopener\">Choques y fugas fatales en Santa Ana<\/a> involucrando peatones.<\/p>\n<p>Si usted o un ser querido ha estado involucrado en un accidente de atropello y fuga en Santa Ana, es vital buscar asesoramiento legal de un abogado con experiencia en accidentes de atropello y fuga. <a href=\"https:\/\/attorneyjeff.com\/es\/santa-ana-car-accident-lawyer\/\">abogado de accidentes de coche<\/a> Puede brindarle asesoramiento experto y compasivo, ayud\u00e1ndole a comprender sus derechos y las mejores opciones para buscar justicia y compensaci\u00f3n.<\/p>\n<h2>\u00bfQu\u00e9 se considera un atropello y fuga en California?<\/h2>\n<p>En California, un choque y fuga se define como abandonar la escena sin intercambiar informaci\u00f3n o reportar el incidente a la polic\u00eda despu\u00e9s de estar involucrado en un accidente.<\/p>\n<p>Para que alguien sea condenado por atropello y fuga en California, deben estar presentes tres elementos:<\/p>\n<ul>\n<li>Debe haber habido un acto de negligencia.<\/li>\n<li>El acto negligente debe causar lesiones corporales, muerte o da\u00f1os a la propiedad.<\/li>\n<li>El conductor abandon\u00f3 el lugar a sabiendas sin proporcionar sus datos de contacto y\/o notificar a las autoridades antes de partir.<\/li>\n<\/ul>\n<h2>\u00bfPor qu\u00e9 los conductores huyen del lugar del accidente?<\/h2>\n<p>En esta secci\u00f3n, exploraremos algunas de las razones com\u00fanmente citadas por las cuales los conductores culpables pueden optar por abandonar la escena de un accidente.<\/p>\n<ul>\n<li><strong>Miedo a repercusiones legales:<\/strong> Muchos conductores que se dan a la fuga temen las consecuencias de sus acciones y, como resultado, huyen de la escena en un intento de evitar ser identificados.<\/li>\n<li><strong>Falta de experiencia:<\/strong> Es posible que los conductores inexpertos no est\u00e9n familiarizados con el protocolo para actuar en caso de choque y fuga y entren en p\u00e1nico y huyan del lugar.<\/li>\n<li><strong>Miedo a la humillaci\u00f3n p\u00fablica:<\/strong> Los conductores que se dan a la fuga pueden sentirse avergonzados por sus acciones y temer una humillaci\u00f3n p\u00fablica si permanecen en el lugar del accidente.<\/li>\n<li><strong>Miedo a sanciones econ\u00f3micas<\/strong>Los conductores que se dan a la fuga pueden estar preocupados de que ser\u00e1n responsables de costosas responsabilidades financieras, como los costos de reparaci\u00f3n de da\u00f1os a la propiedad o los gastos m\u00e9dicos de las partes lesionadas.<\/li>\n<li><strong>Miedo al da\u00f1o f\u00edsico:<\/strong> Los conductores que se dan a la fuga pueden estar preocupados de que las v\u00edctimas o los transe\u00fantes los lastimen f\u00edsicamente.<\/li>\n<li><strong>Intoxicaci\u00f3n:<\/strong> La mayor\u00eda de los conductores ebrios no est\u00e1n en condiciones para afrontar las consecuencias de una colisi\u00f3n. A veces, pueden terminar huyendo del lugar para evitar ser acusados de conducir bajo los efectos del alcohol.<\/li>\n<\/ul>\n<h2>\u00bfC\u00f3mo obtener una compensaci\u00f3n como v\u00edctima de un atropello y fuga?<\/h2>\n<p>Si est\u00e1 lidiando con el impacto de un atropello y fuga, a\u00fan puede buscar justicia a trav\u00e9s de un litigio civil con la ayuda de un abogado con experiencia en v\u00edctimas de atropellos y fugas.<\/p>\n<p>Puedes comenzar siguiendo estos pasos.<\/p>\n<h3>Contacte con la polic\u00eda<\/h3>\n<p>Contactar a las fuerzas del orden locales deber\u00eda ser el primer paso. Aseg\u00farese de proporcionar la informaci\u00f3n necesaria, como la descripci\u00f3n del veh\u00edculo y del conductor. Esto permitir\u00e1 a la polic\u00eda investigar el incidente y tomar las medidas pertinentes.<\/p>\n<h3>Busque atenci\u00f3n m\u00e9dica<\/h3>\n<p>Aseg\u00farese de que cualquier lesi\u00f3n sufrida se trate y documente adecuadamente. Esto debe incluir una evaluaci\u00f3n m\u00e9dica exhaustiva para identificar posibles lesiones y brindar la atenci\u00f3n y el tratamiento m\u00e9dicos necesarios.<\/p>\n<h3>Recopilar evidencia<\/h3>\n<p>La etapa de recolecci\u00f3n de pruebas es esencial si planea demandar al conductor culpable. Las pruebas pueden proporcionar informaci\u00f3n valiosa para establecer la identidad del conductor y demostrar, m\u00e1s all\u00e1 de toda duda razonable, su responsabilidad en el incidente.<\/p>\n<h3>Contacte con su compa\u00f1\u00eda de seguros<\/h3>\n<p>Tambi\u00e9n es importante contactar a su compa\u00f1\u00eda de seguros. Incluso si no se identifica al conductor culpable, su aseguradora puede ofrecerle una compensaci\u00f3n por gastos m\u00e9dicos, p\u00e9rdida de ingresos por ausencias laborales y otros da\u00f1os.<\/p>\n<h2>Consulte con un abogado especializado en accidentes de atropello y fuga en Santa Ana<\/h2>\n<p>Con la ayuda de un abogado, podr\u00eda interponer una demanda civil contra el conductor si lo identifican posteriormente. Lo bueno es que los investigadores podr\u00edan rastrearlo utilizando grabaciones de vigilancia de negocios cercanos o informes de un veh\u00edculo da\u00f1ado que coincida con la descripci\u00f3n.<\/p>\n<p>Trabajar con un abogado de accidentes puede aumentar sus posibilidades de obtener una compensaci\u00f3n, ya que el abogado lo ayudar\u00e1 a recopilar la mayor cantidad de evidencia posible sobre el incidente.<\/p>\n<h2>Investigaciones de atropellos y fugas<\/h2>\n<p>Cuando se inicia una investigaci\u00f3n sobre un atropello y fuga:<\/p>\n<ul>\n<li>La polic\u00eda buscar\u00e1 posibles testigos y reunir\u00e1 tanta evidencia como sea posible.<\/li>\n<li>Las autoridades pueden comunicarse con empresas locales o revisar im\u00e1genes de seguridad de tiendas o edificios cercanos.<\/li>\n<li>Su abogado puede ayudarle a realizar un seguimiento con la compa\u00f1\u00eda de seguros, que podr\u00eda reembolsarle los gastos m\u00e9dicos incurridos debido al accidente.<\/li>\n<li>Su abogado tambi\u00e9n puede ayudarle si se presentan demandas civiles contra el conductor, ayud\u00e1ndole a obtener una compensaci\u00f3n por da\u00f1os a la propiedad o lesiones f\u00edsicas sufridas en el incidente.<\/li>\n<li>Un abogado tambi\u00e9n puede supervisar el proceso del caso penal para que usted reciba justicia por lo sucedido.<\/li>\n<\/ul>\n<h2>\u00bfQu\u00e9 compensaci\u00f3n est\u00e1 disponible?<\/h2>\n<p>Los da\u00f1os que puede recibir incluyen el pago de facturas m\u00e9dicas, p\u00e9rdida de ingresos debido a la incapacidad para trabajar, dolor y sufrimiento causados por lesiones f\u00edsicas o angustia mental, da\u00f1os a la propiedad y p\u00e9rdida del consorcio.<\/p>\n<p>En California, se aplica el principio de negligencia comparativa pura, que indica que cada parte involucrada en un accidente es responsable \u00fanicamente de la parte de culpa que contribuy\u00f3. Por lo tanto, en los casos en que ambos conductores comparten cierto grado de responsabilidad, cada uno es responsable de la cantidad espec\u00edfica de da\u00f1os que caus\u00f3.<\/p>\n<h2>Cont\u00e1ctenos en Santa Ana sobre su accidente de atropello y fuga<\/h2>\n<p>Si usted o un ser querido ha sido afectado por un accidente de atropello y fuga en Santa Ana, es esencial contactar a un abogado con experiencia en lesiones personales lo antes posible.<\/p>\n<p>En <a href=\"https:\/\/attorneyjeff.com\/es\/about-us\/\">Abogado Jeff Injury Lawyers<\/a>Ayudamos a las v\u00edctimas de accidentes de atropello y fuga a obtener una indemnizaci\u00f3n por da\u00f1os y perjuicios. Entendemos que las consecuencias de un incidente de este tipo pueden ser abrumadoras, por lo que trabajamos con diligencia para garantizar la protecci\u00f3n de sus derechos legales durante estos momentos dif\u00edciles.<\/p>\n<p><a href=\"https:\/\/attorneyjeff.com\/es\/contact-us\/\">Cont\u00e1ctanos hoy<\/a> para que podamos ayudarle a darle seguimiento a su caso seg\u00fan las leyes de choque y fuga de California.<\/p>\n<h2>Preguntas frecuentes sobre casos de atropello y fuga<\/h2>\n<div class=\"home-accordion\"><\/p>\n<h3>\u00bfC\u00f3mo puedo demostrar que sufr\u00ed lesiones en un accidente de atropello y fuga?<\/h3><div>\n<p>Primero, documente cualquier signo f\u00edsico de lesi\u00f3n tomando fotograf\u00edas, si es posible. Adem\u00e1s, mantenga un registro detallado de todos sus gastos m\u00e9dicos relacionados con el incidente y solicite el testimonio de cualquier testigo que haya presenciado lo sucedido.<\/p>\n<\/div><h3>\u00bfCu\u00e1l es el plazo de prescripci\u00f3n para un reclamo por atropello y fuga?<\/h3><div>\n<p>En California, el plazo de prescripci\u00f3n para presentar un reclamo por lesiones personales como resultado de un choque y fuga es de dos a\u00f1os a partir de la fecha del incidente.<\/p>\n<p><\/div><\/div><script type=\"application\/ld+json\">{\"@context\": \"https:\/\/schema.org\",\"@type\": \"FAQPage\",\"mainEntity\":[{\"@type\": \"Question\",\"name\": \"\nHow can I prove that I was injured in a hit and run accident?\",\"acceptedAnswer\": {\"@type\": \"Answer\",\"text\": \"\nFirst, document any physical signs of injury by taking pictures if possible. Also, keep detailed records of all your medical expenses associated with the incident and seek witness testimony from anyone who saw what happened.\n\"}},{\"@type\": \"Question\",\"name\": \"What is the statute of limitations for a hit and run claim?\",\"acceptedAnswer\": {\"@type\": \"Answer\",\"text\": \"\nIn California, the statute of limitation for filing a personal injury claim resulting from a hit and run is two years from the date of the incident.\n\"}}]}<\/script>","protected":false},"excerpt":{"rendered":"<p>Recent findings indicate the dire state of hit and run numbers in Santa Ana, California. According to the California Office &#8230;<\/p>","protected":false},"author":24,"featured_media":1695,"parent":873,"menu_order":0,"comment_status":"closed","ping_status":"closed","template":"","meta":{"inline_featured_image":false,"_monsterinsights_skip_tracking":false,"_monsterinsights_sitenote_active":false,"_monsterinsights_sitenote_note":"","_monsterinsights_sitenote_category":0,"footnotes":""},"class_list":["post-1684","page","type-page","status-publish","has-post-thumbnail","hentry"],"acf":[],"yoast_head":"<!-- This site is optimized with the Yoast SEO plugin v27.4 - https:\/\/yoast.com\/product\/yoast-seo-wordpress\/ -->\n<title>Santa Ana Hit and Run Accident Attorney | Attorney Jeff<\/title>\n<meta name=\"description\" content=\"If you have been injured in a hit and run accident in Santa Ana, you need an experienced attorney on your side. Learn how we can help you.\" \/>\n<meta name=\"robots\" content=\"index, follow, max-snippet:-1, max-image-preview:large, max-video-preview:-1\" \/>\n<link rel=\"canonical\" href=\"https:\/\/attorneyjeff.com\/es\/santa-ana-car-accident-lawyer\/hit-and-run\/\" \/>\n<meta property=\"og:locale\" content=\"es_MX\" \/>\n<meta property=\"og:type\" content=\"article\" \/>\n<meta property=\"og:title\" content=\"Santa Ana Hit and Run Accident Attorney | Attorney Jeff\" \/>\n<meta property=\"og:description\" content=\"If you have been injured in a hit and run accident in Santa Ana, you need an experienced attorney on your side. Learn how we can help you.\" \/>\n<meta property=\"og:url\" content=\"https:\/\/attorneyjeff.com\/es\/santa-ana-car-accident-lawyer\/hit-and-run\/\" \/>\n<meta property=\"og:site_name\" content=\"Attorney Jeff\" \/>\n<meta property=\"article:modified_time\" content=\"2023-05-16T12:39:09+00:00\" \/>\n<meta property=\"og:image\" content=\"https:\/\/attorneyjeff.com\/wp-content\/uploads\/2023\/05\/Santa-Ana-Hit-and-Run-Accident-Attorney-scaled.webp\" \/>\n\t<meta property=\"og:image:width\" content=\"2560\" \/>\n\t<meta property=\"og:image:height\" content=\"1709\" \/>\n\t<meta property=\"og:image:type\" content=\"image\/webp\" \/>\n<meta name=\"twitter:card\" content=\"summary_large_image\" \/>\n<script type=\"application\/ld+json\" class=\"yoast-schema-graph\">{\"@context\":\"https:\\\/\\\/schema.org\",\"@graph\":[{\"@type\":\"WebPage\",\"@id\":\"https:\\\/\\\/attorneyjeff.com\\\/santa-ana-car-accident-lawyer\\\/hit-and-run\\\/\",\"url\":\"https:\\\/\\\/attorneyjeff.com\\\/santa-ana-car-accident-lawyer\\\/hit-and-run\\\/\",\"name\":\"Santa Ana Hit and Run Accident Attorney | Attorney Jeff\",\"isPartOf\":{\"@id\":\"https:\\\/\\\/attorneyjeff.com\\\/#website\"},\"primaryImageOfPage\":{\"@id\":\"https:\\\/\\\/attorneyjeff.com\\\/santa-ana-car-accident-lawyer\\\/hit-and-run\\\/#primaryimage\"},\"image\":{\"@id\":\"https:\\\/\\\/attorneyjeff.com\\\/santa-ana-car-accident-lawyer\\\/hit-and-run\\\/#primaryimage\"},\"thumbnailUrl\":\"https:\\\/\\\/attorneyjeff.com\\\/wp-content\\\/uploads\\\/2023\\\/05\\\/Santa-Ana-Hit-and-Run-Accident-Attorney-scaled.webp\",\"datePublished\":\"2023-05-15T20:33:49+00:00\",\"dateModified\":\"2023-05-16T12:39:09+00:00\",\"description\":\"If you have been injured in a hit and run accident in Santa Ana, you need an experienced attorney on your side. Learn how we can help you.\",\"breadcrumb\":{\"@id\":\"https:\\\/\\\/attorneyjeff.com\\\/santa-ana-car-accident-lawyer\\\/hit-and-run\\\/#breadcrumb\"},\"inLanguage\":\"es\",\"potentialAction\":[{\"@type\":\"ReadAction\",\"target\":[\"https:\\\/\\\/attorneyjeff.com\\\/santa-ana-car-accident-lawyer\\\/hit-and-run\\\/\"]}]},{\"@type\":\"ImageObject\",\"inLanguage\":\"es\",\"@id\":\"https:\\\/\\\/attorneyjeff.com\\\/santa-ana-car-accident-lawyer\\\/hit-and-run\\\/#primaryimage\",\"url\":\"https:\\\/\\\/attorneyjeff.com\\\/wp-content\\\/uploads\\\/2023\\\/05\\\/Santa-Ana-Hit-and-Run-Accident-Attorney-scaled.webp\",\"contentUrl\":\"https:\\\/\\\/attorneyjeff.com\\\/wp-content\\\/uploads\\\/2023\\\/05\\\/Santa-Ana-Hit-and-Run-Accident-Attorney-scaled.webp\",\"width\":2560,\"height\":1709,\"caption\":\"Santa Ana Hit and Run Accident Attorney\"},{\"@type\":\"BreadcrumbList\",\"@id\":\"https:\\\/\\\/attorneyjeff.com\\\/santa-ana-car-accident-lawyer\\\/hit-and-run\\\/#breadcrumb\",\"itemListElement\":[{\"@type\":\"ListItem\",\"position\":1,\"name\":\"Home\",\"item\":\"https:\\\/\\\/attorneyjeff.com\\\/\"},{\"@type\":\"ListItem\",\"position\":2,\"name\":\"Santa Ana Car Accident Lawyer\",\"item\":\"https:\\\/\\\/attorneyjeff.com\\\/santa-ana-car-accident-lawyer\\\/\"},{\"@type\":\"ListItem\",\"position\":3,\"name\":\"Santa Ana Hit and Run Accident Attorney\"}]},{\"@type\":\"WebSite\",\"@id\":\"https:\\\/\\\/attorneyjeff.com\\\/#website\",\"url\":\"https:\\\/\\\/attorneyjeff.com\\\/\",\"name\":\"Attorney Jeff\",\"description\":\"Car Accident Lawyer\",\"potentialAction\":[{\"@type\":\"SearchAction\",\"target\":{\"@type\":\"EntryPoint\",\"urlTemplate\":\"https:\\\/\\\/attorneyjeff.com\\\/?s={search_term_string}\"},\"query-input\":{\"@type\":\"PropertyValueSpecification\",\"valueRequired\":true,\"valueName\":\"search_term_string\"}}],\"inLanguage\":\"es\"}]}<\/script>\n<!-- \/ Yoast SEO plugin. -->","yoast_head_json":{"title":"Santa Ana Hit and Run Accident Attorney | Attorney Jeff","description":"If you have been injured in a hit and run accident in Santa Ana, you need an experienced attorney on your side. Learn how we can help you.","robots":{"index":"index","follow":"follow","max-snippet":"max-snippet:-1","max-image-preview":"max-image-preview:large","max-video-preview":"max-video-preview:-1"},"canonical":"https:\/\/attorneyjeff.com\/es\/santa-ana-car-accident-lawyer\/hit-and-run\/","og_locale":"es_MX","og_type":"article","og_title":"Santa Ana Hit and Run Accident Attorney | Attorney Jeff","og_description":"If you have been injured in a hit and run accident in Santa Ana, you need an experienced attorney on your side. Learn how we can help you.","og_url":"https:\/\/attorneyjeff.com\/es\/santa-ana-car-accident-lawyer\/hit-and-run\/","og_site_name":"Attorney Jeff","article_modified_time":"2023-05-16T12:39:09+00:00","og_image":[{"width":2560,"height":1709,"url":"https:\/\/attorneyjeff.com\/wp-content\/uploads\/2023\/05\/Santa-Ana-Hit-and-Run-Accident-Attorney-scaled.webp","type":"image\/webp"}],"twitter_card":"summary_large_image","schema":{"@context":"https:\/\/schema.org","@graph":[{"@type":"WebPage","@id":"https:\/\/attorneyjeff.com\/santa-ana-car-accident-lawyer\/hit-and-run\/","url":"https:\/\/attorneyjeff.com\/santa-ana-car-accident-lawyer\/hit-and-run\/","name":"Santa Ana Hit and Run Accident Attorney | Attorney Jeff","isPartOf":{"@id":"https:\/\/attorneyjeff.com\/#website"},"primaryImageOfPage":{"@id":"https:\/\/attorneyjeff.com\/santa-ana-car-accident-lawyer\/hit-and-run\/#primaryimage"},"image":{"@id":"https:\/\/attorneyjeff.com\/santa-ana-car-accident-lawyer\/hit-and-run\/#primaryimage"},"thumbnailUrl":"https:\/\/attorneyjeff.com\/wp-content\/uploads\/2023\/05\/Santa-Ana-Hit-and-Run-Accident-Attorney-scaled.webp","datePublished":"2023-05-15T20:33:49+00:00","dateModified":"2023-05-16T12:39:09+00:00","description":"If you have been injured in a hit and run accident in Santa Ana, you need an experienced attorney on your side. Learn how we can help you.","breadcrumb":{"@id":"https:\/\/attorneyjeff.com\/santa-ana-car-accident-lawyer\/hit-and-run\/#breadcrumb"},"inLanguage":"es","potentialAction":[{"@type":"ReadAction","target":["https:\/\/attorneyjeff.com\/santa-ana-car-accident-lawyer\/hit-and-run\/"]}]},{"@type":"ImageObject","inLanguage":"es","@id":"https:\/\/attorneyjeff.com\/santa-ana-car-accident-lawyer\/hit-and-run\/#primaryimage","url":"https:\/\/attorneyjeff.com\/wp-content\/uploads\/2023\/05\/Santa-Ana-Hit-and-Run-Accident-Attorney-scaled.webp","contentUrl":"https:\/\/attorneyjeff.com\/wp-content\/uploads\/2023\/05\/Santa-Ana-Hit-and-Run-Accident-Attorney-scaled.webp","width":2560,"height":1709,"caption":"Santa Ana Hit and Run Accident Attorney"},{"@type":"BreadcrumbList","@id":"https:\/\/attorneyjeff.com\/santa-ana-car-accident-lawyer\/hit-and-run\/#breadcrumb","itemListElement":[{"@type":"ListItem","position":1,"name":"Home","item":"https:\/\/attorneyjeff.com\/"},{"@type":"ListItem","position":2,"name":"Santa Ana Car Accident Lawyer","item":"https:\/\/attorneyjeff.com\/santa-ana-car-accident-lawyer\/"},{"@type":"ListItem","position":3,"name":"Santa Ana Hit and Run Accident Attorney"}]},{"@type":"WebSite","@id":"https:\/\/attorneyjeff.com\/#website","url":"https:\/\/attorneyjeff.com\/","name":"El abogado Jeff","description":"Abogado de accidentes de coche","potentialAction":[{"@type":"SearchAction","target":{"@type":"EntryPoint","urlTemplate":"https:\/\/attorneyjeff.com\/?s={search_term_string}"},"query-input":{"@type":"PropertyValueSpecification","valueRequired":true,"valueName":"search_term_string"}}],"inLanguage":"es"}]}},"_links":{"self":[{"href":"https:\/\/attorneyjeff.com\/es\/wp-json\/wp\/v2\/pages\/1684","targetHints":{"allow":["GET"]}}],"collection":[{"href":"https:\/\/attorneyjeff.com\/es\/wp-json\/wp\/v2\/pages"}],"about":[{"href":"https:\/\/attorneyjeff.com\/es\/wp-json\/wp\/v2\/types\/page"}],"author":[{"embeddable":true,"href":"https:\/\/attorneyjeff.com\/es\/wp-json\/wp\/v2\/users\/24"}],"replies":[{"embeddable":true,"href":"https:\/\/attorneyjeff.com\/es\/wp-json\/wp\/v2\/comments?post=1684"}],"version-history":[{"count":0,"href":"https:\/\/attorneyjeff.com\/es\/wp-json\/wp\/v2\/pages\/1684\/revisions"}],"up":[{"embeddable":true,"href":"https:\/\/attorneyjeff.com\/es\/wp-json\/wp\/v2\/pages\/873"}],"wp:featuredmedia":[{"embeddable":true,"href":"https:\/\/attorneyjeff.com\/es\/wp-json\/wp\/v2\/media\/1695"}],"wp:attachment":[{"href":"https:\/\/attorneyjeff.com\/es\/wp-json\/wp\/v2\/media?parent=1684"}],"curies":[{"name":"wp","href":"https:\/\/api.w.org\/{rel}","templated":true}]}}