{"id":1686,"date":"2023-05-15T16:46:24","date_gmt":"2023-05-15T20:46:24","guid":{"rendered":"https:\/\/attorneyjeff25.wpenginepowered.com\/?page_id=1686"},"modified":"2023-05-16T09:04:49","modified_gmt":"2023-05-16T13:04:49","slug":"distracted-driving","status":"publish","type":"page","link":"https:\/\/attorneyjeff.com\/es\/santa-ana-car-accident-lawyer\/distracted-driving\/","title":{"rendered":"Abogado de accidentes por conducci\u00f3n distra\u00edda en Santa Ana"},"content":{"rendered":"<p>Cada a\u00f1o, miles de conductores sufren lesiones debido a conductores distra\u00eddos que desv\u00edan su atenci\u00f3n de la carretera durante unos segundos. Conducir distra\u00eddo no solo pone en riesgo a quienes conducen, sino tambi\u00e9n a peatones y otros conductores.<\/p>\n<p>Las consecuencias de este comportamiento peligroso pueden ser devastadoras. Si sufre da\u00f1os econ\u00f3micos, f\u00edsicos o psicol\u00f3gicos en una colisi\u00f3n con un conductor distra\u00eddo, debe contactar a un... <a href=\"https:\/\/attorneyjeff.com\/es\/santa-ana-car-accident-lawyer\/\">abogado de accidentes de coche<\/a> Contacte hoy mismo con un abogado especializado en accidentes por conducci\u00f3n distra\u00edda en Santa Ana de Attorney Jeff Injury Lawyers.<\/p>\n<h2>Distracciones comunes al volante<\/h2>\n<p>Hay varias formas en las que un conductor puede distraerse mientras conduce, incluido, entre otros, el uso de un tel\u00e9fono m\u00f3vil:<\/p>\n<ul>\n<li><strong>Distracciones visuales:<\/strong> Esto puede incluir apartar la mirada de la carretera para revisar las notificaciones del tel\u00e9fono o leer una conversaci\u00f3n, o mirar carteles publicitarios u otras cosas al costado de la carretera.<\/li>\n<li><strong>Distracciones cognitivas:<\/strong> Conversar con otras personas puede resultar una distracci\u00f3n, ya sea por tel\u00e9fono o con otros pasajeros. Si los pensamientos se desv\u00edan hacia el trabajo, la familia o asuntos personales, puede ser peligroso.<\/li>\n<li><strong>Distracciones auditivas:<\/strong> Ruidos fuertes como bocinas, obras, sirenas y otros ruidos de tr\u00e1fico pueden hacer que el conductor se desconcentre de la carretera por un momento.<\/li>\n<li><strong>Distracciones manuales:<\/strong> Ajustar los espejos o modificar la configuraci\u00f3n del veh\u00edculo y del tel\u00e9fono puede hacer que uno se quite las manos del volante, al igual que intentar alcanzar objetos que se han ca\u00eddo al suelo.<\/li>\n<\/ul>\n<h2>Leyes de California sobre conducci\u00f3n distra\u00edda<\/h2>\n<p>Comprender qu\u00e9 constituye una conducci\u00f3n distra\u00edda, as\u00ed como reunir evidencia del comportamiento del otro conductor, es invaluable a la hora de construir un caso.<\/p>\n<p>Seg\u00fan el C\u00f3digo de Veh\u00edculos de California, art\u00edculo 23123.5(a), es ilegal conducir un veh\u00edculo con un tel\u00e9fono m\u00f3vil en la mano. Si bien se entiende que el c\u00f3digo regula el env\u00edo de mensajes de texto o el uso de tel\u00e9fonos m\u00f3viles mientras se conduce, no menciona actividades espec\u00edficas, solo c\u00f3mo se sostiene el dispositivo en la mano.<\/p>\n<p>Se except\u00faa si el tel\u00e9fono est\u00e1 montado en el tablero o la consola central del veh\u00edculo, de modo que el conductor pueda operarlo con un solo toque o deslizamiento del dedo. La primera infracci\u00f3n tendr\u00e1 un costo m\u00ednimo de $162 y aumentar\u00e1 con cada infracci\u00f3n subsiguiente.<\/p>\n<p>Adem\u00e1s, seg\u00fan el art\u00edculo 23124 del C\u00f3digo de Conducta de Veh\u00edculos (CVC), los conductores menores de 18 a\u00f1os tienen expresamente prohibido operar un veh\u00edculo mientras usan un tel\u00e9fono m\u00f3vil, incluso si utilizan la funci\u00f3n de manos libres. La primera infracci\u00f3n tendr\u00e1 una multa m\u00ednima de $20 y aumentar\u00e1 con cada infracci\u00f3n subsiguiente.<\/p>\n<h2>C\u00f3mo demostrar que el otro conductor estaba distra\u00eddo<\/h2>\n<p>Si est\u00e1 involucrado en un accidente, hay varias formas de saber si el otro conductor no estaba concentrado en la carretera.<\/p>\n<h3>Observar sus h\u00e1bitos de conducci\u00f3n<\/h3>\n<p>El otro conductor puede mostrar s\u00edntomas de distracci\u00f3n, como no poder mantener su carril, desviarse bruscamente o no mantener una velocidad constante. Tambi\u00e9n puede frenar repentinamente por reflejo, incluso sin motivo alguno.<\/p>\n<h3>Examinar su postura<\/h3>\n<p>Un conductor que lleva algo en la mano es un claro indicador de que est\u00e1 distra\u00eddo, ya sea un dispositivo electr\u00f3nico, comida o bebida. Tambi\u00e9n podr\u00eda observarse agach\u00e1ndose para alcanzar algo en su veh\u00edculo.<\/p>\n<h3>Vaya a cualquier grabaci\u00f3n de vigilancia disponible<\/h3>\n<p>Las grabaciones de la c\u00e1mara del tablero pueden ser invaluables para determinar si el otro conductor estaba distra\u00eddo, ya que proporcionan un registro indiscutible de sus h\u00e1bitos de conducci\u00f3n. Dependiendo del lugar donde ocurri\u00f3 la colisi\u00f3n, es posible que las grabaciones de vigilancia de una residencia o negocio cercano la hayan registrado y merezca la pena investigarla.<\/p>\n<h3>Consulte el informe policial<\/h3>\n<p>Si se realiz\u00f3 un informe policial, este podr\u00eda indicar que el otro conductor pudo haber tenido la culpa. Es fundamental llamar a la polic\u00eda en el momento del incidente, ya que podr\u00e1n realizar una reconstrucci\u00f3n del accidente y determinar de forma m\u00e1s concluyente lo ocurrido.<\/p>\n<h3>Contactar a los testigos<\/h3>\n<p>Si hubo testigos que pudieron haber visto el accidente, podr\u00edan brindar testimonio sobre c\u00f3mo el otro conductor manejaba su veh\u00edculo.<\/p>\n<h2>Compensaci\u00f3n disponible para v\u00edctimas de accidentes por conducci\u00f3n distra\u00edda<\/h2>\n<p>Si ha estado involucrado en un accidente con un conductor distra\u00eddo, debe buscar una compensaci\u00f3n para cubrir cualquier da\u00f1o, lesi\u00f3n o trauma psicol\u00f3gico que pueda haber resultado.<\/p>\n<p>Esto puede resultar en una compensaci\u00f3n por los salarios perdidos y el tiempo fuera del trabajo, el dolor y el sufrimiento, y la atenci\u00f3n m\u00e9dica o el asesoramiento que recibi\u00f3.<\/p>\n<h2>Contrate a un abogado despu\u00e9s de un accidente por conducci\u00f3n distra\u00edda en Santa Ana<\/h2>\n<p>Si ha estado involucrado en un accidente con un conductor distra\u00eddo, es importante buscar el asesoramiento de un abogado experimentado que pueda ayudarlo a reunir evidencia para respaldar su reclamo y construir un caso.<\/p>\n<p>Un abogado experto puede determinar si existen pruebas suficientes de negligencia por parte del otro conductor y qu\u00e9 tipo de compensaci\u00f3n podr\u00eda corresponder por los da\u00f1os o lesiones resultantes. Un abogado tambi\u00e9n puede brindar una valiosa orientaci\u00f3n durante todo el proceso legal y garantizar que todas las partes involucradas rindan cuentas por sus acciones. En definitiva, buscar asesoramiento legal es clave para obtener justicia y obtener una compensaci\u00f3n monetaria justa por su sufrimiento.<\/p>\n<p><a href=\"https:\/\/attorneyjeff.com\/es\/about-us\/\">Abogado Jeff Injury Lawyers<\/a> en Santa Ana, California est\u00e1 aqu\u00ed para escuchar su historia y garantizar que se respeten sus derechos. <a href=\"https:\/\/attorneyjeff.com\/es\/contact-us\/\">Por favor, p\u00f3ngase en contacto con nosotros hoy mismo.<\/a> para una consulta.<\/p>\n<h2>Preguntas frecuentes sobre casos de accidentes automovil\u00edsticos<\/h2>\n<div class=\"home-accordion\"><\/p>\n<h3>\u00bfQu\u00e9 pasa si siento que no tengo un caso?<\/h3><div>\n<p>Incluso si le faltan pruebas clave, como las grabaciones de la c\u00e1mara del coche, siempre vale la pena consultar con un abogado. Construir un caso es m\u00e1s que la suma de sus partes, y se considerar\u00e1n todos los elementos disponibles.<\/p>\n<\/div><h3>\u00bfLos veh\u00edculos contienen alguna informaci\u00f3n de grabaci\u00f3n?<\/h3><div>\n<p>\u00a1S\u00ed! Algunos modelos m\u00e1s nuevos incorporan grabadoras de datos de eventos que recopilan informaci\u00f3n sobre la velocidad, la aceleraci\u00f3n, la direcci\u00f3n y el frenado. Esta informaci\u00f3n puede demostrar que usted emple\u00f3 todas las t\u00e9cnicas de conducci\u00f3n defensiva adecuadas antes del accidente. Consulte la documentaci\u00f3n de su veh\u00edculo para obtener m\u00e1s informaci\u00f3n.<\/p>\n<p><\/div><\/div><script type=\"application\/ld+json\">{\"@context\": \"https:\/\/schema.org\",\"@type\": \"FAQPage\",\"mainEntity\":[{\"@type\": \"Question\",\"name\": \"\nWhat if I feel I don&#8217;t have a case?\",\"acceptedAnswer\": {\"@type\": \"Answer\",\"text\": \"\nEven if you are missing key evidence like dashcam footage, it&#8217;s always worth a consultation with an attorney. Building a case is more than the sum of its parts, and all available items will be considered.\n\"}},{\"@type\": \"Question\",\"name\": \"Do vehicles contain any recording information?\",\"acceptedAnswer\": {\"@type\": \"Answer\",\"text\": \"\nYes! Some newer models contain event data recorders that collect information about speed, acceleration, steering, and braking. This information can be shown that you employed all due defensive driving techniques prior to a crash. Consult your vehicle documentation for further information.\n\"}}]}<\/script>","protected":false},"excerpt":{"rendered":"<p>Each year, thousands of motorists are injured due to distracted drivers who take their attention away from the road for &#8230;<\/p>","protected":false},"author":24,"featured_media":1697,"parent":873,"menu_order":0,"comment_status":"closed","ping_status":"closed","template":"","meta":{"inline_featured_image":false,"_monsterinsights_skip_tracking":false,"_monsterinsights_sitenote_active":false,"_monsterinsights_sitenote_note":"","_monsterinsights_sitenote_category":0,"footnotes":""},"class_list":["post-1686","page","type-page","status-publish","has-post-thumbnail","hentry"],"acf":[],"yoast_head":"<!-- This site is optimized with the Yoast SEO plugin v27.4 - https:\/\/yoast.com\/product\/yoast-seo-wordpress\/ -->\n<title>Santa Ana Distracted Driving Accident Attorney | Attorney Jeff<\/title>\n<meta name=\"description\" content=\"If you&#039;ve been injured in a distracted driving accident in Santa Ana, a skilled attorney can help you recover the compensation you deserve.\" \/>\n<meta name=\"robots\" content=\"index, follow, max-snippet:-1, max-image-preview:large, max-video-preview:-1\" \/>\n<link rel=\"canonical\" href=\"https:\/\/attorneyjeff.com\/es\/santa-ana-car-accident-lawyer\/distracted-driving\/\" \/>\n<meta property=\"og:locale\" content=\"es_MX\" \/>\n<meta property=\"og:type\" content=\"article\" \/>\n<meta property=\"og:title\" content=\"Santa Ana Distracted Driving Accident Attorney | Attorney Jeff\" \/>\n<meta property=\"og:description\" content=\"If you&#039;ve been injured in a distracted driving accident in Santa Ana, a skilled attorney can help you recover the compensation you deserve.\" \/>\n<meta property=\"og:url\" content=\"https:\/\/attorneyjeff.com\/es\/santa-ana-car-accident-lawyer\/distracted-driving\/\" \/>\n<meta property=\"og:site_name\" content=\"Attorney Jeff\" \/>\n<meta property=\"article:modified_time\" content=\"2023-05-16T13:04:49+00:00\" \/>\n<meta property=\"og:image\" content=\"https:\/\/attorneyjeff.com\/wp-content\/uploads\/2023\/05\/Santa-Ana-Distracted-Driving-Accident-Attorney-scaled.webp\" \/>\n\t<meta property=\"og:image:width\" content=\"2560\" \/>\n\t<meta property=\"og:image:height\" content=\"1708\" \/>\n\t<meta property=\"og:image:type\" content=\"image\/webp\" \/>\n<meta name=\"twitter:card\" content=\"summary_large_image\" \/>\n<script type=\"application\/ld+json\" class=\"yoast-schema-graph\">{\"@context\":\"https:\\\/\\\/schema.org\",\"@graph\":[{\"@type\":\"WebPage\",\"@id\":\"https:\\\/\\\/attorneyjeff.com\\\/santa-ana-car-accident-lawyer\\\/distracted-driving\\\/\",\"url\":\"https:\\\/\\\/attorneyjeff.com\\\/santa-ana-car-accident-lawyer\\\/distracted-driving\\\/\",\"name\":\"Santa Ana Distracted Driving Accident Attorney | Attorney Jeff\",\"isPartOf\":{\"@id\":\"https:\\\/\\\/attorneyjeff.com\\\/#website\"},\"primaryImageOfPage\":{\"@id\":\"https:\\\/\\\/attorneyjeff.com\\\/santa-ana-car-accident-lawyer\\\/distracted-driving\\\/#primaryimage\"},\"image\":{\"@id\":\"https:\\\/\\\/attorneyjeff.com\\\/santa-ana-car-accident-lawyer\\\/distracted-driving\\\/#primaryimage\"},\"thumbnailUrl\":\"https:\\\/\\\/attorneyjeff.com\\\/wp-content\\\/uploads\\\/2023\\\/05\\\/Santa-Ana-Distracted-Driving-Accident-Attorney-scaled.webp\",\"datePublished\":\"2023-05-15T20:46:24+00:00\",\"dateModified\":\"2023-05-16T13:04:49+00:00\",\"description\":\"If you've been injured in a distracted driving accident in Santa Ana, a skilled attorney can help you recover the compensation you deserve.\",\"breadcrumb\":{\"@id\":\"https:\\\/\\\/attorneyjeff.com\\\/santa-ana-car-accident-lawyer\\\/distracted-driving\\\/#breadcrumb\"},\"inLanguage\":\"es\",\"potentialAction\":[{\"@type\":\"ReadAction\",\"target\":[\"https:\\\/\\\/attorneyjeff.com\\\/santa-ana-car-accident-lawyer\\\/distracted-driving\\\/\"]}]},{\"@type\":\"ImageObject\",\"inLanguage\":\"es\",\"@id\":\"https:\\\/\\\/attorneyjeff.com\\\/santa-ana-car-accident-lawyer\\\/distracted-driving\\\/#primaryimage\",\"url\":\"https:\\\/\\\/attorneyjeff.com\\\/wp-content\\\/uploads\\\/2023\\\/05\\\/Santa-Ana-Distracted-Driving-Accident-Attorney-scaled.webp\",\"contentUrl\":\"https:\\\/\\\/attorneyjeff.com\\\/wp-content\\\/uploads\\\/2023\\\/05\\\/Santa-Ana-Distracted-Driving-Accident-Attorney-scaled.webp\",\"width\":2560,\"height\":1708,\"caption\":\"Santa Ana Distracted Driving Accident Attorney\"},{\"@type\":\"BreadcrumbList\",\"@id\":\"https:\\\/\\\/attorneyjeff.com\\\/santa-ana-car-accident-lawyer\\\/distracted-driving\\\/#breadcrumb\",\"itemListElement\":[{\"@type\":\"ListItem\",\"position\":1,\"name\":\"Home\",\"item\":\"https:\\\/\\\/attorneyjeff.com\\\/\"},{\"@type\":\"ListItem\",\"position\":2,\"name\":\"Santa Ana Car Accident Lawyer\",\"item\":\"https:\\\/\\\/attorneyjeff.com\\\/santa-ana-car-accident-lawyer\\\/\"},{\"@type\":\"ListItem\",\"position\":3,\"name\":\"Santa Ana Distracted Driving Accident Attorney\"}]},{\"@type\":\"WebSite\",\"@id\":\"https:\\\/\\\/attorneyjeff.com\\\/#website\",\"url\":\"https:\\\/\\\/attorneyjeff.com\\\/\",\"name\":\"Attorney Jeff\",\"description\":\"Car Accident Lawyer\",\"potentialAction\":[{\"@type\":\"SearchAction\",\"target\":{\"@type\":\"EntryPoint\",\"urlTemplate\":\"https:\\\/\\\/attorneyjeff.com\\\/?s={search_term_string}\"},\"query-input\":{\"@type\":\"PropertyValueSpecification\",\"valueRequired\":true,\"valueName\":\"search_term_string\"}}],\"inLanguage\":\"es\"}]}<\/script>\n<!-- \/ Yoast SEO plugin. -->","yoast_head_json":{"title":"Santa Ana Distracted Driving Accident Attorney | Attorney Jeff","description":"If you've been injured in a distracted driving accident in Santa Ana, a skilled attorney can help you recover the compensation you deserve.","robots":{"index":"index","follow":"follow","max-snippet":"max-snippet:-1","max-image-preview":"max-image-preview:large","max-video-preview":"max-video-preview:-1"},"canonical":"https:\/\/attorneyjeff.com\/es\/santa-ana-car-accident-lawyer\/distracted-driving\/","og_locale":"es_MX","og_type":"article","og_title":"Santa Ana Distracted Driving Accident Attorney | Attorney Jeff","og_description":"If you've been injured in a distracted driving accident in Santa Ana, a skilled attorney can help you recover the compensation you deserve.","og_url":"https:\/\/attorneyjeff.com\/es\/santa-ana-car-accident-lawyer\/distracted-driving\/","og_site_name":"Attorney Jeff","article_modified_time":"2023-05-16T13:04:49+00:00","og_image":[{"width":2560,"height":1708,"url":"https:\/\/attorneyjeff.com\/wp-content\/uploads\/2023\/05\/Santa-Ana-Distracted-Driving-Accident-Attorney-scaled.webp","type":"image\/webp"}],"twitter_card":"summary_large_image","schema":{"@context":"https:\/\/schema.org","@graph":[{"@type":"WebPage","@id":"https:\/\/attorneyjeff.com\/santa-ana-car-accident-lawyer\/distracted-driving\/","url":"https:\/\/attorneyjeff.com\/santa-ana-car-accident-lawyer\/distracted-driving\/","name":"Santa Ana Distracted Driving Accident Attorney | Attorney Jeff","isPartOf":{"@id":"https:\/\/attorneyjeff.com\/#website"},"primaryImageOfPage":{"@id":"https:\/\/attorneyjeff.com\/santa-ana-car-accident-lawyer\/distracted-driving\/#primaryimage"},"image":{"@id":"https:\/\/attorneyjeff.com\/santa-ana-car-accident-lawyer\/distracted-driving\/#primaryimage"},"thumbnailUrl":"https:\/\/attorneyjeff.com\/wp-content\/uploads\/2023\/05\/Santa-Ana-Distracted-Driving-Accident-Attorney-scaled.webp","datePublished":"2023-05-15T20:46:24+00:00","dateModified":"2023-05-16T13:04:49+00:00","description":"If you've been injured in a distracted driving accident in Santa Ana, a skilled attorney can help you recover the compensation you deserve.","breadcrumb":{"@id":"https:\/\/attorneyjeff.com\/santa-ana-car-accident-lawyer\/distracted-driving\/#breadcrumb"},"inLanguage":"es","potentialAction":[{"@type":"ReadAction","target":["https:\/\/attorneyjeff.com\/santa-ana-car-accident-lawyer\/distracted-driving\/"]}]},{"@type":"ImageObject","inLanguage":"es","@id":"https:\/\/attorneyjeff.com\/santa-ana-car-accident-lawyer\/distracted-driving\/#primaryimage","url":"https:\/\/attorneyjeff.com\/wp-content\/uploads\/2023\/05\/Santa-Ana-Distracted-Driving-Accident-Attorney-scaled.webp","contentUrl":"https:\/\/attorneyjeff.com\/wp-content\/uploads\/2023\/05\/Santa-Ana-Distracted-Driving-Accident-Attorney-scaled.webp","width":2560,"height":1708,"caption":"Santa Ana Distracted Driving Accident Attorney"},{"@type":"BreadcrumbList","@id":"https:\/\/attorneyjeff.com\/santa-ana-car-accident-lawyer\/distracted-driving\/#breadcrumb","itemListElement":[{"@type":"ListItem","position":1,"name":"Home","item":"https:\/\/attorneyjeff.com\/"},{"@type":"ListItem","position":2,"name":"Santa Ana Car Accident Lawyer","item":"https:\/\/attorneyjeff.com\/santa-ana-car-accident-lawyer\/"},{"@type":"ListItem","position":3,"name":"Santa Ana Distracted Driving Accident Attorney"}]},{"@type":"WebSite","@id":"https:\/\/attorneyjeff.com\/#website","url":"https:\/\/attorneyjeff.com\/","name":"El abogado Jeff","description":"Abogado de accidentes de coche","potentialAction":[{"@type":"SearchAction","target":{"@type":"EntryPoint","urlTemplate":"https:\/\/attorneyjeff.com\/?s={search_term_string}"},"query-input":{"@type":"PropertyValueSpecification","valueRequired":true,"valueName":"search_term_string"}}],"inLanguage":"es"}]}},"_links":{"self":[{"href":"https:\/\/attorneyjeff.com\/es\/wp-json\/wp\/v2\/pages\/1686","targetHints":{"allow":["GET"]}}],"collection":[{"href":"https:\/\/attorneyjeff.com\/es\/wp-json\/wp\/v2\/pages"}],"about":[{"href":"https:\/\/attorneyjeff.com\/es\/wp-json\/wp\/v2\/types\/page"}],"author":[{"embeddable":true,"href":"https:\/\/attorneyjeff.com\/es\/wp-json\/wp\/v2\/users\/24"}],"replies":[{"embeddable":true,"href":"https:\/\/attorneyjeff.com\/es\/wp-json\/wp\/v2\/comments?post=1686"}],"version-history":[{"count":0,"href":"https:\/\/attorneyjeff.com\/es\/wp-json\/wp\/v2\/pages\/1686\/revisions"}],"up":[{"embeddable":true,"href":"https:\/\/attorneyjeff.com\/es\/wp-json\/wp\/v2\/pages\/873"}],"wp:featuredmedia":[{"embeddable":true,"href":"https:\/\/attorneyjeff.com\/es\/wp-json\/wp\/v2\/media\/1697"}],"wp:attachment":[{"href":"https:\/\/attorneyjeff.com\/es\/wp-json\/wp\/v2\/media?parent=1686"}],"curies":[{"name":"wp","href":"https:\/\/api.w.org\/{rel}","templated":true}]}}