{"id":1688,"date":"2023-05-15T16:51:04","date_gmt":"2023-05-15T20:51:04","guid":{"rendered":"https:\/\/attorneyjeff25.wpenginepowered.com\/?page_id=1688"},"modified":"2023-05-16T09:06:28","modified_gmt":"2023-05-16T13:06:28","slug":"burn-injuries","status":"publish","type":"page","link":"https:\/\/attorneyjeff.com\/es\/santa-ana-catastrophic-injury-lawyer\/burn-injuries\/","title":{"rendered":"Abogado de lesiones por quemaduras en Santa Ana"},"content":{"rendered":"<p>Las quemaduras son de las lesiones m\u00e1s devastadoras que puede sufrir. No solo son dolorosas, sino tambi\u00e9n debilitantes. Las v\u00edctimas pueden perder la capacidad de usar algunos \u00f3rganos, pasar meses en el hospital y, en casos graves, morir. Obtenga m\u00e1s informaci\u00f3n sobre las reclamaciones por quemaduras y c\u00f3mo... <a href=\"https:\/\/attorneyjeff.com\/es\/santa-ana-catastrophic-injury-lawyer\/\">Abogado de lesiones catastr\u00f3ficas en Santa Ana<\/a> En Attorney Jeff Injury Lawyers podemos ayudarle.<\/p>\n<h2>Causas de las quemaduras<\/h2>\n<p>Estas son algunas causas de lesiones por quemaduras:<\/p>\n<ul>\n<li>incendios de coches<\/li>\n<li>Explosiones de gas<\/li>\n<li>incendios dom\u00e9sticos<\/li>\n<li>quemaduras qu\u00edmicas<\/li>\n<li>Electrocuci\u00f3n e incendios el\u00e9ctricos<\/li>\n<li>Quemaduras relacionadas con el trabajo causadas por elementos calefactores<\/li>\n<li>Productos defectuosos que provocan accidentes<\/li>\n<\/ul>\n<h2>Grados de lesiones por quemaduras<\/h2>\n<p>Los m\u00e9dicos clasifican las quemaduras seg\u00fan su gravedad. Esta suele ser el n\u00famero de capas de piel afectadas por la lesi\u00f3n.<\/p>\n<h3>quemaduras de primer grado<\/h3>\n<p>Las quemaduras de primer grado son el tipo de lesi\u00f3n m\u00e1s leve, ya que solo afectan la capa externa de la piel, llamada epidermis. Sin embargo, la v\u00edctima experimentar\u00e1 hinchaz\u00f3n, enrojecimiento y dolor. Estas lesiones no dejan cicatrices ni ampollas. Las quemaduras por agua caliente son causas comunes de quemaduras de primer grado.<\/p>\n<h3>quemaduras de segundo grado<\/h3>\n<p>Las quemaduras de segundo grado penetran una capa m\u00e1s profunda y afectan la capa subyacente, la dermis. Como resultado, las lesiones son m\u00e1s dolorosas. Estas quemaduras causan hinchaz\u00f3n, enrojecimiento y ampollas, y pueden ser sensibles al calor.<\/p>\n<p>La piel tambi\u00e9n puede verse h\u00fameda o mojada. Algunas ampollas pueden romperse y supurar l\u00edquido. Se pueden sufrir quemaduras de segundo grado tras la exposici\u00f3n a llamas, objetos o l\u00edquidos calientes, o quemaduras qu\u00edmicas.<\/p>\n<h3>quemaduras de tercer grado<\/h3>\n<p>Las quemaduras de tercer grado afectan toda la pantalla y el tejido subyacente, lo que las convierte en uno de los tipos m\u00e1s graves de lesiones por quemaduras. Tambi\u00e9n pueden afectar m\u00fasculos, nervios y huesos. Las lesiones son muy dolorosas, pero tambi\u00e9n pueden ser indoloras si se da\u00f1an los nervios.<\/p>\n<p>Por otro lado, la piel puede verse blanca y carbonizada, negra o marr\u00f3n. La zona afectada tambi\u00e9n puede estar entumecida. Se pueden sufrir quemaduras de tercer grado por exposici\u00f3n a llamas directas, productos qu\u00edmicos, contacto prolongado con superficies calientes y electricidad.<\/p>\n<h3>quemaduras de cuarto y quinto grado<\/h3>\n<p>Las quemaduras de cuarto y quinto grado son los tipos m\u00e1s graves de lesiones por quemaduras. Implican da\u00f1os en la piel, los huesos, los tendones y los m\u00fasculos. La piel puede parecer una quemadura de tercer grado, pero el tejido subyacente puede estar completamente da\u00f1ado. En la mayor\u00eda de los casos, la v\u00edctima puede perder la extremidad u \u00f3rgano afectado a causa de la lesi\u00f3n.<\/p>\n<h2>\u00bfC\u00f3mo se tratan las quemaduras?<\/h2>\n<p>El tipo de tratamiento que recibe una v\u00edctima de quemaduras depende de su gravedad. Las quemaduras de primer y segundo grado pueden tratarse con ung\u00fcentos t\u00f3picos y analg\u00e9sicos. El m\u00e9dico tambi\u00e9n puede tratar las heridas resultantes.<\/p>\n<p>Sin embargo, las quemaduras de tercer a quinto grado pueden requerir atenci\u00f3n m\u00e9dica inmediata. La v\u00edctima puede requerir tratamiento especializado, que incluye cirug\u00eda reconstructiva, injertos de piel y rehabilitaci\u00f3n. En algunos casos, se pueden amputar las extremidades. Las v\u00edctimas pueden sufrir complicaciones de por vida, discapacidades f\u00edsicas, desfiguraci\u00f3n y cicatrices.<\/p>\n<p>Adem\u00e1s de las lesiones f\u00edsicas, las v\u00edctimas requieren tratamiento psicol\u00f3gico para ayudarlas a lidiar con el trauma, la depresi\u00f3n, las alucinaciones, los flashbacks y la ansiedad que acompa\u00f1an a la experiencia. Es posible que necesiten apoyo, terapia y visitas regulares al m\u00e9dico.<\/p>\n<h3>Factores que influyen en un acuerdo por lesiones por quemaduras<\/h3>\n<p>Existen varios factores que influyen en la curaci\u00f3n de una quemadura. Estos son los m\u00e1s comunes:<\/p>\n<ul>\n<li><strong>Gravedad de la lesi\u00f3n por quemadura:<\/strong> La gravedad de la lesi\u00f3n determina directamente el valor de la indemnizaci\u00f3n. Las lesiones de tercer grado o superiores pueden tener un valor mayor que el resto.<\/li>\n<li><strong>La ubicaci\u00f3n de la lesi\u00f3n:<\/strong> La ubicaci\u00f3n de la quemadura tambi\u00e9n influye en el asentamiento. Las quemaduras en zonas visibles, como manos, piernas y rostro, tienden a presentar un mayor asentamiento que las que quedan cubiertas por la ropa.<\/li>\n<li><strong>Cicatrices o desfiguraci\u00f3n:<\/strong> Las v\u00edctimas que han sufrido cicatrices o desfiguraciones permanentes reciben un monto de indemnizaci\u00f3n mayor debido al probable impacto que esto tendr\u00e1 en sus vidas.<\/li>\n<li><strong>Responsabilidad:<\/strong> Si el tribunal demuestra que otra persona tuvo la culpa de la lesi\u00f3n por quemadura, es probable que la indemnizaci\u00f3n sea mayor. La lesi\u00f3n debi\u00f3 haber sido causada por negligencia, y la parte responsable ten\u00eda el deber de prevenirla.<\/li>\n<li><strong>Gastos m\u00e9dicos:<\/strong> El costo del tratamiento m\u00e9dico generalmente se incluye en el monto del acuerdo.<\/li>\n<li><strong>P\u00e9rdida de ingresos:<\/strong> Si la quemadura provoc\u00f3 que la v\u00edctima faltara al trabajo, el tribunal incluye el salario o los ingresos perdidos en el acuerdo.<\/li>\n<li><strong>Angustia emocional:<\/strong> El tribunal tiene en cuenta la angustia emocional causada por una quemadura al calcular el monto de la indemnizaci\u00f3n. Esto incluye el dolor y el sufrimiento, la p\u00e9rdida del disfrute de la vida y el trauma psicol\u00f3gico.<\/li>\n<\/ul>\n<h2>Comun\u00edquese con un abogado especializado en lesiones por quemaduras en Santa Ana para obtener ayuda<\/h2>\n<p>Si es v\u00edctima de una quemadura, un abogado especializado en lesiones por quemaduras en Santa Ana puede ayudarle de diversas maneras. Podemos negociar con las compa\u00f1\u00edas de seguros en su nombre para obtener un acuerdo justo y garantizar la protecci\u00f3n de sus derechos.<\/p>\n<p>Presentaremos una demanda contra la parte responsable de la lesi\u00f3n si es necesario. Nos encargamos de todos los aspectos del proceso legal, desde el descubrimiento de pruebas hasta las declaraciones y el juicio. Nuestro equipo investigar\u00e1 la causa de la lesi\u00f3n, recopilar\u00e1 pruebas, entrevistar\u00e1 a testigos y trabajar\u00e1 con expertos para construir un caso s\u00f3lido.<\/p>\n<p><a href=\"https:\/\/attorneyjeff.com\/es\/contact-us\/\">Cont\u00e1ctanos<\/a> Hoy a las <a href=\"https:\/\/attorneyjeff.com\/es\/about-us\/\">Abogado Jeff Injury Lawyers<\/a> para obtener ayuda.<\/p>","protected":false},"excerpt":{"rendered":"<p>Burn injuries are some of the most devastating injuries you can ever have. They are not only painful but also &#8230;<\/p>","protected":false},"author":24,"featured_media":1698,"parent":911,"menu_order":0,"comment_status":"closed","ping_status":"closed","template":"","meta":{"inline_featured_image":false,"_monsterinsights_skip_tracking":false,"_monsterinsights_sitenote_active":false,"_monsterinsights_sitenote_note":"","_monsterinsights_sitenote_category":0,"footnotes":""},"class_list":["post-1688","page","type-page","status-publish","has-post-thumbnail","hentry"],"acf":[],"yoast_head":"<!-- This site is optimized with the Yoast SEO plugin v27.5 - https:\/\/yoast.com\/product\/yoast-seo-wordpress\/ -->\n<title>Santa Ana Burn Injury Attorney | Attorney Jeff<\/title>\n<meta name=\"description\" content=\"If you have suffered burn injuries in Santa Ana, it is vital to secure the services of a qualified burn injury attorney. Call us now!\" \/>\n<meta name=\"robots\" content=\"index, follow, max-snippet:-1, max-image-preview:large, max-video-preview:-1\" \/>\n<link rel=\"canonical\" href=\"https:\/\/attorneyjeff.com\/es\/santa-ana-catastrophic-injury-lawyer\/burn-injuries\/\" \/>\n<meta property=\"og:locale\" content=\"es_MX\" \/>\n<meta property=\"og:type\" content=\"article\" \/>\n<meta property=\"og:title\" content=\"Santa Ana Burn Injury Attorney | Attorney Jeff\" \/>\n<meta property=\"og:description\" content=\"If you have suffered burn injuries in Santa Ana, it is vital to secure the services of a qualified burn injury attorney. Call us now!\" \/>\n<meta property=\"og:url\" content=\"https:\/\/attorneyjeff.com\/es\/santa-ana-catastrophic-injury-lawyer\/burn-injuries\/\" \/>\n<meta property=\"og:site_name\" content=\"Attorney Jeff\" \/>\n<meta property=\"article:modified_time\" content=\"2023-05-16T13:06:28+00:00\" \/>\n<meta property=\"og:image\" content=\"https:\/\/attorneyjeff.com\/wp-content\/uploads\/2023\/05\/Santa-Ana-Burn-Injury-Attorney-scaled.webp\" \/>\n\t<meta property=\"og:image:width\" content=\"2560\" \/>\n\t<meta property=\"og:image:height\" content=\"1709\" \/>\n\t<meta property=\"og:image:type\" content=\"image\/webp\" \/>\n<meta name=\"twitter:card\" content=\"summary_large_image\" \/>\n<script type=\"application\/ld+json\" class=\"yoast-schema-graph\">{\"@context\":\"https:\\\/\\\/schema.org\",\"@graph\":[{\"@type\":\"WebPage\",\"@id\":\"https:\\\/\\\/attorneyjeff.com\\\/santa-ana-catastrophic-injury-lawyer\\\/burn-injuries\\\/\",\"url\":\"https:\\\/\\\/attorneyjeff.com\\\/santa-ana-catastrophic-injury-lawyer\\\/burn-injuries\\\/\",\"name\":\"Santa Ana Burn Injury Attorney | Attorney Jeff\",\"isPartOf\":{\"@id\":\"https:\\\/\\\/attorneyjeff.com\\\/#website\"},\"primaryImageOfPage\":{\"@id\":\"https:\\\/\\\/attorneyjeff.com\\\/santa-ana-catastrophic-injury-lawyer\\\/burn-injuries\\\/#primaryimage\"},\"image\":{\"@id\":\"https:\\\/\\\/attorneyjeff.com\\\/santa-ana-catastrophic-injury-lawyer\\\/burn-injuries\\\/#primaryimage\"},\"thumbnailUrl\":\"https:\\\/\\\/attorneyjeff.com\\\/wp-content\\\/uploads\\\/2023\\\/05\\\/Santa-Ana-Burn-Injury-Attorney-scaled.webp\",\"datePublished\":\"2023-05-15T20:51:04+00:00\",\"dateModified\":\"2023-05-16T13:06:28+00:00\",\"description\":\"If you have suffered burn injuries in Santa Ana, it is vital to secure the services of a qualified burn injury attorney. Call us now!\",\"breadcrumb\":{\"@id\":\"https:\\\/\\\/attorneyjeff.com\\\/santa-ana-catastrophic-injury-lawyer\\\/burn-injuries\\\/#breadcrumb\"},\"inLanguage\":\"es\",\"potentialAction\":[{\"@type\":\"ReadAction\",\"target\":[\"https:\\\/\\\/attorneyjeff.com\\\/santa-ana-catastrophic-injury-lawyer\\\/burn-injuries\\\/\"]}]},{\"@type\":\"ImageObject\",\"inLanguage\":\"es\",\"@id\":\"https:\\\/\\\/attorneyjeff.com\\\/santa-ana-catastrophic-injury-lawyer\\\/burn-injuries\\\/#primaryimage\",\"url\":\"https:\\\/\\\/attorneyjeff.com\\\/wp-content\\\/uploads\\\/2023\\\/05\\\/Santa-Ana-Burn-Injury-Attorney-scaled.webp\",\"contentUrl\":\"https:\\\/\\\/attorneyjeff.com\\\/wp-content\\\/uploads\\\/2023\\\/05\\\/Santa-Ana-Burn-Injury-Attorney-scaled.webp\",\"width\":2560,\"height\":1709,\"caption\":\"Santa Ana Burn Injury Attorney\"},{\"@type\":\"BreadcrumbList\",\"@id\":\"https:\\\/\\\/attorneyjeff.com\\\/santa-ana-catastrophic-injury-lawyer\\\/burn-injuries\\\/#breadcrumb\",\"itemListElement\":[{\"@type\":\"ListItem\",\"position\":1,\"name\":\"Home\",\"item\":\"https:\\\/\\\/attorneyjeff.com\\\/\"},{\"@type\":\"ListItem\",\"position\":2,\"name\":\"Santa Ana Catastrophic Injury Lawyer\",\"item\":\"https:\\\/\\\/attorneyjeff.com\\\/santa-ana-catastrophic-injury-lawyer\\\/\"},{\"@type\":\"ListItem\",\"position\":3,\"name\":\"Santa Ana Burn Injury Attorney\"}]},{\"@type\":\"WebSite\",\"@id\":\"https:\\\/\\\/attorneyjeff.com\\\/#website\",\"url\":\"https:\\\/\\\/attorneyjeff.com\\\/\",\"name\":\"Attorney Jeff\",\"description\":\"Car Accident Lawyer\",\"potentialAction\":[{\"@type\":\"SearchAction\",\"target\":{\"@type\":\"EntryPoint\",\"urlTemplate\":\"https:\\\/\\\/attorneyjeff.com\\\/?s={search_term_string}\"},\"query-input\":{\"@type\":\"PropertyValueSpecification\",\"valueRequired\":true,\"valueName\":\"search_term_string\"}}],\"inLanguage\":\"es\"}]}<\/script>\n<!-- \/ Yoast SEO plugin. -->","yoast_head_json":{"title":"Santa Ana Burn Injury Attorney | Attorney Jeff","description":"If you have suffered burn injuries in Santa Ana, it is vital to secure the services of a qualified burn injury attorney. Call us now!","robots":{"index":"index","follow":"follow","max-snippet":"max-snippet:-1","max-image-preview":"max-image-preview:large","max-video-preview":"max-video-preview:-1"},"canonical":"https:\/\/attorneyjeff.com\/es\/santa-ana-catastrophic-injury-lawyer\/burn-injuries\/","og_locale":"es_MX","og_type":"article","og_title":"Santa Ana Burn Injury Attorney | Attorney Jeff","og_description":"If you have suffered burn injuries in Santa Ana, it is vital to secure the services of a qualified burn injury attorney. Call us now!","og_url":"https:\/\/attorneyjeff.com\/es\/santa-ana-catastrophic-injury-lawyer\/burn-injuries\/","og_site_name":"Attorney Jeff","article_modified_time":"2023-05-16T13:06:28+00:00","og_image":[{"width":2560,"height":1709,"url":"https:\/\/attorneyjeff.com\/wp-content\/uploads\/2023\/05\/Santa-Ana-Burn-Injury-Attorney-scaled.webp","type":"image\/webp"}],"twitter_card":"summary_large_image","schema":{"@context":"https:\/\/schema.org","@graph":[{"@type":"WebPage","@id":"https:\/\/attorneyjeff.com\/santa-ana-catastrophic-injury-lawyer\/burn-injuries\/","url":"https:\/\/attorneyjeff.com\/santa-ana-catastrophic-injury-lawyer\/burn-injuries\/","name":"Santa Ana Burn Injury Attorney | Attorney Jeff","isPartOf":{"@id":"https:\/\/attorneyjeff.com\/#website"},"primaryImageOfPage":{"@id":"https:\/\/attorneyjeff.com\/santa-ana-catastrophic-injury-lawyer\/burn-injuries\/#primaryimage"},"image":{"@id":"https:\/\/attorneyjeff.com\/santa-ana-catastrophic-injury-lawyer\/burn-injuries\/#primaryimage"},"thumbnailUrl":"https:\/\/attorneyjeff.com\/wp-content\/uploads\/2023\/05\/Santa-Ana-Burn-Injury-Attorney-scaled.webp","datePublished":"2023-05-15T20:51:04+00:00","dateModified":"2023-05-16T13:06:28+00:00","description":"If you have suffered burn injuries in Santa Ana, it is vital to secure the services of a qualified burn injury attorney. Call us now!","breadcrumb":{"@id":"https:\/\/attorneyjeff.com\/santa-ana-catastrophic-injury-lawyer\/burn-injuries\/#breadcrumb"},"inLanguage":"es","potentialAction":[{"@type":"ReadAction","target":["https:\/\/attorneyjeff.com\/santa-ana-catastrophic-injury-lawyer\/burn-injuries\/"]}]},{"@type":"ImageObject","inLanguage":"es","@id":"https:\/\/attorneyjeff.com\/santa-ana-catastrophic-injury-lawyer\/burn-injuries\/#primaryimage","url":"https:\/\/attorneyjeff.com\/wp-content\/uploads\/2023\/05\/Santa-Ana-Burn-Injury-Attorney-scaled.webp","contentUrl":"https:\/\/attorneyjeff.com\/wp-content\/uploads\/2023\/05\/Santa-Ana-Burn-Injury-Attorney-scaled.webp","width":2560,"height":1709,"caption":"Santa Ana Burn Injury Attorney"},{"@type":"BreadcrumbList","@id":"https:\/\/attorneyjeff.com\/santa-ana-catastrophic-injury-lawyer\/burn-injuries\/#breadcrumb","itemListElement":[{"@type":"ListItem","position":1,"name":"Home","item":"https:\/\/attorneyjeff.com\/"},{"@type":"ListItem","position":2,"name":"Santa Ana Catastrophic Injury Lawyer","item":"https:\/\/attorneyjeff.com\/santa-ana-catastrophic-injury-lawyer\/"},{"@type":"ListItem","position":3,"name":"Santa Ana Burn Injury Attorney"}]},{"@type":"WebSite","@id":"https:\/\/attorneyjeff.com\/#website","url":"https:\/\/attorneyjeff.com\/","name":"El abogado Jeff","description":"Abogado de accidentes de coche","potentialAction":[{"@type":"SearchAction","target":{"@type":"EntryPoint","urlTemplate":"https:\/\/attorneyjeff.com\/?s={search_term_string}"},"query-input":{"@type":"PropertyValueSpecification","valueRequired":true,"valueName":"search_term_string"}}],"inLanguage":"es"}]}},"_links":{"self":[{"href":"https:\/\/attorneyjeff.com\/es\/wp-json\/wp\/v2\/pages\/1688","targetHints":{"allow":["GET"]}}],"collection":[{"href":"https:\/\/attorneyjeff.com\/es\/wp-json\/wp\/v2\/pages"}],"about":[{"href":"https:\/\/attorneyjeff.com\/es\/wp-json\/wp\/v2\/types\/page"}],"author":[{"embeddable":true,"href":"https:\/\/attorneyjeff.com\/es\/wp-json\/wp\/v2\/users\/24"}],"replies":[{"embeddable":true,"href":"https:\/\/attorneyjeff.com\/es\/wp-json\/wp\/v2\/comments?post=1688"}],"version-history":[{"count":0,"href":"https:\/\/attorneyjeff.com\/es\/wp-json\/wp\/v2\/pages\/1688\/revisions"}],"up":[{"embeddable":true,"href":"https:\/\/attorneyjeff.com\/es\/wp-json\/wp\/v2\/pages\/911"}],"wp:featuredmedia":[{"embeddable":true,"href":"https:\/\/attorneyjeff.com\/es\/wp-json\/wp\/v2\/media\/1698"}],"wp:attachment":[{"href":"https:\/\/attorneyjeff.com\/es\/wp-json\/wp\/v2\/media?parent=1688"}],"curies":[{"name":"wp","href":"https:\/\/api.w.org\/{rel}","templated":true}]}}