{"id":1689,"date":"2023-05-15T16:55:04","date_gmt":"2023-05-15T20:55:04","guid":{"rendered":"https:\/\/attorneyjeff25.wpenginepowered.com\/?page_id=1689"},"modified":"2023-05-16T09:08:58","modified_gmt":"2023-05-16T13:08:58","slug":"rear-end-accidents","status":"publish","type":"page","link":"https:\/\/attorneyjeff.com\/es\/santa-ana-car-accident-lawyer\/rear-end-accidents\/","title":{"rendered":"Abogado de accidentes por alcance en Santa Ana"},"content":{"rendered":"<p>Si se ve involucrado en un accidente por alcance en Santa Ana, es posible que necesite contratar a un abogado que le ayude a navegar el sistema legal, negociar con las compa\u00f1\u00edas de seguros y garantizar que sus intereses est\u00e9n bien representados. En su b\u00fasqueda de justicia, es posible que deba demostrar negligencia, y un abogado con experiencia... <a href=\"https:\/\/attorneyjeff.com\/es\/santa-ana-car-accident-lawyer\/\">Abogado de accidentes automovil\u00edsticos en Santa Ana<\/a> En Attorney Jeff Injury Lawyers podemos ayudarle a construir un caso s\u00f3lido.<\/p>\n<h2>Causas comunes de accidentes por alcance<\/h2>\n<p>Las colisiones traseras son una de las causas m\u00e1s comunes de accidentes automovil\u00edsticos en California, con un 35.1% de lesiones fatales relacionadas con la velocidad como resultado de estos accidentes en 2019. En la mayor\u00eda de los casos, estos accidentes ocurren debido a lo siguiente:<\/p>\n<ol>\n<li><strong>Conducci\u00f3n distra\u00edda:<\/strong> Distracciones como enviar mensajes de texto, comer o ajustar la radio pueden hacer que los conductores desv\u00eden la vista y la atenci\u00f3n de la carretera, lo que puede provocar colisiones por alcance.<\/li>\n<li><strong>Exceso de velocidad:<\/strong> Conducir demasiado r\u00e1pido o exceder el l\u00edmite de velocidad establecido reduce el tiempo que tiene un conductor para reaccionar en caso de cambios repentinos en las condiciones del tr\u00e1fico, como cuando el autom\u00f3vil que va delante se detiene de repente, lo que aumenta la probabilidad de accidentes por alcance.<\/li>\n<li><strong>Seguir de cerca:<\/strong> Seguir demasiado de cerca a otro veh\u00edculo, tambi\u00e9n llamado tailgating, es una causa com\u00fan de colisiones traseras en California.<\/li>\n<li><strong>Conducir bajo los efectos del alcohol:<\/strong> Conducir bajo la influencia de drogas o alcohol perjudica la capacidad del conductor para controlar su veh\u00edculo y reaccionar ante cambios repentinos en el tr\u00e1fico, lo que aumenta el riesgo de colisiones traseras.<\/li>\n<li><strong>Conductores sin experiencia:<\/strong> Los conductores inexpertos, como los conductores novatos o aquellos que conducen en zonas desconocidas, pueden tener m\u00e1s probabilidades de provocar colisiones traseras debido a la falta de experiencia.<\/li>\n<\/ol>\n<h2>C\u00f3mo identificar a la parte culpable en una colisi\u00f3n trasera<\/h2>\n<p>En la mayor\u00eda de los casos, tras una colisi\u00f3n por alcance, se considera culpable al conductor del veh\u00edculo trasero. Seg\u00fan el c\u00f3digo de circulaci\u00f3n, el conductor que va detr\u00e1s tiene la obligaci\u00f3n legal de mantener una distancia de seguridad con el veh\u00edculo que le precede y estar preparado para detenerse si es necesario. Sin embargo, existen algunas excepciones a esta regla.<\/p>\n<p>Por ejemplo, si el conductor del veh\u00edculo delantero frena o da marcha atr\u00e1s repentina e inesperadamente, podr\u00eda ser declarado culpable parcial o totalmente del accidente. Adem\u00e1s, si hay un tercero involucrado, como un peat\u00f3n u otro veh\u00edculo, tambi\u00e9n podr\u00eda ser declarado culpable del accidente.<\/p>\n<p>Un abogado con experiencia en accidentes por alcance le ayudar\u00e1 a reunir pruebas, como declaraciones de testigos, grabaciones de c\u00e1maras de tr\u00e1fico y restos del accidente, para determinar la culpa en una colisi\u00f3n trasera. Tambi\u00e9n considerar\u00e1 factores como la conducci\u00f3n distra\u00edda, el exceso de velocidad y conducir demasiado cerca del otro veh\u00edculo, que pueden contribuir a las colisiones traseras. En algunos casos, usted y el otro conductor pueden ser parcialmente responsables del accidente.<\/p>\n<p>Lo mejor de trabajar con un abogado con experiencia en colisiones traseras es que puede ayudarle a comprender sus derechos y opciones legales. Uno de nuestros abogados puede ayudarle a reunir pruebas, negociar con las compa\u00f1\u00edas de seguros y obtener una indemnizaci\u00f3n por sus lesiones y da\u00f1os.<\/p>\n<h2>Lesiones t\u00edpicas en accidentes por alcance<\/h2>\n<p>En caso de colisi\u00f3n trasera, la gravedad de las lesiones var\u00eda seg\u00fan la velocidad y la fuerza del impacto. Es fundamental buscar atenci\u00f3n m\u00e9dica inmediata para garantizar que las lesiones se diagnostiquen y traten correctamente.<\/p>\n<p>Algunos de los accidentes m\u00e1s comunes que uno puede sufrir en un accidente de este tipo incluyen los siguientes:<\/p>\n<h3>Lesiones por latigazo cervical<\/h3>\n<p>La lesi\u00f3n por latigazo cervical ocurre cuando la cabeza se mueve r\u00e1pidamente hacia adelante y hacia atr\u00e1s, lo que provoca que los m\u00fasculos y ligamentos del cuello se estiren y se desgarren.<\/p>\n<p>Los s\u00edntomas del latigazo cervical despu\u00e9s del accidente pueden incluir dolor de cuello, rigidez, dolores de cabeza, mareos y hormigueo o entumecimiento en los brazos o las manos.<\/p>\n<h3>lesiones de espalda<\/h3>\n<p>Las lesiones de espalda var\u00edan desde distensiones y esguinces leves hasta lesiones m\u00e1s graves, como hernias discales o fracturas por compresi\u00f3n. La zona lumbar es especialmente vulnerable a lesiones en una colisi\u00f3n trasera, ya que la fuerza del impacto puede provocar que la columna se comprima o gire de forma antinatural.<\/p>\n<p>Los s\u00edntomas de las lesiones de espalda pueden incluir dolor, rigidez, entumecimiento, hormigueo y movilidad limitada.<\/p>\n<h3>lesiones en la cabeza<\/h3>\n<p>Las lesiones en la cabeza pueden ocurrir cuando alguien es impactado por detr\u00e1s en un accidente automovil\u00edstico, especialmente si la cabeza impacta contra un objeto dentro del veh\u00edculo o recibe una sacudida violenta. Las lesiones cerebrales traum\u00e1ticas (LCT) son una posible consecuencia de un accidente por alcance y pueden variar desde conmociones cerebrales leves hasta da\u00f1os graves que alteran la vida.<\/p>\n<h3>Huesos rotos y fracturas<\/h3>\n<p>La fuerza del impacto en un choque trasero puede hacer que el cuerpo salga despedido hacia adelante y luego se estire bruscamente hacia atr\u00e1s, lo que puede causar fracturas o fracturas de huesos. Los huesos que se fracturan con mayor frecuencia en una colisi\u00f3n son las costillas, la clav\u00edcula y los brazos.<\/p>\n<h2>Compensaci\u00f3n por un accidente por alcance en Santa Ana<\/h2>\n<p>Adem\u00e1s de las lesiones f\u00edsicas, estas colisiones traseras pueden tener consecuencias financieras, como costosas facturas m\u00e9dicas y p\u00e9rdida de ingresos si no puede trabajar. Si el accidente fue consecuencia de la negligencia de otro conductor, podr\u00eda tener derecho a una indemnizaci\u00f3n por los da\u00f1os sufridos, incluyendo gastos m\u00e9dicos, p\u00e9rdida de salario y dolor y sufrimiento.<\/p>\n<p>Para obtener una indemnizaci\u00f3n, considere contratar a un abogado con experiencia en accidentes de tr\u00e1fico. Es fundamental documentar todas las lesiones y p\u00e9rdidas, incluyendo facturas y gastos m\u00e9dicos, salarios perdidos y cualquier otro da\u00f1o derivado del accidente. Su abogado puede ayudarle a recopilar toda la documentaci\u00f3n necesaria y presentar un caso s\u00f3lido ante la parte responsable y su compa\u00f1\u00eda de seguros.<\/p>\n<h2>C\u00f3mo podemos ayudar<\/h2>\n<p><a href=\"https:\/\/attorneyjeff.com\/es\/about-us\/\">Abogado Jeff Injury Lawyers<\/a> Puede brindarle asesoramiento legal y representaci\u00f3n para proteger sus derechos legales y que usted reciba una compensaci\u00f3n justa por sus lesiones y p\u00e9rdidas.<\/p>\n<p>Nuestro equipo tiene experiencia en el manejo de casos de accidentes traseros y le ayudar\u00e1 a navegar por el sistema legal, negociar con las compa\u00f1\u00edas de seguros y reunir pruebas para respaldar su reclamo. <a href=\"https:\/\/attorneyjeff.com\/es\/contact-us\/\">Cont\u00e1ctenos hoy en Santa Ana para una evaluaci\u00f3n de caso gratuita.<\/a> Si usted o un ser querido ha estado involucrado en una colisi\u00f3n trasera.<\/p>\n<h2>Preguntas frecuentes sobre accidentes por alcance<\/h2>\n<div class=\"home-accordion\"><\/p>\n<h3>\u00bfCu\u00e1nto tiempo se tarda en recuperarse de las lesiones causadas por colisiones traseras?<\/h3><div>\n<p>El tiempo de recuperaci\u00f3n de las lesiones causadas por colisiones traseras puede variar seg\u00fan la gravedad de las lesiones. En algunos casos, las v\u00edctimas pueden empezar a sentirse mejor en pocos d\u00edas, mientras que en otros, las secuelas del accidente pueden durar meses o incluso a\u00f1os.<\/p>\n<\/div><h3>\u00bfQu\u00e9 evidencia se necesita para demostrar culpa en una colisi\u00f3n trasera?<\/h3><div>\n<p>Para demostrar la culpa en una colisi\u00f3n trasera, pueden ser \u00fatiles pruebas como declaraciones de testigos, informes policiales y fotograf\u00edas de la escena del accidente.<\/p>\n<p><\/div><\/div><script type=\"application\/ld+json\">{\"@context\": \"https:\/\/schema.org\",\"@type\": \"FAQPage\",\"mainEntity\":[{\"@type\": \"Question\",\"name\": \"\nHow long does it take to recover from injuries caused by rear-end collisions?\",\"acceptedAnswer\": {\"@type\": \"Answer\",\"text\": \"\nThe recovery time for injuries caused by rear-end collisions can vary depending on the severity of the injuries. In some cases, victims may start to feel better within a few days, while in other cases, the effects of the accident can last for months or even years.\n\"}},{\"@type\": \"Question\",\"name\": \"What evidence is needed to prove fault in a rear-end collision?\",\"acceptedAnswer\": {\"@type\": \"Answer\",\"text\": \"\nTo prove fault in a rear-end collision, evidence such as witness statements, police reports, and photographs of the accident scene can be helpful.\n\"}}]}<\/script>","protected":false},"excerpt":{"rendered":"<p>If involved in a rear-end accident in Santa Ana, you may need to hire a lawyer to help you navigate &#8230;<\/p>","protected":false},"author":24,"featured_media":1699,"parent":873,"menu_order":0,"comment_status":"closed","ping_status":"closed","template":"","meta":{"inline_featured_image":false,"_monsterinsights_skip_tracking":false,"_monsterinsights_sitenote_active":false,"_monsterinsights_sitenote_note":"","_monsterinsights_sitenote_category":0,"footnotes":""},"class_list":["post-1689","page","type-page","status-publish","has-post-thumbnail","hentry"],"acf":[],"yoast_head":"<!-- This site is optimized with the Yoast SEO plugin v27.4 - https:\/\/yoast.com\/product\/yoast-seo-wordpress\/ -->\n<title>Santa Ana Rear-End Accident Attorney | Attorney Jeff<\/title>\n<meta name=\"description\" content=\"If you were involved in a rear-end accident in Santa Ana, you need an experienced attorney who will fight for your rights. Call us!\" \/>\n<meta name=\"robots\" content=\"index, follow, max-snippet:-1, max-image-preview:large, max-video-preview:-1\" \/>\n<link rel=\"canonical\" href=\"https:\/\/attorneyjeff.com\/es\/santa-ana-car-accident-lawyer\/rear-end-accidents\/\" \/>\n<meta property=\"og:locale\" content=\"es_MX\" \/>\n<meta property=\"og:type\" content=\"article\" \/>\n<meta property=\"og:title\" content=\"Santa Ana Rear-End Accident Attorney | Attorney Jeff\" \/>\n<meta property=\"og:description\" content=\"If you were involved in a rear-end accident in Santa Ana, you need an experienced attorney who will fight for your rights. Call us!\" \/>\n<meta property=\"og:url\" content=\"https:\/\/attorneyjeff.com\/es\/santa-ana-car-accident-lawyer\/rear-end-accidents\/\" \/>\n<meta property=\"og:site_name\" content=\"Attorney Jeff\" \/>\n<meta property=\"article:modified_time\" content=\"2023-05-16T13:08:58+00:00\" \/>\n<meta property=\"og:image\" content=\"https:\/\/attorneyjeff.com\/wp-content\/uploads\/2023\/05\/Santa-Ana-Rear-End-Accident-Attorney-scaled.webp\" \/>\n\t<meta property=\"og:image:width\" content=\"2560\" \/>\n\t<meta property=\"og:image:height\" content=\"1707\" \/>\n\t<meta property=\"og:image:type\" content=\"image\/webp\" \/>\n<meta name=\"twitter:card\" content=\"summary_large_image\" \/>\n<script type=\"application\/ld+json\" class=\"yoast-schema-graph\">{\"@context\":\"https:\\\/\\\/schema.org\",\"@graph\":[{\"@type\":\"WebPage\",\"@id\":\"https:\\\/\\\/attorneyjeff.com\\\/santa-ana-car-accident-lawyer\\\/rear-end-accidents\\\/\",\"url\":\"https:\\\/\\\/attorneyjeff.com\\\/santa-ana-car-accident-lawyer\\\/rear-end-accidents\\\/\",\"name\":\"Santa Ana Rear-End Accident Attorney | Attorney Jeff\",\"isPartOf\":{\"@id\":\"https:\\\/\\\/attorneyjeff.com\\\/#website\"},\"primaryImageOfPage\":{\"@id\":\"https:\\\/\\\/attorneyjeff.com\\\/santa-ana-car-accident-lawyer\\\/rear-end-accidents\\\/#primaryimage\"},\"image\":{\"@id\":\"https:\\\/\\\/attorneyjeff.com\\\/santa-ana-car-accident-lawyer\\\/rear-end-accidents\\\/#primaryimage\"},\"thumbnailUrl\":\"https:\\\/\\\/attorneyjeff.com\\\/wp-content\\\/uploads\\\/2023\\\/05\\\/Santa-Ana-Rear-End-Accident-Attorney-scaled.webp\",\"datePublished\":\"2023-05-15T20:55:04+00:00\",\"dateModified\":\"2023-05-16T13:08:58+00:00\",\"description\":\"If you were involved in a rear-end accident in Santa Ana, you need an experienced attorney who will fight for your rights. Call us!\",\"breadcrumb\":{\"@id\":\"https:\\\/\\\/attorneyjeff.com\\\/santa-ana-car-accident-lawyer\\\/rear-end-accidents\\\/#breadcrumb\"},\"inLanguage\":\"es\",\"potentialAction\":[{\"@type\":\"ReadAction\",\"target\":[\"https:\\\/\\\/attorneyjeff.com\\\/santa-ana-car-accident-lawyer\\\/rear-end-accidents\\\/\"]}]},{\"@type\":\"ImageObject\",\"inLanguage\":\"es\",\"@id\":\"https:\\\/\\\/attorneyjeff.com\\\/santa-ana-car-accident-lawyer\\\/rear-end-accidents\\\/#primaryimage\",\"url\":\"https:\\\/\\\/attorneyjeff.com\\\/wp-content\\\/uploads\\\/2023\\\/05\\\/Santa-Ana-Rear-End-Accident-Attorney-scaled.webp\",\"contentUrl\":\"https:\\\/\\\/attorneyjeff.com\\\/wp-content\\\/uploads\\\/2023\\\/05\\\/Santa-Ana-Rear-End-Accident-Attorney-scaled.webp\",\"width\":2560,\"height\":1707,\"caption\":\"car accident involving two motor vehicles caused by negligence and one driver rear-ending another driver\"},{\"@type\":\"BreadcrumbList\",\"@id\":\"https:\\\/\\\/attorneyjeff.com\\\/santa-ana-car-accident-lawyer\\\/rear-end-accidents\\\/#breadcrumb\",\"itemListElement\":[{\"@type\":\"ListItem\",\"position\":1,\"name\":\"Home\",\"item\":\"https:\\\/\\\/attorneyjeff.com\\\/\"},{\"@type\":\"ListItem\",\"position\":2,\"name\":\"Santa Ana Car Accident Lawyer\",\"item\":\"https:\\\/\\\/attorneyjeff.com\\\/santa-ana-car-accident-lawyer\\\/\"},{\"@type\":\"ListItem\",\"position\":3,\"name\":\"Santa Ana Rear-End Accident Attorney\"}]},{\"@type\":\"WebSite\",\"@id\":\"https:\\\/\\\/attorneyjeff.com\\\/#website\",\"url\":\"https:\\\/\\\/attorneyjeff.com\\\/\",\"name\":\"Attorney Jeff\",\"description\":\"Car Accident Lawyer\",\"potentialAction\":[{\"@type\":\"SearchAction\",\"target\":{\"@type\":\"EntryPoint\",\"urlTemplate\":\"https:\\\/\\\/attorneyjeff.com\\\/?s={search_term_string}\"},\"query-input\":{\"@type\":\"PropertyValueSpecification\",\"valueRequired\":true,\"valueName\":\"search_term_string\"}}],\"inLanguage\":\"es\"}]}<\/script>\n<!-- \/ Yoast SEO plugin. -->","yoast_head_json":{"title":"Santa Ana Rear-End Accident Attorney | Attorney Jeff","description":"If you were involved in a rear-end accident in Santa Ana, you need an experienced attorney who will fight for your rights. Call us!","robots":{"index":"index","follow":"follow","max-snippet":"max-snippet:-1","max-image-preview":"max-image-preview:large","max-video-preview":"max-video-preview:-1"},"canonical":"https:\/\/attorneyjeff.com\/es\/santa-ana-car-accident-lawyer\/rear-end-accidents\/","og_locale":"es_MX","og_type":"article","og_title":"Santa Ana Rear-End Accident Attorney | Attorney Jeff","og_description":"If you were involved in a rear-end accident in Santa Ana, you need an experienced attorney who will fight for your rights. Call us!","og_url":"https:\/\/attorneyjeff.com\/es\/santa-ana-car-accident-lawyer\/rear-end-accidents\/","og_site_name":"Attorney Jeff","article_modified_time":"2023-05-16T13:08:58+00:00","og_image":[{"width":2560,"height":1707,"url":"https:\/\/attorneyjeff.com\/wp-content\/uploads\/2023\/05\/Santa-Ana-Rear-End-Accident-Attorney-scaled.webp","type":"image\/webp"}],"twitter_card":"summary_large_image","schema":{"@context":"https:\/\/schema.org","@graph":[{"@type":"WebPage","@id":"https:\/\/attorneyjeff.com\/santa-ana-car-accident-lawyer\/rear-end-accidents\/","url":"https:\/\/attorneyjeff.com\/santa-ana-car-accident-lawyer\/rear-end-accidents\/","name":"Santa Ana Rear-End Accident Attorney | Attorney Jeff","isPartOf":{"@id":"https:\/\/attorneyjeff.com\/#website"},"primaryImageOfPage":{"@id":"https:\/\/attorneyjeff.com\/santa-ana-car-accident-lawyer\/rear-end-accidents\/#primaryimage"},"image":{"@id":"https:\/\/attorneyjeff.com\/santa-ana-car-accident-lawyer\/rear-end-accidents\/#primaryimage"},"thumbnailUrl":"https:\/\/attorneyjeff.com\/wp-content\/uploads\/2023\/05\/Santa-Ana-Rear-End-Accident-Attorney-scaled.webp","datePublished":"2023-05-15T20:55:04+00:00","dateModified":"2023-05-16T13:08:58+00:00","description":"If you were involved in a rear-end accident in Santa Ana, you need an experienced attorney who will fight for your rights. Call us!","breadcrumb":{"@id":"https:\/\/attorneyjeff.com\/santa-ana-car-accident-lawyer\/rear-end-accidents\/#breadcrumb"},"inLanguage":"es","potentialAction":[{"@type":"ReadAction","target":["https:\/\/attorneyjeff.com\/santa-ana-car-accident-lawyer\/rear-end-accidents\/"]}]},{"@type":"ImageObject","inLanguage":"es","@id":"https:\/\/attorneyjeff.com\/santa-ana-car-accident-lawyer\/rear-end-accidents\/#primaryimage","url":"https:\/\/attorneyjeff.com\/wp-content\/uploads\/2023\/05\/Santa-Ana-Rear-End-Accident-Attorney-scaled.webp","contentUrl":"https:\/\/attorneyjeff.com\/wp-content\/uploads\/2023\/05\/Santa-Ana-Rear-End-Accident-Attorney-scaled.webp","width":2560,"height":1707,"caption":"car accident involving two motor vehicles caused by negligence and one driver rear-ending another driver"},{"@type":"BreadcrumbList","@id":"https:\/\/attorneyjeff.com\/santa-ana-car-accident-lawyer\/rear-end-accidents\/#breadcrumb","itemListElement":[{"@type":"ListItem","position":1,"name":"Home","item":"https:\/\/attorneyjeff.com\/"},{"@type":"ListItem","position":2,"name":"Santa Ana Car Accident Lawyer","item":"https:\/\/attorneyjeff.com\/santa-ana-car-accident-lawyer\/"},{"@type":"ListItem","position":3,"name":"Santa Ana Rear-End Accident Attorney"}]},{"@type":"WebSite","@id":"https:\/\/attorneyjeff.com\/#website","url":"https:\/\/attorneyjeff.com\/","name":"El abogado Jeff","description":"Abogado de accidentes de coche","potentialAction":[{"@type":"SearchAction","target":{"@type":"EntryPoint","urlTemplate":"https:\/\/attorneyjeff.com\/?s={search_term_string}"},"query-input":{"@type":"PropertyValueSpecification","valueRequired":true,"valueName":"search_term_string"}}],"inLanguage":"es"}]}},"_links":{"self":[{"href":"https:\/\/attorneyjeff.com\/es\/wp-json\/wp\/v2\/pages\/1689","targetHints":{"allow":["GET"]}}],"collection":[{"href":"https:\/\/attorneyjeff.com\/es\/wp-json\/wp\/v2\/pages"}],"about":[{"href":"https:\/\/attorneyjeff.com\/es\/wp-json\/wp\/v2\/types\/page"}],"author":[{"embeddable":true,"href":"https:\/\/attorneyjeff.com\/es\/wp-json\/wp\/v2\/users\/24"}],"replies":[{"embeddable":true,"href":"https:\/\/attorneyjeff.com\/es\/wp-json\/wp\/v2\/comments?post=1689"}],"version-history":[{"count":0,"href":"https:\/\/attorneyjeff.com\/es\/wp-json\/wp\/v2\/pages\/1689\/revisions"}],"up":[{"embeddable":true,"href":"https:\/\/attorneyjeff.com\/es\/wp-json\/wp\/v2\/pages\/873"}],"wp:featuredmedia":[{"embeddable":true,"href":"https:\/\/attorneyjeff.com\/es\/wp-json\/wp\/v2\/media\/1699"}],"wp:attachment":[{"href":"https:\/\/attorneyjeff.com\/es\/wp-json\/wp\/v2\/media?parent=1689"}],"curies":[{"name":"wp","href":"https:\/\/api.w.org\/{rel}","templated":true}]}}