{"id":1725,"date":"2023-06-21T11:17:08","date_gmt":"2023-06-21T15:17:08","guid":{"rendered":"https:\/\/attorneyjeff25.wpenginepowered.com\/?page_id=1725"},"modified":"2023-06-27T13:18:41","modified_gmt":"2023-06-27T17:18:41","slug":"santa-ana-bus-accident-lawyer","status":"publish","type":"page","link":"https:\/\/attorneyjeff.com\/es\/santa-ana-bus-accident-lawyer\/","title":{"rendered":"Abogado de accidentes de autob\u00fas en Santa Ana"},"content":{"rendered":"<p>La necesidad de opciones de transporte p\u00fablico en las \u00e1reas metropolitanas ha generado una gran cantidad de servicios de autob\u00fas, y Santa Ana no es la excepci\u00f3n. Las colisiones de autob\u00fas pueden ser particularmente peligrosas, y para quienes resulten heridos, es importante colaborar con un abogado especializado en accidentes de autob\u00fas que pueda ayudarles.<\/p>\n<p>El abogado Jeff Fayngor y el resto del equipo legal de Attorney Jeff Injury Lawyers conocen a fondo estos incidentes y saben c\u00f3mo obtener justicia para las personas afectadas. Cont\u00e1ctenos sobre su lesi\u00f3n por accidente de autob\u00fas y perm\u00edtanos tomar las medidas necesarias para obtener una indemnizaci\u00f3n.<\/p>\n<h2>Causas frecuentes de accidentes de autob\u00fas<\/h2>\n<p>California ha registrado una de las cifras m\u00e1s altas de accidentes de autob\u00fas en las \u00faltimas dos d\u00e9cadas. Estas son algunas de las causas m\u00e1s comunes de estas colisiones.<\/p>\n<h3>Negligencia del conductor de autob\u00fas<\/h3>\n<p>Lamentablemente, la negligencia de los conductores de autob\u00fas es una causa com\u00fan de estas colisiones. La negligencia se presenta de diversas maneras en estas situaciones, y en el caso de los conductores de autob\u00fas puede incluir cualquiera de las siguientes:<\/p>\n<ul>\n<li>Enviar mensajes de texto mientras se conduce<\/li>\n<li>Mantener conversaciones que distraigan a los pasajeros<\/li>\n<li>Conducir bajo los efectos del alcohol o las drogas<\/li>\n<li>Conducir con fatiga severa<\/li>\n<li>Participar en travesuras de furia al volante<\/li>\n<li>De lo contrario, descuidan su deber de cuidado.<\/li>\n<\/ul>\n<p>La negligencia tambi\u00e9n es el factor principal para determinar la culpa en los accidentes de autob\u00fas, y un abogado especializado en accidentes de autob\u00fas puede ayudarlo a establecer la negligencia por parte del conductor del autob\u00fas u otra parte involucrada.<\/p>\n<h3>Malas condiciones de la carretera<\/h3>\n<p>Las malas condiciones de la carretera tambi\u00e9n pueden contribuir a los accidentes de autob\u00fas. Las carreteras resbaladizas pueden causar problemas de tracci\u00f3n, lo que provoca derrapes o dificultades inesperadas al girar. Si hay escombros u otros objetos grandes en la carretera, puede ser especialmente dif\u00edcil para los autobuses sortear los obst\u00e1culos.<\/p>\n<h3>Problemas mec\u00e1nicos<\/h3>\n<p>Finalmente, los problemas mec\u00e1nicos tambi\u00e9n contribuyen a los accidentes de autob\u00fas. Los reventones de neum\u00e1ticos pueden provocar que los autobuses se salgan de la carretera o se incorporen al tr\u00e1fico en sentido contrario, y los problemas de transmisi\u00f3n tambi\u00e9n pueden causar estragos cuando un autob\u00fas est\u00e1 en la carretera. Otros problemas mec\u00e1nicos que pueden provocar accidentes de autob\u00fas incluyen:<\/p>\n<ul>\n<li>Espejos rotos<\/li>\n<li>Baja presi\u00f3n de los neum\u00e1ticos<\/li>\n<li>Aver\u00edas del motor<\/li>\n<li>Fallo de freno<\/li>\n<\/ul>\n<p>Si alguno de estos problemas ocurre demostrablemente como resultado de negligencia por parte de un conductor de autob\u00fas o su empleador, puede ser parte del establecimiento de negligencia y culpa.<\/p>\n<h2>Responsabilidad en accidentes de autob\u00fas<\/h2>\n<p>Al igual que en otras colisiones de veh\u00edculos, la responsabilidad en un accidente de autob\u00fas se determina principalmente mediante la prueba de negligencia. Si se determina que un conductor de autob\u00fas (o la empresa que lo emplea) fue negligente, podr\u00eda ser responsable de los da\u00f1os personales y materiales causados por el accidente.<\/p>\n<p>La ley de transporte p\u00fablico en California establece que los transportistas (en este caso, los conductores de autob\u00fas) deben operar con seguridad, especialmente por el bien de sus pasajeros. Esto incluye proporcionar lo necesario para la seguridad, ser lo m\u00e1s previsores posible y conducir con diligencia, ya que incluso una negligencia aparentemente m\u00ednima por parte de un transportista puede generar responsabilidad.<\/p>\n<p>Tambi\u00e9n es posible que otro conductor en la carretera sea responsable. Si otro conductor se salta un sem\u00e1foro en rojo frente a un autob\u00fas que viene en direcci\u00f3n contraria, por ejemplo, podr\u00eda ser acusado de negligencia y, por lo tanto, declarado culpable. En cualquier caso, un abogado especializado en accidentes de autob\u00fas puede ayudarle a analizar la situaci\u00f3n y las pruebas para determinar la mejor manera de proceder.<\/p>\n<h2>Qu\u00e9 hacer despu\u00e9s de un accidente de autob\u00fas en Santa Ana<\/h2>\n<p>Si ha sufrido un accidente de autob\u00fas, lo primero que debe hacer es verificar su salud y seguridad (y la de sus familiares o pasajeros). Si se encuentra en estado cr\u00edtico, llame al 911 o busque la ayuda que necesita para recibir atenci\u00f3n m\u00e9dica lo antes posible.<\/p>\n<p>Si puede, el siguiente paso es documentar todo lo posible del lugar del accidente. Tome fotograf\u00edas y notas, y obtenga la informaci\u00f3n de contacto del conductor del autob\u00fas y de cualquier otra parte involucrada.<\/p>\n<p>Por \u00faltimo, contacte con un abogado especializado en accidentes de autob\u00fas como uno de nuestro equipo en <a href=\"https:\/\/attorneyjeff.com\/es\/about-us\/\">Abogado Jeff Injury Lawyers<\/a>Un abogado con experiencia puede ayudarle a presentar sus reclamaciones de seguro, iniciar cualquier acci\u00f3n legal necesaria y, en \u00faltima instancia, recuperar la compensaci\u00f3n por accidente de autob\u00fas que merece.<\/p>\n<h2>El abogado Jeff Injury Lawyers est\u00e1 aqu\u00ed para ayudar<\/h2>\n<p>Si ha resultado herido o ha sufrido alg\u00fan da\u00f1o en un accidente de autob\u00fas, no dude en ponerse en contacto con nosotros. <a href=\"https:\/\/attorneyjeff.com\/es\/contact-us\/\">Cont\u00e1ctenos en Attorney Jeff Injury Lawyers<\/a> Para una consulta gratuita. Estamos aqu\u00ed para ayudarle, quit\u00e1ndole todo el peso de encima y luchando por la compensaci\u00f3n que merece.<\/p>\n<h2>Preguntas frecuentes sobre accidentes de autob\u00fas<\/h2>\n<div class=\"home-accordion\"><\/p>\n<h3>\u00bfSon los conductores de autob\u00fas autom\u00e1ticamente responsables de un accidente?<\/h3><div>\n<p>Los conductores de autob\u00fas no son autom\u00e1ticamente responsables de un accidente. Sin embargo, la ley de transporte p\u00fablico de California les exige un alto nivel de seguridad operativa y podr\u00edan ser responsables del accidente y de los da\u00f1os causados.<\/p>\n<\/div><h3>\u00bfCu\u00e1les son las ventajas de contratar a un abogado de accidentes de autob\u00fas?<\/h3><div>\n<p>Un abogado especializado en accidentes de autob\u00fas puede ayudarlo a organizar la evidencia, encontrar la atenci\u00f3n m\u00e9dica adecuada, presentar reclamos de seguros y presentar cualquier demanda posterior seg\u00fan sea necesario.<\/p>\n<p><\/div><\/div><script type=\"application\/ld+json\">{\"@context\": \"https:\/\/schema.org\",\"@type\": \"FAQPage\",\"mainEntity\":[{\"@type\": \"Question\",\"name\": \"\nAre Bus Drivers Automatically Liable for an Accident?\",\"acceptedAnswer\": {\"@type\": \"Answer\",\"text\": \"\nBus drivers are not automatically at fault for an accident. However, they are held to a high standard of operating safety by California&#8217;s common carrier law and may be liable for the accident and any damages caused.\n\"}},{\"@type\": \"Question\",\"name\": \"What Are the Advantages of Hiring a Bus Accident Attorney?\",\"acceptedAnswer\": {\"@type\": \"Answer\",\"text\": \"\nA bus accident lawyer can assist you with organizing evidence, finding appropriate medical care, filing insurance claims, and filing any subsequent lawsuits as necessary.\n\"}}]}<\/script>","protected":false},"excerpt":{"rendered":"<p>The need for public transit options in metropolitan areas has led to an abundance of public bus services, and Santa &#8230;<\/p>","protected":false},"author":24,"featured_media":1738,"parent":0,"menu_order":0,"comment_status":"closed","ping_status":"closed","template":"","meta":{"inline_featured_image":false,"_monsterinsights_skip_tracking":false,"_monsterinsights_sitenote_active":false,"_monsterinsights_sitenote_note":"","_monsterinsights_sitenote_category":0,"footnotes":""},"class_list":["post-1725","page","type-page","status-publish","has-post-thumbnail","hentry"],"acf":[],"yoast_head":"<!-- This site is optimized with the Yoast SEO plugin v27.3 - https:\/\/yoast.com\/product\/yoast-seo-wordpress\/ -->\n<title>Santa Ana Bus Accident Attorney | Attorney Jeff<\/title>\n<meta name=\"description\" content=\"If you or a loved one have been involved in a bus accident in Santa Ana, it&#039;s vital to seek the help of an experienced bus accident attorney.\" \/>\n<meta name=\"robots\" content=\"index, follow, max-snippet:-1, max-image-preview:large, max-video-preview:-1\" \/>\n<link rel=\"canonical\" href=\"https:\/\/attorneyjeff.com\/es\/santa-ana-bus-accident-lawyer\/\" \/>\n<meta property=\"og:locale\" content=\"es_MX\" \/>\n<meta property=\"og:type\" content=\"article\" \/>\n<meta property=\"og:title\" content=\"Santa Ana Bus Accident Attorney | Attorney Jeff\" \/>\n<meta property=\"og:description\" content=\"If you or a loved one have been involved in a bus accident in Santa Ana, it&#039;s vital to seek the help of an experienced bus accident attorney.\" \/>\n<meta property=\"og:url\" content=\"https:\/\/attorneyjeff.com\/es\/santa-ana-bus-accident-lawyer\/\" \/>\n<meta property=\"og:site_name\" content=\"Attorney Jeff\" \/>\n<meta property=\"article:modified_time\" content=\"2023-06-27T17:18:41+00:00\" \/>\n<meta property=\"og:image\" content=\"https:\/\/attorneyjeff.com\/wp-content\/uploads\/2023\/06\/Santa-Ana-Bus-Accident-Attorney-scaled.webp\" \/>\n\t<meta property=\"og:image:width\" content=\"2560\" \/>\n\t<meta property=\"og:image:height\" content=\"1707\" \/>\n\t<meta property=\"og:image:type\" content=\"image\/webp\" \/>\n<meta name=\"twitter:card\" content=\"summary_large_image\" \/>\n<script type=\"application\/ld+json\" class=\"yoast-schema-graph\">{\"@context\":\"https:\\\/\\\/schema.org\",\"@graph\":[{\"@type\":\"WebPage\",\"@id\":\"https:\\\/\\\/attorneyjeff.com\\\/santa-ana-bus-accident-lawyer\\\/\",\"url\":\"https:\\\/\\\/attorneyjeff.com\\\/santa-ana-bus-accident-lawyer\\\/\",\"name\":\"Santa Ana Bus Accident Attorney | Attorney Jeff\",\"isPartOf\":{\"@id\":\"https:\\\/\\\/attorneyjeff.com\\\/#website\"},\"primaryImageOfPage\":{\"@id\":\"https:\\\/\\\/attorneyjeff.com\\\/santa-ana-bus-accident-lawyer\\\/#primaryimage\"},\"image\":{\"@id\":\"https:\\\/\\\/attorneyjeff.com\\\/santa-ana-bus-accident-lawyer\\\/#primaryimage\"},\"thumbnailUrl\":\"https:\\\/\\\/attorneyjeff.com\\\/wp-content\\\/uploads\\\/2023\\\/06\\\/Santa-Ana-Bus-Accident-Attorney-scaled.webp\",\"datePublished\":\"2023-06-21T15:17:08+00:00\",\"dateModified\":\"2023-06-27T17:18:41+00:00\",\"description\":\"If you or a loved one have been involved in a bus accident in Santa Ana, it's vital to seek the help of an experienced bus accident attorney.\",\"breadcrumb\":{\"@id\":\"https:\\\/\\\/attorneyjeff.com\\\/santa-ana-bus-accident-lawyer\\\/#breadcrumb\"},\"inLanguage\":\"es\",\"potentialAction\":[{\"@type\":\"ReadAction\",\"target\":[\"https:\\\/\\\/attorneyjeff.com\\\/santa-ana-bus-accident-lawyer\\\/\"]}]},{\"@type\":\"ImageObject\",\"inLanguage\":\"es\",\"@id\":\"https:\\\/\\\/attorneyjeff.com\\\/santa-ana-bus-accident-lawyer\\\/#primaryimage\",\"url\":\"https:\\\/\\\/attorneyjeff.com\\\/wp-content\\\/uploads\\\/2023\\\/06\\\/Santa-Ana-Bus-Accident-Attorney-scaled.webp\",\"contentUrl\":\"https:\\\/\\\/attorneyjeff.com\\\/wp-content\\\/uploads\\\/2023\\\/06\\\/Santa-Ana-Bus-Accident-Attorney-scaled.webp\",\"width\":2560,\"height\":1707,\"caption\":\"Santa Ana Bus Accident Attorney\"},{\"@type\":\"BreadcrumbList\",\"@id\":\"https:\\\/\\\/attorneyjeff.com\\\/santa-ana-bus-accident-lawyer\\\/#breadcrumb\",\"itemListElement\":[{\"@type\":\"ListItem\",\"position\":1,\"name\":\"Home\",\"item\":\"https:\\\/\\\/attorneyjeff.com\\\/\"},{\"@type\":\"ListItem\",\"position\":2,\"name\":\"Santa Ana Bus Accident Attorney\"}]},{\"@type\":\"WebSite\",\"@id\":\"https:\\\/\\\/attorneyjeff.com\\\/#website\",\"url\":\"https:\\\/\\\/attorneyjeff.com\\\/\",\"name\":\"Attorney Jeff\",\"description\":\"Car Accident Lawyer\",\"potentialAction\":[{\"@type\":\"SearchAction\",\"target\":{\"@type\":\"EntryPoint\",\"urlTemplate\":\"https:\\\/\\\/attorneyjeff.com\\\/?s={search_term_string}\"},\"query-input\":{\"@type\":\"PropertyValueSpecification\",\"valueRequired\":true,\"valueName\":\"search_term_string\"}}],\"inLanguage\":\"es\"}]}<\/script>\n<!-- \/ Yoast SEO plugin. -->","yoast_head_json":{"title":"Santa Ana Bus Accident Attorney | Attorney Jeff","description":"If you or a loved one have been involved in a bus accident in Santa Ana, it's vital to seek the help of an experienced bus accident attorney.","robots":{"index":"index","follow":"follow","max-snippet":"max-snippet:-1","max-image-preview":"max-image-preview:large","max-video-preview":"max-video-preview:-1"},"canonical":"https:\/\/attorneyjeff.com\/es\/santa-ana-bus-accident-lawyer\/","og_locale":"es_MX","og_type":"article","og_title":"Santa Ana Bus Accident Attorney | Attorney Jeff","og_description":"If you or a loved one have been involved in a bus accident in Santa Ana, it's vital to seek the help of an experienced bus accident attorney.","og_url":"https:\/\/attorneyjeff.com\/es\/santa-ana-bus-accident-lawyer\/","og_site_name":"Attorney Jeff","article_modified_time":"2023-06-27T17:18:41+00:00","og_image":[{"width":2560,"height":1707,"url":"https:\/\/attorneyjeff.com\/wp-content\/uploads\/2023\/06\/Santa-Ana-Bus-Accident-Attorney-scaled.webp","type":"image\/webp"}],"twitter_card":"summary_large_image","schema":{"@context":"https:\/\/schema.org","@graph":[{"@type":"WebPage","@id":"https:\/\/attorneyjeff.com\/santa-ana-bus-accident-lawyer\/","url":"https:\/\/attorneyjeff.com\/santa-ana-bus-accident-lawyer\/","name":"Santa Ana Bus Accident Attorney | Attorney Jeff","isPartOf":{"@id":"https:\/\/attorneyjeff.com\/#website"},"primaryImageOfPage":{"@id":"https:\/\/attorneyjeff.com\/santa-ana-bus-accident-lawyer\/#primaryimage"},"image":{"@id":"https:\/\/attorneyjeff.com\/santa-ana-bus-accident-lawyer\/#primaryimage"},"thumbnailUrl":"https:\/\/attorneyjeff.com\/wp-content\/uploads\/2023\/06\/Santa-Ana-Bus-Accident-Attorney-scaled.webp","datePublished":"2023-06-21T15:17:08+00:00","dateModified":"2023-06-27T17:18:41+00:00","description":"If you or a loved one have been involved in a bus accident in Santa Ana, it's vital to seek the help of an experienced bus accident attorney.","breadcrumb":{"@id":"https:\/\/attorneyjeff.com\/santa-ana-bus-accident-lawyer\/#breadcrumb"},"inLanguage":"es","potentialAction":[{"@type":"ReadAction","target":["https:\/\/attorneyjeff.com\/santa-ana-bus-accident-lawyer\/"]}]},{"@type":"ImageObject","inLanguage":"es","@id":"https:\/\/attorneyjeff.com\/santa-ana-bus-accident-lawyer\/#primaryimage","url":"https:\/\/attorneyjeff.com\/wp-content\/uploads\/2023\/06\/Santa-Ana-Bus-Accident-Attorney-scaled.webp","contentUrl":"https:\/\/attorneyjeff.com\/wp-content\/uploads\/2023\/06\/Santa-Ana-Bus-Accident-Attorney-scaled.webp","width":2560,"height":1707,"caption":"Santa Ana Bus Accident Attorney"},{"@type":"BreadcrumbList","@id":"https:\/\/attorneyjeff.com\/santa-ana-bus-accident-lawyer\/#breadcrumb","itemListElement":[{"@type":"ListItem","position":1,"name":"Home","item":"https:\/\/attorneyjeff.com\/"},{"@type":"ListItem","position":2,"name":"Santa Ana Bus Accident Attorney"}]},{"@type":"WebSite","@id":"https:\/\/attorneyjeff.com\/#website","url":"https:\/\/attorneyjeff.com\/","name":"El abogado Jeff","description":"Abogado de accidentes de coche","potentialAction":[{"@type":"SearchAction","target":{"@type":"EntryPoint","urlTemplate":"https:\/\/attorneyjeff.com\/?s={search_term_string}"},"query-input":{"@type":"PropertyValueSpecification","valueRequired":true,"valueName":"search_term_string"}}],"inLanguage":"es"}]}},"_links":{"self":[{"href":"https:\/\/attorneyjeff.com\/es\/wp-json\/wp\/v2\/pages\/1725","targetHints":{"allow":["GET"]}}],"collection":[{"href":"https:\/\/attorneyjeff.com\/es\/wp-json\/wp\/v2\/pages"}],"about":[{"href":"https:\/\/attorneyjeff.com\/es\/wp-json\/wp\/v2\/types\/page"}],"author":[{"embeddable":true,"href":"https:\/\/attorneyjeff.com\/es\/wp-json\/wp\/v2\/users\/24"}],"replies":[{"embeddable":true,"href":"https:\/\/attorneyjeff.com\/es\/wp-json\/wp\/v2\/comments?post=1725"}],"version-history":[{"count":0,"href":"https:\/\/attorneyjeff.com\/es\/wp-json\/wp\/v2\/pages\/1725\/revisions"}],"wp:featuredmedia":[{"embeddable":true,"href":"https:\/\/attorneyjeff.com\/es\/wp-json\/wp\/v2\/media\/1738"}],"wp:attachment":[{"href":"https:\/\/attorneyjeff.com\/es\/wp-json\/wp\/v2\/media?parent=1725"}],"curies":[{"name":"wp","href":"https:\/\/api.w.org\/{rel}","templated":true}]}}