{"id":1822,"date":"2023-09-11T12:41:58","date_gmt":"2023-09-11T16:41:58","guid":{"rendered":"https:\/\/attorneyjeff25.wpenginepowered.com\/?page_id=1822"},"modified":"2023-09-11T12:42:17","modified_gmt":"2023-09-11T16:42:17","slug":"santa-ana-premises-liability-attorney","status":"publish","type":"page","link":"https:\/\/attorneyjeff.com\/es\/santa-ana-premises-liability-attorney\/","title":{"rendered":"Abogado de responsabilidad civil de Santa Ana"},"content":{"rendered":"<p>Los propietarios y administradores de propiedades tienen la responsabilidad de mantener su propiedad razonablemente segura para visitantes e invitados. Si no lo hacen y alguien resulta herido, la v\u00edctima puede emprender acciones legales para obtener una indemnizaci\u00f3n. Esto se conoce como una demanda por responsabilidad civil de la propiedad. Si usted o un ser querido sufri\u00f3 lesiones en una propiedad comercial o residencial, es hora de explorar sus opciones legales con un abogado especializado en responsabilidad civil de la propiedad en Santa Ana. Hable con el equipo de Attorney Jeff Injury Lawyers.<\/p>\n<h2>\u00bfQu\u00e9 hace un abogado especializado en responsabilidad civil de locales?<\/h2>\n<p>La carga de la prueba recae sobre una persona lesionada que desee presentar una demanda por responsabilidad civil de la propiedad. Por lo tanto, una de las responsabilidades m\u00e1s importantes de un abogado es investigar las circunstancias f\u00e1cticas que rodean las lesiones de la v\u00edctima. Esto incluye, una vez presentada la demanda, el uso del descubrimiento de pruebas. El descubrimiento de pruebas es un proceso legal mediante el cual las partes solicitan e intercambian formalmente documentos e informaci\u00f3n sobre la lesi\u00f3n. Seguir estos pasos ayuda a su abogado de responsabilidad civil de la propiedad en Santa Ana a obtener pruebas y comenzar a construir un caso.<\/p>\n<p>Al desarrollar su demanda, su abogado tambi\u00e9n intentar\u00e1 negociar un acuerdo con la compa\u00f1\u00eda de seguros que cubre la propiedad comercial o residencial. Este es un proceso delicado que conviene dejar en manos de un abogado que comprenda no solo el valor de su caso, sino tambi\u00e9n las diversas maneras en que las aseguradoras intentan pagar menos o denegar las reclamaciones por responsabilidad civil.<\/p>\n<p>Si la aseguradora no negocia de buena fe y se hace necesario un juicio, su abogado se preparar\u00e1 para llevar su caso ante un jurado. Un abogado con experiencia comprender\u00e1 la ley de responsabilidad civil de locales, as\u00ed como las diversas normas relativas al procedimiento civil, las pruebas y otros aspectos del litigio. Su abogado tambi\u00e9n probablemente consultar\u00e1 con peritos. Estos son personas que pueden explicar temas complejos al jurado, como el valor de su reclamaci\u00f3n legal.<\/p>\n<p>Nuestro bufete est\u00e1 preparado para hacer todo lo anterior y mucho m\u00e1s por usted. Durante nuestra representaci\u00f3n, seremos receptivos, lo mantendremos informado sobre el estado de su caso y responderemos a sus preguntas e inquietudes.<\/p>\n<h2>Ejemplos de casos de responsabilidad civil de locales<\/h2>\n<p>Existen numerosos tipos de peligros que podr\u00edan existir en una propiedad y causar da\u00f1os a visitantes o hu\u00e9spedes. Algunos ejemplos de demandas por responsabilidad civil incluyen las que alegan:<\/p>\n<ul>\n<li>Mantenimiento inadecuado<\/li>\n<li>Escaleras defectuosas<\/li>\n<li>Aceras rotas y desiguales<\/li>\n<li>Ascensores y escaleras mec\u00e1nicas que funcionan mal<\/li>\n<li>Mala iluminaci\u00f3n<\/li>\n<li>Piscinas sin vigilancia<\/li>\n<li>Violaciones del c\u00f3digo de construcci\u00f3n y seguridad contra incendios<\/li>\n<li>Colapso estructural<\/li>\n<li>Seguridad negligente<\/li>\n<li>Atracciones de parques de atracciones defectuosas<\/li>\n<li>Condiciones que provocan resbalones y ca\u00eddas<\/li>\n<li>Ataques de perros y animales<\/li>\n<\/ul>\n<p>Si result\u00f3 lesionado en una propiedad residencial o comercial debido a alguna condici\u00f3n peligrosa, es hora de determinar si tiene un caso.<\/p>\n<h2>\u00bfQu\u00e9 se debe probar en una demanda por responsabilidad civil?<\/h2>\n<p>Las reclamaciones por responsabilidad civil de las instalaciones se basan en la negligencia. Un propietario o administrador puede ser considerado responsable por no corregir una condici\u00f3n peligrosa o por no haber avisado con suficiente antelaci\u00f3n. La ley cubre los peligros que el propietario conoc\u00eda o que razonablemente deber\u00eda haber conocido mediante una inspecci\u00f3n rutinaria de las instalaciones.<\/p>\n<p>Al trabajar con un abogado especializado en responsabilidad civil de propiedad en Santa Ana, deber\u00e1 demostrar los siguientes elementos:<\/p>\n<h3>Deber de cuidado<\/h3>\n<p>Los casos de negligencia en general, incluyendo la responsabilidad civil por da\u00f1os a las instalaciones, comienzan alegando que el demandado ten\u00eda un deber de cuidado hacia el demandante. Para que este deber exista, el demandante debe demostrar que era un visitante o hu\u00e9sped legal de la propiedad.<\/p>\n<h3>Incumplimiento<\/h3>\n<p>Se produce un incumplimiento cuando, por alguna acci\u00f3n u omisi\u00f3n, el demandado no cumpli\u00f3 con su deber de cuidado. Por ejemplo, el propietario de un hotel en una zona con alta tasa de criminalidad deber\u00eda tomar medidas razonables para aumentar la seguridad de la propiedad. Si no lo hace, podr\u00eda ser considerado responsable si un asaltante irrumpe en la habitaci\u00f3n de un hu\u00e9sped y comete un delito. Una demanda como esta alegar\u00eda negligencia en la seguridad contra el demandado.<\/p>\n<h3>Causalidad (factor contribuyente sustancial)<\/h3>\n<p>A continuaci\u00f3n, el incumplimiento del demandado debe haber causado la lesi\u00f3n de la v\u00edctima. Dicho de otro modo, la falta de correcci\u00f3n del peligro o de advertencia sobre \u00e9l debe haber contribuido sustancialmente al da\u00f1o sufrido por el demandante. No es necesario que la negligencia del demandado fuera el \u00fanico factor contribuyente, pero debe ser una causa m\u00e1s que remota o trivial.<\/p>\n<h3>Da\u00f1os y perjuicios<\/h3>\n<p>Los da\u00f1os incluyen todas las p\u00e9rdidas sufridas por la v\u00edctima y por las que solicita una compensaci\u00f3n econ\u00f3mica. Estos suelen clasificarse en dos categor\u00edas: econ\u00f3micos y no econ\u00f3micos. Los da\u00f1os econ\u00f3micos son bastante f\u00e1ciles de calcular e incluyen las facturas m\u00e9dicas y la p\u00e9rdida de ingresos. Los da\u00f1os no econ\u00f3micos, como el dolor y el sufrimiento, son m\u00e1s subjetivos. Existen otros tipos de da\u00f1os que pueden estar disponibles, los cuales se describen a continuaci\u00f3n.<\/p>\n<h2>\u00bfQu\u00e9 puede obtener de una demanda contra un propietario negligente?<\/h2>\n<p>El objetivo de presentar una demanda por responsabilidad civil de propiedad es reclamar una indemnizaci\u00f3n por da\u00f1os y perjuicios al propietario u otra parte responsable. Su abogado especializado en responsabilidad civil de propiedad en Santa Ana deber\u00e1 demostrar la naturaleza y el monto de dichos da\u00f1os, como:<\/p>\n<ul>\n<li><strong>Gastos m\u00e9dicos:<\/strong> Estos pueden incluir costos pasados y presentes, adem\u00e1s de costos futuros estimados para el tratamiento que se espera que necesite la v\u00edctima.<\/li>\n<li><strong>Salarios perdidos:<\/strong> Mientras la v\u00edctima se recupera o atiende asuntos relacionados con el accidente, perder\u00e1 tiempo de trabajo y, por lo tanto, ingresos.<\/li>\n<li><strong>P\u00e9rdida de capacidad de ingresos:<\/strong> Si las lesiones de la v\u00edctima son tan graves que no le permiten realizar el mismo trabajo o con el mismo nivel de productividad, se le podr\u00e1 indemnizar en consecuencia.<\/li>\n<li><strong>Da\u00f1os no econ\u00f3micos:<\/strong> Estos da\u00f1os son m\u00e1s subjetivos, pero aun as\u00ed pueden compensarse e incluyen dolor y sufrimiento, angustia emocional, cicatrices y m\u00e1s.<\/li>\n<li><strong>Da\u00f1os punitivos:<\/strong> En casos excepcionales, los acusados que fueron especialmente irresponsables al permitir que otras personas resultaran heridas pueden solicitar estos da\u00f1os.<\/li>\n<li><strong>Da\u00f1os por muerte por negligencia:<\/strong> Si la v\u00edctima muri\u00f3 a causa de sus heridas, los sobrevivientes elegibles pueden reclamar una serie de da\u00f1os por muerte injusta, como gastos funerarios y de entierro.<\/li>\n<li><strong>Da\u00f1os a la propiedad:<\/strong> Cuando la negligencia causa da\u00f1os a la propiedad de una v\u00edctima, se puede ordenar al acusado que pague la p\u00e9rdida.<\/li>\n<\/ul>\n<h2>Comun\u00edquese con nuestro abogado de responsabilidad civil de Santa Ana<\/h2>\n<p>Si ha sufrido lesiones debido a la negligencia de un propietario, comun\u00edquese con <a href=\"https:\/\/attorneyjeff.com\/es\/about-us\/\">Abogado Jeff Injury Lawyers<\/a>Estamos listos para poner nuestra experiencia a su servicio y exigir la m\u00e1xima indemnizaci\u00f3n permitida por la ley. Ll\u00e1menos hoy mismo o <a href=\"https:\/\/attorneyjeff.com\/es\/contact-us\/\">Utilice nuestro formulario de contacto en l\u00ednea<\/a> Para empezar.<\/p>","protected":false},"excerpt":{"rendered":"<p>Property owners and managers have a responsibility to keep their property reasonably safe for visitors and guests. If they fail &#8230;<\/p>","protected":false},"author":24,"featured_media":1828,"parent":0,"menu_order":0,"comment_status":"closed","ping_status":"closed","template":"","meta":{"inline_featured_image":false,"_monsterinsights_skip_tracking":false,"_monsterinsights_sitenote_active":false,"_monsterinsights_sitenote_note":"","_monsterinsights_sitenote_category":0,"footnotes":""},"class_list":["post-1822","page","type-page","status-publish","has-post-thumbnail","hentry"],"acf":[],"yoast_head":"<!-- This site is optimized with the Yoast SEO plugin v27.4 - https:\/\/yoast.com\/product\/yoast-seo-wordpress\/ -->\n<title>Santa Ana Premises Liability Attorney | Attorney Jeff<\/title>\n<meta name=\"description\" content=\"If you have been injured on someone else&#039;s property in Santa Ana, it&#039;s important to seek the help of a skilled premises liability attorney.\" \/>\n<meta name=\"robots\" content=\"index, follow, max-snippet:-1, max-image-preview:large, max-video-preview:-1\" \/>\n<link rel=\"canonical\" href=\"https:\/\/attorneyjeff.com\/es\/santa-ana-premises-liability-attorney\/\" \/>\n<meta property=\"og:locale\" content=\"es_MX\" \/>\n<meta property=\"og:type\" content=\"article\" \/>\n<meta property=\"og:title\" content=\"Santa Ana Premises Liability Attorney | Attorney Jeff\" \/>\n<meta property=\"og:description\" content=\"If you have been injured on someone else&#039;s property in Santa Ana, it&#039;s important to seek the help of a skilled premises liability attorney.\" \/>\n<meta property=\"og:url\" content=\"https:\/\/attorneyjeff.com\/es\/santa-ana-premises-liability-attorney\/\" \/>\n<meta property=\"og:site_name\" content=\"Attorney Jeff\" \/>\n<meta property=\"article:modified_time\" content=\"2023-09-11T16:42:17+00:00\" \/>\n<meta property=\"og:image\" content=\"https:\/\/attorneyjeff.com\/wp-content\/uploads\/2023\/09\/Santa-Ana-Premises-Liability-Attorney-scaled.webp\" \/>\n\t<meta property=\"og:image:width\" content=\"2560\" \/>\n\t<meta property=\"og:image:height\" content=\"1920\" \/>\n\t<meta property=\"og:image:type\" content=\"image\/webp\" \/>\n<meta name=\"twitter:card\" content=\"summary_large_image\" \/>\n<script type=\"application\/ld+json\" class=\"yoast-schema-graph\">{\"@context\":\"https:\\\/\\\/schema.org\",\"@graph\":[{\"@type\":\"WebPage\",\"@id\":\"https:\\\/\\\/attorneyjeff.com\\\/santa-ana-premises-liability-attorney\\\/\",\"url\":\"https:\\\/\\\/attorneyjeff.com\\\/santa-ana-premises-liability-attorney\\\/\",\"name\":\"Santa Ana Premises Liability Attorney | Attorney Jeff\",\"isPartOf\":{\"@id\":\"https:\\\/\\\/attorneyjeff.com\\\/#website\"},\"primaryImageOfPage\":{\"@id\":\"https:\\\/\\\/attorneyjeff.com\\\/santa-ana-premises-liability-attorney\\\/#primaryimage\"},\"image\":{\"@id\":\"https:\\\/\\\/attorneyjeff.com\\\/santa-ana-premises-liability-attorney\\\/#primaryimage\"},\"thumbnailUrl\":\"https:\\\/\\\/attorneyjeff.com\\\/wp-content\\\/uploads\\\/2023\\\/09\\\/Santa-Ana-Premises-Liability-Attorney-scaled.webp\",\"datePublished\":\"2023-09-11T16:41:58+00:00\",\"dateModified\":\"2023-09-11T16:42:17+00:00\",\"description\":\"If you have been injured on someone else's property in Santa Ana, it's important to seek the help of a skilled premises liability attorney.\",\"breadcrumb\":{\"@id\":\"https:\\\/\\\/attorneyjeff.com\\\/santa-ana-premises-liability-attorney\\\/#breadcrumb\"},\"inLanguage\":\"es\",\"potentialAction\":[{\"@type\":\"ReadAction\",\"target\":[\"https:\\\/\\\/attorneyjeff.com\\\/santa-ana-premises-liability-attorney\\\/\"]}]},{\"@type\":\"ImageObject\",\"inLanguage\":\"es\",\"@id\":\"https:\\\/\\\/attorneyjeff.com\\\/santa-ana-premises-liability-attorney\\\/#primaryimage\",\"url\":\"https:\\\/\\\/attorneyjeff.com\\\/wp-content\\\/uploads\\\/2023\\\/09\\\/Santa-Ana-Premises-Liability-Attorney-scaled.webp\",\"contentUrl\":\"https:\\\/\\\/attorneyjeff.com\\\/wp-content\\\/uploads\\\/2023\\\/09\\\/Santa-Ana-Premises-Liability-Attorney-scaled.webp\",\"width\":2560,\"height\":1920,\"caption\":\"Santa Ana Premises Liability Attorney\"},{\"@type\":\"BreadcrumbList\",\"@id\":\"https:\\\/\\\/attorneyjeff.com\\\/santa-ana-premises-liability-attorney\\\/#breadcrumb\",\"itemListElement\":[{\"@type\":\"ListItem\",\"position\":1,\"name\":\"Home\",\"item\":\"https:\\\/\\\/attorneyjeff.com\\\/\"},{\"@type\":\"ListItem\",\"position\":2,\"name\":\"Santa Ana Premises Liability Attorney\"}]},{\"@type\":\"WebSite\",\"@id\":\"https:\\\/\\\/attorneyjeff.com\\\/#website\",\"url\":\"https:\\\/\\\/attorneyjeff.com\\\/\",\"name\":\"Attorney Jeff\",\"description\":\"Car Accident Lawyer\",\"potentialAction\":[{\"@type\":\"SearchAction\",\"target\":{\"@type\":\"EntryPoint\",\"urlTemplate\":\"https:\\\/\\\/attorneyjeff.com\\\/?s={search_term_string}\"},\"query-input\":{\"@type\":\"PropertyValueSpecification\",\"valueRequired\":true,\"valueName\":\"search_term_string\"}}],\"inLanguage\":\"es\"}]}<\/script>\n<!-- \/ Yoast SEO plugin. -->","yoast_head_json":{"title":"Santa Ana Premises Liability Attorney | Attorney Jeff","description":"If you have been injured on someone else's property in Santa Ana, it's important to seek the help of a skilled premises liability attorney.","robots":{"index":"index","follow":"follow","max-snippet":"max-snippet:-1","max-image-preview":"max-image-preview:large","max-video-preview":"max-video-preview:-1"},"canonical":"https:\/\/attorneyjeff.com\/es\/santa-ana-premises-liability-attorney\/","og_locale":"es_MX","og_type":"article","og_title":"Santa Ana Premises Liability Attorney | Attorney Jeff","og_description":"If you have been injured on someone else's property in Santa Ana, it's important to seek the help of a skilled premises liability attorney.","og_url":"https:\/\/attorneyjeff.com\/es\/santa-ana-premises-liability-attorney\/","og_site_name":"Attorney Jeff","article_modified_time":"2023-09-11T16:42:17+00:00","og_image":[{"width":2560,"height":1920,"url":"https:\/\/attorneyjeff.com\/wp-content\/uploads\/2023\/09\/Santa-Ana-Premises-Liability-Attorney-scaled.webp","type":"image\/webp"}],"twitter_card":"summary_large_image","schema":{"@context":"https:\/\/schema.org","@graph":[{"@type":"WebPage","@id":"https:\/\/attorneyjeff.com\/santa-ana-premises-liability-attorney\/","url":"https:\/\/attorneyjeff.com\/santa-ana-premises-liability-attorney\/","name":"Santa Ana Premises Liability Attorney | Attorney Jeff","isPartOf":{"@id":"https:\/\/attorneyjeff.com\/#website"},"primaryImageOfPage":{"@id":"https:\/\/attorneyjeff.com\/santa-ana-premises-liability-attorney\/#primaryimage"},"image":{"@id":"https:\/\/attorneyjeff.com\/santa-ana-premises-liability-attorney\/#primaryimage"},"thumbnailUrl":"https:\/\/attorneyjeff.com\/wp-content\/uploads\/2023\/09\/Santa-Ana-Premises-Liability-Attorney-scaled.webp","datePublished":"2023-09-11T16:41:58+00:00","dateModified":"2023-09-11T16:42:17+00:00","description":"If you have been injured on someone else's property in Santa Ana, it's important to seek the help of a skilled premises liability attorney.","breadcrumb":{"@id":"https:\/\/attorneyjeff.com\/santa-ana-premises-liability-attorney\/#breadcrumb"},"inLanguage":"es","potentialAction":[{"@type":"ReadAction","target":["https:\/\/attorneyjeff.com\/santa-ana-premises-liability-attorney\/"]}]},{"@type":"ImageObject","inLanguage":"es","@id":"https:\/\/attorneyjeff.com\/santa-ana-premises-liability-attorney\/#primaryimage","url":"https:\/\/attorneyjeff.com\/wp-content\/uploads\/2023\/09\/Santa-Ana-Premises-Liability-Attorney-scaled.webp","contentUrl":"https:\/\/attorneyjeff.com\/wp-content\/uploads\/2023\/09\/Santa-Ana-Premises-Liability-Attorney-scaled.webp","width":2560,"height":1920,"caption":"Santa Ana Premises Liability Attorney"},{"@type":"BreadcrumbList","@id":"https:\/\/attorneyjeff.com\/santa-ana-premises-liability-attorney\/#breadcrumb","itemListElement":[{"@type":"ListItem","position":1,"name":"Home","item":"https:\/\/attorneyjeff.com\/"},{"@type":"ListItem","position":2,"name":"Santa Ana Premises Liability Attorney"}]},{"@type":"WebSite","@id":"https:\/\/attorneyjeff.com\/#website","url":"https:\/\/attorneyjeff.com\/","name":"El abogado Jeff","description":"Abogado de accidentes de coche","potentialAction":[{"@type":"SearchAction","target":{"@type":"EntryPoint","urlTemplate":"https:\/\/attorneyjeff.com\/?s={search_term_string}"},"query-input":{"@type":"PropertyValueSpecification","valueRequired":true,"valueName":"search_term_string"}}],"inLanguage":"es"}]}},"_links":{"self":[{"href":"https:\/\/attorneyjeff.com\/es\/wp-json\/wp\/v2\/pages\/1822","targetHints":{"allow":["GET"]}}],"collection":[{"href":"https:\/\/attorneyjeff.com\/es\/wp-json\/wp\/v2\/pages"}],"about":[{"href":"https:\/\/attorneyjeff.com\/es\/wp-json\/wp\/v2\/types\/page"}],"author":[{"embeddable":true,"href":"https:\/\/attorneyjeff.com\/es\/wp-json\/wp\/v2\/users\/24"}],"replies":[{"embeddable":true,"href":"https:\/\/attorneyjeff.com\/es\/wp-json\/wp\/v2\/comments?post=1822"}],"version-history":[{"count":0,"href":"https:\/\/attorneyjeff.com\/es\/wp-json\/wp\/v2\/pages\/1822\/revisions"}],"wp:featuredmedia":[{"embeddable":true,"href":"https:\/\/attorneyjeff.com\/es\/wp-json\/wp\/v2\/media\/1828"}],"wp:attachment":[{"href":"https:\/\/attorneyjeff.com\/es\/wp-json\/wp\/v2\/media?parent=1822"}],"curies":[{"name":"wp","href":"https:\/\/api.w.org\/{rel}","templated":true}]}}