{"id":2280,"date":"2025-03-17T18:43:51","date_gmt":"2025-03-18T01:43:51","guid":{"rendered":"https:\/\/attorneyjeff25.wpenginepowered.com\/?page_id=2280"},"modified":"2025-12-05T12:38:01","modified_gmt":"2025-12-05T20:38:01","slug":"attorney-jeff-car-accident-lawyer-scholarship","status":"publish","type":"page","link":"https:\/\/attorneyjeff.com\/es\/attorney-jeff-car-accident-lawyer-scholarship\/","title":{"rendered":"Beca para abogados de accidentes automovil\u00edsticos del abogado Jeff"},"content":{"rendered":"<p><span style=\"font-weight: 400;\"><a href=\"https:\/\/attorneyjeff.com\/es\/attorney\/jeff-fayngor\/\">Jeff Fayngor, Esq.<\/a> y su equipo legal, Attorney Jeff Car Accident Lawyer, se complacen en anunciar la beca anual de $$2,500 para reconocer a un estudiante excepcional con un rendimiento acad\u00e9mico sobresaliente. Con el compromiso de promover el desarrollo acad\u00e9mico de quienes buscan una carrera legal profesional, esta beca est\u00e1 disponible para estudiantes de \u00faltimo a\u00f1o de secundaria y estudiantes matriculados en instituciones de educaci\u00f3n superior (incluyendo facultades de derecho, programas de posgrado y estudios de pregrado).<\/span><\/p>\n<h2><b>Beca del abogado Jeff para abogados de accidentes automovil\u00edsticos 2025<\/b><\/h2>\n<div id=\"scholarship-details\"><\/div>\n<h3><b>Elegibilidad<\/b><\/h3>\n<ul>\n<li style=\"font-weight: 400;\" aria-level=\"1\"><span style=\"font-weight: 400;\">Ciudadan\u00eda estadounidense<\/span><\/li>\n<li style=\"font-weight: 400;\" aria-level=\"1\"><span style=\"font-weight: 400;\">Inscripci\u00f3n actual o aceptaci\u00f3n en una universidad o colegio acreditado en EE. UU.<\/span><\/li>\n<li style=\"font-weight: 400;\" aria-level=\"1\"><span style=\"font-weight: 400;\">Promedio acumulativo m\u00ednimo de calificaciones (GPA) de 3.0.<\/span><\/li>\n<\/ul>\n<h3><b>Monto de la beca<\/b><\/h3>\n<p><span style=\"font-weight: 400;\">$2,500 otorgados a un estudiante para el a\u00f1o acad\u00e9mico 2025<\/span><\/p>\n<h3><b>Fecha l\u00edmite de solicitud<\/b><\/h3>\n<p><span style=\"font-weight: 400;\">Lunes 1 de diciembre, 5:00 p. m., hora est\u00e1ndar del Pac\u00edfico<\/span><\/p>\n<h2><b>Tema de ensayo<\/b><\/h2>\n<p><span style=\"font-weight: 400;\">\u00bfQu\u00e9 te inspir\u00f3 a seguir una carrera jur\u00eddica y qu\u00e9 \u00e1reas de inter\u00e9s espec\u00edficas dentro del \u00e1mbito legal te atraen? Adem\u00e1s, \u00bfc\u00f3mo planeas usar tu formaci\u00f3n jur\u00eddica para generar un impacto positivo en el sistema judicial?<\/span><\/p>\n<h2><b>Instrucciones de solicitud<\/b><\/h2>\n<p><span style=\"font-weight: 400;\">Las solicitudes deben enviarse antes del lunes 1 de diciembre a las 17:00 h (hora del Pac\u00edfico). Deben incluir la siguiente informaci\u00f3n:\u00a0<\/span><\/p>\n<ul>\n<li style=\"font-weight: 400;\" aria-level=\"1\"><span style=\"font-weight: 400;\">Nombre completo, n\u00famero de tel\u00e9fono y direcci\u00f3n de correo electr\u00f3nico. <\/span><i><span style=\"font-weight: 400;\">Tenga en cuenta que, si es seleccionado, se solicitar\u00e1 una direcci\u00f3n postal para el desembolso del cheque.<\/span><\/i><\/li>\n<li style=\"font-weight: 400;\" aria-level=\"1\"><span style=\"font-weight: 400;\">Archivos adjuntos:<\/span>\n<ul>\n<li style=\"font-weight: 400;\" aria-level=\"2\"><span style=\"font-weight: 400;\">Ensayo de 800 a 1000 palabras en formato PDF o Word sobre el tema proporcionado<\/span><\/li>\n<li style=\"font-weight: 400;\" aria-level=\"2\"><span style=\"font-weight: 400;\">Comprobante de inscripci\u00f3n o aceptaci\u00f3n en un colegio o universidad<\/span><\/li>\n<li style=\"font-weight: 400;\" aria-level=\"2\"><span style=\"font-weight: 400;\">Transcripci\u00f3n oficial o no oficial m\u00e1s reciente<\/span><\/li>\n<\/ul>\n<\/li>\n<\/ul>\n<h2><b>informaci\u00f3n adicional<\/b><\/h2>\n<p><b>Criterios de selecci\u00f3n<\/b><\/p>\n<ul>\n<li style=\"font-weight: 400;\" aria-level=\"1\"><span style=\"font-weight: 400;\">Originalidad y calidad del ensayo presentado<\/span><\/li>\n<li style=\"font-weight: 400;\" aria-level=\"1\"><span style=\"font-weight: 400;\">Calidad de escritura, gram\u00e1tica, puntuaci\u00f3n y creatividad.<\/span><\/li>\n<\/ul>\n<p><b>Desembolso del premio<\/b><\/p>\n<ul>\n<li style=\"font-weight: 400;\" aria-level=\"1\"><span style=\"font-weight: 400;\">Los fondos se emiten mediante cheque pagadero directamente al estudiante.<\/span><\/li>\n<li style=\"font-weight: 400;\" aria-level=\"1\"><span style=\"font-weight: 400;\">Los fondos de la beca se utilizar\u00e1n para cubrir la matr\u00edcula y los gastos relacionados con la escuela.<\/span><\/li>\n<\/ul>\n<p><b>Publicidad<\/b><\/p>\n<ul>\n<li style=\"font-weight: 400;\" aria-level=\"1\"><span style=\"font-weight: 400;\">Se requiere autorizaci\u00f3n para la fotograf\u00eda para uso promocional en el <a href=\"https:\/\/attorneyjeff.com\/es\/\">Abogado Jeff, abogado de accidentes automovil\u00edsticos<\/a> sitio web y canales de redes sociales<\/span><\/li>\n<\/ul>\n<p><b>Verificaci\u00f3n<\/b><\/p>\n<ul>\n<li style=\"font-weight: 400;\" aria-level=\"1\"><span style=\"font-weight: 400;\">Todos los env\u00edos ser\u00e1n examinados para detectar plagio y contenido generado por IA.<\/span><\/li>\n<\/ul>\n<p><span style=\"font-weight: 400;\">\u00a1Esperamos leer sus contribuciones \u00fanicas e inspiradoras! Para consultas o asistencia, cont\u00e1ctenos en <a class=\"c-link\" href=\"mailto:scholarship@attorneyjeff.com\" target=\"_blank\" rel=\"noopener noreferrer\" data-stringify-link=\"mailto:scholarship@attorneyjeff.com\" data-sk=\"tooltip_parent\" aria-haspopup=\"menu\">beca@attorneyjeff.com.<\/a><\/span><\/p>\n<p>El plazo de solicitud para la Beca de Abogado Jeff para Abogados de Accidentes de Tr\u00e1nsito 2025 ha finalizado. Lamentablemente, ya no aceptamos solicitudes. Mant\u00e9ngase al tanto de futuras oportunidades y actualizaciones. \u00a1Gracias por su inter\u00e9s!<\/p>","protected":false},"excerpt":{"rendered":"<p>Jeff Fayngor, Esq. y su equipo legal en Attorney Jeff Car Accident Lawyer se complacen en anunciar la beca anual\u2026<\/p>","protected":false},"author":24,"featured_media":0,"parent":0,"menu_order":0,"comment_status":"open","ping_status":"open","template":"","meta":{"inline_featured_image":false,"_monsterinsights_skip_tracking":false,"_monsterinsights_sitenote_active":false,"_monsterinsights_sitenote_note":"","_monsterinsights_sitenote_category":0,"footnotes":""},"class_list":["post-2280","page","type-page","status-publish","hentry"],"acf":[],"yoast_head":"<!-- This site is optimized with the Yoast SEO plugin v27.4 - https:\/\/yoast.com\/product\/yoast-seo-wordpress\/ -->\n<title>Scholarship | Attorney Jeff Car Accident Lawyer<\/title>\n<meta name=\"description\" content=\"The Attorney Jeff Car Accident Lawyer Scholarship of $2,500. Available to students pursuing a legal career. Apply here.\" \/>\n<meta name=\"robots\" content=\"index, follow, max-snippet:-1, max-image-preview:large, max-video-preview:-1\" \/>\n<link rel=\"canonical\" href=\"https:\/\/attorneyjeff.com\/es\/attorney-jeff-car-accident-lawyer-scholarship\/\" \/>\n<meta property=\"og:locale\" content=\"es_MX\" \/>\n<meta property=\"og:type\" content=\"article\" \/>\n<meta property=\"og:title\" content=\"Attorney Jeff Car Accident Lawyer Scholarship\" \/>\n<meta property=\"og:description\" content=\"The Attorney Jeff Car Accident Lawyer Scholarship of $2,500. Available to students pursuing a legal career. Apply here.\" \/>\n<meta property=\"og:url\" content=\"https:\/\/attorneyjeff.com\/es\/attorney-jeff-car-accident-lawyer-scholarship\/\" \/>\n<meta property=\"og:site_name\" content=\"Attorney Jeff\" \/>\n<meta property=\"article:modified_time\" content=\"2025-12-05T20:38:01+00:00\" \/>\n<meta name=\"twitter:card\" content=\"summary_large_image\" \/>\n<meta name=\"twitter:title\" content=\"Attorney Jeff Car Accident Lawyer Scholarship\" \/>\n<meta name=\"twitter:description\" content=\"The Attorney Jeff Car Accident Lawyer Scholarship of $2,500. Available to students pursuing a legal career. Apply here.\" \/>\n<script type=\"application\/ld+json\" class=\"yoast-schema-graph\">{\"@context\":\"https:\\\/\\\/schema.org\",\"@graph\":[{\"@type\":\"WebPage\",\"@id\":\"https:\\\/\\\/attorneyjeff.com\\\/attorney-jeff-car-accident-lawyer-scholarship\\\/\",\"url\":\"https:\\\/\\\/attorneyjeff.com\\\/attorney-jeff-car-accident-lawyer-scholarship\\\/\",\"name\":\"Scholarship | Attorney Jeff Car Accident Lawyer\",\"isPartOf\":{\"@id\":\"https:\\\/\\\/attorneyjeff.com\\\/#website\"},\"datePublished\":\"2025-03-18T01:43:51+00:00\",\"dateModified\":\"2025-12-05T20:38:01+00:00\",\"description\":\"The Attorney Jeff Car Accident Lawyer Scholarship of $2,500. Available to students pursuing a legal career. Apply here.\",\"breadcrumb\":{\"@id\":\"https:\\\/\\\/attorneyjeff.com\\\/attorney-jeff-car-accident-lawyer-scholarship\\\/#breadcrumb\"},\"inLanguage\":\"es\",\"potentialAction\":[{\"@type\":\"ReadAction\",\"target\":[\"https:\\\/\\\/attorneyjeff.com\\\/attorney-jeff-car-accident-lawyer-scholarship\\\/\"]}]},{\"@type\":\"BreadcrumbList\",\"@id\":\"https:\\\/\\\/attorneyjeff.com\\\/attorney-jeff-car-accident-lawyer-scholarship\\\/#breadcrumb\",\"itemListElement\":[{\"@type\":\"ListItem\",\"position\":1,\"name\":\"Home\",\"item\":\"https:\\\/\\\/attorneyjeff.com\\\/\"},{\"@type\":\"ListItem\",\"position\":2,\"name\":\"Attorney Jeff Car Accident Lawyer Scholarship\"}]},{\"@type\":\"WebSite\",\"@id\":\"https:\\\/\\\/attorneyjeff.com\\\/#website\",\"url\":\"https:\\\/\\\/attorneyjeff.com\\\/\",\"name\":\"Attorney Jeff\",\"description\":\"Car Accident Lawyer\",\"potentialAction\":[{\"@type\":\"SearchAction\",\"target\":{\"@type\":\"EntryPoint\",\"urlTemplate\":\"https:\\\/\\\/attorneyjeff.com\\\/?s={search_term_string}\"},\"query-input\":{\"@type\":\"PropertyValueSpecification\",\"valueRequired\":true,\"valueName\":\"search_term_string\"}}],\"inLanguage\":\"es\"}]}<\/script>\n<!-- \/ Yoast SEO plugin. -->","yoast_head_json":{"title":"Beca | Abogado Jeff, especialista en accidentes de tr\u00e1fico","description":"Beca para Abogados de Accidentes de Tr\u00e1nsito del Abogado Jeff de 1TP a 2,500 T. Disponible para estudiantes que buscan una carrera legal. Solicite aqu\u00ed.","robots":{"index":"index","follow":"follow","max-snippet":"max-snippet:-1","max-image-preview":"max-image-preview:large","max-video-preview":"max-video-preview:-1"},"canonical":"https:\/\/attorneyjeff.com\/es\/attorney-jeff-car-accident-lawyer-scholarship\/","og_locale":"es_MX","og_type":"article","og_title":"Attorney Jeff Car Accident Lawyer Scholarship","og_description":"The Attorney Jeff Car Accident Lawyer Scholarship of $2,500. Available to students pursuing a legal career. Apply here.","og_url":"https:\/\/attorneyjeff.com\/es\/attorney-jeff-car-accident-lawyer-scholarship\/","og_site_name":"Attorney Jeff","article_modified_time":"2025-12-05T20:38:01+00:00","twitter_card":"summary_large_image","twitter_title":"Attorney Jeff Car Accident Lawyer Scholarship","twitter_description":"The Attorney Jeff Car Accident Lawyer Scholarship of $2,500. Available to students pursuing a legal career. Apply here.","schema":{"@context":"https:\/\/schema.org","@graph":[{"@type":"WebPage","@id":"https:\/\/attorneyjeff.com\/attorney-jeff-car-accident-lawyer-scholarship\/","url":"https:\/\/attorneyjeff.com\/attorney-jeff-car-accident-lawyer-scholarship\/","name":"Beca | Abogado Jeff, especialista en accidentes de tr\u00e1fico","isPartOf":{"@id":"https:\/\/attorneyjeff.com\/#website"},"datePublished":"2025-03-18T01:43:51+00:00","dateModified":"2025-12-05T20:38:01+00:00","description":"Beca para Abogados de Accidentes de Tr\u00e1nsito del Abogado Jeff de 1TP a 2,500 T. Disponible para estudiantes que buscan una carrera legal. Solicite aqu\u00ed.","breadcrumb":{"@id":"https:\/\/attorneyjeff.com\/attorney-jeff-car-accident-lawyer-scholarship\/#breadcrumb"},"inLanguage":"es","potentialAction":[{"@type":"ReadAction","target":["https:\/\/attorneyjeff.com\/attorney-jeff-car-accident-lawyer-scholarship\/"]}]},{"@type":"BreadcrumbList","@id":"https:\/\/attorneyjeff.com\/attorney-jeff-car-accident-lawyer-scholarship\/#breadcrumb","itemListElement":[{"@type":"ListItem","position":1,"name":"Home","item":"https:\/\/attorneyjeff.com\/"},{"@type":"ListItem","position":2,"name":"Attorney Jeff Car Accident Lawyer Scholarship"}]},{"@type":"WebSite","@id":"https:\/\/attorneyjeff.com\/#website","url":"https:\/\/attorneyjeff.com\/","name":"El abogado Jeff","description":"Abogado de accidentes de coche","potentialAction":[{"@type":"SearchAction","target":{"@type":"EntryPoint","urlTemplate":"https:\/\/attorneyjeff.com\/?s={search_term_string}"},"query-input":{"@type":"PropertyValueSpecification","valueRequired":true,"valueName":"search_term_string"}}],"inLanguage":"es"}]}},"_links":{"self":[{"href":"https:\/\/attorneyjeff.com\/es\/wp-json\/wp\/v2\/pages\/2280","targetHints":{"allow":["GET"]}}],"collection":[{"href":"https:\/\/attorneyjeff.com\/es\/wp-json\/wp\/v2\/pages"}],"about":[{"href":"https:\/\/attorneyjeff.com\/es\/wp-json\/wp\/v2\/types\/page"}],"author":[{"embeddable":true,"href":"https:\/\/attorneyjeff.com\/es\/wp-json\/wp\/v2\/users\/24"}],"replies":[{"embeddable":true,"href":"https:\/\/attorneyjeff.com\/es\/wp-json\/wp\/v2\/comments?post=2280"}],"version-history":[{"count":0,"href":"https:\/\/attorneyjeff.com\/es\/wp-json\/wp\/v2\/pages\/2280\/revisions"}],"wp:attachment":[{"href":"https:\/\/attorneyjeff.com\/es\/wp-json\/wp\/v2\/media?parent=2280"}],"curies":[{"name":"wp","href":"https:\/\/api.w.org\/{rel}","templated":true}]}}