{"id":2559,"date":"2025-07-02T17:48:03","date_gmt":"2025-07-03T00:48:03","guid":{"rendered":"https:\/\/attorneyjeff25.wpenginepowered.com\/?page_id=2559"},"modified":"2025-07-02T18:02:44","modified_gmt":"2025-07-03T01:02:44","slug":"jeffs-got-you","status":"publish","type":"page","link":"https:\/\/attorneyjeff.com\/es\/jeffs-got-you\/","title":{"rendered":"Jeff te tiene"},"content":{"rendered":"<h2><b>Por qu\u00e9 nuestro bufete de abogados de lesiones personales de California es su mejor opci\u00f3n despu\u00e9s de un accidente<\/b><\/h2>\n<p><span style=\"font-weight: 400;\">Cuando ocurre lo inesperado y la negligencia de otra persona provoca lesiones imprevistas en usted o un ser querido, el camino hacia la recuperaci\u00f3n puede parecer desesperanzado.<\/span><\/p>\n<p><span style=\"font-weight: 400;\">Durante estos tiempos dif\u00edciles, obtener la representaci\u00f3n legal adecuada no es s\u00f3lo una ventaja: es una necesidad. <\/span><span style=\"font-weight: 400;\"><strong><a href=\"https:\/\/attorneyjeff.com\/es\/\">Abogado Jeff, abogado de accidentes automovil\u00edsticos<\/a><\/strong> se compromete a defender a nuestros clientes al responsabilizar financiera y legalmente a la parte culpable por su conducta descuidada.<\/span><\/p>\n<p><span style=\"font-weight: 400;\">Cuando se enfrente a desaf\u00edos aparentemente insuperables, encuentre consuelo sabiendo que: <\/span><b><i>Jeff te tiene<\/i><\/b><i><span style=\"font-weight: 400;\">.<\/span><\/i><\/p>\n<h2><b>Protegiendo sus intereses legales y su bienestar<\/b><\/h2>\n<p><span style=\"font-weight: 400;\"><a href=\"https:\/\/attorneyjeff.com\/es\/attorney\/jeff-fayngor\/\">Jeff Fayngor<\/a>, el fundador de la firma y principal abogado especializado en lesiones personales, se dedica a proteger los mejores intereses de los clientes y garantizar que reciban la compensaci\u00f3n justa a la que tienen derecho. <\/span><span style=\"font-weight: 400;\">Desde el momento en que contratan nuestros servicios legales, los clientes pueden tener la seguridad de lo siguiente.<\/span><\/p>\n<h3><b>Su mejor inter\u00e9s es nuestro principio rector<\/b><\/h3>\n<p><span style=\"font-weight: 400;\">En Attorney Jeff Car Accident Lawyer, nuestra representaci\u00f3n legal se centra \u00fanicamente en lograr el mejor resultado posible para <\/span><i><span style=\"font-weight: 400;\">t\u00fa<\/span><\/i><span style=\"font-weight: 400;\">Esto se logra asesor\u00e1ndolo sobre los pros y contras de cada oferta, lo que le permitir\u00e1 tomar decisiones informadas sobre su caso.<\/span><\/p>\n<p><span style=\"font-weight: 400;\">Nuestros abogados de lesiones personales nunca priorizar\u00e1n un acuerdo r\u00e1pido sobre uno justo y equitativo. Por lo tanto, cada decisi\u00f3n estrat\u00e9gica, cada negociaci\u00f3n y cada acci\u00f3n se realiza teniendo en mente el bienestar a largo plazo de nuestros clientes y su m\u00e1xima recuperaci\u00f3n.<\/span><\/p>\n<h3><b>Sus derechos estar\u00e1n protegidos<\/b><\/h3>\n<p><span style=\"font-weight: 400;\">Las complejidades legales de los casos de lesiones personales, junto con las t\u00e1cticas enga\u00f1osas de las aseguradoras, pueden poner en grave peligro el caso de la v\u00edctima.<\/span><\/p>\n<p><span style=\"font-weight: 400;\">Nuestros abogados de lesiones personales se dedican plenamente a garantizar que sus derechos no sean violados por las compa\u00f1\u00edas de seguros, la parte contraria ni el propio sistema legal. Siempre le recomendaremos la mejor manera de proceder en cada etapa del proceso de reclamaci\u00f3n y los procedimientos legales.<\/span><\/p>\n<h3><b>Confidencialidad absoluta<\/b><\/h3>\n<p><span style=\"font-weight: 400;\">Todas las comunicaciones entre los clientes y nuestro bufete de abogados de lesiones personales est\u00e1n protegidas por el privilegio abogado-cliente.\u00a0<\/span><\/p>\n<p><span style=\"font-weight: 400;\">Esto significa que puede hablar con libertad y honestidad sobre los detalles de su accidente y lesiones, con la certeza de que esta informaci\u00f3n se mantendr\u00e1 confidencial y no podr\u00e1 utilizarse en su contra. Nuestro bufete de abogados especializado en lesiones personales fomenta la transparencia, ya que una comprensi\u00f3n integral del evento fortalece significativamente el caso.<\/span><\/p>\n<h3><b>Se cumplir\u00e1n todos los plazos de presentaci\u00f3n<\/b><\/h3>\n<p><span style=\"font-weight: 400;\">En California, las reclamaciones por lesiones personales suelen prescribir a los dos a\u00f1os de la fecha de la lesi\u00f3n. En algunos casos, ciertas excepciones pueden modificar este plazo, ampliando o reduciendo considerablemente el plazo de presentaci\u00f3n.<\/span><\/p>\n<p><span style=\"font-weight: 400;\">El incumplimiento de estos plazos podr\u00eda resultar en la anulaci\u00f3n permanente de su reclamaci\u00f3n. Sin embargo, puede estar seguro de que nuestro equipo legal supervisa minuciosamente todas las fechas importantes para garantizar la presentaci\u00f3n oportuna de toda la documentaci\u00f3n.<\/span><\/p>\n<h3><b>Transparencia y comunicaci\u00f3n<\/b><\/h3>\n<p><span style=\"font-weight: 400;\">Desde la consulta inicial hasta las negociaciones para obtener el mejor acuerdo, priorizamos la comunicaci\u00f3n abierta y honesta. Este compromiso garantiza que los clientes se mantengan informados sobre el progreso de su caso en cada etapa del proceso legal.<\/span><\/p>\n<p><span style=\"font-weight: 400;\">Para garantizar que las v\u00edctimas lesionadas comprendan cada fase de los procedimientos legales y se sientan seguras de nuestra representaci\u00f3n, nuestro equipo legal tambi\u00e9n est\u00e1 disponible para responder cualquier pregunta y abordar inquietudes si surgen.<\/span><\/p>\n<h2><b>Elige Experiencia. Elige Dedicaci\u00f3n. Elige Nuestro Bufete.<\/b><\/h2>\n<p><span style=\"font-weight: 400;\">Un accidente con lesiones personales, ya sea automovil\u00edstico, de cami\u00f3n comercial o laboral, es una experiencia terrible. Con el aumento de los gastos m\u00e9dicos, la presi\u00f3n financiera por la p\u00e9rdida de ingresos y el impacto f\u00edsico y emocional del incidente, el camino hacia la recuperaci\u00f3n puede ser desalentador.<\/span><\/p>\n<p><span style=\"font-weight: 400;\">No tiene que enfrentarse solo a las complejidades del sistema legal ni a las t\u00e1cticas agresivas de las aseguradoras. Al elegir nuestro bufete de abogados de lesiones personales, el abogado Jeff Car Accident Lawyer, est\u00e1 eligiendo un equipo legal experimentado, altamente capacitado y comprometido a obtener el mejor resultado posible para usted.<\/span><\/p>\n<p><span style=\"font-weight: 400;\">Permita que nuestros abogados de lesiones personales de California lleven la carga legal mientras usted se concentra en lo m\u00e1s importante: su recuperaci\u00f3n.<\/span><\/p>\n<p><a href=\"https:\/\/attorneyjeff.com\/es\/contact-us\/\"><span style=\"font-weight: 400;\">Cont\u00e1ctenos hoy para una consulta gratuita y sin compromiso.<\/span><\/a><span style=\"font-weight: 400;\">Estamos aqu\u00ed para escuchar su historia, evaluar su caso y demostrarle por qu\u00e9 somos la mejor opci\u00f3n para proteger sus intereses legales y luchar por la m\u00e1xima compensaci\u00f3n.<\/span><\/p>\n<h3><b>Tipos de casos que manejan nuestros abogados de lesiones personales<\/b><\/h3>\n<p><span style=\"font-weight: 400;\">Dada la diversidad de accidentes con lesiones personales, es crucial elegir un bufete de abogados con una trayectoria de \u00e9xito comprobada. En Attorney Jeff Car Accident Lawyer, nos especializamos en:<\/span><\/p>\n<ul>\n<li><a href=\"https:\/\/attorneyjeff.com\/es\/california-car-accident-lawyer\/?utm_source=fb&amp;utm_medium=paid&amp;utm_term=6606371234275&amp;utm_content=6622610163075&amp;utm_campaign=6606371234475&amp;gclid=CjwKCAiAlPu9BhAjEiwA5NDSA0L9vvZMDOpUV3pi1t6Wh6EHjyjs3hJrR1jsIIvO8X5Vctqm03_laRoC6sIQAvD_BwE\"><b>Accidentes de tr\u00e1fico<\/b><\/a><\/li>\n<li><a href=\"https:\/\/attorneyjeff.com\/es\/california-bicycle-accident-lawyer\/?utm_source=fb&amp;utm_medium=paid&amp;utm_term=6606371234275&amp;utm_content=6622610163075&amp;utm_campaign=6606371234475&amp;gclid=CjwKCAiAlPu9BhAjEiwA5NDSA0L9vvZMDOpUV3pi1t6Wh6EHjyjs3hJrR1jsIIvO8X5Vctqm03_laRoC6sIQAvD_BwE\"><b>Accidentes de bicicleta<\/b><\/a><\/li>\n<li><a href=\"https:\/\/attorneyjeff.com\/es\/california-dog-bite-lawyer\/?utm_source=fb&amp;utm_medium=paid&amp;utm_term=6606371234275&amp;utm_content=6622610163075&amp;utm_campaign=6606371234475&amp;gclid=CjwKCAiAlPu9BhAjEiwA5NDSA0L9vvZMDOpUV3pi1t6Wh6EHjyjs3hJrR1jsIIvO8X5Vctqm03_laRoC6sIQAvD_BwE\"><b>Mordeduras de perro<\/b><\/a><\/li>\n<li><a href=\"https:\/\/attorneyjeff.com\/es\/california-motorcycle-accident-lawyer\/?utm_source=fb&amp;utm_medium=paid&amp;utm_term=6606371234275&amp;utm_content=6622610163075&amp;utm_campaign=6606371234475&amp;gclid=CjwKCAiAlPu9BhAjEiwA5NDSA0L9vvZMDOpUV3pi1t6Wh6EHjyjs3hJrR1jsIIvO8X5Vctqm03_laRoC6sIQAvD_BwE\"><b>Accidentes de motocicleta<\/b><\/a><\/li>\n<li><a href=\"https:\/\/attorneyjeff.com\/es\/california-pedestrian-accident-lawyer\/?utm_source=fb&amp;utm_medium=paid&amp;utm_term=6606371234275&amp;utm_content=6622610163075&amp;utm_campaign=6606371234475&amp;gclid=CjwKCAiAlPu9BhAjEiwA5NDSA0L9vvZMDOpUV3pi1t6Wh6EHjyjs3hJrR1jsIIvO8X5Vctqm03_laRoC6sIQAvD_BwE\"><b>Accidentes de peatones<\/b><\/a><\/li>\n<li><a href=\"https:\/\/attorneyjeff.com\/es\/california-personal-injury-lawyer\/\"><b>Accidentes con lesiones personales<\/b><\/a><\/li>\n<li><a href=\"https:\/\/attorneyjeff.com\/es\/california-slip-and-fall-lawyer\/?utm_source=fb&amp;utm_medium=paid&amp;utm_term=6606371234275&amp;utm_content=6622610163075&amp;utm_campaign=6606371234475&amp;gclid=CjwKCAiAlPu9BhAjEiwA5NDSA0L9vvZMDOpUV3pi1t6Wh6EHjyjs3hJrR1jsIIvO8X5Vctqm03_laRoC6sIQAvD_BwE\"><b>Accidentes por resbalones y ca\u00eddas<\/b><\/a><\/li>\n<li><a href=\"https:\/\/attorneyjeff.com\/es\/california-truck-accident-lawyer\/?utm_source=fb&amp;utm_medium=paid&amp;utm_term=6606371234275&amp;utm_content=6622610163075&amp;utm_campaign=6606371234475&amp;gclid=CjwKCAiAlPu9BhAjEiwA5NDSA0L9vvZMDOpUV3pi1t6Wh6EHjyjs3hJrR1jsIIvO8X5Vctqm03_laRoC6sIQAvD_BwE\"><b>Accidentes de camiones<\/b><\/a><\/li>\n<li><a href=\"https:\/\/attorneyjeff.com\/es\/california-uber-lyft-accident-lawyer\/?utm_source=fb&amp;utm_medium=paid&amp;utm_term=6606371234275&amp;utm_content=6622610163075&amp;utm_campaign=6606371234475&amp;gclid=CjwKCAiAlPu9BhAjEiwA5NDSA0L9vvZMDOpUV3pi1t6Wh6EHjyjs3hJrR1jsIIvO8X5Vctqm03_laRoC6sIQAvD_BwE\"><b>Accidentes de Uber y Lyft<\/b><\/a><\/li>\n<li><a href=\"https:\/\/attorneyjeff.com\/es\/california-workers-compensation-lawyer\/?utm_source=fb&amp;utm_medium=paid&amp;utm_term=6606371234275&amp;utm_content=6622610163075&amp;utm_campaign=6606371234475&amp;gclid=CjwKCAiAlPu9BhAjEiwA5NDSA0L9vvZMDOpUV3pi1t6Wh6EHjyjs3hJrR1jsIIvO8X5Vctqm03_laRoC6sIQAvD_BwE\"><b>Compensaci\u00f3n laboral<\/b><\/a><\/li>\n<li><a href=\"https:\/\/attorneyjeff.com\/es\/california-wrongful-death-lawyer\/?utm_source=fb&amp;utm_medium=paid&amp;utm_term=6606371234275&amp;utm_content=6622610163075&amp;utm_campaign=6606371234475&amp;gclid=CjwKCAiAlPu9BhAjEiwA5NDSA0L9vvZMDOpUV3pi1t6Wh6EHjyjs3hJrR1jsIIvO8X5Vctqm03_laRoC6sIQAvD_BwE\"><b>Muerte por negligencia<\/b><\/a><\/li>\n<\/ul>\n<h2><b>Nuestras oficinas legales del sur de California<\/b><\/h2>\n<p><span style=\"font-weight: 400;\">Con oficinas legales convenientemente ubicadas en todo el sur de California, incluyendo el condado de Orange, el condado de Los \u00c1ngeles, el condado de San Bernardino y m\u00e1s, estamos aqu\u00ed para ayudarle. Comun\u00edquese hoy mismo con su oficina m\u00e1s cercana para obtener una consulta. <\/span><a href=\"https:\/\/attorneyjeff.com\/es\/free-consultation-test\/\"><span style=\"font-weight: 400;\">evaluaci\u00f3n de caso gratuita<\/span><\/a><span style=\"font-weight: 400;\">.<\/span><\/p>\n<ul>\n<li><a href=\"https:\/\/attorneyjeff.com\/es\/bakersfield-personal-injury-lawyer\/?utm_source=fb&amp;utm_medium=paid&amp;utm_term=6606371234275&amp;utm_content=6622610163075&amp;utm_campaign=6606371234475&amp;gclid=CjwKCAiAlPu9BhAjEiwA5NDSA0L9vvZMDOpUV3pi1t6Wh6EHjyjs3hJrR1jsIIvO8X5Vctqm03_laRoC6sIQAvD_BwE\"><b>Bakersfield<\/b><\/a><\/li>\n<li><a href=\"https:\/\/attorneyjeff.com\/es\/corona-car-accident-lawyer\/\"><b>Corona<\/b><\/a><\/li>\n<li><a href=\"https:\/\/attorneyjeff.com\/es\/fontana-injury\/?utm_source=fb&amp;utm_medium=paid&amp;utm_term=6606371234275&amp;utm_content=6622610163075&amp;utm_campaign=6606371234475&amp;gclid=CjwKCAiAlPu9BhAjEiwA5NDSA0L9vvZMDOpUV3pi1t6Wh6EHjyjs3hJrR1jsIIvO8X5Vctqm03_laRoC6sIQAvD_BwE\"><b>Fontana<\/b><\/a><\/li>\n<li><a href=\"https:\/\/attorneyjeff.com\/es\/fresno-personal-injury-lawyer\/?utm_source=fb&amp;utm_medium=paid&amp;utm_term=6606371234275&amp;utm_content=6622610163075&amp;utm_campaign=6606371234475&amp;gclid=CjwKCAiAlPu9BhAjEiwA5NDSA0L9vvZMDOpUV3pi1t6Wh6EHjyjs3hJrR1jsIIvO8X5Vctqm03_laRoC6sIQAvD_BwE\"><b>Fresno<\/b><\/a><\/li>\n<li><a href=\"https:\/\/attorneyjeff.com\/es\/hesperia-personal-injury-lawyer\/?utm_source=fb&amp;utm_medium=paid&amp;utm_term=6606371234275&amp;utm_content=6622610163075&amp;utm_campaign=6606371234475&amp;gclid=CjwKCAiAlPu9BhAjEiwA5NDSA0L9vvZMDOpUV3pi1t6Wh6EHjyjs3hJrR1jsIIvO8X5Vctqm03_laRoC6sIQAvD_BwE\"><b>Hesperia<\/b><\/a><\/li>\n<li><a href=\"https:\/\/attorneyjeff.com\/es\/rancho-cucamonga-personal-injury-lawyer\/?utm_source=fb&amp;utm_medium=paid&amp;utm_term=6606371234275&amp;utm_content=6622610163075&amp;utm_campaign=6606371234475&amp;gclid=CjwKCAiAlPu9BhAjEiwA5NDSA0L9vvZMDOpUV3pi1t6Wh6EHjyjs3hJrR1jsIIvO8X5Vctqm03_laRoC6sIQAvD_BwE\"><b>Rancho Cucamonga<\/b><\/a><\/li>\n<li><a href=\"https:\/\/attorneyjeff.com\/es\/santa-ana-personal-injury-lawyer\/?utm_source=fb&amp;utm_medium=paid&amp;utm_term=6606371234275&amp;utm_content=6622610163075&amp;utm_campaign=6606371234475&amp;gclid=CjwKCAiAlPu9BhAjEiwA5NDSA0L9vvZMDOpUV3pi1t6Wh6EHjyjs3hJrR1jsIIvO8X5Vctqm03_laRoC6sIQAvD_BwE\"><b>Santa Ana<\/b><\/a><\/li>\n<li><a href=\"https:\/\/attorneyjeff.com\/es\/tustin-personal-injury-lawyer\/\"><b>Tustin<\/b><\/a><\/li>\n<li><a href=\"https:\/\/attorneyjeff.com\/es\/van-nuys-injury\/?utm_source=fb&amp;utm_medium=paid&amp;utm_term=6606371234275&amp;utm_content=6622610163075&amp;utm_campaign=6606371234475&amp;gclid=CjwKCAiAlPu9BhAjEiwA5NDSA0L9vvZMDOpUV3pi1t6Wh6EHjyjs3hJrR1jsIIvO8X5Vctqm03_laRoC6sIQAvD_BwE\"><b>Van Nuys<\/b><\/a><\/li>\n<li><a href=\"https:\/\/attorneyjeff.com\/es\/visalia-personal-injury-lawyer\/?utm_source=fb&amp;utm_medium=paid&amp;utm_term=6606371234275&amp;utm_content=6622610163075&amp;utm_campaign=6606371234475&amp;gclid=CjwKCAiAlPu9BhAjEiwA5NDSA0L9vvZMDOpUV3pi1t6Wh6EHjyjs3hJrR1jsIIvO8X5Vctqm03_laRoC6sIQAvD_BwE\"><b>Visalia<\/b><\/a><\/li>\n<\/ul>","protected":false},"excerpt":{"rendered":"<p>Por qu\u00e9 nuestro bufete de abogados de lesiones personales de California es su mejor opci\u00f3n despu\u00e9s de un accidente Cuando ocurre lo inesperado y alguien\u2026<\/p>","protected":false},"author":24,"featured_media":2225,"parent":0,"menu_order":0,"comment_status":"closed","ping_status":"closed","template":"","meta":{"inline_featured_image":false,"_monsterinsights_skip_tracking":false,"_monsterinsights_sitenote_active":false,"_monsterinsights_sitenote_note":"","_monsterinsights_sitenote_category":0,"footnotes":""},"class_list":["post-2559","page","type-page","status-publish","has-post-thumbnail","hentry"],"acf":[],"yoast_head":"<!-- This site is optimized with the Yoast SEO plugin v27.4 - https:\/\/yoast.com\/product\/yoast-seo-wordpress\/ -->\n<title>Attorney Jeff Car Accident Lawyer | Jeff&#039;s Got You<\/title>\n<meta name=\"description\" content=\"Our personal injury attorneys are committed to securing the highest possible compensation for our clients. After an accident, Jeff\u2019s got you.\" \/>\n<meta name=\"robots\" content=\"index, follow, max-snippet:-1, max-image-preview:large, max-video-preview:-1\" \/>\n<link rel=\"canonical\" href=\"https:\/\/attorneyjeff.com\/es\/jeffs-got-you\/\" \/>\n<meta property=\"og:locale\" content=\"es_MX\" \/>\n<meta property=\"og:type\" content=\"article\" \/>\n<meta property=\"og:title\" content=\"Attorney Jeff Car Accident Lawyer | Jeff&#039;s Got You\" \/>\n<meta property=\"og:description\" content=\"Our personal injury attorneys are committed to securing the highest possible compensation for our clients. After an accident, Jeff\u2019s got you.\" \/>\n<meta property=\"og:url\" content=\"https:\/\/attorneyjeff.com\/es\/jeffs-got-you\/\" \/>\n<meta property=\"og:site_name\" content=\"Attorney Jeff\" \/>\n<meta property=\"article:modified_time\" content=\"2025-07-03T01:02:44+00:00\" \/>\n<meta property=\"og:image\" content=\"https:\/\/attorneyjeff.com\/wp-content\/uploads\/2025\/02\/cropped-Website-Background-1000-x-250-px-11.png\" \/>\n\t<meta property=\"og:image:width\" content=\"1000\" \/>\n\t<meta property=\"og:image:height\" content=\"249\" \/>\n\t<meta property=\"og:image:type\" content=\"image\/png\" \/>\n<meta name=\"twitter:card\" content=\"summary_large_image\" \/>\n<script type=\"application\/ld+json\" class=\"yoast-schema-graph\">{\"@context\":\"https:\\\/\\\/schema.org\",\"@graph\":[{\"@type\":\"WebPage\",\"@id\":\"https:\\\/\\\/attorneyjeff.com\\\/jeffs-got-you\\\/\",\"url\":\"https:\\\/\\\/attorneyjeff.com\\\/jeffs-got-you\\\/\",\"name\":\"Attorney Jeff Car Accident Lawyer | Jeff's Got You\",\"isPartOf\":{\"@id\":\"https:\\\/\\\/attorneyjeff.com\\\/#website\"},\"primaryImageOfPage\":{\"@id\":\"https:\\\/\\\/attorneyjeff.com\\\/jeffs-got-you\\\/#primaryimage\"},\"image\":{\"@id\":\"https:\\\/\\\/attorneyjeff.com\\\/jeffs-got-you\\\/#primaryimage\"},\"thumbnailUrl\":\"https:\\\/\\\/attorneyjeff.com\\\/wp-content\\\/uploads\\\/2025\\\/02\\\/cropped-Website-Background-1000-x-250-px-11.png\",\"datePublished\":\"2025-07-03T00:48:03+00:00\",\"dateModified\":\"2025-07-03T01:02:44+00:00\",\"description\":\"Our personal injury attorneys are committed to securing the highest possible compensation for our clients. After an accident, Jeff\u2019s got you.\",\"breadcrumb\":{\"@id\":\"https:\\\/\\\/attorneyjeff.com\\\/jeffs-got-you\\\/#breadcrumb\"},\"inLanguage\":\"es\",\"potentialAction\":[{\"@type\":\"ReadAction\",\"target\":[\"https:\\\/\\\/attorneyjeff.com\\\/jeffs-got-you\\\/\"]}]},{\"@type\":\"ImageObject\",\"inLanguage\":\"es\",\"@id\":\"https:\\\/\\\/attorneyjeff.com\\\/jeffs-got-you\\\/#primaryimage\",\"url\":\"https:\\\/\\\/attorneyjeff.com\\\/wp-content\\\/uploads\\\/2025\\\/02\\\/cropped-Website-Background-1000-x-250-px-11.png\",\"contentUrl\":\"https:\\\/\\\/attorneyjeff.com\\\/wp-content\\\/uploads\\\/2025\\\/02\\\/cropped-Website-Background-1000-x-250-px-11.png\",\"width\":1000,\"height\":249},{\"@type\":\"BreadcrumbList\",\"@id\":\"https:\\\/\\\/attorneyjeff.com\\\/jeffs-got-you\\\/#breadcrumb\",\"itemListElement\":[{\"@type\":\"ListItem\",\"position\":1,\"name\":\"Home\",\"item\":\"https:\\\/\\\/attorneyjeff.com\\\/\"},{\"@type\":\"ListItem\",\"position\":2,\"name\":\"Jeff\u2019s Got You\"}]},{\"@type\":\"WebSite\",\"@id\":\"https:\\\/\\\/attorneyjeff.com\\\/#website\",\"url\":\"https:\\\/\\\/attorneyjeff.com\\\/\",\"name\":\"Attorney Jeff\",\"description\":\"Car Accident Lawyer\",\"potentialAction\":[{\"@type\":\"SearchAction\",\"target\":{\"@type\":\"EntryPoint\",\"urlTemplate\":\"https:\\\/\\\/attorneyjeff.com\\\/?s={search_term_string}\"},\"query-input\":{\"@type\":\"PropertyValueSpecification\",\"valueRequired\":true,\"valueName\":\"search_term_string\"}}],\"inLanguage\":\"es\"}]}<\/script>\n<!-- \/ Yoast SEO plugin. -->","yoast_head_json":{"title":"Abogado Jeff, abogado de accidentes automovil\u00edsticos | Jeff te tiene cubierto","description":"Nuestros abogados de lesiones personales se comprometen a obtener la mayor indemnizaci\u00f3n posible para nuestros clientes. Despu\u00e9s de un accidente, Jeff est\u00e1 aqu\u00ed para ayudarle.","robots":{"index":"index","follow":"follow","max-snippet":"max-snippet:-1","max-image-preview":"max-image-preview:large","max-video-preview":"max-video-preview:-1"},"canonical":"https:\/\/attorneyjeff.com\/es\/jeffs-got-you\/","og_locale":"es_MX","og_type":"article","og_title":"Attorney Jeff Car Accident Lawyer | Jeff's Got You","og_description":"Our personal injury attorneys are committed to securing the highest possible compensation for our clients. After an accident, Jeff\u2019s got you.","og_url":"https:\/\/attorneyjeff.com\/es\/jeffs-got-you\/","og_site_name":"Attorney Jeff","article_modified_time":"2025-07-03T01:02:44+00:00","og_image":[{"width":1000,"height":249,"url":"https:\/\/attorneyjeff.com\/wp-content\/uploads\/2025\/02\/cropped-Website-Background-1000-x-250-px-11.png","type":"image\/png"}],"twitter_card":"summary_large_image","schema":{"@context":"https:\/\/schema.org","@graph":[{"@type":"WebPage","@id":"https:\/\/attorneyjeff.com\/jeffs-got-you\/","url":"https:\/\/attorneyjeff.com\/jeffs-got-you\/","name":"Abogado Jeff, abogado de accidentes automovil\u00edsticos | Jeff te tiene cubierto","isPartOf":{"@id":"https:\/\/attorneyjeff.com\/#website"},"primaryImageOfPage":{"@id":"https:\/\/attorneyjeff.com\/jeffs-got-you\/#primaryimage"},"image":{"@id":"https:\/\/attorneyjeff.com\/jeffs-got-you\/#primaryimage"},"thumbnailUrl":"https:\/\/attorneyjeff.com\/wp-content\/uploads\/2025\/02\/cropped-Website-Background-1000-x-250-px-11.png","datePublished":"2025-07-03T00:48:03+00:00","dateModified":"2025-07-03T01:02:44+00:00","description":"Nuestros abogados de lesiones personales se comprometen a obtener la mayor indemnizaci\u00f3n posible para nuestros clientes. Despu\u00e9s de un accidente, Jeff est\u00e1 aqu\u00ed para ayudarle.","breadcrumb":{"@id":"https:\/\/attorneyjeff.com\/jeffs-got-you\/#breadcrumb"},"inLanguage":"es","potentialAction":[{"@type":"ReadAction","target":["https:\/\/attorneyjeff.com\/jeffs-got-you\/"]}]},{"@type":"ImageObject","inLanguage":"es","@id":"https:\/\/attorneyjeff.com\/jeffs-got-you\/#primaryimage","url":"https:\/\/attorneyjeff.com\/wp-content\/uploads\/2025\/02\/cropped-Website-Background-1000-x-250-px-11.png","contentUrl":"https:\/\/attorneyjeff.com\/wp-content\/uploads\/2025\/02\/cropped-Website-Background-1000-x-250-px-11.png","width":1000,"height":249},{"@type":"BreadcrumbList","@id":"https:\/\/attorneyjeff.com\/jeffs-got-you\/#breadcrumb","itemListElement":[{"@type":"ListItem","position":1,"name":"Home","item":"https:\/\/attorneyjeff.com\/"},{"@type":"ListItem","position":2,"name":"Jeff\u2019s Got You"}]},{"@type":"WebSite","@id":"https:\/\/attorneyjeff.com\/#website","url":"https:\/\/attorneyjeff.com\/","name":"El abogado Jeff","description":"Abogado de accidentes de coche","potentialAction":[{"@type":"SearchAction","target":{"@type":"EntryPoint","urlTemplate":"https:\/\/attorneyjeff.com\/?s={search_term_string}"},"query-input":{"@type":"PropertyValueSpecification","valueRequired":true,"valueName":"search_term_string"}}],"inLanguage":"es"}]}},"_links":{"self":[{"href":"https:\/\/attorneyjeff.com\/es\/wp-json\/wp\/v2\/pages\/2559","targetHints":{"allow":["GET"]}}],"collection":[{"href":"https:\/\/attorneyjeff.com\/es\/wp-json\/wp\/v2\/pages"}],"about":[{"href":"https:\/\/attorneyjeff.com\/es\/wp-json\/wp\/v2\/types\/page"}],"author":[{"embeddable":true,"href":"https:\/\/attorneyjeff.com\/es\/wp-json\/wp\/v2\/users\/24"}],"replies":[{"embeddable":true,"href":"https:\/\/attorneyjeff.com\/es\/wp-json\/wp\/v2\/comments?post=2559"}],"version-history":[{"count":0,"href":"https:\/\/attorneyjeff.com\/es\/wp-json\/wp\/v2\/pages\/2559\/revisions"}],"wp:featuredmedia":[{"embeddable":true,"href":"https:\/\/attorneyjeff.com\/es\/wp-json\/wp\/v2\/media\/2225"}],"wp:attachment":[{"href":"https:\/\/attorneyjeff.com\/es\/wp-json\/wp\/v2\/media?parent=2559"}],"curies":[{"name":"wp","href":"https:\/\/api.w.org\/{rel}","templated":true}]}}