{"id":2859,"date":"2025-11-05T13:00:01","date_gmt":"2025-11-05T21:00:01","guid":{"rendered":"https:\/\/attorneyjeff25.wpenginepowered.com\/?page_id=2859"},"modified":"2026-01-05T16:38:35","modified_gmt":"2026-01-06T00:38:35","slug":"current-clients","status":"publish","type":"page","link":"https:\/\/attorneyjeff.com\/es\/current-clients\/","title":{"rendered":"Clientes actuales"},"content":{"rendered":"<section class=\"client-hero\" style=\"background-color: #ffffff; color: #0b3d3a; padding: 70px 20px 60px; text-align: center;\">\n<div class=\"container\" style=\"max-width: 900px; margin: 0 auto;\">\n<div style=\"border: 3px solid #21b37a; border-radius: 12px; padding: 50px 30px; display: flex; flex-direction: column; align-items: center; justify-content: center; box-shadow: 0 8px 24px rgba(0,0,0,0.08);\">\n<h1 style=\"font-size: 2.2rem; font-weight: 800; margin-bottom: 10px;\">\u00bfYa eres cliente?<\/h1>\n<h1 style=\"font-size: 2.2rem; font-weight: 800; margin-bottom: 10px;\">Estamos aqu\u00ed para ayudar.<\/h1>\n<p style=\"font-size: 1.05rem; margin-bottom: 30px; line-height: 1.5; max-width: 600px;\">Si ya es cliente, llame a nuestra l\u00ednea exclusiva para comunicarse directamente con su equipo de caso.<br \/>\n<strong>Disponible las 24 horas, los 7 d\u00edas de la semana \u2022 Ingl\u00e9s y espa\u00f1ol<\/strong><\/p>\n<p><a class=\"btn\" style=\"background-color: #21b37a; color: #fff; font-weight: 800; text-transform: uppercase; padding: 16px 36px; border-radius: 8px; text-decoration: none; display: inline-block; letter-spacing: 0.5px; font-size: 1rem; min-width: 240px; text-align: center;\" href=\"tel:7142942803\">L\u00ednea de atenci\u00f3n al cliente<br \/>\n<\/a><\/p>\n<\/div>\n<\/div>\n<\/section>\n<p><!-- DOTTED DIVIDER --><\/p>\n<div style=\"width: 100%; max-width: 900px; margin: 60px auto; border-bottom: 4px dotted #21b37a;\"><\/div>\n<p><!-- FAQ SECTION --><\/p>\n<section class=\"client-faq\" style=\"padding: 80px 20px; background-color: #fff;\">\n<div class=\"container\" style=\"max-width: 900px; margin: 0 auto;\">\n<h2 style=\"text-align: center; font-size: 2rem; font-weight: 800; color: #0b3d3a; margin-bottom: 40px;\">Preguntas frecuentes<\/h2>\n<details style=\"margin-bottom: 15px; border: 1px solid #ddd; border-radius: 6px; padding: 15px;\">\n<summary style=\"font-weight: bold; cursor: pointer;\">\u00bfA qu\u00e9 n\u00famero debo llamar?<\/summary>\n<p style=\"margin-top: 10px;\">Utilice nuestra l\u00ednea de atenci\u00f3n al cliente exclusiva: <a style=\"color: inherit; text-decoration: none;\" href=\"tel:7142942803\">(714) 294-2803<\/a>Esta l\u00ednea le conecta directamente con su equipo de caso para que podamos ayudarle m\u00e1s r\u00e1pidamente.<\/p>\n<\/details>\n<details style=\"margin-bottom: 15px; border: 1px solid #ddd; border-radius: 6px; padding: 15px;\">\n<summary style=\"font-weight: bold; cursor: pointer;\">\u00bfPuedo ponerme en contacto con mi gestor de caso?<\/summary>\n<p style=\"margin-top: 10px;\">S\u00ed, puedes enviar un correo electr\u00f3nico, llamar o enviar un mensaje de texto directamente a tu gestor de caso, pero llamar es la forma m\u00e1s r\u00e1pida de obtener actualizaciones o ayuda con tu caso.<\/p>\n<\/details>\n<details style=\"margin-bottom: 15px; border: 1px solid #ddd; border-radius: 6px; padding: 15px;\">\n<summary style=\"font-weight: bold; cursor: pointer;\">\u00bfPuedo enviar fotos o documentos?<\/summary>\n<p style=\"margin-top: 10px;\">\u00a1Por supuesto! Podemos proporcionarle un enlace de carga seguro o aceptar archivos por mensaje de texto o correo electr\u00f3nico; solo tiene que preguntar cuando llame.<\/p>\n<\/details>\n<details style=\"margin-bottom: 15px; border: 1px solid #ddd; border-radius: 6px; padding: 15px;\">\n<summary style=\"font-weight: bold; cursor: pointer;\">\u00bfTienen personal que hable espa\u00f1ol?<\/summary>\n<p style=\"margin-top: 10px;\">S\u00ed. Nuestro equipo biling\u00fce est\u00e1 listo para ayudarle las 24 horas del d\u00eda, los 7 d\u00edas de la semana, en ingl\u00e9s o espa\u00f1ol.<\/p>\n<\/details>\n<\/div>\n<\/section>\n<p><!-- DOTTED DIVIDER --><\/p>\n<div style=\"width: 100%; max-width: 900px; margin: 60px auto; border-bottom: 4px dotted #21b37a;\"><\/div>\n<p><!-- CTA SECTION --><\/p>\n<section class=\"client-cta\" style=\"background-color: #ffffff; text-align: center; padding: 80px 20px;\">\n<div class=\"container\" style=\"max-width: 900px; margin: 0 auto;\">\n<div style=\"border: 3px solid #00334e; border-radius: 12px; padding: 0; box-shadow: 0 8px 24px rgba(0,0,0,0.08);\">\n<div style=\"background-color: #21b37a; border-radius: 9px; padding: 60px 40px;\">\n<h2 style=\"font-size: 2rem; font-weight: 800; margin-bottom: 25px; color: #fff;\">Siempre estamos aqu\u00ed para nuestros clientes.<\/h2>\n<p style=\"font-size: 1.1rem; margin-bottom: 40px; color: #00334e;\">Llame a nuestra l\u00ednea de atenci\u00f3n al cliente para obtener actualizaciones, resolver dudas o recibir ayuda con su caso.<\/p>\n<p><a class=\"btn\" style=\"background-color: transparent; color: #fff; border: 2px solid #fff; font-weight: 800; text-transform: uppercase; padding: 16px 40px; border-radius: 8px; text-decoration: none; display: inline-block; letter-spacing: 0.5px; font-size: 1rem; min-width: 260px; text-align: center;\" href=\"tel:7142942803\">L\u00ednea de atenci\u00f3n al cliente<br \/>\n<\/a><\/p>\n<\/div>\n<\/div>\n<\/div>\n<\/section>","protected":false},"excerpt":{"rendered":"<p>\u00bfYa eres cliente? Estamos aqu\u00ed para ayudarte. Si ya eres cliente, llama a nuestra l\u00ednea exclusiva para que te ayudemos con tu caso\u2026<\/p>","protected":false},"author":30,"featured_media":2863,"parent":0,"menu_order":0,"comment_status":"closed","ping_status":"closed","template":"","meta":{"inline_featured_image":false,"_monsterinsights_skip_tracking":false,"_monsterinsights_sitenote_active":false,"_monsterinsights_sitenote_note":"","_monsterinsights_sitenote_category":0,"footnotes":""},"class_list":["post-2859","page","type-page","status-publish","has-post-thumbnail","hentry"],"acf":[],"yoast_head":"<!-- This site is optimized with the Yoast SEO plugin v27.6 - https:\/\/yoast.com\/product\/yoast-seo-wordpress\/ -->\n<title>Current Clients - Attorney Jeff<\/title>\n<meta name=\"description\" content=\"Already a client? Call our 24\/7 support line for case updates and help from your Attorney Jeff team. English &amp; Espa\u00f1ol support available.\" \/>\n<meta name=\"robots\" content=\"index, follow, max-snippet:-1, max-image-preview:large, max-video-preview:-1\" \/>\n<link rel=\"canonical\" href=\"https:\/\/attorneyjeff.com\/es\/current-clients\/\" \/>\n<meta property=\"og:locale\" content=\"es_MX\" \/>\n<meta property=\"og:type\" content=\"article\" \/>\n<meta property=\"og:title\" content=\"Current Clients - Attorney Jeff\" \/>\n<meta property=\"og:description\" content=\"Already a client? Call our 24\/7 support line for case updates and help from your Attorney Jeff team. English &amp; Espa\u00f1ol support available.\" \/>\n<meta property=\"og:url\" content=\"https:\/\/attorneyjeff.com\/es\/current-clients\/\" \/>\n<meta property=\"og:site_name\" content=\"Attorney Jeff\" \/>\n<meta property=\"article:modified_time\" content=\"2026-01-06T00:38:35+00:00\" \/>\n<meta property=\"og:image\" content=\"https:\/\/attorneyjeff.com\/wp-content\/uploads\/2025\/11\/shutterstock_1711312222-scaled.jpg\" \/>\n\t<meta property=\"og:image:width\" content=\"2560\" \/>\n\t<meta property=\"og:image:height\" content=\"1097\" \/>\n\t<meta property=\"og:image:type\" content=\"image\/jpeg\" \/>\n<meta name=\"twitter:card\" content=\"summary_large_image\" \/>\n<script type=\"application\/ld+json\" class=\"yoast-schema-graph\">{\"@context\":\"https:\\\/\\\/schema.org\",\"@graph\":[{\"@type\":\"WebPage\",\"@id\":\"https:\\\/\\\/attorneyjeff.com\\\/current-clients\\\/\",\"url\":\"https:\\\/\\\/attorneyjeff.com\\\/current-clients\\\/\",\"name\":\"Current Clients - Attorney Jeff\",\"isPartOf\":{\"@id\":\"https:\\\/\\\/attorneyjeff.com\\\/#website\"},\"primaryImageOfPage\":{\"@id\":\"https:\\\/\\\/attorneyjeff.com\\\/current-clients\\\/#primaryimage\"},\"image\":{\"@id\":\"https:\\\/\\\/attorneyjeff.com\\\/current-clients\\\/#primaryimage\"},\"thumbnailUrl\":\"https:\\\/\\\/attorneyjeff.com\\\/wp-content\\\/uploads\\\/2025\\\/11\\\/shutterstock_1711312222-scaled.jpg\",\"datePublished\":\"2025-11-05T21:00:01+00:00\",\"dateModified\":\"2026-01-06T00:38:35+00:00\",\"description\":\"Already a client? Call our 24\\\/7 support line for case updates and help from your Attorney Jeff team. English & Espa\u00f1ol support available.\",\"breadcrumb\":{\"@id\":\"https:\\\/\\\/attorneyjeff.com\\\/current-clients\\\/#breadcrumb\"},\"inLanguage\":\"es\",\"potentialAction\":[{\"@type\":\"ReadAction\",\"target\":[\"https:\\\/\\\/attorneyjeff.com\\\/current-clients\\\/\"]}]},{\"@type\":\"ImageObject\",\"inLanguage\":\"es\",\"@id\":\"https:\\\/\\\/attorneyjeff.com\\\/current-clients\\\/#primaryimage\",\"url\":\"https:\\\/\\\/attorneyjeff.com\\\/wp-content\\\/uploads\\\/2025\\\/11\\\/shutterstock_1711312222-scaled.jpg\",\"contentUrl\":\"https:\\\/\\\/attorneyjeff.com\\\/wp-content\\\/uploads\\\/2025\\\/11\\\/shutterstock_1711312222-scaled.jpg\",\"width\":2560,\"height\":1097},{\"@type\":\"BreadcrumbList\",\"@id\":\"https:\\\/\\\/attorneyjeff.com\\\/current-clients\\\/#breadcrumb\",\"itemListElement\":[{\"@type\":\"ListItem\",\"position\":1,\"name\":\"Home\",\"item\":\"https:\\\/\\\/attorneyjeff.com\\\/\"},{\"@type\":\"ListItem\",\"position\":2,\"name\":\"Current Clients\"}]},{\"@type\":\"WebSite\",\"@id\":\"https:\\\/\\\/attorneyjeff.com\\\/#website\",\"url\":\"https:\\\/\\\/attorneyjeff.com\\\/\",\"name\":\"Attorney Jeff\",\"description\":\"Car Accident Lawyer\",\"potentialAction\":[{\"@type\":\"SearchAction\",\"target\":{\"@type\":\"EntryPoint\",\"urlTemplate\":\"https:\\\/\\\/attorneyjeff.com\\\/?s={search_term_string}\"},\"query-input\":{\"@type\":\"PropertyValueSpecification\",\"valueRequired\":true,\"valueName\":\"search_term_string\"}}],\"inLanguage\":\"es\"}]}<\/script>\n<!-- \/ Yoast SEO plugin. -->","yoast_head_json":{"title":"Clientes actuales - Abogado Jeff","description":"\u00bfYa es cliente? Llame a nuestra l\u00ednea de soporte disponible las 24 horas, todos los d\u00edas, para obtener actualizaciones sobre su caso y ayuda del equipo del abogado Jeff. Soporte disponible en ingl\u00e9s y espa\u00f1ol.","robots":{"index":"index","follow":"follow","max-snippet":"max-snippet:-1","max-image-preview":"max-image-preview:large","max-video-preview":"max-video-preview:-1"},"canonical":"https:\/\/attorneyjeff.com\/es\/current-clients\/","og_locale":"es_MX","og_type":"article","og_title":"Current Clients - Attorney Jeff","og_description":"Already a client? Call our 24\/7 support line for case updates and help from your Attorney Jeff team. English & Espa\u00f1ol support available.","og_url":"https:\/\/attorneyjeff.com\/es\/current-clients\/","og_site_name":"Attorney Jeff","article_modified_time":"2026-01-06T00:38:35+00:00","og_image":[{"width":2560,"height":1097,"url":"https:\/\/attorneyjeff.com\/wp-content\/uploads\/2025\/11\/shutterstock_1711312222-scaled.jpg","type":"image\/jpeg"}],"twitter_card":"summary_large_image","schema":{"@context":"https:\/\/schema.org","@graph":[{"@type":"WebPage","@id":"https:\/\/attorneyjeff.com\/current-clients\/","url":"https:\/\/attorneyjeff.com\/current-clients\/","name":"Clientes actuales - Abogado Jeff","isPartOf":{"@id":"https:\/\/attorneyjeff.com\/#website"},"primaryImageOfPage":{"@id":"https:\/\/attorneyjeff.com\/current-clients\/#primaryimage"},"image":{"@id":"https:\/\/attorneyjeff.com\/current-clients\/#primaryimage"},"thumbnailUrl":"https:\/\/attorneyjeff.com\/wp-content\/uploads\/2025\/11\/shutterstock_1711312222-scaled.jpg","datePublished":"2025-11-05T21:00:01+00:00","dateModified":"2026-01-06T00:38:35+00:00","description":"\u00bfYa es cliente? Llame a nuestra l\u00ednea de soporte disponible las 24 horas, todos los d\u00edas, para obtener actualizaciones sobre su caso y ayuda del equipo del abogado Jeff. Soporte disponible en ingl\u00e9s y espa\u00f1ol.","breadcrumb":{"@id":"https:\/\/attorneyjeff.com\/current-clients\/#breadcrumb"},"inLanguage":"es","potentialAction":[{"@type":"ReadAction","target":["https:\/\/attorneyjeff.com\/current-clients\/"]}]},{"@type":"ImageObject","inLanguage":"es","@id":"https:\/\/attorneyjeff.com\/current-clients\/#primaryimage","url":"https:\/\/attorneyjeff.com\/wp-content\/uploads\/2025\/11\/shutterstock_1711312222-scaled.jpg","contentUrl":"https:\/\/attorneyjeff.com\/wp-content\/uploads\/2025\/11\/shutterstock_1711312222-scaled.jpg","width":2560,"height":1097},{"@type":"BreadcrumbList","@id":"https:\/\/attorneyjeff.com\/current-clients\/#breadcrumb","itemListElement":[{"@type":"ListItem","position":1,"name":"Home","item":"https:\/\/attorneyjeff.com\/"},{"@type":"ListItem","position":2,"name":"Current Clients"}]},{"@type":"WebSite","@id":"https:\/\/attorneyjeff.com\/#website","url":"https:\/\/attorneyjeff.com\/","name":"El abogado Jeff","description":"Abogado de accidentes de coche","potentialAction":[{"@type":"SearchAction","target":{"@type":"EntryPoint","urlTemplate":"https:\/\/attorneyjeff.com\/?s={search_term_string}"},"query-input":{"@type":"PropertyValueSpecification","valueRequired":true,"valueName":"search_term_string"}}],"inLanguage":"es"}]}},"_links":{"self":[{"href":"https:\/\/attorneyjeff.com\/es\/wp-json\/wp\/v2\/pages\/2859","targetHints":{"allow":["GET"]}}],"collection":[{"href":"https:\/\/attorneyjeff.com\/es\/wp-json\/wp\/v2\/pages"}],"about":[{"href":"https:\/\/attorneyjeff.com\/es\/wp-json\/wp\/v2\/types\/page"}],"author":[{"embeddable":true,"href":"https:\/\/attorneyjeff.com\/es\/wp-json\/wp\/v2\/users\/30"}],"replies":[{"embeddable":true,"href":"https:\/\/attorneyjeff.com\/es\/wp-json\/wp\/v2\/comments?post=2859"}],"version-history":[{"count":0,"href":"https:\/\/attorneyjeff.com\/es\/wp-json\/wp\/v2\/pages\/2859\/revisions"}],"wp:featuredmedia":[{"embeddable":true,"href":"https:\/\/attorneyjeff.com\/es\/wp-json\/wp\/v2\/media\/2863"}],"wp:attachment":[{"href":"https:\/\/attorneyjeff.com\/es\/wp-json\/wp\/v2\/media?parent=2859"}],"curies":[{"name":"wp","href":"https:\/\/api.w.org\/{rel}","templated":true}]}}