{"id":849,"date":"2019-02-15T18:55:11","date_gmt":"2019-02-15T22:55:11","guid":{"rendered":"http:\/\/attorney-jeff-injury-lawyers.lo\/home\/"},"modified":"2026-04-17T12:19:58","modified_gmt":"2026-04-17T19:19:58","slug":"home-2","status":"publish","type":"page","link":"https:\/\/attorneyjeff.com\/es\/","title":{"rendered":"INICIO"},"content":{"rendered":"<div data-elementor-type=\"wp-page\" data-elementor-id=\"849\" class=\"elementor elementor-849\">\n\t\t\t\t<div class=\"elementor-element elementor-element-24e0e9df e-flex e-con-boxed e-con e-parent\" data-id=\"24e0e9df\" data-element_type=\"container\">\n\t\t\t\t\t<div class=\"e-con-inner\">\n\t\t\t\t<div class=\"elementor-element elementor-element-2447f717 elementor-widget elementor-widget-text-editor\" data-id=\"2447f717\" data-element_type=\"widget\" data-widget_type=\"text-editor.default\">\n\t\t\t\t<div class=\"elementor-widget-container\">\n\t\t\t\t\t\t\t\t\t<h2>Abogados de lesiones personales galardonados<\/h2>\n<p>\n<span style=\"font-weight: 400;\">Despu\u00e9s de un accidente con lesiones personales, necesita la defensa profesional de un equipo legal calificado para asegurar la compensaci\u00f3n que se merece.<\/span>\n<p>\n<span style=\"font-weight: 400;\">En el bufete Jeff Car Accident Lawyer, nuestros abogados de lesiones personales comprenden los desaf\u00edos que enfrentan las v\u00edctimas de accidentes. Nos dedicamos a ayudar a nuestros clientes a superar estos nuevos obst\u00e1culos para que puedan recuperarse financiera, f\u00edsica y emocionalmente.<\/span>\n<p>\n<span style=\"font-weight: 400;\">Nuestro bufete de abogados de lesiones personales representa a clientes en todo el condado de Los \u00c1ngeles, el condado de Orange, el condado de Riverside y los condados circundantes en el sur de California.<\/span>\n<p>\n<span style=\"font-weight: 400;\">Programar una <\/span><a href=\"https:\/\/attorneyjeff.com\/es\/contact-us\/\"><span style=\"font-weight: 400;\">consulta gratuita<\/span><\/a><span style=\"font-weight: 400;\"> para obtener m\u00e1s informaci\u00f3n sobre nuestros servicios galardonados y c\u00f3mo podemos ayudarlo a maximizar su liquidaci\u00f3n.\u00a0<\/span> Abogados de lesiones personales en California.\n<p>\n<button id=\"toggleButton\" class=\"btn\">M\u00e1s informaci\u00f3n \u2193<\/button>\n<div id=\"toggleContent\" style=\"display: none;\">\n<h2>Tipos de casos de lesiones personales que manejamos<\/h2>\n<div class=\"sm-stat-container\">\n<div class=\"sm-stat\">\n<h3>Accidentes de coche<\/h3>\nLas leyes de accidentes automovil\u00edsticos de California permiten que las v\u00edctimas reciban una indemnizaci\u00f3n cuando sufren lesiones. Algo tan peque\u00f1o como una infracci\u00f3n de tr\u00e1nsito puede generar responsabilidad legal y dar derecho a una indemnizaci\u00f3n por da\u00f1os y perjuicios.\n\n<\/div>\n<div class=\"sm-stat\">\n<h3>Accidentes de camiones<\/h3>\nLos accidentes de cami\u00f3n pueden causar lesiones devastadoras. Le ayudamos a obtener una compensaci\u00f3n por las p\u00e9rdidas y da\u00f1os sufridos.\n\n<\/div>\n<div class=\"sm-stat\">\n<h3>Accidentes de motocicleta<\/h3>\nNuestro equipo defiende los derechos de las v\u00edctimas de accidentes de motocicleta. Buscamos una compensaci\u00f3n justa por el da\u00f1o sufrido.\n\n<\/div>\n<div class=\"sm-stat\">\n<h3>Accidentes de Uber y Lyft<\/h3>\nPodr\u00edas tener derecho a una indemnizaci\u00f3n como pasajero, acompa\u00f1ante de otro veh\u00edculo o incluso como conductor. Entendemos c\u00f3mo reclamar una indemnizaci\u00f3n en accidentes de Uber y Lyft.\n\n<\/div>\n<div class=\"sm-stat\">\n<h3>Accidentes de peatones<\/h3>\nLos peatones lesionados por la negligencia del conductor pueden reclamar una indemnizaci\u00f3n. Est\u00e1n protegidos por la ley. Pueden recibir una indemnizaci\u00f3n econ\u00f3mica y no econ\u00f3mica.\n\n<\/div>\n<div class=\"sm-stat\">\n<h3>Muerte por negligencia<\/h3>\nCuando una persona pierde la vida por la conducta ajena, buscamos justicia. Una demanda por homicidio culposo puede brindarle respuestas, la rendici\u00f3n de cuentas de los responsables y la compensaci\u00f3n que necesita.\n\n<\/div>\n<div class=\"sm-stat\">\n<h3>Compensaci\u00f3n laboral<\/h3>\nSufrir una lesi\u00f3n en el trabajo puede ser un desaf\u00edo. El proceso de compensaci\u00f3n laboral no tiene por qu\u00e9 ser complicado si trabaja con nuestros abogados expertos en lesiones.\n\n<\/div>\n<div class=\"sm-stat\">\n<h3>mordeduras de perro<\/h3>\nLas leyes de California protegen los derechos de las v\u00edctimas de mordeduras de perro. Una persona mordida en un lugar p\u00fablico o legalmente en un lugar privado puede solicitar una indemnizaci\u00f3n.\n\n<\/div>\n<\/div>\n<h2>C\u00f3mo iniciar una demanda por lesiones personales<\/h2>\n<em>Me hirieron. Merezco una compensaci\u00f3n. \u00bfPor d\u00f3nde empiezo?<\/em>\n\nAqu\u00ed es donde conocemos a muchas v\u00edctimas de lesiones personales. Saben que han sufrido lesiones. Quiz\u00e1s sepan que fue culpa de otra persona o quiz\u00e1s no est\u00e9n seguros de si alguien puede ser considerado legalmente responsable. Para iniciar una demanda por lesiones personales es necesario responder a estas preguntas:\n<ul>\n \t<li><em>\u00bfTengo derecho a una indemnizaci\u00f3n? \u00bfDe qui\u00e9n?<\/em><\/li>\n \t<li><em>\u00bfC\u00f3mo puedo probar mi caso?<\/em><\/li>\n \t<li><em>\u00bfD\u00f3nde presento mi caso?<\/em><\/li>\n \t<li><em>\u00bfC\u00f3mo preparo mis documentos de presentaci\u00f3n?<\/em><\/li>\n \t<li><em>\u00bfCuanto vale mi caso?<\/em><\/li>\n<\/ul>\nPor lo general, iniciar una demanda por lesiones personales implica presentar una reclamaci\u00f3n legal. Iniciar un caso implica presentar los documentos para iniciar un nuevo caso. Estos documentos deben prepararse cuidadosamente. Debe presentar la demanda contra la persona correcta, ante el tribunal correspondiente. Debe establecer correctamente la base legal del caso y solicitar la indemnizaci\u00f3n correspondiente. En ocasiones, es posible presentar una reclamaci\u00f3n mediante negociaciones con la aseguradora o directamente de la parte responsable. Contar con representaci\u00f3n legal sigue siendo importante. Es fundamental cumplir con los plazos legales y comprender plenamente la cantidad que deber\u00eda recibir para resolver su reclamaci\u00f3n. Nuestros abogados le asisten en todas las etapas del caso. Podemos iniciar su demanda por lesiones personales, sabiendo c\u00f3mo presentarla y qu\u00e9 errores evitar al buscar su indemnizaci\u00f3n.\n<h2>\u00bfPor qu\u00e9 elegir a nuestros abogados de lesiones personales de California?<\/h2>\nElegir al abogado de lesiones personales adecuado puede marcar la diferencia a la hora de obtener una representaci\u00f3n legal excepcional. Estas son algunas razones por las que la gente elige a Attorney Jeff Injury Lawyers en California para su caso:\n<ul>\n \t<li>Casos manejados en toda California: Donde quiera que se encuentre, podemos ir a usted.<\/li>\n \t<li>11 oficinas para satisfacer tus necesidades: espera encontrarnos donde nos necesites.<\/li>\n \t<li>Habilidad y experiencia: Nuestro equipo est\u00e1 capacitado y tiene experiencia para manejar una amplia gama de reclamos por lesiones personales.<\/li>\n \t<li>Todas las circunstancias y escenarios: No hay dos situaciones, ni v\u00edctimas, iguales. Nuestro equipo puede manejar incluso las situaciones m\u00e1s complejas. Representamos a adultos y ni\u00f1os. Sin importar las circunstancias, estamos aqu\u00ed para satisfacer sus necesidades.<\/li>\n \t<li>Determinaci\u00f3n y dedicaci\u00f3n: Ser v\u00edctima de lesiones personales no es f\u00e1cil. Puede cambiarte la vida. Entendemos lo importante que es para ti. Trabajaremos arduamente todos los d\u00edas por ti.<\/li>\n \t<li>Abogados premiados: Estamos orgullosos de ser reconocidos por nuestro \u00e9xito y trabajamos cada d\u00eda para alcanzar los m\u00e1s altos est\u00e1ndares de servicio para nuestros clientes.<\/li>\n \t<li>Representaci\u00f3n sin honorarios: Obtenga representaci\u00f3n legal sin riesgo. Trabajamos con honorarios de contingencia.<\/li>\n<\/ul>\nNo se f\u00ede solo de nuestras palabras: ll\u00e1menos o env\u00edenos un mensaje para hablar con nuestro equipo. Con\u00f3zcanos y obtenga respuestas a sus preguntas. Descubra c\u00f3mo los abogados de lesiones personales de Attorney Jeff Injury Lawyers pueden lograr los resultados que usted merece.\n<h2>Sirviendo a California<\/h2>\nCon 11 oficinas en todo el estado, tenemos despachos de abogados cerca de usted. Dondequiera que nos necesite, estamos listos para representarlo en su caso de lesiones personales. Ya sea que usted sea uno de los 39 millones de residentes de nuestro estado o est\u00e9 de visita en California cuando se lesiona, nos enorgullece ser su representante.\n<h2>Abogados de lesiones personales de California aceptan nuevos casos<\/h2>\nHable con nosotros sobre su caso hoy mismo. Llame o env\u00ede un mensaje al abogado Jeff Injury Lawyers para una consulta. Cont\u00e1ctenos para obtener m\u00e1s informaci\u00f3n sobre c\u00f3mo podemos ayudarle con una demanda por lesiones personales.\n\n<\/div>\n<script>\ndocument.addEventListener(\"DOMContentLoaded\", function () {\n  const toggleButton = document.getElementById('toggleButton');\n  const toggleContent = document.getElementById('toggleContent');\n\n  toggleButton.addEventListener('click', function () {\n    if (toggleContent.style.display === 'none') {\n      toggleContent.style.display = 'block';\n      toggleButton.textContent = 'Less Information \u2191';\n    } else {\n      toggleContent.style.display = 'none';\n      toggleButton.textContent = 'More Information \u2193';\n    }\n  });\n});\n<\/script>\t\t\t\t\t\t\t\t<\/div>\n\t\t\t\t<\/div>\n\t\t\t\t\t<\/div>\n\t\t\t\t<\/div>\n\t\t\t\t<\/div>","protected":false},"excerpt":{"rendered":"<p>Abogados de lesiones personales galardonados Despu\u00e9s de un accidente con lesiones personales, necesita la defensa profesional de un equipo legal calificado para\u2026<\/p>","protected":false},"author":24,"featured_media":3453,"parent":0,"menu_order":0,"comment_status":"open","ping_status":"open","template":"","meta":{"inline_featured_image":false,"_monsterinsights_skip_tracking":false,"_monsterinsights_sitenote_active":false,"_monsterinsights_sitenote_note":"","_monsterinsights_sitenote_category":0,"footnotes":""},"class_list":["post-849","page","type-page","status-publish","has-post-thumbnail","hentry"],"acf":[],"yoast_head":"<!-- This site is optimized with the Yoast SEO plugin v27.5 - https:\/\/yoast.com\/product\/yoast-seo-wordpress\/ -->\n<title>California Personal Injury Law Firm | Attorney Jeff Car Accident Lawyer<\/title>\n<meta name=\"description\" content=\"Our experienced California personal injury lawyers have a winning success rate, and we can help you. Schedule a free consultation.\" \/>\n<meta name=\"robots\" content=\"index, follow, max-snippet:-1, max-image-preview:large, max-video-preview:-1\" \/>\n<link rel=\"canonical\" href=\"https:\/\/attorneyjeff.com\/es\/\" \/>\n<meta property=\"og:locale\" content=\"es_MX\" \/>\n<meta property=\"og:type\" content=\"article\" \/>\n<meta property=\"og:title\" content=\"California Personal Injury Law Firm | Attorney Jeff Car Accident Lawyer\" \/>\n<meta property=\"og:description\" content=\"Our experienced California personal injury lawyers have a winning success rate, and we can help you. Schedule a free consultation.\" \/>\n<meta property=\"og:url\" content=\"https:\/\/attorneyjeff.com\/es\/\" \/>\n<meta property=\"og:site_name\" content=\"Attorney Jeff\" \/>\n<meta property=\"article:modified_time\" content=\"2026-04-17T19:19:58+00:00\" \/>\n<meta property=\"og:image\" content=\"https:\/\/attorneyjeff.com\/wp-content\/uploads\/2026\/03\/attorney-jeff-office-building-and-traffic-scaled.webp\" \/>\n\t<meta property=\"og:image:width\" content=\"2560\" \/>\n\t<meta property=\"og:image:height\" content=\"1707\" \/>\n\t<meta property=\"og:image:type\" content=\"image\/webp\" \/>\n<meta name=\"twitter:card\" content=\"summary_large_image\" \/>\n<script type=\"application\/ld+json\" class=\"yoast-schema-graph\">{\"@context\":\"https:\\\/\\\/schema.org\",\"@graph\":[{\"@type\":\"WebPage\",\"@id\":\"https:\\\/\\\/attorneyjeff.com\\\/\",\"url\":\"https:\\\/\\\/attorneyjeff.com\\\/\",\"name\":\"California Personal Injury Law Firm | Attorney Jeff Car Accident Lawyer\",\"isPartOf\":{\"@id\":\"https:\\\/\\\/attorneyjeff.com\\\/#website\"},\"primaryImageOfPage\":{\"@id\":\"https:\\\/\\\/attorneyjeff.com\\\/#primaryimage\"},\"image\":{\"@id\":\"https:\\\/\\\/attorneyjeff.com\\\/#primaryimage\"},\"thumbnailUrl\":\"https:\\\/\\\/attorneyjeff.com\\\/wp-content\\\/uploads\\\/2026\\\/03\\\/attorney-jeff-office-building-and-traffic-scaled.webp\",\"datePublished\":\"2019-02-15T22:55:11+00:00\",\"dateModified\":\"2026-04-17T19:19:58+00:00\",\"description\":\"Our experienced California personal injury lawyers have a winning success rate, and we can help you. Schedule a free consultation.\",\"breadcrumb\":{\"@id\":\"https:\\\/\\\/attorneyjeff.com\\\/#breadcrumb\"},\"inLanguage\":\"es\",\"potentialAction\":[{\"@type\":\"ReadAction\",\"target\":[\"https:\\\/\\\/attorneyjeff.com\\\/\"]}]},{\"@type\":\"ImageObject\",\"inLanguage\":\"es\",\"@id\":\"https:\\\/\\\/attorneyjeff.com\\\/#primaryimage\",\"url\":\"https:\\\/\\\/attorneyjeff.com\\\/wp-content\\\/uploads\\\/2026\\\/03\\\/attorney-jeff-office-building-and-traffic-scaled.webp\",\"contentUrl\":\"https:\\\/\\\/attorneyjeff.com\\\/wp-content\\\/uploads\\\/2026\\\/03\\\/attorney-jeff-office-building-and-traffic-scaled.webp\",\"width\":2560,\"height\":1707,\"caption\":\"attorney jeff office building and traffic\"},{\"@type\":\"BreadcrumbList\",\"@id\":\"https:\\\/\\\/attorneyjeff.com\\\/#breadcrumb\",\"itemListElement\":[{\"@type\":\"ListItem\",\"position\":1,\"name\":\"Home\",\"item\":\"https:\\\/\\\/attorneyjeff.com\\\/\"},{\"@type\":\"ListItem\",\"position\":2,\"name\":\"Home\"}]},{\"@type\":\"WebSite\",\"@id\":\"https:\\\/\\\/attorneyjeff.com\\\/#website\",\"url\":\"https:\\\/\\\/attorneyjeff.com\\\/\",\"name\":\"Attorney Jeff\",\"description\":\"Car Accident Lawyer\",\"potentialAction\":[{\"@type\":\"SearchAction\",\"target\":{\"@type\":\"EntryPoint\",\"urlTemplate\":\"https:\\\/\\\/attorneyjeff.com\\\/?s={search_term_string}\"},\"query-input\":{\"@type\":\"PropertyValueSpecification\",\"valueRequired\":true,\"valueName\":\"search_term_string\"}}],\"inLanguage\":\"es\"}]}<\/script>\n<!-- \/ Yoast SEO plugin. -->","yoast_head_json":{"title":"Bufete de abogados especializado en lesiones personales en California | Abogado Jeff, abogado de accidentes de tr\u00e1fico","description":"Nuestros abogados expertos en lesiones personales en California tienen una excelente tasa de \u00e9xito y podemos ayudarle. Programe una consulta gratuita.","robots":{"index":"index","follow":"follow","max-snippet":"max-snippet:-1","max-image-preview":"max-image-preview:large","max-video-preview":"max-video-preview:-1"},"canonical":"https:\/\/attorneyjeff.com\/es\/","og_locale":"es_MX","og_type":"article","og_title":"California Personal Injury Law Firm | Attorney Jeff Car Accident Lawyer","og_description":"Our experienced California personal injury lawyers have a winning success rate, and we can help you. Schedule a free consultation.","og_url":"https:\/\/attorneyjeff.com\/es\/","og_site_name":"Attorney Jeff","article_modified_time":"2026-04-17T19:19:58+00:00","og_image":[{"width":2560,"height":1707,"url":"https:\/\/attorneyjeff.com\/wp-content\/uploads\/2026\/03\/attorney-jeff-office-building-and-traffic-scaled.webp","type":"image\/webp"}],"twitter_card":"summary_large_image","schema":{"@context":"https:\/\/schema.org","@graph":[{"@type":"WebPage","@id":"https:\/\/attorneyjeff.com\/","url":"https:\/\/attorneyjeff.com\/","name":"Bufete de abogados especializado en lesiones personales en California | Abogado Jeff, abogado de accidentes de tr\u00e1fico","isPartOf":{"@id":"https:\/\/attorneyjeff.com\/#website"},"primaryImageOfPage":{"@id":"https:\/\/attorneyjeff.com\/#primaryimage"},"image":{"@id":"https:\/\/attorneyjeff.com\/#primaryimage"},"thumbnailUrl":"https:\/\/attorneyjeff.com\/wp-content\/uploads\/2026\/03\/attorney-jeff-office-building-and-traffic-scaled.webp","datePublished":"2019-02-15T22:55:11+00:00","dateModified":"2026-04-17T19:19:58+00:00","description":"Nuestros abogados expertos en lesiones personales en California tienen una excelente tasa de \u00e9xito y podemos ayudarle. Programe una consulta gratuita.","breadcrumb":{"@id":"https:\/\/attorneyjeff.com\/#breadcrumb"},"inLanguage":"es","potentialAction":[{"@type":"ReadAction","target":["https:\/\/attorneyjeff.com\/"]}]},{"@type":"ImageObject","inLanguage":"es","@id":"https:\/\/attorneyjeff.com\/#primaryimage","url":"https:\/\/attorneyjeff.com\/wp-content\/uploads\/2026\/03\/attorney-jeff-office-building-and-traffic-scaled.webp","contentUrl":"https:\/\/attorneyjeff.com\/wp-content\/uploads\/2026\/03\/attorney-jeff-office-building-and-traffic-scaled.webp","width":2560,"height":1707,"caption":"attorney jeff office building and traffic"},{"@type":"BreadcrumbList","@id":"https:\/\/attorneyjeff.com\/#breadcrumb","itemListElement":[{"@type":"ListItem","position":1,"name":"Home","item":"https:\/\/attorneyjeff.com\/"},{"@type":"ListItem","position":2,"name":"Home"}]},{"@type":"WebSite","@id":"https:\/\/attorneyjeff.com\/#website","url":"https:\/\/attorneyjeff.com\/","name":"El abogado Jeff","description":"Abogado de accidentes de coche","potentialAction":[{"@type":"SearchAction","target":{"@type":"EntryPoint","urlTemplate":"https:\/\/attorneyjeff.com\/?s={search_term_string}"},"query-input":{"@type":"PropertyValueSpecification","valueRequired":true,"valueName":"search_term_string"}}],"inLanguage":"es"}]}},"_links":{"self":[{"href":"https:\/\/attorneyjeff.com\/es\/wp-json\/wp\/v2\/pages\/849","targetHints":{"allow":["GET"]}}],"collection":[{"href":"https:\/\/attorneyjeff.com\/es\/wp-json\/wp\/v2\/pages"}],"about":[{"href":"https:\/\/attorneyjeff.com\/es\/wp-json\/wp\/v2\/types\/page"}],"author":[{"embeddable":true,"href":"https:\/\/attorneyjeff.com\/es\/wp-json\/wp\/v2\/users\/24"}],"replies":[{"embeddable":true,"href":"https:\/\/attorneyjeff.com\/es\/wp-json\/wp\/v2\/comments?post=849"}],"version-history":[{"count":0,"href":"https:\/\/attorneyjeff.com\/es\/wp-json\/wp\/v2\/pages\/849\/revisions"}],"wp:featuredmedia":[{"embeddable":true,"href":"https:\/\/attorneyjeff.com\/es\/wp-json\/wp\/v2\/media\/3453"}],"wp:attachment":[{"href":"https:\/\/attorneyjeff.com\/es\/wp-json\/wp\/v2\/media?parent=849"}],"curies":[{"name":"wp","href":"https:\/\/api.w.org\/{rel}","templated":true}]}}