{"id":851,"date":"2019-02-18T14:59:32","date_gmt":"2019-02-18T18:59:32","guid":{"rendered":"http:\/\/attorney-jeff-injury-lawyers.lo\/practice-areas\/"},"modified":"2026-02-09T16:14:27","modified_gmt":"2026-02-10T00:14:27","slug":"practice-areas","status":"publish","type":"page","link":"https:\/\/attorneyjeff.com\/es\/practice-areas\/","title":{"rendered":"\u00c1REAS"},"content":{"rendered":"","protected":false},"excerpt":{"rendered":"","protected":false},"author":24,"featured_media":730,"parent":0,"menu_order":0,"comment_status":"open","ping_status":"open","template":"","meta":{"inline_featured_image":false,"_monsterinsights_skip_tracking":false,"_monsterinsights_sitenote_active":false,"_monsterinsights_sitenote_note":"","_monsterinsights_sitenote_category":0,"footnotes":""},"class_list":["post-851","page","type-page","status-publish","has-post-thumbnail","hentry"],"acf":[],"yoast_head":"<!-- This site is optimized with the Yoast SEO plugin v27.4 - https:\/\/yoast.com\/product\/yoast-seo-wordpress\/ -->\n<title>Practice Areas | Attorney Jeff Car Accident Lawyer<\/title>\n<meta name=\"description\" content=\"The best personal injury lawyers can help you recover maximum compensation for your accident. Attorney Jeff Car Accident Lawyer specializes in the following practice areas\u2026\" \/>\n<meta name=\"robots\" content=\"index, follow, max-snippet:-1, max-image-preview:large, max-video-preview:-1\" \/>\n<link rel=\"canonical\" href=\"https:\/\/attorneyjeff.com\/es\/practice-areas\/\" \/>\n<meta property=\"og:locale\" content=\"es_MX\" \/>\n<meta property=\"og:type\" content=\"article\" \/>\n<meta property=\"og:title\" content=\"Practice Areas | Attorney Jeff Car Accident Lawyer\" \/>\n<meta property=\"og:description\" content=\"The best personal injury lawyers can help you recover maximum compensation for your accident. Attorney Jeff Car Accident Lawyer specializes in the following practice areas\u2026\" \/>\n<meta property=\"og:url\" content=\"https:\/\/attorneyjeff.com\/es\/practice-areas\/\" \/>\n<meta property=\"og:site_name\" content=\"Attorney Jeff\" \/>\n<meta property=\"article:modified_time\" content=\"2026-02-10T00:14:27+00:00\" \/>\n<meta property=\"og:image\" content=\"https:\/\/attorneyjeff.com\/wp-content\/uploads\/2023\/03\/Wrongful-Death-Lawsuit.jpg\" \/>\n\t<meta property=\"og:image:width\" content=\"1296\" \/>\n\t<meta property=\"og:image:height\" content=\"728\" \/>\n\t<meta property=\"og:image:type\" content=\"image\/jpeg\" \/>\n<meta name=\"twitter:card\" content=\"summary_large_image\" \/>\n<script type=\"application\/ld+json\" class=\"yoast-schema-graph\">{\"@context\":\"https:\\\/\\\/schema.org\",\"@graph\":[{\"@type\":\"WebPage\",\"@id\":\"https:\\\/\\\/attorneyjeff.com\\\/practice-areas\\\/\",\"url\":\"https:\\\/\\\/attorneyjeff.com\\\/practice-areas\\\/\",\"name\":\"Practice Areas | Attorney Jeff Car Accident Lawyer\",\"isPartOf\":{\"@id\":\"https:\\\/\\\/attorneyjeff.com\\\/#website\"},\"primaryImageOfPage\":{\"@id\":\"https:\\\/\\\/attorneyjeff.com\\\/practice-areas\\\/#primaryimage\"},\"image\":{\"@id\":\"https:\\\/\\\/attorneyjeff.com\\\/practice-areas\\\/#primaryimage\"},\"thumbnailUrl\":\"https:\\\/\\\/attorneyjeff.com\\\/wp-content\\\/uploads\\\/2023\\\/03\\\/Wrongful-Death-Lawsuit.jpg\",\"datePublished\":\"2019-02-18T18:59:32+00:00\",\"dateModified\":\"2026-02-10T00:14:27+00:00\",\"description\":\"The best personal injury lawyers can help you recover maximum compensation for your accident. Attorney Jeff Car Accident Lawyer specializes in the following practice areas\u2026\",\"breadcrumb\":{\"@id\":\"https:\\\/\\\/attorneyjeff.com\\\/practice-areas\\\/#breadcrumb\"},\"inLanguage\":\"es\",\"potentialAction\":[{\"@type\":\"ReadAction\",\"target\":[\"https:\\\/\\\/attorneyjeff.com\\\/practice-areas\\\/\"]}]},{\"@type\":\"ImageObject\",\"inLanguage\":\"es\",\"@id\":\"https:\\\/\\\/attorneyjeff.com\\\/practice-areas\\\/#primaryimage\",\"url\":\"https:\\\/\\\/attorneyjeff.com\\\/wp-content\\\/uploads\\\/2023\\\/03\\\/Wrongful-Death-Lawsuit.jpg\",\"contentUrl\":\"https:\\\/\\\/attorneyjeff.com\\\/wp-content\\\/uploads\\\/2023\\\/03\\\/Wrongful-Death-Lawsuit.jpg\",\"width\":1296,\"height\":728,\"caption\":\"California personal injury lawyer discussing claims process with client at desk\"},{\"@type\":\"BreadcrumbList\",\"@id\":\"https:\\\/\\\/attorneyjeff.com\\\/practice-areas\\\/#breadcrumb\",\"itemListElement\":[{\"@type\":\"ListItem\",\"position\":1,\"name\":\"Home\",\"item\":\"https:\\\/\\\/attorneyjeff.com\\\/\"},{\"@type\":\"ListItem\",\"position\":2,\"name\":\"Practice Areas\"}]},{\"@type\":\"WebSite\",\"@id\":\"https:\\\/\\\/attorneyjeff.com\\\/#website\",\"url\":\"https:\\\/\\\/attorneyjeff.com\\\/\",\"name\":\"Attorney Jeff\",\"description\":\"Car Accident Lawyer\",\"potentialAction\":[{\"@type\":\"SearchAction\",\"target\":{\"@type\":\"EntryPoint\",\"urlTemplate\":\"https:\\\/\\\/attorneyjeff.com\\\/?s={search_term_string}\"},\"query-input\":{\"@type\":\"PropertyValueSpecification\",\"valueRequired\":true,\"valueName\":\"search_term_string\"}}],\"inLanguage\":\"es\"}]}<\/script>\n<!-- \/ Yoast SEO plugin. -->","yoast_head_json":{"title":"\u00c1reas de pr\u00e1ctica | Abogado Jeff, abogado de accidentes automovil\u00edsticos","description":"Los mejores abogados de lesiones personales pueden ayudarle a obtener la m\u00e1xima compensaci\u00f3n por su accidente. El abogado Jeff Car Accident Lawyer se especializa en las siguientes \u00e1reas de pr\u00e1ctica\u2026","robots":{"index":"index","follow":"follow","max-snippet":"max-snippet:-1","max-image-preview":"max-image-preview:large","max-video-preview":"max-video-preview:-1"},"canonical":"https:\/\/attorneyjeff.com\/es\/practice-areas\/","og_locale":"es_MX","og_type":"article","og_title":"Practice Areas | Attorney Jeff Car Accident Lawyer","og_description":"The best personal injury lawyers can help you recover maximum compensation for your accident. Attorney Jeff Car Accident Lawyer specializes in the following practice areas\u2026","og_url":"https:\/\/attorneyjeff.com\/es\/practice-areas\/","og_site_name":"Attorney Jeff","article_modified_time":"2026-02-10T00:14:27+00:00","og_image":[{"width":1296,"height":728,"url":"https:\/\/attorneyjeff.com\/wp-content\/uploads\/2023\/03\/Wrongful-Death-Lawsuit.jpg","type":"image\/jpeg"}],"twitter_card":"summary_large_image","schema":{"@context":"https:\/\/schema.org","@graph":[{"@type":"WebPage","@id":"https:\/\/attorneyjeff.com\/practice-areas\/","url":"https:\/\/attorneyjeff.com\/practice-areas\/","name":"\u00c1reas de pr\u00e1ctica | Abogado Jeff, abogado de accidentes automovil\u00edsticos","isPartOf":{"@id":"https:\/\/attorneyjeff.com\/#website"},"primaryImageOfPage":{"@id":"https:\/\/attorneyjeff.com\/practice-areas\/#primaryimage"},"image":{"@id":"https:\/\/attorneyjeff.com\/practice-areas\/#primaryimage"},"thumbnailUrl":"https:\/\/attorneyjeff.com\/wp-content\/uploads\/2023\/03\/Wrongful-Death-Lawsuit.jpg","datePublished":"2019-02-18T18:59:32+00:00","dateModified":"2026-02-10T00:14:27+00:00","description":"Los mejores abogados de lesiones personales pueden ayudarle a obtener la m\u00e1xima compensaci\u00f3n por su accidente. El abogado Jeff Car Accident Lawyer se especializa en las siguientes \u00e1reas de pr\u00e1ctica\u2026","breadcrumb":{"@id":"https:\/\/attorneyjeff.com\/practice-areas\/#breadcrumb"},"inLanguage":"es","potentialAction":[{"@type":"ReadAction","target":["https:\/\/attorneyjeff.com\/practice-areas\/"]}]},{"@type":"ImageObject","inLanguage":"es","@id":"https:\/\/attorneyjeff.com\/practice-areas\/#primaryimage","url":"https:\/\/attorneyjeff.com\/wp-content\/uploads\/2023\/03\/Wrongful-Death-Lawsuit.jpg","contentUrl":"https:\/\/attorneyjeff.com\/wp-content\/uploads\/2023\/03\/Wrongful-Death-Lawsuit.jpg","width":1296,"height":728,"caption":"California personal injury lawyer discussing claims process with client at desk"},{"@type":"BreadcrumbList","@id":"https:\/\/attorneyjeff.com\/practice-areas\/#breadcrumb","itemListElement":[{"@type":"ListItem","position":1,"name":"Home","item":"https:\/\/attorneyjeff.com\/"},{"@type":"ListItem","position":2,"name":"Practice Areas"}]},{"@type":"WebSite","@id":"https:\/\/attorneyjeff.com\/#website","url":"https:\/\/attorneyjeff.com\/","name":"El abogado Jeff","description":"Abogado de accidentes de coche","potentialAction":[{"@type":"SearchAction","target":{"@type":"EntryPoint","urlTemplate":"https:\/\/attorneyjeff.com\/?s={search_term_string}"},"query-input":{"@type":"PropertyValueSpecification","valueRequired":true,"valueName":"search_term_string"}}],"inLanguage":"es"}]}},"_links":{"self":[{"href":"https:\/\/attorneyjeff.com\/es\/wp-json\/wp\/v2\/pages\/851","targetHints":{"allow":["GET"]}}],"collection":[{"href":"https:\/\/attorneyjeff.com\/es\/wp-json\/wp\/v2\/pages"}],"about":[{"href":"https:\/\/attorneyjeff.com\/es\/wp-json\/wp\/v2\/types\/page"}],"author":[{"embeddable":true,"href":"https:\/\/attorneyjeff.com\/es\/wp-json\/wp\/v2\/users\/24"}],"replies":[{"embeddable":true,"href":"https:\/\/attorneyjeff.com\/es\/wp-json\/wp\/v2\/comments?post=851"}],"version-history":[{"count":0,"href":"https:\/\/attorneyjeff.com\/es\/wp-json\/wp\/v2\/pages\/851\/revisions"}],"wp:featuredmedia":[{"embeddable":true,"href":"https:\/\/attorneyjeff.com\/es\/wp-json\/wp\/v2\/media\/730"}],"wp:attachment":[{"href":"https:\/\/attorneyjeff.com\/es\/wp-json\/wp\/v2\/media?parent=851"}],"curies":[{"name":"wp","href":"https:\/\/api.w.org\/{rel}","templated":true}]}}