{"id":857,"date":"2021-08-09T13:03:50","date_gmt":"2021-08-09T17:03:50","guid":{"rendered":"http:\/\/attorney-jeff-injury-lawyers.lo\/bakersfield-dog-bite-lawyer\/"},"modified":"2023-04-06T09:47:42","modified_gmt":"2023-04-06T13:47:42","slug":"bakersfield-dog-bite-lawyer","status":"publish","type":"page","link":"https:\/\/attorneyjeff.com\/es\/bakersfield-dog-bite-lawyer\/","title":{"rendered":"Abogado de mordeduras de perro en Bakersfield"},"content":{"rendered":"<h2>\u00bfC\u00f3mo se establece la responsabilidad en un caso de mordedura de perro en Bakersfield?<\/h2>\n<p>California es un estado de responsabilidad objetiva. Esto significa que el due\u00f1o del perro es responsable de cualquier lesi\u00f3n que este cause. Esto incluye cualquier situaci\u00f3n en la que un intruso se encuentre en la propiedad del due\u00f1o del perro. La ley de responsabilidad objetiva entra en vigor si usted, como v\u00edctima:<\/p>\n<ul>\n<li>Est\u00e1n en un lugar p\u00fablico<\/li>\n<li>Est\u00e1n legalmente en la propiedad del due\u00f1o del perro.<\/li>\n<\/ul>\n<p>El art\u00edculo 3342(a) del C\u00f3digo Civil de California establece claramente que el due\u00f1o del perro es responsable de cualquier da\u00f1o causado si la v\u00edctima se encuentra legalmente en el lugar. Incluso si el perro nunca ha mostrado agresi\u00f3n en el pasado, el due\u00f1o sigue siendo responsable. La ley de California tambi\u00e9n establece que todo perro debe llevar una correa de no m\u00e1s de 1.8 metros (6 pies).<\/p>\n<p>La ley de California no permite que el due\u00f1o del perro discuta qui\u00e9n tuvo la culpa de la mordedura suya o de su ser querido. El due\u00f1o del perro es autom\u00e1ticamente responsable y debe pagar por cualquier da\u00f1o que usted o su ser querido sufrieran a causa de una mordedura de perro en Bakersfield, California.<\/p>\n<h2>\u00bfCu\u00e1l es la definici\u00f3n de un perro feroz en California?<\/h2>\n<p>En Bakersfield y en toda California, un perro &quot;feroz&quot; se define como cualquier perro que ha atacado a alguien sin provocaci\u00f3n y un perro que ha mordido a alguien u otro animal dom\u00e9stico fuera de su propiedad dos o m\u00e1s veces en un per\u00edodo de 36 meses.<\/p>\n<p>Si la ley de California define a su perro como agresivo, el control de animales podr\u00eda ponerlo en cuarentena y sacrificarlo en aras de la seguridad p\u00fablica.<\/p>\n<p>Un perro agresivo puede causar, y de hecho causa, lesiones graves y, en algunos casos, la muerte. Seg\u00fan la ley de California, una lesi\u00f3n grave se define como un desgarro muscular o laceraciones desfigurantes que requieren m\u00faltiples puntos de sutura o cirug\u00eda correctiva.<\/p>\n<h2>\u00bfCu\u00e1les son las lesiones m\u00e1s comunes por mordeduras de perro en Bakersfield?<\/h2>\n<p>Adem\u00e1s de la variedad de lesiones que una mordedura de perro puede causar, tambi\u00e9n puede causar graves problemas emocionales y\/o psicol\u00f3gicos a la v\u00edctima. Algunas de las lesiones m\u00e1s comunes por mordeduras de perro en Bakersfield y en toda California incluyen, entre otras:<\/p>\n<ul>\n<li>Amputaciones<\/li>\n<li>Avulsiones<\/li>\n<li>Dislocaci\u00f3n \u00f3sea y\/o huesos rotos<\/li>\n<li>Desfiguraci\u00f3n cosm\u00e9tica<\/li>\n<li>Muerte<\/li>\n<li>Infecciones<\/li>\n<li>Laceraciones, contusiones y abrasiones<\/li>\n<li>Heridas punzantes<\/li>\n<li>Problemas psicol\u00f3gicos<\/li>\n<li>Cicatrices: Las mordeduras de perro pueden dejar cicatrices desfigurantes que podr\u00edan afectarlo por el resto de su vida.<\/li>\n<\/ul>\n<h2>\u00bfCu\u00e1nto tiempo tengo para presentar una reclamaci\u00f3n por mordedura de perro en California?<\/h2>\n<p>En California, el plazo de prescripci\u00f3n para las mordeduras de perro es de dos a\u00f1os. Si no presenta su demanda por mordedura de perro contra el due\u00f1o del perro dentro de este plazo, perder\u00e1 su derecho a demandar. Cuanto antes presente la demanda, mejor, ya que la evidencia ser\u00e1 reciente.<\/p>\n<p>Debido al estricto l\u00edmite de tiempo que tiene para presentar una demanda por mordedura de perro en Bakersfield, California, es importante comunicarse con los abogados de mordeduras de perro de AttorneyJeff Car Accident Lawyer para que podamos actuar r\u00e1pidamente para recopilar toda la evidencia y proteger sus derechos.<\/p>\n<h2><strong>\u00bfA qu\u00e9 tipo de compensaci\u00f3n tengo derecho despu\u00e9s de una mordedura de perro en California?<\/strong><\/h2>\n<p>Si usted o un ser querido ha resultado herido en un accidente por mordedura de perro, podr\u00eda tener derecho a una compensaci\u00f3n monetaria por lo siguiente:<\/p>\n<ul>\n<li>Gastos m\u00e9dicos pasados y futuros, incluido el tratamiento de salud mental<\/li>\n<li>P\u00e9rdida de ingresos pasados y futuros y de capacidad de generar ingresos<\/li>\n<li>Angustia emocional<\/li>\n<li>Dolor y sufrimiento tanto del pasado como del futuro<\/li>\n<li>Otros gastos asociados con su ataque de mordedura de perro en Bakersfield, California<\/li>\n<\/ul>\n<h2>\u00bfQu\u00e9 debo hacer despu\u00e9s de una mordedura de perro en California?<\/h2>\n<p>Ser mordido por un perro puede causarle un estado de shock, pero debe hacer todo lo posible por actuar de forma proactiva. Hay medidas que puede tomar despu\u00e9s de una mordedura de perro en Bakersfield. Estas incluyen, entre otras:<\/p>\n<ul>\n<li>Vaya a un lugar seguro lejos del perro.<\/li>\n<li>Llamar para atenci\u00f3n m\u00e9dica<\/li>\n<li>Llama a la polic\u00eda o al control de animales.<\/li>\n<li>Trate de determinar qui\u00e9n es el due\u00f1o del perro que le mordi\u00f3 a usted o a su ser querido.<\/li>\n<li>Si es posible, tome fotograf\u00edas del perro, su ubicaci\u00f3n y cualquier lesi\u00f3n.<\/li>\n<li>Obtenga el nombre del due\u00f1o del perro, su direcci\u00f3n y, si puede, la informaci\u00f3n del seguro de vivienda.<\/li>\n<\/ul>\n<p>Nuestro \u00faltimo consejo sobre qu\u00e9 hacer despu\u00e9s de una mordedura de perro en Bakersfield, California, es contactar a uno de nuestros abogados expertos en mordeduras de perro de AttorneyJeff Car Accident Lawyer. Si usted o un ser querido result\u00f3 herido en una mordedura de perro, el tiempo apremia y actuaremos con rapidez para proteger sus derechos.<\/p>\n<h2>Contratar a un abogado especializado en mordeduras de perro en Bakersfield<\/h2>\n<p>Nadie deber\u00eda sufrir una mordedura de perro en Bakersfield, California. Si usted o un ser querido ha sido mordido por un pastor alem\u00e1n, d\u00f3berman, b\u00f3xer, pitbull, husky siberiano o cualquier otra raza de perro en California, no dude en contactarnos. <a href=\"\/es\/contact-us\/\">contacto<\/a> Abogado Jeff, Abogado de Accidentes de Auto. Nuestros abogados expertos en mordeduras de perro est\u00e1n preparados para proteger sus derechos con firmeza si el due\u00f1o del perro le ha permitido lesionarlo a usted o a un ser querido.<\/p>\n<p>Si el due\u00f1o del perro se niega a asumir la responsabilidad de sus acciones y las de su perro, contamos con la experiencia legal necesaria para exigirle responsabilidades. Las mordeduras de perro en Bakersfield, California, son un asunto serio, incluso en los accidentes m\u00e1s leves.<\/p>\n<p>Los abogados especializados en mordeduras de perro de <a href=\"\/es\/attorney\/jeff-fayngor\/\">Abogado Jeff<\/a> Los abogados de accidentes automovil\u00edsticos est\u00e1n totalmente comprometidos a ayudarlo a recibir la compensaci\u00f3n monetaria justa por su reclamo por mordedura de perro.<\/p>","protected":false},"excerpt":{"rendered":"<p>\u00bfC\u00f3mo se establece la responsabilidad en un caso de mordedura de perro en Bakersfield? California es un estado de responsabilidad objetiva. Esto significa que\u2026<\/p>","protected":false},"author":24,"featured_media":1300,"parent":0,"menu_order":0,"comment_status":"open","ping_status":"open","template":"","meta":{"inline_featured_image":false,"_monsterinsights_skip_tracking":false,"_monsterinsights_sitenote_active":false,"_monsterinsights_sitenote_note":"","_monsterinsights_sitenote_category":0,"footnotes":""},"class_list":["post-857","page","type-page","status-publish","has-post-thumbnail","hentry"],"acf":[],"yoast_head":"<!-- This site is optimized with the Yoast SEO plugin v27.4 - https:\/\/yoast.com\/product\/yoast-seo-wordpress\/ -->\n<title>Bakersfield Dog Bite Lawyer - Attorney Jeff<\/title>\n<meta name=\"description\" content=\"If you&#039;ve been injured by someone else&#039;s dog. You may be entitled to compensation. Contact our dog bite attorneys at AttorneyJeff Car Accident Lawyer today.\" \/>\n<meta name=\"robots\" content=\"index, follow, max-snippet:-1, max-image-preview:large, max-video-preview:-1\" \/>\n<link rel=\"canonical\" href=\"https:\/\/attorneyjeff.com\/es\/bakersfield-dog-bite-lawyer\/\" \/>\n<meta property=\"og:locale\" content=\"es_MX\" \/>\n<meta property=\"og:type\" content=\"article\" \/>\n<meta property=\"og:title\" content=\"Bakersfield Dog Bite Lawyer - Attorney Jeff\" \/>\n<meta property=\"og:description\" content=\"If you&#039;ve been injured by someone else&#039;s dog. You may be entitled to compensation. Contact our dog bite attorneys at AttorneyJeff Car Accident Lawyer today.\" \/>\n<meta property=\"og:url\" content=\"https:\/\/attorneyjeff.com\/es\/bakersfield-dog-bite-lawyer\/\" \/>\n<meta property=\"og:site_name\" content=\"Attorney Jeff\" \/>\n<meta property=\"article:modified_time\" content=\"2023-04-06T13:47:42+00:00\" \/>\n<meta property=\"og:image\" content=\"https:\/\/attorneyjeff.com\/wp-content\/uploads\/2023\/04\/Bakersfield-Dog-Bite-Lawyer-scaled.webp\" \/>\n\t<meta property=\"og:image:width\" content=\"2560\" \/>\n\t<meta property=\"og:image:height\" content=\"1707\" \/>\n\t<meta property=\"og:image:type\" content=\"image\/webp\" \/>\n<meta name=\"twitter:card\" content=\"summary_large_image\" \/>\n<script type=\"application\/ld+json\" class=\"yoast-schema-graph\">{\"@context\":\"https:\\\/\\\/schema.org\",\"@graph\":[{\"@type\":\"WebPage\",\"@id\":\"https:\\\/\\\/attorneyjeff.com\\\/bakersfield-dog-bite-lawyer\\\/\",\"url\":\"https:\\\/\\\/attorneyjeff.com\\\/bakersfield-dog-bite-lawyer\\\/\",\"name\":\"Bakersfield Dog Bite Lawyer - Attorney Jeff\",\"isPartOf\":{\"@id\":\"https:\\\/\\\/attorneyjeff.com\\\/#website\"},\"primaryImageOfPage\":{\"@id\":\"https:\\\/\\\/attorneyjeff.com\\\/bakersfield-dog-bite-lawyer\\\/#primaryimage\"},\"image\":{\"@id\":\"https:\\\/\\\/attorneyjeff.com\\\/bakersfield-dog-bite-lawyer\\\/#primaryimage\"},\"thumbnailUrl\":\"https:\\\/\\\/attorneyjeff.com\\\/wp-content\\\/uploads\\\/2023\\\/04\\\/Bakersfield-Dog-Bite-Lawyer-scaled.webp\",\"datePublished\":\"2021-08-09T17:03:50+00:00\",\"dateModified\":\"2023-04-06T13:47:42+00:00\",\"description\":\"If you've been injured by someone else's dog. You may be entitled to compensation. Contact our dog bite attorneys at AttorneyJeff Car Accident Lawyer today.\",\"breadcrumb\":{\"@id\":\"https:\\\/\\\/attorneyjeff.com\\\/bakersfield-dog-bite-lawyer\\\/#breadcrumb\"},\"inLanguage\":\"es\",\"potentialAction\":[{\"@type\":\"ReadAction\",\"target\":[\"https:\\\/\\\/attorneyjeff.com\\\/bakersfield-dog-bite-lawyer\\\/\"]}]},{\"@type\":\"ImageObject\",\"inLanguage\":\"es\",\"@id\":\"https:\\\/\\\/attorneyjeff.com\\\/bakersfield-dog-bite-lawyer\\\/#primaryimage\",\"url\":\"https:\\\/\\\/attorneyjeff.com\\\/wp-content\\\/uploads\\\/2023\\\/04\\\/Bakersfield-Dog-Bite-Lawyer-scaled.webp\",\"contentUrl\":\"https:\\\/\\\/attorneyjeff.com\\\/wp-content\\\/uploads\\\/2023\\\/04\\\/Bakersfield-Dog-Bite-Lawyer-scaled.webp\",\"width\":2560,\"height\":1707,\"caption\":\"Bakersfield Dog Bite Lawyer\"},{\"@type\":\"BreadcrumbList\",\"@id\":\"https:\\\/\\\/attorneyjeff.com\\\/bakersfield-dog-bite-lawyer\\\/#breadcrumb\",\"itemListElement\":[{\"@type\":\"ListItem\",\"position\":1,\"name\":\"Home\",\"item\":\"https:\\\/\\\/attorneyjeff.com\\\/\"},{\"@type\":\"ListItem\",\"position\":2,\"name\":\"Bakersfield Dog Bite Lawyer\"}]},{\"@type\":\"WebSite\",\"@id\":\"https:\\\/\\\/attorneyjeff.com\\\/#website\",\"url\":\"https:\\\/\\\/attorneyjeff.com\\\/\",\"name\":\"Attorney Jeff\",\"description\":\"Car Accident Lawyer\",\"potentialAction\":[{\"@type\":\"SearchAction\",\"target\":{\"@type\":\"EntryPoint\",\"urlTemplate\":\"https:\\\/\\\/attorneyjeff.com\\\/?s={search_term_string}\"},\"query-input\":{\"@type\":\"PropertyValueSpecification\",\"valueRequired\":true,\"valueName\":\"search_term_string\"}}],\"inLanguage\":\"es\"}]}<\/script>\n<!-- \/ Yoast SEO plugin. -->","yoast_head_json":{"title":"Abogado de mordeduras de perro en Bakersfield - Abogado Jeff","description":"Si ha sufrido lesiones a causa del perro de otra persona, podr\u00eda tener derecho a una indemnizaci\u00f3n. P\u00f3ngase en contacto hoy mismo con nuestros abogados especializados en mordeduras de perro en AttorneyJeff Car Accident Lawyer.","robots":{"index":"index","follow":"follow","max-snippet":"max-snippet:-1","max-image-preview":"max-image-preview:large","max-video-preview":"max-video-preview:-1"},"canonical":"https:\/\/attorneyjeff.com\/es\/bakersfield-dog-bite-lawyer\/","og_locale":"es_MX","og_type":"article","og_title":"Bakersfield Dog Bite Lawyer - Attorney Jeff","og_description":"If you've been injured by someone else's dog. You may be entitled to compensation. Contact our dog bite attorneys at AttorneyJeff Car Accident Lawyer today.","og_url":"https:\/\/attorneyjeff.com\/es\/bakersfield-dog-bite-lawyer\/","og_site_name":"Attorney Jeff","article_modified_time":"2023-04-06T13:47:42+00:00","og_image":[{"width":2560,"height":1707,"url":"https:\/\/attorneyjeff.com\/wp-content\/uploads\/2023\/04\/Bakersfield-Dog-Bite-Lawyer-scaled.webp","type":"image\/webp"}],"twitter_card":"summary_large_image","schema":{"@context":"https:\/\/schema.org","@graph":[{"@type":"WebPage","@id":"https:\/\/attorneyjeff.com\/bakersfield-dog-bite-lawyer\/","url":"https:\/\/attorneyjeff.com\/bakersfield-dog-bite-lawyer\/","name":"Abogado de mordeduras de perro en Bakersfield - Abogado Jeff","isPartOf":{"@id":"https:\/\/attorneyjeff.com\/#website"},"primaryImageOfPage":{"@id":"https:\/\/attorneyjeff.com\/bakersfield-dog-bite-lawyer\/#primaryimage"},"image":{"@id":"https:\/\/attorneyjeff.com\/bakersfield-dog-bite-lawyer\/#primaryimage"},"thumbnailUrl":"https:\/\/attorneyjeff.com\/wp-content\/uploads\/2023\/04\/Bakersfield-Dog-Bite-Lawyer-scaled.webp","datePublished":"2021-08-09T17:03:50+00:00","dateModified":"2023-04-06T13:47:42+00:00","description":"Si ha sufrido lesiones a causa del perro de otra persona, podr\u00eda tener derecho a una indemnizaci\u00f3n. P\u00f3ngase en contacto hoy mismo con nuestros abogados especializados en mordeduras de perro en AttorneyJeff Car Accident Lawyer.","breadcrumb":{"@id":"https:\/\/attorneyjeff.com\/bakersfield-dog-bite-lawyer\/#breadcrumb"},"inLanguage":"es","potentialAction":[{"@type":"ReadAction","target":["https:\/\/attorneyjeff.com\/bakersfield-dog-bite-lawyer\/"]}]},{"@type":"ImageObject","inLanguage":"es","@id":"https:\/\/attorneyjeff.com\/bakersfield-dog-bite-lawyer\/#primaryimage","url":"https:\/\/attorneyjeff.com\/wp-content\/uploads\/2023\/04\/Bakersfield-Dog-Bite-Lawyer-scaled.webp","contentUrl":"https:\/\/attorneyjeff.com\/wp-content\/uploads\/2023\/04\/Bakersfield-Dog-Bite-Lawyer-scaled.webp","width":2560,"height":1707,"caption":"Bakersfield Dog Bite Lawyer"},{"@type":"BreadcrumbList","@id":"https:\/\/attorneyjeff.com\/bakersfield-dog-bite-lawyer\/#breadcrumb","itemListElement":[{"@type":"ListItem","position":1,"name":"Home","item":"https:\/\/attorneyjeff.com\/"},{"@type":"ListItem","position":2,"name":"Bakersfield Dog Bite Lawyer"}]},{"@type":"WebSite","@id":"https:\/\/attorneyjeff.com\/#website","url":"https:\/\/attorneyjeff.com\/","name":"El abogado Jeff","description":"Abogado de accidentes de coche","potentialAction":[{"@type":"SearchAction","target":{"@type":"EntryPoint","urlTemplate":"https:\/\/attorneyjeff.com\/?s={search_term_string}"},"query-input":{"@type":"PropertyValueSpecification","valueRequired":true,"valueName":"search_term_string"}}],"inLanguage":"es"}]}},"_links":{"self":[{"href":"https:\/\/attorneyjeff.com\/es\/wp-json\/wp\/v2\/pages\/857","targetHints":{"allow":["GET"]}}],"collection":[{"href":"https:\/\/attorneyjeff.com\/es\/wp-json\/wp\/v2\/pages"}],"about":[{"href":"https:\/\/attorneyjeff.com\/es\/wp-json\/wp\/v2\/types\/page"}],"author":[{"embeddable":true,"href":"https:\/\/attorneyjeff.com\/es\/wp-json\/wp\/v2\/users\/24"}],"replies":[{"embeddable":true,"href":"https:\/\/attorneyjeff.com\/es\/wp-json\/wp\/v2\/comments?post=857"}],"version-history":[{"count":0,"href":"https:\/\/attorneyjeff.com\/es\/wp-json\/wp\/v2\/pages\/857\/revisions"}],"wp:featuredmedia":[{"embeddable":true,"href":"https:\/\/attorneyjeff.com\/es\/wp-json\/wp\/v2\/media\/1300"}],"wp:attachment":[{"href":"https:\/\/attorneyjeff.com\/es\/wp-json\/wp\/v2\/media?parent=857"}],"curies":[{"name":"wp","href":"https:\/\/api.w.org\/{rel}","templated":true}]}}