{"id":858,"date":"2021-07-30T08:59:25","date_gmt":"2021-07-30T12:59:25","guid":{"rendered":"http:\/\/attorney-jeff-injury-lawyers.lo\/bakersfield-pedestrian-accident-lawyer\/"},"modified":"2023-04-06T10:17:36","modified_gmt":"2023-04-06T14:17:36","slug":"bakersfield-pedestrian-accident-lawyer","status":"publish","type":"page","link":"https:\/\/attorneyjeff.com\/es\/bakersfield-pedestrian-accident-lawyer\/","title":{"rendered":"Abogado de accidentes de peatones en Bakersfield"},"content":{"rendered":"<h2>\u00bfQui\u00e9n es responsable de mi accidente peatonal en Bakersfield?<\/h2>\n<p>En cualquier accidente en California que involucre a un peat\u00f3n y un veh\u00edculo motorizado, es fundamental determinar qui\u00e9n tiene la culpa y en qu\u00e9 medida. Bakersfield y toda California cuentan con leyes de derecho de paso para proteger a los peatones y pueden demostrar que el conductor es responsable de sus lesiones o las de su ser querido.<\/p>\n<p>En California, el conductor de cualquier veh\u00edculo motorizado debe ceder el paso a cualquier peat\u00f3n que cruce la calle dentro de un cruce peatonal marcado o dentro de cualquier cruce peatonal no marcado en una intersecci\u00f3n.<\/p>\n<a href=\"#\" class=\"toggle_overlay\"><div class=\"cta-sm cta-block row align-items-center wow fadeInLeft\" style=\"background: \"><div class=\"col-md-10\"><h3 style=\"color: \">Consigue tu <span class=\"streak\">Consulta de caso gratuita<\/span><\/h3><p style=\"color: \">Sin costos iniciales para usted ni su familia. Nos esforzamos por obtener una compensaci\u00f3n justa y equitativa para nuestros clientes.<\/p><\/div><\/div><\/a>\n<h2>\u00bfCu\u00e1les son las causas m\u00e1s comunes de accidentes de peatones en Bakersfield?<\/h2>\n<p>En un accidente peatonal en California, deber\u00e1 demostrar ante el tribunal que el conductor del veh\u00edculo de motor actu\u00f3 con negligencia. La negligencia del conductor puede incluir, entre otras cosas:<\/p>\n<ul>\n<li>Exceso de velocidad<\/li>\n<li>Conducir estando cansado<\/li>\n<li>Conducir distra\u00eddo, como usar un tel\u00e9fono celular u otros dispositivos<\/li>\n<li>Conducir bajo la influencia de drogas y\/o alcohol<\/li>\n<li>Conducci\u00f3n imprudente<\/li>\n<\/ul>\n<h2>\u00bfCu\u00e1les son los tipos m\u00e1s comunes de accidentes de peatones en Bakersfield?<\/h2>\n<p>Como peat\u00f3n, usted se encuentra en clara desventaja si se ve involucrado en un accidente con un veh\u00edculo motorizado. Si bien los fabricantes de veh\u00edculos motorizados han mejorado sus caracter\u00edsticas de seguridad, como los cinturones de seguridad y los sistemas de prevenci\u00f3n de colisiones, lo cierto es que, como peat\u00f3n, no est\u00e1 protegido ante un impacto de un veh\u00edculo motorizado.<\/p>\n<p>Esto significa que si usted o un ser querido est\u00e1 involucrado en un accidente peatonal en Bakersfield, California, podr\u00eda sufrir lesiones graves que incluyen, entre otras:<\/p>\n<ul>\n<li>Huesos rotos<\/li>\n<li>Hemorragia interna, incluida una hemorragia cerebral<\/li>\n<li>Lesiones de piernas y rodillas<\/li>\n<li>Da\u00f1o nervioso<\/li>\n<li>Lesiones cerebrales traum\u00e1ticas<\/li>\n<li>Ligamentos rotos<\/li>\n<li>Cortes y\/o laceraciones graves<\/li>\n<li>Lesiones de la m\u00e9dula espinal<\/li>\n<li>Muerte<\/li>\n<\/ul>\n<p>La gravedad de sus lesiones o las de su ser querido depender\u00e1 de la velocidad del veh\u00edculo motorizado, el \u00e1ngulo del impacto, la parte de su cuerpo que sea golpeada, el dise\u00f1o del veh\u00edculo motorizado y el lugar donde ocurra el accidente peatonal en Bakersfield.<\/p>\n<h2>\u00bfQu\u00e9 tipo de da\u00f1os puedo recuperar en un accidente peatonal en Bakersfield?<\/h2>\n<p>Puede ser dif\u00edcil calcular la cantidad exacta en d\u00f3lares por su accidente peatonal en California. Por eso es fundamental que contacte a uno de los abogados expertos en accidentes peatonales de AttorneyJeff Car Accident Lawyer lo antes posible despu\u00e9s del accidente.<\/p>\n<p>Podemos evaluar las circunstancias y los hechos que rodean su caso individual de accidente peatonal en Bakersfield y ayudarlo a recibir una compensaci\u00f3n monetaria por cosas tales como:<\/p>\n<ul>\n<li>Facturas de hospital<\/li>\n<li>Rehabilitaci\u00f3n<\/li>\n<li>Salarios perdidos y\/o salarios futuros<\/li>\n<li>P\u00e9rdida de capacidad de ingresos<\/li>\n<li>Gastos m\u00e9dicos pasados y presentes<\/li>\n<li>Dolor y sufrimiento<\/li>\n<\/ul>\n<p>Es necesario investigar los factores mencionados para determinar el valor de su caso de accidente peatonal en California o el de su ser querido. Adem\u00e1s, podemos ayudarle a determinar qui\u00e9n es responsable de sus lesiones.<\/p>\n<h2>\u00bfQu\u00e9 tipo de evidencia se necesita en un accidente peatonal en Bakersfield?<\/h2>\n<p>En un accidente peatonal en California, es crucial reunir las pruebas adecuadas para construir el caso m\u00e1s s\u00f3lido posible. Algunas de las pruebas que reuniremos pueden incluir, entre otras:<\/p>\n<ul>\n<li>Declaraciones de testigos<\/li>\n<li>Fotograf\u00edas de la escena del accidente<\/li>\n<li>Informaci\u00f3n de los conductores<\/li>\n<li>Pruebas en v\u00eddeo: en ciertos casos<\/li>\n<\/ul>\n<p>Nuestros abogados especializados en accidentes peatonales en Bakersfield, California, han gestionado numerosas reclamaciones por este tipo de accidentes y saben que, en muchas ocasiones, el conductor del veh\u00edculo intenta culpar al peat\u00f3n del accidente. Sin embargo, gracias a nuestra experiencia, podremos ayudarle a reunir las pruebas necesarias para demostrar la responsabilidad.<\/p>\n<h2>\u00bfCu\u00e1nto tiempo tengo en California para presentar un reclamo por accidente de peat\u00f3n?<\/h2>\n<p>Inmediatamente despu\u00e9s de su accidente peatonal en Bakersfield, California, debe buscar atenci\u00f3n m\u00e9dica, incluso si no cree haber sufrido lesiones graves. Sin embargo, tambi\u00e9n es fundamental que consulte con nuestros abogados especializados en accidentes peatonales lo antes posible.<\/p>\n<p>El C\u00f3digo de Procedimiento Civil de California, Secci\u00f3n 335.1, establece que un peat\u00f3n lesionado tiene dos a\u00f1os para presentar una demanda contra cualquier persona que pudiera haber sido responsable de su accidente. Si su demanda no se presenta dentro del plazo de dos a\u00f1os, los tribunales de California desestimar\u00e1n su caso por haberse presentado fuera del plazo de prescripci\u00f3n de California.<\/p>\n<p>Si su accidente peatonal en Bakersfield, California fue causado por una carretera peligrosa o defectuosa que provoc\u00f3 su accidente, la ciudad o la agencia gubernamental responsable del mantenimiento de la carretera podr\u00edan ser consideradas responsables de sus lesiones.<\/p>\n<p>Cualquier reclamo por lesiones personales en California contra una entidad p\u00fablica debe presentarse dentro de los seis (6) meses posteriores a su accidente de acuerdo con la Secci\u00f3n 911.2 del C\u00f3digo de Gobierno de California.<\/p>\n<a href=\"#\" class=\"toggle_overlay\"><div class=\"cta-sm cta-block row align-items-center wow fadeInLeft\" style=\"background: \"><div class=\"col-md-10\"><h3 style=\"color: \">Consigue tu <span class=\"streak\">Consulta de caso gratuita<\/span><\/h3><p style=\"color: \">Sin costos iniciales para usted ni su familia. Nos esforzamos por obtener una compensaci\u00f3n justa y equitativa para nuestros clientes.<\/p><\/div><\/div><\/a>\n<h2>\u00bfNecesito un abogado de California para mi accidente de peat\u00f3n en Bakersfield?<\/h2>\n<p>Si usted o un ser querido resulta herido en un accidente peatonal en California, es mejor contratar a un abogado especializado en accidentes peatonales calificado y con conocimientos que entienda c\u00f3mo navegar por el sistema judicial y sea experto en tratar con las compa\u00f1\u00edas de seguros.<\/p>\n<p>Los abogados de accidentes de peatones de Bakersfield, California en <a href=\"\/es\/attorney\/jeff-fayngor\/\">Abogado Jeff<\/a> En Abogados de Accidentes de Auto nos comprometemos a brindarle la mejor representaci\u00f3n legal posible. Hablaremos con usted sobre las circunstancias particulares de su caso de peat\u00f3n en Idaho y le asesoraremos sobre los pasos a seguir. Tambi\u00e9n conocemos a los expertos adecuados para convencer al juez o jurado de California de que tiene derecho a una compensaci\u00f3n monetaria por sus lesiones para que pueda seguir adelante con su vida.\u00a0<em><a href=\"\/es\/contact-us\/\">\u00a1Cont\u00e1ctanos hoy!<\/a><\/em><\/p>","protected":false},"excerpt":{"rendered":"<p>Who is Liable for My Bakersfield Pedestrian Accident? With any California accident that involves a pedestrian and a motor vehicle, &#8230;<\/p>","protected":false},"author":24,"featured_media":1315,"parent":0,"menu_order":0,"comment_status":"open","ping_status":"open","template":"","meta":{"inline_featured_image":false,"_monsterinsights_skip_tracking":false,"_monsterinsights_sitenote_active":false,"_monsterinsights_sitenote_note":"","_monsterinsights_sitenote_category":0,"footnotes":""},"class_list":["post-858","page","type-page","status-publish","has-post-thumbnail","hentry"],"acf":[],"yoast_head":"<!-- This site is optimized with the Yoast SEO plugin v27.4 - https:\/\/yoast.com\/product\/yoast-seo-wordpress\/ -->\n<title>Bakersfield Pedestrian Accident Lawyer | AttorneyJeff<\/title>\n<meta name=\"description\" content=\"If you have been involved in a Bakerfield Bakersfield pedestrian accident, Call AttorneyJeff Car Accident Lawyer today for a free consultation.\" \/>\n<meta name=\"robots\" content=\"index, follow, max-snippet:-1, max-image-preview:large, max-video-preview:-1\" \/>\n<link rel=\"canonical\" href=\"https:\/\/attorneyjeff.com\/es\/bakersfield-pedestrian-accident-lawyer\/\" \/>\n<meta property=\"og:locale\" content=\"es_MX\" \/>\n<meta property=\"og:type\" content=\"article\" \/>\n<meta property=\"og:title\" content=\"Bakersfield Pedestrian Accident Lawyer | AttorneyJeff\" \/>\n<meta property=\"og:description\" content=\"If you have been involved in a Bakerfield Bakersfield pedestrian accident, Call AttorneyJeff Car Accident Lawyer today for a free consultation.\" \/>\n<meta property=\"og:url\" content=\"https:\/\/attorneyjeff.com\/es\/bakersfield-pedestrian-accident-lawyer\/\" \/>\n<meta property=\"og:site_name\" content=\"Attorney Jeff\" \/>\n<meta property=\"article:modified_time\" content=\"2023-04-06T14:17:36+00:00\" \/>\n<meta property=\"og:image\" content=\"https:\/\/attorneyjeff.com\/wp-content\/uploads\/2023\/04\/Bakersfield-Pedestrian-Accident-Lawyer-scaled.webp\" \/>\n\t<meta property=\"og:image:width\" content=\"2560\" \/>\n\t<meta property=\"og:image:height\" content=\"1709\" \/>\n\t<meta property=\"og:image:type\" content=\"image\/webp\" \/>\n<meta name=\"twitter:card\" content=\"summary_large_image\" \/>\n<script type=\"application\/ld+json\" class=\"yoast-schema-graph\">{\"@context\":\"https:\\\/\\\/schema.org\",\"@graph\":[{\"@type\":\"WebPage\",\"@id\":\"https:\\\/\\\/attorneyjeff.com\\\/bakersfield-pedestrian-accident-lawyer\\\/\",\"url\":\"https:\\\/\\\/attorneyjeff.com\\\/bakersfield-pedestrian-accident-lawyer\\\/\",\"name\":\"Bakersfield Pedestrian Accident Lawyer | AttorneyJeff\",\"isPartOf\":{\"@id\":\"https:\\\/\\\/attorneyjeff.com\\\/#website\"},\"primaryImageOfPage\":{\"@id\":\"https:\\\/\\\/attorneyjeff.com\\\/bakersfield-pedestrian-accident-lawyer\\\/#primaryimage\"},\"image\":{\"@id\":\"https:\\\/\\\/attorneyjeff.com\\\/bakersfield-pedestrian-accident-lawyer\\\/#primaryimage\"},\"thumbnailUrl\":\"https:\\\/\\\/attorneyjeff.com\\\/wp-content\\\/uploads\\\/2023\\\/04\\\/Bakersfield-Pedestrian-Accident-Lawyer-scaled.webp\",\"datePublished\":\"2021-07-30T12:59:25+00:00\",\"dateModified\":\"2023-04-06T14:17:36+00:00\",\"description\":\"If you have been involved in a Bakerfield Bakersfield pedestrian accident, Call AttorneyJeff Car Accident Lawyer today for a free consultation.\",\"breadcrumb\":{\"@id\":\"https:\\\/\\\/attorneyjeff.com\\\/bakersfield-pedestrian-accident-lawyer\\\/#breadcrumb\"},\"inLanguage\":\"es\",\"potentialAction\":[{\"@type\":\"ReadAction\",\"target\":[\"https:\\\/\\\/attorneyjeff.com\\\/bakersfield-pedestrian-accident-lawyer\\\/\"]}]},{\"@type\":\"ImageObject\",\"inLanguage\":\"es\",\"@id\":\"https:\\\/\\\/attorneyjeff.com\\\/bakersfield-pedestrian-accident-lawyer\\\/#primaryimage\",\"url\":\"https:\\\/\\\/attorneyjeff.com\\\/wp-content\\\/uploads\\\/2023\\\/04\\\/Bakersfield-Pedestrian-Accident-Lawyer-scaled.webp\",\"contentUrl\":\"https:\\\/\\\/attorneyjeff.com\\\/wp-content\\\/uploads\\\/2023\\\/04\\\/Bakersfield-Pedestrian-Accident-Lawyer-scaled.webp\",\"width\":2560,\"height\":1709,\"caption\":\"Bakersfield Pedestrian Accident Lawyer\"},{\"@type\":\"BreadcrumbList\",\"@id\":\"https:\\\/\\\/attorneyjeff.com\\\/bakersfield-pedestrian-accident-lawyer\\\/#breadcrumb\",\"itemListElement\":[{\"@type\":\"ListItem\",\"position\":1,\"name\":\"Home\",\"item\":\"https:\\\/\\\/attorneyjeff.com\\\/\"},{\"@type\":\"ListItem\",\"position\":2,\"name\":\"Bakersfield Pedestrian Accident Lawyer\"}]},{\"@type\":\"WebSite\",\"@id\":\"https:\\\/\\\/attorneyjeff.com\\\/#website\",\"url\":\"https:\\\/\\\/attorneyjeff.com\\\/\",\"name\":\"Attorney Jeff\",\"description\":\"Car Accident Lawyer\",\"potentialAction\":[{\"@type\":\"SearchAction\",\"target\":{\"@type\":\"EntryPoint\",\"urlTemplate\":\"https:\\\/\\\/attorneyjeff.com\\\/?s={search_term_string}\"},\"query-input\":{\"@type\":\"PropertyValueSpecification\",\"valueRequired\":true,\"valueName\":\"search_term_string\"}}],\"inLanguage\":\"es\"}]}<\/script>\n<!-- \/ Yoast SEO plugin. -->","yoast_head_json":{"title":"Bakersfield Pedestrian Accident Lawyer | AttorneyJeff","description":"If you have been involved in a Bakerfield Bakersfield pedestrian accident, Call AttorneyJeff Car Accident Lawyer today for a free consultation.","robots":{"index":"index","follow":"follow","max-snippet":"max-snippet:-1","max-image-preview":"max-image-preview:large","max-video-preview":"max-video-preview:-1"},"canonical":"https:\/\/attorneyjeff.com\/es\/bakersfield-pedestrian-accident-lawyer\/","og_locale":"es_MX","og_type":"article","og_title":"Bakersfield Pedestrian Accident Lawyer | AttorneyJeff","og_description":"If you have been involved in a Bakerfield Bakersfield pedestrian accident, Call AttorneyJeff Car Accident Lawyer today for a free consultation.","og_url":"https:\/\/attorneyjeff.com\/es\/bakersfield-pedestrian-accident-lawyer\/","og_site_name":"Attorney Jeff","article_modified_time":"2023-04-06T14:17:36+00:00","og_image":[{"width":2560,"height":1709,"url":"https:\/\/attorneyjeff.com\/wp-content\/uploads\/2023\/04\/Bakersfield-Pedestrian-Accident-Lawyer-scaled.webp","type":"image\/webp"}],"twitter_card":"summary_large_image","schema":{"@context":"https:\/\/schema.org","@graph":[{"@type":"WebPage","@id":"https:\/\/attorneyjeff.com\/bakersfield-pedestrian-accident-lawyer\/","url":"https:\/\/attorneyjeff.com\/bakersfield-pedestrian-accident-lawyer\/","name":"Bakersfield Pedestrian Accident Lawyer | AttorneyJeff","isPartOf":{"@id":"https:\/\/attorneyjeff.com\/#website"},"primaryImageOfPage":{"@id":"https:\/\/attorneyjeff.com\/bakersfield-pedestrian-accident-lawyer\/#primaryimage"},"image":{"@id":"https:\/\/attorneyjeff.com\/bakersfield-pedestrian-accident-lawyer\/#primaryimage"},"thumbnailUrl":"https:\/\/attorneyjeff.com\/wp-content\/uploads\/2023\/04\/Bakersfield-Pedestrian-Accident-Lawyer-scaled.webp","datePublished":"2021-07-30T12:59:25+00:00","dateModified":"2023-04-06T14:17:36+00:00","description":"If you have been involved in a Bakerfield Bakersfield pedestrian accident, Call AttorneyJeff Car Accident Lawyer today for a free consultation.","breadcrumb":{"@id":"https:\/\/attorneyjeff.com\/bakersfield-pedestrian-accident-lawyer\/#breadcrumb"},"inLanguage":"es","potentialAction":[{"@type":"ReadAction","target":["https:\/\/attorneyjeff.com\/bakersfield-pedestrian-accident-lawyer\/"]}]},{"@type":"ImageObject","inLanguage":"es","@id":"https:\/\/attorneyjeff.com\/bakersfield-pedestrian-accident-lawyer\/#primaryimage","url":"https:\/\/attorneyjeff.com\/wp-content\/uploads\/2023\/04\/Bakersfield-Pedestrian-Accident-Lawyer-scaled.webp","contentUrl":"https:\/\/attorneyjeff.com\/wp-content\/uploads\/2023\/04\/Bakersfield-Pedestrian-Accident-Lawyer-scaled.webp","width":2560,"height":1709,"caption":"Bakersfield Pedestrian Accident Lawyer"},{"@type":"BreadcrumbList","@id":"https:\/\/attorneyjeff.com\/bakersfield-pedestrian-accident-lawyer\/#breadcrumb","itemListElement":[{"@type":"ListItem","position":1,"name":"Home","item":"https:\/\/attorneyjeff.com\/"},{"@type":"ListItem","position":2,"name":"Bakersfield Pedestrian Accident Lawyer"}]},{"@type":"WebSite","@id":"https:\/\/attorneyjeff.com\/#website","url":"https:\/\/attorneyjeff.com\/","name":"El abogado Jeff","description":"Abogado de accidentes de coche","potentialAction":[{"@type":"SearchAction","target":{"@type":"EntryPoint","urlTemplate":"https:\/\/attorneyjeff.com\/?s={search_term_string}"},"query-input":{"@type":"PropertyValueSpecification","valueRequired":true,"valueName":"search_term_string"}}],"inLanguage":"es"}]}},"_links":{"self":[{"href":"https:\/\/attorneyjeff.com\/es\/wp-json\/wp\/v2\/pages\/858","targetHints":{"allow":["GET"]}}],"collection":[{"href":"https:\/\/attorneyjeff.com\/es\/wp-json\/wp\/v2\/pages"}],"about":[{"href":"https:\/\/attorneyjeff.com\/es\/wp-json\/wp\/v2\/types\/page"}],"author":[{"embeddable":true,"href":"https:\/\/attorneyjeff.com\/es\/wp-json\/wp\/v2\/users\/24"}],"replies":[{"embeddable":true,"href":"https:\/\/attorneyjeff.com\/es\/wp-json\/wp\/v2\/comments?post=858"}],"version-history":[{"count":0,"href":"https:\/\/attorneyjeff.com\/es\/wp-json\/wp\/v2\/pages\/858\/revisions"}],"wp:featuredmedia":[{"embeddable":true,"href":"https:\/\/attorneyjeff.com\/es\/wp-json\/wp\/v2\/media\/1315"}],"wp:attachment":[{"href":"https:\/\/attorneyjeff.com\/es\/wp-json\/wp\/v2\/media?parent=858"}],"curies":[{"name":"wp","href":"https:\/\/api.w.org\/{rel}","templated":true}]}}