{"id":861,"date":"2021-07-30T08:55:30","date_gmt":"2021-07-30T12:55:30","guid":{"rendered":"http:\/\/attorney-jeff-injury-lawyers.lo\/bakersfield-uber-accident-lawyer\/"},"modified":"2023-04-06T11:00:39","modified_gmt":"2023-04-06T15:00:39","slug":"bakersfield-uber-accident-lawyer","status":"publish","type":"page","link":"https:\/\/attorneyjeff.com\/es\/bakersfield-uber-accident-lawyer\/","title":{"rendered":"Abogado de accidentes de Uber en Bakersfield"},"content":{"rendered":"<h2>\u00bfCu\u00e1les son los l\u00edmites de la p\u00f3liza de seguro si estoy involucrado en un accidente de Uber en Bakersfield?<\/h2>\n<p>Los l\u00edmites de la p\u00f3liza para conductores de Uber dependen completamente de si est\u00e1n desconectados o en el Periodo 1, 2 o 3. \u00bfSuena confuso? Puede serlo, as\u00ed que analic\u00e9moslo.<\/p>\n<h3>Desconectado:<\/h3>\n<p>Si el conductor de Uber estaba desconectado y no hab\u00eda iniciado sesi\u00f3n en la aplicaci\u00f3n Uber en el momento del accidente de Uber en California, entonces el accidente solo estar\u00eda cubierto por su seguro de autom\u00f3vil personal.<\/p>\n<h3>Periodo 1:<\/h3>\n<p>Si el conductor de Uber de California ha iniciado sesi\u00f3n en la aplicaci\u00f3n Uber pero no ha aceptado un pasajero, se considera que est\u00e1 en el Per\u00edodo 1.<\/p>\n<p>Los l\u00edmites de la p\u00f3liza de seguro si el conductor de Uber est\u00e1 involucrado en un accidente durante el Per\u00edodo 1 son los siguientes:<\/p>\n<ul>\n<li>$50,000 de cobertura de responsabilidad por lesiones corporales por persona lesionada en el accidente<\/li>\n<li>$100,000 de cobertura de responsabilidad por lesiones corporales por accidente<\/li>\n<li>Cobertura de responsabilidad por da\u00f1os a la propiedad por valor de $30,000 por accidente<\/li>\n<\/ul>\n<p>Uber tambi\u00e9n ofrece un seguro de responsabilidad civil adicional por $200,000 en el Per\u00edodo 1.<\/p>\n<h3>Periodo 2:<\/h3>\n<p>Una vez que el conductor de Uber acepta un viaje, se encuentra en el Per\u00edodo 2 y la cobertura del seguro es la misma que en el Per\u00edodo 3.<\/p>\n<h3>Periodo 3:<\/h3>\n<p>Cuando un conductor de Uber recoge a su pasajero, se considera que est\u00e1 en el Per\u00edodo 3. En los Per\u00edodos 2 y 3, Uber proporciona a sus conductores:<\/p>\n<ul>\n<li>$1 millones en seguros de autom\u00f3viles comerciales<\/li>\n<li>$1 millones en cobertura para conductores sin seguro o con seguro insuficiente<\/li>\n<\/ul>\n<p>Si bien esta cobertura puede parecer generosa, Uber es conocido por negar su responsabilidad o intentar perjudicar a las v\u00edctimas de accidentes. Por eso es tan importante que hable con un abogado especializado en Uber en California de AttorneyJeff Car Accident Lawyer lo antes posible despu\u00e9s de su accidente de Uber en Bakersfield.<\/p>\n<a href=\"#\" class=\"toggle_overlay\"><div class=\"cta-sm cta-block row align-items-center wow fadeInLeft\" style=\"background: \"><div class=\"col-md-10\"><h3 style=\"color: \">Consigue tu <span class=\"streak\">Consulta de caso gratuita<\/span><\/h3><p style=\"color: \">Sin costos iniciales para usted ni su familia. Nos esforzamos por obtener una compensaci\u00f3n justa y equitativa para nuestros clientes.<\/p><\/div><\/div><\/a>\n<h2>\u00bfPuedo contratar un Uber para mi accidente en California?<\/h2>\n<p>En el pasado, las v\u00edctimas de accidentes de Uber en California y en todo Estados Unidos han intentado demandar a Uber directamente, especialmente si sus conductores estaban operando sus veh\u00edculos de manera imprudente.<\/p>\n<p>La respuesta de Uber casi siempre ha sido que sus conductores son contratistas independientes y no empleados. Debido a esta posici\u00f3n, los conductores operaban su propio negocio y eran totalmente responsables de lo que suced\u00eda en sus veh\u00edculos, no Uber.<\/p>\n<h2>\u00bfQu\u00e9 tipo de compensaci\u00f3n puedo recibir si tengo un accidente de Uber en California?<\/h2>\n<p>Seg\u00fan la ley de California, si usted o un ser querido se vio involucrado en un accidente de Uber, podr\u00eda tener derecho a una indemnizaci\u00f3n por da\u00f1os y perjuicios, tanto econ\u00f3micos como no econ\u00f3micos. En una demanda por lesiones personales en California, podr\u00eda recibir una indemnizaci\u00f3n por, entre otros motivos:<\/p>\n<ul>\n<li>Gastos m\u00e9dicos: pasado y futuro<\/li>\n<li>Da\u00f1os a la propiedad<\/li>\n<li>P\u00e9rdida de ingresos<\/li>\n<li>P\u00e9rdida de capacidad de ingresos<\/li>\n<li>Dolor y sufrimiento<\/li>\n<li>Trauma y angustia emocional<\/li>\n<li>P\u00e9rdidas relacionadas con una discapacidad o impedimento f\u00edsico<\/li>\n<li>P\u00e9rdidas relacionadas con desfiguraci\u00f3n permanente<\/li>\n<li>P\u00e9rdida del disfrute de la vida<\/li>\n<\/ul>\n<p>El estado de California no limita la indemnizaci\u00f3n monetaria que puede recibir en un caso de lesiones personales. Un jurado de California le otorgar\u00e1 la cantidad que considere razonable seg\u00fan la evidencia y el monto de sus p\u00e9rdidas.<\/p>\n<p>Es importante tener en cuenta que California es un estado de culpa comparativa. Esto significa que si un jurado de California decide que usted es parcialmente culpable de su accidente de Uber, restar\u00e1 el porcentaje de culpa que considere que tiene del monto total de su indemnizaci\u00f3n.<\/p>\n<p>Por ejemplo, si el jurado de California cree que usted tuvo la culpa de su accidente de Uber, recibir\u00e1 el 751 TP3T de la indemnizaci\u00f3n total por da\u00f1os y perjuicios.<\/p>\n<h2>\u00bfCu\u00e1nto tiempo tengo para presentar mi reclamo por accidente de Uber en Bakersfield, California?<\/h2>\n<p>En California, el plazo para presentar una reclamaci\u00f3n por lesiones personales se denomina prescripci\u00f3n. En California, tiene dos (2) a\u00f1os a partir de la fecha de su accidente de Uber para presentar una reclamaci\u00f3n por lesiones personales.<\/p>\n<p>Si un veh\u00edculo federal, municipal o estatal estuvo involucrado en su accidente de Uber en California, tiene seis (6) meses a partir de la fecha del accidente para presentar una reclamaci\u00f3n en su contra. No importa si usted era el pasajero, el conductor de Uber o el peat\u00f3n, el plazo sigue siendo el mismo.<\/p>\n<h2>\u00bfNecesito un abogado de accidentes de Uber en California despu\u00e9s de mi accidente?<\/h2>\n<p>Si usted o un ser querido result\u00f3 herido en un accidente de Uber en California, debe contactar de inmediato a los abogados especializados en accidentes de Uber de AttorneyJeff Car Accident Lawyer. Cualquier accidente de viaje compartido puede ser dif\u00edcil, y este tipo de casos son demasiado complejos para manejarlos por su cuenta.<\/p>\n<p>Los abogados de accidentes de Uber de AttorneyJeff Car Accident Lawyer, en Bakersfield, California, pueden acceder a informaci\u00f3n a la que usted quiz\u00e1s no pueda acceder. Por ejemplo, la informaci\u00f3n de monitoreo de los conductores de Uber. Esta informaci\u00f3n incluye el comportamiento de los conductores en las carreteras de California, como la velocidad a la que conduc\u00edan, si frenaban bruscamente, etc. Uber no le proporcionar\u00e1 esta informaci\u00f3n, pero un abogado de accidentes de Uber en California puede obligarlos a que la divulguen.<\/p>\n<a href=\"#\" class=\"toggle_overlay\"><div class=\"cta-sm cta-block row align-items-center wow fadeInLeft\" style=\"background: \"><div class=\"col-md-10\"><h3 style=\"color: \">Consigue tu <span class=\"streak\">Consulta de caso gratuita<\/span><\/h3><p style=\"color: \">Sin costos iniciales para usted ni su familia. Nos esforzamos por obtener una compensaci\u00f3n justa y equitativa para nuestros clientes.<\/p><\/div><\/div><\/a>\n<p>Tras su accidente de Uber en Bakersfield, California, tendr\u00e1 que tomar muchas decisiones dif\u00edciles. Podr\u00eda resultarle dif\u00edcil lidiar con sus lesiones y la p\u00e9rdida de ingresos.<\/p>\n<p>Los abogados con experiencia en accidentes de Uber en Bakersfield, California, de <a href=\"\/es\/attorney\/jeff-fayngor\/\">Abogado Jeff<\/a> Un abogado de accidentes de auto puede ayudarle a implementar un plan para su recuperaci\u00f3n. Contar con un abogado con experiencia en Uber en California a su lado para proteger sus derechos le brindar\u00e1 tranquilidad para que usted y su familia puedan concentrarse en su recuperaci\u00f3n.\u00a0<em><a href=\"\/es\/contact-us\/\">\u00a1Cont\u00e1ctanos hoy!<\/a><\/em><\/p>","protected":false},"excerpt":{"rendered":"<p>What Are the Insurance Policy Limits if I\u2019m Involved in an Uber Accident in Bakersfield? Uber\u2019s driver\u2019s policy limits depend &#8230;<\/p>","protected":false},"author":24,"featured_media":1338,"parent":0,"menu_order":0,"comment_status":"open","ping_status":"open","template":"","meta":{"inline_featured_image":false,"_monsterinsights_skip_tracking":false,"_monsterinsights_sitenote_active":false,"_monsterinsights_sitenote_note":"","_monsterinsights_sitenote_category":0,"footnotes":""},"class_list":["post-861","page","type-page","status-publish","has-post-thumbnail","hentry"],"acf":[],"yoast_head":"<!-- This site is optimized with the Yoast SEO plugin v27.4 - https:\/\/yoast.com\/product\/yoast-seo-wordpress\/ -->\n<title>Bakersfield Uber Accident Lawyer - Attorney Jeff<\/title>\n<meta name=\"description\" content=\"If you have been involved in a Bakersfield Uber accident, you need a Bakersfield Uber accident lawyer. Call AttorneyJeff Car Accident Lawyer right away!\" \/>\n<meta name=\"robots\" content=\"index, follow, max-snippet:-1, max-image-preview:large, max-video-preview:-1\" \/>\n<link rel=\"canonical\" href=\"https:\/\/attorneyjeff.com\/es\/bakersfield-uber-accident-lawyer\/\" \/>\n<meta property=\"og:locale\" content=\"es_MX\" \/>\n<meta property=\"og:type\" content=\"article\" \/>\n<meta property=\"og:title\" content=\"Bakersfield Uber Accident Lawyer - Attorney Jeff\" \/>\n<meta property=\"og:description\" content=\"If you have been involved in a Bakersfield Uber accident, you need a Bakersfield Uber accident lawyer. Call AttorneyJeff Car Accident Lawyer right away!\" \/>\n<meta property=\"og:url\" content=\"https:\/\/attorneyjeff.com\/es\/bakersfield-uber-accident-lawyer\/\" \/>\n<meta property=\"og:site_name\" content=\"Attorney Jeff\" \/>\n<meta property=\"article:modified_time\" content=\"2023-04-06T15:00:39+00:00\" \/>\n<meta property=\"og:image\" content=\"https:\/\/attorneyjeff.com\/wp-content\/uploads\/2023\/04\/Bakersfield-Uber-Accident-Lawyer-scaled.webp\" \/>\n\t<meta property=\"og:image:width\" content=\"2560\" \/>\n\t<meta property=\"og:image:height\" content=\"1709\" \/>\n\t<meta property=\"og:image:type\" content=\"image\/webp\" \/>\n<meta name=\"twitter:card\" content=\"summary_large_image\" \/>\n<script type=\"application\/ld+json\" class=\"yoast-schema-graph\">{\"@context\":\"https:\\\/\\\/schema.org\",\"@graph\":[{\"@type\":\"WebPage\",\"@id\":\"https:\\\/\\\/attorneyjeff.com\\\/bakersfield-uber-accident-lawyer\\\/\",\"url\":\"https:\\\/\\\/attorneyjeff.com\\\/bakersfield-uber-accident-lawyer\\\/\",\"name\":\"Bakersfield Uber Accident Lawyer - Attorney Jeff\",\"isPartOf\":{\"@id\":\"https:\\\/\\\/attorneyjeff.com\\\/#website\"},\"primaryImageOfPage\":{\"@id\":\"https:\\\/\\\/attorneyjeff.com\\\/bakersfield-uber-accident-lawyer\\\/#primaryimage\"},\"image\":{\"@id\":\"https:\\\/\\\/attorneyjeff.com\\\/bakersfield-uber-accident-lawyer\\\/#primaryimage\"},\"thumbnailUrl\":\"https:\\\/\\\/attorneyjeff.com\\\/wp-content\\\/uploads\\\/2023\\\/04\\\/Bakersfield-Uber-Accident-Lawyer-scaled.webp\",\"datePublished\":\"2021-07-30T12:55:30+00:00\",\"dateModified\":\"2023-04-06T15:00:39+00:00\",\"description\":\"If you have been involved in a Bakersfield Uber accident, you need a Bakersfield Uber accident lawyer. Call AttorneyJeff Car Accident Lawyer right away!\",\"breadcrumb\":{\"@id\":\"https:\\\/\\\/attorneyjeff.com\\\/bakersfield-uber-accident-lawyer\\\/#breadcrumb\"},\"inLanguage\":\"es\",\"potentialAction\":[{\"@type\":\"ReadAction\",\"target\":[\"https:\\\/\\\/attorneyjeff.com\\\/bakersfield-uber-accident-lawyer\\\/\"]}]},{\"@type\":\"ImageObject\",\"inLanguage\":\"es\",\"@id\":\"https:\\\/\\\/attorneyjeff.com\\\/bakersfield-uber-accident-lawyer\\\/#primaryimage\",\"url\":\"https:\\\/\\\/attorneyjeff.com\\\/wp-content\\\/uploads\\\/2023\\\/04\\\/Bakersfield-Uber-Accident-Lawyer-scaled.webp\",\"contentUrl\":\"https:\\\/\\\/attorneyjeff.com\\\/wp-content\\\/uploads\\\/2023\\\/04\\\/Bakersfield-Uber-Accident-Lawyer-scaled.webp\",\"width\":2560,\"height\":1709,\"caption\":\"car accident\"},{\"@type\":\"BreadcrumbList\",\"@id\":\"https:\\\/\\\/attorneyjeff.com\\\/bakersfield-uber-accident-lawyer\\\/#breadcrumb\",\"itemListElement\":[{\"@type\":\"ListItem\",\"position\":1,\"name\":\"Home\",\"item\":\"https:\\\/\\\/attorneyjeff.com\\\/\"},{\"@type\":\"ListItem\",\"position\":2,\"name\":\"Bakersfield Uber Accident Lawyer\"}]},{\"@type\":\"WebSite\",\"@id\":\"https:\\\/\\\/attorneyjeff.com\\\/#website\",\"url\":\"https:\\\/\\\/attorneyjeff.com\\\/\",\"name\":\"Attorney Jeff\",\"description\":\"Car Accident Lawyer\",\"potentialAction\":[{\"@type\":\"SearchAction\",\"target\":{\"@type\":\"EntryPoint\",\"urlTemplate\":\"https:\\\/\\\/attorneyjeff.com\\\/?s={search_term_string}\"},\"query-input\":{\"@type\":\"PropertyValueSpecification\",\"valueRequired\":true,\"valueName\":\"search_term_string\"}}],\"inLanguage\":\"es\"}]}<\/script>\n<!-- \/ Yoast SEO plugin. -->","yoast_head_json":{"title":"Bakersfield Uber Accident Lawyer - Attorney Jeff","description":"If you have been involved in a Bakersfield Uber accident, you need a Bakersfield Uber accident lawyer. Call AttorneyJeff Car Accident Lawyer right away!","robots":{"index":"index","follow":"follow","max-snippet":"max-snippet:-1","max-image-preview":"max-image-preview:large","max-video-preview":"max-video-preview:-1"},"canonical":"https:\/\/attorneyjeff.com\/es\/bakersfield-uber-accident-lawyer\/","og_locale":"es_MX","og_type":"article","og_title":"Bakersfield Uber Accident Lawyer - Attorney Jeff","og_description":"If you have been involved in a Bakersfield Uber accident, you need a Bakersfield Uber accident lawyer. Call AttorneyJeff Car Accident Lawyer right away!","og_url":"https:\/\/attorneyjeff.com\/es\/bakersfield-uber-accident-lawyer\/","og_site_name":"Attorney Jeff","article_modified_time":"2023-04-06T15:00:39+00:00","og_image":[{"width":2560,"height":1709,"url":"https:\/\/attorneyjeff.com\/wp-content\/uploads\/2023\/04\/Bakersfield-Uber-Accident-Lawyer-scaled.webp","type":"image\/webp"}],"twitter_card":"summary_large_image","schema":{"@context":"https:\/\/schema.org","@graph":[{"@type":"WebPage","@id":"https:\/\/attorneyjeff.com\/bakersfield-uber-accident-lawyer\/","url":"https:\/\/attorneyjeff.com\/bakersfield-uber-accident-lawyer\/","name":"Bakersfield Uber Accident Lawyer - Attorney Jeff","isPartOf":{"@id":"https:\/\/attorneyjeff.com\/#website"},"primaryImageOfPage":{"@id":"https:\/\/attorneyjeff.com\/bakersfield-uber-accident-lawyer\/#primaryimage"},"image":{"@id":"https:\/\/attorneyjeff.com\/bakersfield-uber-accident-lawyer\/#primaryimage"},"thumbnailUrl":"https:\/\/attorneyjeff.com\/wp-content\/uploads\/2023\/04\/Bakersfield-Uber-Accident-Lawyer-scaled.webp","datePublished":"2021-07-30T12:55:30+00:00","dateModified":"2023-04-06T15:00:39+00:00","description":"If you have been involved in a Bakersfield Uber accident, you need a Bakersfield Uber accident lawyer. Call AttorneyJeff Car Accident Lawyer right away!","breadcrumb":{"@id":"https:\/\/attorneyjeff.com\/bakersfield-uber-accident-lawyer\/#breadcrumb"},"inLanguage":"es","potentialAction":[{"@type":"ReadAction","target":["https:\/\/attorneyjeff.com\/bakersfield-uber-accident-lawyer\/"]}]},{"@type":"ImageObject","inLanguage":"es","@id":"https:\/\/attorneyjeff.com\/bakersfield-uber-accident-lawyer\/#primaryimage","url":"https:\/\/attorneyjeff.com\/wp-content\/uploads\/2023\/04\/Bakersfield-Uber-Accident-Lawyer-scaled.webp","contentUrl":"https:\/\/attorneyjeff.com\/wp-content\/uploads\/2023\/04\/Bakersfield-Uber-Accident-Lawyer-scaled.webp","width":2560,"height":1709,"caption":"car accident"},{"@type":"BreadcrumbList","@id":"https:\/\/attorneyjeff.com\/bakersfield-uber-accident-lawyer\/#breadcrumb","itemListElement":[{"@type":"ListItem","position":1,"name":"Home","item":"https:\/\/attorneyjeff.com\/"},{"@type":"ListItem","position":2,"name":"Bakersfield Uber Accident Lawyer"}]},{"@type":"WebSite","@id":"https:\/\/attorneyjeff.com\/#website","url":"https:\/\/attorneyjeff.com\/","name":"El abogado Jeff","description":"Abogado de accidentes de coche","potentialAction":[{"@type":"SearchAction","target":{"@type":"EntryPoint","urlTemplate":"https:\/\/attorneyjeff.com\/?s={search_term_string}"},"query-input":{"@type":"PropertyValueSpecification","valueRequired":true,"valueName":"search_term_string"}}],"inLanguage":"es"}]}},"_links":{"self":[{"href":"https:\/\/attorneyjeff.com\/es\/wp-json\/wp\/v2\/pages\/861","targetHints":{"allow":["GET"]}}],"collection":[{"href":"https:\/\/attorneyjeff.com\/es\/wp-json\/wp\/v2\/pages"}],"about":[{"href":"https:\/\/attorneyjeff.com\/es\/wp-json\/wp\/v2\/types\/page"}],"author":[{"embeddable":true,"href":"https:\/\/attorneyjeff.com\/es\/wp-json\/wp\/v2\/users\/24"}],"replies":[{"embeddable":true,"href":"https:\/\/attorneyjeff.com\/es\/wp-json\/wp\/v2\/comments?post=861"}],"version-history":[{"count":0,"href":"https:\/\/attorneyjeff.com\/es\/wp-json\/wp\/v2\/pages\/861\/revisions"}],"wp:featuredmedia":[{"embeddable":true,"href":"https:\/\/attorneyjeff.com\/es\/wp-json\/wp\/v2\/media\/1338"}],"wp:attachment":[{"href":"https:\/\/attorneyjeff.com\/es\/wp-json\/wp\/v2\/media?parent=861"}],"curies":[{"name":"wp","href":"https:\/\/api.w.org\/{rel}","templated":true}]}}