{"id":864,"date":"2021-07-30T10:30:43","date_gmt":"2021-07-30T14:30:43","guid":{"rendered":"http:\/\/attorney-jeff-injury-lawyers.lo\/bakersfield-wrongful-death-lawyer\/"},"modified":"2023-04-06T11:19:43","modified_gmt":"2023-04-06T15:19:43","slug":"bakersfield-wrongful-death-lawyer","status":"publish","type":"page","link":"https:\/\/attorneyjeff.com\/es\/bakersfield-wrongful-death-lawyer\/","title":{"rendered":"Abogado de muerte por negligencia en Bakersfield"},"content":{"rendered":"<h2>\u00bfQu\u00e9 es una muerte por negligencia en Bakersfield, California?<\/h2>\n<p>En California y en otros lugares, una muerte por negligencia generalmente ocurre por negligencia ajena. Podr\u00eda ser que su ser querido haya sufrido una lesi\u00f3n mortal, como un accidente de bicicleta. Si bien no todas las muertes por accidentes se consideran muerte por negligencia, muchas s\u00ed lo son, y es importante hablar con un abogado con experiencia en casos de muerte por negligencia en Bakersfield.<\/p>\n<p>El estado de California permite que s\u00f3lo ciertos familiares sobrevivientes presenten un reclamo por muerte por negligencia contra la persona, empresa o entidad negligente que sea responsable de la muerte de su ser querido.<\/p>\n<h2>\u00bfExplicaci\u00f3n de un reclamo por muerte por negligencia en California?<\/h2>\n<p>En California, una demanda por homicidio culposo se presenta ante un tribunal civil por la familia sobreviviente del fallecido. Se trata de una reclamaci\u00f3n contra una empresa, persona u otra entidad cuyas acciones o comportamiento negligente causaron la muerte de su ser querido.<\/p>\n<p>Los casos de homicidio culposo en Bakersfield, California, se llevan a cabo por separado de cualquier proceso penal. Si se demuestra la culpa en una demanda por homicidio culposo en California, usted, como familiar sobreviviente, recibir\u00e1 una compensaci\u00f3n econ\u00f3mica. Si la demanda tiene \u00e9xito, el tribunal de California ordenar\u00e1 a la persona, entidad o empresa responsable del fallecimiento de su ser querido que le pague una cantidad espec\u00edfica.<\/p>\n<h2>\u00bfQu\u00e9 tipo de compensaci\u00f3n monetaria puede recibir mi familia debido a una demanda por muerte por negligencia en Bakersfield, California?<\/h2>\n<p>En Bakersfield y en todo el estado de California, los tribunales pueden otorgar da\u00f1os que incluyen compensaci\u00f3n monetaria por cosas como:<\/p>\n<ul>\n<li>Angustia emocional<\/li>\n<li>Gastos funerarios<\/li>\n<li>P\u00e9rdida de ingresos y ganancias futuras<\/li>\n<li>Gastos m\u00e9dicos<\/li>\n<\/ul>\n<h2>\u00bfCu\u00e1les son los elementos de un caso de muerte por negligencia en California?<\/h2>\n<p>Todo caso de homicidio culposo en California consta de tres elementos que deben demostrarse para que su demanda por homicidio culposo tenga \u00e9xito en el tribunal. En California, debe poder demostrar:<\/p>\n<ul>\n<li>Hubo una muerte de una persona<\/li>\n<li>Su muerte fue resultado directo de la intenci\u00f3n de hacer da\u00f1o o negligencia.<\/li>\n<li>Que la familia de la v\u00edctima est\u00e1 atravesando dificultades econ\u00f3micas como consecuencia de la muerte de la v\u00edctima.<\/li>\n<\/ul>\n<p>Veamos cada elemento individualmente.<\/p>\n<h3>Elemento 1: Actos intencionales y accidentes<\/h3>\n<p>Existen muchos tipos de accidentes que pueden causar la muerte de un ser querido en una demanda por homicidio culposo. En California, los tipos de accidentes incluyen, entre otros:<\/p>\n<ul>\n<li>Productos defectuosos<\/li>\n<li>Exposici\u00f3n a sustancias qu\u00edmicas t\u00f3xicas<\/li>\n<li>Negligencia m\u00e9dica<\/li>\n<li>Accidentes de motocicleta, peat\u00f3n y\/o bicicleta<\/li>\n<li>Accidentes de veh\u00edculos y\/o camiones comerciales<\/li>\n<li>Accidentes laborales<\/li>\n<\/ul>\n<p>En Bakersfield y en toda California, los actos intencionales que pueden ser la base de un reclamo por muerte por negligencia incluyen, entre otros:<\/p>\n<ul>\n<li>Incendio provocado<\/li>\n<li>Agresi\u00f3n<\/li>\n<li>Homicidio involuntario<\/li>\n<li>Asesinato<\/li>\n<li>Otros actos intencionales ten\u00edan como objetivo causar da\u00f1o a alguien.<\/li>\n<\/ul>\n<h3>Elemento 2: Negligencia<\/h3>\n<p>Su capacidad para demostrar la negligencia de la(s) persona(s) o entidad es uno de los componentes principales del \u00e9xito de cualquier demanda por homicidio culposo. Usted y su abogado especializado en homicidio culposo en Bakersfield deben poder demostrar que la muerte de su ser querido fue consecuencia directa de la conducta o los actos negligentes de un tercero.<\/p>\n<p>Los abogados de muerte por negligencia de AttorneyJeff Car Accident Lawyer en Bakersfield, California entienden que la causalidad es uno de los elementos m\u00e1s cruciales y prepararemos su caso con eso en mente para brindarle a usted y a su familia la mejor oportunidad de recibir el acuerdo que se merece.<\/p>\n<h3>Elemento 3: P\u00e9rdida<\/h3>\n<p>En el elemento 3, usted y su abogado de muerte por negligencia en California deben poder demostrar que la muerte de su ser querido es la raz\u00f3n principal de sus dificultades financieras, apoyo emocional y\/o contribuciones familiares.<\/p>\n<p>Otras p\u00e9rdidas incluyen cosas como costos funerarios, gastos m\u00e9dicos y cualquier otro costo asociado con la muerte de su ser querido.<\/p>\n<p>Si no cuenta con los servicios de un abogado experto y con conocimientos de Bakersfield, California, puede resultar dif\u00edcil determinar el valor de su reclamo por muerte por negligencia y calcular los da\u00f1os que puede tener derecho a recibir.<\/p>\n<h2>\u00bfPor qu\u00e9 necesita un abogado especializado en muerte por negligencia en Bakersfield, California?<\/h2>\n<p>Los abogados expertos en homicidio culposo de AttorneyJeff Car Accident Lawyer en California cuentan con un equipo de expertos a los que pueden recurrir para ayudarles, tanto a ellos como a su familia, a construir el caso m\u00e1s s\u00f3lido posible. Contrataremos consultores, si es necesario, para investigar de forma independiente el accidente de su ser querido, determinar con exactitud qu\u00e9 ocurri\u00f3 y recopilar toda la evidencia disponible para su familia.<br \/>\nNuestros abogados de homicidio culposo en Bakersfield tambi\u00e9n analizar\u00e1n minuciosamente todas las pruebas policiales y de investigaci\u00f3n privada para complementar su demanda por homicidio culposo. Nuestro trabajo es demostrar ante el tribunal de California qui\u00e9n era exactamente su ser querido y la magnitud de los da\u00f1os que la p\u00e9rdida de su ser querido le ha causado a usted y a su familia.<\/p>\n<p>Utilizaremos fotograf\u00edas, declaraciones, videos y cualquier otra evidencia para mostrarle al tribunal cu\u00e1nto valor trajo su ser querido a los miembros de la familia que dej\u00f3 atr\u00e1s despu\u00e9s de tal tragedia.<\/p>\n<p>Si cree que puede tener un caso de muerte por negligencia en California, por favor <a href=\"\/es\/contact-us\/\">contacto<\/a> Los abogados de muerte por negligencia en <a href=\"\/es\/attorney\/jeff-fayngor\/\">Abogado Jeff<\/a> Abogado de Accidentes Automovil\u00edsticos para que podamos hablar sobre las circunstancias que rodearon la muerte de su ser querido y asesorarlo sobre sus pr\u00f3ximos pasos.<\/p>","protected":false},"excerpt":{"rendered":"<p>\u00bfQu\u00e9 es una muerte por negligencia en Bakersfield, California? En California y otros lugares, una muerte por negligencia generalmente ocurre cuando otra persona\u2026<\/p>","protected":false},"author":24,"featured_media":1339,"parent":0,"menu_order":0,"comment_status":"open","ping_status":"open","template":"","meta":{"inline_featured_image":false,"_monsterinsights_skip_tracking":false,"_monsterinsights_sitenote_active":false,"_monsterinsights_sitenote_note":"","_monsterinsights_sitenote_category":0,"footnotes":""},"class_list":["post-864","page","type-page","status-publish","has-post-thumbnail","hentry"],"acf":[],"yoast_head":"<!-- This site is optimized with the Yoast SEO plugin v27.4 - https:\/\/yoast.com\/product\/yoast-seo-wordpress\/ -->\n<title>Bakersfield Wrongful Death Lawyer - Attorney Jeff<\/title>\n<meta name=\"description\" content=\"Did you lose a loved one due to someone else&#039;s negligence? Contact the wrongful death attorneys at AttorneyJeff Car Accident Lawyer right away for help.\" \/>\n<meta name=\"robots\" content=\"index, follow, max-snippet:-1, max-image-preview:large, max-video-preview:-1\" \/>\n<link rel=\"canonical\" href=\"https:\/\/attorneyjeff.com\/es\/bakersfield-wrongful-death-lawyer\/\" \/>\n<meta property=\"og:locale\" content=\"es_MX\" \/>\n<meta property=\"og:type\" content=\"article\" \/>\n<meta property=\"og:title\" content=\"Bakersfield Wrongful Death Lawyer - Attorney Jeff\" \/>\n<meta property=\"og:description\" content=\"Did you lose a loved one due to someone else&#039;s negligence? Contact the wrongful death attorneys at AttorneyJeff Car Accident Lawyer right away for help.\" \/>\n<meta property=\"og:url\" content=\"https:\/\/attorneyjeff.com\/es\/bakersfield-wrongful-death-lawyer\/\" \/>\n<meta property=\"og:site_name\" content=\"Attorney Jeff\" \/>\n<meta property=\"article:modified_time\" content=\"2023-04-06T15:19:43+00:00\" \/>\n<meta property=\"og:image\" content=\"https:\/\/attorneyjeff.com\/wp-content\/uploads\/2023\/04\/Bakersfield-Wrongful-Death-Lawyer-scaled.webp\" \/>\n\t<meta property=\"og:image:width\" content=\"2560\" \/>\n\t<meta property=\"og:image:height\" content=\"1703\" \/>\n\t<meta property=\"og:image:type\" content=\"image\/webp\" \/>\n<meta name=\"twitter:card\" content=\"summary_large_image\" \/>\n<script type=\"application\/ld+json\" class=\"yoast-schema-graph\">{\"@context\":\"https:\\\/\\\/schema.org\",\"@graph\":[{\"@type\":\"WebPage\",\"@id\":\"https:\\\/\\\/attorneyjeff.com\\\/bakersfield-wrongful-death-lawyer\\\/\",\"url\":\"https:\\\/\\\/attorneyjeff.com\\\/bakersfield-wrongful-death-lawyer\\\/\",\"name\":\"Bakersfield Wrongful Death Lawyer - Attorney Jeff\",\"isPartOf\":{\"@id\":\"https:\\\/\\\/attorneyjeff.com\\\/#website\"},\"primaryImageOfPage\":{\"@id\":\"https:\\\/\\\/attorneyjeff.com\\\/bakersfield-wrongful-death-lawyer\\\/#primaryimage\"},\"image\":{\"@id\":\"https:\\\/\\\/attorneyjeff.com\\\/bakersfield-wrongful-death-lawyer\\\/#primaryimage\"},\"thumbnailUrl\":\"https:\\\/\\\/attorneyjeff.com\\\/wp-content\\\/uploads\\\/2023\\\/04\\\/Bakersfield-Wrongful-Death-Lawyer-scaled.webp\",\"datePublished\":\"2021-07-30T14:30:43+00:00\",\"dateModified\":\"2023-04-06T15:19:43+00:00\",\"description\":\"Did you lose a loved one due to someone else's negligence? Contact the wrongful death attorneys at AttorneyJeff Car Accident Lawyer right away for help.\",\"breadcrumb\":{\"@id\":\"https:\\\/\\\/attorneyjeff.com\\\/bakersfield-wrongful-death-lawyer\\\/#breadcrumb\"},\"inLanguage\":\"es\",\"potentialAction\":[{\"@type\":\"ReadAction\",\"target\":[\"https:\\\/\\\/attorneyjeff.com\\\/bakersfield-wrongful-death-lawyer\\\/\"]}]},{\"@type\":\"ImageObject\",\"inLanguage\":\"es\",\"@id\":\"https:\\\/\\\/attorneyjeff.com\\\/bakersfield-wrongful-death-lawyer\\\/#primaryimage\",\"url\":\"https:\\\/\\\/attorneyjeff.com\\\/wp-content\\\/uploads\\\/2023\\\/04\\\/Bakersfield-Wrongful-Death-Lawyer-scaled.webp\",\"contentUrl\":\"https:\\\/\\\/attorneyjeff.com\\\/wp-content\\\/uploads\\\/2023\\\/04\\\/Bakersfield-Wrongful-Death-Lawyer-scaled.webp\",\"width\":2560,\"height\":1703,\"caption\":\"Bakersfield Wrongful Death Lawyer\"},{\"@type\":\"BreadcrumbList\",\"@id\":\"https:\\\/\\\/attorneyjeff.com\\\/bakersfield-wrongful-death-lawyer\\\/#breadcrumb\",\"itemListElement\":[{\"@type\":\"ListItem\",\"position\":1,\"name\":\"Home\",\"item\":\"https:\\\/\\\/attorneyjeff.com\\\/\"},{\"@type\":\"ListItem\",\"position\":2,\"name\":\"Bakersfield Wrongful Death Lawyer\"}]},{\"@type\":\"WebSite\",\"@id\":\"https:\\\/\\\/attorneyjeff.com\\\/#website\",\"url\":\"https:\\\/\\\/attorneyjeff.com\\\/\",\"name\":\"Attorney Jeff\",\"description\":\"Car Accident Lawyer\",\"potentialAction\":[{\"@type\":\"SearchAction\",\"target\":{\"@type\":\"EntryPoint\",\"urlTemplate\":\"https:\\\/\\\/attorneyjeff.com\\\/?s={search_term_string}\"},\"query-input\":{\"@type\":\"PropertyValueSpecification\",\"valueRequired\":true,\"valueName\":\"search_term_string\"}}],\"inLanguage\":\"es\"}]}<\/script>\n<!-- \/ Yoast SEO plugin. -->","yoast_head_json":{"title":"Abogado de muerte por negligencia en Bakersfield - Abogado Jeff","description":"\u00bfPerdi\u00f3 a un ser querido por la negligencia de otra persona? Comun\u00edquese de inmediato con los abogados especializados en muerte por negligencia del bufete AttorneyJeff Car Accident Lawyer para obtener ayuda.","robots":{"index":"index","follow":"follow","max-snippet":"max-snippet:-1","max-image-preview":"max-image-preview:large","max-video-preview":"max-video-preview:-1"},"canonical":"https:\/\/attorneyjeff.com\/es\/bakersfield-wrongful-death-lawyer\/","og_locale":"es_MX","og_type":"article","og_title":"Bakersfield Wrongful Death Lawyer - Attorney Jeff","og_description":"Did you lose a loved one due to someone else's negligence? Contact the wrongful death attorneys at AttorneyJeff Car Accident Lawyer right away for help.","og_url":"https:\/\/attorneyjeff.com\/es\/bakersfield-wrongful-death-lawyer\/","og_site_name":"Attorney Jeff","article_modified_time":"2023-04-06T15:19:43+00:00","og_image":[{"width":2560,"height":1703,"url":"https:\/\/attorneyjeff.com\/wp-content\/uploads\/2023\/04\/Bakersfield-Wrongful-Death-Lawyer-scaled.webp","type":"image\/webp"}],"twitter_card":"summary_large_image","schema":{"@context":"https:\/\/schema.org","@graph":[{"@type":"WebPage","@id":"https:\/\/attorneyjeff.com\/bakersfield-wrongful-death-lawyer\/","url":"https:\/\/attorneyjeff.com\/bakersfield-wrongful-death-lawyer\/","name":"Abogado de muerte por negligencia en Bakersfield - Abogado Jeff","isPartOf":{"@id":"https:\/\/attorneyjeff.com\/#website"},"primaryImageOfPage":{"@id":"https:\/\/attorneyjeff.com\/bakersfield-wrongful-death-lawyer\/#primaryimage"},"image":{"@id":"https:\/\/attorneyjeff.com\/bakersfield-wrongful-death-lawyer\/#primaryimage"},"thumbnailUrl":"https:\/\/attorneyjeff.com\/wp-content\/uploads\/2023\/04\/Bakersfield-Wrongful-Death-Lawyer-scaled.webp","datePublished":"2021-07-30T14:30:43+00:00","dateModified":"2023-04-06T15:19:43+00:00","description":"\u00bfPerdi\u00f3 a un ser querido por la negligencia de otra persona? Comun\u00edquese de inmediato con los abogados especializados en muerte por negligencia del bufete AttorneyJeff Car Accident Lawyer para obtener ayuda.","breadcrumb":{"@id":"https:\/\/attorneyjeff.com\/bakersfield-wrongful-death-lawyer\/#breadcrumb"},"inLanguage":"es","potentialAction":[{"@type":"ReadAction","target":["https:\/\/attorneyjeff.com\/bakersfield-wrongful-death-lawyer\/"]}]},{"@type":"ImageObject","inLanguage":"es","@id":"https:\/\/attorneyjeff.com\/bakersfield-wrongful-death-lawyer\/#primaryimage","url":"https:\/\/attorneyjeff.com\/wp-content\/uploads\/2023\/04\/Bakersfield-Wrongful-Death-Lawyer-scaled.webp","contentUrl":"https:\/\/attorneyjeff.com\/wp-content\/uploads\/2023\/04\/Bakersfield-Wrongful-Death-Lawyer-scaled.webp","width":2560,"height":1703,"caption":"Bakersfield Wrongful Death Lawyer"},{"@type":"BreadcrumbList","@id":"https:\/\/attorneyjeff.com\/bakersfield-wrongful-death-lawyer\/#breadcrumb","itemListElement":[{"@type":"ListItem","position":1,"name":"Home","item":"https:\/\/attorneyjeff.com\/"},{"@type":"ListItem","position":2,"name":"Bakersfield Wrongful Death Lawyer"}]},{"@type":"WebSite","@id":"https:\/\/attorneyjeff.com\/#website","url":"https:\/\/attorneyjeff.com\/","name":"El abogado Jeff","description":"Abogado de accidentes de coche","potentialAction":[{"@type":"SearchAction","target":{"@type":"EntryPoint","urlTemplate":"https:\/\/attorneyjeff.com\/?s={search_term_string}"},"query-input":{"@type":"PropertyValueSpecification","valueRequired":true,"valueName":"search_term_string"}}],"inLanguage":"es"}]}},"_links":{"self":[{"href":"https:\/\/attorneyjeff.com\/es\/wp-json\/wp\/v2\/pages\/864","targetHints":{"allow":["GET"]}}],"collection":[{"href":"https:\/\/attorneyjeff.com\/es\/wp-json\/wp\/v2\/pages"}],"about":[{"href":"https:\/\/attorneyjeff.com\/es\/wp-json\/wp\/v2\/types\/page"}],"author":[{"embeddable":true,"href":"https:\/\/attorneyjeff.com\/es\/wp-json\/wp\/v2\/users\/24"}],"replies":[{"embeddable":true,"href":"https:\/\/attorneyjeff.com\/es\/wp-json\/wp\/v2\/comments?post=864"}],"version-history":[{"count":0,"href":"https:\/\/attorneyjeff.com\/es\/wp-json\/wp\/v2\/pages\/864\/revisions"}],"wp:featuredmedia":[{"embeddable":true,"href":"https:\/\/attorneyjeff.com\/es\/wp-json\/wp\/v2\/media\/1339"}],"wp:attachment":[{"href":"https:\/\/attorneyjeff.com\/es\/wp-json\/wp\/v2\/media?parent=864"}],"curies":[{"name":"wp","href":"https:\/\/api.w.org\/{rel}","templated":true}]}}