{"id":882,"date":"2021-08-02T20:53:04","date_gmt":"2021-08-03T00:53:04","guid":{"rendered":"http:\/\/attorney-jeff-injury-lawyers.lo\/hesperia-bike-accident-lawyer\/"},"modified":"2026-04-27T09:00:15","modified_gmt":"2026-04-27T16:00:15","slug":"hesperia-bike-accident-lawyer","status":"publish","type":"page","link":"https:\/\/attorneyjeff.com\/es\/hesperia-bike-accident-lawyer\/","title":{"rendered":"Abogado de accidentes de bicicleta en Hesperia"},"content":{"rendered":"<h2>\u00bfCu\u00e1les son las leyes en California con respecto a las bicicletas?<\/h2>\n<p>La Secci\u00f3n 21200 del C\u00f3digo de Veh\u00edculos de California establece que los ciclistas tienen las mismas responsabilidades y derechos que los conductores de cualquier veh\u00edculo motorizado. Esto significa que, si usted es ciclista en California, est\u00e1 sujeto a las mismas leyes que cualquier otro conductor, incluyendo las leyes sobre conducir bajo la influencia de drogas o alcohol, obedecer las se\u00f1ales de tr\u00e1nsito y ceder el paso a los peatones.<\/p>\n<p>Sin embargo, existen algunas normas que los veh\u00edculos motorizados deben cumplir al interactuar con un ciclista en las carreteras de California. Estas incluyen, entre otras:<\/p>\n<ul>\n<li>Los veh\u00edculos motorizados en California deben ceder espacio libre a los ciclistas cuando pasan o conducen al lado de una bicicleta.<\/li>\n<li>Nadie puede obstruir o bloquear un carril bici designado deteni\u00e9ndose en el mismo o estacionando su auto o bicicleta en \u00e9l.<\/li>\n<\/ul>\n<p>Una ley que puede confundir a los conductores de veh\u00edculos motorizados es que los ciclistas en California tienen derecho a &quot;tomar el carril&quot;, incluso si se mueven m\u00e1s lento que el tr\u00e1fico en las siguientes circunstancias:<\/p>\n<ul class=\"greenlist\">\n<li>Al pasar<\/li>\n<li>Al evitar peligros en la carretera<\/li>\n<li>Cuando un carril es demasiado estrecho para compartir<\/li>\n<li>Al acercarse a un lugar donde se autoriza el giro a la derecha<\/li>\n<\/ul>\n<p>Adem\u00e1s, todos los ciclistas de California deben conocer las normas de tr\u00e1nsito. En California, la ley exige que todos los ciclistas circulen en el sentido del tr\u00e1fico, a menos que:<\/p>\n<ul class=\"greenlist\">\n<li>Estan pasando<\/li>\n<li>Est\u00e1n haciendo un giro legal a la izquierda.<\/li>\n<li>Conducir por una calle de un solo sentido<\/li>\n<li>Conducir por una carretera estrecha o cuando el lado derecho de la carretera est\u00e9 cerrado debido a una construcci\u00f3n.<\/li>\n<\/ul>\n<p>Adem\u00e1s, en cualquier camino en Hesperia y en todo California que tenga un carril para bicicletas designado, si usted conduce m\u00e1s lento que el flujo del tr\u00e1fico de veh\u00edculos motorizados, debe usar el carril para bicicletas designado a menos que est\u00e9 pasando, evitando peligros, haciendo un giro legal a la izquierda o acerc\u00e1ndose a un lugar donde haya un giro a la derecha autorizado.<\/p>\n<a href=\"#\" class=\"toggle_overlay\"><div class=\"cta-sm cta-block row align-items-center wow fadeInLeft\" style=\"background: \"><div class=\"col-md-10\"><h3 style=\"color: \">Consigue tu <span class=\"streak\">Consulta de caso gratuita<\/span><\/h3><p style=\"color: \">Sin costos iniciales para usted ni su familia. Nos esforzamos por obtener una compensaci\u00f3n justa y equitativa para nuestros clientes.<\/p><\/div><\/div><\/a>\n<h2>\u00bfQui\u00e9n es responsable de un accidente de bicicleta en California?<\/h2>\n<p>Si un conductor fue imprudente o negligente y caus\u00f3 su accidente de bicicleta, puede reclamar una indemnizaci\u00f3n mediante una demanda por lesiones personales. Seg\u00fan las leyes de negligencia de California, un conductor negligente es responsable de las lesiones causadas por un accidente que \u00e9l mismo haya causado.<\/p>\n<p>Si result\u00f3 lesionado en un accidente de bicicleta en California como resultado de la imprudencia, descuido y\/o negligencia de un conductor, la ley de California le permite demandar al conductor para recuperar da\u00f1os monetarios por sus lesiones.<\/p>\n<p>Adem\u00e1s, puede haber otras partes que sean responsables de su accidente de bicicleta en California, entre ellas se incluyen, entre otras:<\/p>\n<ul>\n<li><strong>Talleres de reparaci\u00f3n de bicicletas.<\/strong> Estos negocios pueden reparar, modificar o, en ocasiones, vender bicicletas. Sin embargo, podr\u00edan cometer errores al reparar su bicicleta o que le hayan vendido una defectuosa. Por ejemplo, podr\u00eda verse involucrado en un accidente de bicicleta en Hesperia si un taller no repar\u00f3 sus frenos correctamente.<\/li>\n<li><strong>Fabricantes de bicicletas.<\/strong> Al igual que muchos otros productos vendidos en California, las bicicletas pueden presentar defectos de seguridad que aumentan el riesgo de accidente. Los fabricantes de bicicletas podr\u00edan ser responsables de su accidente causado por defectos de dise\u00f1o o fabricaci\u00f3n.<\/li>\n<li><strong>Propietarios de propiedades.<\/strong> Hay varias maneras en que los propietarios pueden causar accidentes de bicicleta. Por ejemplo, podr\u00edan no mantener sus aceras limpias. Grietas, baches y otros obst\u00e1culos podr\u00edan causar un accidente de bicicleta. En este caso, un ciclista o sus seres queridos podr\u00edan presentar una demanda por responsabilidad civil.<\/li>\n<li><strong>Municipios.<\/strong> Los municipios pueden ser responsables de accidentes de bicicleta. Por ejemplo, si hubo un bache u otros problemas de infraestructura. En algunos casos, usted o sus seres queridos podr\u00edan recibir una indemnizaci\u00f3n de la ciudad de California donde ocurri\u00f3 el accidente.<\/li>\n<li><strong>Otros negocios.<\/strong> Una empresa podr\u00eda ser responsable de su accidente de bicicleta en Hesperia si uno de sus empleados lo golpe\u00f3 mientras estaba trabajando.<\/li>\n<\/ul>\n<h2>\u00bfQu\u00e9 tipo de da\u00f1os puedo recuperar despu\u00e9s de mi accidente de bicicleta en Hesperia, California?<\/h2>\n<p>Siempre que no haya sido el \u00fanico responsable de su accidente de bicicleta en California, es posible que pueda recuperar da\u00f1os por sus lesiones, que incluyen, entre otros:<\/p>\n<ul>\n<li><strong>Gastos m\u00e9dicos<\/strong><\/li>\n<li><strong>Ganancias pasadas y futuras<\/strong><\/li>\n<li><strong>Reparaci\u00f3n de propiedades<\/strong> \u2013 como la reparaci\u00f3n o el reemplazo de su bicicleta<\/li>\n<li><strong>Modificaciones en el hogar y en el veh\u00edculo<\/strong> \u2013 para acomodarlo si qued\u00f3 discapacitado en su accidente de bicicleta en California.<\/li>\n<li><strong>Da\u00f1os por reemplazo<\/strong> \u2013 estos pueden incluir servicios de limpieza, cuidado de ni\u00f1os, etc.<\/li>\n<li><strong>Da\u00f1os no econ\u00f3micos<\/strong> \u2013 como el dolor, el sufrimiento y la angustia mental<\/li>\n<\/ul>\n<p>&nbsp;<\/p>\n<a href=\"#\" class=\"toggle_overlay\"><div class=\"cta-sm cta-block row align-items-center wow fadeInLeft\" style=\"background: \"><div class=\"col-md-10\"><h3 style=\"color: \">Consigue tu <span class=\"streak\">Consulta de caso gratuita<\/span><\/h3><p style=\"color: \">Sin costos iniciales para usted ni su familia. Nos esforzamos por obtener una compensaci\u00f3n justa y equitativa para nuestros clientes.<\/p><\/div><\/div><\/a>\n<h2>\u00bfNecesito un abogado de accidentes de bicicleta en California?<\/h2>\n<p>Tras su accidente de bicicleta en Hesperia, California, podr\u00eda tener que tomar muchas decisiones dif\u00edciles. Podr\u00eda resultarle dif\u00edcil lidiar con sus lesiones y la p\u00e9rdida de ingresos.<\/p>\n<p>El experimentado Hesperia <a href=\"\/es\/hesperia-personal-injury-lawyer\/\">abogados de lesiones personales<\/a> en <a href=\"\/es\/attorney\/jeff-fayngor\/\">Abogado Jeff<\/a> Un abogado de accidentes de auto puede ayudarle a implementar un plan para su recuperaci\u00f3n. Contar con un abogado con experiencia en accidentes de bicicleta en California a su lado para proteger sus derechos le brindar\u00e1 tranquilidad para que usted y su familia puedan concentrarse en su recuperaci\u00f3n.\u00a0<em><a href=\"\/es\/contact-us\/\">\u00a1Cont\u00e1ctanos hoy!<\/a><\/em><\/p>\n<a class=\"\" href=\"tel:888-970-5729\">888-970-5729<\/a>","protected":false},"excerpt":{"rendered":"<p>\u00bfCu\u00e1les son las leyes de California sobre bicicletas? La Secci\u00f3n 21200 del C\u00f3digo de Veh\u00edculos de California establece que los ciclistas tienen el derecho...<\/p>","protected":false},"author":24,"featured_media":753,"parent":0,"menu_order":0,"comment_status":"open","ping_status":"open","template":"","meta":{"inline_featured_image":false,"_monsterinsights_skip_tracking":false,"_monsterinsights_sitenote_active":false,"_monsterinsights_sitenote_note":"","_monsterinsights_sitenote_category":0,"footnotes":""},"class_list":["post-882","page","type-page","status-publish","has-post-thumbnail","hentry"],"acf":[],"yoast_head":"<!-- This site is optimized with the Yoast SEO plugin v27.6 - https:\/\/yoast.com\/product\/yoast-seo-wordpress\/ -->\n<title>Hesperia Bike Accident Lawyer - Attorney Jeff<\/title>\n<meta name=\"description\" content=\"If you&#039;ve been injured while riding your bike in Hesperia. You may be eligible to receive compensation. Call AttorneyJeff Car Accident Lawyer right away!\" \/>\n<meta name=\"robots\" content=\"index, follow, max-snippet:-1, max-image-preview:large, max-video-preview:-1\" \/>\n<link rel=\"canonical\" href=\"https:\/\/attorneyjeff.com\/es\/hesperia-bike-accident-lawyer\/\" \/>\n<meta property=\"og:locale\" content=\"es_MX\" \/>\n<meta property=\"og:type\" content=\"article\" \/>\n<meta property=\"og:title\" content=\"Hesperia Bike Accident Lawyer - Attorney Jeff\" \/>\n<meta property=\"og:description\" content=\"If you&#039;ve been injured while riding your bike in Hesperia. You may be eligible to receive compensation. Call AttorneyJeff Car Accident Lawyer right away!\" \/>\n<meta property=\"og:url\" content=\"https:\/\/attorneyjeff.com\/es\/hesperia-bike-accident-lawyer\/\" \/>\n<meta property=\"og:site_name\" content=\"Attorney Jeff\" \/>\n<meta property=\"article:modified_time\" content=\"2026-04-27T16:00:15+00:00\" \/>\n<meta property=\"og:image\" content=\"https:\/\/attorneyjeff.com\/wp-content\/uploads\/2023\/03\/road-accident-with-car-and-broken-bicycle-2021-10-05-13-40-57-utc-scaled-e1659560131426.jpg\" \/>\n\t<meta property=\"og:image:width\" content=\"1198\" \/>\n\t<meta property=\"og:image:height\" content=\"800\" \/>\n\t<meta property=\"og:image:type\" content=\"image\/jpeg\" \/>\n<meta name=\"twitter:card\" content=\"summary_large_image\" \/>\n<script type=\"application\/ld+json\" class=\"yoast-schema-graph\">{\"@context\":\"https:\\\/\\\/schema.org\",\"@graph\":[{\"@type\":\"WebPage\",\"@id\":\"https:\\\/\\\/attorneyjeff.com\\\/hesperia-bike-accident-lawyer\\\/\",\"url\":\"https:\\\/\\\/attorneyjeff.com\\\/hesperia-bike-accident-lawyer\\\/\",\"name\":\"Hesperia Bike Accident Lawyer - Attorney Jeff\",\"isPartOf\":{\"@id\":\"https:\\\/\\\/attorneyjeff.com\\\/#website\"},\"primaryImageOfPage\":{\"@id\":\"https:\\\/\\\/attorneyjeff.com\\\/hesperia-bike-accident-lawyer\\\/#primaryimage\"},\"image\":{\"@id\":\"https:\\\/\\\/attorneyjeff.com\\\/hesperia-bike-accident-lawyer\\\/#primaryimage\"},\"thumbnailUrl\":\"https:\\\/\\\/attorneyjeff.com\\\/wp-content\\\/uploads\\\/2023\\\/03\\\/road-accident-with-car-and-broken-bicycle-2021-10-05-13-40-57-utc-scaled-e1659560131426.jpg\",\"datePublished\":\"2021-08-03T00:53:04+00:00\",\"dateModified\":\"2026-04-27T16:00:15+00:00\",\"description\":\"If you've been injured while riding your bike in Hesperia. You may be eligible to receive compensation. Call AttorneyJeff Car Accident Lawyer right away!\",\"breadcrumb\":{\"@id\":\"https:\\\/\\\/attorneyjeff.com\\\/hesperia-bike-accident-lawyer\\\/#breadcrumb\"},\"inLanguage\":\"es\",\"potentialAction\":[{\"@type\":\"ReadAction\",\"target\":[\"https:\\\/\\\/attorneyjeff.com\\\/hesperia-bike-accident-lawyer\\\/\"]}]},{\"@type\":\"ImageObject\",\"inLanguage\":\"es\",\"@id\":\"https:\\\/\\\/attorneyjeff.com\\\/hesperia-bike-accident-lawyer\\\/#primaryimage\",\"url\":\"https:\\\/\\\/attorneyjeff.com\\\/wp-content\\\/uploads\\\/2023\\\/03\\\/road-accident-with-car-and-broken-bicycle-2021-10-05-13-40-57-utc-scaled-e1659560131426.jpg\",\"contentUrl\":\"https:\\\/\\\/attorneyjeff.com\\\/wp-content\\\/uploads\\\/2023\\\/03\\\/road-accident-with-car-and-broken-bicycle-2021-10-05-13-40-57-utc-scaled-e1659560131426.jpg\",\"width\":1198,\"height\":800,\"caption\":\"bike and helmet on ground\"},{\"@type\":\"BreadcrumbList\",\"@id\":\"https:\\\/\\\/attorneyjeff.com\\\/hesperia-bike-accident-lawyer\\\/#breadcrumb\",\"itemListElement\":[{\"@type\":\"ListItem\",\"position\":1,\"name\":\"Home\",\"item\":\"https:\\\/\\\/attorneyjeff.com\\\/\"},{\"@type\":\"ListItem\",\"position\":2,\"name\":\"Hesperia Bike Accident Lawyer\"}]},{\"@type\":\"WebSite\",\"@id\":\"https:\\\/\\\/attorneyjeff.com\\\/#website\",\"url\":\"https:\\\/\\\/attorneyjeff.com\\\/\",\"name\":\"Attorney Jeff\",\"description\":\"Car Accident Lawyer\",\"potentialAction\":[{\"@type\":\"SearchAction\",\"target\":{\"@type\":\"EntryPoint\",\"urlTemplate\":\"https:\\\/\\\/attorneyjeff.com\\\/?s={search_term_string}\"},\"query-input\":{\"@type\":\"PropertyValueSpecification\",\"valueRequired\":true,\"valueName\":\"search_term_string\"}}],\"inLanguage\":\"es\"}]}<\/script>\n<!-- \/ Yoast SEO plugin. -->","yoast_head_json":{"title":"Hesperia Bike Accident Lawyer - Attorney Jeff","description":"If you've been injured while riding your bike in Hesperia. You may be eligible to receive compensation. Call AttorneyJeff Car Accident Lawyer right away!","robots":{"index":"index","follow":"follow","max-snippet":"max-snippet:-1","max-image-preview":"max-image-preview:large","max-video-preview":"max-video-preview:-1"},"canonical":"https:\/\/attorneyjeff.com\/es\/hesperia-bike-accident-lawyer\/","og_locale":"es_MX","og_type":"article","og_title":"Hesperia Bike Accident Lawyer - Attorney Jeff","og_description":"If you've been injured while riding your bike in Hesperia. You may be eligible to receive compensation. Call AttorneyJeff Car Accident Lawyer right away!","og_url":"https:\/\/attorneyjeff.com\/es\/hesperia-bike-accident-lawyer\/","og_site_name":"Attorney Jeff","article_modified_time":"2026-04-27T16:00:15+00:00","og_image":[{"width":1198,"height":800,"url":"https:\/\/attorneyjeff.com\/wp-content\/uploads\/2023\/03\/road-accident-with-car-and-broken-bicycle-2021-10-05-13-40-57-utc-scaled-e1659560131426.jpg","type":"image\/jpeg"}],"twitter_card":"summary_large_image","schema":{"@context":"https:\/\/schema.org","@graph":[{"@type":"WebPage","@id":"https:\/\/attorneyjeff.com\/hesperia-bike-accident-lawyer\/","url":"https:\/\/attorneyjeff.com\/hesperia-bike-accident-lawyer\/","name":"Hesperia Bike Accident Lawyer - Attorney Jeff","isPartOf":{"@id":"https:\/\/attorneyjeff.com\/#website"},"primaryImageOfPage":{"@id":"https:\/\/attorneyjeff.com\/hesperia-bike-accident-lawyer\/#primaryimage"},"image":{"@id":"https:\/\/attorneyjeff.com\/hesperia-bike-accident-lawyer\/#primaryimage"},"thumbnailUrl":"https:\/\/attorneyjeff.com\/wp-content\/uploads\/2023\/03\/road-accident-with-car-and-broken-bicycle-2021-10-05-13-40-57-utc-scaled-e1659560131426.jpg","datePublished":"2021-08-03T00:53:04+00:00","dateModified":"2026-04-27T16:00:15+00:00","description":"If you've been injured while riding your bike in Hesperia. You may be eligible to receive compensation. Call AttorneyJeff Car Accident Lawyer right away!","breadcrumb":{"@id":"https:\/\/attorneyjeff.com\/hesperia-bike-accident-lawyer\/#breadcrumb"},"inLanguage":"es","potentialAction":[{"@type":"ReadAction","target":["https:\/\/attorneyjeff.com\/hesperia-bike-accident-lawyer\/"]}]},{"@type":"ImageObject","inLanguage":"es","@id":"https:\/\/attorneyjeff.com\/hesperia-bike-accident-lawyer\/#primaryimage","url":"https:\/\/attorneyjeff.com\/wp-content\/uploads\/2023\/03\/road-accident-with-car-and-broken-bicycle-2021-10-05-13-40-57-utc-scaled-e1659560131426.jpg","contentUrl":"https:\/\/attorneyjeff.com\/wp-content\/uploads\/2023\/03\/road-accident-with-car-and-broken-bicycle-2021-10-05-13-40-57-utc-scaled-e1659560131426.jpg","width":1198,"height":800,"caption":"bike and helmet on ground"},{"@type":"BreadcrumbList","@id":"https:\/\/attorneyjeff.com\/hesperia-bike-accident-lawyer\/#breadcrumb","itemListElement":[{"@type":"ListItem","position":1,"name":"Home","item":"https:\/\/attorneyjeff.com\/"},{"@type":"ListItem","position":2,"name":"Hesperia Bike Accident Lawyer"}]},{"@type":"WebSite","@id":"https:\/\/attorneyjeff.com\/#website","url":"https:\/\/attorneyjeff.com\/","name":"El abogado Jeff","description":"Abogado de accidentes de coche","potentialAction":[{"@type":"SearchAction","target":{"@type":"EntryPoint","urlTemplate":"https:\/\/attorneyjeff.com\/?s={search_term_string}"},"query-input":{"@type":"PropertyValueSpecification","valueRequired":true,"valueName":"search_term_string"}}],"inLanguage":"es"}]}},"_links":{"self":[{"href":"https:\/\/attorneyjeff.com\/es\/wp-json\/wp\/v2\/pages\/882","targetHints":{"allow":["GET"]}}],"collection":[{"href":"https:\/\/attorneyjeff.com\/es\/wp-json\/wp\/v2\/pages"}],"about":[{"href":"https:\/\/attorneyjeff.com\/es\/wp-json\/wp\/v2\/types\/page"}],"author":[{"embeddable":true,"href":"https:\/\/attorneyjeff.com\/es\/wp-json\/wp\/v2\/users\/24"}],"replies":[{"embeddable":true,"href":"https:\/\/attorneyjeff.com\/es\/wp-json\/wp\/v2\/comments?post=882"}],"version-history":[{"count":0,"href":"https:\/\/attorneyjeff.com\/es\/wp-json\/wp\/v2\/pages\/882\/revisions"}],"wp:featuredmedia":[{"embeddable":true,"href":"https:\/\/attorneyjeff.com\/es\/wp-json\/wp\/v2\/media\/753"}],"wp:attachment":[{"href":"https:\/\/attorneyjeff.com\/es\/wp-json\/wp\/v2\/media?parent=882"}],"curies":[{"name":"wp","href":"https:\/\/api.w.org\/{rel}","templated":true}]}}