{"id":896,"date":"2021-08-09T13:03:50","date_gmt":"2021-08-09T17:03:50","guid":{"rendered":"http:\/\/attorney-jeff-injury-lawyers.lo\/bakersfield-slip-and-fall-lawyer\/"},"modified":"2023-04-06T10:47:41","modified_gmt":"2023-04-06T14:47:41","slug":"bakersfield-slip-and-fall-lawyer","status":"publish","type":"page","link":"https:\/\/attorneyjeff.com\/es\/bakersfield-slip-and-fall-lawyer\/","title":{"rendered":"Abogado de resbalones y ca\u00eddas en Bakersfield"},"content":{"rendered":"<h2>Los elementos de un caso de responsabilidad civil de propiedad en California<\/h2>\n<p>En toda California y en otras partes de los Estados Unidos, hay cuatro elementos para un reclamo por responsabilidad civil de las instalaciones que usted y su abogado de accidentes por resbalones y ca\u00eddas deben probar seg\u00fan la Instrucci\u00f3n del Jurado Civil de California 1000. Son:<\/p>\n<ul>\n<li>1. Que el demandado arrendaba, pose\u00eda o ten\u00eda el control de la propiedad.<\/li>\n<li>2. Que el demandado fue negligente en el cuidado o uso de la propiedad.<\/li>\n<li>3 Que usted o su ser querido result\u00f3 herido<\/li>\n<li>4. Que la negligencia del acusado fue el factor significativo que caus\u00f3 sus lesiones o las de su ser querido.<\/li>\n<\/ul>\n<h2>\u00bfC\u00f3mo puedo establecer negligencia en un caso de resbal\u00f3n y ca\u00edda en California?<\/h2>\n<p>Para establecer negligencia en su accidente de resbal\u00f3n y ca\u00edda en Bakersfield, debe poder demostrar que el demandado actu\u00f3 de alguna manera negligente. Debe haber existido una condici\u00f3n peligrosa, el demandado sab\u00eda o deber\u00eda haber sabido de ella y no la repar\u00f3 ni le advirti\u00f3 sobre ella.<\/p>\n<p>Por ejemplo, si usted est\u00e1 en una tienda de comestibles y el piso est\u00e1 mojado debido a un derrame y usted o un ser querido se resbala y se cae, esto podr\u00eda considerarse un riesgo irrazonable de que alguien sufra da\u00f1os porque es posible que no espere una mancha mojada mientras compra.<\/p>\n<p>Adem\u00e1s, si la tienda tiene muchos empleados y c\u00e1maras de seguridad, entonces es razonable asumir que el derrame habr\u00eda sido f\u00e1cilmente detectable y limpiado.<\/p>\n<h2>\u00bfD\u00f3nde ocurren la mayor\u00eda de los accidentes por resbalones y ca\u00eddas en Bakersfield?<\/h2>\n<p>Si bien los accidentes por resbalones y ca\u00eddas en California pueden ocurrir pr\u00e1cticamente en cualquier lugar, los tres lugares m\u00e1s comunes donde ocurre un accidente por resbal\u00f3n y ca\u00edda son:<\/p>\n<ul>\n<li>1. Propiedad residencial<\/li>\n<li>2. Propiedad comercial<\/li>\n<li>3. Propiedad del Gobierno<\/li>\n<\/ul>\n<p>Echemos un vistazo m\u00e1s de cerca a cada uno de estos lugares.<\/p>\n<h3>Propiedad residencial<\/h3>\n<p>En ocasiones, el propietario o arrendador tiene que pagar a un inquilino o visitante de la propiedad en California si se lesion\u00f3 en un accidente de resbal\u00f3n y ca\u00edda. Para que esto suceda, deben cumplirse las siguientes condiciones:<\/p>\n<ul>\n<li>1. El propietario o due\u00f1o de la propiedad sab\u00eda o deber\u00eda haber sabido acerca de la condici\u00f3n peligrosa que caus\u00f3 que usted o su ser querido resultaran heridos.<\/li>\n<li>2. El propietario o due\u00f1o de la propiedad podr\u00eda haber reparado la condici\u00f3n peligrosa<\/li>\n<li>3. Era previsible que se produjera un accidente si no se reparaba la condici\u00f3n peligrosa.<\/li>\n<li>4. Debido a que el propietario o due\u00f1o de la propiedad de Bakersfield, California no repar\u00f3 la condici\u00f3n peligrosa, usted o un ser querido resbal\u00f3 y se cay\u00f3.<\/li>\n<\/ul>\n<h3>Propiedad comercial<\/h3>\n<p>El propietario de una propiedad, un negocio o un empleado de cualquier negocio en California puede ser considerado responsable de su accidente por resbal\u00f3n y ca\u00edda cuando se presenta una de las siguientes condiciones:<\/p>\n<ul>\n<li>1. Crearon la condici\u00f3n que provoc\u00f3 que usted o su ser querido se resbalara y cayera.<\/li>\n<li>2. Sab\u00edan de la condici\u00f3n potencialmente peligrosa pero no solucionaron el problema.<\/li>\n<li>3. Deber\u00edan haber sabido sobre la condici\u00f3n peligrosa y haberla reparado porque cualquier persona razonable habr\u00eda sabido sobre la condici\u00f3n peligrosa y la habr\u00eda reparado antes de que alguien pudiera resultar herido.<\/li>\n<\/ul>\n<h3>Propiedad del gobierno:<\/h3>\n<p>Cualquier accidente por resbal\u00f3n y ca\u00edda que ocurra en propiedades del gobierno federal, de California o municipales presenta sus propios problemas, que los abogados expertos en accidentes por resbal\u00f3n y ca\u00edda de AttorneyJeff Car Accident Lawyer, en Bakersfield, California, querr\u00e1n abordar de inmediato. Algunos de los problemas que deben abordarse incluyen, entre otros:<\/p>\n<ul>\n<li>1. Leyes estatutarias<\/li>\n<li>2. Normas para la presentaci\u00f3n de una reclamaci\u00f3n<\/li>\n<li>3. \u00bfQu\u00e9 califica como una rama del gobierno estatal o federal o una organizaci\u00f3n afiliada?<\/li>\n<\/ul>\n<h2>\u00bfCu\u00e1les son las lesiones por resbalones y ca\u00eddas m\u00e1s comunes en Bakersfield, California?<\/h2>\n<p>Si usted o un ser querido es v\u00edctima de un accidente por resbal\u00f3n y ca\u00edda en Bakersfield o en toda California, podr\u00eda sufrir lesiones graves como:<\/p>\n<ul>\n<li>Huesos rotos<\/li>\n<li>Discos abultados y\/o nervios pinzados<\/li>\n<li>Lesiones en la cabeza y el cerebro<\/li>\n<li>P\u00e9rdida de vidas<\/li>\n<li>Par\u00e1lisis<\/li>\n<li>Ligamentos torcidos o desgarrados<\/li>\n<li>Tendones o m\u00fasculos distendidos<\/li>\n<li>Otras lesiones de tejidos blandos<\/li>\n<\/ul>\n<h2>\u00bfQu\u00e9 tipo de da\u00f1os puedo recuperar en un accidente por resbal\u00f3n y ca\u00edda en Bakersfield?<\/h2>\n<p>Los da\u00f1os que podr\u00eda recuperar por su accidente de resbal\u00f3n y ca\u00edda var\u00edan seg\u00fan la gravedad de sus lesiones e incluyen el impacto financiero y no financiero de su accidente en California. Los tipos de da\u00f1os que podr\u00eda recuperar por su accidente de resbal\u00f3n y ca\u00edda en Bakersfield incluyen, entre otros:<\/p>\n<ul>\n<li>Gastos m\u00e9dicos, tanto pasados como futuros<\/li>\n<li>P\u00e9rdida de salarios y p\u00e9rdida de capacidad de ingresos<\/li>\n<li>Dolor y sufrimiento<\/li>\n<li>Da\u00f1os punitivos: Dependiendo de las circunstancias de su caso, se le podr\u00edan conceder da\u00f1os punitivos. Estos solo se conceden si la conducta del acusado fue tan atroz que el tribunal de California busca sancionarla.<\/li>\n<\/ul>\n<h2>\u00bfCu\u00e1l es el Estatuto de Limitaciones de California sobre Accidentes por Resbalones y Ca\u00eddas?<\/h2>\n<p>El plazo de prescripci\u00f3n establece claramente el plazo que usted o su ser querido tienen para presentar una demanda por resbal\u00f3n y ca\u00edda. En California, seg\u00fan el C\u00f3digo de Procedimiento Civil de California, art\u00edculo 335.1, tiene dos a\u00f1os a partir de la fecha de su lesi\u00f3n para presentar la demanda.<\/p>\n<p>Si no presenta su demanda por resbal\u00f3n y ca\u00edda en Bakersfield, California, en el tiempo permitido por la ley, el tribunal no escuchar\u00e1 su caso y usted no podr\u00e1 recuperar ninguna compensaci\u00f3n monetaria por sus lesiones por resbal\u00f3n y ca\u00edda.<\/p>\n<h2>Contrataci\u00f3n de un abogado especializado en resbalones y ca\u00eddas en Bakersfield<\/h2>\n<p>Si usted o un ser querido ha sufrido una lesi\u00f3n en un accidente por resbal\u00f3n y ca\u00edda en Bakersfield, California, no dude en contactarnos. <a href=\"\/es\/contact-us\/\">contacto<\/a> <a href=\"\/es\/attorney\/jeff-fayngor\/\">Abogado Jeff<\/a> Abogado de Accidentes de Auto. Nuestros abogados expertos en resbalones y ca\u00eddas est\u00e1n preparados para proteger sus derechos y trabajar arduamente para que usted y su familia obtengan la compensaci\u00f3n que merecen.<\/p>","protected":false},"excerpt":{"rendered":"<p>Elementos de un caso de responsabilidad civil por da\u00f1os en propiedades en California. En California y en el resto de Estados Unidos, existen cuatro elementos\u2026<\/p>","protected":false},"author":24,"featured_media":1330,"parent":0,"menu_order":0,"comment_status":"open","ping_status":"open","template":"","meta":{"inline_featured_image":false,"_monsterinsights_skip_tracking":false,"_monsterinsights_sitenote_active":false,"_monsterinsights_sitenote_note":"","_monsterinsights_sitenote_category":0,"footnotes":""},"class_list":["post-896","page","type-page","status-publish","has-post-thumbnail","hentry"],"acf":[],"yoast_head":"<!-- This site is optimized with the Yoast SEO plugin v27.4 - https:\/\/yoast.com\/product\/yoast-seo-wordpress\/ -->\n<title>Bakersfield Slip And Fall Lawyer - Attorney Jeff<\/title>\n<meta name=\"description\" content=\"If you\u2019ve suffered an injury due to a slip-and-fall accident on someone else&#039;s property, you may be entitled to compensation. Call AttorneyJeff right away!\" \/>\n<meta name=\"robots\" content=\"index, follow, max-snippet:-1, max-image-preview:large, max-video-preview:-1\" \/>\n<link rel=\"canonical\" href=\"https:\/\/attorneyjeff.com\/es\/bakersfield-slip-and-fall-lawyer\/\" \/>\n<meta property=\"og:locale\" content=\"es_MX\" \/>\n<meta property=\"og:type\" content=\"article\" \/>\n<meta property=\"og:title\" content=\"Bakersfield Slip And Fall Lawyer - Attorney Jeff\" \/>\n<meta property=\"og:description\" content=\"If you\u2019ve suffered an injury due to a slip-and-fall accident on someone else&#039;s property, you may be entitled to compensation. Call AttorneyJeff right away!\" \/>\n<meta property=\"og:url\" content=\"https:\/\/attorneyjeff.com\/es\/bakersfield-slip-and-fall-lawyer\/\" \/>\n<meta property=\"og:site_name\" content=\"Attorney Jeff\" \/>\n<meta property=\"article:modified_time\" content=\"2023-04-06T14:47:41+00:00\" \/>\n<meta property=\"og:image\" content=\"https:\/\/attorneyjeff.com\/wp-content\/uploads\/2023\/04\/Bakersfield-Slip-And-Fall-Lawyer-scaled.webp\" \/>\n\t<meta property=\"og:image:width\" content=\"2560\" \/>\n\t<meta property=\"og:image:height\" content=\"1709\" \/>\n\t<meta property=\"og:image:type\" content=\"image\/webp\" \/>\n<meta name=\"twitter:card\" content=\"summary_large_image\" \/>\n<script type=\"application\/ld+json\" class=\"yoast-schema-graph\">{\"@context\":\"https:\\\/\\\/schema.org\",\"@graph\":[{\"@type\":\"WebPage\",\"@id\":\"https:\\\/\\\/attorneyjeff.com\\\/bakersfield-slip-and-fall-lawyer\\\/\",\"url\":\"https:\\\/\\\/attorneyjeff.com\\\/bakersfield-slip-and-fall-lawyer\\\/\",\"name\":\"Bakersfield Slip And Fall Lawyer - Attorney Jeff\",\"isPartOf\":{\"@id\":\"https:\\\/\\\/attorneyjeff.com\\\/#website\"},\"primaryImageOfPage\":{\"@id\":\"https:\\\/\\\/attorneyjeff.com\\\/bakersfield-slip-and-fall-lawyer\\\/#primaryimage\"},\"image\":{\"@id\":\"https:\\\/\\\/attorneyjeff.com\\\/bakersfield-slip-and-fall-lawyer\\\/#primaryimage\"},\"thumbnailUrl\":\"https:\\\/\\\/attorneyjeff.com\\\/wp-content\\\/uploads\\\/2023\\\/04\\\/Bakersfield-Slip-And-Fall-Lawyer-scaled.webp\",\"datePublished\":\"2021-08-09T17:03:50+00:00\",\"dateModified\":\"2023-04-06T14:47:41+00:00\",\"description\":\"If you\u2019ve suffered an injury due to a slip-and-fall accident on someone else's property, you may be entitled to compensation. Call AttorneyJeff right away!\",\"breadcrumb\":{\"@id\":\"https:\\\/\\\/attorneyjeff.com\\\/bakersfield-slip-and-fall-lawyer\\\/#breadcrumb\"},\"inLanguage\":\"es\",\"potentialAction\":[{\"@type\":\"ReadAction\",\"target\":[\"https:\\\/\\\/attorneyjeff.com\\\/bakersfield-slip-and-fall-lawyer\\\/\"]}]},{\"@type\":\"ImageObject\",\"inLanguage\":\"es\",\"@id\":\"https:\\\/\\\/attorneyjeff.com\\\/bakersfield-slip-and-fall-lawyer\\\/#primaryimage\",\"url\":\"https:\\\/\\\/attorneyjeff.com\\\/wp-content\\\/uploads\\\/2023\\\/04\\\/Bakersfield-Slip-And-Fall-Lawyer-scaled.webp\",\"contentUrl\":\"https:\\\/\\\/attorneyjeff.com\\\/wp-content\\\/uploads\\\/2023\\\/04\\\/Bakersfield-Slip-And-Fall-Lawyer-scaled.webp\",\"width\":2560,\"height\":1709,\"caption\":\"Bakersfield Slip And Fall Lawyer\"},{\"@type\":\"BreadcrumbList\",\"@id\":\"https:\\\/\\\/attorneyjeff.com\\\/bakersfield-slip-and-fall-lawyer\\\/#breadcrumb\",\"itemListElement\":[{\"@type\":\"ListItem\",\"position\":1,\"name\":\"Home\",\"item\":\"https:\\\/\\\/attorneyjeff.com\\\/\"},{\"@type\":\"ListItem\",\"position\":2,\"name\":\"Bakersfield Slip And Fall Lawyer\"}]},{\"@type\":\"WebSite\",\"@id\":\"https:\\\/\\\/attorneyjeff.com\\\/#website\",\"url\":\"https:\\\/\\\/attorneyjeff.com\\\/\",\"name\":\"Attorney Jeff\",\"description\":\"Car Accident Lawyer\",\"potentialAction\":[{\"@type\":\"SearchAction\",\"target\":{\"@type\":\"EntryPoint\",\"urlTemplate\":\"https:\\\/\\\/attorneyjeff.com\\\/?s={search_term_string}\"},\"query-input\":{\"@type\":\"PropertyValueSpecification\",\"valueRequired\":true,\"valueName\":\"search_term_string\"}}],\"inLanguage\":\"es\"}]}<\/script>\n<!-- \/ Yoast SEO plugin. -->","yoast_head_json":{"title":"Abogado de resbalones y ca\u00eddas en Bakersfield - Abogado Jeff","description":"Si ha sufrido lesiones debido a una ca\u00edda en la propiedad de otra persona, podr\u00eda tener derecho a una indemnizaci\u00f3n. \u00a1Llame al abogado Jeff de inmediato!","robots":{"index":"index","follow":"follow","max-snippet":"max-snippet:-1","max-image-preview":"max-image-preview:large","max-video-preview":"max-video-preview:-1"},"canonical":"https:\/\/attorneyjeff.com\/es\/bakersfield-slip-and-fall-lawyer\/","og_locale":"es_MX","og_type":"article","og_title":"Bakersfield Slip And Fall Lawyer - Attorney Jeff","og_description":"If you\u2019ve suffered an injury due to a slip-and-fall accident on someone else's property, you may be entitled to compensation. Call AttorneyJeff right away!","og_url":"https:\/\/attorneyjeff.com\/es\/bakersfield-slip-and-fall-lawyer\/","og_site_name":"Attorney Jeff","article_modified_time":"2023-04-06T14:47:41+00:00","og_image":[{"width":2560,"height":1709,"url":"https:\/\/attorneyjeff.com\/wp-content\/uploads\/2023\/04\/Bakersfield-Slip-And-Fall-Lawyer-scaled.webp","type":"image\/webp"}],"twitter_card":"summary_large_image","schema":{"@context":"https:\/\/schema.org","@graph":[{"@type":"WebPage","@id":"https:\/\/attorneyjeff.com\/bakersfield-slip-and-fall-lawyer\/","url":"https:\/\/attorneyjeff.com\/bakersfield-slip-and-fall-lawyer\/","name":"Abogado de resbalones y ca\u00eddas en Bakersfield - Abogado Jeff","isPartOf":{"@id":"https:\/\/attorneyjeff.com\/#website"},"primaryImageOfPage":{"@id":"https:\/\/attorneyjeff.com\/bakersfield-slip-and-fall-lawyer\/#primaryimage"},"image":{"@id":"https:\/\/attorneyjeff.com\/bakersfield-slip-and-fall-lawyer\/#primaryimage"},"thumbnailUrl":"https:\/\/attorneyjeff.com\/wp-content\/uploads\/2023\/04\/Bakersfield-Slip-And-Fall-Lawyer-scaled.webp","datePublished":"2021-08-09T17:03:50+00:00","dateModified":"2023-04-06T14:47:41+00:00","description":"Si ha sufrido lesiones debido a una ca\u00edda en la propiedad de otra persona, podr\u00eda tener derecho a una indemnizaci\u00f3n. \u00a1Llame al abogado Jeff de inmediato!","breadcrumb":{"@id":"https:\/\/attorneyjeff.com\/bakersfield-slip-and-fall-lawyer\/#breadcrumb"},"inLanguage":"es","potentialAction":[{"@type":"ReadAction","target":["https:\/\/attorneyjeff.com\/bakersfield-slip-and-fall-lawyer\/"]}]},{"@type":"ImageObject","inLanguage":"es","@id":"https:\/\/attorneyjeff.com\/bakersfield-slip-and-fall-lawyer\/#primaryimage","url":"https:\/\/attorneyjeff.com\/wp-content\/uploads\/2023\/04\/Bakersfield-Slip-And-Fall-Lawyer-scaled.webp","contentUrl":"https:\/\/attorneyjeff.com\/wp-content\/uploads\/2023\/04\/Bakersfield-Slip-And-Fall-Lawyer-scaled.webp","width":2560,"height":1709,"caption":"Bakersfield Slip And Fall Lawyer"},{"@type":"BreadcrumbList","@id":"https:\/\/attorneyjeff.com\/bakersfield-slip-and-fall-lawyer\/#breadcrumb","itemListElement":[{"@type":"ListItem","position":1,"name":"Home","item":"https:\/\/attorneyjeff.com\/"},{"@type":"ListItem","position":2,"name":"Bakersfield Slip And Fall Lawyer"}]},{"@type":"WebSite","@id":"https:\/\/attorneyjeff.com\/#website","url":"https:\/\/attorneyjeff.com\/","name":"El abogado Jeff","description":"Abogado de accidentes de coche","potentialAction":[{"@type":"SearchAction","target":{"@type":"EntryPoint","urlTemplate":"https:\/\/attorneyjeff.com\/?s={search_term_string}"},"query-input":{"@type":"PropertyValueSpecification","valueRequired":true,"valueName":"search_term_string"}}],"inLanguage":"es"}]}},"_links":{"self":[{"href":"https:\/\/attorneyjeff.com\/es\/wp-json\/wp\/v2\/pages\/896","targetHints":{"allow":["GET"]}}],"collection":[{"href":"https:\/\/attorneyjeff.com\/es\/wp-json\/wp\/v2\/pages"}],"about":[{"href":"https:\/\/attorneyjeff.com\/es\/wp-json\/wp\/v2\/types\/page"}],"author":[{"embeddable":true,"href":"https:\/\/attorneyjeff.com\/es\/wp-json\/wp\/v2\/users\/24"}],"replies":[{"embeddable":true,"href":"https:\/\/attorneyjeff.com\/es\/wp-json\/wp\/v2\/comments?post=896"}],"version-history":[{"count":0,"href":"https:\/\/attorneyjeff.com\/es\/wp-json\/wp\/v2\/pages\/896\/revisions"}],"wp:featuredmedia":[{"embeddable":true,"href":"https:\/\/attorneyjeff.com\/es\/wp-json\/wp\/v2\/media\/1330"}],"wp:attachment":[{"href":"https:\/\/attorneyjeff.com\/es\/wp-json\/wp\/v2\/media?parent=896"}],"curies":[{"name":"wp","href":"https:\/\/api.w.org\/{rel}","templated":true}]}}