{"id":897,"date":"2021-08-09T13:03:50","date_gmt":"2021-08-09T17:03:50","guid":{"rendered":"http:\/\/attorney-jeff-injury-lawyers.lo\/bakersfield-car-accident-lawyer\/"},"modified":"2023-10-09T16:56:55","modified_gmt":"2023-10-09T20:56:55","slug":"bakersfield-car-accident-lawyer","status":"publish","type":"page","link":"https:\/\/attorneyjeff.com\/es\/bakersfield-car-accident-lawyer\/","title":{"rendered":"Abogado de accidentes automovil\u00edsticos en Bakersfield"},"content":{"rendered":"<h2>\u00bfCu\u00e1les son los est\u00e1ndares legales para una demanda por accidente automovil\u00edstico en Bakersfield?<\/h2>\n<p>En el estado de California, las leyes de negligencia establecen claramente que los conductores negligentes son responsables de todos los da\u00f1os y\/o lesiones que causen en un accidente. Si resulta lesionado en un accidente automovil\u00edstico en Bakersfield, debe poder demostrar la negligencia del otro conductor para recibir una indemnizaci\u00f3n.<\/p>\n<p>En California, los est\u00e1ndares legales de negligencia en un accidente automovil\u00edstico son:<\/p>\n<ul>\n<li>La parte culpable le deb\u00eda a la persona lesionada un deber de cuidado<\/li>\n<li>La parte culpable viol\u00f3 ese deber de cuidado al ser negligente.<\/li>\n<li>Su negligencia caus\u00f3 los da\u00f1os y lesiones de la parte lesionada.<\/li>\n<\/ul>\n<p>Cuando contrata a uno de los abogados de accidentes automovil\u00edsticos de Bakersfield en AttorneyJeff Car Accident Lawyer, lo ayudar\u00e1n a demostrar todos los est\u00e1ndares anteriores para asegurarse de recibir una compensaci\u00f3n justa por sus lesiones y\/o da\u00f1os por accidente automovil\u00edstico.<\/p>\n<a href=\"#\" class=\"toggle_overlay\"><div class=\"cta-sm cta-block row align-items-center wow fadeInLeft\" style=\"background: \"><div class=\"col-md-10\"><h3 style=\"color: \">Consigue tu <span class=\"streak\">Consulta de caso gratuita<\/span><\/h3><p style=\"color: \">Sin costos iniciales para usted ni su familia. Nos esforzamos por obtener una compensaci\u00f3n justa y equitativa para nuestros clientes.<\/p><\/div><\/div><\/a>\n<h2>\u00bfQui\u00e9n tiene la culpa en un accidente automovil\u00edstico en Bakersfield?<\/h2>\n<p>California, a diferencia de muchos otros estados, es un estado de negligencia comparativa pura. Esto significa que en California se juzga a todas las partes lesionadas para que reclamen sus da\u00f1os, incluso si se les declara culpables de un accidente (99%).<\/p>\n<p>Los tribunales de California reducir\u00e1n su indemnizaci\u00f3n por da\u00f1os y perjuicios seg\u00fan su porcentaje de culpa. Por ejemplo, si se le declar\u00f3 culpable de 25% en su accidente de auto en Bakersfield, California, solo recibir\u00eda 75% de su indemnizaci\u00f3n. Cuanto mayor sea su porcentaje de culpa, menor ser\u00e1 su indemnizaci\u00f3n.<\/p>\n<p>La negligencia en un accidente automovil\u00edstico en Bakersfield se manifiesta de diversas maneras. Las causas comunes de negligencia en accidentes automovil\u00edsticos en Bakersfield y en toda California incluyen, entre otras:<\/p>\n<p>1. Conducci\u00f3n descuidada<\/p>\n<p>2. Conducci\u00f3n distra\u00edda<\/p>\n<p>3. Conducir bajo la influencia de drogas y\/o alcohol<\/p>\n<p>4. No ceder el derecho de paso<\/p>\n<p>5. Pasar una se\u00f1al de stop o un sem\u00e1foro en rojo<\/p>\n<p>6. Exceso de velocidad<\/p>\n<p>7. Enviar mensajes de texto mientras se conduce<\/p>\n<h2>\u00bfCu\u00e1les son las causas comunes de accidentes automovil\u00edsticos en Bakersfield, California?<\/h2>\n<p>Los abogados expertos en accidentes automovil\u00edsticos de AttorneyJeff Car Accident Lawyer, en Bakersfield, pueden ayudarle a construir un caso s\u00f3lido por la negligencia del otro conductor. La negligencia puede manifestarse de diversas maneras. Las causas comunes de accidentes automovil\u00edsticos incluyen, entre otras:<\/p>\n<h3>Colisi\u00f3n trasera<\/h3>\n<p>Cuando otro conductor lo impacta por detr\u00e1s, se trata de una colisi\u00f3n trasera. Este tipo de accidente puede variar desde un peque\u00f1o golpe hasta causarle lesiones graves. Depende de la velocidad a la que impact\u00f3 su veh\u00edculo. Normalmente, en las colisiones traseras, el conductor que lo acompa\u00f1a es responsable. Sin embargo, si circulaba en reversa en el momento del accidente, podr\u00eda ser declarado culpable.<\/p>\n<h3>Accidente de T-Bone<\/h3>\n<p>En California y en otros lugares, un accidente de impacto lateral se conoce como colisi\u00f3n en T. Este tipo de accidente ocurre cuando un veh\u00edculo es impactado por la parte delantera o trasera de otro. Las colisiones laterales son frecuentes en California y todas las partes involucradas pueden sufrir lesiones graves.<\/p>\n<h3>Chocar de refil\u00f3n contra<\/h3>\n<p>En un accidente de roce en California, un veh\u00edculo impacta lateralmente contra otro mientras circula en la misma direcci\u00f3n. Este tipo de accidentes suelen ser causados por conductores californianos que no revisan los espejos retrovisores ni los puntos ciegos antes de cambiar de carril. A altas velocidades, este tipo de accidentes pueden causar lesiones graves.<\/p>\n<h3>De frente<\/h3>\n<p>Un accidente de tr\u00e1fico frontal se produce cuando dos veh\u00edculos chocan frontalmente mientras circulan en direcciones opuestas. Incluso a baja velocidad, un choque frontal puede provocar lesiones graves o la muerte.<\/p>\n<h3>Accidente de un solo veh\u00edculo<\/h3>\n<p>Un accidente de un solo veh\u00edculo involucra solo un autom\u00f3vil. Normalmente, se trata de un solo autom\u00f3vil que choca contra un objeto inm\u00f3vil, como una se\u00f1al de tr\u00e1fico, un \u00e1rbol o se desv\u00eda de la carretera. La mayor\u00eda de los accidentes de un solo veh\u00edculo en California pueden atribuirse a la fatiga o a conducir bajo los efectos de drogas o alcohol, condiciones viales peligrosas o el clima.<\/p>\n<h3>Accidente de vuelco<\/h3>\n<p>En California y otros lugares, un accidente de vuelco ocurre cuando un veh\u00edculo se vuelca debido a una salida de la carretera o una colisi\u00f3n. Este tipo de accidentes en California generalmente causa lesiones graves o incluso la muerte.<\/p>\n<h3>Accidente de atropello y fuga<\/h3>\n<p>Cuando un conductor de California causa un accidente o se ve involucrado en un accidente automovil\u00edstico y se da a la fuga, se considera un accidente de atropello y fuga y es ilegal en California. No detenerse en un accidente automovil\u00edstico puede resultar en una multa y cargos penales por atropello y fuga.<\/p>\n<h2>\u00bfCu\u00e1les son las lesiones m\u00e1s comunes en accidentes automovil\u00edsticos en California?<\/h2>\n<p>En California y en todo Estados Unidos, los accidentes automovil\u00edsticos son una de las causas m\u00e1s comunes de lesiones personales. Algunas lesiones comunes por accidentes automovil\u00edsticos en Bakersfield y en toda California incluyen, entre otras:<\/p>\n<h3>Lesiones cerebrales<\/h3>\n<p>En Estados Unidos, m\u00e1s del 171% de todas las lesiones cerebrales traum\u00e1ticas son causadas por accidentes automovil\u00edsticos. Las lesiones cerebrales traum\u00e1ticas ocurren cuando un movimiento brusco del cr\u00e1neo hace que el cerebro se mueva y golpee las superficies internas duras del cr\u00e1neo. Una lesi\u00f3n cerebral traum\u00e1tica puede causar sangrado, inflamaci\u00f3n y hematomas en el cerebro, as\u00ed como otras afecciones como una fractura de cr\u00e1neo. En ocasiones, una lesi\u00f3n cerebral traum\u00e1tica puede causar p\u00e9rdida inmediata del conocimiento.<\/p>\n<p>Las lesiones cerebrales traum\u00e1ticas requieren tratamiento m\u00e9dico inmediato y pueden requerir numerosos cuidados de seguimiento y pruebas diagn\u00f3sticas. Las lesiones cerebrales traum\u00e1ticas m\u00e1s graves pueden requerir cuidados y rehabilitaci\u00f3n de por vida.<\/p>\n<h3>Huesos rotos<\/h3>\n<p>Sus piernas y brazos son especialmente vulnerables al sufrir un accidente automovil\u00edstico en Bakersfield, California. En la mayor\u00eda de los casos, estas lesiones requieren tratamiento m\u00e9dico de emergencia, cirug\u00eda, rehabilitaci\u00f3n y seguimiento.<\/p>\n<p>Las fracturas \u00f3seas pueden provocar infecciones, por lo que podr\u00eda requerir fisioterapia y m\u00faltiples cirug\u00edas para recuperar cierta funci\u00f3n. En casos graves de fracturas \u00f3seas, podr\u00eda enfrentarse a una amputaci\u00f3n, lo que puede provocar un deterioro significativo y una disminuci\u00f3n considerable de la calidad de vida.<\/p>\n<p>Es posible que tenga dificultades para realizar tareas cotidianas b\u00e1sicas o para trabajar. Las fracturas menores no suelen ser dif\u00edciles de tratar, pero podr\u00edan requerir rehabilitaci\u00f3n y consolidaci\u00f3n significativas para que pueda recuperar su funci\u00f3n normal.<\/p>\n<h3>Lesiones faciales<\/h3>\n<p>Las lesiones faciales pueden incluir raspaduras, cortaduras, moretones, fracturas, quemaduras, laceraciones profundas y da\u00f1os dentales o mandibulares. Las laceraciones, que pueden presentarse en forma de cortes profundos, punciones o raspaduras, son extremadamente comunes incluso en accidentes automovil\u00edsticos menores en Bakersfield. El tejido blando de la cara puede ser especialmente vulnerable a lesiones causadas por objetos como escombros, vidrios, art\u00edculos personales, etc. En casos graves, puede sufrir fracturas de huesos faciales y punciones graves causadas por objetos afilados.<\/p>\n<p>Dependiendo del tipo de lesi\u00f3n facial que sufra en su accidente automovil\u00edstico en Bakersfield, sus lesiones faciales podr\u00edan requerir cirug\u00eda est\u00e9tica y\/o reconstructiva para restaurar la funci\u00f3n normal y la est\u00e9tica de su rostro. Si se fractura o disloca la mand\u00edbula, podr\u00eda requerir un tiempo prolongado de tratamiento, rehabilitaci\u00f3n y recuperaci\u00f3n.<\/p>\n<h3>Trauma psicol\u00f3gico<\/h3>\n<p>Incluso si no sufri\u00f3 lesiones f\u00edsicas graves en su accidente automovil\u00edstico en Bakersfield, California, podr\u00eda sufrir uno o m\u00e1s trastornos psicol\u00f3gicos como resultado del accidente. El trastorno de estr\u00e9s postraum\u00e1tico (TEPT) es bastante com\u00fan despu\u00e9s de un accidente automovil\u00edstico en California y, a menudo, requiere tratamiento de un profesional de salud mental cualificado. Si padece TEPT, podr\u00eda sufrir una angustia tan intensa que podr\u00eda requerir a\u00f1os de tratamiento para volver a la normalidad.<\/p>\n<p>Otras lesiones psicol\u00f3gicas pueden incluir ataques de p\u00e1nico, ansiedad y depresi\u00f3n. Estas lesiones pueden atribuirse al accidente automovil\u00edstico en Bakersfield o a su recuperaci\u00f3n. Las lesiones psicol\u00f3gicas suelen ser dif\u00edciles de tratar. Podr\u00eda necesitar terapia, medicaci\u00f3n y un largo per\u00edodo de recuperaci\u00f3n para recuperar su estado mental previo al accidente. Si sufri\u00f3 una lesi\u00f3n psicol\u00f3gica debido a su accidente automovil\u00edstico en Bakersfield, podr\u00eda recibir una compensaci\u00f3n econ\u00f3mica.<\/p>\n<h2>\u00bfQu\u00e9 tipo de da\u00f1os puedo recuperar si estoy involucrado en un accidente automovil\u00edstico en Bakersfield?<\/h2>\n<p>En un accidente automovil\u00edstico en California, los da\u00f1os se deben a sus lesiones y otras p\u00e9rdidas que haya podido sufrir. Al presentar una reclamaci\u00f3n por lesiones personales debido a un accidente automovil\u00edstico en Bakersfield, debe solicitar la m\u00e1xima compensaci\u00f3n monetaria disponible a la parte culpable.<\/p>\n<p>Los da\u00f1os causados por un accidente automovil\u00edstico en California pueden ser econ\u00f3micos y no econ\u00f3micos. Los da\u00f1os econ\u00f3micos tendr\u00e1n un valor monetario exacto, como las reparaciones del veh\u00edculo y los gastos m\u00e9dicos. Los da\u00f1os no econ\u00f3micos pueden ser dif\u00edciles de cuantificar e incluyen aspectos como el dolor y el sufrimiento.<\/p>\n<p>Los da\u00f1os comunes en un accidente automovil\u00edstico en Bakersfield pueden incluir, entre otros:<\/p>\n<ul>\n<li>Gastos m\u00e9dicos<\/li>\n<li>Tratamiento y atenci\u00f3n m\u00e9dica futura<\/li>\n<li>Costos de reparaci\u00f3n o reemplazo de autom\u00f3viles<\/li>\n<li>P\u00e9rdida de ingresos<\/li>\n<li>P\u00e9rdida de la capacidad de generar ingresos futuros<\/li>\n<li>Atenci\u00f3n m\u00e9dica de emergencia<\/li>\n<li>Terapia f\u00edsica y\/o ocupacional<\/li>\n<li>Medicamentos, suministros m\u00e9dicos y equipos m\u00e9dicos<\/li>\n<li>Dolor y sufrimiento<\/li>\n<li>Angustia mental<\/li>\n<li>Compensaci\u00f3n por p\u00e9rdida de extremidades<\/li>\n<li>Compensaci\u00f3n por desfiguraci\u00f3n o cicatriz<\/li>\n<\/ul>\n<p>Dependiendo de las circunstancias de su accidente automovil\u00edstico en Bakersfield, podr\u00eda recibir una indemnizaci\u00f3n por da\u00f1os punitivos. La indemnizaci\u00f3n por da\u00f1os punitivos, tambi\u00e9n conocida como indemnizaci\u00f3n ejemplar, est\u00e1 disponible cuando el conductor que caus\u00f3 el accidente actu\u00f3 de forma imprudente, intent\u00f3 lastimar intencionalmente a alguien o es culpable de un accidente de atropello y fuga.<\/p>\n<p>Los da\u00f1os punitivos no se otorgan con la intenci\u00f3n de compensar a la v\u00edctima lesionada, sino m\u00e1s bien para castigar a la parte culpable.<\/p>\n<h2>\u00bfC\u00f3mo s\u00e9 si tengo un reclamo v\u00e1lido por accidente automovil\u00edstico en California?<\/h2>\n<p>Si usted o un ser querido sufri\u00f3 recientemente un accidente automovil\u00edstico en California, podr\u00eda tener dudas sobre si tiene derecho a una indemnizaci\u00f3n. No est\u00e1 solo; los abogados especializados en accidentes automovil\u00edsticos de AttorneyJeff Car Accident Lawyer, Bakersfield, California, est\u00e1n aqu\u00ed para ayudarle. Para obtener una indemnizaci\u00f3n por su accidente automovil\u00edstico en California, debe cumplir con los dos requisitos siguientes:<\/p>\n<ul>\n<li>Su accidente automovil\u00edstico en California fue causado por la negligencia de otra persona<\/li>\n<li>Como resultado de la negligencia de otra persona, usted o un ser querido sufri\u00f3 lesiones f\u00edsicas graves.<\/li>\n<\/ul>\n<p>Nuestros abogados con experiencia en accidentes automovil\u00edsticos de Bakersfield, California pueden responder todas sus preguntas sobre c\u00f3mo se establece la negligencia y qu\u00e9 significa que su lesi\u00f3n se clasifique como grave.<\/p>\n<h2>\u00bfNecesito un abogado de accidentes automovil\u00edsticos en Bakersfield si mi accidente fue menor?<\/h2>\n<p>Si usted o un ser querido sufre un accidente automovil\u00edstico leve en Bakersfield, California, es posible que no necesite un abogado especializado en accidentes automovil\u00edsticos. Sin embargo, siempre es prudente hablar con un abogado especializado en accidentes automovil\u00edsticos de California para determinar si tiene un caso s\u00f3lido en lugar de perder mucho dinero. Si no consulta con un abogado especializado en accidentes automovil\u00edsticos de California, nunca sabr\u00e1 cu\u00e1nta compensaci\u00f3n podr\u00eda haber recibido por sus lesiones en Bakersfield, California.<\/p>\n<h2>\u00bfQu\u00e9 sucede si mi accidente automovil\u00edstico en Bakersfield es grave?<\/h2>\n<p>Si usted o un ser querido ha sufrido un accidente automovil\u00edstico grave en California, le conviene contactar a un abogado especializado en accidentes automovil\u00edsticos. Con frecuencia, el ajustador de la compa\u00f1\u00eda de seguros intentar\u00e1 aprovecharse de usted si no cuenta con la representaci\u00f3n de un abogado especializado en accidentes automovil\u00edsticos en California.<\/p>\n<p>Es importante recordar que las compa\u00f1\u00edas de seguros est\u00e1n en el negocio para obtener ganancias y odian pagar dinero.<\/p>\n<a href=\"#\" class=\"toggle_overlay\"><div class=\"cta-sm cta-block row align-items-center wow fadeInLeft\" style=\"background: \"><div class=\"col-md-10\"><h3 style=\"color: \">Consigue tu <span class=\"streak\">Consulta de caso gratuita<\/span><\/h3><p style=\"color: \">Sin costos iniciales para usted ni su familia. Nos esforzamos por obtener una compensaci\u00f3n justa y equitativa para nuestros clientes.<\/p><\/div><\/div><\/a>\n<h2>\u00bfNecesito un abogado de accidentes automovil\u00edsticos en Bakersfield, California para mi accidente automovil\u00edstico en California?<\/h2>\n<p>Tras su accidente automovil\u00edstico en Bakersfield, California, deber\u00e1 tomar muchas decisiones dif\u00edciles. Podr\u00eda resultarle dif\u00edcil lidiar con sus lesiones y la p\u00e9rdida de ingresos.<\/p>\n<p>Los abogados con experiencia en accidentes automovil\u00edsticos de Bakersfield, California, de <a href=\"https:\/\/attorneyjeff.com\/es\/about-us\/\">Abogado Jeff, abogado de accidentes automovil\u00edsticos<\/a> Puede ayudarle a poner en marcha un plan para su recuperaci\u00f3n. Contar con un abogado con experiencia en accidentes de auto en California a su lado para proteger sus derechos le brindar\u00e1 tranquilidad para que usted y su familia puedan concentrarse en su recuperaci\u00f3n.\u00a0<a href=\"\/es\/contact-us\/\"><em>\u00a1Cont\u00e1ctanos hoy!<\/em><\/a><\/p>","protected":false},"excerpt":{"rendered":"<p>What Are the Legal Standards for a Bakersfield Car Accident Lawsuit? In the state of California negligence laws clearly state &#8230;<\/p>","protected":false},"author":24,"featured_media":1297,"parent":0,"menu_order":0,"comment_status":"open","ping_status":"open","template":"","meta":{"inline_featured_image":false,"_monsterinsights_skip_tracking":false,"_monsterinsights_sitenote_active":false,"_monsterinsights_sitenote_note":"","_monsterinsights_sitenote_category":0,"footnotes":""},"class_list":["post-897","page","type-page","status-publish","has-post-thumbnail","hentry"],"acf":[],"yoast_head":"<!-- This site is optimized with the Yoast SEO plugin v27.4 - https:\/\/yoast.com\/product\/yoast-seo-wordpress\/ -->\n<title>Bakersfield Car Accident Lawyer - Attorney Jeff<\/title>\n<meta name=\"description\" content=\"Have you been involved in a Bakersfield car accident? You need an experienced car accident attorney on your side. Call AttorneyJeff today!\" \/>\n<meta name=\"robots\" content=\"index, follow, max-snippet:-1, max-image-preview:large, max-video-preview:-1\" \/>\n<link rel=\"canonical\" href=\"https:\/\/attorneyjeff.com\/es\/bakersfield-car-accident-lawyer\/\" \/>\n<meta property=\"og:locale\" content=\"es_MX\" \/>\n<meta property=\"og:type\" content=\"article\" \/>\n<meta property=\"og:title\" content=\"Bakersfield Car Accident Lawyer - Attorney Jeff\" \/>\n<meta property=\"og:description\" content=\"Have you been involved in a Bakersfield car accident? You need an experienced car accident attorney on your side. Call AttorneyJeff today!\" \/>\n<meta property=\"og:url\" content=\"https:\/\/attorneyjeff.com\/es\/bakersfield-car-accident-lawyer\/\" \/>\n<meta property=\"og:site_name\" content=\"Attorney Jeff\" \/>\n<meta property=\"article:modified_time\" content=\"2023-10-09T20:56:55+00:00\" \/>\n<meta property=\"og:image\" content=\"https:\/\/attorneyjeff.com\/wp-content\/uploads\/2023\/04\/Bakersfield-Car-Accident-Lawyer-scaled.webp\" \/>\n\t<meta property=\"og:image:width\" content=\"2560\" \/>\n\t<meta property=\"og:image:height\" content=\"1707\" \/>\n\t<meta property=\"og:image:type\" content=\"image\/webp\" \/>\n<meta name=\"twitter:card\" content=\"summary_large_image\" \/>\n<script type=\"application\/ld+json\" class=\"yoast-schema-graph\">{\"@context\":\"https:\\\/\\\/schema.org\",\"@graph\":[{\"@type\":\"WebPage\",\"@id\":\"https:\\\/\\\/attorneyjeff.com\\\/bakersfield-car-accident-lawyer\\\/\",\"url\":\"https:\\\/\\\/attorneyjeff.com\\\/bakersfield-car-accident-lawyer\\\/\",\"name\":\"Bakersfield Car Accident Lawyer - Attorney Jeff\",\"isPartOf\":{\"@id\":\"https:\\\/\\\/attorneyjeff.com\\\/#website\"},\"primaryImageOfPage\":{\"@id\":\"https:\\\/\\\/attorneyjeff.com\\\/bakersfield-car-accident-lawyer\\\/#primaryimage\"},\"image\":{\"@id\":\"https:\\\/\\\/attorneyjeff.com\\\/bakersfield-car-accident-lawyer\\\/#primaryimage\"},\"thumbnailUrl\":\"https:\\\/\\\/attorneyjeff.com\\\/wp-content\\\/uploads\\\/2023\\\/04\\\/Bakersfield-Car-Accident-Lawyer-scaled.webp\",\"datePublished\":\"2021-08-09T17:03:50+00:00\",\"dateModified\":\"2023-10-09T20:56:55+00:00\",\"description\":\"Have you been involved in a Bakersfield car accident? You need an experienced car accident attorney on your side. Call AttorneyJeff today!\",\"breadcrumb\":{\"@id\":\"https:\\\/\\\/attorneyjeff.com\\\/bakersfield-car-accident-lawyer\\\/#breadcrumb\"},\"inLanguage\":\"es\",\"potentialAction\":[{\"@type\":\"ReadAction\",\"target\":[\"https:\\\/\\\/attorneyjeff.com\\\/bakersfield-car-accident-lawyer\\\/\"]}]},{\"@type\":\"ImageObject\",\"inLanguage\":\"es\",\"@id\":\"https:\\\/\\\/attorneyjeff.com\\\/bakersfield-car-accident-lawyer\\\/#primaryimage\",\"url\":\"https:\\\/\\\/attorneyjeff.com\\\/wp-content\\\/uploads\\\/2023\\\/04\\\/Bakersfield-Car-Accident-Lawyer-scaled.webp\",\"contentUrl\":\"https:\\\/\\\/attorneyjeff.com\\\/wp-content\\\/uploads\\\/2023\\\/04\\\/Bakersfield-Car-Accident-Lawyer-scaled.webp\",\"width\":2560,\"height\":1707,\"caption\":\"woman looking at her damaged red car following a car accident i\"},{\"@type\":\"BreadcrumbList\",\"@id\":\"https:\\\/\\\/attorneyjeff.com\\\/bakersfield-car-accident-lawyer\\\/#breadcrumb\",\"itemListElement\":[{\"@type\":\"ListItem\",\"position\":1,\"name\":\"Home\",\"item\":\"https:\\\/\\\/attorneyjeff.com\\\/\"},{\"@type\":\"ListItem\",\"position\":2,\"name\":\"Bakersfield Car Accident Lawyer\"}]},{\"@type\":\"WebSite\",\"@id\":\"https:\\\/\\\/attorneyjeff.com\\\/#website\",\"url\":\"https:\\\/\\\/attorneyjeff.com\\\/\",\"name\":\"Attorney Jeff\",\"description\":\"Car Accident Lawyer\",\"potentialAction\":[{\"@type\":\"SearchAction\",\"target\":{\"@type\":\"EntryPoint\",\"urlTemplate\":\"https:\\\/\\\/attorneyjeff.com\\\/?s={search_term_string}\"},\"query-input\":{\"@type\":\"PropertyValueSpecification\",\"valueRequired\":true,\"valueName\":\"search_term_string\"}}],\"inLanguage\":\"es\"}]}<\/script>\n<!-- \/ Yoast SEO plugin. -->","yoast_head_json":{"title":"Bakersfield Car Accident Lawyer - Attorney Jeff","description":"Have you been involved in a Bakersfield car accident? You need an experienced car accident attorney on your side. Call AttorneyJeff today!","robots":{"index":"index","follow":"follow","max-snippet":"max-snippet:-1","max-image-preview":"max-image-preview:large","max-video-preview":"max-video-preview:-1"},"canonical":"https:\/\/attorneyjeff.com\/es\/bakersfield-car-accident-lawyer\/","og_locale":"es_MX","og_type":"article","og_title":"Bakersfield Car Accident Lawyer - Attorney Jeff","og_description":"Have you been involved in a Bakersfield car accident? You need an experienced car accident attorney on your side. Call AttorneyJeff today!","og_url":"https:\/\/attorneyjeff.com\/es\/bakersfield-car-accident-lawyer\/","og_site_name":"Attorney Jeff","article_modified_time":"2023-10-09T20:56:55+00:00","og_image":[{"width":2560,"height":1707,"url":"https:\/\/attorneyjeff.com\/wp-content\/uploads\/2023\/04\/Bakersfield-Car-Accident-Lawyer-scaled.webp","type":"image\/webp"}],"twitter_card":"summary_large_image","schema":{"@context":"https:\/\/schema.org","@graph":[{"@type":"WebPage","@id":"https:\/\/attorneyjeff.com\/bakersfield-car-accident-lawyer\/","url":"https:\/\/attorneyjeff.com\/bakersfield-car-accident-lawyer\/","name":"Bakersfield Car Accident Lawyer - Attorney Jeff","isPartOf":{"@id":"https:\/\/attorneyjeff.com\/#website"},"primaryImageOfPage":{"@id":"https:\/\/attorneyjeff.com\/bakersfield-car-accident-lawyer\/#primaryimage"},"image":{"@id":"https:\/\/attorneyjeff.com\/bakersfield-car-accident-lawyer\/#primaryimage"},"thumbnailUrl":"https:\/\/attorneyjeff.com\/wp-content\/uploads\/2023\/04\/Bakersfield-Car-Accident-Lawyer-scaled.webp","datePublished":"2021-08-09T17:03:50+00:00","dateModified":"2023-10-09T20:56:55+00:00","description":"Have you been involved in a Bakersfield car accident? You need an experienced car accident attorney on your side. Call AttorneyJeff today!","breadcrumb":{"@id":"https:\/\/attorneyjeff.com\/bakersfield-car-accident-lawyer\/#breadcrumb"},"inLanguage":"es","potentialAction":[{"@type":"ReadAction","target":["https:\/\/attorneyjeff.com\/bakersfield-car-accident-lawyer\/"]}]},{"@type":"ImageObject","inLanguage":"es","@id":"https:\/\/attorneyjeff.com\/bakersfield-car-accident-lawyer\/#primaryimage","url":"https:\/\/attorneyjeff.com\/wp-content\/uploads\/2023\/04\/Bakersfield-Car-Accident-Lawyer-scaled.webp","contentUrl":"https:\/\/attorneyjeff.com\/wp-content\/uploads\/2023\/04\/Bakersfield-Car-Accident-Lawyer-scaled.webp","width":2560,"height":1707,"caption":"woman looking at her damaged red car following a car accident i"},{"@type":"BreadcrumbList","@id":"https:\/\/attorneyjeff.com\/bakersfield-car-accident-lawyer\/#breadcrumb","itemListElement":[{"@type":"ListItem","position":1,"name":"Home","item":"https:\/\/attorneyjeff.com\/"},{"@type":"ListItem","position":2,"name":"Bakersfield Car Accident Lawyer"}]},{"@type":"WebSite","@id":"https:\/\/attorneyjeff.com\/#website","url":"https:\/\/attorneyjeff.com\/","name":"El abogado Jeff","description":"Abogado de accidentes de coche","potentialAction":[{"@type":"SearchAction","target":{"@type":"EntryPoint","urlTemplate":"https:\/\/attorneyjeff.com\/?s={search_term_string}"},"query-input":{"@type":"PropertyValueSpecification","valueRequired":true,"valueName":"search_term_string"}}],"inLanguage":"es"}]}},"_links":{"self":[{"href":"https:\/\/attorneyjeff.com\/es\/wp-json\/wp\/v2\/pages\/897","targetHints":{"allow":["GET"]}}],"collection":[{"href":"https:\/\/attorneyjeff.com\/es\/wp-json\/wp\/v2\/pages"}],"about":[{"href":"https:\/\/attorneyjeff.com\/es\/wp-json\/wp\/v2\/types\/page"}],"author":[{"embeddable":true,"href":"https:\/\/attorneyjeff.com\/es\/wp-json\/wp\/v2\/users\/24"}],"replies":[{"embeddable":true,"href":"https:\/\/attorneyjeff.com\/es\/wp-json\/wp\/v2\/comments?post=897"}],"version-history":[{"count":0,"href":"https:\/\/attorneyjeff.com\/es\/wp-json\/wp\/v2\/pages\/897\/revisions"}],"wp:featuredmedia":[{"embeddable":true,"href":"https:\/\/attorneyjeff.com\/es\/wp-json\/wp\/v2\/media\/1297"}],"wp:attachment":[{"href":"https:\/\/attorneyjeff.com\/es\/wp-json\/wp\/v2\/media?parent=897"}],"curies":[{"name":"wp","href":"https:\/\/api.w.org\/{rel}","templated":true}]}}