{"id":901,"date":"2021-08-11T18:01:07","date_gmt":"2021-08-11T22:01:07","guid":{"rendered":"http:\/\/attorney-jeff-injury-lawyers.lo\/hesperia-slip-and-fall-lawyer\/"},"modified":"2023-04-06T10:38:31","modified_gmt":"2023-04-06T14:38:31","slug":"hesperia-slip-and-fall-lawyer","status":"publish","type":"page","link":"https:\/\/attorneyjeff.com\/es\/hesperia-slip-and-fall-lawyer\/","title":{"rendered":"Abogado de resbalones y ca\u00eddas en Hesperia"},"content":{"rendered":"<h2>Los elementos de un caso de responsabilidad civil de propiedad en California<\/h2>\n<p>En Hesperia y en toda California, un reclamo por responsabilidad civil de propiedad consta de cuatro partes que usted y su abogado especializado en accidentes por resbalones y ca\u00eddas deben probar seg\u00fan la Instrucci\u00f3n del Jurado Civil de California 1000. Son las siguientes:<\/p>\n<ul>\n<li>Que el acusado arrendaba, pose\u00eda o ten\u00eda el control de la propiedad<\/li>\n<li>Que el acusado fue negligente en el cuidado o uso de la propiedad<\/li>\n<li>Que usted o su ser querido result\u00f3 herido<\/li>\n<li>Que la negligencia del acusado fue el factor significativo que caus\u00f3 sus lesiones o las de su ser querido.<\/li>\n<\/ul>\n<a href=\"#\" class=\"toggle_overlay\"><div class=\"cta-sm cta-block row align-items-center wow fadeInLeft\" style=\"background: \"><div class=\"col-md-10\"><h3 style=\"color: \">Consigue tu <span class=\"streak\">Consulta de caso gratuita<\/span><\/h3><p style=\"color: \">Sin costos iniciales para usted ni su familia. Nos esforzamos por obtener una compensaci\u00f3n justa y equitativa para nuestros clientes.<\/p><\/div><\/div><\/a>\n<h2>\u00bfC\u00f3mo puedo establecer negligencia en un caso de resbal\u00f3n y ca\u00edda en California?<\/h2>\n<p>Para establecer negligencia en su accidente de resbal\u00f3n y ca\u00edda en Hesperia, debe poder demostrar que el demandado actu\u00f3 de alguna manera negligente. Debe existir una condici\u00f3n peligrosa, el demandado sab\u00eda o deber\u00eda haber sabido de ella y no la repar\u00f3 ni le advirti\u00f3 sobre ella.<\/p>\n<p>Por ejemplo, si usted est\u00e1 en una tienda de comestibles y el piso est\u00e1 mojado debido a un derrame y usted o un ser querido se resbala, esto podr\u00eda considerarse un riesgo irrazonable de que alguien resulte lastimado porque es posible que no espere una mancha mojada mientras compra.<\/p>\n<p>Adem\u00e1s, la tienda tiene muchos empleados y c\u00e1maras de seguridad, y es razonable suponer que el derrame habr\u00eda sido f\u00e1cilmente detectable y limpiado.<\/p>\n<h2>\u00bfD\u00f3nde ocurren la mayor\u00eda de los accidentes por resbalones y ca\u00eddas en Hesperia?<\/h2>\n<p>Si bien los accidentes por resbalones y ca\u00eddas en California pueden ocurrir pr\u00e1cticamente en cualquier lugar, los tres lugares m\u00e1s comunes donde ocurre un accidente por resbal\u00f3n y ca\u00edda son:<\/p>\n<ul>\n<li><strong>Propiedad residencial<\/strong><\/li>\n<li><strong>Propiedad comercial<\/strong><\/li>\n<li><strong>Propiedad del gobierno<\/strong><\/li>\n<\/ul>\n<p>Echemos un vistazo m\u00e1s de cerca a cada uno de estos lugares.<\/p>\n<h3>Propiedad residencial<\/h3>\n<p>En ocasiones, el arrendador o el due\u00f1o de la propiedad deben pagar a un inquilino o visitante de la propiedad en California si se lesionaron en un accidente de resbal\u00f3n y ca\u00edda. Para que esto suceda, deben cumplirse las siguientes condiciones:<\/p>\n<ol>\n<li>El propietario o due\u00f1o de la propiedad sab\u00eda o deber\u00eda haber sabido acerca de la condici\u00f3n peligrosa que caus\u00f3 que usted o su ser querido resultaran heridos.<\/li>\n<li>El propietario o due\u00f1o de la propiedad podr\u00eda haber reparado la condici\u00f3n peligrosa<\/li>\n<li>Era previsible que se produjera un accidente si no se reparaba la condici\u00f3n peligrosa.<\/li>\n<li>Debido a que el propietario o due\u00f1o de la propiedad de Hesperia, California no repar\u00f3 la condici\u00f3n peligrosa, usted o un ser querido resbal\u00f3 y cay\u00f3.<\/li>\n<\/ol>\n<h3>Propiedad comercial<\/h3>\n<p>El propietario de un negocio, propiedad o empleado de cualquier negocio en California puede ser considerado responsable de su accidente por resbal\u00f3n y ca\u00edda cuando se presenta una de las siguientes condiciones:<\/p>\n<ol>\n<li>Ellos crearon la condici\u00f3n que caus\u00f3 que usted o su ser querido se resbalara y cayera.<\/li>\n<li>Sab\u00edan de la condici\u00f3n potencialmente peligrosa pero no solucionaron el problema.<\/li>\n<li>Deber\u00edan haber sabido sobre la condici\u00f3n peligrosa y haberlo reparado porque cualquier persona razonable habr\u00eda sabido sobre la condici\u00f3n peligrosa y lo habr\u00eda reparado antes de que alguien pudiera resultar herido.<\/li>\n<\/ol>\n<h3>Propiedad del gobierno<\/h3>\n<p>Cualquier accidente por resbal\u00f3n y ca\u00edda que ocurra en propiedades del gobierno federal o de California presenta sus propios problemas, que los abogados expertos en accidentes por resbal\u00f3n y ca\u00edda de AttorneyJeff Car Accident Lawyer en Hesperia, California, querr\u00e1n abordar de inmediato. Algunos de los problemas que deben abordarse incluyen, entre otros:<\/p>\n<ul>\n<li>Leyes estatutarias<\/li>\n<li>Reglas para presentar una reclamaci\u00f3n<\/li>\n<li>\u00bfQu\u00e9 califica como una rama del gobierno estatal o federal o una organizaci\u00f3n afiliada?<\/li>\n<\/ul>\n<h2>\u00bfCu\u00e1les son las lesiones por resbalones y ca\u00eddas m\u00e1s comunes en Hesperia, California?<\/h2>\n<p>Si usted o un ser querido es v\u00edctima de un accidente por resbal\u00f3n y ca\u00edda en Hesperia o en toda California, podr\u00eda sufrir lesiones graves como:<\/p>\n<ul>\n<li><strong>Huesos rotos<\/strong><\/li>\n<li><strong>Discos abultados y\/o nervios pinzados<\/strong><\/li>\n<li><strong>Lesiones en la cabeza y el cerebro<\/strong><\/li>\n<li><strong>P\u00e9rdida de vidas<\/strong><\/li>\n<li><strong>Par\u00e1lisis<\/strong><\/li>\n<li><strong>Ligamentos torcidos o desgarrados<\/strong><\/li>\n<li><strong>Tendones o m\u00fasculos distendidos<\/strong><\/li>\n<li><strong>Otras lesiones de tejidos blandos<\/strong><\/li>\n<\/ul>\n<h2>\u00bfQu\u00e9 tipo de da\u00f1os puedo recuperar en un accidente por resbal\u00f3n y ca\u00edda en Hesperia, California?<\/h2>\n<p>Los da\u00f1os que podr\u00eda recuperar por su accidente de resbal\u00f3n y ca\u00edda var\u00edan seg\u00fan la gravedad de sus lesiones e incluyen el impacto financiero y no financiero de su accidente en California. Los tipos de da\u00f1os que podr\u00eda recuperar por su accidente de resbal\u00f3n y ca\u00edda en Hesperia incluyen, entre otros:<\/p>\n<ul>\n<li>Gastos m\u00e9dicos, tanto pasados como futuros<\/li>\n<li>P\u00e9rdida de salarios y p\u00e9rdida de capacidad de ingresos<\/li>\n<li>Dolor y sufrimiento<\/li>\n<li>Da\u00f1os punitivos: Dependiendo de las circunstancias de su caso, se le podr\u00edan conceder da\u00f1os punitivos. Estos solo se conceden si la conducta del acusado fue tan atroz que el tribunal de California busca sancionarla.<\/li>\n<\/ul>\n<a href=\"#\" class=\"toggle_overlay\"><div class=\"cta-sm cta-block row align-items-center wow fadeInLeft\" style=\"background: \"><div class=\"col-md-10\"><h3 style=\"color: \">Consigue tu <span class=\"streak\">Consulta de caso gratuita<\/span><\/h3><p style=\"color: \">Sin costos iniciales para usted ni su familia. Nos esforzamos por obtener una compensaci\u00f3n justa y equitativa para nuestros clientes.<\/p><\/div><\/div><\/a>\n<h2>\u00bfCu\u00e1l es el Estatuto de Limitaciones de California sobre Accidentes por Resbalones y Ca\u00eddas?<\/h2>\n<p>El plazo de prescripci\u00f3n dicta cu\u00e1nto tiempo tiene usted o su ser querido para presentar su demanda por resbal\u00f3n y ca\u00edda. En California, seg\u00fan el... <a href=\"https:\/\/leginfo.legislature.ca.gov\/faces\/codes_displaySection.xhtml?lawCode=CCP&amp;sectionNum=335.1\" target=\"_blank\" rel=\"noopener\">C\u00f3digo de Procedimiento Civil de California 335.1<\/a>Tiene dos a\u00f1os a partir de la fecha de su lesi\u00f3n para presentar su demanda.<\/p>\n<p>Si no presenta su demanda por resbal\u00f3n y ca\u00edda en Hesperia, California, dentro del tiempo permitido por la ley, el tribunal no escuchar\u00e1 su caso y usted no podr\u00e1 recuperar ninguna compensaci\u00f3n monetaria por sus lesiones por resbal\u00f3n y ca\u00edda.<\/p>\n<h2>Contrataci\u00f3n de un abogado especializado en accidentes por resbalones y ca\u00eddas en Hesperia, California<\/h2>\n<p>Si usted o un ser querido ha sufrido una lesi\u00f3n por un accidente de resbal\u00f3n y ca\u00edda en Hesperia, California, no dude en contactarnos. <a href=\"\/es\/contact-us\/\">contacto<\/a> el <a href=\"\/es\/hesperia-personal-injury-lawyer\/\">abogados de lesiones personales<\/a> en <a href=\"\/es\/attorney\/jeff-fayngor\/\">Abogado Jeff<\/a> Abogado de Accidentes de Auto. Nuestros abogados expertos en resbalones y ca\u00eddas est\u00e1n preparados para proteger sus derechos y trabajar arduamente para que usted y su familia obtengan la compensaci\u00f3n que merecen.<\/p>","protected":false},"excerpt":{"rendered":"<p>Elementos de un caso de responsabilidad civil por da\u00f1os en un inmueble en California. En Hesperia y en todo California, un caso de responsabilidad civil por da\u00f1os en un inmueble consta de cuatro partes\u2026<\/p>","protected":false},"author":24,"featured_media":1328,"parent":0,"menu_order":0,"comment_status":"open","ping_status":"open","template":"","meta":{"inline_featured_image":false,"_monsterinsights_skip_tracking":false,"_monsterinsights_sitenote_active":false,"_monsterinsights_sitenote_note":"","_monsterinsights_sitenote_category":0,"footnotes":""},"class_list":["post-901","page","type-page","status-publish","has-post-thumbnail","hentry"],"acf":[],"yoast_head":"<!-- This site is optimized with the Yoast SEO plugin v27.6 - https:\/\/yoast.com\/product\/yoast-seo-wordpress\/ -->\n<title>Hesperia Slip And Fall Lawyer - Attorney Jeff<\/title>\n<meta name=\"description\" content=\"If you\u2019ve suffered an injury due to a slip-and-fall accident on someone else&#039;s property. You may be entitled to compensation. Give us a call today for help.\" \/>\n<meta name=\"robots\" content=\"index, follow, max-snippet:-1, max-image-preview:large, max-video-preview:-1\" \/>\n<link rel=\"canonical\" href=\"https:\/\/attorneyjeff.com\/es\/hesperia-slip-and-fall-lawyer\/\" \/>\n<meta property=\"og:locale\" content=\"es_MX\" \/>\n<meta property=\"og:type\" content=\"article\" \/>\n<meta property=\"og:title\" content=\"Hesperia Slip And Fall Lawyer - Attorney Jeff\" \/>\n<meta property=\"og:description\" content=\"If you\u2019ve suffered an injury due to a slip-and-fall accident on someone else&#039;s property. You may be entitled to compensation. Give us a call today for help.\" \/>\n<meta property=\"og:url\" content=\"https:\/\/attorneyjeff.com\/es\/hesperia-slip-and-fall-lawyer\/\" \/>\n<meta property=\"og:site_name\" content=\"Attorney Jeff\" \/>\n<meta property=\"article:modified_time\" content=\"2023-04-06T14:38:31+00:00\" \/>\n<meta property=\"og:image\" content=\"https:\/\/attorneyjeff.com\/wp-content\/uploads\/2023\/04\/Hesperia-Slip-And-Fall-Lawyer-1-scaled.webp\" \/>\n\t<meta property=\"og:image:width\" content=\"2560\" \/>\n\t<meta property=\"og:image:height\" content=\"1705\" \/>\n\t<meta property=\"og:image:type\" content=\"image\/webp\" \/>\n<meta name=\"twitter:card\" content=\"summary_large_image\" \/>\n<script type=\"application\/ld+json\" class=\"yoast-schema-graph\">{\"@context\":\"https:\\\/\\\/schema.org\",\"@graph\":[{\"@type\":\"WebPage\",\"@id\":\"https:\\\/\\\/attorneyjeff.com\\\/hesperia-slip-and-fall-lawyer\\\/\",\"url\":\"https:\\\/\\\/attorneyjeff.com\\\/hesperia-slip-and-fall-lawyer\\\/\",\"name\":\"Hesperia Slip And Fall Lawyer - Attorney Jeff\",\"isPartOf\":{\"@id\":\"https:\\\/\\\/attorneyjeff.com\\\/#website\"},\"primaryImageOfPage\":{\"@id\":\"https:\\\/\\\/attorneyjeff.com\\\/hesperia-slip-and-fall-lawyer\\\/#primaryimage\"},\"image\":{\"@id\":\"https:\\\/\\\/attorneyjeff.com\\\/hesperia-slip-and-fall-lawyer\\\/#primaryimage\"},\"thumbnailUrl\":\"https:\\\/\\\/attorneyjeff.com\\\/wp-content\\\/uploads\\\/2023\\\/04\\\/Hesperia-Slip-And-Fall-Lawyer-1-scaled.webp\",\"datePublished\":\"2021-08-11T22:01:07+00:00\",\"dateModified\":\"2023-04-06T14:38:31+00:00\",\"description\":\"If you\u2019ve suffered an injury due to a slip-and-fall accident on someone else's property. You may be entitled to compensation. Give us a call today for help.\",\"breadcrumb\":{\"@id\":\"https:\\\/\\\/attorneyjeff.com\\\/hesperia-slip-and-fall-lawyer\\\/#breadcrumb\"},\"inLanguage\":\"es\",\"potentialAction\":[{\"@type\":\"ReadAction\",\"target\":[\"https:\\\/\\\/attorneyjeff.com\\\/hesperia-slip-and-fall-lawyer\\\/\"]}]},{\"@type\":\"ImageObject\",\"inLanguage\":\"es\",\"@id\":\"https:\\\/\\\/attorneyjeff.com\\\/hesperia-slip-and-fall-lawyer\\\/#primaryimage\",\"url\":\"https:\\\/\\\/attorneyjeff.com\\\/wp-content\\\/uploads\\\/2023\\\/04\\\/Hesperia-Slip-And-Fall-Lawyer-1-scaled.webp\",\"contentUrl\":\"https:\\\/\\\/attorneyjeff.com\\\/wp-content\\\/uploads\\\/2023\\\/04\\\/Hesperia-Slip-And-Fall-Lawyer-1-scaled.webp\",\"width\":2560,\"height\":1705,\"caption\":\"Hesperia Slip And Fall Lawyer\"},{\"@type\":\"BreadcrumbList\",\"@id\":\"https:\\\/\\\/attorneyjeff.com\\\/hesperia-slip-and-fall-lawyer\\\/#breadcrumb\",\"itemListElement\":[{\"@type\":\"ListItem\",\"position\":1,\"name\":\"Home\",\"item\":\"https:\\\/\\\/attorneyjeff.com\\\/\"},{\"@type\":\"ListItem\",\"position\":2,\"name\":\"Hesperia Slip And Fall Lawyer\"}]},{\"@type\":\"WebSite\",\"@id\":\"https:\\\/\\\/attorneyjeff.com\\\/#website\",\"url\":\"https:\\\/\\\/attorneyjeff.com\\\/\",\"name\":\"Attorney Jeff\",\"description\":\"Car Accident Lawyer\",\"potentialAction\":[{\"@type\":\"SearchAction\",\"target\":{\"@type\":\"EntryPoint\",\"urlTemplate\":\"https:\\\/\\\/attorneyjeff.com\\\/?s={search_term_string}\"},\"query-input\":{\"@type\":\"PropertyValueSpecification\",\"valueRequired\":true,\"valueName\":\"search_term_string\"}}],\"inLanguage\":\"es\"}]}<\/script>\n<!-- \/ Yoast SEO plugin. -->","yoast_head_json":{"title":"Abogado de resbalones y ca\u00eddas en Hesperia - Abogado Jeff","description":"Si ha sufrido lesiones por una ca\u00edda en la propiedad de otra persona, podr\u00eda tener derecho a una indemnizaci\u00f3n. Ll\u00e1menos hoy mismo para obtener ayuda.","robots":{"index":"index","follow":"follow","max-snippet":"max-snippet:-1","max-image-preview":"max-image-preview:large","max-video-preview":"max-video-preview:-1"},"canonical":"https:\/\/attorneyjeff.com\/es\/hesperia-slip-and-fall-lawyer\/","og_locale":"es_MX","og_type":"article","og_title":"Hesperia Slip And Fall Lawyer - Attorney Jeff","og_description":"If you\u2019ve suffered an injury due to a slip-and-fall accident on someone else's property. You may be entitled to compensation. Give us a call today for help.","og_url":"https:\/\/attorneyjeff.com\/es\/hesperia-slip-and-fall-lawyer\/","og_site_name":"Attorney Jeff","article_modified_time":"2023-04-06T14:38:31+00:00","og_image":[{"width":2560,"height":1705,"url":"https:\/\/attorneyjeff.com\/wp-content\/uploads\/2023\/04\/Hesperia-Slip-And-Fall-Lawyer-1-scaled.webp","type":"image\/webp"}],"twitter_card":"summary_large_image","schema":{"@context":"https:\/\/schema.org","@graph":[{"@type":"WebPage","@id":"https:\/\/attorneyjeff.com\/hesperia-slip-and-fall-lawyer\/","url":"https:\/\/attorneyjeff.com\/hesperia-slip-and-fall-lawyer\/","name":"Abogado de resbalones y ca\u00eddas en Hesperia - Abogado Jeff","isPartOf":{"@id":"https:\/\/attorneyjeff.com\/#website"},"primaryImageOfPage":{"@id":"https:\/\/attorneyjeff.com\/hesperia-slip-and-fall-lawyer\/#primaryimage"},"image":{"@id":"https:\/\/attorneyjeff.com\/hesperia-slip-and-fall-lawyer\/#primaryimage"},"thumbnailUrl":"https:\/\/attorneyjeff.com\/wp-content\/uploads\/2023\/04\/Hesperia-Slip-And-Fall-Lawyer-1-scaled.webp","datePublished":"2021-08-11T22:01:07+00:00","dateModified":"2023-04-06T14:38:31+00:00","description":"Si ha sufrido lesiones por una ca\u00edda en la propiedad de otra persona, podr\u00eda tener derecho a una indemnizaci\u00f3n. Ll\u00e1menos hoy mismo para obtener ayuda.","breadcrumb":{"@id":"https:\/\/attorneyjeff.com\/hesperia-slip-and-fall-lawyer\/#breadcrumb"},"inLanguage":"es","potentialAction":[{"@type":"ReadAction","target":["https:\/\/attorneyjeff.com\/hesperia-slip-and-fall-lawyer\/"]}]},{"@type":"ImageObject","inLanguage":"es","@id":"https:\/\/attorneyjeff.com\/hesperia-slip-and-fall-lawyer\/#primaryimage","url":"https:\/\/attorneyjeff.com\/wp-content\/uploads\/2023\/04\/Hesperia-Slip-And-Fall-Lawyer-1-scaled.webp","contentUrl":"https:\/\/attorneyjeff.com\/wp-content\/uploads\/2023\/04\/Hesperia-Slip-And-Fall-Lawyer-1-scaled.webp","width":2560,"height":1705,"caption":"Hesperia Slip And Fall Lawyer"},{"@type":"BreadcrumbList","@id":"https:\/\/attorneyjeff.com\/hesperia-slip-and-fall-lawyer\/#breadcrumb","itemListElement":[{"@type":"ListItem","position":1,"name":"Home","item":"https:\/\/attorneyjeff.com\/"},{"@type":"ListItem","position":2,"name":"Hesperia Slip And Fall Lawyer"}]},{"@type":"WebSite","@id":"https:\/\/attorneyjeff.com\/#website","url":"https:\/\/attorneyjeff.com\/","name":"El abogado Jeff","description":"Abogado de accidentes de coche","potentialAction":[{"@type":"SearchAction","target":{"@type":"EntryPoint","urlTemplate":"https:\/\/attorneyjeff.com\/?s={search_term_string}"},"query-input":{"@type":"PropertyValueSpecification","valueRequired":true,"valueName":"search_term_string"}}],"inLanguage":"es"}]}},"_links":{"self":[{"href":"https:\/\/attorneyjeff.com\/es\/wp-json\/wp\/v2\/pages\/901","targetHints":{"allow":["GET"]}}],"collection":[{"href":"https:\/\/attorneyjeff.com\/es\/wp-json\/wp\/v2\/pages"}],"about":[{"href":"https:\/\/attorneyjeff.com\/es\/wp-json\/wp\/v2\/types\/page"}],"author":[{"embeddable":true,"href":"https:\/\/attorneyjeff.com\/es\/wp-json\/wp\/v2\/users\/24"}],"replies":[{"embeddable":true,"href":"https:\/\/attorneyjeff.com\/es\/wp-json\/wp\/v2\/comments?post=901"}],"version-history":[{"count":0,"href":"https:\/\/attorneyjeff.com\/es\/wp-json\/wp\/v2\/pages\/901\/revisions"}],"wp:featuredmedia":[{"embeddable":true,"href":"https:\/\/attorneyjeff.com\/es\/wp-json\/wp\/v2\/media\/1328"}],"wp:attachment":[{"href":"https:\/\/attorneyjeff.com\/es\/wp-json\/wp\/v2\/media?parent=901"}],"curies":[{"name":"wp","href":"https:\/\/api.w.org\/{rel}","templated":true}]}}