{"id":906,"date":"2021-10-15T13:14:22","date_gmt":"2021-10-15T17:14:22","guid":{"rendered":"http:\/\/attorney-jeff-injury-lawyers.lo\/disclaimer\/"},"modified":"2023-11-03T08:42:01","modified_gmt":"2023-11-03T12:42:01","slug":"disclaimer","status":"publish","type":"page","link":"https:\/\/attorneyjeff.com\/es\/disclaimer\/","title":{"rendered":"Descargo de responsabilidad"},"content":{"rendered":"<p>La informaci\u00f3n contenida en este sitio web se proporciona \u00fanicamente con fines informativos y no debe interpretarse como asesoramiento legal. Este sitio web incluye informaci\u00f3n general sobre cuestiones legales y novedades legislativas. Dichos materiales tienen \u00fanicamente fines informativos y podr\u00edan no reflejar la evoluci\u00f3n legal m\u00e1s reciente. Estos materiales informativos no pretenden, ni deben interpretarse como, asesoramiento legal sobre ning\u00fan hecho o circunstancia en particular. Para obtener asesoramiento sobre problemas legales espec\u00edficos, contacte con un abogado colegiado en su jurisdicci\u00f3n.<\/p>\n<h3>Relaci\u00f3n sin abogado<\/h3>\n<p>La transmisi\u00f3n y recepci\u00f3n de la informaci\u00f3n contenida en este sitio web, total o parcialmente, o la comunicaci\u00f3n con AttorneyJeff Car Accident Lawyer por internet o correo electr\u00f3nico a trav\u00e9s de este sitio web no constituye ni crea una relaci\u00f3n abogado-cliente entre nosotros y ning\u00fan destinatario. No debe enviarnos informaci\u00f3n confidencial en respuesta a esta p\u00e1gina web. Dichas respuestas no crear\u00e1n una relaci\u00f3n abogado-cliente, y todo lo que nos revele no ser\u00e1 privilegiado ni confidencial, a menos que hayamos acordado actuar como su asesor legal y usted haya firmado un contrato de colaboraci\u00f3n por escrito con AttorneyJeff Car Accident Lawyer. El material de este sitio web puede no reflejar la legislaci\u00f3n m\u00e1s reciente. El contenido y la interpretaci\u00f3n de la legislaci\u00f3n aqu\u00ed abordada est\u00e1n sujetos a revisi\u00f3n. Renunciamos a toda responsabilidad por las acciones tomadas o no tomadas con base en el contenido de este sitio, en la medida m\u00e1xima permitida por la ley. No act\u00fae ni se abstenga de actuar bas\u00e1ndose en esta informaci\u00f3n sin consultar a un abogado profesional.<\/p>\n<h3>Descargo de responsabilidad de los canales de redes sociales<\/h3>\n<p>El contenido publicado en nuestras redes sociales o en nuestro sitio web tiene como objetivo ofrecer una visi\u00f3n general y analizar los temas tratados, y no crea una relaci\u00f3n abogado-cliente. No pretende sustituir, ni debe utilizarse como sustituto, la consulta legal en ninguna situaci\u00f3n espec\u00edfica. AttorneyJeff Car Accident Lawyer no se responsabiliza de las acciones tomadas o no tomadas en base a esta publicaci\u00f3n. Todos los videos, podcasts o cualquier otro contenido publicado por AttorneyJeff Car Accident Lawyer son propiedad intelectual nuestra y todos los derechos est\u00e1n reservados.<\/p>\n<h3>Pol\u00edtica de mapas<\/h3>\n<p>El mapa utilizado en nuestro sitio web es publicado por Google y se obtiene bajo una licencia abierta. Los l\u00edmites y nombres que se muestran, y las designaciones utilizadas en este mapa, no implican la expresi\u00f3n de opini\u00f3n alguna por parte de AttorneyJeff Car Accident Lawyer ni de su equipo con respecto a la situaci\u00f3n legal de ning\u00fan pa\u00eds, territorio, ciudad o \u00e1rea, ni a la delimitaci\u00f3n de fronteras o l\u00edmites.<\/p>","protected":false},"excerpt":{"rendered":"<p>La informaci\u00f3n contenida en este sitio web se proporciona \u00fanicamente con fines informativos y no debe interpretarse como asesoramiento legal\u2026<\/p>","protected":false},"author":24,"featured_media":0,"parent":0,"menu_order":0,"comment_status":"open","ping_status":"open","template":"","meta":{"inline_featured_image":false,"_monsterinsights_skip_tracking":false,"_monsterinsights_sitenote_active":false,"_monsterinsights_sitenote_note":"","_monsterinsights_sitenote_category":0,"footnotes":""},"class_list":["post-906","page","type-page","status-publish","hentry"],"acf":[],"yoast_head":"<!-- This site is optimized with the Yoast SEO plugin v27.4 - https:\/\/yoast.com\/product\/yoast-seo-wordpress\/ -->\n<title>Disclaimer - Attorney Jeff<\/title>\n<meta name=\"description\" content=\"The information contained in this website is provided for informational purposes only, and should not be construed as legal advice.\" \/>\n<meta name=\"robots\" content=\"index, follow, max-snippet:-1, max-image-preview:large, max-video-preview:-1\" \/>\n<link rel=\"canonical\" href=\"https:\/\/attorneyjeff.com\/es\/disclaimer\/\" \/>\n<meta property=\"og:locale\" content=\"es_MX\" \/>\n<meta property=\"og:type\" content=\"article\" \/>\n<meta property=\"og:title\" content=\"Disclaimer - Attorney Jeff\" \/>\n<meta property=\"og:description\" content=\"The information contained in this website is provided for informational purposes only, and should not be construed as legal advice.\" \/>\n<meta property=\"og:url\" content=\"https:\/\/attorneyjeff.com\/es\/disclaimer\/\" \/>\n<meta property=\"og:site_name\" content=\"Attorney Jeff\" \/>\n<meta property=\"article:modified_time\" content=\"2023-11-03T12:42:01+00:00\" \/>\n<meta name=\"twitter:card\" content=\"summary_large_image\" \/>\n<script type=\"application\/ld+json\" class=\"yoast-schema-graph\">{\"@context\":\"https:\\\/\\\/schema.org\",\"@graph\":[{\"@type\":\"WebPage\",\"@id\":\"https:\\\/\\\/attorneyjeff.com\\\/disclaimer\\\/\",\"url\":\"https:\\\/\\\/attorneyjeff.com\\\/disclaimer\\\/\",\"name\":\"Disclaimer - Attorney Jeff\",\"isPartOf\":{\"@id\":\"https:\\\/\\\/attorneyjeff.com\\\/#website\"},\"datePublished\":\"2021-10-15T17:14:22+00:00\",\"dateModified\":\"2023-11-03T12:42:01+00:00\",\"description\":\"The information contained in this website is provided for informational purposes only, and should not be construed as legal advice.\",\"breadcrumb\":{\"@id\":\"https:\\\/\\\/attorneyjeff.com\\\/disclaimer\\\/#breadcrumb\"},\"inLanguage\":\"es\",\"potentialAction\":[{\"@type\":\"ReadAction\",\"target\":[\"https:\\\/\\\/attorneyjeff.com\\\/disclaimer\\\/\"]}]},{\"@type\":\"BreadcrumbList\",\"@id\":\"https:\\\/\\\/attorneyjeff.com\\\/disclaimer\\\/#breadcrumb\",\"itemListElement\":[{\"@type\":\"ListItem\",\"position\":1,\"name\":\"Home\",\"item\":\"https:\\\/\\\/attorneyjeff.com\\\/\"},{\"@type\":\"ListItem\",\"position\":2,\"name\":\"Disclaimer\"}]},{\"@type\":\"WebSite\",\"@id\":\"https:\\\/\\\/attorneyjeff.com\\\/#website\",\"url\":\"https:\\\/\\\/attorneyjeff.com\\\/\",\"name\":\"Attorney Jeff\",\"description\":\"Car Accident Lawyer\",\"potentialAction\":[{\"@type\":\"SearchAction\",\"target\":{\"@type\":\"EntryPoint\",\"urlTemplate\":\"https:\\\/\\\/attorneyjeff.com\\\/?s={search_term_string}\"},\"query-input\":{\"@type\":\"PropertyValueSpecification\",\"valueRequired\":true,\"valueName\":\"search_term_string\"}}],\"inLanguage\":\"es\"}]}<\/script>\n<!-- \/ Yoast SEO plugin. -->","yoast_head_json":{"title":"Descargo de responsabilidad - Abogado Jeff","description":"La informaci\u00f3n contenida en este sitio web se proporciona \u00fanicamente con fines informativos y no debe interpretarse como asesoramiento legal.","robots":{"index":"index","follow":"follow","max-snippet":"max-snippet:-1","max-image-preview":"max-image-preview:large","max-video-preview":"max-video-preview:-1"},"canonical":"https:\/\/attorneyjeff.com\/es\/disclaimer\/","og_locale":"es_MX","og_type":"article","og_title":"Disclaimer - Attorney Jeff","og_description":"The information contained in this website is provided for informational purposes only, and should not be construed as legal advice.","og_url":"https:\/\/attorneyjeff.com\/es\/disclaimer\/","og_site_name":"Attorney Jeff","article_modified_time":"2023-11-03T12:42:01+00:00","twitter_card":"summary_large_image","schema":{"@context":"https:\/\/schema.org","@graph":[{"@type":"WebPage","@id":"https:\/\/attorneyjeff.com\/disclaimer\/","url":"https:\/\/attorneyjeff.com\/disclaimer\/","name":"Descargo de responsabilidad - Abogado Jeff","isPartOf":{"@id":"https:\/\/attorneyjeff.com\/#website"},"datePublished":"2021-10-15T17:14:22+00:00","dateModified":"2023-11-03T12:42:01+00:00","description":"La informaci\u00f3n contenida en este sitio web se proporciona \u00fanicamente con fines informativos y no debe interpretarse como asesoramiento legal.","breadcrumb":{"@id":"https:\/\/attorneyjeff.com\/disclaimer\/#breadcrumb"},"inLanguage":"es","potentialAction":[{"@type":"ReadAction","target":["https:\/\/attorneyjeff.com\/disclaimer\/"]}]},{"@type":"BreadcrumbList","@id":"https:\/\/attorneyjeff.com\/disclaimer\/#breadcrumb","itemListElement":[{"@type":"ListItem","position":1,"name":"Home","item":"https:\/\/attorneyjeff.com\/"},{"@type":"ListItem","position":2,"name":"Disclaimer"}]},{"@type":"WebSite","@id":"https:\/\/attorneyjeff.com\/#website","url":"https:\/\/attorneyjeff.com\/","name":"El abogado Jeff","description":"Abogado de accidentes de coche","potentialAction":[{"@type":"SearchAction","target":{"@type":"EntryPoint","urlTemplate":"https:\/\/attorneyjeff.com\/?s={search_term_string}"},"query-input":{"@type":"PropertyValueSpecification","valueRequired":true,"valueName":"search_term_string"}}],"inLanguage":"es"}]}},"_links":{"self":[{"href":"https:\/\/attorneyjeff.com\/es\/wp-json\/wp\/v2\/pages\/906","targetHints":{"allow":["GET"]}}],"collection":[{"href":"https:\/\/attorneyjeff.com\/es\/wp-json\/wp\/v2\/pages"}],"about":[{"href":"https:\/\/attorneyjeff.com\/es\/wp-json\/wp\/v2\/types\/page"}],"author":[{"embeddable":true,"href":"https:\/\/attorneyjeff.com\/es\/wp-json\/wp\/v2\/users\/24"}],"replies":[{"embeddable":true,"href":"https:\/\/attorneyjeff.com\/es\/wp-json\/wp\/v2\/comments?post=906"}],"version-history":[{"count":0,"href":"https:\/\/attorneyjeff.com\/es\/wp-json\/wp\/v2\/pages\/906\/revisions"}],"wp:attachment":[{"href":"https:\/\/attorneyjeff.com\/es\/wp-json\/wp\/v2\/media?parent=906"}],"curies":[{"name":"wp","href":"https:\/\/api.w.org\/{rel}","templated":true}]}}