{"id":910,"date":"2023-03-16T20:54:39","date_gmt":"2023-03-17T00:54:39","guid":{"rendered":"http:\/\/attorney-jeff-injury-lawyers.lo\/privacy-policy\/"},"modified":"2023-10-03T07:55:06","modified_gmt":"2023-10-03T11:55:06","slug":"privacy-policy","status":"publish","type":"page","link":"https:\/\/attorneyjeff.com\/es\/privacy-policy\/","title":{"rendered":"pol\u00edtica de privacidad"},"content":{"rendered":"<p>Esta Pol\u00edtica de Privacidad rige la forma en que el Abogado Jeff recopila, utiliza, mantiene y divulga la informaci\u00f3n recopilada de los usuarios (cada uno, un &quot;Usuario&quot;) del sitio web attorneyjeff.com (el &quot;Sitio&quot;). Esta pol\u00edtica de privacidad se aplica al Sitio y a todos los productos y servicios ofrecidos por el Abogado Jeff.<\/p>\n<p>INFORMACI\u00d3N DE IDENTIFICACI\u00d3N PERSONAL<br \/>\nPodemos recopilar informaci\u00f3n de identificaci\u00f3n personal de los Usuarios de diversas maneras, incluyendo, entre otras, cuando visitan nuestro sitio, completan un formulario y en relaci\u00f3n con otras actividades, servicios, funciones o recursos que ponemos a su disposici\u00f3n en nuestro Sitio. Se les puede solicitar, seg\u00fan corresponda, su nombre, direcci\u00f3n de correo electr\u00f3nico y n\u00famero de tel\u00e9fono. Sin embargo, los Usuarios pueden visitar nuestro Sitio de forma an\u00f3nima. Recopilaremos informaci\u00f3n de identificaci\u00f3n personal de los Usuarios solo si nos la proporcionan voluntariamente. Los Usuarios siempre pueden negarse a proporcionar informaci\u00f3n de identificaci\u00f3n personal, salvo que esto les impida participar en ciertas actividades relacionadas con el Sitio.<\/p>\n<p>INFORMACI\u00d3N DE IDENTIFICACI\u00d3N NO PERSONAL<br \/>\nPodemos recopilar informaci\u00f3n de identificaci\u00f3n no personal sobre los Usuarios cuando interact\u00faan con nuestro Sitio. Esta informaci\u00f3n puede incluir el nombre del navegador, el tipo de ordenador e informaci\u00f3n t\u00e9cnica sobre los medios de conexi\u00f3n de los Usuarios a nuestro Sitio, como el sistema operativo y los proveedores de servicios de internet utilizados, entre otros datos similares.<\/p>\n<p>COOKIES DEL NAVEGADOR WEB<br \/>\nNuestro Sitio puede utilizar cookies para mejorar la experiencia del usuario. El navegador web del usuario almacena cookies en su disco duro para fines de registro y, en ocasiones, para rastrear informaci\u00f3n sobre \u00e9l. El usuario puede configurar su navegador para que rechace las cookies o para que le avise cuando se env\u00eden. Si lo hace, tenga en cuenta que algunas partes del Sitio podr\u00edan no funcionar correctamente.<\/p>\n<p>C\u00d3MO UTILIZAMOS LA INFORMACI\u00d3N RECOPILADA<br \/>\nEl abogado Jeff puede recopilar y utilizar la informaci\u00f3n personal de los usuarios para los siguientes fines:<\/p>\n<p>\u2013 Para mejorar el servicio al cliente<br \/>\nLa informaci\u00f3n que usted proporciona nos ayuda a responder a sus solicitudes de servicio al cliente y necesidades de soporte de manera m\u00e1s eficiente.<br \/>\n\u2013 Para personalizar la experiencia del usuario<br \/>\nPodemos utilizar la informaci\u00f3n en conjunto para comprender c\u00f3mo nuestros Usuarios como grupo utilizan los servicios y recursos proporcionados en nuestro Sitio.<br \/>\n\u2013 Para mejorar nuestro Sitio<br \/>\nPodemos utilizar los comentarios que usted proporcione para mejorar nuestros productos y servicios.<br \/>\n\u2013 Para ejecutar una promoci\u00f3n, concurso, encuesta u otra funci\u00f3n del Sitio<br \/>\nPara enviar a los Usuarios informaci\u00f3n que aceptaron recibir sobre temas que creemos ser\u00e1n de su inter\u00e9s.<br \/>\n\u2013 Para enviar correos electr\u00f3nicos peri\u00f3dicos<br \/>\nPodemos utilizar su direcci\u00f3n de correo electr\u00f3nico para responder a sus consultas, preguntas u otras solicitudes. Si el Usuario decide suscribirse a nuestra lista de correo, recibir\u00e1 correos electr\u00f3nicos que pueden incluir noticias de la empresa, actualizaciones, informaci\u00f3n sobre productos o servicios, etc. Si en alg\u00fan momento desea cancelar su suscripci\u00f3n para no recibir m\u00e1s correos electr\u00f3nicos, incluimos instrucciones detalladas al final de cada correo electr\u00f3nico o puede contactarnos a trav\u00e9s de nuestro Sitio Web.<br \/>\nC\u00d3MO PROTEGEMOS SU INFORMACI\u00d3N<br \/>\nAdoptamos pr\u00e1cticas adecuadas de recopilaci\u00f3n, almacenamiento y procesamiento de datos y medidas de seguridad para proteger contra el acceso no autorizado, la alteraci\u00f3n, la divulgaci\u00f3n o la destrucci\u00f3n de su informaci\u00f3n personal, nombre de usuario, contrase\u00f1a, informaci\u00f3n de transacciones y datos almacenados en nuestro Sitio.<\/p>\n<p>COMPARTIENDO SU INFORMACI\u00d3N PERSONAL<br \/>\nNo vendemos, intercambiamos ni alquilamos la informaci\u00f3n de identificaci\u00f3n personal de los Usuarios a terceros. Podemos compartir informaci\u00f3n demogr\u00e1fica agregada gen\u00e9rica, no vinculada a ning\u00fan dato de identificaci\u00f3n personal, sobre visitantes y usuarios con nuestros socios comerciales, afiliados de confianza y anunciantes para los fines descritos anteriormente. Podemos recurrir a proveedores de servicios externos para que nos ayuden a operar nuestro negocio y el Sitio, o para administrar actividades en nuestro nombre, como el env\u00edo de boletines informativos o encuestas. Podemos compartir su informaci\u00f3n con estos terceros para dichos fines, siempre que nos haya dado su permiso.<\/p>\n<p>SITIOS WEB DE TERCEROS<br \/>\nLos usuarios pueden encontrar publicidad u otro contenido en nuestro Sitio que enlaza con los sitios y servicios de nuestros socios, proveedores, anunciantes, patrocinadores, licenciantes y otros terceros. No controlamos el contenido ni los enlaces que aparecen en estos sitios ni nos responsabilizamos de las pr\u00e1cticas de los sitios web enlazados hacia o desde nuestro Sitio. Adem\u00e1s, estos sitios o servicios, incluyendo su contenido y enlaces, pueden cambiar constantemente. Estos sitios y servicios pueden tener sus propias pol\u00edticas de privacidad y de atenci\u00f3n al cliente. La navegaci\u00f3n e interacci\u00f3n en cualquier otro sitio web, incluyendo los sitios web que enlazan con nuestro Sitio, est\u00e1 sujeta a los t\u00e9rminos y pol\u00edticas de dicho sitio web.<\/p>\n<p>CAMBIOS A ESTA POL\u00cdTICA DE PRIVACIDAD<br \/>\nEl abogado Jeff se reserva el derecho de actualizar esta pol\u00edtica de privacidad en cualquier momento. Cuando lo hagamos, actualizaremos la fecha de actualizaci\u00f3n al final de esta p\u00e1gina. Recomendamos a los usuarios que revisen esta p\u00e1gina con frecuencia para mantenerse informados sobre c\u00f3mo protegemos la informaci\u00f3n personal que recopilamos. Usted reconoce y acepta que es su responsabilidad revisar esta pol\u00edtica de privacidad peri\u00f3dicamente y estar al tanto de las modificaciones.<\/p>\n<p>SU ACEPTACI\u00d3N DE ESTOS T\u00c9RMINOS<br \/>\nAl usar este Sitio, usted acepta esta pol\u00edtica. Si no la acepta, le rogamos que no utilice nuestro Sitio. Su uso continuado del Sitio tras la publicaci\u00f3n de los cambios a esta pol\u00edtica se considerar\u00e1 como su aceptaci\u00f3n de dichos cambios.<\/p>\n<p>CONTACTE CON NOSOTROS<br \/>\nSi tiene alguna pregunta sobre esta Pol\u00edtica de privacidad, las pr\u00e1cticas de este sitio o sus relaciones con este sitio, cont\u00e1ctenos a los n\u00fameros o direcciones que aparecen a continuaci\u00f3n.<\/p>","protected":false},"excerpt":{"rendered":"<p>This Privacy Policy governs the manner in which Attorney Jeff collects, uses, maintains and discloses information collected from users (each, &#8230;<\/p>","protected":false},"author":24,"featured_media":0,"parent":0,"menu_order":0,"comment_status":"open","ping_status":"open","template":"","meta":{"inline_featured_image":false,"_monsterinsights_skip_tracking":false,"_monsterinsights_sitenote_active":false,"_monsterinsights_sitenote_note":"","_monsterinsights_sitenote_category":0,"footnotes":""},"class_list":["post-910","page","type-page","status-publish","hentry"],"acf":[],"yoast_head":"<!-- This site is optimized with the Yoast SEO plugin v27.4 - https:\/\/yoast.com\/product\/yoast-seo-wordpress\/ -->\n<title>Privacy Policy - Attorney Jeff<\/title>\n<meta name=\"description\" content=\"This page provides the privacy policy of Attorney Jeff, outlining how personal information is collected, used, and protected on the website.\" \/>\n<meta name=\"robots\" content=\"index, follow, max-snippet:-1, max-image-preview:large, max-video-preview:-1\" \/>\n<link rel=\"canonical\" href=\"https:\/\/attorneyjeff.com\/es\/privacy-policy\/\" \/>\n<meta property=\"og:locale\" content=\"es_MX\" \/>\n<meta property=\"og:type\" content=\"article\" \/>\n<meta property=\"og:title\" content=\"Privacy Policy - Attorney Jeff\" \/>\n<meta property=\"og:description\" content=\"This page provides the privacy policy of Attorney Jeff, outlining how personal information is collected, used, and protected on the website.\" \/>\n<meta property=\"og:url\" content=\"https:\/\/attorneyjeff.com\/es\/privacy-policy\/\" \/>\n<meta property=\"og:site_name\" content=\"Attorney Jeff\" \/>\n<meta property=\"article:modified_time\" content=\"2023-10-03T11:55:06+00:00\" \/>\n<meta name=\"twitter:card\" content=\"summary_large_image\" \/>\n<script type=\"application\/ld+json\" class=\"yoast-schema-graph\">{\"@context\":\"https:\\\/\\\/schema.org\",\"@graph\":[{\"@type\":\"WebPage\",\"@id\":\"https:\\\/\\\/attorneyjeff.com\\\/privacy-policy\\\/\",\"url\":\"https:\\\/\\\/attorneyjeff.com\\\/privacy-policy\\\/\",\"name\":\"Privacy Policy - Attorney Jeff\",\"isPartOf\":{\"@id\":\"https:\\\/\\\/attorneyjeff.com\\\/#website\"},\"datePublished\":\"2023-03-17T00:54:39+00:00\",\"dateModified\":\"2023-10-03T11:55:06+00:00\",\"description\":\"This page provides the privacy policy of Attorney Jeff, outlining how personal information is collected, used, and protected on the website.\",\"breadcrumb\":{\"@id\":\"https:\\\/\\\/attorneyjeff.com\\\/privacy-policy\\\/#breadcrumb\"},\"inLanguage\":\"es\",\"potentialAction\":[{\"@type\":\"ReadAction\",\"target\":[\"https:\\\/\\\/attorneyjeff.com\\\/privacy-policy\\\/\"]}]},{\"@type\":\"BreadcrumbList\",\"@id\":\"https:\\\/\\\/attorneyjeff.com\\\/privacy-policy\\\/#breadcrumb\",\"itemListElement\":[{\"@type\":\"ListItem\",\"position\":1,\"name\":\"Home\",\"item\":\"https:\\\/\\\/attorneyjeff.com\\\/\"},{\"@type\":\"ListItem\",\"position\":2,\"name\":\"Privacy Policy\"}]},{\"@type\":\"WebSite\",\"@id\":\"https:\\\/\\\/attorneyjeff.com\\\/#website\",\"url\":\"https:\\\/\\\/attorneyjeff.com\\\/\",\"name\":\"Attorney Jeff\",\"description\":\"Car Accident Lawyer\",\"potentialAction\":[{\"@type\":\"SearchAction\",\"target\":{\"@type\":\"EntryPoint\",\"urlTemplate\":\"https:\\\/\\\/attorneyjeff.com\\\/?s={search_term_string}\"},\"query-input\":{\"@type\":\"PropertyValueSpecification\",\"valueRequired\":true,\"valueName\":\"search_term_string\"}}],\"inLanguage\":\"es\"}]}<\/script>\n<!-- \/ Yoast SEO plugin. -->","yoast_head_json":{"title":"Privacy Policy - Attorney Jeff","description":"This page provides the privacy policy of Attorney Jeff, outlining how personal information is collected, used, and protected on the website.","robots":{"index":"index","follow":"follow","max-snippet":"max-snippet:-1","max-image-preview":"max-image-preview:large","max-video-preview":"max-video-preview:-1"},"canonical":"https:\/\/attorneyjeff.com\/es\/privacy-policy\/","og_locale":"es_MX","og_type":"article","og_title":"Privacy Policy - Attorney Jeff","og_description":"This page provides the privacy policy of Attorney Jeff, outlining how personal information is collected, used, and protected on the website.","og_url":"https:\/\/attorneyjeff.com\/es\/privacy-policy\/","og_site_name":"Attorney Jeff","article_modified_time":"2023-10-03T11:55:06+00:00","twitter_card":"summary_large_image","schema":{"@context":"https:\/\/schema.org","@graph":[{"@type":"WebPage","@id":"https:\/\/attorneyjeff.com\/privacy-policy\/","url":"https:\/\/attorneyjeff.com\/privacy-policy\/","name":"Privacy Policy - Attorney Jeff","isPartOf":{"@id":"https:\/\/attorneyjeff.com\/#website"},"datePublished":"2023-03-17T00:54:39+00:00","dateModified":"2023-10-03T11:55:06+00:00","description":"This page provides the privacy policy of Attorney Jeff, outlining how personal information is collected, used, and protected on the website.","breadcrumb":{"@id":"https:\/\/attorneyjeff.com\/privacy-policy\/#breadcrumb"},"inLanguage":"es","potentialAction":[{"@type":"ReadAction","target":["https:\/\/attorneyjeff.com\/privacy-policy\/"]}]},{"@type":"BreadcrumbList","@id":"https:\/\/attorneyjeff.com\/privacy-policy\/#breadcrumb","itemListElement":[{"@type":"ListItem","position":1,"name":"Home","item":"https:\/\/attorneyjeff.com\/"},{"@type":"ListItem","position":2,"name":"Privacy Policy"}]},{"@type":"WebSite","@id":"https:\/\/attorneyjeff.com\/#website","url":"https:\/\/attorneyjeff.com\/","name":"El abogado Jeff","description":"Abogado de accidentes de coche","potentialAction":[{"@type":"SearchAction","target":{"@type":"EntryPoint","urlTemplate":"https:\/\/attorneyjeff.com\/?s={search_term_string}"},"query-input":{"@type":"PropertyValueSpecification","valueRequired":true,"valueName":"search_term_string"}}],"inLanguage":"es"}]}},"_links":{"self":[{"href":"https:\/\/attorneyjeff.com\/es\/wp-json\/wp\/v2\/pages\/910","targetHints":{"allow":["GET"]}}],"collection":[{"href":"https:\/\/attorneyjeff.com\/es\/wp-json\/wp\/v2\/pages"}],"about":[{"href":"https:\/\/attorneyjeff.com\/es\/wp-json\/wp\/v2\/types\/page"}],"author":[{"embeddable":true,"href":"https:\/\/attorneyjeff.com\/es\/wp-json\/wp\/v2\/users\/24"}],"replies":[{"embeddable":true,"href":"https:\/\/attorneyjeff.com\/es\/wp-json\/wp\/v2\/comments?post=910"}],"version-history":[{"count":0,"href":"https:\/\/attorneyjeff.com\/es\/wp-json\/wp\/v2\/pages\/910\/revisions"}],"wp:attachment":[{"href":"https:\/\/attorneyjeff.com\/es\/wp-json\/wp\/v2\/media?parent=910"}],"curies":[{"name":"wp","href":"https:\/\/api.w.org\/{rel}","templated":true}]}}