{"id":911,"date":"2023-03-22T15:05:23","date_gmt":"2023-03-22T19:05:23","guid":{"rendered":"http:\/\/attorney-jeff-injury-lawyers.lo\/santa-ana-catastrophic-injury-lawyer\/"},"modified":"2023-04-06T12:31:50","modified_gmt":"2023-04-06T16:31:50","slug":"santa-ana-catastrophic-injury-lawyer","status":"publish","type":"page","link":"https:\/\/attorneyjeff.com\/es\/santa-ana-catastrophic-injury-lawyer\/","title":{"rendered":"Abogado de lesiones catastr\u00f3ficas en Santa Ana"},"content":{"rendered":"<p>Colabore con un abogado especializado en lesiones catastr\u00f3ficas de Santa Ana para obtener asesoramiento legal y apoyo para negociar un acuerdo m\u00e1ximo. Contratar a un abogado <a href=\"\/es\/santa-ana-personal-injury-lawyer\/\">abogado de lesiones en Santa Ana<\/a> El abogado Jeff Injury Lawyers le brinda orientaci\u00f3n confiable durante todo el proceso de reclamos, desde el descubrimiento del caso y las negociaciones hasta el juicio.<\/p>\n<h2>\u00bfQu\u00e9 se considera una lesi\u00f3n catastr\u00f3fica?<\/h2>\n<p>Una lesi\u00f3n catastr\u00f3fica es cualquier lesi\u00f3n f\u00edsica que lo incapacita permanentemente a usted o a un ser querido para realizar cualquier trabajo remunerado.<\/p>\n<p>Recuperarse de una lesi\u00f3n catastr\u00f3fica es dif\u00edcil, y a veces imposible, y requiere cuidados de por vida y tratamientos costosos. Como resultado, la persona lesionada sufre dolor prolongado o permanente, o incluso la p\u00e9rdida de la funci\u00f3n o el uso de una extremidad u \u00f3rgano.<\/p>\n<p>De acuerdo a <a href=\"https:\/\/codes.findlaw.com\/ca\/labor-code\/lab-sect-4660-1\/\" target=\"_blank\" rel=\"noopener\">Secci\u00f3n 4660.1 del C\u00f3digo Laboral de California<\/a>Una lesi\u00f3n catastr\u00f3fica tambi\u00e9n puede incluir la p\u00e9rdida permanente de la visi\u00f3n o la audici\u00f3n.<\/p>\n<p>Los siguientes son los tipos comunes de lesiones catastr\u00f3ficas y sus efectos:<\/p>\n<ul>\n<li><strong>Lesi\u00f3n cerebral traum\u00e1tica (LCT):<\/strong> Una lesi\u00f3n cerebral grave puede afectar significativamente la funci\u00f3n cognitiva, la p\u00e9rdida de memoria, cambios en la personalidad o el comportamiento, dificultades con el lenguaje y el habla, p\u00e9rdida de habilidades motoras e incluso la muerte.<\/li>\n<li><strong>Amputaci\u00f3n:<\/strong> Los accidentes catastr\u00f3ficos pueden provocar la p\u00e9rdida de una extremidad, ya sea en el lugar del accidente o posteriormente debido a da\u00f1os en los tejidos. La v\u00edctima tambi\u00e9n puede sufrir dolor e infecciones graves, lo que requiere una recuperaci\u00f3n y rehabilitaci\u00f3n a largo plazo.<\/li>\n<li><strong>Quemaduras:<\/strong> Las quemaduras de segundo y tercer grado suelen ser graves y pueden causar da\u00f1os importantes en los tejidos y los nervios, dejando a las v\u00edctimas con dolor permanente y desfiguraci\u00f3n.<\/li>\n<li><strong>Lesiones internas:<\/strong> Las lesiones en \u00f3rganos como el ri\u00f1\u00f3n, el bazo, el est\u00f3mago, el h\u00edgado o los intestinos pueden causar lesiones internas, que a menudo requieren m\u00faltiples cirug\u00edas para su reparaci\u00f3n. En ocasiones, una lesi\u00f3n interna puede no ser evidente de inmediato y la v\u00edctima puede descubrirla semanas o meses despu\u00e9s del accidente. Esto complica ligeramente el caso, por lo que es fundamental colaborar con un abogado especializado en accidentes catastr\u00f3ficos.<\/li>\n<li><strong>Lesi\u00f3n de la m\u00e9dula espinal (LME):<\/strong> Una lesi\u00f3n en la columna vertebral puede causar una par\u00e1lisis parcial o total de la que la v\u00edctima puede no recuperarse nunca o dejarla dependiente de m\u00e1quinas para respirar.<\/li>\n<\/ul>\n<p>Adem\u00e1s, una lesi\u00f3n en los o\u00eddos, los ojos o el cerebro puede provocar la p\u00e9rdida de uno de estos sentidos, lo que dificulta la vida de la v\u00edctima. El abuso sexual tambi\u00e9n se clasifica como una lesi\u00f3n catastr\u00f3fica porque causa a la v\u00edctima dolor y sufrimiento emocional a largo plazo.<\/p>\n<p>Contamos con un equipo profesional de abogados de lesiones personales con experiencia en reclamos por lesiones catastr\u00f3ficas como estos.<\/p>\n<h2>Causas m\u00e1s comunes de lesiones catastr\u00f3ficas<\/h2>\n<p>Las personas sufren lesiones catastr\u00f3ficas en una variedad de accidentes, entre ellos:<\/p>\n<h3>Accidentes automovil\u00edsticos<\/h3>\n<p>En 2021, se registraron 11,951 accidentes automovil\u00edsticos en el Condado de Orange, con un total de 11,414 v\u00edctimas. La mayor\u00eda de estos accidentes son causados por conductores ebrios, conductores distra\u00eddos, piezas defectuosas o veh\u00edculos retirados del mercado.<\/p>\n<h3>Accidentes de peatones<\/h3>\n<p>Los conductores deben ser conscientes y tener cuidado con los peatones, incluidas las personas que caminan, viajan en algo que no sea un veh\u00edculo (patineta o patines) o en silla de ruedas.<\/p>\n<p>En el Estado Dorado, <a href=\"\/es\/california-pedestrian-right-of-way-laws\/\">los peatones tienen el derecho de paso<\/a> en la mayor\u00eda de las circunstancias, especialmente en los cruces peatonales o aceras.<\/p>\n<h3>Accidentes de camiones<\/h3>\n<p>Miles de camiones circulan por las carreteras del Condado de Orange cada a\u00f1o. Debido a su peso bruto y velocidad, los accidentes que causan suelen ser catastr\u00f3ficos. Santiago Canyon Road, Laguna Canyon Road y la Carretera Ortega (Ruta Estatal 74) se encuentran entre las carreteras m\u00e1s peligrosas, conocidas por sus graves accidentes de camiones.<\/p>\n<h3>Accidentes de motocicleta<\/h3>\n<p>Los accidentes de motocicleta son comunes en Santa Ana y se encuentran entre las colisiones de tr\u00e1fico m\u00e1s catastr\u00f3ficas, con lesiones graves o incluso la muerte. Estos accidentes se deben principalmente a la p\u00e9rdida de control del veh\u00edculo por intoxicaci\u00f3n o negligencia.<\/p>\n<h3>Accidentes por resbalones y ca\u00eddas<\/h3>\n<p>Las escaleras desniveladas o los pisos mojados son ejemplos de condiciones peligrosas de la propiedad que pueden causar lesiones catastr\u00f3ficas por resbalones y ca\u00eddas. Puede presentar una demanda contra el propietario, especialmente si no coloc\u00f3 una se\u00f1al de advertencia visible para advertir a los visitantes sobre un peligro para la seguridad.<\/p>\n<h2>C\u00f3mo puede ayudar un abogado especializado en lesiones catastr\u00f3ficas en Santa Ana<\/h2>\n<p>Si ha estado involucrado en un accidente catastr\u00f3fico, es un desaf\u00edo lidiar con los tratamientos m\u00e9dicos, mantener sus costos de vida diarios y presentar un reclamo.<\/p>\n<p>En Attorney Jeff Injury Lawyers, nos encargamos del proceso legal en su nombre para que usted pueda concentrarse en su recuperaci\u00f3n. Nuestros abogados especializados en accidentes catastr\u00f3ficos cuentan con amplia experiencia y conocimiento en la ley de lesiones personales de California, y aprovecharemos esa experiencia y otros recursos a nuestra disposici\u00f3n para ayudarle a obtener la mejor indemnizaci\u00f3n posible.<\/p>\n<p>Recopilaremos las pruebas necesarias para demostrar la negligencia o culpa de la otra parte y recuperaremos los registros financieros (como facturas m\u00e9dicas y p\u00e9rdida de ingresos) para ayudarnos a calcular sus da\u00f1os econ\u00f3micos y no econ\u00f3micos. Al colaborar con nosotros, puede esperar que nuestros abogados se encarguen de las siguientes tareas cruciales:<\/p>\n<ul>\n<li>Eval\u00faa tus posibilidades de \u00e9xito<\/li>\n<li>Manejar las negociaciones con las compa\u00f1\u00edas de seguros involucradas<\/li>\n<li>Recopilar pruebas y determinar la responsabilidad del acusado<\/li>\n<li>Manejar presentaciones judiciales y cuestiones procesales, as\u00ed como gestionar la correspondencia del caso con el abogado defensor.<\/li>\n<li>Representarle en el juicio<\/li>\n<\/ul>\n<h2>Asociarse con el abogado Jeff Injury Lawyers despu\u00e9s de un accidente catastr\u00f3fico<\/h2>\n<p>Somos firmes defensores de las v\u00edctimas de lesiones que buscan apoyo legal en Santa Ana, California y sus alrededores. \u00bfResult\u00f3 herido en un accidente? <a href=\"\/es\/contact-us\/\">Ll\u00e1manos<\/a> Hoy a las <a href=\"\/es\/attorney\/jeff-fayngor\/\">Abogado Jeff Injury Lawyers<\/a> para programar una revisi\u00f3n gratuita de su caso con uno de nuestros abogados profesionales.<\/p>\n<h2>Preguntas frecuentes sobre reclamaciones por lesiones catastr\u00f3ficas<\/h2>\n<div class=\"home-accordion\"><\/p>\n<h3>\u00bfPuede una v\u00edctima de accidente recuperarse de una lesi\u00f3n catastr\u00f3fica?<\/h3><div>\n<p>En la mayor\u00eda de los casos, un accidente catastr\u00f3fico provoca da\u00f1os a largo plazo o permanentes. Recuperarse de una lesi\u00f3n tan grave suele ser dif\u00edcil o imposible, y la v\u00edctima puede requerir atenci\u00f3n m\u00e9dica extensa y prolongada de por vida.<\/p>\n<\/div><h3>\u00bfEn qu\u00e9 se diferencian los reclamos por lesiones catastr\u00f3ficas de otros reclamos por lesiones personales?<\/h3><div>\n<p>Se requieren testimonios econ\u00f3micos profesionales, m\u00e9dicos y forenses, para respaldar la reclamaci\u00f3n y ayudar a la v\u00edctima a planificar su futuro. Adem\u00e1s, dado que estos casos implican considerables necesidades de atenci\u00f3n econ\u00f3mica, la indemnizaci\u00f3n deber\u00eda ser mucho mayor.<\/p>\n<p><\/div><\/div><script type=\"application\/ld+json\">{\"@context\": \"https:\/\/schema.org\",\"@type\": \"FAQPage\",\"mainEntity\":[{\"@type\": \"Question\",\"name\": \"\nCan an accident victim recover from a catastrophic injury?\",\"acceptedAnswer\": {\"@type\": \"Answer\",\"text\": \"\nIn most cases, a catastrophic accident results in long-term or permanent damage. It&#8217;s usually difficult or impossible to recover from such a severe injury, and the victim may require extensive and prolonged medical care for the rest of their lives.\n\"}},{\"@type\": \"Question\",\"name\": \"How are catastrophic injury claims different from other personal injury claims?\",\"acceptedAnswer\": {\"@type\": \"Answer\",\"text\": \"\nProfessional medical and forensic economic testimonies are required to support the claim and help the victim plan for the future. Additionally, since these cases involve considerable monetary care needs, the settlement should be much greater.\n\"}}]}<\/script>","protected":false},"excerpt":{"rendered":"<p>Partner with a Santa Ana catastrophic injury lawyer to get legal counsel and support to negotiate a maximum settlement. Retaining &#8230;<\/p>","protected":false},"author":24,"featured_media":1343,"parent":0,"menu_order":0,"comment_status":"open","ping_status":"open","template":"","meta":{"inline_featured_image":false,"_monsterinsights_skip_tracking":false,"_monsterinsights_sitenote_active":false,"_monsterinsights_sitenote_note":"","_monsterinsights_sitenote_category":0,"footnotes":""},"class_list":["post-911","page","type-page","status-publish","has-post-thumbnail","hentry"],"acf":[],"yoast_head":"<!-- This site is optimized with the Yoast SEO plugin v27.4 - https:\/\/yoast.com\/product\/yoast-seo-wordpress\/ -->\n<title>Santa Ana Catastrophic Injury Lawyer | Attorney Jeff<\/title>\n<meta name=\"description\" content=\"If you or a loved one has experienced a life-changing injury, contact a skilled Santa Ana catastrophic injury lawyer to review your case.\" \/>\n<meta name=\"robots\" content=\"index, follow, max-snippet:-1, max-image-preview:large, max-video-preview:-1\" \/>\n<link rel=\"canonical\" href=\"https:\/\/attorneyjeff.com\/es\/santa-ana-catastrophic-injury-lawyer\/\" \/>\n<meta property=\"og:locale\" content=\"es_MX\" \/>\n<meta property=\"og:type\" content=\"article\" \/>\n<meta property=\"og:title\" content=\"Santa Ana Catastrophic Injury Lawyer | Attorney Jeff\" \/>\n<meta property=\"og:description\" content=\"If you or a loved one has experienced a life-changing injury, contact a skilled Santa Ana catastrophic injury lawyer to review your case.\" \/>\n<meta property=\"og:url\" content=\"https:\/\/attorneyjeff.com\/es\/santa-ana-catastrophic-injury-lawyer\/\" \/>\n<meta property=\"og:site_name\" content=\"Attorney Jeff\" \/>\n<meta property=\"article:modified_time\" content=\"2023-04-06T16:31:50+00:00\" \/>\n<meta property=\"og:image\" content=\"https:\/\/attorneyjeff.com\/wp-content\/uploads\/2023\/04\/Santa-Ana-Catastrophic-Injury-Lawyer-scaled.webp\" \/>\n\t<meta property=\"og:image:width\" content=\"2560\" \/>\n\t<meta property=\"og:image:height\" content=\"1709\" \/>\n\t<meta property=\"og:image:type\" content=\"image\/webp\" \/>\n<meta name=\"twitter:card\" content=\"summary_large_image\" \/>\n<script type=\"application\/ld+json\" class=\"yoast-schema-graph\">{\"@context\":\"https:\\\/\\\/schema.org\",\"@graph\":[{\"@type\":\"WebPage\",\"@id\":\"https:\\\/\\\/attorneyjeff.com\\\/santa-ana-catastrophic-injury-lawyer\\\/\",\"url\":\"https:\\\/\\\/attorneyjeff.com\\\/santa-ana-catastrophic-injury-lawyer\\\/\",\"name\":\"Santa Ana Catastrophic Injury Lawyer | Attorney Jeff\",\"isPartOf\":{\"@id\":\"https:\\\/\\\/attorneyjeff.com\\\/#website\"},\"primaryImageOfPage\":{\"@id\":\"https:\\\/\\\/attorneyjeff.com\\\/santa-ana-catastrophic-injury-lawyer\\\/#primaryimage\"},\"image\":{\"@id\":\"https:\\\/\\\/attorneyjeff.com\\\/santa-ana-catastrophic-injury-lawyer\\\/#primaryimage\"},\"thumbnailUrl\":\"https:\\\/\\\/attorneyjeff.com\\\/wp-content\\\/uploads\\\/2023\\\/04\\\/Santa-Ana-Catastrophic-Injury-Lawyer-scaled.webp\",\"datePublished\":\"2023-03-22T19:05:23+00:00\",\"dateModified\":\"2023-04-06T16:31:50+00:00\",\"description\":\"If you or a loved one has experienced a life-changing injury, contact a skilled Santa Ana catastrophic injury lawyer to review your case.\",\"breadcrumb\":{\"@id\":\"https:\\\/\\\/attorneyjeff.com\\\/santa-ana-catastrophic-injury-lawyer\\\/#breadcrumb\"},\"inLanguage\":\"es\",\"potentialAction\":[{\"@type\":\"ReadAction\",\"target\":[\"https:\\\/\\\/attorneyjeff.com\\\/santa-ana-catastrophic-injury-lawyer\\\/\"]}]},{\"@type\":\"ImageObject\",\"inLanguage\":\"es\",\"@id\":\"https:\\\/\\\/attorneyjeff.com\\\/santa-ana-catastrophic-injury-lawyer\\\/#primaryimage\",\"url\":\"https:\\\/\\\/attorneyjeff.com\\\/wp-content\\\/uploads\\\/2023\\\/04\\\/Santa-Ana-Catastrophic-Injury-Lawyer-scaled.webp\",\"contentUrl\":\"https:\\\/\\\/attorneyjeff.com\\\/wp-content\\\/uploads\\\/2023\\\/04\\\/Santa-Ana-Catastrophic-Injury-Lawyer-scaled.webp\",\"width\":2560,\"height\":1709,\"caption\":\"Santa Ana Catastrophic Injury Lawyer\"},{\"@type\":\"BreadcrumbList\",\"@id\":\"https:\\\/\\\/attorneyjeff.com\\\/santa-ana-catastrophic-injury-lawyer\\\/#breadcrumb\",\"itemListElement\":[{\"@type\":\"ListItem\",\"position\":1,\"name\":\"Home\",\"item\":\"https:\\\/\\\/attorneyjeff.com\\\/\"},{\"@type\":\"ListItem\",\"position\":2,\"name\":\"Santa Ana Catastrophic Injury Lawyer\"}]},{\"@type\":\"WebSite\",\"@id\":\"https:\\\/\\\/attorneyjeff.com\\\/#website\",\"url\":\"https:\\\/\\\/attorneyjeff.com\\\/\",\"name\":\"Attorney Jeff\",\"description\":\"Car Accident Lawyer\",\"potentialAction\":[{\"@type\":\"SearchAction\",\"target\":{\"@type\":\"EntryPoint\",\"urlTemplate\":\"https:\\\/\\\/attorneyjeff.com\\\/?s={search_term_string}\"},\"query-input\":{\"@type\":\"PropertyValueSpecification\",\"valueRequired\":true,\"valueName\":\"search_term_string\"}}],\"inLanguage\":\"es\"}]}<\/script>\n<!-- \/ Yoast SEO plugin. -->","yoast_head_json":{"title":"Santa Ana Catastrophic Injury Lawyer | Attorney Jeff","description":"If you or a loved one has experienced a life-changing injury, contact a skilled Santa Ana catastrophic injury lawyer to review your case.","robots":{"index":"index","follow":"follow","max-snippet":"max-snippet:-1","max-image-preview":"max-image-preview:large","max-video-preview":"max-video-preview:-1"},"canonical":"https:\/\/attorneyjeff.com\/es\/santa-ana-catastrophic-injury-lawyer\/","og_locale":"es_MX","og_type":"article","og_title":"Santa Ana Catastrophic Injury Lawyer | Attorney Jeff","og_description":"If you or a loved one has experienced a life-changing injury, contact a skilled Santa Ana catastrophic injury lawyer to review your case.","og_url":"https:\/\/attorneyjeff.com\/es\/santa-ana-catastrophic-injury-lawyer\/","og_site_name":"Attorney Jeff","article_modified_time":"2023-04-06T16:31:50+00:00","og_image":[{"width":2560,"height":1709,"url":"https:\/\/attorneyjeff.com\/wp-content\/uploads\/2023\/04\/Santa-Ana-Catastrophic-Injury-Lawyer-scaled.webp","type":"image\/webp"}],"twitter_card":"summary_large_image","schema":{"@context":"https:\/\/schema.org","@graph":[{"@type":"WebPage","@id":"https:\/\/attorneyjeff.com\/santa-ana-catastrophic-injury-lawyer\/","url":"https:\/\/attorneyjeff.com\/santa-ana-catastrophic-injury-lawyer\/","name":"Santa Ana Catastrophic Injury Lawyer | Attorney Jeff","isPartOf":{"@id":"https:\/\/attorneyjeff.com\/#website"},"primaryImageOfPage":{"@id":"https:\/\/attorneyjeff.com\/santa-ana-catastrophic-injury-lawyer\/#primaryimage"},"image":{"@id":"https:\/\/attorneyjeff.com\/santa-ana-catastrophic-injury-lawyer\/#primaryimage"},"thumbnailUrl":"https:\/\/attorneyjeff.com\/wp-content\/uploads\/2023\/04\/Santa-Ana-Catastrophic-Injury-Lawyer-scaled.webp","datePublished":"2023-03-22T19:05:23+00:00","dateModified":"2023-04-06T16:31:50+00:00","description":"If you or a loved one has experienced a life-changing injury, contact a skilled Santa Ana catastrophic injury lawyer to review your case.","breadcrumb":{"@id":"https:\/\/attorneyjeff.com\/santa-ana-catastrophic-injury-lawyer\/#breadcrumb"},"inLanguage":"es","potentialAction":[{"@type":"ReadAction","target":["https:\/\/attorneyjeff.com\/santa-ana-catastrophic-injury-lawyer\/"]}]},{"@type":"ImageObject","inLanguage":"es","@id":"https:\/\/attorneyjeff.com\/santa-ana-catastrophic-injury-lawyer\/#primaryimage","url":"https:\/\/attorneyjeff.com\/wp-content\/uploads\/2023\/04\/Santa-Ana-Catastrophic-Injury-Lawyer-scaled.webp","contentUrl":"https:\/\/attorneyjeff.com\/wp-content\/uploads\/2023\/04\/Santa-Ana-Catastrophic-Injury-Lawyer-scaled.webp","width":2560,"height":1709,"caption":"Santa Ana Catastrophic Injury Lawyer"},{"@type":"BreadcrumbList","@id":"https:\/\/attorneyjeff.com\/santa-ana-catastrophic-injury-lawyer\/#breadcrumb","itemListElement":[{"@type":"ListItem","position":1,"name":"Home","item":"https:\/\/attorneyjeff.com\/"},{"@type":"ListItem","position":2,"name":"Santa Ana Catastrophic Injury Lawyer"}]},{"@type":"WebSite","@id":"https:\/\/attorneyjeff.com\/#website","url":"https:\/\/attorneyjeff.com\/","name":"El abogado Jeff","description":"Abogado de accidentes de coche","potentialAction":[{"@type":"SearchAction","target":{"@type":"EntryPoint","urlTemplate":"https:\/\/attorneyjeff.com\/?s={search_term_string}"},"query-input":{"@type":"PropertyValueSpecification","valueRequired":true,"valueName":"search_term_string"}}],"inLanguage":"es"}]}},"_links":{"self":[{"href":"https:\/\/attorneyjeff.com\/es\/wp-json\/wp\/v2\/pages\/911","targetHints":{"allow":["GET"]}}],"collection":[{"href":"https:\/\/attorneyjeff.com\/es\/wp-json\/wp\/v2\/pages"}],"about":[{"href":"https:\/\/attorneyjeff.com\/es\/wp-json\/wp\/v2\/types\/page"}],"author":[{"embeddable":true,"href":"https:\/\/attorneyjeff.com\/es\/wp-json\/wp\/v2\/users\/24"}],"replies":[{"embeddable":true,"href":"https:\/\/attorneyjeff.com\/es\/wp-json\/wp\/v2\/comments?post=911"}],"version-history":[{"count":0,"href":"https:\/\/attorneyjeff.com\/es\/wp-json\/wp\/v2\/pages\/911\/revisions"}],"wp:featuredmedia":[{"embeddable":true,"href":"https:\/\/attorneyjeff.com\/es\/wp-json\/wp\/v2\/media\/1343"}],"wp:attachment":[{"href":"https:\/\/attorneyjeff.com\/es\/wp-json\/wp\/v2\/media?parent=911"}],"curies":[{"name":"wp","href":"https:\/\/api.w.org\/{rel}","templated":true}]}}