{"id":912,"date":"2023-03-22T15:32:46","date_gmt":"2023-03-22T19:32:46","guid":{"rendered":"http:\/\/attorney-jeff-injury-lawyers.lo\/santa-ana-catastrophic-injury-lawyer\/traumatic-brain-injury\/"},"modified":"2023-04-06T12:34:50","modified_gmt":"2023-04-06T16:34:50","slug":"traumatic-brain-injury","status":"publish","type":"page","link":"https:\/\/attorneyjeff.com\/es\/santa-ana-catastrophic-injury-lawyer\/traumatic-brain-injury\/","title":{"rendered":"Abogado de lesiones cerebrales traum\u00e1ticas en Santa Ana"},"content":{"rendered":"<p>Los reclamos por lesiones cerebrales plantean cuestiones m\u00e9dicas y legales complejas, por lo que es importante buscar asistencia profesional de un <a href=\"\/es\/santa-ana-catastrophic-injury-lawyer\/\">Abogado de lesiones catastr\u00f3ficas en Santa Ana<\/a> en lugar de hacerlo solo.<\/p>\n<p>Comun\u00edquese con el abogado Jeff Injury Lawyers en Santa Ana para obtener ayuda para presentar una demanda por lesi\u00f3n cerebral traum\u00e1tica y para obtener m\u00e1s informaci\u00f3n sobre c\u00f3mo podemos ayudarlo.<\/p>\n<h2>\u00bfQu\u00e9 constituye una lesi\u00f3n cerebral traum\u00e1tica?<\/h2>\n<p>Seg\u00fan los Centros para el Control y la Prevenci\u00f3n de Enfermedades (CDC), 1.5 millones de personas en Estados Unidos sufren lesiones cerebrales. Los accidentes automovil\u00edsticos son la causa de la mayor\u00eda de los TCE que requieren hospitalizaci\u00f3n. Los TCE tambi\u00e9n son consecuencia de resbalones y ca\u00eddas catastr\u00f3ficas, lesiones laborales y, en algunos casos, agresiones directas.<\/p>\n<p>Los traumatismos craneoencef\u00e1licos tienen consecuencias a corto y largo plazo en la v\u00edctima, su familia y sus finanzas.<\/p>\n<h2>S\u00edntomas de una lesi\u00f3n cerebral traum\u00e1tica<\/h2>\n<p>Las lesiones cerebrales traum\u00e1ticas se clasifican en leves, moderadas o graves.<\/p>\n<ul>\n<li>Un traumatismo craneoencef\u00e1lico leve no suele provocar p\u00e9rdida del conocimiento. Sin embargo, pueden presentarse s\u00edntomas como v\u00f3mitos o n\u00e1useas, problemas de visi\u00f3n, dolor de cabeza, mareos, sensibilidad a la luz o al sonido, etc.<\/li>\n<li>Un traumatismo craneoencef\u00e1lico moderado puede provocar p\u00e9rdida de consciencia hasta por 24 horas, acompa\u00f1ada de amnesia durante varios d\u00edas. N\u00e1useas, convulsiones, entumecimiento o debilidad en las extremidades, p\u00e9rdida de coordinaci\u00f3n y dificultad para hablar son ejemplos de s\u00edntomas t\u00edpicos.<\/li>\n<li>Los s\u00edntomas de un TCE grave pueden ser similares a los de un TCE moderado o leve. Sin embargo, los signos cl\u00ednicos pueden empeorar gradualmente, requiriendo atenci\u00f3n m\u00e9dica inmediata.<\/li>\n<\/ul>\n<p>Un TCE puede causar discapacidades f\u00edsicas, cognitivas y emocionales permanentes seg\u00fan la intensidad de la lesi\u00f3n. Buscar atenci\u00f3n m\u00e9dica inmediatamente despu\u00e9s de un accidente puede ayudar a minimizar la probabilidad de sufrir da\u00f1o cerebral permanente.<\/p>\n<p>Los m\u00e9dicos pueden utilizar diversas pruebas para determinar la gravedad de una lesi\u00f3n cerebral, adem\u00e1s de la puntuaci\u00f3n de la Escala de Coma de Glasgow (ECG). El m\u00e9dico puede solicitar una tomograf\u00eda computarizada o una resonancia magn\u00e9tica para determinar si el cerebro presenta sangrado o hematomas. Tambi\u00e9n se pueden realizar diversas pruebas de evaluaci\u00f3n cognitiva y neurocognitiva.<\/p>\n<p>Los medicamentos para tratar los s\u00edntomas del TCE suelen incluirse en el tratamiento de TCE leves a graves. Algunos pacientes requieren terapias de rehabilitaci\u00f3n, como apoyo f\u00edsico, del habla, cognitivo y psicol\u00f3gico.<\/p>\n<p>Otros pueden necesitar cirug\u00eda cerebral para eliminar hematomas y tejido cerebral da\u00f1ado, reparar fracturas de cr\u00e1neo o aliviar la presi\u00f3n del cr\u00e1neo causada por hinchaz\u00f3n o sangrado.<\/p>\n<h2>\u00bfCu\u00e1nto vale una lesi\u00f3n cerebral traum\u00e1tica en California?<\/h2>\n<p>Los dos tipos de da\u00f1os compensatorios otorgados en la mayor\u00eda de los casos de lesiones cerebrales son econ\u00f3micos y no econ\u00f3micos.<\/p>\n<ul>\n<li>Los da\u00f1os econ\u00f3micos incluyen todas las p\u00e9rdidas que puedan cuantificarse como gastos m\u00e9dicos y\/o da\u00f1os a la propiedad.<\/li>\n<li>Las p\u00e9rdidas no econ\u00f3micas comprenden da\u00f1os que son m\u00e1s dif\u00edciles de cuantificar, como el dolor y el sufrimiento, la p\u00e9rdida del disfrute de la vida y la p\u00e9rdida del consorcio.<\/li>\n<\/ul>\n<p>En California, hay dos maneras de obtener una indemnizaci\u00f3n por una lesi\u00f3n cerebral en un caso de lesiones personales: mediante un veredicto del jurado o un acuerdo extrajudicial. Si bien los veredictos del jurado se hacen p\u00fablicos, los acuerdos extrajudiciales se mantienen en privado. Por lo tanto, determinar la indemnizaci\u00f3n promedio por una lesi\u00f3n cerebral traum\u00e1tica, ya sea grave o leve, es pr\u00e1cticamente imposible.<\/p>\n<p>Por otro lado, un acuerdo se produce cuando ambas partes acuerdan resolver el caso extrajudicialmente. El caso puede llevarse a juicio si ambas partes no llegan a un acuerdo mutuo. Si el jurado falla a su favor, puede emitir un veredicto que obligue a la parte culpable a pagar da\u00f1os y perjuicios.<\/p>\n<p>Cada caso de lesi\u00f3n cerebral es \u00fanico, y el valor de una reclamaci\u00f3n por traumatismo cerebral var\u00eda considerablemente, lo que impide emitir un fallo preciso del jurado. Diversos factores influyen en la indemnizaci\u00f3n total, como:<\/p>\n<ul>\n<li>La gravedad de su lesi\u00f3n cerebral traum\u00e1tica<\/li>\n<li>El valor de sus da\u00f1os no econ\u00f3micos<\/li>\n<li>La capacidad financiera de la parte culpable<\/li>\n<li>Si se le conceder\u00e1n o no da\u00f1os punitivos y m\u00e1s.<\/li>\n<\/ul>\n<p>Si usted o un ser querido sufri\u00f3 una lesi\u00f3n cerebral traum\u00e1tica debido a la negligencia de otra persona, podr\u00eda beneficiarse de la experiencia de un abogado especializado en lesiones cerebrales traum\u00e1ticas en Santa Ana. Un abogado especializado en lesiones cerebrales traum\u00e1ticas puede consultar con expertos m\u00e9dicos para construir un caso s\u00f3lido de responsabilidad personal. Esto podr\u00eda permitirle obtener la indemnizaci\u00f3n m\u00e1s justa a la que tiene derecho.<\/p>\n<h2>Comun\u00edquese con un abogado especializado en lesiones cerebrales traum\u00e1ticas de Santa Ana en Attorney Jeff Injury Lawyers<\/h2>\n<p>Debido a la amplia variaci\u00f3n de los veredictos del jurado, cada demanda por lesi\u00f3n cerebral debe evaluarse de forma independiente. Incluso si su caso no llega a juicio, que un perito m\u00e9dico eval\u00fae los hechos de su demanda puede aumentar el valor de su indemnizaci\u00f3n. Un abogado especializado en lesiones cerebrales traum\u00e1ticas puede ayudarle a calcular una amplia gama de da\u00f1os bas\u00e1ndose en los hechos de su caso.<\/p>\n<p>Nuestro equipo en <a href=\"\/es\/attorney\/jeff-fayngor\/\">Abogado Jeff Injury Lawyers<\/a> Le ayudar\u00e1 a recopilar evidencia en video, declaraciones de testigos o informes policiales que vinculen su lesi\u00f3n cerebral con las acciones del acusado.<\/p>\n<p><a href=\"\/es\/contact-us\/\">Cont\u00e1ctanos<\/a>\u00a0para una consulta gratuita y asesoramiento sobre la mejor manera de seguir adelante.<\/p>\n<h2>Preguntas frecuentes sobre casos de lesiones cerebrales<\/h2>\n<div class=\"home-accordion\"><\/p>\n<h3>\u00bfSoy elegible para presentar una demanda por lesi\u00f3n cerebral?<\/h3><div>\n<p>Si es posible que haya resultado lesionado debido al comportamiento imprudente o negligente de otra persona, podr\u00eda presentar una demanda por lesiones personales con la ayuda de un abogado.<\/p>\n<\/div><h3>\u00bfCu\u00e1nto tiempo tengo para demandar a la parte culpable que caus\u00f3 mi lesi\u00f3n cerebral?<\/h3><div>\n<p>En California, el plazo de prescripci\u00f3n para presentar una demanda por lesiones personales es de dos a\u00f1os. No presentar una reclamaci\u00f3n dentro de dos a\u00f1os podr\u00eda impedirle obtener una indemnizaci\u00f3n por los da\u00f1os sufridos.<\/p>\n<\/div><h3>\u00bfSe puede \u201csuspender\u201d el plazo de prescripci\u00f3n en un caso de lesi\u00f3n cerebral?<\/h3><div>\n<p>Se aplican algunas excepciones. Contacte a un abogado especializado en traumatismo craneoencef\u00e1lico para determinar si a\u00fan puede presentar una demanda por da\u00f1os y perjuicios.<\/p>\n<p><\/div><\/div><script type=\"application\/ld+json\">{\"@context\": \"https:\/\/schema.org\",\"@type\": \"FAQPage\",\"mainEntity\":[{\"@type\": \"Question\",\"name\": \"\nAm I eligible to file a brain injury lawsuit?\",\"acceptedAnswer\": {\"@type\": \"Answer\",\"text\": \"\nIf it&#8217;s possible that you were injured due to someone else&#8217;s reckless or negligent behavior, you could file a personal injury lawsuit with the help of a lawyer.\n\"}},{\"@type\": \"Question\",\"name\": \"How much time do I have to sue the at-fault party that caused my brain injury?\",\"acceptedAnswer\": {\"@type\": \"Answer\",\"text\": \"\nCalifornia&#8217;s statute of limitations to file a personal injury case is two years. Failure to file a claim within two years may deter you from recovering compensation for your damages.\n\"}},{\"@type\": \"Question\",\"name\": \"Can the statute of limitations be &#8220;suspended&#8221; in a brain injury case?\",\"acceptedAnswer\": {\"@type\": \"Answer\",\"text\": \"\nSome exceptions apply. Contact a TBI lawyer to determine whether you can still file and pursue a lawsuit for your damages.\n\"}}]}<\/script>","protected":false},"excerpt":{"rendered":"<p>Brain injury claims raise complex medical and legal issues, making it important to seek professional assistance from a Santa Ana &#8230;<\/p>","protected":false},"author":24,"featured_media":1345,"parent":911,"menu_order":0,"comment_status":"open","ping_status":"open","template":"","meta":{"inline_featured_image":false,"_monsterinsights_skip_tracking":false,"_monsterinsights_sitenote_active":false,"_monsterinsights_sitenote_note":"","_monsterinsights_sitenote_category":0,"footnotes":""},"class_list":["post-912","page","type-page","status-publish","has-post-thumbnail","hentry"],"acf":[],"yoast_head":"<!-- This site is optimized with the Yoast SEO plugin v27.4 - https:\/\/yoast.com\/product\/yoast-seo-wordpress\/ -->\n<title>Santa Ana Traumatic Brain Injury Lawyer | Attorney Jeff<\/title>\n<meta name=\"description\" content=\"If you have suffered a brain injury due to someone else&#039;s negligence, call our Santa Ana traumatic brain injury lawyer to seek compensation.\" \/>\n<meta name=\"robots\" content=\"index, follow, max-snippet:-1, max-image-preview:large, max-video-preview:-1\" \/>\n<link rel=\"canonical\" href=\"https:\/\/attorneyjeff.com\/es\/santa-ana-catastrophic-injury-lawyer\/traumatic-brain-injury\/\" \/>\n<meta property=\"og:locale\" content=\"es_MX\" \/>\n<meta property=\"og:type\" content=\"article\" \/>\n<meta property=\"og:title\" content=\"Santa Ana Traumatic Brain Injury Lawyer | Attorney Jeff\" \/>\n<meta property=\"og:description\" content=\"If you have suffered a brain injury due to someone else&#039;s negligence, call our Santa Ana traumatic brain injury lawyer to seek compensation.\" \/>\n<meta property=\"og:url\" content=\"https:\/\/attorneyjeff.com\/es\/santa-ana-catastrophic-injury-lawyer\/traumatic-brain-injury\/\" \/>\n<meta property=\"og:site_name\" content=\"Attorney Jeff\" \/>\n<meta property=\"article:modified_time\" content=\"2023-04-06T16:34:50+00:00\" \/>\n<meta property=\"og:image\" content=\"https:\/\/attorneyjeff.com\/wp-content\/uploads\/2023\/04\/Santa-Ana-Traumatic-Brain-Injury-Lawyer-scaled.webp\" \/>\n\t<meta property=\"og:image:width\" content=\"2560\" \/>\n\t<meta property=\"og:image:height\" content=\"1707\" \/>\n\t<meta property=\"og:image:type\" content=\"image\/webp\" \/>\n<meta name=\"twitter:card\" content=\"summary_large_image\" \/>\n<script type=\"application\/ld+json\" class=\"yoast-schema-graph\">{\"@context\":\"https:\\\/\\\/schema.org\",\"@graph\":[{\"@type\":\"WebPage\",\"@id\":\"https:\\\/\\\/attorneyjeff.com\\\/santa-ana-catastrophic-injury-lawyer\\\/traumatic-brain-injury\\\/\",\"url\":\"https:\\\/\\\/attorneyjeff.com\\\/santa-ana-catastrophic-injury-lawyer\\\/traumatic-brain-injury\\\/\",\"name\":\"Santa Ana Traumatic Brain Injury Lawyer | Attorney Jeff\",\"isPartOf\":{\"@id\":\"https:\\\/\\\/attorneyjeff.com\\\/#website\"},\"primaryImageOfPage\":{\"@id\":\"https:\\\/\\\/attorneyjeff.com\\\/santa-ana-catastrophic-injury-lawyer\\\/traumatic-brain-injury\\\/#primaryimage\"},\"image\":{\"@id\":\"https:\\\/\\\/attorneyjeff.com\\\/santa-ana-catastrophic-injury-lawyer\\\/traumatic-brain-injury\\\/#primaryimage\"},\"thumbnailUrl\":\"https:\\\/\\\/attorneyjeff.com\\\/wp-content\\\/uploads\\\/2023\\\/04\\\/Santa-Ana-Traumatic-Brain-Injury-Lawyer-scaled.webp\",\"datePublished\":\"2023-03-22T19:32:46+00:00\",\"dateModified\":\"2023-04-06T16:34:50+00:00\",\"description\":\"If you have suffered a brain injury due to someone else's negligence, call our Santa Ana traumatic brain injury lawyer to seek compensation.\",\"breadcrumb\":{\"@id\":\"https:\\\/\\\/attorneyjeff.com\\\/santa-ana-catastrophic-injury-lawyer\\\/traumatic-brain-injury\\\/#breadcrumb\"},\"inLanguage\":\"es\",\"potentialAction\":[{\"@type\":\"ReadAction\",\"target\":[\"https:\\\/\\\/attorneyjeff.com\\\/santa-ana-catastrophic-injury-lawyer\\\/traumatic-brain-injury\\\/\"]}]},{\"@type\":\"ImageObject\",\"inLanguage\":\"es\",\"@id\":\"https:\\\/\\\/attorneyjeff.com\\\/santa-ana-catastrophic-injury-lawyer\\\/traumatic-brain-injury\\\/#primaryimage\",\"url\":\"https:\\\/\\\/attorneyjeff.com\\\/wp-content\\\/uploads\\\/2023\\\/04\\\/Santa-Ana-Traumatic-Brain-Injury-Lawyer-scaled.webp\",\"contentUrl\":\"https:\\\/\\\/attorneyjeff.com\\\/wp-content\\\/uploads\\\/2023\\\/04\\\/Santa-Ana-Traumatic-Brain-Injury-Lawyer-scaled.webp\",\"width\":2560,\"height\":1707,\"caption\":\"Santa Ana Traumatic Brain Injury Lawyer\"},{\"@type\":\"BreadcrumbList\",\"@id\":\"https:\\\/\\\/attorneyjeff.com\\\/santa-ana-catastrophic-injury-lawyer\\\/traumatic-brain-injury\\\/#breadcrumb\",\"itemListElement\":[{\"@type\":\"ListItem\",\"position\":1,\"name\":\"Home\",\"item\":\"https:\\\/\\\/attorneyjeff.com\\\/\"},{\"@type\":\"ListItem\",\"position\":2,\"name\":\"Santa Ana Catastrophic Injury Lawyer\",\"item\":\"https:\\\/\\\/attorneyjeff.com\\\/santa-ana-catastrophic-injury-lawyer\\\/\"},{\"@type\":\"ListItem\",\"position\":3,\"name\":\"Santa Ana Traumatic Brain Injury Lawyer\"}]},{\"@type\":\"WebSite\",\"@id\":\"https:\\\/\\\/attorneyjeff.com\\\/#website\",\"url\":\"https:\\\/\\\/attorneyjeff.com\\\/\",\"name\":\"Attorney Jeff\",\"description\":\"Car Accident Lawyer\",\"potentialAction\":[{\"@type\":\"SearchAction\",\"target\":{\"@type\":\"EntryPoint\",\"urlTemplate\":\"https:\\\/\\\/attorneyjeff.com\\\/?s={search_term_string}\"},\"query-input\":{\"@type\":\"PropertyValueSpecification\",\"valueRequired\":true,\"valueName\":\"search_term_string\"}}],\"inLanguage\":\"es\"}]}<\/script>\n<!-- \/ Yoast SEO plugin. -->","yoast_head_json":{"title":"Santa Ana Traumatic Brain Injury Lawyer | Attorney Jeff","description":"If you have suffered a brain injury due to someone else's negligence, call our Santa Ana traumatic brain injury lawyer to seek compensation.","robots":{"index":"index","follow":"follow","max-snippet":"max-snippet:-1","max-image-preview":"max-image-preview:large","max-video-preview":"max-video-preview:-1"},"canonical":"https:\/\/attorneyjeff.com\/es\/santa-ana-catastrophic-injury-lawyer\/traumatic-brain-injury\/","og_locale":"es_MX","og_type":"article","og_title":"Santa Ana Traumatic Brain Injury Lawyer | Attorney Jeff","og_description":"If you have suffered a brain injury due to someone else's negligence, call our Santa Ana traumatic brain injury lawyer to seek compensation.","og_url":"https:\/\/attorneyjeff.com\/es\/santa-ana-catastrophic-injury-lawyer\/traumatic-brain-injury\/","og_site_name":"Attorney Jeff","article_modified_time":"2023-04-06T16:34:50+00:00","og_image":[{"width":2560,"height":1707,"url":"https:\/\/attorneyjeff.com\/wp-content\/uploads\/2023\/04\/Santa-Ana-Traumatic-Brain-Injury-Lawyer-scaled.webp","type":"image\/webp"}],"twitter_card":"summary_large_image","schema":{"@context":"https:\/\/schema.org","@graph":[{"@type":"WebPage","@id":"https:\/\/attorneyjeff.com\/santa-ana-catastrophic-injury-lawyer\/traumatic-brain-injury\/","url":"https:\/\/attorneyjeff.com\/santa-ana-catastrophic-injury-lawyer\/traumatic-brain-injury\/","name":"Santa Ana Traumatic Brain Injury Lawyer | Attorney Jeff","isPartOf":{"@id":"https:\/\/attorneyjeff.com\/#website"},"primaryImageOfPage":{"@id":"https:\/\/attorneyjeff.com\/santa-ana-catastrophic-injury-lawyer\/traumatic-brain-injury\/#primaryimage"},"image":{"@id":"https:\/\/attorneyjeff.com\/santa-ana-catastrophic-injury-lawyer\/traumatic-brain-injury\/#primaryimage"},"thumbnailUrl":"https:\/\/attorneyjeff.com\/wp-content\/uploads\/2023\/04\/Santa-Ana-Traumatic-Brain-Injury-Lawyer-scaled.webp","datePublished":"2023-03-22T19:32:46+00:00","dateModified":"2023-04-06T16:34:50+00:00","description":"If you have suffered a brain injury due to someone else's negligence, call our Santa Ana traumatic brain injury lawyer to seek compensation.","breadcrumb":{"@id":"https:\/\/attorneyjeff.com\/santa-ana-catastrophic-injury-lawyer\/traumatic-brain-injury\/#breadcrumb"},"inLanguage":"es","potentialAction":[{"@type":"ReadAction","target":["https:\/\/attorneyjeff.com\/santa-ana-catastrophic-injury-lawyer\/traumatic-brain-injury\/"]}]},{"@type":"ImageObject","inLanguage":"es","@id":"https:\/\/attorneyjeff.com\/santa-ana-catastrophic-injury-lawyer\/traumatic-brain-injury\/#primaryimage","url":"https:\/\/attorneyjeff.com\/wp-content\/uploads\/2023\/04\/Santa-Ana-Traumatic-Brain-Injury-Lawyer-scaled.webp","contentUrl":"https:\/\/attorneyjeff.com\/wp-content\/uploads\/2023\/04\/Santa-Ana-Traumatic-Brain-Injury-Lawyer-scaled.webp","width":2560,"height":1707,"caption":"Santa Ana Traumatic Brain Injury Lawyer"},{"@type":"BreadcrumbList","@id":"https:\/\/attorneyjeff.com\/santa-ana-catastrophic-injury-lawyer\/traumatic-brain-injury\/#breadcrumb","itemListElement":[{"@type":"ListItem","position":1,"name":"Home","item":"https:\/\/attorneyjeff.com\/"},{"@type":"ListItem","position":2,"name":"Santa Ana Catastrophic Injury Lawyer","item":"https:\/\/attorneyjeff.com\/santa-ana-catastrophic-injury-lawyer\/"},{"@type":"ListItem","position":3,"name":"Santa Ana Traumatic Brain Injury Lawyer"}]},{"@type":"WebSite","@id":"https:\/\/attorneyjeff.com\/#website","url":"https:\/\/attorneyjeff.com\/","name":"El abogado Jeff","description":"Abogado de accidentes de coche","potentialAction":[{"@type":"SearchAction","target":{"@type":"EntryPoint","urlTemplate":"https:\/\/attorneyjeff.com\/?s={search_term_string}"},"query-input":{"@type":"PropertyValueSpecification","valueRequired":true,"valueName":"search_term_string"}}],"inLanguage":"es"}]}},"_links":{"self":[{"href":"https:\/\/attorneyjeff.com\/es\/wp-json\/wp\/v2\/pages\/912","targetHints":{"allow":["GET"]}}],"collection":[{"href":"https:\/\/attorneyjeff.com\/es\/wp-json\/wp\/v2\/pages"}],"about":[{"href":"https:\/\/attorneyjeff.com\/es\/wp-json\/wp\/v2\/types\/page"}],"author":[{"embeddable":true,"href":"https:\/\/attorneyjeff.com\/es\/wp-json\/wp\/v2\/users\/24"}],"replies":[{"embeddable":true,"href":"https:\/\/attorneyjeff.com\/es\/wp-json\/wp\/v2\/comments?post=912"}],"version-history":[{"count":0,"href":"https:\/\/attorneyjeff.com\/es\/wp-json\/wp\/v2\/pages\/912\/revisions"}],"up":[{"embeddable":true,"href":"https:\/\/attorneyjeff.com\/es\/wp-json\/wp\/v2\/pages\/911"}],"wp:featuredmedia":[{"embeddable":true,"href":"https:\/\/attorneyjeff.com\/es\/wp-json\/wp\/v2\/media\/1345"}],"wp:attachment":[{"href":"https:\/\/attorneyjeff.com\/es\/wp-json\/wp\/v2\/media?parent=912"}],"curies":[{"name":"wp","href":"https:\/\/api.w.org\/{rel}","templated":true}]}}